{"id":3,"date":"2020-07-23T07:33:50","date_gmt":"2020-07-23T07:33:50","guid":{"rendered":"http:\/\/fitt-shop.nl\/?page_id=3"},"modified":"2022-11-15T08:54:39","modified_gmt":"2022-11-15T07:54:39","slug":"datenschutzbestimmungen","status":"publish","type":"page","link":"https:\/\/fittwear.nl\/de\/privacybeleid\/","title":{"rendered":"Erkl\u00e4rung zum Datenschutz"},"content":{"rendered":"<div data-elementor-type=\"wp-page\" data-elementor-id=\"3\" class=\"elementor elementor-3\" data-elementor-post-type=\"page\">\n\t\t\t\t\t\t<section class=\"elementor-section elementor-top-section elementor-element elementor-element-fb451fa elementor-section-boxed elementor-section-height-default elementor-section-height-default\" data-id=\"fb451fa\" data-element_type=\"section\" data-e-type=\"section\">\n\t\t\t\t\t\t<div class=\"elementor-container elementor-column-gap-default\">\n\t\t\t\t\t<div class=\"elementor-column elementor-col-100 elementor-top-column elementor-element elementor-element-7257f42c\" data-id=\"7257f42c\" data-element_type=\"column\" data-e-type=\"column\">\n\t\t\t<div class=\"elementor-widget-wrap elementor-element-populated\">\n\t\t\t\t\t\t<section class=\"elementor-section elementor-inner-section elementor-element elementor-element-49618e4d elementor-section-boxed elementor-section-height-default elementor-section-height-default\" data-id=\"49618e4d\" data-element_type=\"section\" data-e-type=\"section\">\n\t\t\t\t\t\t<div class=\"elementor-container elementor-column-gap-default\">\n\t\t\t\t\t<div class=\"elementor-column elementor-col-100 elementor-inner-column elementor-element elementor-element-11e86996\" data-id=\"11e86996\" data-element_type=\"column\" data-e-type=\"column\">\n\t\t\t<div class=\"elementor-widget-wrap elementor-element-populated\">\n\t\t\t\t\t\t<div class=\"elementor-element elementor-element-74c325b2 elementor-widget elementor-widget-heading\" data-id=\"74c325b2\" data-element_type=\"widget\" data-e-type=\"widget\" data-widget_type=\"heading.default\">\n\t\t\t\t<div class=\"elementor-widget-container\">\n\t\t\t\t\t<h2 class=\"elementor-heading-title elementor-size-default\">Erkl\u00e4rung zum Datenschutz<\/h2>\t\t\t\t<\/div>\n\t\t\t\t<\/div>\n\t\t\t\t<div class=\"elementor-element elementor-element-7b4ac700 elementor-widget elementor-widget-spacer\" data-id=\"7b4ac700\" data-element_type=\"widget\" data-e-type=\"widget\" data-widget_type=\"spacer.default\">\n\t\t\t\t<div class=\"elementor-widget-container\">\n\t\t\t\t\t\t\t<div class=\"elementor-spacer\">\n\t\t\t<div class=\"elementor-spacer-inner\"><\/div>\n\t\t<\/div>\n\t\t\t\t\t\t<\/div>\n\t\t\t\t<\/div>\n\t\t\t\t<div class=\"elementor-element elementor-element-4c4a4efd elementor-widget elementor-widget-text-editor\" data-id=\"4c4a4efd\" data-element_type=\"widget\" data-e-type=\"widget\" data-widget_type=\"text-editor.default\">\n\t\t\t\t<div class=\"elementor-widget-container\">\n\t\t\t\t\t\t\t\t\t<p>FITT Wear BV mit Sitz in der Tinstraat 13, 4823 AA Breda, ist f\u00fcr die Verarbeitung der personenbezogenen Daten verantwortlich, die in dieser Datenschutzerkl\u00e4rung aufgef\u00fchrt sind.<\/p><p><strong>Kontaktangaben<\/strong><\/p><p>https:\/\/www.fittwear.nl<br \/>Tel: 076 5269580<br \/>E-Mail: <a href=\"mailto:info@fittwear.nl\">info@fittwear.nl<\/a><br \/>Alexander Aerts ist der Datenschutzbeauftragte von FITT Wear BV. Er ist zu erreichen unter <a href=\"mailto:alexander@sawear.nl\">alexander@sawear.nl<\/a><\/p><p><strong>Von uns verarbeitete personenbezogene Daten<\/strong><\/p><p>FITT Wear BV verarbeitet Ihre personenbezogenen Daten, weil Sie unsere Dienste nutzen und\/oder weil Sie uns diese Daten selbst zur Verf\u00fcgung stellen. Nachstehend finden Sie einen \u00dcberblick \u00fcber die von uns verarbeiteten personenbezogenen Daten:<\/p><ul><li>Vorname und Nachname<\/li><li>Angaben zur Adresse<\/li><li>Rufnummer<\/li><li>E-Mail Adresse<\/li><li>IP-Adresse<\/li><li>Andere personenbezogene Daten, die Sie aktiv zur Verf\u00fcgung stellen, z. B. indem Sie ein Profil auf dieser Website erstellen<br \/>im Schriftverkehr und am Telefon zu machen<\/li><li>Details zum Standort<\/li><li>Daten \u00fcber Ihre Aktivit\u00e4ten auf unserer Website<\/li><li>Daten \u00fcber Ihr Surfverhalten auf verschiedenen Websites (z. B. weil dieses Unternehmen<br \/>Teil eines Werbenetzwerks ist)<\/li><li>Internet-Browser und Ger\u00e4tetyp<\/li><li>Bankkontonummer<\/li><\/ul><p><strong>Besondere und\/oder sensible personenbezogene Daten, die wir verarbeiten<\/strong><\/p><p>Unsere Website und\/oder unser Dienst beabsichtigt nicht, Daten von Website-Besuchern zu sammeln, die unter 16 Jahre alt sind. Es sei denn, sie haben die Zustimmung der Eltern oder des Vormunds. Wir k\u00f6nnen jedoch nicht \u00fcberpr\u00fcfen, ob ein Besucher \u00e4lter als 16 Jahre ist. Wir raten daher den Eltern, sich an den Online-Aktivit\u00e4ten ihrer Kinder zu beteiligen, um zu vermeiden, dass Daten \u00fcber Kinder ohne elterliche Zustimmung gesammelt werden. Wenn Sie davon \u00fcberzeugt sind, dass wir personenbezogene Daten \u00fcber einen Minderj\u00e4hrigen ohne eine solche Zustimmung erhoben haben, wenden Sie sich bitte an uns <a href=\"mailto:info@sawear.nl\">info@sawear.nl<\/a>werden wir diese Informationen l\u00f6schen.<\/p><p><strong>Zu welchem Zweck und auf welcher Grundlage wir personenbezogene Daten verarbeiten<\/strong><\/p><p>FITT Wear BV verarbeitet Ihre personenbezogenen Daten f\u00fcr die folgenden Zwecke:<\/p><ul><li>Abwicklung Ihrer Zahlung<\/li><li>Zusendung unseres Newsletters und\/oder Werbeprospekts<\/li><li>Sie anzurufen oder per E-Mail zu kontaktieren, wenn dies zur Erbringung unserer Dienstleistungen erforderlich ist<\/li><li>Information \u00fcber \u00c4nderungen an unseren Dienstleistungen und Produkten<\/li><li>Erm\u00f6glicht die Erstellung eines Kontos<\/li><li>Um Ihnen Waren und Dienstleistungen zu liefern<\/li><li>FITT Wear BV analysiert Ihr Verhalten auf der Website, um die Website und das Angebot zu verbessern.<br \/>Angebot von Produkten und Dienstleistungen, die Ihren Pr\u00e4ferenzen entsprechen.<\/li><li>FITT Wear BV verfolgt Ihr Surfverhalten auf verschiedenen Websites, die wir zur Verbesserung unserer Produkte und Dienstleistungen nutzen.<br \/>Dienstleistungen an Ihre Bed\u00fcrfnisse anpassen.<\/li><li>FITT Wear BV verarbeitet auch personenbezogene Daten, wenn wir dazu gesetzlich verpflichtet sind, wie z.B. Daten<br \/>die wir f\u00fcr unsere Steuererkl\u00e4rung ben\u00f6tigen.<\/li><\/ul><p><strong>Automatisierte Entscheidungsfindung<\/strong><\/p><p>FITT Wear BV trifft keine Entscheidungen auf der Grundlage einer automatisierten Verarbeitung \u00fcber Angelegenheiten, die den Einzelnen (erheblich) beeintr\u00e4chtigen k\u00f6nnten. Dabei handelt es sich um Entscheidungen, die von Computerprogrammen oder -systemen getroffen werden, ohne dass ein Mensch (z. B. ein Mitarbeiter von FITT Wear BV) anwesend ist.<\/p><p><strong>Wie lange wir personenbezogene Daten aufbewahren<\/strong><\/p><p>FITT Wear BV wird Ihre personenbezogenen Daten nicht l\u00e4nger aufbewahren, als es f\u00fcr die Erf\u00fcllung der Zwecke, f\u00fcr die Ihre Daten erhoben wurden, unbedingt erforderlich ist. Wir verwenden die folgenden Aufbewahrungsfristen f\u00fcr die folgenden (Kategorien von) personenbezogenen Daten:<\/p><p><span style=\"text-decoration: underline;\">Personenbezogene Daten nach einer Bestellung <\/span><\/p><p>Nach Auftragserteilung betr\u00e4gt die Aufbewahrungsfrist f\u00fcr Schuldnerunterlagen 7 Jahre und f\u00fcr diese die gesetzliche Aufbewahrungsfrist von 7 Jahren. Dazu geh\u00f6ren Name und Anschrift, Telefonnummer, E-Mail-Adresse und Bankverbindung.<\/p><p><span style=\"text-decoration: underline;\">Personenbezogene Daten \u00fcber die Website<\/span><\/p><p>Wenn Sie keine Bestellung aufgegeben haben, werden keine Daten gespeichert, au\u00dfer den Daten, die \u00fcber<br \/>a Cookies gesammelt werden. Siehe auch unten.<br \/>Diese Daten werden h\u00f6chstens 3 Jahre lang aufbewahrt. Diese Daten bestehen aus;<\/p><p><strong>Google Analytics<\/strong> - Wenn jemand <a href=\"https:\/\/www.sawear.nl\" target=\"_blank\" rel=\"noopener\">https:\/\/www.sawear.nl<\/a> Besuche nutzen wir einen Drittanbieterdienst, Google Analytics, um Standard-Internetprotokolldaten und Details zu den Verhaltensmustern der Besucher zu sammeln. Wir tun dies, um z. B. die Anzahl der Besucher in verschiedenen Bereichen der Website zu ermitteln. Diese Informationen werden nur in einer Weise verwendet, die niemanden identifiziert. Wir versuchen nicht, die Besucher unserer Website zu identifizieren, und erlauben Google auch nicht, dies zu tun.<\/p><p>- <strong>Pers\u00f6nliche Daten nach der Bewerbung<\/strong><\/p><p>Personenbezogene Daten, die sich aus einer Bewerbung ergeben, werden h\u00f6chstens 6 Monate lang aufbewahrt.<\/p><p><strong>Weitergabe personenbezogener Daten an Dritte <\/strong><\/p><p>FITT Wear BV gibt Daten nur dann an Dritte weiter, wenn dies f\u00fcr die Erf\u00fcllung unseres Vertrags mit Ihnen oder zur Erf\u00fcllung einer gesetzlichen Verpflichtung erforderlich ist. Dar\u00fcber hinaus werden keine Daten an Dritte weitergegeben.<\/p><p><strong>Cookies oder \u00e4hnliche Techniken, die wir verwenden<\/strong><\/p><p>FITT Wear BV verwendet funktionale, analytische und Tracking-Cookies. Ein Cookie ist eine kleine Textdatei, die im Browser Ihres Computers, Tablets oder Smartphones gespeichert wird, wenn Sie diese Website zum ersten Mal besuchen. FITT Wear BV verwendet Cookies mit einer rein technischen Funktion. Diese sorgen daf\u00fcr, dass die Website ordnungsgem\u00e4\u00df funktioniert und dass beispielsweise Ihre Pr\u00e4ferenzen gespeichert werden. Diese Cookies werden auch verwendet, um das Funktionieren der Website zu gew\u00e4hrleisten und sie zu optimieren. Dar\u00fcber hinaus platzieren wir Cookies, die Ihr Surfverhalten verfolgen, damit wir Ihnen ma\u00dfgeschneiderte Inhalte und Werbung anbieten k\u00f6nnen.<\/p><p>Bei Ihrem ersten Besuch auf unserer Website haben wir Sie bereits \u00fcber diese Cookies informiert und um Ihr Einverst\u00e4ndnis gebeten, sie zu setzen.<\/p><p>Sie k\u00f6nnen die Verwendung von Cookies ablehnen, indem Sie Ihren Internet-Browser so einstellen, dass keine Cookies mehr gespeichert werden. Au\u00dferdem k\u00f6nnen Sie \u00fcber Ihre Browsereinstellungen alle zuvor gespeicherten Informationen l\u00f6schen.<\/p><p><strong>Daten ansehen, \u00e4ndern oder l\u00f6schen<\/strong><\/p><p>Sie haben das Recht, Ihre personenbezogenen Daten einzusehen, zu berichtigen oder zu l\u00f6schen. Sie haben au\u00dferdem das Recht, Ihre etwaige Zustimmung zur Verarbeitung Ihrer personenbezogenen Daten durch FITT Wear BV zu widerrufen oder der Verarbeitung Ihrer personenbezogenen Daten durch FITT Wear BV zu widersprechen, und Sie haben das Recht auf Daten\u00fcbertragbarkeit. Das bedeutet, dass Sie uns auffordern k\u00f6nnen, die personenbezogenen Daten, die wir \u00fcber Sie in einer Computerdatei gespeichert haben, an Sie oder eine andere von Ihnen angegebene Organisation zu senden.<\/p><p>Sie k\u00f6nnen einen Antrag auf Zugang, Berichtigung, L\u00f6schung, Daten\u00fcbermittlung Ihrer personenbezogenen Daten oder einen Antrag auf Widerruf Ihrer Einwilligung oder Widerspruch gegen die Verarbeitung Ihrer personenbezogenen Daten an folgende Adresse richten <a href=\"\/de\/info@sawear.nl\/\">info@sawear.nl<\/a>.<\/p><p>Um sicherzustellen, dass der Antrag auf Einsichtnahme von Ihnen gestellt wird, bitten wir Sie, dem Antrag eine Kopie Ihres Identit\u00e4tsnachweises beizuf\u00fcgen. Schw\u00e4rzen Sie auf dieser Kopie Ihr Passfoto, die MRZ (maschinenlesbare Zone, der Zahlenstreifen am unteren Rand des Passes), die Passnummer und die B\u00fcrgerservicenummer (BSN). Dies dient dem Schutz Ihrer Privatsph\u00e4re. Wir werden Ihre Anfrage so schnell wie m\u00f6glich, jedoch innerhalb von vier Wochen beantworten.<\/p><p>FITT Wear BV m\u00f6chte Sie au\u00dferdem dar\u00fcber informieren, dass Sie die M\u00f6glichkeit haben, bei der nationalen Aufsichtsbeh\u00f6rde, der Beh\u00f6rde f\u00fcr personenbezogene Daten, eine Beschwerde einzureichen. Sie k\u00f6nnen dies \u00fcber den folgenden Link tun:<br \/><a href=\"https:\/\/autoriteitpersoonsgegevens.nl\/nl\/contact-met-de-autoriteit-persoonsgegevens\/tip-ons\/\" target=\"_blank\" rel=\"noopener\">https:\/\/autoriteitpersoonsgegevens.nl\/nl\/contact-met-de-autoriteit-persoonsgegevens\/tip-ons\/<\/a>.<\/p><p><strong>Wie wir personenbezogene Daten sch\u00fctzen<\/strong><\/p><p>FITT Wear BV nimmt den Schutz Ihrer Daten ernst und ergreift geeignete Ma\u00dfnahmen, um Missbrauch, Verlust, unbefugten Zugriff, unerw\u00fcnschte Offenlegung und unbefugte \u00c4nderung zu verhindern. Sollten Sie den Eindruck haben, dass Ihre Daten nicht ordnungsgem\u00e4\u00df gesichert sind oder es Anzeichen f\u00fcr einen Missbrauch gibt, wenden Sie sich bitte an unseren Kundendienst oder \u00fcber <a href=\"mailto:info@sawear.nl\">info@sawear.nl<\/a>.<\/p>\t\t\t\t\t\t\t\t<\/div>\n\t\t\t\t<\/div>\n\t\t\t\t\t<\/div>\n\t\t<\/div>\n\t\t\t\t\t<\/div>\n\t\t<\/section>\n\t\t\t\t\t<\/div>\n\t\t<\/div>\n\t\t\t\t\t<\/div>\n\t\t<\/section>\n\t\t\t\t<\/div>","protected":false},"excerpt":{"rendered":"<p>Privacyverklaring FITT Wear BV, gevestigd aan Tinstraat 13, 4823 AA Breda, is verantwoordelijk voor de verwerking van persoonsgegevens zoals weergegeven in deze privacyverklaring. Contactgegevens https:\/\/www.fittwear.nlTel: 076 5269580E-mail: info@fittwear.nlAlexander Aerts is de Functionaris Gegevensbescherming van FITT Wear BV. Hij is te bereiken via alexander@sawear.nl Persoonsgegevens die wij verwerken FITT Wear BV verwerkt je persoonsgegevens doordat je [&hellip;]<\/p>\n","protected":false},"author":1,"featured_media":0,"parent":0,"menu_order":0,"comment_status":"closed","ping_status":"open","template":"","meta":{"_acf_changed":false,"footnotes":""},"class_list":["post-3","page","type-page","status-publish","hentry"],"acf":[],"yoast_head":"<!-- This site is optimized with the Yoast SEO plugin v27.1.1 - https:\/\/yoast.com\/product\/yoast-seo-wordpress\/ -->\n<title>Privacyverklaring - FITTwear.nl<\/title>\n<meta name=\"robots\" content=\"index, follow, max-snippet:-1, max-image-preview:large, max-video-preview:-1\" \/>\n<link rel=\"canonical\" href=\"https:\/\/fittwear.nl\/de\/datenschutzbestimmungen\/\" \/>\n<meta property=\"og:locale\" content=\"de_DE\" \/>\n<meta property=\"og:type\" content=\"article\" \/>\n<meta property=\"og:title\" content=\"Privacyverklaring - FITTwear.nl\" \/>\n<meta property=\"og:description\" content=\"Privacyverklaring FITT Wear BV, gevestigd aan Tinstraat 13, 4823 AA Breda, is verantwoordelijk voor de verwerking van persoonsgegevens zoals weergegeven in deze privacyverklaring. Contactgegevens https:\/\/www.fittwear.nlTel: 076 5269580E-mail: info@fittwear.nlAlexander Aerts is de Functionaris Gegevensbescherming van FITT Wear BV. Hij is te bereiken via alexander@sawear.nl Persoonsgegevens die wij verwerken FITT Wear BV verwerkt je persoonsgegevens doordat je [&hellip;]\" \/>\n<meta property=\"og:url\" content=\"https:\/\/fittwear.nl\/de\/datenschutzbestimmungen\/\" \/>\n<meta property=\"og:site_name\" content=\"FITTwear.nl\" \/>\n<meta property=\"article:modified_time\" content=\"2022-11-15T07:54:39+00:00\" \/>\n<meta name=\"twitter:card\" content=\"summary_large_image\" \/>\n<meta name=\"twitter:label1\" content=\"Gesch\u00e4tzte Lesezeit\" \/>\n\t<meta name=\"twitter:data1\" content=\"5\u00a0Minuten\" \/>\n<script type=\"application\/ld+json\" class=\"yoast-schema-graph\">{\"@context\":\"https:\/\/schema.org\",\"@graph\":[{\"@type\":\"WebPage\",\"@id\":\"https:\/\/fittwear.nl\/privacybeleid\/\",\"url\":\"https:\/\/fittwear.nl\/privacybeleid\/\",\"name\":\"Privacyverklaring - FITTwear.nl\",\"isPartOf\":{\"@id\":\"https:\/\/fittwear.nl\/#website\"},\"datePublished\":\"2020-07-23T07:33:50+00:00\",\"dateModified\":\"2022-11-15T07:54:39+00:00\",\"breadcrumb\":{\"@id\":\"https:\/\/fittwear.nl\/privacybeleid\/#breadcrumb\"},\"inLanguage\":\"de\",\"potentialAction\":[{\"@type\":\"ReadAction\",\"target\":[\"https:\/\/fittwear.nl\/privacybeleid\/\"]}]},{\"@type\":\"BreadcrumbList\",\"@id\":\"https:\/\/fittwear.nl\/privacybeleid\/#breadcrumb\",\"itemListElement\":[{\"@type\":\"ListItem\",\"position\":1,\"name\":\"Home\",\"item\":\"https:\/\/fittwear.nl\/\"},{\"@type\":\"ListItem\",\"position\":2,\"name\":\"Privacyverklaring\"}]},{\"@type\":\"WebSite\",\"@id\":\"https:\/\/fittwear.nl\/#website\",\"url\":\"https:\/\/fittwear.nl\/\",\"name\":\"FITTwear.nl\",\"description\":\"Time to shine!\",\"publisher\":{\"@id\":\"https:\/\/fittwear.nl\/#organization\"},\"potentialAction\":[{\"@type\":\"SearchAction\",\"target\":{\"@type\":\"EntryPoint\",\"urlTemplate\":\"https:\/\/fittwear.nl\/?s={search_term_string}\"},\"query-input\":{\"@type\":\"PropertyValueSpecification\",\"valueRequired\":true,\"valueName\":\"search_term_string\"}}],\"inLanguage\":\"de\"},{\"@type\":\"Organization\",\"@id\":\"https:\/\/fittwear.nl\/#organization\",\"name\":\"FITTwear.nl\",\"url\":\"https:\/\/fittwear.nl\/\",\"logo\":{\"@type\":\"ImageObject\",\"inLanguage\":\"de\",\"@id\":\"https:\/\/fittwear.nl\/#\/schema\/logo\/image\/\",\"url\":\"https:\/\/fittwear.nl\/wp-content\/uploads\/2024\/07\/FITT-Logo-BeYOUtiful-website-homepage_Tekengebied-1-scaled.jpg\",\"contentUrl\":\"https:\/\/fittwear.nl\/wp-content\/uploads\/2024\/07\/FITT-Logo-BeYOUtiful-website-homepage_Tekengebied-1-scaled.jpg\",\"width\":2560,\"height\":599,\"caption\":\"FITTwear.nl\"},\"image\":{\"@id\":\"https:\/\/fittwear.nl\/#\/schema\/logo\/image\/\"}}]}<\/script>\n<!-- \/ Yoast SEO plugin. -->","yoast_head_json":{"title":"Datenschutzerkl\u00e4rung - FITTwear.com","robots":{"index":"index","follow":"follow","max-snippet":"max-snippet:-1","max-image-preview":"max-image-preview:large","max-video-preview":"max-video-preview:-1"},"canonical":"https:\/\/fittwear.nl\/de\/datenschutzbestimmungen\/","og_locale":"de_DE","og_type":"article","og_title":"Privacyverklaring - FITTwear.nl","og_description":"Privacyverklaring FITT Wear BV, gevestigd aan Tinstraat 13, 4823 AA Breda, is verantwoordelijk voor de verwerking van persoonsgegevens zoals weergegeven in deze privacyverklaring. Contactgegevens https:\/\/www.fittwear.nlTel: 076 5269580E-mail: info@fittwear.nlAlexander Aerts is de Functionaris Gegevensbescherming van FITT Wear BV. Hij is te bereiken via alexander@sawear.nl Persoonsgegevens die wij verwerken FITT Wear BV verwerkt je persoonsgegevens doordat je [&hellip;]","og_url":"https:\/\/fittwear.nl\/de\/datenschutzbestimmungen\/","og_site_name":"FITTwear.nl","article_modified_time":"2022-11-15T07:54:39+00:00","twitter_card":"summary_large_image","twitter_misc":{"Gesch\u00e4tzte Lesezeit":"5\u00a0Minuten"},"schema":{"@context":"https:\/\/schema.org","@graph":[{"@type":"WebPage","@id":"https:\/\/fittwear.nl\/privacybeleid\/","url":"https:\/\/fittwear.nl\/privacybeleid\/","name":"Datenschutzerkl\u00e4rung - FITTwear.com","isPartOf":{"@id":"https:\/\/fittwear.nl\/#website"},"datePublished":"2020-07-23T07:33:50+00:00","dateModified":"2022-11-15T07:54:39+00:00","breadcrumb":{"@id":"https:\/\/fittwear.nl\/privacybeleid\/#breadcrumb"},"inLanguage":"de","potentialAction":[{"@type":"ReadAction","target":["https:\/\/fittwear.nl\/privacybeleid\/"]}]},{"@type":"BreadcrumbList","@id":"https:\/\/fittwear.nl\/privacybeleid\/#breadcrumb","itemListElement":[{"@type":"ListItem","position":1,"name":"Home","item":"https:\/\/fittwear.nl\/"},{"@type":"ListItem","position":2,"name":"Privacyverklaring"}]},{"@type":"WebSite","@id":"https:\/\/fittwear.nl\/#website","url":"https:\/\/fittwear.nl\/","name":"FITTwear.co.uk","description":"Zeit zu gl\u00e4nzen!","publisher":{"@id":"https:\/\/fittwear.nl\/#organization"},"potentialAction":[{"@type":"SearchAction","target":{"@type":"EntryPoint","urlTemplate":"https:\/\/fittwear.nl\/?s={search_term_string}"},"query-input":{"@type":"PropertyValueSpecification","valueRequired":true,"valueName":"search_term_string"}}],"inLanguage":"de"},{"@type":"Organization","@id":"https:\/\/fittwear.nl\/#organization","name":"FITTwear.co.uk","url":"https:\/\/fittwear.nl\/","logo":{"@type":"ImageObject","inLanguage":"de","@id":"https:\/\/fittwear.nl\/#\/schema\/logo\/image\/","url":"https:\/\/fittwear.nl\/wp-content\/uploads\/2024\/07\/FITT-Logo-BeYOUtiful-website-homepage_Tekengebied-1-scaled.jpg","contentUrl":"https:\/\/fittwear.nl\/wp-content\/uploads\/2024\/07\/FITT-Logo-BeYOUtiful-website-homepage_Tekengebied-1-scaled.jpg","width":2560,"height":599,"caption":"FITTwear.nl"},"image":{"@id":"https:\/\/fittwear.nl\/#\/schema\/logo\/image\/"}}]}},"_links":{"self":[{"href":"https:\/\/fittwear.nl\/de\/wp-json\/wp\/v2\/pages\/3","targetHints":{"allow":["GET"]}}],"collection":[{"href":"https:\/\/fittwear.nl\/de\/wp-json\/wp\/v2\/pages"}],"about":[{"href":"https:\/\/fittwear.nl\/de\/wp-json\/wp\/v2\/types\/page"}],"author":[{"embeddable":true,"href":"https:\/\/fittwear.nl\/de\/wp-json\/wp\/v2\/users\/1"}],"replies":[{"embeddable":true,"href":"https:\/\/fittwear.nl\/de\/wp-json\/wp\/v2\/comments?post=3"}],"version-history":[{"count":10,"href":"https:\/\/fittwear.nl\/de\/wp-json\/wp\/v2\/pages\/3\/revisions"}],"predecessor-version":[{"id":45082,"href":"https:\/\/fittwear.nl\/de\/wp-json\/wp\/v2\/pages\/3\/revisions\/45082"}],"wp:attachment":[{"href":"https:\/\/fittwear.nl\/de\/wp-json\/wp\/v2\/media?parent=3"}],"curies":[{"name":"wp","href":"https:\/\/api.w.org\/{rel}","templated":true}]}}