{"id":3311,"date":"2020-09-21T10:46:16","date_gmt":"2020-09-21T08:46:16","guid":{"rendered":"https:\/\/fittwear.nl\/?page_id=3311"},"modified":"2025-12-17T16:32:15","modified_gmt":"2025-12-17T15:32:15","slug":"return","status":"publish","type":"page","link":"https:\/\/fittwear.nl\/de\/retour\/","title":{"rendered":"R\u00fcckkehr"},"content":{"rendered":"<div data-elementor-type=\"wp-page\" data-elementor-id=\"3311\" class=\"elementor elementor-3311\" data-elementor-post-type=\"page\">\n\t\t\t\t\t\t<section class=\"elementor-section elementor-top-section elementor-element elementor-element-6fd6f0ba elementor-section-boxed elementor-section-height-default elementor-section-height-default\" data-id=\"6fd6f0ba\" data-element_type=\"section\" data-e-type=\"section\">\n\t\t\t\t\t\t<div class=\"elementor-container elementor-column-gap-default\">\n\t\t\t\t\t<div class=\"elementor-column elementor-col-100 elementor-top-column elementor-element elementor-element-4f981c04\" data-id=\"4f981c04\" data-element_type=\"column\" data-e-type=\"column\">\n\t\t\t<div class=\"elementor-widget-wrap elementor-element-populated\">\n\t\t\t\t\t\t<section class=\"elementor-section elementor-inner-section elementor-element elementor-element-64f1c8db elementor-section-boxed elementor-section-height-default elementor-section-height-default\" data-id=\"64f1c8db\" data-element_type=\"section\" data-e-type=\"section\">\n\t\t\t\t\t\t<div class=\"elementor-container elementor-column-gap-default\">\n\t\t\t\t\t<div class=\"elementor-column elementor-col-100 elementor-inner-column elementor-element elementor-element-78a1a33c\" data-id=\"78a1a33c\" data-element_type=\"column\" data-e-type=\"column\">\n\t\t\t<div class=\"elementor-widget-wrap elementor-element-populated\">\n\t\t\t\t\t\t<div class=\"elementor-element elementor-element-5f2ab2e0 elementor-widget__width-auto elementor-widget elementor-widget-heading\" data-id=\"5f2ab2e0\" data-element_type=\"widget\" data-e-type=\"widget\" data-widget_type=\"heading.default\">\n\t\t\t\t<div class=\"elementor-widget-container\">\n\t\t\t\t\t<h2 class=\"elementor-heading-title elementor-size-default\">R\u00fcckgabepolitik<\/h2>\t\t\t\t<\/div>\n\t\t\t\t<\/div>\n\t\t\t\t<div class=\"elementor-element elementor-element-1f5a1ca4 elementor-widget__width-auto elementor-widget elementor-widget-button\" data-id=\"1f5a1ca4\" data-element_type=\"widget\" data-e-type=\"widget\" data-widget_type=\"button.default\">\n\t\t\t\t<div class=\"elementor-widget-container\">\n\t\t\t\t\t\t\t\t\t<div class=\"elementor-button-wrapper\">\n\t\t\t\t\t<a class=\"elementor-button elementor-button-link elementor-size-sm\" href=\"https:\/\/www.montareturns.com\/7c52e852-dc42-4c00-902d-3d39984c449e?c=1\" target=\"_blank\">\n\t\t\t\t\t\t<span class=\"elementor-button-content-wrapper\">\n\t\t\t\t\t\t\t\t\t<span class=\"elementor-button-text\">Registerr\u00fcckgabe<\/span>\n\t\t\t\t\t<\/span>\n\t\t\t\t\t<\/a>\n\t\t\t\t<\/div>\n\t\t\t\t\t\t\t\t<\/div>\n\t\t\t\t<\/div>\n\t\t\t\t<div class=\"elementor-element elementor-element-67f20881 elementor-widget elementor-widget-text-editor\" data-id=\"67f20881\" data-element_type=\"widget\" data-e-type=\"widget\" data-widget_type=\"text-editor.default\">\n\t\t\t\t<div class=\"elementor-widget-container\">\n\t\t\t\t\t\t\t\t\t<p>Bitte beachten Sie! Bitte legen Sie den Packzettel den zur\u00fcckzusendenden Artikeln bei. Andernfalls k\u00f6nnen wir Ihre R\u00fccksendung nicht bearbeiten.<\/p>\t\t\t\t\t\t\t\t<\/div>\n\t\t\t\t<\/div>\n\t\t\t\t<div class=\"elementor-element elementor-element-1651c20b elementor-widget elementor-widget-heading\" data-id=\"1651c20b\" data-element_type=\"widget\" data-e-type=\"widget\" data-widget_type=\"heading.default\">\n\t\t\t\t<div class=\"elementor-widget-container\">\n\t\t\t\t\t<h4 class=\"elementor-heading-title elementor-size-default\">R\u00fccksendungen aus den Niederlanden<\/h4>\t\t\t\t<\/div>\n\t\t\t\t<\/div>\n\t\t\t\t<div class=\"elementor-element elementor-element-25c7bca4 elementor-widget elementor-widget-text-editor\" data-id=\"25c7bca4\" data-element_type=\"widget\" data-e-type=\"widget\" data-widget_type=\"text-editor.default\">\n\t\t\t\t<div class=\"elementor-widget-container\">\n\t\t\t\t\t\t\t\t\t<p>Sie k\u00f6nnen gelieferte Produkte jederzeit zur\u00fcckgeben, sofern sie die folgenden Punkte erf\u00fcllen;<\/p><ul><li>Die Produkte m\u00fcssen innerhalb von 30 Tagen nach Versand Ihrer Bestellung zur\u00fcckgegeben werden.<\/li><li>Die Produkte m\u00fcssen ungetragen und ungewaschen, mit allen Etiketten versehen und in der Originalverpackung sein.<\/li><li><span style=\"background-color: #f8f8f8;\">Vanwege hygi\u00ebnische redenen is het niet mogelijk om ondergoed te retourneren na aankoop.<\/span><\/li><li>Wir bieten R\u00fcckerstattungen auf die urspr\u00fcngliche Zahlungsmethode an, mit der die Bestellung aufgegeben wurde.<\/li><li>Mehrere Bestellungen k\u00f6nnen in 1 Sendung zur\u00fcckgeschickt werden. Sie m\u00fcssen nur 1 Sendung registrieren und daher 1 R\u00fccksendeetikett drucken. Bitte legen Sie der Sendung alle Packzettel bei!<\/li><li>Kosten van de retourzending zijn voor eigen rekening. Verstuur je het terug via ons retourlabel, dan kost de zending 5,00 euro. Stuur je het zonder ons retourlabel terug dan kan dit naar: FITT Wear, Tinstraat 13, 4823AA Breda, Nederland.<\/li><\/ul><p><strong>Mehrere Bestellungen zur\u00fccksenden?<br \/><\/strong>Nat\u00fcrlich kann dies einfach in einer Sendung erledigt werden. Das spart zus\u00e4tzliche Kosten. Registrieren Sie einfach 1 Bestellung auf unserer Website. Sie k\u00f6nnen einfach die Artikel der anderen Bestellung(en) zusammen mit den Packzetteln aller Bestellungen hinzuf\u00fcgen.<\/p>\t\t\t\t\t\t\t\t<\/div>\n\t\t\t\t<\/div>\n\t\t\t\t\t<\/div>\n\t\t<\/div>\n\t\t\t\t\t<\/div>\n\t\t<\/section>\n\t\t\t\t<div class=\"elementor-element elementor-element-1117b6d9 elementor-widget elementor-widget-text-editor\" data-id=\"1117b6d9\" data-element_type=\"widget\" data-e-type=\"widget\" data-widget_type=\"text-editor.default\">\n\t\t\t\t<div class=\"elementor-widget-container\">\n\t\t\t\t\t\t\t\t\tSind Sie in den Niederlanden wohnhaft? Dann k\u00f6nnen Sie die Artikel, die Sie zur\u00fcckgeben m\u00f6chten, \u00fcber den unten stehenden Link online anmelden: \t\t\t\t\t\t\t\t<\/div>\n\t\t\t\t<\/div>\n\t\t\t\t<div class=\"elementor-element elementor-element-70e36e65 elementor-widget elementor-widget-button\" data-id=\"70e36e65\" data-element_type=\"widget\" data-e-type=\"widget\" data-widget_type=\"button.default\">\n\t\t\t\t<div class=\"elementor-widget-container\">\n\t\t\t\t\t\t\t\t\t<div class=\"elementor-button-wrapper\">\n\t\t\t\t\t<a class=\"elementor-button elementor-button-link elementor-size-sm\" href=\"https:\/\/www.montareturns.com\/7c52e852-dc42-4c00-902d-3d39984c449e?c=1\" target=\"_blank\">\n\t\t\t\t\t\t<span class=\"elementor-button-content-wrapper\">\n\t\t\t\t\t\t\t\t\t<span class=\"elementor-button-text\">Niederl\u00e4ndische R\u00fcckkehr<\/span>\n\t\t\t\t\t<\/span>\n\t\t\t\t\t<\/a>\n\t\t\t\t<\/div>\n\t\t\t\t\t\t\t\t<\/div>\n\t\t\t\t<\/div>\n\t\t\t\t<div class=\"elementor-element elementor-element-4278d729 elementor-widget elementor-widget-text-editor\" data-id=\"4278d729\" data-element_type=\"widget\" data-e-type=\"widget\" data-widget_type=\"text-editor.default\">\n\t\t\t\t<div class=\"elementor-widget-container\">\n\t\t\t\t\t\t\t\t\t<p>R\u00fccksendung DHL-Stelle mit FITT-R\u00fccksendeetikett: \u20ac5,00<\/p>\t\t\t\t\t\t\t\t<\/div>\n\t\t\t\t<\/div>\n\t\t\t\t<div class=\"elementor-element elementor-element-3187b959 elementor-widget elementor-widget-text-editor\" data-id=\"3187b959\" data-element_type=\"widget\" data-e-type=\"widget\" data-widget_type=\"text-editor.default\">\n\t\t\t\t<div class=\"elementor-widget-container\">\n\t\t\t\t\t\t\t\t\t<p>Folgen Sie den nachstehenden Schritten:<\/p><ul><li>Anmeldung;<\/li><li>Geben Sie Ihre Bestellnummer und Ihre E-Mail-Adresse ein.<\/li><li>Bitte geben Sie an, welche Artikel Sie zur\u00fcckgeben m\u00f6chten und nennen Sie den Grund.<\/li><li>Nachdem Sie die Schritte abgeschlossen und die Zahlung geleistet haben, erhalten Sie ein R\u00fccksendeetikett im Briefkasten.<\/li><li>Das erhaltene R\u00fccksendeetikett sollte sein\u00a0<strong>ausgedruckt\u00a0<\/strong>zu einer\u00a0<strong>DHL punt. Bewaar ten alle tijden het bonnetje van inleveren tot je retour is verwerkt.\u00a0<\/strong><\/li><li><strong>VORSICHT!\u00a0<\/strong>Kreuzen Sie auf dem Packzettel auch die Artikel an, die Sie zur\u00fcckschicken m\u00f6chten. Legen Sie den Packzettel den Artikeln bei, die Sie zur\u00fcckschicken.<\/li><\/ul>\t\t\t\t\t\t\t\t<\/div>\n\t\t\t\t<\/div>\n\t\t\t\t<div class=\"elementor-element elementor-element-603a02ad elementor-widget elementor-widget-heading\" data-id=\"603a02ad\" data-element_type=\"widget\" data-e-type=\"widget\" data-widget_type=\"heading.default\">\n\t\t\t\t<div class=\"elementor-widget-container\">\n\t\t\t\t\t<h4 class=\"elementor-heading-title elementor-size-default\">R\u00fcckkehr aus dem Ausland<\/h4>\t\t\t\t<\/div>\n\t\t\t\t<\/div>\n\t\t\t\t<div class=\"elementor-element elementor-element-30f6bfe8 elementor-widget elementor-widget-text-editor\" data-id=\"30f6bfe8\" data-element_type=\"widget\" data-e-type=\"widget\" data-widget_type=\"text-editor.default\">\n\t\t\t\t<div class=\"elementor-widget-container\">\n\t\t\t\t\t\t\t\t\t<p>Wohnen Sie in Belgien, Deutschland, Luxemburg oder Frankreich? Die Kosten f\u00fcr die R\u00fccksendung betragen dann 6,00 \u20ac. Sie k\u00f6nnen die R\u00fcckgabe online \u00fcber den unten stehenden Link anmelden:<\/p>\t\t\t\t\t\t\t\t<\/div>\n\t\t\t\t<\/div>\n\t\t\t\t<div class=\"elementor-element elementor-element-1d162396 elementor-widget elementor-widget-button\" data-id=\"1d162396\" data-element_type=\"widget\" data-e-type=\"widget\" data-widget_type=\"button.default\">\n\t\t\t\t<div class=\"elementor-widget-container\">\n\t\t\t\t\t\t\t\t\t<div class=\"elementor-button-wrapper\">\n\t\t\t\t\t<a class=\"elementor-button elementor-button-link elementor-size-sm\" href=\"https:\/\/www.montareturns.com\/7c52e852-dc42-4c00-902d-3d39984c449e?c=1\" target=\"_blank\">\n\t\t\t\t\t\t<span class=\"elementor-button-content-wrapper\">\n\t\t\t\t\t\t\t\t\t<span class=\"elementor-button-text\">Ausl\u00e4ndische R\u00fccksendungen melden<\/span>\n\t\t\t\t\t<\/span>\n\t\t\t\t\t<\/a>\n\t\t\t\t<\/div>\n\t\t\t\t\t\t\t\t<\/div>\n\t\t\t\t<\/div>\n\t\t\t\t<div class=\"elementor-element elementor-element-7c5919b6 elementor-widget elementor-widget-text-editor\" data-id=\"7c5919b6\" data-element_type=\"widget\" data-e-type=\"widget\" data-widget_type=\"text-editor.default\">\n\t\t\t\t<div class=\"elementor-widget-container\">\n\t\t\t\t\t\t\t\t\t<p>F\u00fchren Sie dann die folgenden Schritte aus:<\/p><ul><li>Anmeldung;<\/li><li>Geben Sie Ihre Bestellnummer und Ihre E-Mail-Adresse ein.<\/li><li>Bitte geben Sie an, welche Artikel Sie zur\u00fcckgeben m\u00f6chten und nennen Sie den Grund.<\/li><li>Nachdem Sie die Schritte abgeschlossen haben, erhalten Sie ein R\u00fccksendeetikett im Briefkasten.<\/li><li>Das erhaltene R\u00fccksendeetikett sollte sein\u00a0<strong>ausgedruckt <\/strong>zu einer\u00a0<strong>DHL\/DPD\/UPS<\/strong><\/li><li><strong>VORSICHT!\u00a0<\/strong>Kreuzen Sie auf dem Packzettel auch die Artikel an, die Sie zur\u00fcckschicken m\u00f6chten. Legen Sie den Packzettel den Artikeln bei, die Sie zur\u00fcckschicken.<\/li><\/ul>\t\t\t\t\t\t\t\t<\/div>\n\t\t\t\t<\/div>\n\t\t\t\t<div class=\"elementor-element elementor-element-a43cb29 elementor-widget elementor-widget-heading\" data-id=\"a43cb29\" data-element_type=\"widget\" data-e-type=\"widget\" data-widget_type=\"heading.default\">\n\t\t\t\t<div class=\"elementor-widget-container\">\n\t\t\t\t\t<h4 class=\"elementor-heading-title elementor-size-default\">Sonstige Informationen zur R\u00fcckgabe<\/h4>\t\t\t\t<\/div>\n\t\t\t\t<\/div>\n\t\t\t\t<div class=\"elementor-element elementor-element-4a218aed elementor-widget elementor-widget-text-editor\" data-id=\"4a218aed\" data-element_type=\"widget\" data-e-type=\"widget\" data-widget_type=\"text-editor.default\">\n\t\t\t\t<div class=\"elementor-widget-container\">\n\t\t\t\t\t\t\t\t\t<ul><li>Sobald Ihre R\u00fccksendung bei uns eingegangen und \u00fcberpr\u00fcft worden ist, wird die R\u00fcckerstattung innerhalb von 10 Arbeitstagen auf das Konto\/die Kreditkarte \u00fcberwiesen, mit dem\/der Sie bezahlt haben.<\/li><li>Etwaige Versandkosten werden erstattet, wenn die gesamte Bestellung zur\u00fcckgeschickt wird.<\/li><li>Zonder ingevuld en toegevoegd retourformulier OF pakbon\/factuur kunnen we je retour helaas niet in behandeling nemen.<\/li><li>Ein Umtausch ist leider nicht m\u00f6glich, in diesem Fall k\u00f6nnen Sie eine neue Bestellung \u00fcber unsere Website aufgeben.<\/li><\/ul><p><strong>Mehrere Bestellungen zur\u00fccksenden?<br \/><\/strong>Nat\u00fcrlich kann dies einfach in einer Sendung erledigt werden. Das spart zus\u00e4tzliche Kosten. Registrieren Sie einfach 1 Bestellung auf unserer Website. Sie k\u00f6nnen einfach die Artikel der anderen Bestellung(en) zusammen mit den Packzetteln aller Bestellungen hinzuf\u00fcgen.<\/p>\t\t\t\t\t\t\t\t<\/div>\n\t\t\t\t<\/div>\n\t\t\t\t\t<\/div>\n\t\t<\/div>\n\t\t\t\t\t<\/div>\n\t\t<\/section>\n\t\t\t\t<\/div>","protected":false},"excerpt":{"rendered":"<p>Retourbeleid Retour aanmelden Let op! Doe de pakbon bij de artikelen die je retour stuurt. Anders kunnen we je retour niet verwerken. Retourneren vanuit Nederland Je kunt geleverde producten altijd retourneren mits deze aan de volgende punten voldoen; Producten moeten binnen 30 dagen na verzending van je bestelling worden geretourneerd. Producten moeten ongedragen en ongewassen [&hellip;]<\/p>\n","protected":false},"author":1,"featured_media":0,"parent":0,"menu_order":0,"comment_status":"closed","ping_status":"closed","template":"","meta":{"_acf_changed":false,"footnotes":""},"class_list":["post-3311","page","type-page","status-publish","hentry"],"acf":[],"yoast_head":"<!-- This site is optimized with the Yoast SEO plugin v27.1.1 - https:\/\/yoast.com\/product\/yoast-seo-wordpress\/ -->\n<title>Retour - FITTwear.nl<\/title>\n<meta name=\"robots\" content=\"index, follow, max-snippet:-1, max-image-preview:large, max-video-preview:-1\" \/>\n<link rel=\"canonical\" href=\"https:\/\/fittwear.nl\/de\/return\/\" \/>\n<meta property=\"og:locale\" content=\"de_DE\" \/>\n<meta property=\"og:type\" content=\"article\" \/>\n<meta property=\"og:title\" content=\"Retour - FITTwear.nl\" \/>\n<meta property=\"og:description\" content=\"Retourbeleid Retour aanmelden Let op! Doe de pakbon bij de artikelen die je retour stuurt. Anders kunnen we je retour niet verwerken. Retourneren vanuit Nederland Je kunt geleverde producten altijd retourneren mits deze aan de volgende punten voldoen; Producten moeten binnen 30 dagen na verzending van je bestelling worden geretourneerd. Producten moeten ongedragen en ongewassen [&hellip;]\" \/>\n<meta property=\"og:url\" content=\"https:\/\/fittwear.nl\/de\/return\/\" \/>\n<meta property=\"og:site_name\" content=\"FITTwear.nl\" \/>\n<meta property=\"article:modified_time\" content=\"2025-12-17T15:32:15+00:00\" \/>\n<meta name=\"twitter:card\" content=\"summary_large_image\" \/>\n<meta name=\"twitter:label1\" content=\"Gesch\u00e4tzte Lesezeit\" \/>\n\t<meta name=\"twitter:data1\" content=\"3\u00a0Minuten\" \/>\n<script type=\"application\/ld+json\" class=\"yoast-schema-graph\">{\"@context\":\"https:\/\/schema.org\",\"@graph\":[{\"@type\":\"WebPage\",\"@id\":\"https:\/\/fittwear.nl\/retour\/\",\"url\":\"https:\/\/fittwear.nl\/retour\/\",\"name\":\"Retour - FITTwear.nl\",\"isPartOf\":{\"@id\":\"https:\/\/fittwear.nl\/#website\"},\"datePublished\":\"2020-09-21T08:46:16+00:00\",\"dateModified\":\"2025-12-17T15:32:15+00:00\",\"breadcrumb\":{\"@id\":\"https:\/\/fittwear.nl\/retour\/#breadcrumb\"},\"inLanguage\":\"de\",\"potentialAction\":[{\"@type\":\"ReadAction\",\"target\":[\"https:\/\/fittwear.nl\/retour\/\"]}]},{\"@type\":\"BreadcrumbList\",\"@id\":\"https:\/\/fittwear.nl\/retour\/#breadcrumb\",\"itemListElement\":[{\"@type\":\"ListItem\",\"position\":1,\"name\":\"Home\",\"item\":\"https:\/\/fittwear.nl\/\"},{\"@type\":\"ListItem\",\"position\":2,\"name\":\"Retour\"}]},{\"@type\":\"WebSite\",\"@id\":\"https:\/\/fittwear.nl\/#website\",\"url\":\"https:\/\/fittwear.nl\/\",\"name\":\"FITTwear.nl\",\"description\":\"Time to shine!\",\"publisher\":{\"@id\":\"https:\/\/fittwear.nl\/#organization\"},\"potentialAction\":[{\"@type\":\"SearchAction\",\"target\":{\"@type\":\"EntryPoint\",\"urlTemplate\":\"https:\/\/fittwear.nl\/?s={search_term_string}\"},\"query-input\":{\"@type\":\"PropertyValueSpecification\",\"valueRequired\":true,\"valueName\":\"search_term_string\"}}],\"inLanguage\":\"de\"},{\"@type\":\"Organization\",\"@id\":\"https:\/\/fittwear.nl\/#organization\",\"name\":\"FITTwear.nl\",\"url\":\"https:\/\/fittwear.nl\/\",\"logo\":{\"@type\":\"ImageObject\",\"inLanguage\":\"de\",\"@id\":\"https:\/\/fittwear.nl\/#\/schema\/logo\/image\/\",\"url\":\"https:\/\/fittwear.nl\/wp-content\/uploads\/2024\/07\/FITT-Logo-BeYOUtiful-website-homepage_Tekengebied-1-scaled.jpg\",\"contentUrl\":\"https:\/\/fittwear.nl\/wp-content\/uploads\/2024\/07\/FITT-Logo-BeYOUtiful-website-homepage_Tekengebied-1-scaled.jpg\",\"width\":2560,\"height\":599,\"caption\":\"FITTwear.nl\"},\"image\":{\"@id\":\"https:\/\/fittwear.nl\/#\/schema\/logo\/image\/\"}}]}<\/script>\n<!-- \/ Yoast SEO plugin. -->","yoast_head_json":{"title":"R\u00fccksendung - FITTwear.de","robots":{"index":"index","follow":"follow","max-snippet":"max-snippet:-1","max-image-preview":"max-image-preview:large","max-video-preview":"max-video-preview:-1"},"canonical":"https:\/\/fittwear.nl\/de\/return\/","og_locale":"de_DE","og_type":"article","og_title":"Retour - FITTwear.nl","og_description":"Retourbeleid Retour aanmelden Let op! Doe de pakbon bij de artikelen die je retour stuurt. Anders kunnen we je retour niet verwerken. Retourneren vanuit Nederland Je kunt geleverde producten altijd retourneren mits deze aan de volgende punten voldoen; Producten moeten binnen 30 dagen na verzending van je bestelling worden geretourneerd. Producten moeten ongedragen en ongewassen [&hellip;]","og_url":"https:\/\/fittwear.nl\/de\/return\/","og_site_name":"FITTwear.nl","article_modified_time":"2025-12-17T15:32:15+00:00","twitter_card":"summary_large_image","twitter_misc":{"Gesch\u00e4tzte Lesezeit":"3\u00a0Minuten"},"schema":{"@context":"https:\/\/schema.org","@graph":[{"@type":"WebPage","@id":"https:\/\/fittwear.nl\/retour\/","url":"https:\/\/fittwear.nl\/retour\/","name":"R\u00fccksendung - FITTwear.de","isPartOf":{"@id":"https:\/\/fittwear.nl\/#website"},"datePublished":"2020-09-21T08:46:16+00:00","dateModified":"2025-12-17T15:32:15+00:00","breadcrumb":{"@id":"https:\/\/fittwear.nl\/retour\/#breadcrumb"},"inLanguage":"de","potentialAction":[{"@type":"ReadAction","target":["https:\/\/fittwear.nl\/retour\/"]}]},{"@type":"BreadcrumbList","@id":"https:\/\/fittwear.nl\/retour\/#breadcrumb","itemListElement":[{"@type":"ListItem","position":1,"name":"Home","item":"https:\/\/fittwear.nl\/"},{"@type":"ListItem","position":2,"name":"Retour"}]},{"@type":"WebSite","@id":"https:\/\/fittwear.nl\/#website","url":"https:\/\/fittwear.nl\/","name":"FITTwear.co.uk","description":"Zeit zu gl\u00e4nzen!","publisher":{"@id":"https:\/\/fittwear.nl\/#organization"},"potentialAction":[{"@type":"SearchAction","target":{"@type":"EntryPoint","urlTemplate":"https:\/\/fittwear.nl\/?s={search_term_string}"},"query-input":{"@type":"PropertyValueSpecification","valueRequired":true,"valueName":"search_term_string"}}],"inLanguage":"de"},{"@type":"Organization","@id":"https:\/\/fittwear.nl\/#organization","name":"FITTwear.co.uk","url":"https:\/\/fittwear.nl\/","logo":{"@type":"ImageObject","inLanguage":"de","@id":"https:\/\/fittwear.nl\/#\/schema\/logo\/image\/","url":"https:\/\/fittwear.nl\/wp-content\/uploads\/2024\/07\/FITT-Logo-BeYOUtiful-website-homepage_Tekengebied-1-scaled.jpg","contentUrl":"https:\/\/fittwear.nl\/wp-content\/uploads\/2024\/07\/FITT-Logo-BeYOUtiful-website-homepage_Tekengebied-1-scaled.jpg","width":2560,"height":599,"caption":"FITTwear.nl"},"image":{"@id":"https:\/\/fittwear.nl\/#\/schema\/logo\/image\/"}}]}},"_links":{"self":[{"href":"https:\/\/fittwear.nl\/de\/wp-json\/wp\/v2\/pages\/3311","targetHints":{"allow":["GET"]}}],"collection":[{"href":"https:\/\/fittwear.nl\/de\/wp-json\/wp\/v2\/pages"}],"about":[{"href":"https:\/\/fittwear.nl\/de\/wp-json\/wp\/v2\/types\/page"}],"author":[{"embeddable":true,"href":"https:\/\/fittwear.nl\/de\/wp-json\/wp\/v2\/users\/1"}],"replies":[{"embeddable":true,"href":"https:\/\/fittwear.nl\/de\/wp-json\/wp\/v2\/comments?post=3311"}],"version-history":[{"count":74,"href":"https:\/\/fittwear.nl\/de\/wp-json\/wp\/v2\/pages\/3311\/revisions"}],"predecessor-version":[{"id":122427,"href":"https:\/\/fittwear.nl\/de\/wp-json\/wp\/v2\/pages\/3311\/revisions\/122427"}],"wp:attachment":[{"href":"https:\/\/fittwear.nl\/de\/wp-json\/wp\/v2\/media?parent=3311"}],"curies":[{"name":"wp","href":"https:\/\/api.w.org\/{rel}","templated":true}]}}