{"id":781,"date":"2017-02-09T08:45:13","date_gmt":"2017-02-09T08:45:13","guid":{"rendered":"http:\/\/dummy.xtemos.com\/basel\/vers\/?page_id=781"},"modified":"2025-12-08T13:18:50","modified_gmt":"2025-12-08T12:18:50","slug":"over-fit-wear-damen-sportbekleidung","status":"publish","type":"page","link":"https:\/\/fittwear.nl\/de\/over-fitt-wear-dames-sportkleding\/","title":{"rendered":"\u00dcber FITT"},"content":{"rendered":"<div data-elementor-type=\"wp-page\" data-elementor-id=\"781\" class=\"elementor elementor-781\" data-elementor-post-type=\"page\">\n\t\t\t\t\t\t<section class=\"elementor-section elementor-top-section elementor-element elementor-element-32ce055e elementor-section-boxed elementor-section-height-default elementor-section-height-default\" data-id=\"32ce055e\" data-element_type=\"section\" data-e-type=\"section\">\n\t\t\t\t\t\t<div class=\"elementor-container elementor-column-gap-default\">\n\t\t\t\t\t<div class=\"elementor-column elementor-col-100 elementor-top-column elementor-element elementor-element-3a6aa13e\" data-id=\"3a6aa13e\" data-element_type=\"column\" data-e-type=\"column\">\n\t\t\t<div class=\"elementor-widget-wrap elementor-element-populated\">\n\t\t\t\t\t\t<section class=\"elementor-section elementor-inner-section elementor-element elementor-element-5f5c88a8 elementor-reverse-mobile elementor-section-boxed elementor-section-height-default elementor-section-height-default\" data-id=\"5f5c88a8\" data-element_type=\"section\" data-e-type=\"section\">\n\t\t\t\t\t\t<div class=\"elementor-container elementor-column-gap-default\">\n\t\t\t\t\t<div class=\"elementor-column elementor-col-50 elementor-inner-column elementor-element elementor-element-7714f32f\" data-id=\"7714f32f\" data-element_type=\"column\" data-e-type=\"column\">\n\t\t\t<div class=\"elementor-widget-wrap elementor-element-populated\">\n\t\t\t\t\t\t<div class=\"elementor-element elementor-element-7da3c6d6 elementor-widget elementor-widget-image\" data-id=\"7da3c6d6\" data-element_type=\"widget\" data-e-type=\"widget\" data-widget_type=\"image.default\">\n\t\t\t\t<div class=\"elementor-widget-container\">\n\t\t\t\t\t\t\t\t\t\t\t\t\t\t\t<img decoding=\"async\" src=\"https:\/\/fittwear.nl\/wp-content\/uploads\/elementor\/thumbs\/IMG_1338-scaled-rfurfbyzsayxo8hbjhgmci8v16iahvhfixzwf52xnc.jpg\" title=\"IMG_1338\" alt=\"IMG_1338\" loading=\"lazy\" \/>\t\t\t\t\t\t\t\t\t\t\t\t\t\t\t<\/div>\n\t\t\t\t<\/div>\n\t\t\t\t\t<\/div>\n\t\t<\/div>\n\t\t\t\t<div class=\"elementor-column elementor-col-50 elementor-inner-column elementor-element elementor-element-7b13c3ea\" data-id=\"7b13c3ea\" data-element_type=\"column\" data-e-type=\"column\">\n\t\t\t<div class=\"elementor-widget-wrap elementor-element-populated\">\n\t\t\t\t\t\t<div class=\"elementor-element elementor-element-2e882254 elementor-widget elementor-widget-heading\" data-id=\"2e882254\" data-element_type=\"widget\" data-e-type=\"widget\" data-widget_type=\"heading.default\">\n\t\t\t\t<div class=\"elementor-widget-container\">\n\t\t\t\t\t<h2 class=\"elementor-heading-title elementor-size-default\">\u00dcber uns<\/h2>\t\t\t\t<\/div>\n\t\t\t\t<\/div>\n\t\t\t\t<div class=\"elementor-element elementor-element-788bfbbe elementor-widget elementor-widget-text-editor\" data-id=\"788bfbbe\" data-element_type=\"widget\" data-e-type=\"widget\" data-widget_type=\"text-editor.default\">\n\t\t\t\t<div class=\"elementor-widget-container\">\n\t\t\t\t\t\t\t\t\t<p>Ik, Sammie, ben in 2020 FITT Wear gestart omdat ik enorm enthousiast word van een happy lifestyle. Inspirerend en gezond eten \u00e9n zeker sporten\/bewegen zijn daar onderdeel van. Daarnaast ben ik zelf sportief en vind ik het leuk om er ook tijdens het sporten leuk uit te zien. Ik heb een passion for fashion en ruim 17 jaar ervaring in de kledingbranche met kennis van stoffen en producties. Gooi dit samen in een blender, met een vleugje gedrevenheid en je hebt.. een eigen sportbrand, HOE cool is dat?!<\/p>\t\t\t\t\t\t\t\t<\/div>\n\t\t\t\t<\/div>\n\t\t\t\t<div class=\"elementor-element elementor-element-5f130bc7 elementor-widget elementor-widget-text-editor\" data-id=\"5f130bc7\" data-element_type=\"widget\" data-e-type=\"widget\" data-widget_type=\"text-editor.default\">\n\t\t\t\t<div class=\"elementor-widget-container\">\n\t\t\t\t\t\t\t\t\t<p><strong>SEI -DU-SCH\u00d6N \u2764\ufe0f<br \/><\/strong>Wir von FITT m\u00f6chten zu Ihrem Selbstbewusstsein beitragen. In dieser Welt der perfekten Bilder in den sozialen Medien ist es ziemlich schwierig, sich nicht zu vergleichen. Das gilt auch f\u00fcr das Training. Wie sch\u00f6n ist es also, ein Outfit zu tragen, in dem man sich selbst wohl f\u00fchlt? Denn Selbstvertrauen steckt nicht nur in modischer und sch\u00f6ner Kleidung, sondern auch in Ihnen selbst! Zieh das bunte Top, die Shorts oder die Knirpsleggings an und zeig dich! Denn DU kannst dich sehen lassen!<br \/>Ich h\u00f6re immer noch regelm\u00e4\u00dfig \"Ich trage nur schwarze Sportkleidung, weil ich Angst habe, dass man sonst Schwei\u00dfflecken sieht\". Bitte h\u00f6ren Sie auf, sich dar\u00fcber Gedanken zu machen, was andere von Ihnen denken. Ziehen Sie an, was SIE anziehen m\u00f6chten. Schlie\u00dflich trainieren wir ja. Schwitzen ist der Beweis daf\u00fcr, dass ihr euer Bestes gegeben habt! Macht euch verr\u00fcckt und seid nett zueinander. Macht jemandem, der im Fitnessstudio schwitzt, ein Kompliment!<br \/>Sei du selbst, sei BE -YOU- TIFUL <strong>\u2764\ufe0f<\/strong><\/p>\t\t\t\t\t\t\t\t<\/div>\n\t\t\t\t<\/div>\n\t\t\t\t<div class=\"elementor-element elementor-element-61bd2747 elementor-widget elementor-widget-text-editor\" data-id=\"61bd2747\" data-element_type=\"widget\" data-e-type=\"widget\" data-widget_type=\"text-editor.default\">\n\t\t\t\t<div class=\"elementor-widget-container\">\n\t\t\t\t\t\t\t\t\t<p>Das Sortiment von FITT besteht aus hochwertiger, bequemer und modischer Sportbekleidung zu einem guten Preis. Unsere umfangreiche Kollektion wird zu diesem Zweck sorgf\u00e4ltig ausgew\u00e4hlt und entwickelt. Ich pers\u00f6nlich liebe trendige Teile, die auffallen und bunt sind. Oder ich kombiniere sie mit einem sch\u00f6nen Paar schwarzer Leggings. Das Wichtigste ist, dass du das tr\u00e4gst, was DU tragen m\u00f6chtest. Das tue ich auch! Bringen Sie einfach Ihre nat\u00fcrlichen Formen zur Geltung, z. B. mit Kontur- oder Kurvenleggings, oder tragen Sie den Sport-BH, den Sie schon immer mal anziehen wollten! Das bist du dir selbst schuldig!<\/p>\t\t\t\t\t\t\t\t<\/div>\n\t\t\t\t<\/div>\n\t\t\t\t<div class=\"elementor-element elementor-element-4ce4e65e elementor-widget elementor-widget-text-editor\" data-id=\"4ce4e65e\" data-element_type=\"widget\" data-e-type=\"widget\" data-widget_type=\"text-editor.default\">\n\t\t\t\t<div class=\"elementor-widget-container\">\n\t\t\t\t\t\t\t\t\t<p>Du kannst da sein, dich selbstbewusst f\u00fchlen. Zieh an, was DU willst, du bist sch\u00f6n. Verstecken Sie sich nicht (mehr).<br \/>SEI -DU- SCH\u00d6N\u2728<br \/><br \/>Was ist ein gl\u00fccklicher Lebensstil f\u00fcr mich?<br \/>Ein gl\u00fccklicher Lebensstil ist eine gute Balance zwischen gesunder Ern\u00e4hrung und ausreichender Bewegung, aber auch der M\u00f6glichkeit, weniger gesunde Lebensmittel und z. B. ein Glas Wein zu genie\u00dfen. Ein gl\u00fccklicher Lebensstil ist ein Lebensstil, bei dem man sich gut f\u00fchlt, nicht zu streng mit sich selbst ist und sich bewusst genie\u00dft. Ein Lebensstil, der leicht zu halten ist. Im Gegensatz zu einem so genannten Healthy Lifestyle. Ich glaube nicht an Di\u00e4ten und daran, sich zu zwingen, 6 Mal pro Woche ins Fitnessstudio zu gehen. Das ist ein kurzfristiges Denken und kann auf Dauer nicht aufrechterhalten werden. Au\u00dferdem f\u00fchlt man sich nicht gl\u00fccklich, wenn man so streng mit sich selbst ist. Versuchen Sie also, einen gl\u00fccklichen Lebensstil f\u00fcr sich selbst zu schaffen, denn das ist das Einzige, was funktioniert.<\/p>\t\t\t\t\t\t\t\t<\/div>\n\t\t\t\t<\/div>\n\t\t\t\t<div class=\"elementor-element elementor-element-1c6b7117 elementor-widget elementor-widget-text-editor\" data-id=\"1c6b7117\" data-element_type=\"widget\" data-e-type=\"widget\" data-widget_type=\"text-editor.default\">\n\t\t\t\t<div class=\"elementor-widget-container\">\n\t\t\t\t\t\t\t\t\t<p>Werden Sie Teil der FITT-Community und folgen Sie @fittwear_sam und @fittwear_official und teilen Sie Ihre Begeisterung! Wie wird man Teil der gro\u00dfartigen FITT Wear-Community? Teilen Sie einfach Ihr eigenes Foto mit #fittwearcommunity und @fittwear_sam und @fittwear_official. Lassen Sie uns gemeinsam f\u00fcr mehr Selbstvertrauen bei Frauen sorgen. Holen Sie sich das Vertrauen!<\/p>\t\t\t\t\t\t\t\t<\/div>\n\t\t\t\t<\/div>\n\t\t\t\t<div class=\"elementor-element elementor-element-7bda8945 elementor-widget elementor-widget-text-editor\" data-id=\"7bda8945\" data-element_type=\"widget\" data-e-type=\"widget\" data-widget_type=\"text-editor.default\">\n\t\t\t\t<div class=\"elementor-widget-container\">\n\t\t\t\t\t\t\t\t\tLiebe Sammie \t\t\t\t\t\t\t\t<\/div>\n\t\t\t\t<\/div>\n\t\t\t\t<div class=\"elementor-element elementor-element-2c97370 elementor-widget elementor-widget-button\" data-id=\"2c97370\" data-element_type=\"widget\" data-e-type=\"widget\" data-widget_type=\"button.default\">\n\t\t\t\t<div class=\"elementor-widget-container\">\n\t\t\t\t\t\t\t\t\t<div class=\"elementor-button-wrapper\">\n\t\t\t\t\t<a class=\"elementor-button elementor-button-link elementor-size-sm\" href=\"https:\/\/fittwear.nl\/de\/shop\/\">\n\t\t\t\t\t\t<span class=\"elementor-button-content-wrapper\">\n\t\t\t\t\t\t\t\t\t<span class=\"elementor-button-text\">Zum Webshop<\/span>\n\t\t\t\t\t<\/span>\n\t\t\t\t\t<\/a>\n\t\t\t\t<\/div>\n\t\t\t\t\t\t\t\t<\/div>\n\t\t\t\t<\/div>\n\t\t\t\t\t<\/div>\n\t\t<\/div>\n\t\t\t\t\t<\/div>\n\t\t<\/section>\n\t\t\t\t\t<\/div>\n\t\t<\/div>\n\t\t\t\t\t<\/div>\n\t\t<\/section>\n\t\t\t\t<\/div>","protected":false},"excerpt":{"rendered":"<p>Over ons Ik, Sammie, ben in 2020 FITT Wear gestart omdat ik enorm enthousiast word van een happy lifestyle. Inspirerend en gezond eten \u00e9n zeker sporten\/bewegen zijn daar onderdeel van. Daarnaast ben ik zelf sportief en vind ik het leuk om er ook tijdens het sporten leuk uit te zien. Ik heb een passion for [&hellip;]<\/p>\n","protected":false},"author":1,"featured_media":0,"parent":0,"menu_order":0,"comment_status":"closed","ping_status":"closed","template":"","meta":{"_acf_changed":false,"footnotes":""},"class_list":["post-781","page","type-page","status-publish","hentry"],"acf":[],"yoast_head":"<!-- This site is optimized with the Yoast SEO plugin v27.1.1 - https:\/\/yoast.com\/product\/yoast-seo-wordpress\/ -->\n<title>Over FITT Wear dames sportkleding<\/title>\n<meta name=\"description\" content=\"Lees hier alles over het Nederlandse dames sportkleding merk FITT Wear en join onze online community. In welke legging sport jij het liefste?\" \/>\n<meta name=\"robots\" content=\"index, follow, max-snippet:-1, max-image-preview:large, max-video-preview:-1\" \/>\n<link rel=\"canonical\" href=\"https:\/\/fittwear.nl\/de\/over-fit-wear-damen-sportbekleidung\/\" \/>\n<meta property=\"og:locale\" content=\"de_DE\" \/>\n<meta property=\"og:type\" content=\"article\" \/>\n<meta property=\"og:title\" content=\"Over FITT Wear dames sportkleding\" \/>\n<meta property=\"og:description\" content=\"Lees hier alles over het Nederlandse dames sportkleding merk FITT Wear en join onze online community. In welke legging sport jij het liefste?\" \/>\n<meta property=\"og:url\" content=\"https:\/\/fittwear.nl\/de\/over-fit-wear-damen-sportbekleidung\/\" \/>\n<meta property=\"og:site_name\" content=\"FITTwear.nl\" \/>\n<meta property=\"article:modified_time\" content=\"2025-12-08T12:18:50+00:00\" \/>\n<meta property=\"og:image\" content=\"https:\/\/fittwear.nl\/wp-content\/uploads\/elementor\/thumbs\/IMG_1338-scaled-rfurfbyzsayxo8hbjhgmci8v16iahvhfixzwf52xnc.jpg\" \/>\n<meta name=\"twitter:card\" content=\"summary_large_image\" \/>\n<meta name=\"twitter:label1\" content=\"Gesch\u00e4tzte Lesezeit\" \/>\n\t<meta name=\"twitter:data1\" content=\"3\u00a0Minuten\" \/>\n<script type=\"application\/ld+json\" class=\"yoast-schema-graph\">{\"@context\":\"https:\/\/schema.org\",\"@graph\":[{\"@type\":\"WebPage\",\"@id\":\"https:\/\/fittwear.nl\/over-fitt-wear-dames-sportkleding\/\",\"url\":\"https:\/\/fittwear.nl\/over-fitt-wear-dames-sportkleding\/\",\"name\":\"Over FITT Wear dames sportkleding\",\"isPartOf\":{\"@id\":\"https:\/\/fittwear.nl\/#website\"},\"primaryImageOfPage\":{\"@id\":\"https:\/\/fittwear.nl\/over-fitt-wear-dames-sportkleding\/#primaryimage\"},\"image\":{\"@id\":\"https:\/\/fittwear.nl\/over-fitt-wear-dames-sportkleding\/#primaryimage\"},\"thumbnailUrl\":\"https:\/\/fittwear.nl\/wp-content\/uploads\/elementor\/thumbs\/IMG_1338-scaled-rfurfbyzsayxo8hbjhgmci8v16iahvhfixzwf52xnc.jpg\",\"datePublished\":\"2017-02-09T08:45:13+00:00\",\"dateModified\":\"2025-12-08T12:18:50+00:00\",\"description\":\"Lees hier alles over het Nederlandse dames sportkleding merk FITT Wear en join onze online community. In welke legging sport jij het liefste?\",\"breadcrumb\":{\"@id\":\"https:\/\/fittwear.nl\/over-fitt-wear-dames-sportkleding\/#breadcrumb\"},\"inLanguage\":\"de\",\"potentialAction\":[{\"@type\":\"ReadAction\",\"target\":[\"https:\/\/fittwear.nl\/over-fitt-wear-dames-sportkleding\/\"]}]},{\"@type\":\"ImageObject\",\"inLanguage\":\"de\",\"@id\":\"https:\/\/fittwear.nl\/over-fitt-wear-dames-sportkleding\/#primaryimage\",\"url\":\"https:\/\/fittwear.nl\/wp-content\/uploads\/elementor\/thumbs\/IMG_1338-scaled-rfurfbyzsayxo8hbjhgmci8v16iahvhfixzwf52xnc.jpg\",\"contentUrl\":\"https:\/\/fittwear.nl\/wp-content\/uploads\/elementor\/thumbs\/IMG_1338-scaled-rfurfbyzsayxo8hbjhgmci8v16iahvhfixzwf52xnc.jpg\"},{\"@type\":\"BreadcrumbList\",\"@id\":\"https:\/\/fittwear.nl\/over-fitt-wear-dames-sportkleding\/#breadcrumb\",\"itemListElement\":[{\"@type\":\"ListItem\",\"position\":1,\"name\":\"Home\",\"item\":\"https:\/\/fittwear.nl\/\"},{\"@type\":\"ListItem\",\"position\":2,\"name\":\"Over FITT\"}]},{\"@type\":\"WebSite\",\"@id\":\"https:\/\/fittwear.nl\/#website\",\"url\":\"https:\/\/fittwear.nl\/\",\"name\":\"FITTwear.nl\",\"description\":\"Time to shine!\",\"publisher\":{\"@id\":\"https:\/\/fittwear.nl\/#organization\"},\"potentialAction\":[{\"@type\":\"SearchAction\",\"target\":{\"@type\":\"EntryPoint\",\"urlTemplate\":\"https:\/\/fittwear.nl\/?s={search_term_string}\"},\"query-input\":{\"@type\":\"PropertyValueSpecification\",\"valueRequired\":true,\"valueName\":\"search_term_string\"}}],\"inLanguage\":\"de\"},{\"@type\":\"Organization\",\"@id\":\"https:\/\/fittwear.nl\/#organization\",\"name\":\"FITTwear.nl\",\"url\":\"https:\/\/fittwear.nl\/\",\"logo\":{\"@type\":\"ImageObject\",\"inLanguage\":\"de\",\"@id\":\"https:\/\/fittwear.nl\/#\/schema\/logo\/image\/\",\"url\":\"https:\/\/fittwear.nl\/wp-content\/uploads\/2024\/07\/FITT-Logo-BeYOUtiful-website-homepage_Tekengebied-1-scaled.jpg\",\"contentUrl\":\"https:\/\/fittwear.nl\/wp-content\/uploads\/2024\/07\/FITT-Logo-BeYOUtiful-website-homepage_Tekengebied-1-scaled.jpg\",\"width\":2560,\"height\":599,\"caption\":\"FITTwear.nl\"},\"image\":{\"@id\":\"https:\/\/fittwear.nl\/#\/schema\/logo\/image\/\"}}]}<\/script>\n<!-- \/ Yoast SEO plugin. -->","yoast_head_json":{"title":"\u00dcber FITT Wear Sportbekleidung f\u00fcr Frauen","description":"Lesen Sie hier alles \u00fcber die niederl\u00e4ndische Sportbekleidungsmarke f\u00fcr Frauen FITT Wear und werden Sie Mitglied unserer Online-Community. In welchen Leggings trainieren Sie am liebsten?","robots":{"index":"index","follow":"follow","max-snippet":"max-snippet:-1","max-image-preview":"max-image-preview:large","max-video-preview":"max-video-preview:-1"},"canonical":"https:\/\/fittwear.nl\/de\/over-fit-wear-damen-sportbekleidung\/","og_locale":"de_DE","og_type":"article","og_title":"Over FITT Wear dames sportkleding","og_description":"Lees hier alles over het Nederlandse dames sportkleding merk FITT Wear en join onze online community. In welke legging sport jij het liefste?","og_url":"https:\/\/fittwear.nl\/de\/over-fit-wear-damen-sportbekleidung\/","og_site_name":"FITTwear.nl","article_modified_time":"2025-12-08T12:18:50+00:00","og_image":[{"url":"https:\/\/fittwear.nl\/wp-content\/uploads\/elementor\/thumbs\/IMG_1338-scaled-rfurfbyzsayxo8hbjhgmci8v16iahvhfixzwf52xnc.jpg","type":"","width":"","height":""}],"twitter_card":"summary_large_image","twitter_misc":{"Gesch\u00e4tzte Lesezeit":"3\u00a0Minuten"},"schema":{"@context":"https:\/\/schema.org","@graph":[{"@type":"WebPage","@id":"https:\/\/fittwear.nl\/over-fitt-wear-dames-sportkleding\/","url":"https:\/\/fittwear.nl\/over-fitt-wear-dames-sportkleding\/","name":"\u00dcber FITT Wear Sportbekleidung f\u00fcr Frauen","isPartOf":{"@id":"https:\/\/fittwear.nl\/#website"},"primaryImageOfPage":{"@id":"https:\/\/fittwear.nl\/over-fitt-wear-dames-sportkleding\/#primaryimage"},"image":{"@id":"https:\/\/fittwear.nl\/over-fitt-wear-dames-sportkleding\/#primaryimage"},"thumbnailUrl":"https:\/\/fittwear.nl\/wp-content\/uploads\/elementor\/thumbs\/IMG_1338-scaled-rfurfbyzsayxo8hbjhgmci8v16iahvhfixzwf52xnc.jpg","datePublished":"2017-02-09T08:45:13+00:00","dateModified":"2025-12-08T12:18:50+00:00","description":"Lesen Sie hier alles \u00fcber die niederl\u00e4ndische Sportbekleidungsmarke f\u00fcr Frauen FITT Wear und werden Sie Mitglied unserer Online-Community. In welchen Leggings trainieren Sie am liebsten?","breadcrumb":{"@id":"https:\/\/fittwear.nl\/over-fitt-wear-dames-sportkleding\/#breadcrumb"},"inLanguage":"de","potentialAction":[{"@type":"ReadAction","target":["https:\/\/fittwear.nl\/over-fitt-wear-dames-sportkleding\/"]}]},{"@type":"ImageObject","inLanguage":"de","@id":"https:\/\/fittwear.nl\/over-fitt-wear-dames-sportkleding\/#primaryimage","url":"https:\/\/fittwear.nl\/wp-content\/uploads\/elementor\/thumbs\/IMG_1338-scaled-rfurfbyzsayxo8hbjhgmci8v16iahvhfixzwf52xnc.jpg","contentUrl":"https:\/\/fittwear.nl\/wp-content\/uploads\/elementor\/thumbs\/IMG_1338-scaled-rfurfbyzsayxo8hbjhgmci8v16iahvhfixzwf52xnc.jpg"},{"@type":"BreadcrumbList","@id":"https:\/\/fittwear.nl\/over-fitt-wear-dames-sportkleding\/#breadcrumb","itemListElement":[{"@type":"ListItem","position":1,"name":"Home","item":"https:\/\/fittwear.nl\/"},{"@type":"ListItem","position":2,"name":"Over FITT"}]},{"@type":"WebSite","@id":"https:\/\/fittwear.nl\/#website","url":"https:\/\/fittwear.nl\/","name":"FITTwear.co.uk","description":"Zeit zu gl\u00e4nzen!","publisher":{"@id":"https:\/\/fittwear.nl\/#organization"},"potentialAction":[{"@type":"SearchAction","target":{"@type":"EntryPoint","urlTemplate":"https:\/\/fittwear.nl\/?s={search_term_string}"},"query-input":{"@type":"PropertyValueSpecification","valueRequired":true,"valueName":"search_term_string"}}],"inLanguage":"de"},{"@type":"Organization","@id":"https:\/\/fittwear.nl\/#organization","name":"FITTwear.co.uk","url":"https:\/\/fittwear.nl\/","logo":{"@type":"ImageObject","inLanguage":"de","@id":"https:\/\/fittwear.nl\/#\/schema\/logo\/image\/","url":"https:\/\/fittwear.nl\/wp-content\/uploads\/2024\/07\/FITT-Logo-BeYOUtiful-website-homepage_Tekengebied-1-scaled.jpg","contentUrl":"https:\/\/fittwear.nl\/wp-content\/uploads\/2024\/07\/FITT-Logo-BeYOUtiful-website-homepage_Tekengebied-1-scaled.jpg","width":2560,"height":599,"caption":"FITTwear.nl"},"image":{"@id":"https:\/\/fittwear.nl\/#\/schema\/logo\/image\/"}}]}},"_links":{"self":[{"href":"https:\/\/fittwear.nl\/de\/wp-json\/wp\/v2\/pages\/781","targetHints":{"allow":["GET"]}}],"collection":[{"href":"https:\/\/fittwear.nl\/de\/wp-json\/wp\/v2\/pages"}],"about":[{"href":"https:\/\/fittwear.nl\/de\/wp-json\/wp\/v2\/types\/page"}],"author":[{"embeddable":true,"href":"https:\/\/fittwear.nl\/de\/wp-json\/wp\/v2\/users\/1"}],"replies":[{"embeddable":true,"href":"https:\/\/fittwear.nl\/de\/wp-json\/wp\/v2\/comments?post=781"}],"version-history":[{"count":39,"href":"https:\/\/fittwear.nl\/de\/wp-json\/wp\/v2\/pages\/781\/revisions"}],"predecessor-version":[{"id":122003,"href":"https:\/\/fittwear.nl\/de\/wp-json\/wp\/v2\/pages\/781\/revisions\/122003"}],"wp:attachment":[{"href":"https:\/\/fittwear.nl\/de\/wp-json\/wp\/v2\/media?parent=781"}],"curies":[{"name":"wp","href":"https:\/\/api.w.org\/{rel}","templated":true}]}}