{"id":90560,"date":"2024-05-02T14:23:05","date_gmt":"2024-05-02T12:23:05","guid":{"rendered":"https:\/\/fittwear.nl\/?page_id=90560"},"modified":"2024-05-08T10:33:30","modified_gmt":"2024-05-08T08:33:30","slug":"fittwear-grosentabelle","status":"publish","type":"page","link":"https:\/\/fittwear.nl\/de\/maattabel-fitt-wear\/","title":{"rendered":"Gr\u00f6\u00dfentabelle FITT Wear"},"content":{"rendered":"<div data-elementor-type=\"wp-page\" data-elementor-id=\"90560\" class=\"elementor elementor-90560\" data-elementor-post-type=\"page\">\n\t\t\t\t\t\t<section class=\"elementor-section elementor-top-section elementor-element elementor-element-c339902 elementor-section-boxed elementor-section-height-default elementor-section-height-default\" data-id=\"c339902\" data-element_type=\"section\" data-e-type=\"section\">\n\t\t\t\t\t\t<div class=\"elementor-container elementor-column-gap-default\">\n\t\t\t\t\t<div class=\"elementor-column elementor-col-100 elementor-top-column elementor-element elementor-element-00ca123\" data-id=\"00ca123\" data-element_type=\"column\" data-e-type=\"column\">\n\t\t\t<div class=\"elementor-widget-wrap elementor-element-populated\">\n\t\t\t\t\t\t<div class=\"elementor-element elementor-element-c030a18 elementor-widget elementor-widget-text-editor\" data-id=\"c030a18\" data-element_type=\"widget\" data-e-type=\"widget\" data-widget_type=\"text-editor.default\">\n\t\t\t\t<div class=\"elementor-widget-container\">\n\t\t\t\t\t\t\t\t\t<h4><strong>Gr\u00f6\u00dfentabelle FITT Wear\u00a0<\/strong><\/h4>\t\t\t\t\t\t\t\t<\/div>\n\t\t\t\t<\/div>\n\t\t\t\t<div class=\"elementor-element elementor-element-feced49 elementor-widget elementor-widget-text-editor\" data-id=\"feced49\" data-element_type=\"widget\" data-e-type=\"widget\" data-widget_type=\"text-editor.default\">\n\t\t\t\t<div class=\"elementor-widget-container\">\n\t\t\t\t\t\t\t\t\t<p>Finden Sie die perfekte Passform mit unserer Gr\u00f6\u00dfentabelle! Wir bei FITT Wear wissen, dass perfekt sitzende Kleidung f\u00fcr Ihren Komfort und Ihr Selbstvertrauen wichtig ist. Deshalb haben wir unsere Gr\u00f6\u00dfentabelle zusammengestellt: Sie gibt Ihnen Hinweise zu unseren Gr\u00f6\u00dfen, damit Sie eine bessere Vorstellung davon haben, welche Gr\u00f6\u00dfe Sie w\u00e4hlen sollten.<\/p><p><strong>Wie ist unsere Gr\u00f6\u00dfentabelle zu verwenden?<br \/><\/strong>Unsere Gr\u00f6\u00dfentabelle hilft Ihnen, die perfekte Passform f\u00fcr alle unsere FITT Wear-Produkte zu finden. Folgen Sie diesen einfachen Schritten:<\/p><ul><li><strong>Messen Sie Ihren K\u00f6rper<\/strong>: Nehmen Sie ein Ma\u00dfband und messen Sie Ihre Taille und H\u00fcfte gem\u00e4\u00df den Anweisungen in unserer Gr\u00f6\u00dfentabelle. Messen Sie Ihre H\u00fcften immer an der breitesten Stelle und Ihre Taille an der schmalsten Stelle.<\/li><li><strong>Vergleichen Sie mit unserer Gr\u00f6\u00dfentabelle<\/strong>: Bitte beachten Sie die nachstehende Gr\u00f6\u00dfentabelle, die speziell f\u00fcr das Produkt, das Sie bestellen m\u00f6chten, erstellt wurde. Bitte beachten Sie, dass die Gr\u00f6\u00dfentabelle nur eine Empfehlung ist. Individuelle Passformen k\u00f6nnen je nach pers\u00f6nlicher Vorliebe und K\u00f6rperbau variieren.<\/li><li><strong>W\u00e4hlen Sie Ihre Gr\u00f6\u00dfe<\/strong>W\u00e4hlen Sie die Gr\u00f6\u00dfe, die Ihren Ma\u00dfen am n\u00e4chsten kommt. Wenn Sie zwischen zwei Gr\u00f6\u00dfen liegen, empfehlen wir Ihnen, die gr\u00f6\u00dfere Gr\u00f6\u00dfe zu w\u00e4hlen, damit Sie bei all Ihren Trainingseinheiten bequem sitzen.<\/li><li><strong>REMEMBER<\/strong>: Es gibt Artikel, die von dieser Gr\u00f6\u00dfentabelle abweichen. Wir erw\u00e4hnen dies pro Artikel in der Beschreibung. Es k\u00f6nnte zum Beispiel hei\u00dfen \"Artikel f\u00e4llt klein aus, bitte eine Nummer gr\u00f6\u00dfer bestellen\". Wenn etwas gr\u00f6\u00dfengetreu ist, k\u00f6nnen Sie diese Gr\u00f6\u00dfentabelle verwenden. Steht dort, dass der Artikel gro\u00df oder klein ausf\u00e4llt? W\u00e4hlen Sie eine Gr\u00f6\u00dfe mehr oder weniger im Vergleich zu dieser Tabelle.<\/li><\/ul>\t\t\t\t\t\t\t\t<\/div>\n\t\t\t\t<\/div>\n\t\t\t\t\t<\/div>\n\t\t<\/div>\n\t\t\t\t\t<\/div>\n\t\t<\/section>\n\t\t\t\t<section class=\"elementor-section elementor-top-section elementor-element elementor-element-1eb3940 elementor-section-boxed elementor-section-height-default elementor-section-height-default\" data-id=\"1eb3940\" data-element_type=\"section\" data-e-type=\"section\">\n\t\t\t\t\t\t<div class=\"elementor-container elementor-column-gap-default\">\n\t\t\t\t\t<div class=\"elementor-column elementor-col-100 elementor-top-column elementor-element elementor-element-3850e32\" data-id=\"3850e32\" data-element_type=\"column\" data-e-type=\"column\">\n\t\t\t<div class=\"elementor-widget-wrap elementor-element-populated\">\n\t\t\t\t\t\t<div class=\"elementor-element elementor-element-80f8d30 elementor-widget elementor-widget-image\" data-id=\"80f8d30\" data-element_type=\"widget\" data-e-type=\"widget\" data-widget_type=\"image.default\">\n\t\t\t\t<div class=\"elementor-widget-container\">\n\t\t\t\t\t\t\t\t\t\t\t\t\t\t\t<img fetchpriority=\"high\" decoding=\"async\" width=\"1024\" height=\"483\" src=\"https:\/\/fittwear.nl\/wp-content\/uploads\/2024\/05\/FITT-Sizecharts-1024-x-1024-px.jpg\" class=\"attachment-large size-large wp-image-91586\" alt=\"\" srcset=\"https:\/\/fittwear.nl\/wp-content\/uploads\/2024\/05\/FITT-Sizecharts-1024-x-1024-px.jpg.webp 1024w, https:\/\/fittwear.nl\/wp-content\/uploads\/2024\/05\/FITT-Sizecharts-1024-x-1024-px-300x142.jpg.webp 300w, https:\/\/fittwear.nl\/wp-content\/uploads\/2024\/05\/FITT-Sizecharts-1024-x-1024-px-768x362.jpg.webp 768w, https:\/\/fittwear.nl\/wp-content\/uploads\/2024\/05\/FITT-Sizecharts-1024-x-1024-px-18x8.jpg.webp 18w, https:\/\/fittwear.nl\/wp-content\/uploads\/2024\/05\/FITT-Sizecharts-1024-x-1024-px-990x467.jpg.webp 990w, https:\/\/fittwear.nl\/wp-content\/uploads\/2024\/05\/FITT-Sizecharts-1024-x-1024-px-441x208.jpg.webp 441w, https:\/\/fittwear.nl\/wp-content\/uploads\/2024\/05\/FITT-Sizecharts-1024-x-1024-px-420x198.jpg.webp 420w, https:\/\/fittwear.nl\/wp-content\/uploads\/2024\/05\/FITT-Sizecharts-1024-x-1024-px-800x377.jpg.webp 800w, https:\/\/fittwear.nl\/wp-content\/uploads\/2024\/05\/FITT-Sizecharts-1024-x-1024-px-150x71.jpg.webp 150w, https:\/\/fittwear.nl\/wp-content\/uploads\/2024\/05\/FITT-Sizecharts-1024-x-1024-px-64x30.jpg.webp 64w\" sizes=\"(max-width: 1024px) 100vw, 1024px\" \/>\t\t\t\t\t\t\t\t\t\t\t\t\t\t\t<\/div>\n\t\t\t\t<\/div>\n\t\t\t\t<div class=\"elementor-element elementor-element-7789d6d elementor-widget elementor-widget-image\" data-id=\"7789d6d\" data-element_type=\"widget\" data-e-type=\"widget\" data-widget_type=\"image.default\">\n\t\t\t\t<div class=\"elementor-widget-container\">\n\t\t\t\t\t\t\t\t\t\t\t\t\t\t\t<img decoding=\"async\" width=\"1024\" height=\"481\" src=\"https:\/\/fittwear.nl\/wp-content\/uploads\/2024\/05\/sizechart-1-5-onder-1024x481.jpg\" class=\"attachment-large size-large wp-image-90959\" alt=\"\" srcset=\"https:\/\/fittwear.nl\/wp-content\/uploads\/2024\/05\/sizechart-1-5-onder-1024x481.jpg.webp 1024w, https:\/\/fittwear.nl\/wp-content\/uploads\/2024\/05\/sizechart-1-5-onder-300x141.jpg.webp 300w, https:\/\/fittwear.nl\/wp-content\/uploads\/2024\/05\/sizechart-1-5-onder-768x361.jpg.webp 768w, https:\/\/fittwear.nl\/wp-content\/uploads\/2024\/05\/sizechart-1-5-onder-1536x721.jpg.webp 1536w, https:\/\/fittwear.nl\/wp-content\/uploads\/2024\/05\/sizechart-1-5-onder-2048x962.jpg.webp 2048w, https:\/\/fittwear.nl\/wp-content\/uploads\/2024\/05\/sizechart-1-5-onder-18x8.jpg.webp 18w, https:\/\/fittwear.nl\/wp-content\/uploads\/2024\/05\/sizechart-1-5-onder-990x465.jpg.webp 990w, https:\/\/fittwear.nl\/wp-content\/uploads\/2024\/05\/sizechart-1-5-onder-441x207.jpg.webp 441w, https:\/\/fittwear.nl\/wp-content\/uploads\/2024\/05\/sizechart-1-5-onder-420x197.jpg.webp 420w, https:\/\/fittwear.nl\/wp-content\/uploads\/2024\/05\/sizechart-1-5-onder-800x376.jpg.webp 800w, https:\/\/fittwear.nl\/wp-content\/uploads\/2024\/05\/sizechart-1-5-onder-150x70.jpg.webp 150w, https:\/\/fittwear.nl\/wp-content\/uploads\/2024\/05\/sizechart-1-5-onder-64x30.jpg.webp 64w\" sizes=\"(max-width: 1024px) 100vw, 1024px\" \/>\t\t\t\t\t\t\t\t\t\t\t\t\t\t\t<\/div>\n\t\t\t\t<\/div>\n\t\t\t\t\t<\/div>\n\t\t<\/div>\n\t\t\t\t\t<\/div>\n\t\t<\/section>\n\t\t\t\t<section class=\"elementor-section elementor-top-section elementor-element elementor-element-f51a07c elementor-section-boxed elementor-section-height-default elementor-section-height-default\" data-id=\"f51a07c\" data-element_type=\"section\" data-e-type=\"section\">\n\t\t\t\t\t\t<div class=\"elementor-container elementor-column-gap-default\">\n\t\t\t\t\t<div class=\"elementor-column elementor-col-100 elementor-top-column elementor-element elementor-element-d1fc349\" data-id=\"d1fc349\" data-element_type=\"column\" data-e-type=\"column\">\n\t\t\t<div class=\"elementor-widget-wrap elementor-element-populated\">\n\t\t\t\t\t\t<div class=\"elementor-element elementor-element-17e0ec2 elementor-widget elementor-widget-text-editor\" data-id=\"17e0ec2\" data-element_type=\"widget\" data-e-type=\"widget\" data-widget_type=\"text-editor.default\">\n\t\t\t\t<div class=\"elementor-widget-container\">\n\t\t\t\t\t\t\t\t\t<p><strong>Unser Engagement f\u00fcr die perfekte Passform<br \/><\/strong>Bei FITT Wear streben wir nach h\u00f6chster Qualit\u00e4t und bester Passform f\u00fcr alle unsere Kunden. Unsere Gr\u00f6\u00dfentabelle wird regelm\u00e4\u00dfig aktualisiert, um sicherzustellen, dass sie genau und aktuell ist. Wenn Sie Fragen zur Wahl der richtigen Gr\u00f6\u00dfe haben, steht Ihnen unser Kundenservice jederzeit zur Verf\u00fcgung. Unsere Gr\u00f6\u00dfentabelle macht das Online-Shopping bei FITT Wear m\u00fchelos und angenehm. Entdecken Sie noch heute unsere umfangreiche Kollektion an hochwertiger Sportbekleidung und finden Sie die perfekte Passform f\u00fcr Ihren aktiven Lebensstil.<\/p>\t\t\t\t\t\t\t\t<\/div>\n\t\t\t\t<\/div>\n\t\t\t\t\t<\/div>\n\t\t<\/div>\n\t\t\t\t\t<\/div>\n\t\t<\/section>\n\t\t\t\t<\/div>","protected":false},"excerpt":{"rendered":"<p>Maattabel FITT Wear\u00a0 Vind de perfecte pasvorm met onze maattabel! Bij FITT Wear begrijpen we dat het vinden van kleding die perfect past essentieel is voor jouw comfort en zelfvertrouwen. Daarom hebben we onze maattabel samengesteld: deze geeft je advies over onze maten, zodat je een beter idee hebt welke maat je kan kiezen. Hoe [&hellip;]<\/p>\n","protected":false},"author":435,"featured_media":0,"parent":0,"menu_order":0,"comment_status":"closed","ping_status":"closed","template":"elementor_header_footer","meta":{"_acf_changed":false,"footnotes":""},"class_list":["post-90560","page","type-page","status-publish","hentry"],"acf":[],"yoast_head":"<!-- This site is optimized with the Yoast SEO plugin v27.5 - https:\/\/yoast.com\/product\/yoast-seo-wordpress\/ -->\n<title>Maattabel FITT Wear - FITTwear.nl<\/title>\n<meta name=\"robots\" content=\"index, follow, max-snippet:-1, max-image-preview:large, max-video-preview:-1\" \/>\n<link rel=\"canonical\" href=\"https:\/\/fittwear.nl\/de\/fittwear-grosentabelle\/\" \/>\n<meta property=\"og:locale\" content=\"de_DE\" \/>\n<meta property=\"og:type\" content=\"article\" \/>\n<meta property=\"og:title\" content=\"Maattabel FITT Wear - FITTwear.nl\" \/>\n<meta property=\"og:description\" content=\"Maattabel FITT Wear\u00a0 Vind de perfecte pasvorm met onze maattabel! Bij FITT Wear begrijpen we dat het vinden van kleding die perfect past essentieel is voor jouw comfort en zelfvertrouwen. Daarom hebben we onze maattabel samengesteld: deze geeft je advies over onze maten, zodat je een beter idee hebt welke maat je kan kiezen. Hoe [&hellip;]\" \/>\n<meta property=\"og:url\" content=\"https:\/\/fittwear.nl\/de\/fittwear-grosentabelle\/\" \/>\n<meta property=\"og:site_name\" content=\"FITTwear.nl\" \/>\n<meta property=\"article:modified_time\" content=\"2024-05-08T08:33:30+00:00\" \/>\n<meta property=\"og:image\" content=\"https:\/\/fittwear.nl\/wp-content\/uploads\/2024\/05\/FITT-Sizecharts-1024-x-1024-px.jpg\" \/>\n<meta name=\"twitter:card\" content=\"summary_large_image\" \/>\n<meta name=\"twitter:label1\" content=\"Gesch\u00e4tzte Lesezeit\" \/>\n\t<meta name=\"twitter:data1\" content=\"3\u00a0Minuten\" \/>\n<script type=\"application\/ld+json\" class=\"yoast-schema-graph\">{\"@context\":\"https:\\\/\\\/schema.org\",\"@graph\":[{\"@type\":\"WebPage\",\"@id\":\"https:\\\/\\\/fittwear.nl\\\/maattabel-fitt-wear\\\/\",\"url\":\"https:\\\/\\\/fittwear.nl\\\/maattabel-fitt-wear\\\/\",\"name\":\"Maattabel FITT Wear - FITTwear.nl\",\"isPartOf\":{\"@id\":\"https:\\\/\\\/fittwear.nl\\\/#website\"},\"primaryImageOfPage\":{\"@id\":\"https:\\\/\\\/fittwear.nl\\\/maattabel-fitt-wear\\\/#primaryimage\"},\"image\":{\"@id\":\"https:\\\/\\\/fittwear.nl\\\/maattabel-fitt-wear\\\/#primaryimage\"},\"thumbnailUrl\":\"https:\\\/\\\/fittwear.nl\\\/wp-content\\\/uploads\\\/2024\\\/05\\\/FITT-Sizecharts-1024-x-1024-px.jpg\",\"datePublished\":\"2024-05-02T12:23:05+00:00\",\"dateModified\":\"2024-05-08T08:33:30+00:00\",\"breadcrumb\":{\"@id\":\"https:\\\/\\\/fittwear.nl\\\/maattabel-fitt-wear\\\/#breadcrumb\"},\"inLanguage\":\"de\",\"potentialAction\":[{\"@type\":\"ReadAction\",\"target\":[\"https:\\\/\\\/fittwear.nl\\\/maattabel-fitt-wear\\\/\"]}]},{\"@type\":\"ImageObject\",\"inLanguage\":\"de\",\"@id\":\"https:\\\/\\\/fittwear.nl\\\/maattabel-fitt-wear\\\/#primaryimage\",\"url\":\"https:\\\/\\\/fittwear.nl\\\/wp-content\\\/uploads\\\/2024\\\/05\\\/FITT-Sizecharts-1024-x-1024-px.jpg\",\"contentUrl\":\"https:\\\/\\\/fittwear.nl\\\/wp-content\\\/uploads\\\/2024\\\/05\\\/FITT-Sizecharts-1024-x-1024-px.jpg\"},{\"@type\":\"BreadcrumbList\",\"@id\":\"https:\\\/\\\/fittwear.nl\\\/maattabel-fitt-wear\\\/#breadcrumb\",\"itemListElement\":[{\"@type\":\"ListItem\",\"position\":1,\"name\":\"Home\",\"item\":\"https:\\\/\\\/fittwear.nl\\\/\"},{\"@type\":\"ListItem\",\"position\":2,\"name\":\"Maattabel FITT Wear\"}]},{\"@type\":\"WebSite\",\"@id\":\"https:\\\/\\\/fittwear.nl\\\/#website\",\"url\":\"https:\\\/\\\/fittwear.nl\\\/\",\"name\":\"FITTwear.nl\",\"description\":\"Time to shine!\",\"publisher\":{\"@id\":\"https:\\\/\\\/fittwear.nl\\\/#organization\"},\"potentialAction\":[{\"@type\":\"SearchAction\",\"target\":{\"@type\":\"EntryPoint\",\"urlTemplate\":\"https:\\\/\\\/fittwear.nl\\\/?s={search_term_string}\"},\"query-input\":{\"@type\":\"PropertyValueSpecification\",\"valueRequired\":true,\"valueName\":\"search_term_string\"}}],\"inLanguage\":\"de\"},{\"@type\":\"Organization\",\"@id\":\"https:\\\/\\\/fittwear.nl\\\/#organization\",\"name\":\"FITTwear.nl\",\"url\":\"https:\\\/\\\/fittwear.nl\\\/\",\"logo\":{\"@type\":\"ImageObject\",\"inLanguage\":\"de\",\"@id\":\"https:\\\/\\\/fittwear.nl\\\/#\\\/schema\\\/logo\\\/image\\\/\",\"url\":\"https:\\\/\\\/fittwear.nl\\\/wp-content\\\/uploads\\\/2024\\\/07\\\/FITT-Logo-BeYOUtiful-website-homepage_Tekengebied-1-scaled.jpg\",\"contentUrl\":\"https:\\\/\\\/fittwear.nl\\\/wp-content\\\/uploads\\\/2024\\\/07\\\/FITT-Logo-BeYOUtiful-website-homepage_Tekengebied-1-scaled.jpg\",\"width\":2560,\"height\":599,\"caption\":\"FITTwear.nl\"},\"image\":{\"@id\":\"https:\\\/\\\/fittwear.nl\\\/#\\\/schema\\\/logo\\\/image\\\/\"}}]}<\/script>\n<!-- \/ Yoast SEO plugin. -->","yoast_head_json":{"title":"Gr\u00f6\u00dfentabelle FITT Wear - FITTwear.nl","robots":{"index":"index","follow":"follow","max-snippet":"max-snippet:-1","max-image-preview":"max-image-preview:large","max-video-preview":"max-video-preview:-1"},"canonical":"https:\/\/fittwear.nl\/de\/fittwear-grosentabelle\/","og_locale":"de_DE","og_type":"article","og_title":"Maattabel FITT Wear - FITTwear.nl","og_description":"Maattabel FITT Wear\u00a0 Vind de perfecte pasvorm met onze maattabel! Bij FITT Wear begrijpen we dat het vinden van kleding die perfect past essentieel is voor jouw comfort en zelfvertrouwen. Daarom hebben we onze maattabel samengesteld: deze geeft je advies over onze maten, zodat je een beter idee hebt welke maat je kan kiezen. Hoe [&hellip;]","og_url":"https:\/\/fittwear.nl\/de\/fittwear-grosentabelle\/","og_site_name":"FITTwear.nl","article_modified_time":"2024-05-08T08:33:30+00:00","og_image":[{"url":"https:\/\/fittwear.nl\/wp-content\/uploads\/2024\/05\/FITT-Sizecharts-1024-x-1024-px.jpg","type":"","width":"","height":""}],"twitter_card":"summary_large_image","twitter_misc":{"Gesch\u00e4tzte Lesezeit":"3\u00a0Minuten"},"schema":{"@context":"https:\/\/schema.org","@graph":[{"@type":"WebPage","@id":"https:\/\/fittwear.nl\/maattabel-fitt-wear\/","url":"https:\/\/fittwear.nl\/maattabel-fitt-wear\/","name":"Gr\u00f6\u00dfentabelle FITT Wear - FITTwear.nl","isPartOf":{"@id":"https:\/\/fittwear.nl\/#website"},"primaryImageOfPage":{"@id":"https:\/\/fittwear.nl\/maattabel-fitt-wear\/#primaryimage"},"image":{"@id":"https:\/\/fittwear.nl\/maattabel-fitt-wear\/#primaryimage"},"thumbnailUrl":"https:\/\/fittwear.nl\/wp-content\/uploads\/2024\/05\/FITT-Sizecharts-1024-x-1024-px.jpg","datePublished":"2024-05-02T12:23:05+00:00","dateModified":"2024-05-08T08:33:30+00:00","breadcrumb":{"@id":"https:\/\/fittwear.nl\/maattabel-fitt-wear\/#breadcrumb"},"inLanguage":"de","potentialAction":[{"@type":"ReadAction","target":["https:\/\/fittwear.nl\/maattabel-fitt-wear\/"]}]},{"@type":"ImageObject","inLanguage":"de","@id":"https:\/\/fittwear.nl\/maattabel-fitt-wear\/#primaryimage","url":"https:\/\/fittwear.nl\/wp-content\/uploads\/2024\/05\/FITT-Sizecharts-1024-x-1024-px.jpg","contentUrl":"https:\/\/fittwear.nl\/wp-content\/uploads\/2024\/05\/FITT-Sizecharts-1024-x-1024-px.jpg"},{"@type":"BreadcrumbList","@id":"https:\/\/fittwear.nl\/maattabel-fitt-wear\/#breadcrumb","itemListElement":[{"@type":"ListItem","position":1,"name":"Home","item":"https:\/\/fittwear.nl\/"},{"@type":"ListItem","position":2,"name":"Maattabel FITT Wear"}]},{"@type":"WebSite","@id":"https:\/\/fittwear.nl\/#website","url":"https:\/\/fittwear.nl\/","name":"FITTwear.co.uk","description":"Zeit zu gl\u00e4nzen!","publisher":{"@id":"https:\/\/fittwear.nl\/#organization"},"potentialAction":[{"@type":"SearchAction","target":{"@type":"EntryPoint","urlTemplate":"https:\/\/fittwear.nl\/?s={search_term_string}"},"query-input":{"@type":"PropertyValueSpecification","valueRequired":true,"valueName":"search_term_string"}}],"inLanguage":"de"},{"@type":"Organization","@id":"https:\/\/fittwear.nl\/#organization","name":"FITTwear.co.uk","url":"https:\/\/fittwear.nl\/","logo":{"@type":"ImageObject","inLanguage":"de","@id":"https:\/\/fittwear.nl\/#\/schema\/logo\/image\/","url":"https:\/\/fittwear.nl\/wp-content\/uploads\/2024\/07\/FITT-Logo-BeYOUtiful-website-homepage_Tekengebied-1-scaled.jpg","contentUrl":"https:\/\/fittwear.nl\/wp-content\/uploads\/2024\/07\/FITT-Logo-BeYOUtiful-website-homepage_Tekengebied-1-scaled.jpg","width":2560,"height":599,"caption":"FITTwear.nl"},"image":{"@id":"https:\/\/fittwear.nl\/#\/schema\/logo\/image\/"}}]}},"_links":{"self":[{"href":"https:\/\/fittwear.nl\/de\/wp-json\/wp\/v2\/pages\/90560","targetHints":{"allow":["GET"]}}],"collection":[{"href":"https:\/\/fittwear.nl\/de\/wp-json\/wp\/v2\/pages"}],"about":[{"href":"https:\/\/fittwear.nl\/de\/wp-json\/wp\/v2\/types\/page"}],"author":[{"embeddable":true,"href":"https:\/\/fittwear.nl\/de\/wp-json\/wp\/v2\/users\/435"}],"replies":[{"embeddable":true,"href":"https:\/\/fittwear.nl\/de\/wp-json\/wp\/v2\/comments?post=90560"}],"version-history":[{"count":26,"href":"https:\/\/fittwear.nl\/de\/wp-json\/wp\/v2\/pages\/90560\/revisions"}],"predecessor-version":[{"id":91590,"href":"https:\/\/fittwear.nl\/de\/wp-json\/wp\/v2\/pages\/90560\/revisions\/91590"}],"wp:attachment":[{"href":"https:\/\/fittwear.nl\/de\/wp-json\/wp\/v2\/media?parent=90560"}],"curies":[{"name":"wp","href":"https:\/\/api.w.org\/{rel}","templated":true}]}}