{"id":110324,"date":"2025-07-09T12:21:28","date_gmt":"2025-07-09T10:21:28","guid":{"rendered":"https:\/\/fittwear.nl\/?post_type=product&#038;p=110324"},"modified":"2026-04-06T11:25:46","modified_gmt":"2026-04-06T09:25:46","slug":"oversized-comfort-top-longsleeve","status":"publish","type":"product","link":"https:\/\/fittwear.nl\/de\/product\/oversized-comfort-top-longsleeve\/","title":{"rendered":"Oversized Comfort Top Longsleeve"},"content":{"rendered":"<p>- Lang\u00e4rmeliges Komfort-Top<\/p>\n\n\n\n<p>- Kein enger Sitz am Bauch<\/p>\n\n\n\n<p>\u2013 Lange lengte<\/p>\n\n\n\n<p>- Dehnbarer und weicher Stoff<\/p>\n\n\n\n<p>\u2013 Voorzien van subtiel logo op jukstuk<\/p>\n\n\n\n<p>- 80% Nylon, 20% Elastan<\/p>\n\n\n\n<p>- Waschbar bis zu 30\u00b0<\/p>\n\n\n\n<p>- Farbe: Schwarz<\/p>\n\n\n\n<p>- Model Sophie ist 1,75 und tr\u00e4gt Gr\u00f6\u00dfe S<\/p>","protected":false},"excerpt":{"rendered":"<p>Een comfortabele top met lange mouw. De pasvorm rondom de buik oversized. De pasvorm en de stretchy, zachte stof zorgen voor het ultieme comfort. Let&#8217;s go workout!<\/p>","protected":false},"featured_media":112633,"template":"","meta":{"_acf_changed":false},"product_brand":[],"product_cat":[4811,27,79,80,64,66,65],"product_tag":[],"class_list":{"0":"post-110324","1":"product","2":"type-product","3":"status-publish","4":"has-post-thumbnail","6":"product_cat-longsleeves-dames","7":"product_cat-dames","8":"product_cat-tanktops-dames","9":"product_cat-longsleeves","10":"product_cat-hardloopkleding","11":"product_cat-loungewear","12":"product_cat-yogakleding","14":"first","15":"instock","16":"taxable","17":"shipping-taxable","18":"purchasable","19":"product-type-variable","20":"has-default-attributes"},"acf":[],"yoast_head":"<!-- This site is optimized with the Yoast SEO plugin v27.1.1 - https:\/\/yoast.com\/product\/yoast-seo-wordpress\/ -->\n<title>Oversized Comfort Top Longsleeve - FITTwear.nl<\/title>\n<meta name=\"description\" content=\"Een comfortabele top met lange mouw. De pasvorm rondom de buik oversized. De pasvorm en de stretchy, zachte stof zorgen voor het ultieme comfort. Let&#039;s go workout!\" \/>\n<meta name=\"robots\" content=\"index, follow, max-snippet:-1, max-image-preview:large, max-video-preview:-1\" \/>\n<link rel=\"canonical\" href=\"https:\/\/fittwear.nl\/de\/produkt-2\/oversized-comfort-top-longsleeve\/\" \/>\n<meta property=\"og:locale\" content=\"de_DE\" \/>\n<meta property=\"og:type\" content=\"article\" \/>\n<meta property=\"og:title\" content=\"Oversized Comfort Top Longsleeve - FITTwear.nl\" \/>\n<meta property=\"og:description\" content=\"Een comfortabele top met lange mouw. De pasvorm rondom de buik oversized. De pasvorm en de stretchy, zachte stof zorgen voor het ultieme comfort. Let&#039;s go workout!\" \/>\n<meta property=\"og:url\" content=\"https:\/\/fittwear.nl\/de\/produkt-2\/oversized-comfort-top-longsleeve\/\" \/>\n<meta property=\"og:site_name\" content=\"FITTwear.nl\" \/>\n<meta property=\"article:modified_time\" content=\"2026-04-06T09:25:46+00:00\" \/>\n<meta property=\"og:image\" content=\"https:\/\/fittwear.nl\/wp-content\/uploads\/2025\/05\/hold-go-bruin_Voorkant-boven_jpg_4.jpg\" \/>\n\t<meta property=\"og:image:width\" content=\"1200\" \/>\n\t<meta property=\"og:image:height\" content=\"1800\" \/>\n\t<meta property=\"og:image:type\" content=\"image\/jpeg\" \/>\n<meta name=\"twitter:card\" content=\"summary_large_image\" \/>\n<meta name=\"twitter:label1\" content=\"Gesch\u00e4tzte Lesezeit\" \/>\n\t<meta name=\"twitter:data1\" content=\"1\u00a0Minute\" \/>\n<script type=\"application\/ld+json\" class=\"yoast-schema-graph\">{\"@context\":\"https:\/\/schema.org\",\"@graph\":[{\"@type\":\"WebPage\",\"@id\":\"https:\/\/fittwear.nl\/product\/oversized-comfort-top-longsleeve\/\",\"url\":\"https:\/\/fittwear.nl\/product\/oversized-comfort-top-longsleeve\/\",\"name\":\"Oversized Comfort Top Longsleeve - FITTwear.nl\",\"isPartOf\":{\"@id\":\"https:\/\/fittwear.nl\/#website\"},\"primaryImageOfPage\":{\"@id\":\"https:\/\/fittwear.nl\/product\/oversized-comfort-top-longsleeve\/#primaryimage\"},\"image\":{\"@id\":\"https:\/\/fittwear.nl\/product\/oversized-comfort-top-longsleeve\/#primaryimage\"},\"thumbnailUrl\":\"https:\/\/fittwear.nl\/wp-content\/uploads\/2025\/05\/hold-go-bruin_Voorkant-boven_jpg_4.jpg\",\"datePublished\":\"2025-07-09T10:21:28+00:00\",\"dateModified\":\"2026-04-06T09:25:46+00:00\",\"description\":\"Een comfortabele top met lange mouw. De pasvorm rondom de buik oversized. De pasvorm en de stretchy, zachte stof zorgen voor het ultieme comfort. Let's go workout!\",\"breadcrumb\":{\"@id\":\"https:\/\/fittwear.nl\/product\/oversized-comfort-top-longsleeve\/#breadcrumb\"},\"inLanguage\":\"de\",\"potentialAction\":[{\"@type\":\"ReadAction\",\"target\":[\"https:\/\/fittwear.nl\/product\/oversized-comfort-top-longsleeve\/\"]}]},{\"@type\":\"ImageObject\",\"inLanguage\":\"de\",\"@id\":\"https:\/\/fittwear.nl\/product\/oversized-comfort-top-longsleeve\/#primaryimage\",\"url\":\"https:\/\/fittwear.nl\/wp-content\/uploads\/2025\/05\/hold-go-bruin_Voorkant-boven_jpg_4.jpg\",\"contentUrl\":\"https:\/\/fittwear.nl\/wp-content\/uploads\/2025\/05\/hold-go-bruin_Voorkant-boven_jpg_4.jpg\",\"width\":1200,\"height\":1800},{\"@type\":\"BreadcrumbList\",\"@id\":\"https:\/\/fittwear.nl\/product\/oversized-comfort-top-longsleeve\/#breadcrumb\",\"itemListElement\":[{\"@type\":\"ListItem\",\"position\":1,\"name\":\"Home\",\"item\":\"https:\/\/fittwear.nl\/\"},{\"@type\":\"ListItem\",\"position\":2,\"name\":\"Shop\",\"item\":\"https:\/\/fittwear.nl\/shop\/\"},{\"@type\":\"ListItem\",\"position\":3,\"name\":\"Oversized Comfort Top Longsleeve\"}]},{\"@type\":\"WebSite\",\"@id\":\"https:\/\/fittwear.nl\/#website\",\"url\":\"https:\/\/fittwear.nl\/\",\"name\":\"FITTwear.nl\",\"description\":\"Time to shine!\",\"publisher\":{\"@id\":\"https:\/\/fittwear.nl\/#organization\"},\"potentialAction\":[{\"@type\":\"SearchAction\",\"target\":{\"@type\":\"EntryPoint\",\"urlTemplate\":\"https:\/\/fittwear.nl\/?s={search_term_string}\"},\"query-input\":{\"@type\":\"PropertyValueSpecification\",\"valueRequired\":true,\"valueName\":\"search_term_string\"}}],\"inLanguage\":\"de\"},{\"@type\":\"Organization\",\"@id\":\"https:\/\/fittwear.nl\/#organization\",\"name\":\"FITTwear.nl\",\"url\":\"https:\/\/fittwear.nl\/\",\"logo\":{\"@type\":\"ImageObject\",\"inLanguage\":\"de\",\"@id\":\"https:\/\/fittwear.nl\/#\/schema\/logo\/image\/\",\"url\":\"https:\/\/fittwear.nl\/wp-content\/uploads\/2024\/07\/FITT-Logo-BeYOUtiful-website-homepage_Tekengebied-1-scaled.jpg\",\"contentUrl\":\"https:\/\/fittwear.nl\/wp-content\/uploads\/2024\/07\/FITT-Logo-BeYOUtiful-website-homepage_Tekengebied-1-scaled.jpg\",\"width\":2560,\"height\":599,\"caption\":\"FITTwear.nl\"},\"image\":{\"@id\":\"https:\/\/fittwear.nl\/#\/schema\/logo\/image\/\"}}]}<\/script>\n<!-- \/ Yoast SEO plugin. -->","yoast_head_json":{"title":"Oversized Comfort Top Longsleeve - FITTwear.nl","description":"Een comfortabele top met lange mouw. De pasvorm rondom de buik oversized. De pasvorm en de stretchy, zachte stof zorgen voor het ultieme comfort. Let's go workout!","robots":{"index":"index","follow":"follow","max-snippet":"max-snippet:-1","max-image-preview":"max-image-preview:large","max-video-preview":"max-video-preview:-1"},"canonical":"https:\/\/fittwear.nl\/de\/produkt-2\/oversized-comfort-top-longsleeve\/","og_locale":"de_DE","og_type":"article","og_title":"Oversized Comfort Top Longsleeve - FITTwear.nl","og_description":"Een comfortabele top met lange mouw. De pasvorm rondom de buik oversized. De pasvorm en de stretchy, zachte stof zorgen voor het ultieme comfort. Let's go workout!","og_url":"https:\/\/fittwear.nl\/de\/produkt-2\/oversized-comfort-top-longsleeve\/","og_site_name":"FITTwear.nl","article_modified_time":"2026-04-06T09:25:46+00:00","og_image":[{"width":1200,"height":1800,"url":"https:\/\/fittwear.nl\/wp-content\/uploads\/2025\/05\/hold-go-bruin_Voorkant-boven_jpg_4.jpg","type":"image\/jpeg"}],"twitter_card":"summary_large_image","twitter_misc":{"Gesch\u00e4tzte Lesezeit":"1\u00a0Minute"},"schema":{"@context":"https:\/\/schema.org","@graph":[{"@type":"WebPage","@id":"https:\/\/fittwear.nl\/product\/oversized-comfort-top-longsleeve\/","url":"https:\/\/fittwear.nl\/product\/oversized-comfort-top-longsleeve\/","name":"Oversized Comfort Top Longsleeve - FITTwear.nl","isPartOf":{"@id":"https:\/\/fittwear.nl\/#website"},"primaryImageOfPage":{"@id":"https:\/\/fittwear.nl\/product\/oversized-comfort-top-longsleeve\/#primaryimage"},"image":{"@id":"https:\/\/fittwear.nl\/product\/oversized-comfort-top-longsleeve\/#primaryimage"},"thumbnailUrl":"https:\/\/fittwear.nl\/wp-content\/uploads\/2025\/05\/hold-go-bruin_Voorkant-boven_jpg_4.jpg","datePublished":"2025-07-09T10:21:28+00:00","dateModified":"2026-04-06T09:25:46+00:00","description":"Een comfortabele top met lange mouw. De pasvorm rondom de buik oversized. De pasvorm en de stretchy, zachte stof zorgen voor het ultieme comfort. Let's go workout!","breadcrumb":{"@id":"https:\/\/fittwear.nl\/product\/oversized-comfort-top-longsleeve\/#breadcrumb"},"inLanguage":"de","potentialAction":[{"@type":"ReadAction","target":["https:\/\/fittwear.nl\/product\/oversized-comfort-top-longsleeve\/"]}]},{"@type":"ImageObject","inLanguage":"de","@id":"https:\/\/fittwear.nl\/product\/oversized-comfort-top-longsleeve\/#primaryimage","url":"https:\/\/fittwear.nl\/wp-content\/uploads\/2025\/05\/hold-go-bruin_Voorkant-boven_jpg_4.jpg","contentUrl":"https:\/\/fittwear.nl\/wp-content\/uploads\/2025\/05\/hold-go-bruin_Voorkant-boven_jpg_4.jpg","width":1200,"height":1800},{"@type":"BreadcrumbList","@id":"https:\/\/fittwear.nl\/product\/oversized-comfort-top-longsleeve\/#breadcrumb","itemListElement":[{"@type":"ListItem","position":1,"name":"Home","item":"https:\/\/fittwear.nl\/"},{"@type":"ListItem","position":2,"name":"Shop","item":"https:\/\/fittwear.nl\/shop\/"},{"@type":"ListItem","position":3,"name":"Oversized Comfort Top Longsleeve"}]},{"@type":"WebSite","@id":"https:\/\/fittwear.nl\/#website","url":"https:\/\/fittwear.nl\/","name":"FITTwear.co.uk","description":"Zeit zu gl\u00e4nzen!","publisher":{"@id":"https:\/\/fittwear.nl\/#organization"},"potentialAction":[{"@type":"SearchAction","target":{"@type":"EntryPoint","urlTemplate":"https:\/\/fittwear.nl\/?s={search_term_string}"},"query-input":{"@type":"PropertyValueSpecification","valueRequired":true,"valueName":"search_term_string"}}],"inLanguage":"de"},{"@type":"Organization","@id":"https:\/\/fittwear.nl\/#organization","name":"FITTwear.co.uk","url":"https:\/\/fittwear.nl\/","logo":{"@type":"ImageObject","inLanguage":"de","@id":"https:\/\/fittwear.nl\/#\/schema\/logo\/image\/","url":"https:\/\/fittwear.nl\/wp-content\/uploads\/2024\/07\/FITT-Logo-BeYOUtiful-website-homepage_Tekengebied-1-scaled.jpg","contentUrl":"https:\/\/fittwear.nl\/wp-content\/uploads\/2024\/07\/FITT-Logo-BeYOUtiful-website-homepage_Tekengebied-1-scaled.jpg","width":2560,"height":599,"caption":"FITTwear.nl"},"image":{"@id":"https:\/\/fittwear.nl\/#\/schema\/logo\/image\/"}}]}},"_links":{"self":[{"href":"https:\/\/fittwear.nl\/de\/wp-json\/wp\/v2\/product\/110324","targetHints":{"allow":["GET"]}}],"collection":[{"href":"https:\/\/fittwear.nl\/de\/wp-json\/wp\/v2\/product"}],"about":[{"href":"https:\/\/fittwear.nl\/de\/wp-json\/wp\/v2\/types\/product"}],"wp:featuredmedia":[{"embeddable":true,"href":"https:\/\/fittwear.nl\/de\/wp-json\/wp\/v2\/media\/112633"}],"wp:attachment":[{"href":"https:\/\/fittwear.nl\/de\/wp-json\/wp\/v2\/media?parent=110324"}],"wp:term":[{"taxonomy":"product_brand","embeddable":true,"href":"https:\/\/fittwear.nl\/de\/wp-json\/wp\/v2\/product_brand?post=110324"},{"taxonomy":"product_cat","embeddable":true,"href":"https:\/\/fittwear.nl\/de\/wp-json\/wp\/v2\/product_cat?post=110324"},{"taxonomy":"product_tag","embeddable":true,"href":"https:\/\/fittwear.nl\/de\/wp-json\/wp\/v2\/product_tag?post=110324"}],"curies":[{"name":"wp","href":"https:\/\/api.w.org\/{rel}","templated":true}]}}