{"id":11623,"date":"2021-07-09T11:03:58","date_gmt":"2021-07-09T09:03:58","guid":{"rendered":"https:\/\/fittwear.nl\/?post_type=product&#038;p=11623"},"modified":"2026-04-17T01:57:08","modified_gmt":"2026-04-16T23:57:08","slug":"adapt-nahtlos-bh-perle-grau","status":"publish","type":"product","link":"https:\/\/fittwear.nl\/de\/product\/adapt-seamless-bh-pearl-grey\/","title":{"rendered":"Adapt Nahtloser BH perlgrau"},"content":{"rendered":"<p>- Nahtloser Sport-BH<\/p>\n<p>- Herausnehmbare Polsterung<\/p>\n<p>- Racerback<\/p>\n<p>- Elastische B\u00fcstenst\u00fctze<\/p>\n<p>- Gegens\u00e4tzliche Linien<\/p>\n<p>- Zus\u00e4tzliche Atmungsaktivit\u00e4t<\/p>\n<p>- Mit dezentem Logo<\/p>\n<p>- 92% Nylon, 8% Elastan<\/p>\n<p>- 280 g\/m\u00b2<\/p>\n<p>- Waschbar bis zu 30\u00b0<\/p>\n<p>- Farbe: grau<\/p>\n<p>- Model Doete ist 1,76m gro\u00df und tr\u00e4gt Gr\u00f6\u00dfe S<\/p>","protected":false},"excerpt":{"rendered":"<p>Nahtloser Sport-BH mit Racerback und komfortabler Extra-Atmungsaktivit\u00e4t dank der in den R\u00fccken eingearbeiteten, augenf\u00f6rmigen Details. Die elastische Brustst\u00fctze, das nahtlose Design und der dehnbare Stoff entsprechen einem schlanken Design und kontrastierenden Linien, die Unterst\u00fctzung und Bewegungsfreiheit w\u00e4hrend des Trainings bieten.<\/p>\n<p><strong>Model Doete ist 1,76m gro\u00df und tr\u00e4gt Gr\u00f6\u00dfe S.<\/strong><\/p>","protected":false},"featured_media":13877,"template":"","meta":{"_acf_changed":false},"product_brand":[],"product_cat":[63,27,89,61,52],"product_tag":[4803],"class_list":{"0":"post-11623","1":"product","2":"type-product","3":"status-publish","4":"has-post-thumbnail","6":"product_cat-curves","7":"product_cat-dames","8":"product_cat-seamless-sport-bhs","9":"product_cat-shoppen-op-stijl","10":"product_cat-sport-bhs","11":"product_tag-out-of-stock","13":"first","14":"outofstock","15":"taxable","16":"shipping-taxable","17":"product-type-variable"},"acf":[],"yoast_head":"<!-- This site is optimized with the Yoast SEO plugin v27.1.1 - https:\/\/yoast.com\/product\/yoast-seo-wordpress\/ -->\n<title>Adapt Seamless BH pearl grey - Dames Sport Bh&#039;s FITTwear.nl<\/title>\n<meta name=\"description\" content=\"Seamless sport bh met een racerback en een comfortabel \u00e9xtra ademend vermogen dankzij de oogvormige details welke verwerkt zijn in de achterzijde. De elastische busteondersteuning, het naadloze ontwerp en de stretchy stof voldoen naast de contrasterende belijningen aan een strak ontwerp en bieden ondersteuning en bewegingsvrijheid tijdens jouw training.  Model Doete is 1.76m en draagt maat S.\" \/>\n<meta name=\"robots\" content=\"index, follow, max-snippet:-1, max-image-preview:large, max-video-preview:-1\" \/>\n<link rel=\"canonical\" href=\"https:\/\/fittwear.nl\/de\/produkt-2\/adapt-nahtlos-bh-perle-grau\/\" \/>\n<meta property=\"og:locale\" content=\"de_DE\" \/>\n<meta property=\"og:type\" content=\"article\" \/>\n<meta property=\"og:title\" content=\"Adapt Seamless BH pearl grey - Dames Sport Bh&#039;s FITTwear.nl\" \/>\n<meta property=\"og:description\" content=\"Seamless sport bh met een racerback en een comfortabel \u00e9xtra ademend vermogen dankzij de oogvormige details welke verwerkt zijn in de achterzijde. De elastische busteondersteuning, het naadloze ontwerp en de stretchy stof voldoen naast de contrasterende belijningen aan een strak ontwerp en bieden ondersteuning en bewegingsvrijheid tijdens jouw training.  Model Doete is 1.76m en draagt maat S.\" \/>\n<meta property=\"og:url\" content=\"https:\/\/fittwear.nl\/de\/produkt-2\/adapt-nahtlos-bh-perle-grau\/\" \/>\n<meta property=\"og:site_name\" content=\"FITTwear.nl\" \/>\n<meta property=\"article:modified_time\" content=\"2026-04-16T23:57:08+00:00\" \/>\n<meta property=\"og:image\" content=\"https:\/\/fittwear.nl\/wp-content\/uploads\/2021\/07\/P210625092311_Voorkant-boven_jpg_5-kopieren-1-kopieren.jpg\" \/>\n\t<meta property=\"og:image:width\" content=\"1094\" \/>\n\t<meta property=\"og:image:height\" content=\"1640\" \/>\n\t<meta property=\"og:image:type\" content=\"image\/jpeg\" \/>\n<meta name=\"twitter:card\" content=\"summary_large_image\" \/>\n<meta name=\"twitter:label1\" content=\"Gesch\u00e4tzte Lesezeit\" \/>\n\t<meta name=\"twitter:data1\" content=\"1\u00a0Minute\" \/>\n<script type=\"application\/ld+json\" class=\"yoast-schema-graph\">{\"@context\":\"https:\/\/schema.org\",\"@graph\":[{\"@type\":\"WebPage\",\"@id\":\"https:\/\/fittwear.nl\/product\/adapt-seamless-bh-pearl-grey\/\",\"url\":\"https:\/\/fittwear.nl\/product\/adapt-seamless-bh-pearl-grey\/\",\"name\":\"Adapt Seamless BH pearl grey - Dames Sport Bh's FITTwear.nl\",\"isPartOf\":{\"@id\":\"https:\/\/fittwear.nl\/#website\"},\"primaryImageOfPage\":{\"@id\":\"https:\/\/fittwear.nl\/product\/adapt-seamless-bh-pearl-grey\/#primaryimage\"},\"image\":{\"@id\":\"https:\/\/fittwear.nl\/product\/adapt-seamless-bh-pearl-grey\/#primaryimage\"},\"thumbnailUrl\":\"https:\/\/fittwear.nl\/wp-content\/uploads\/2021\/07\/P210625092311_Voorkant-boven_jpg_5-kopieren-1-kopieren.jpg\",\"datePublished\":\"2021-07-09T09:03:58+00:00\",\"dateModified\":\"2026-04-16T23:57:08+00:00\",\"description\":\"Seamless sport bh met een racerback en een comfortabel \u00e9xtra ademend vermogen dankzij de oogvormige details welke verwerkt zijn in de achterzijde. De elastische busteondersteuning, het naadloze ontwerp en de stretchy stof voldoen naast de contrasterende belijningen aan een strak ontwerp en bieden ondersteuning en bewegingsvrijheid tijdens jouw training. Model Doete is 1.76m en draagt maat S.\",\"breadcrumb\":{\"@id\":\"https:\/\/fittwear.nl\/product\/adapt-seamless-bh-pearl-grey\/#breadcrumb\"},\"inLanguage\":\"de\",\"potentialAction\":[{\"@type\":\"ReadAction\",\"target\":[\"https:\/\/fittwear.nl\/product\/adapt-seamless-bh-pearl-grey\/\"]}]},{\"@type\":\"ImageObject\",\"inLanguage\":\"de\",\"@id\":\"https:\/\/fittwear.nl\/product\/adapt-seamless-bh-pearl-grey\/#primaryimage\",\"url\":\"https:\/\/fittwear.nl\/wp-content\/uploads\/2021\/07\/P210625092311_Voorkant-boven_jpg_5-kopieren-1-kopieren.jpg\",\"contentUrl\":\"https:\/\/fittwear.nl\/wp-content\/uploads\/2021\/07\/P210625092311_Voorkant-boven_jpg_5-kopieren-1-kopieren.jpg\",\"width\":1094,\"height\":1640},{\"@type\":\"BreadcrumbList\",\"@id\":\"https:\/\/fittwear.nl\/product\/adapt-seamless-bh-pearl-grey\/#breadcrumb\",\"itemListElement\":[{\"@type\":\"ListItem\",\"position\":1,\"name\":\"Home\",\"item\":\"https:\/\/fittwear.nl\/\"},{\"@type\":\"ListItem\",\"position\":2,\"name\":\"Shop\",\"item\":\"https:\/\/fittwear.nl\/shop\/\"},{\"@type\":\"ListItem\",\"position\":3,\"name\":\"Adapt Seamless BH pearl grey\"}]},{\"@type\":\"WebSite\",\"@id\":\"https:\/\/fittwear.nl\/#website\",\"url\":\"https:\/\/fittwear.nl\/\",\"name\":\"FITTwear.nl\",\"description\":\"Time to shine!\",\"publisher\":{\"@id\":\"https:\/\/fittwear.nl\/#organization\"},\"potentialAction\":[{\"@type\":\"SearchAction\",\"target\":{\"@type\":\"EntryPoint\",\"urlTemplate\":\"https:\/\/fittwear.nl\/?s={search_term_string}\"},\"query-input\":{\"@type\":\"PropertyValueSpecification\",\"valueRequired\":true,\"valueName\":\"search_term_string\"}}],\"inLanguage\":\"de\"},{\"@type\":\"Organization\",\"@id\":\"https:\/\/fittwear.nl\/#organization\",\"name\":\"FITTwear.nl\",\"url\":\"https:\/\/fittwear.nl\/\",\"logo\":{\"@type\":\"ImageObject\",\"inLanguage\":\"de\",\"@id\":\"https:\/\/fittwear.nl\/#\/schema\/logo\/image\/\",\"url\":\"https:\/\/fittwear.nl\/wp-content\/uploads\/2024\/07\/FITT-Logo-BeYOUtiful-website-homepage_Tekengebied-1-scaled.jpg\",\"contentUrl\":\"https:\/\/fittwear.nl\/wp-content\/uploads\/2024\/07\/FITT-Logo-BeYOUtiful-website-homepage_Tekengebied-1-scaled.jpg\",\"width\":2560,\"height\":599,\"caption\":\"FITTwear.nl\"},\"image\":{\"@id\":\"https:\/\/fittwear.nl\/#\/schema\/logo\/image\/\"}}]}<\/script>\n<!-- \/ Yoast SEO plugin. -->","yoast_head_json":{"title":"Adapt Seamless Bra pearl grey - Damen Sport-BHs FITTwear.nl","description":"Nahtloser Sport-BH mit Racerback und komfortabler Extra-Atmungsaktivit\u00e4t dank der in den R\u00fccken eingearbeiteten \u00d6sendetails. Die elastische Brustst\u00fctze, das nahtlose Design und der dehnbare Stoff treffen auf ein elegantes Design mit kontrastierenden Linien und bieten Unterst\u00fctzung und Bewegungsfreiheit w\u00e4hrend des Trainings.  Model Doete ist 1,76m gro\u00df und tr\u00e4gt Gr\u00f6\u00dfe S.","robots":{"index":"index","follow":"follow","max-snippet":"max-snippet:-1","max-image-preview":"max-image-preview:large","max-video-preview":"max-video-preview:-1"},"canonical":"https:\/\/fittwear.nl\/de\/produkt-2\/adapt-nahtlos-bh-perle-grau\/","og_locale":"de_DE","og_type":"article","og_title":"Adapt Seamless BH pearl grey - Dames Sport Bh's FITTwear.nl","og_description":"Seamless sport bh met een racerback en een comfortabel \u00e9xtra ademend vermogen dankzij de oogvormige details welke verwerkt zijn in de achterzijde. De elastische busteondersteuning, het naadloze ontwerp en de stretchy stof voldoen naast de contrasterende belijningen aan een strak ontwerp en bieden ondersteuning en bewegingsvrijheid tijdens jouw training.  Model Doete is 1.76m en draagt maat S.","og_url":"https:\/\/fittwear.nl\/de\/produkt-2\/adapt-nahtlos-bh-perle-grau\/","og_site_name":"FITTwear.nl","article_modified_time":"2026-04-16T23:57:08+00:00","og_image":[{"width":1094,"height":1640,"url":"https:\/\/fittwear.nl\/wp-content\/uploads\/2021\/07\/P210625092311_Voorkant-boven_jpg_5-kopieren-1-kopieren.jpg","type":"image\/jpeg"}],"twitter_card":"summary_large_image","twitter_misc":{"Gesch\u00e4tzte Lesezeit":"1\u00a0Minute"},"schema":{"@context":"https:\/\/schema.org","@graph":[{"@type":"WebPage","@id":"https:\/\/fittwear.nl\/product\/adapt-seamless-bh-pearl-grey\/","url":"https:\/\/fittwear.nl\/product\/adapt-seamless-bh-pearl-grey\/","name":"Adapt Seamless Bra pearl grey - Damen Sport-BHs FITTwear.nl","isPartOf":{"@id":"https:\/\/fittwear.nl\/#website"},"primaryImageOfPage":{"@id":"https:\/\/fittwear.nl\/product\/adapt-seamless-bh-pearl-grey\/#primaryimage"},"image":{"@id":"https:\/\/fittwear.nl\/product\/adapt-seamless-bh-pearl-grey\/#primaryimage"},"thumbnailUrl":"https:\/\/fittwear.nl\/wp-content\/uploads\/2021\/07\/P210625092311_Voorkant-boven_jpg_5-kopieren-1-kopieren.jpg","datePublished":"2021-07-09T09:03:58+00:00","dateModified":"2026-04-16T23:57:08+00:00","description":"Nahtloser Sport-BH mit Racerback und komfortabler Extra-Atmungsaktivit\u00e4t dank der in den R\u00fccken eingearbeiteten \u00d6sendetails. Die elastische Brustst\u00fctze, das nahtlose Design und der dehnbare Stoff treffen auf ein elegantes Design mit kontrastierenden Linien und bieten Unterst\u00fctzung und Bewegungsfreiheit w\u00e4hrend des Trainings. Model Doete ist 1,76m gro\u00df und tr\u00e4gt Gr\u00f6\u00dfe S.","breadcrumb":{"@id":"https:\/\/fittwear.nl\/product\/adapt-seamless-bh-pearl-grey\/#breadcrumb"},"inLanguage":"de","potentialAction":[{"@type":"ReadAction","target":["https:\/\/fittwear.nl\/product\/adapt-seamless-bh-pearl-grey\/"]}]},{"@type":"ImageObject","inLanguage":"de","@id":"https:\/\/fittwear.nl\/product\/adapt-seamless-bh-pearl-grey\/#primaryimage","url":"https:\/\/fittwear.nl\/wp-content\/uploads\/2021\/07\/P210625092311_Voorkant-boven_jpg_5-kopieren-1-kopieren.jpg","contentUrl":"https:\/\/fittwear.nl\/wp-content\/uploads\/2021\/07\/P210625092311_Voorkant-boven_jpg_5-kopieren-1-kopieren.jpg","width":1094,"height":1640},{"@type":"BreadcrumbList","@id":"https:\/\/fittwear.nl\/product\/adapt-seamless-bh-pearl-grey\/#breadcrumb","itemListElement":[{"@type":"ListItem","position":1,"name":"Home","item":"https:\/\/fittwear.nl\/"},{"@type":"ListItem","position":2,"name":"Shop","item":"https:\/\/fittwear.nl\/shop\/"},{"@type":"ListItem","position":3,"name":"Adapt Seamless BH pearl grey"}]},{"@type":"WebSite","@id":"https:\/\/fittwear.nl\/#website","url":"https:\/\/fittwear.nl\/","name":"FITTwear.co.uk","description":"Zeit zu gl\u00e4nzen!","publisher":{"@id":"https:\/\/fittwear.nl\/#organization"},"potentialAction":[{"@type":"SearchAction","target":{"@type":"EntryPoint","urlTemplate":"https:\/\/fittwear.nl\/?s={search_term_string}"},"query-input":{"@type":"PropertyValueSpecification","valueRequired":true,"valueName":"search_term_string"}}],"inLanguage":"de"},{"@type":"Organization","@id":"https:\/\/fittwear.nl\/#organization","name":"FITTwear.co.uk","url":"https:\/\/fittwear.nl\/","logo":{"@type":"ImageObject","inLanguage":"de","@id":"https:\/\/fittwear.nl\/#\/schema\/logo\/image\/","url":"https:\/\/fittwear.nl\/wp-content\/uploads\/2024\/07\/FITT-Logo-BeYOUtiful-website-homepage_Tekengebied-1-scaled.jpg","contentUrl":"https:\/\/fittwear.nl\/wp-content\/uploads\/2024\/07\/FITT-Logo-BeYOUtiful-website-homepage_Tekengebied-1-scaled.jpg","width":2560,"height":599,"caption":"FITTwear.nl"},"image":{"@id":"https:\/\/fittwear.nl\/#\/schema\/logo\/image\/"}}]}},"_links":{"self":[{"href":"https:\/\/fittwear.nl\/de\/wp-json\/wp\/v2\/product\/11623","targetHints":{"allow":["GET"]}}],"collection":[{"href":"https:\/\/fittwear.nl\/de\/wp-json\/wp\/v2\/product"}],"about":[{"href":"https:\/\/fittwear.nl\/de\/wp-json\/wp\/v2\/types\/product"}],"wp:featuredmedia":[{"embeddable":true,"href":"https:\/\/fittwear.nl\/de\/wp-json\/wp\/v2\/media\/13877"}],"wp:attachment":[{"href":"https:\/\/fittwear.nl\/de\/wp-json\/wp\/v2\/media?parent=11623"}],"wp:term":[{"taxonomy":"product_brand","embeddable":true,"href":"https:\/\/fittwear.nl\/de\/wp-json\/wp\/v2\/product_brand?post=11623"},{"taxonomy":"product_cat","embeddable":true,"href":"https:\/\/fittwear.nl\/de\/wp-json\/wp\/v2\/product_cat?post=11623"},{"taxonomy":"product_tag","embeddable":true,"href":"https:\/\/fittwear.nl\/de\/wp-json\/wp\/v2\/product_tag?post=11623"}],"curies":[{"name":"wp","href":"https:\/\/api.w.org\/{rel}","templated":true}]}}