{"id":11685,"date":"2021-07-12T14:24:32","date_gmt":"2021-07-12T12:24:32","guid":{"rendered":"https:\/\/fittwear.nl\/?post_type=product&#038;p=11685"},"modified":"2026-04-17T01:57:50","modified_gmt":"2026-04-16T23:57:50","slug":"netz-panel-leggings-schwarz","status":"publish","type":"product","link":"https:\/\/fittwear.nl\/de\/product\/mesh-panelen-legging-zwart\/","title":{"rendered":"Mesh Panels Legging schwarz"},"content":{"rendered":"<p>-Leggings mit hoher Taille<\/p>\n<p>-mit k\u00fchlenden Eigenschaften<\/p>\n<p>-Geeignet zum Laufen<\/p>\n<p>-Netzeins\u00e4tze an den Waden<\/p>\n<p>-normale Atmungsaktivit\u00e4t<\/p>\n<p>-Schnell trocknendes Gewebe<\/p>\n<p>Minz- oder Schl\u00fcsseltasche auf der Innenseite<\/p>\n<p>-90% Polyester, 10% Elasthan<\/p>\n<p>-260 Gramm<\/p>\n<p>-Waschbar bis zu 40\u00b0<\/p>\n<p>-Farbe schwarz<\/p>\n<p>-Model Doete ist 1,76 und tr\u00e4gt Gr\u00f6\u00dfe XS<\/p>","protected":false},"excerpt":{"rendered":"<p>Diese Sportleggings mit hoher Taille bestehen aus einem dehnbaren Stoff mit k\u00fchlenden Eigenschaften. Neben vielen Sportarten sind diese Leggings perfekt zum Laufen geeignet. Neben der Atmungsaktivit\u00e4t verleihen die Netzeins\u00e4tze der Leggings verspielte Details.<\/p>\n<p>An der Innenseite befindet sich eine Tasche f\u00fcr M\u00fcnzen oder Schl\u00fcssel, damit Sie wichtige Dinge immer griffbereit haben. Bereit f\u00fcr Ihr Training?<\/p>\n<p>Model Doete ist 1,76 und tr\u00e4gt Gr\u00f6\u00dfe XS<\/p>","protected":false},"featured_media":13947,"template":"","meta":{"_acf_changed":false},"product_brand":[],"product_cat":[27],"product_tag":[4803],"class_list":{"0":"post-11685","1":"product","2":"type-product","3":"status-publish","4":"has-post-thumbnail","6":"product_cat-dames","7":"product_tag-out-of-stock","9":"first","10":"outofstock","11":"taxable","12":"shipping-taxable","13":"product-type-variable"},"acf":[],"yoast_head":"<!-- This site is optimized with the Yoast SEO plugin v27.1.1 - https:\/\/yoast.com\/product\/yoast-seo-wordpress\/ -->\n<title>Mesh Panelen Legging zwart - FITTwear.nl<\/title>\n<meta name=\"description\" content=\"Deze high waist sportlegging is uitgevoerd in een stretchy stof met verkoelende eigenschappen. Naast vele sporten is deze legging uitermate geschikt om mee hard te lopen. De mesh inzetstukken zorgen naast een ademend vermogen ook voor speelse details in de legging.  Er zit een munt- of sleutelzakje verwerkt aan de binnenzijde zodat je belangrijke voorwerpen bij de hand hebt. Ready for your workout?  Model Doete is 1.76 en draagt maat XS\" \/>\n<meta name=\"robots\" content=\"index, follow, max-snippet:-1, max-image-preview:large, max-video-preview:-1\" \/>\n<link rel=\"canonical\" href=\"https:\/\/fittwear.nl\/de\/produkt-2\/netz-panel-leggings-schwarz\/\" \/>\n<meta property=\"og:locale\" content=\"de_DE\" \/>\n<meta property=\"og:type\" content=\"article\" \/>\n<meta property=\"og:title\" content=\"Mesh Panelen Legging zwart - FITTwear.nl\" \/>\n<meta property=\"og:description\" content=\"Deze high waist sportlegging is uitgevoerd in een stretchy stof met verkoelende eigenschappen. Naast vele sporten is deze legging uitermate geschikt om mee hard te lopen. De mesh inzetstukken zorgen naast een ademend vermogen ook voor speelse details in de legging.  Er zit een munt- of sleutelzakje verwerkt aan de binnenzijde zodat je belangrijke voorwerpen bij de hand hebt. Ready for your workout?  Model Doete is 1.76 en draagt maat XS\" \/>\n<meta property=\"og:url\" content=\"https:\/\/fittwear.nl\/de\/produkt-2\/netz-panel-leggings-schwarz\/\" \/>\n<meta property=\"og:site_name\" content=\"FITTwear.nl\" \/>\n<meta property=\"article:modified_time\" content=\"2026-04-16T23:57:50+00:00\" \/>\n<meta property=\"og:image\" content=\"https:\/\/fittwear.nl\/wp-content\/uploads\/2021\/07\/nieuwe-panel-legging_Achterkant-boven_jpg_4-kopieren-1.jpg\" \/>\n\t<meta property=\"og:image:width\" content=\"1200\" \/>\n\t<meta property=\"og:image:height\" content=\"1800\" \/>\n\t<meta property=\"og:image:type\" content=\"image\/jpeg\" \/>\n<meta name=\"twitter:card\" content=\"summary_large_image\" \/>\n<meta name=\"twitter:label1\" content=\"Gesch\u00e4tzte Lesezeit\" \/>\n\t<meta name=\"twitter:data1\" content=\"1\u00a0Minute\" \/>\n<script type=\"application\/ld+json\" class=\"yoast-schema-graph\">{\"@context\":\"https:\/\/schema.org\",\"@graph\":[{\"@type\":\"WebPage\",\"@id\":\"https:\/\/fittwear.nl\/product\/mesh-panelen-legging-zwart\/\",\"url\":\"https:\/\/fittwear.nl\/product\/mesh-panelen-legging-zwart\/\",\"name\":\"Mesh Panelen Legging zwart - FITTwear.nl\",\"isPartOf\":{\"@id\":\"https:\/\/fittwear.nl\/#website\"},\"primaryImageOfPage\":{\"@id\":\"https:\/\/fittwear.nl\/product\/mesh-panelen-legging-zwart\/#primaryimage\"},\"image\":{\"@id\":\"https:\/\/fittwear.nl\/product\/mesh-panelen-legging-zwart\/#primaryimage\"},\"thumbnailUrl\":\"https:\/\/fittwear.nl\/wp-content\/uploads\/2021\/07\/nieuwe-panel-legging_Achterkant-boven_jpg_4-kopieren-1.jpg\",\"datePublished\":\"2021-07-12T12:24:32+00:00\",\"dateModified\":\"2026-04-16T23:57:50+00:00\",\"description\":\"Deze high waist sportlegging is uitgevoerd in een stretchy stof met verkoelende eigenschappen. Naast vele sporten is deze legging uitermate geschikt om mee hard te lopen. De mesh inzetstukken zorgen naast een ademend vermogen ook voor speelse details in de legging. Er zit een munt- of sleutelzakje verwerkt aan de binnenzijde zodat je belangrijke voorwerpen bij de hand hebt. Ready for your workout? Model Doete is 1.76 en draagt maat XS\",\"breadcrumb\":{\"@id\":\"https:\/\/fittwear.nl\/product\/mesh-panelen-legging-zwart\/#breadcrumb\"},\"inLanguage\":\"de\",\"potentialAction\":[{\"@type\":\"ReadAction\",\"target\":[\"https:\/\/fittwear.nl\/product\/mesh-panelen-legging-zwart\/\"]}]},{\"@type\":\"ImageObject\",\"inLanguage\":\"de\",\"@id\":\"https:\/\/fittwear.nl\/product\/mesh-panelen-legging-zwart\/#primaryimage\",\"url\":\"https:\/\/fittwear.nl\/wp-content\/uploads\/2021\/07\/nieuwe-panel-legging_Achterkant-boven_jpg_4-kopieren-1.jpg\",\"contentUrl\":\"https:\/\/fittwear.nl\/wp-content\/uploads\/2021\/07\/nieuwe-panel-legging_Achterkant-boven_jpg_4-kopieren-1.jpg\",\"width\":1200,\"height\":1800},{\"@type\":\"BreadcrumbList\",\"@id\":\"https:\/\/fittwear.nl\/product\/mesh-panelen-legging-zwart\/#breadcrumb\",\"itemListElement\":[{\"@type\":\"ListItem\",\"position\":1,\"name\":\"Home\",\"item\":\"https:\/\/fittwear.nl\/\"},{\"@type\":\"ListItem\",\"position\":2,\"name\":\"Shop\",\"item\":\"https:\/\/fittwear.nl\/shop\/\"},{\"@type\":\"ListItem\",\"position\":3,\"name\":\"Mesh Panelen Legging zwart\"}]},{\"@type\":\"WebSite\",\"@id\":\"https:\/\/fittwear.nl\/#website\",\"url\":\"https:\/\/fittwear.nl\/\",\"name\":\"FITTwear.nl\",\"description\":\"Time to shine!\",\"publisher\":{\"@id\":\"https:\/\/fittwear.nl\/#organization\"},\"potentialAction\":[{\"@type\":\"SearchAction\",\"target\":{\"@type\":\"EntryPoint\",\"urlTemplate\":\"https:\/\/fittwear.nl\/?s={search_term_string}\"},\"query-input\":{\"@type\":\"PropertyValueSpecification\",\"valueRequired\":true,\"valueName\":\"search_term_string\"}}],\"inLanguage\":\"de\"},{\"@type\":\"Organization\",\"@id\":\"https:\/\/fittwear.nl\/#organization\",\"name\":\"FITTwear.nl\",\"url\":\"https:\/\/fittwear.nl\/\",\"logo\":{\"@type\":\"ImageObject\",\"inLanguage\":\"de\",\"@id\":\"https:\/\/fittwear.nl\/#\/schema\/logo\/image\/\",\"url\":\"https:\/\/fittwear.nl\/wp-content\/uploads\/2024\/07\/FITT-Logo-BeYOUtiful-website-homepage_Tekengebied-1-scaled.jpg\",\"contentUrl\":\"https:\/\/fittwear.nl\/wp-content\/uploads\/2024\/07\/FITT-Logo-BeYOUtiful-website-homepage_Tekengebied-1-scaled.jpg\",\"width\":2560,\"height\":599,\"caption\":\"FITTwear.nl\"},\"image\":{\"@id\":\"https:\/\/fittwear.nl\/#\/schema\/logo\/image\/\"}}]}<\/script>\n<!-- \/ Yoast SEO plugin. -->","yoast_head_json":{"title":"Mesh Panels Legging schwarz - FITTwear.de","description":"Diese Sportleggings mit hoher Taille bestehen aus einem dehnbaren Stoff mit k\u00fchlenden Eigenschaften. Neben vielen Sportarten sind diese Leggings perfekt zum Laufen geeignet. Neben der Atmungsaktivit\u00e4t verleihen die Mesh-Eins\u00e4tze der Leggings auch verspielte Details.  Auf der Innenseite ist eine M\u00fcnz- oder Schl\u00fcsseltasche eingearbeitet, um wichtige Dinge griffbereit zu haben. Bereit f\u00fcr dein Training?  Model Doete ist 1,76 gro\u00df und tr\u00e4gt Gr\u00f6\u00dfe XS","robots":{"index":"index","follow":"follow","max-snippet":"max-snippet:-1","max-image-preview":"max-image-preview:large","max-video-preview":"max-video-preview:-1"},"canonical":"https:\/\/fittwear.nl\/de\/produkt-2\/netz-panel-leggings-schwarz\/","og_locale":"de_DE","og_type":"article","og_title":"Mesh Panelen Legging zwart - FITTwear.nl","og_description":"Deze high waist sportlegging is uitgevoerd in een stretchy stof met verkoelende eigenschappen. Naast vele sporten is deze legging uitermate geschikt om mee hard te lopen. De mesh inzetstukken zorgen naast een ademend vermogen ook voor speelse details in de legging.  Er zit een munt- of sleutelzakje verwerkt aan de binnenzijde zodat je belangrijke voorwerpen bij de hand hebt. Ready for your workout?  Model Doete is 1.76 en draagt maat XS","og_url":"https:\/\/fittwear.nl\/de\/produkt-2\/netz-panel-leggings-schwarz\/","og_site_name":"FITTwear.nl","article_modified_time":"2026-04-16T23:57:50+00:00","og_image":[{"width":1200,"height":1800,"url":"https:\/\/fittwear.nl\/wp-content\/uploads\/2021\/07\/nieuwe-panel-legging_Achterkant-boven_jpg_4-kopieren-1.jpg","type":"image\/jpeg"}],"twitter_card":"summary_large_image","twitter_misc":{"Gesch\u00e4tzte Lesezeit":"1\u00a0Minute"},"schema":{"@context":"https:\/\/schema.org","@graph":[{"@type":"WebPage","@id":"https:\/\/fittwear.nl\/product\/mesh-panelen-legging-zwart\/","url":"https:\/\/fittwear.nl\/product\/mesh-panelen-legging-zwart\/","name":"Mesh Panels Legging schwarz - FITTwear.de","isPartOf":{"@id":"https:\/\/fittwear.nl\/#website"},"primaryImageOfPage":{"@id":"https:\/\/fittwear.nl\/product\/mesh-panelen-legging-zwart\/#primaryimage"},"image":{"@id":"https:\/\/fittwear.nl\/product\/mesh-panelen-legging-zwart\/#primaryimage"},"thumbnailUrl":"https:\/\/fittwear.nl\/wp-content\/uploads\/2021\/07\/nieuwe-panel-legging_Achterkant-boven_jpg_4-kopieren-1.jpg","datePublished":"2021-07-12T12:24:32+00:00","dateModified":"2026-04-16T23:57:50+00:00","description":"Diese Sportleggings mit hoher Taille bestehen aus einem dehnbaren Stoff mit k\u00fchlenden Eigenschaften. Neben vielen Sportarten sind diese Leggings perfekt zum Laufen geeignet. Neben der Atmungsaktivit\u00e4t verleihen die Mesh-Eins\u00e4tze der Leggings auch verspielte Details. Auf der Innenseite ist eine M\u00fcnz- oder Schl\u00fcsseltasche eingearbeitet, um wichtige Dinge griffbereit zu haben. Bereit f\u00fcr dein Training? Model Doete ist 1,76 gro\u00df und tr\u00e4gt Gr\u00f6\u00dfe XS","breadcrumb":{"@id":"https:\/\/fittwear.nl\/product\/mesh-panelen-legging-zwart\/#breadcrumb"},"inLanguage":"de","potentialAction":[{"@type":"ReadAction","target":["https:\/\/fittwear.nl\/product\/mesh-panelen-legging-zwart\/"]}]},{"@type":"ImageObject","inLanguage":"de","@id":"https:\/\/fittwear.nl\/product\/mesh-panelen-legging-zwart\/#primaryimage","url":"https:\/\/fittwear.nl\/wp-content\/uploads\/2021\/07\/nieuwe-panel-legging_Achterkant-boven_jpg_4-kopieren-1.jpg","contentUrl":"https:\/\/fittwear.nl\/wp-content\/uploads\/2021\/07\/nieuwe-panel-legging_Achterkant-boven_jpg_4-kopieren-1.jpg","width":1200,"height":1800},{"@type":"BreadcrumbList","@id":"https:\/\/fittwear.nl\/product\/mesh-panelen-legging-zwart\/#breadcrumb","itemListElement":[{"@type":"ListItem","position":1,"name":"Home","item":"https:\/\/fittwear.nl\/"},{"@type":"ListItem","position":2,"name":"Shop","item":"https:\/\/fittwear.nl\/shop\/"},{"@type":"ListItem","position":3,"name":"Mesh Panelen Legging zwart"}]},{"@type":"WebSite","@id":"https:\/\/fittwear.nl\/#website","url":"https:\/\/fittwear.nl\/","name":"FITTwear.co.uk","description":"Zeit zu gl\u00e4nzen!","publisher":{"@id":"https:\/\/fittwear.nl\/#organization"},"potentialAction":[{"@type":"SearchAction","target":{"@type":"EntryPoint","urlTemplate":"https:\/\/fittwear.nl\/?s={search_term_string}"},"query-input":{"@type":"PropertyValueSpecification","valueRequired":true,"valueName":"search_term_string"}}],"inLanguage":"de"},{"@type":"Organization","@id":"https:\/\/fittwear.nl\/#organization","name":"FITTwear.co.uk","url":"https:\/\/fittwear.nl\/","logo":{"@type":"ImageObject","inLanguage":"de","@id":"https:\/\/fittwear.nl\/#\/schema\/logo\/image\/","url":"https:\/\/fittwear.nl\/wp-content\/uploads\/2024\/07\/FITT-Logo-BeYOUtiful-website-homepage_Tekengebied-1-scaled.jpg","contentUrl":"https:\/\/fittwear.nl\/wp-content\/uploads\/2024\/07\/FITT-Logo-BeYOUtiful-website-homepage_Tekengebied-1-scaled.jpg","width":2560,"height":599,"caption":"FITTwear.nl"},"image":{"@id":"https:\/\/fittwear.nl\/#\/schema\/logo\/image\/"}}]}},"_links":{"self":[{"href":"https:\/\/fittwear.nl\/de\/wp-json\/wp\/v2\/product\/11685","targetHints":{"allow":["GET"]}}],"collection":[{"href":"https:\/\/fittwear.nl\/de\/wp-json\/wp\/v2\/product"}],"about":[{"href":"https:\/\/fittwear.nl\/de\/wp-json\/wp\/v2\/types\/product"}],"wp:featuredmedia":[{"embeddable":true,"href":"https:\/\/fittwear.nl\/de\/wp-json\/wp\/v2\/media\/13947"}],"wp:attachment":[{"href":"https:\/\/fittwear.nl\/de\/wp-json\/wp\/v2\/media?parent=11685"}],"wp:term":[{"taxonomy":"product_brand","embeddable":true,"href":"https:\/\/fittwear.nl\/de\/wp-json\/wp\/v2\/product_brand?post=11685"},{"taxonomy":"product_cat","embeddable":true,"href":"https:\/\/fittwear.nl\/de\/wp-json\/wp\/v2\/product_cat?post=11685"},{"taxonomy":"product_tag","embeddable":true,"href":"https:\/\/fittwear.nl\/de\/wp-json\/wp\/v2\/product_tag?post=11685"}],"curies":[{"name":"wp","href":"https:\/\/api.w.org\/{rel}","templated":true}]}}