{"id":117619,"date":"2025-10-28T11:35:31","date_gmt":"2025-10-28T10:35:31","guid":{"rendered":"https:\/\/fittwear.nl\/?post_type=product&#038;p=117619"},"modified":"2026-04-27T14:49:00","modified_gmt":"2026-04-27T12:49:00","slug":"unisex-t-shirt-pink","status":"publish","type":"product","link":"https:\/\/fittwear.nl\/de\/product\/unisex-t-shirt-pink\/","title":{"rendered":"Unisex t-shirt pink"},"content":{"rendered":"<p>-Locker sitzendes T-shirt<\/p>\n\n\n\n<p>-mit breitem Pullover-Rippenmuster<\/p>\n\n\n\n<p>-Verk\u00fcrzte \u00c4rmel mit Eins\u00e4tzen<\/p>\n\n\n\n<p>-nachhaltig<\/p>\n\n\n\n<p>-Breite doppelte Ziern\u00e4hte an den \u00c4rmeln und am Mieder<\/p>\n\n\n\n<p>-SINGLE JERSEY<\/p>\n\n\n\n<p>100% gesponnene und gek\u00e4mmte Bio-Baumwolle<\/p>\n\n\n\n<p>-200 g\/m\u00b2<\/p>\n\n\n\n<p>-Waschbar bis zu 30\u00b0<\/p>\n\n\n\n<p>-Model Donna ist 1,82 und tr\u00e4gt Gr\u00f6\u00dfe M<\/p>","protected":false},"excerpt":{"rendered":"<p>Eigentijdse kleding met respect voor mensen en de planeet, gemaakt van biologisch katoen of\/en gerecycled polyester. Biokatoen wordt, in tegenstelling tot gewoon katoen, geteeld zonder chemische insecticiden, meststoffen of pesticiden. Dit betekent dat er geen gevaarlijke of toxische stoffen in de bodem, rivieren en meren terechtkomen, zodat boeren en hun families in een veilige omgeving kunnen leven. Onze FITT Bio-Cotton T-shirts zijn unisex. De losse fit, verlaagde ingezette mouwen en brede sweater boord aan de hals zorgen voor een moderne en casual uitstraling. Ideaal om in te sporten, maar ook zeker passend voor in het dagelijks leven.<\/p>","protected":false},"featured_media":117731,"template":"","meta":{"_acf_changed":true},"product_brand":[],"product_cat":[4792,4813,27,54,79,78,113,61,66],"product_tag":[],"class_list":{"0":"post-117619","1":"product","2":"type-product","3":"status-publish","4":"has-post-thumbnail","6":"product_cat-sustainable-collection","7":"product_cat-t-shirts","8":"product_cat-dames","9":"product_cat-new","10":"product_cat-tanktops-dames","11":"product_cat-t-shirts-dames","12":"product_cat-duurzaam","13":"product_cat-shoppen-op-stijl","14":"product_cat-loungewear","16":"first","17":"outofstock","18":"taxable","19":"shipping-taxable","20":"product-type-variable","21":"has-default-attributes"},"acf":[],"yoast_head":"<!-- This site is optimized with the Yoast SEO plugin v27.1.1 - https:\/\/yoast.com\/product\/yoast-seo-wordpress\/ -->\n<title>Unisex t-shirt pink - FITTwear.nl<\/title>\n<meta name=\"description\" content=\"Eigentijdse kleding met respect voor mensen en de planeet, gemaakt van biologisch katoen of\/en gerecycled polyester. Biokatoen wordt, in tegenstelling tot gewoon katoen, geteeld zonder chemische insecticiden, meststoffen of pesticiden. Dit betekent dat er geen gevaarlijke of toxische stoffen in de bodem, rivieren en meren terechtkomen, zodat boeren en hun families in een veilige omgeving kunnen leven. Onze FITT Bio-Cotton T-shirts zijn unisex. De losse fit, verlaagde ingezette mouwen en brede sweater boord aan de hals zorgen voor een moderne en casual uitstraling. Ideaal om in te sporten, maar ook zeker passend voor in het dagelijks leven.\" \/>\n<meta name=\"robots\" content=\"index, follow, max-snippet:-1, max-image-preview:large, max-video-preview:-1\" \/>\n<link rel=\"canonical\" href=\"https:\/\/fittwear.nl\/de\/produkt-2\/unisex-t-shirt-pink\/\" \/>\n<meta property=\"og:locale\" content=\"de_DE\" \/>\n<meta property=\"og:type\" content=\"article\" \/>\n<meta property=\"og:title\" content=\"Unisex t-shirt pink - FITTwear.nl\" \/>\n<meta property=\"og:description\" content=\"Eigentijdse kleding met respect voor mensen en de planeet, gemaakt van biologisch katoen of\/en gerecycled polyester. Biokatoen wordt, in tegenstelling tot gewoon katoen, geteeld zonder chemische insecticiden, meststoffen of pesticiden. Dit betekent dat er geen gevaarlijke of toxische stoffen in de bodem, rivieren en meren terechtkomen, zodat boeren en hun families in een veilige omgeving kunnen leven. Onze FITT Bio-Cotton T-shirts zijn unisex. De losse fit, verlaagde ingezette mouwen en brede sweater boord aan de hals zorgen voor een moderne en casual uitstraling. Ideaal om in te sporten, maar ook zeker passend voor in het dagelijks leven.\" \/>\n<meta property=\"og:url\" content=\"https:\/\/fittwear.nl\/de\/produkt-2\/unisex-t-shirt-pink\/\" \/>\n<meta property=\"og:site_name\" content=\"FITTwear.nl\" \/>\n<meta property=\"article:modified_time\" content=\"2026-04-27T12:49:00+00:00\" \/>\n<meta property=\"og:image\" content=\"https:\/\/fittwear.nl\/wp-content\/uploads\/2025\/10\/unique-top-zwart_Fullbody_jpg_55.jpg\" \/>\n\t<meta property=\"og:image:width\" content=\"1200\" \/>\n\t<meta property=\"og:image:height\" content=\"1800\" \/>\n\t<meta property=\"og:image:type\" content=\"image\/jpeg\" \/>\n<meta name=\"twitter:card\" content=\"summary_large_image\" \/>\n<meta name=\"twitter:label1\" content=\"Gesch\u00e4tzte Lesezeit\" \/>\n\t<meta name=\"twitter:data1\" content=\"1\u00a0Minute\" \/>\n<script type=\"application\/ld+json\" class=\"yoast-schema-graph\">{\"@context\":\"https:\/\/schema.org\",\"@graph\":[{\"@type\":\"WebPage\",\"@id\":\"https:\/\/fittwear.nl\/product\/unisex-t-shirt-pink\/\",\"url\":\"https:\/\/fittwear.nl\/product\/unisex-t-shirt-pink\/\",\"name\":\"Unisex t-shirt pink - FITTwear.nl\",\"isPartOf\":{\"@id\":\"https:\/\/fittwear.nl\/#website\"},\"primaryImageOfPage\":{\"@id\":\"https:\/\/fittwear.nl\/product\/unisex-t-shirt-pink\/#primaryimage\"},\"image\":{\"@id\":\"https:\/\/fittwear.nl\/product\/unisex-t-shirt-pink\/#primaryimage\"},\"thumbnailUrl\":\"https:\/\/fittwear.nl\/wp-content\/uploads\/2025\/10\/unique-top-zwart_Fullbody_jpg_55.jpg\",\"datePublished\":\"2025-10-28T10:35:31+00:00\",\"dateModified\":\"2026-04-27T12:49:00+00:00\",\"description\":\"Eigentijdse kleding met respect voor mensen en de planeet, gemaakt van biologisch katoen of\/en gerecycled polyester. Biokatoen wordt, in tegenstelling tot gewoon katoen, geteeld zonder chemische insecticiden, meststoffen of pesticiden. Dit betekent dat er geen gevaarlijke of toxische stoffen in de bodem, rivieren en meren terechtkomen, zodat boeren en hun families in een veilige omgeving kunnen leven. Onze FITT Bio-Cotton T-shirts zijn unisex. De losse fit, verlaagde ingezette mouwen en brede sweater boord aan de hals zorgen voor een moderne en casual uitstraling. Ideaal om in te sporten, maar ook zeker passend voor in het dagelijks leven.\",\"breadcrumb\":{\"@id\":\"https:\/\/fittwear.nl\/product\/unisex-t-shirt-pink\/#breadcrumb\"},\"inLanguage\":\"de\",\"potentialAction\":[{\"@type\":\"ReadAction\",\"target\":[\"https:\/\/fittwear.nl\/product\/unisex-t-shirt-pink\/\"]}]},{\"@type\":\"ImageObject\",\"inLanguage\":\"de\",\"@id\":\"https:\/\/fittwear.nl\/product\/unisex-t-shirt-pink\/#primaryimage\",\"url\":\"https:\/\/fittwear.nl\/wp-content\/uploads\/2025\/10\/unique-top-zwart_Fullbody_jpg_55.jpg\",\"contentUrl\":\"https:\/\/fittwear.nl\/wp-content\/uploads\/2025\/10\/unique-top-zwart_Fullbody_jpg_55.jpg\",\"width\":1200,\"height\":1800},{\"@type\":\"BreadcrumbList\",\"@id\":\"https:\/\/fittwear.nl\/product\/unisex-t-shirt-pink\/#breadcrumb\",\"itemListElement\":[{\"@type\":\"ListItem\",\"position\":1,\"name\":\"Home\",\"item\":\"https:\/\/fittwear.nl\/\"},{\"@type\":\"ListItem\",\"position\":2,\"name\":\"Shop\",\"item\":\"https:\/\/fittwear.nl\/shop\/\"},{\"@type\":\"ListItem\",\"position\":3,\"name\":\"Unisex t-shirt pink\"}]},{\"@type\":\"WebSite\",\"@id\":\"https:\/\/fittwear.nl\/#website\",\"url\":\"https:\/\/fittwear.nl\/\",\"name\":\"FITTwear.nl\",\"description\":\"Time to shine!\",\"publisher\":{\"@id\":\"https:\/\/fittwear.nl\/#organization\"},\"potentialAction\":[{\"@type\":\"SearchAction\",\"target\":{\"@type\":\"EntryPoint\",\"urlTemplate\":\"https:\/\/fittwear.nl\/?s={search_term_string}\"},\"query-input\":{\"@type\":\"PropertyValueSpecification\",\"valueRequired\":true,\"valueName\":\"search_term_string\"}}],\"inLanguage\":\"de\"},{\"@type\":\"Organization\",\"@id\":\"https:\/\/fittwear.nl\/#organization\",\"name\":\"FITTwear.nl\",\"url\":\"https:\/\/fittwear.nl\/\",\"logo\":{\"@type\":\"ImageObject\",\"inLanguage\":\"de\",\"@id\":\"https:\/\/fittwear.nl\/#\/schema\/logo\/image\/\",\"url\":\"https:\/\/fittwear.nl\/wp-content\/uploads\/2024\/07\/FITT-Logo-BeYOUtiful-website-homepage_Tekengebied-1-scaled.jpg\",\"contentUrl\":\"https:\/\/fittwear.nl\/wp-content\/uploads\/2024\/07\/FITT-Logo-BeYOUtiful-website-homepage_Tekengebied-1-scaled.jpg\",\"width\":2560,\"height\":599,\"caption\":\"FITTwear.nl\"},\"image\":{\"@id\":\"https:\/\/fittwear.nl\/#\/schema\/logo\/image\/\"}}]}<\/script>\n<!-- \/ Yoast SEO plugin. -->","yoast_head_json":{"title":"Unisex t-shirt pink - FITTwear.nl","description":"Eigentijdse kleding met respect voor mensen en de planeet, gemaakt van biologisch katoen of\/en gerecycled polyester. Biokatoen wordt, in tegenstelling tot gewoon katoen, geteeld zonder chemische insecticiden, meststoffen of pesticiden. Dit betekent dat er geen gevaarlijke of toxische stoffen in de bodem, rivieren en meren terechtkomen, zodat boeren en hun families in een veilige omgeving kunnen leven. Onze FITT Bio-Cotton T-shirts zijn unisex. De losse fit, verlaagde ingezette mouwen en brede sweater boord aan de hals zorgen voor een moderne en casual uitstraling. Ideaal om in te sporten, maar ook zeker passend voor in het dagelijks leven.","robots":{"index":"index","follow":"follow","max-snippet":"max-snippet:-1","max-image-preview":"max-image-preview:large","max-video-preview":"max-video-preview:-1"},"canonical":"https:\/\/fittwear.nl\/de\/produkt-2\/unisex-t-shirt-pink\/","og_locale":"de_DE","og_type":"article","og_title":"Unisex t-shirt pink - FITTwear.nl","og_description":"Eigentijdse kleding met respect voor mensen en de planeet, gemaakt van biologisch katoen of\/en gerecycled polyester. Biokatoen wordt, in tegenstelling tot gewoon katoen, geteeld zonder chemische insecticiden, meststoffen of pesticiden. Dit betekent dat er geen gevaarlijke of toxische stoffen in de bodem, rivieren en meren terechtkomen, zodat boeren en hun families in een veilige omgeving kunnen leven. Onze FITT Bio-Cotton T-shirts zijn unisex. De losse fit, verlaagde ingezette mouwen en brede sweater boord aan de hals zorgen voor een moderne en casual uitstraling. Ideaal om in te sporten, maar ook zeker passend voor in het dagelijks leven.","og_url":"https:\/\/fittwear.nl\/de\/produkt-2\/unisex-t-shirt-pink\/","og_site_name":"FITTwear.nl","article_modified_time":"2026-04-27T12:49:00+00:00","og_image":[{"width":1200,"height":1800,"url":"https:\/\/fittwear.nl\/wp-content\/uploads\/2025\/10\/unique-top-zwart_Fullbody_jpg_55.jpg","type":"image\/jpeg"}],"twitter_card":"summary_large_image","twitter_misc":{"Gesch\u00e4tzte Lesezeit":"1\u00a0Minute"},"schema":{"@context":"https:\/\/schema.org","@graph":[{"@type":"WebPage","@id":"https:\/\/fittwear.nl\/product\/unisex-t-shirt-pink\/","url":"https:\/\/fittwear.nl\/product\/unisex-t-shirt-pink\/","name":"Unisex t-shirt pink - FITTwear.nl","isPartOf":{"@id":"https:\/\/fittwear.nl\/#website"},"primaryImageOfPage":{"@id":"https:\/\/fittwear.nl\/product\/unisex-t-shirt-pink\/#primaryimage"},"image":{"@id":"https:\/\/fittwear.nl\/product\/unisex-t-shirt-pink\/#primaryimage"},"thumbnailUrl":"https:\/\/fittwear.nl\/wp-content\/uploads\/2025\/10\/unique-top-zwart_Fullbody_jpg_55.jpg","datePublished":"2025-10-28T10:35:31+00:00","dateModified":"2026-04-27T12:49:00+00:00","description":"Eigentijdse kleding met respect voor mensen en de planeet, gemaakt van biologisch katoen of\/en gerecycled polyester. Biokatoen wordt, in tegenstelling tot gewoon katoen, geteeld zonder chemische insecticiden, meststoffen of pesticiden. Dit betekent dat er geen gevaarlijke of toxische stoffen in de bodem, rivieren en meren terechtkomen, zodat boeren en hun families in een veilige omgeving kunnen leven. Onze FITT Bio-Cotton T-shirts zijn unisex. De losse fit, verlaagde ingezette mouwen en brede sweater boord aan de hals zorgen voor een moderne en casual uitstraling. Ideaal om in te sporten, maar ook zeker passend voor in het dagelijks leven.","breadcrumb":{"@id":"https:\/\/fittwear.nl\/product\/unisex-t-shirt-pink\/#breadcrumb"},"inLanguage":"de","potentialAction":[{"@type":"ReadAction","target":["https:\/\/fittwear.nl\/product\/unisex-t-shirt-pink\/"]}]},{"@type":"ImageObject","inLanguage":"de","@id":"https:\/\/fittwear.nl\/product\/unisex-t-shirt-pink\/#primaryimage","url":"https:\/\/fittwear.nl\/wp-content\/uploads\/2025\/10\/unique-top-zwart_Fullbody_jpg_55.jpg","contentUrl":"https:\/\/fittwear.nl\/wp-content\/uploads\/2025\/10\/unique-top-zwart_Fullbody_jpg_55.jpg","width":1200,"height":1800},{"@type":"BreadcrumbList","@id":"https:\/\/fittwear.nl\/product\/unisex-t-shirt-pink\/#breadcrumb","itemListElement":[{"@type":"ListItem","position":1,"name":"Home","item":"https:\/\/fittwear.nl\/"},{"@type":"ListItem","position":2,"name":"Shop","item":"https:\/\/fittwear.nl\/shop\/"},{"@type":"ListItem","position":3,"name":"Unisex t-shirt pink"}]},{"@type":"WebSite","@id":"https:\/\/fittwear.nl\/#website","url":"https:\/\/fittwear.nl\/","name":"FITTwear.co.uk","description":"Zeit zu gl\u00e4nzen!","publisher":{"@id":"https:\/\/fittwear.nl\/#organization"},"potentialAction":[{"@type":"SearchAction","target":{"@type":"EntryPoint","urlTemplate":"https:\/\/fittwear.nl\/?s={search_term_string}"},"query-input":{"@type":"PropertyValueSpecification","valueRequired":true,"valueName":"search_term_string"}}],"inLanguage":"de"},{"@type":"Organization","@id":"https:\/\/fittwear.nl\/#organization","name":"FITTwear.co.uk","url":"https:\/\/fittwear.nl\/","logo":{"@type":"ImageObject","inLanguage":"de","@id":"https:\/\/fittwear.nl\/#\/schema\/logo\/image\/","url":"https:\/\/fittwear.nl\/wp-content\/uploads\/2024\/07\/FITT-Logo-BeYOUtiful-website-homepage_Tekengebied-1-scaled.jpg","contentUrl":"https:\/\/fittwear.nl\/wp-content\/uploads\/2024\/07\/FITT-Logo-BeYOUtiful-website-homepage_Tekengebied-1-scaled.jpg","width":2560,"height":599,"caption":"FITTwear.nl"},"image":{"@id":"https:\/\/fittwear.nl\/#\/schema\/logo\/image\/"}}]}},"_links":{"self":[{"href":"https:\/\/fittwear.nl\/de\/wp-json\/wp\/v2\/product\/117619","targetHints":{"allow":["GET"]}}],"collection":[{"href":"https:\/\/fittwear.nl\/de\/wp-json\/wp\/v2\/product"}],"about":[{"href":"https:\/\/fittwear.nl\/de\/wp-json\/wp\/v2\/types\/product"}],"wp:featuredmedia":[{"embeddable":true,"href":"https:\/\/fittwear.nl\/de\/wp-json\/wp\/v2\/media\/117731"}],"wp:attachment":[{"href":"https:\/\/fittwear.nl\/de\/wp-json\/wp\/v2\/media?parent=117619"}],"wp:term":[{"taxonomy":"product_brand","embeddable":true,"href":"https:\/\/fittwear.nl\/de\/wp-json\/wp\/v2\/product_brand?post=117619"},{"taxonomy":"product_cat","embeddable":true,"href":"https:\/\/fittwear.nl\/de\/wp-json\/wp\/v2\/product_cat?post=117619"},{"taxonomy":"product_tag","embeddable":true,"href":"https:\/\/fittwear.nl\/de\/wp-json\/wp\/v2\/product_tag?post=117619"}],"curies":[{"name":"wp","href":"https:\/\/api.w.org\/{rel}","templated":true}]}}