{"id":117817,"date":"2025-11-01T19:54:30","date_gmt":"2025-11-01T18:54:30","guid":{"rendered":"https:\/\/fittwear.nl\/?post_type=product&#038;p=117817"},"modified":"2026-04-06T11:21:33","modified_gmt":"2026-04-06T09:21:33","slug":"bloom-cross-bh-hazelnut","status":"publish","type":"product","link":"https:\/\/fittwear.nl\/de\/product\/bloom-cross-bh-hazelnut\/","title":{"rendered":"Bloom cross BH hazelnut"},"content":{"rendered":"<p>&#8211; Ademend en sneldrogend<\/p>\n\n\n\n<p>&#8211; Cross back design voor extra stijl en bewegingsvrijheid<\/p>\n\n\n\n<p>&#8211; Cut-out detail aan de voorkant<\/p>\n\n\n\n<p>&#8211; Uitneembare cups voor aanpasbare pasvorm<\/p>\n\n\n\n<p>&#8211; Low tot Medium support<\/p>\n\n\n\n<p>&#8211; 80% nylon, 20% elastaan<\/p>\n\n\n\n<p>&#8211; Kleur: Hazelnut<\/p>\n\n\n\n<p>- Waschbar bis zu 30\u00b0<\/p>\n\n\n\n<p>- Model Donna ist 1,82 und tr\u00e4gt Gr\u00f6\u00dfe M<\/p>","protected":false},"excerpt":{"rendered":"<p>De FITT Bloom cross BH combineert een flatterende pasvorm met subtiele details die het verschil maken. Het lichte cut-out detail aan de voorkant geeft een stijlvolle twist, terwijl de cross back zorgt voor een elegante ruglijn en maximale bewegingsvrijheid. De ademende performance-stof voelt zacht aan op de huid en biedt precies de juiste hoeveelheid support, of je nu traint, stretcht of relaxt. Dankzij de uitneembare cups kun je zelf kiezen voor meer of minder vorm.<\/p>","protected":false},"featured_media":117965,"template":"","meta":{"_acf_changed":false},"product_brand":[],"product_cat":[4791,4796,27,54,52,88,66,65],"product_tag":[],"class_list":{"0":"post-117817","1":"product","2":"type-product","3":"status-publish","4":"has-post-thumbnail","6":"product_cat-city-vibes","7":"product_cat-cute-in-neutrals","8":"product_cat-dames","9":"product_cat-new","10":"product_cat-sport-bhs","11":"product_cat-effen-sport-bhs","12":"product_cat-loungewear","13":"product_cat-yogakleding","15":"first","16":"instock","17":"taxable","18":"shipping-taxable","19":"purchasable","20":"product-type-variable","21":"has-default-attributes"},"acf":[],"yoast_head":"<!-- This site is optimized with the Yoast SEO plugin v27.1.1 - https:\/\/yoast.com\/product\/yoast-seo-wordpress\/ -->\n<title>Bloom cross BH hazelnut - FITTwear.nl<\/title>\n<meta name=\"description\" content=\"De FITT Bloom cross BH combineert een flatterende pasvorm met subtiele details die het verschil maken. Het lichte cut-out detail aan de voorkant geeft een stijlvolle twist, terwijl de cross back zorgt voor een elegante ruglijn en maximale bewegingsvrijheid. De ademende performance-stof voelt zacht aan op de huid en biedt precies de juiste hoeveelheid support, of je nu traint, stretcht of relaxt. Dankzij de uitneembare cups kun je zelf kiezen voor meer of minder vorm.\" \/>\n<meta name=\"robots\" content=\"index, follow, max-snippet:-1, max-image-preview:large, max-video-preview:-1\" \/>\n<link rel=\"canonical\" href=\"https:\/\/fittwear.nl\/de\/produkt-2\/bloom-cross-bh-hazelnut\/\" \/>\n<meta property=\"og:locale\" content=\"de_DE\" \/>\n<meta property=\"og:type\" content=\"article\" \/>\n<meta property=\"og:title\" content=\"Bloom cross BH hazelnut - FITTwear.nl\" \/>\n<meta property=\"og:description\" content=\"De FITT Bloom cross BH combineert een flatterende pasvorm met subtiele details die het verschil maken. Het lichte cut-out detail aan de voorkant geeft een stijlvolle twist, terwijl de cross back zorgt voor een elegante ruglijn en maximale bewegingsvrijheid. De ademende performance-stof voelt zacht aan op de huid en biedt precies de juiste hoeveelheid support, of je nu traint, stretcht of relaxt. Dankzij de uitneembare cups kun je zelf kiezen voor meer of minder vorm.\" \/>\n<meta property=\"og:url\" content=\"https:\/\/fittwear.nl\/de\/produkt-2\/bloom-cross-bh-hazelnut\/\" \/>\n<meta property=\"og:site_name\" content=\"FITTwear.nl\" \/>\n<meta property=\"article:modified_time\" content=\"2026-04-06T09:21:33+00:00\" \/>\n<meta property=\"og:image\" content=\"https:\/\/fittwear.nl\/wp-content\/uploads\/2025\/10\/bh-bruin_Voorkant-boven_jpg_2.jpg\" \/>\n\t<meta property=\"og:image:width\" content=\"1200\" \/>\n\t<meta property=\"og:image:height\" content=\"1800\" \/>\n\t<meta property=\"og:image:type\" content=\"image\/jpeg\" \/>\n<meta name=\"twitter:card\" content=\"summary_large_image\" \/>\n<meta name=\"twitter:label1\" content=\"Gesch\u00e4tzte Lesezeit\" \/>\n\t<meta name=\"twitter:data1\" content=\"1\u00a0Minute\" \/>\n<script type=\"application\/ld+json\" class=\"yoast-schema-graph\">{\"@context\":\"https:\/\/schema.org\",\"@graph\":[{\"@type\":\"WebPage\",\"@id\":\"https:\/\/fittwear.nl\/product\/bloom-cross-bh-hazelnut\/\",\"url\":\"https:\/\/fittwear.nl\/product\/bloom-cross-bh-hazelnut\/\",\"name\":\"Bloom cross BH hazelnut - FITTwear.nl\",\"isPartOf\":{\"@id\":\"https:\/\/fittwear.nl\/#website\"},\"primaryImageOfPage\":{\"@id\":\"https:\/\/fittwear.nl\/product\/bloom-cross-bh-hazelnut\/#primaryimage\"},\"image\":{\"@id\":\"https:\/\/fittwear.nl\/product\/bloom-cross-bh-hazelnut\/#primaryimage\"},\"thumbnailUrl\":\"https:\/\/fittwear.nl\/wp-content\/uploads\/2025\/10\/bh-bruin_Voorkant-boven_jpg_2.jpg\",\"datePublished\":\"2025-11-01T18:54:30+00:00\",\"dateModified\":\"2026-04-06T09:21:33+00:00\",\"description\":\"De FITT Bloom cross BH combineert een flatterende pasvorm met subtiele details die het verschil maken. Het lichte cut-out detail aan de voorkant geeft een stijlvolle twist, terwijl de cross back zorgt voor een elegante ruglijn en maximale bewegingsvrijheid. De ademende performance-stof voelt zacht aan op de huid en biedt precies de juiste hoeveelheid support, of je nu traint, stretcht of relaxt. Dankzij de uitneembare cups kun je zelf kiezen voor meer of minder vorm.\",\"breadcrumb\":{\"@id\":\"https:\/\/fittwear.nl\/product\/bloom-cross-bh-hazelnut\/#breadcrumb\"},\"inLanguage\":\"de\",\"potentialAction\":[{\"@type\":\"ReadAction\",\"target\":[\"https:\/\/fittwear.nl\/product\/bloom-cross-bh-hazelnut\/\"]}]},{\"@type\":\"ImageObject\",\"inLanguage\":\"de\",\"@id\":\"https:\/\/fittwear.nl\/product\/bloom-cross-bh-hazelnut\/#primaryimage\",\"url\":\"https:\/\/fittwear.nl\/wp-content\/uploads\/2025\/10\/bh-bruin_Voorkant-boven_jpg_2.jpg\",\"contentUrl\":\"https:\/\/fittwear.nl\/wp-content\/uploads\/2025\/10\/bh-bruin_Voorkant-boven_jpg_2.jpg\",\"width\":1200,\"height\":1800},{\"@type\":\"BreadcrumbList\",\"@id\":\"https:\/\/fittwear.nl\/product\/bloom-cross-bh-hazelnut\/#breadcrumb\",\"itemListElement\":[{\"@type\":\"ListItem\",\"position\":1,\"name\":\"Home\",\"item\":\"https:\/\/fittwear.nl\/\"},{\"@type\":\"ListItem\",\"position\":2,\"name\":\"Shop\",\"item\":\"https:\/\/fittwear.nl\/shop\/\"},{\"@type\":\"ListItem\",\"position\":3,\"name\":\"Bloom cross BH hazelnut\"}]},{\"@type\":\"WebSite\",\"@id\":\"https:\/\/fittwear.nl\/#website\",\"url\":\"https:\/\/fittwear.nl\/\",\"name\":\"FITTwear.nl\",\"description\":\"Time to shine!\",\"publisher\":{\"@id\":\"https:\/\/fittwear.nl\/#organization\"},\"potentialAction\":[{\"@type\":\"SearchAction\",\"target\":{\"@type\":\"EntryPoint\",\"urlTemplate\":\"https:\/\/fittwear.nl\/?s={search_term_string}\"},\"query-input\":{\"@type\":\"PropertyValueSpecification\",\"valueRequired\":true,\"valueName\":\"search_term_string\"}}],\"inLanguage\":\"de\"},{\"@type\":\"Organization\",\"@id\":\"https:\/\/fittwear.nl\/#organization\",\"name\":\"FITTwear.nl\",\"url\":\"https:\/\/fittwear.nl\/\",\"logo\":{\"@type\":\"ImageObject\",\"inLanguage\":\"de\",\"@id\":\"https:\/\/fittwear.nl\/#\/schema\/logo\/image\/\",\"url\":\"https:\/\/fittwear.nl\/wp-content\/uploads\/2024\/07\/FITT-Logo-BeYOUtiful-website-homepage_Tekengebied-1-scaled.jpg\",\"contentUrl\":\"https:\/\/fittwear.nl\/wp-content\/uploads\/2024\/07\/FITT-Logo-BeYOUtiful-website-homepage_Tekengebied-1-scaled.jpg\",\"width\":2560,\"height\":599,\"caption\":\"FITTwear.nl\"},\"image\":{\"@id\":\"https:\/\/fittwear.nl\/#\/schema\/logo\/image\/\"}}]}<\/script>\n<!-- \/ Yoast SEO plugin. -->","yoast_head_json":{"title":"Bloom cross BH hazelnut - FITTwear.nl","description":"De FITT Bloom cross BH combineert een flatterende pasvorm met subtiele details die het verschil maken. Het lichte cut-out detail aan de voorkant geeft een stijlvolle twist, terwijl de cross back zorgt voor een elegante ruglijn en maximale bewegingsvrijheid. De ademende performance-stof voelt zacht aan op de huid en biedt precies de juiste hoeveelheid support, of je nu traint, stretcht of relaxt. Dankzij de uitneembare cups kun je zelf kiezen voor meer of minder vorm.","robots":{"index":"index","follow":"follow","max-snippet":"max-snippet:-1","max-image-preview":"max-image-preview:large","max-video-preview":"max-video-preview:-1"},"canonical":"https:\/\/fittwear.nl\/de\/produkt-2\/bloom-cross-bh-hazelnut\/","og_locale":"de_DE","og_type":"article","og_title":"Bloom cross BH hazelnut - FITTwear.nl","og_description":"De FITT Bloom cross BH combineert een flatterende pasvorm met subtiele details die het verschil maken. Het lichte cut-out detail aan de voorkant geeft een stijlvolle twist, terwijl de cross back zorgt voor een elegante ruglijn en maximale bewegingsvrijheid. De ademende performance-stof voelt zacht aan op de huid en biedt precies de juiste hoeveelheid support, of je nu traint, stretcht of relaxt. Dankzij de uitneembare cups kun je zelf kiezen voor meer of minder vorm.","og_url":"https:\/\/fittwear.nl\/de\/produkt-2\/bloom-cross-bh-hazelnut\/","og_site_name":"FITTwear.nl","article_modified_time":"2026-04-06T09:21:33+00:00","og_image":[{"width":1200,"height":1800,"url":"https:\/\/fittwear.nl\/wp-content\/uploads\/2025\/10\/bh-bruin_Voorkant-boven_jpg_2.jpg","type":"image\/jpeg"}],"twitter_card":"summary_large_image","twitter_misc":{"Gesch\u00e4tzte Lesezeit":"1\u00a0Minute"},"schema":{"@context":"https:\/\/schema.org","@graph":[{"@type":"WebPage","@id":"https:\/\/fittwear.nl\/product\/bloom-cross-bh-hazelnut\/","url":"https:\/\/fittwear.nl\/product\/bloom-cross-bh-hazelnut\/","name":"Bloom cross BH hazelnut - FITTwear.nl","isPartOf":{"@id":"https:\/\/fittwear.nl\/#website"},"primaryImageOfPage":{"@id":"https:\/\/fittwear.nl\/product\/bloom-cross-bh-hazelnut\/#primaryimage"},"image":{"@id":"https:\/\/fittwear.nl\/product\/bloom-cross-bh-hazelnut\/#primaryimage"},"thumbnailUrl":"https:\/\/fittwear.nl\/wp-content\/uploads\/2025\/10\/bh-bruin_Voorkant-boven_jpg_2.jpg","datePublished":"2025-11-01T18:54:30+00:00","dateModified":"2026-04-06T09:21:33+00:00","description":"De FITT Bloom cross BH combineert een flatterende pasvorm met subtiele details die het verschil maken. Het lichte cut-out detail aan de voorkant geeft een stijlvolle twist, terwijl de cross back zorgt voor een elegante ruglijn en maximale bewegingsvrijheid. De ademende performance-stof voelt zacht aan op de huid en biedt precies de juiste hoeveelheid support, of je nu traint, stretcht of relaxt. Dankzij de uitneembare cups kun je zelf kiezen voor meer of minder vorm.","breadcrumb":{"@id":"https:\/\/fittwear.nl\/product\/bloom-cross-bh-hazelnut\/#breadcrumb"},"inLanguage":"de","potentialAction":[{"@type":"ReadAction","target":["https:\/\/fittwear.nl\/product\/bloom-cross-bh-hazelnut\/"]}]},{"@type":"ImageObject","inLanguage":"de","@id":"https:\/\/fittwear.nl\/product\/bloom-cross-bh-hazelnut\/#primaryimage","url":"https:\/\/fittwear.nl\/wp-content\/uploads\/2025\/10\/bh-bruin_Voorkant-boven_jpg_2.jpg","contentUrl":"https:\/\/fittwear.nl\/wp-content\/uploads\/2025\/10\/bh-bruin_Voorkant-boven_jpg_2.jpg","width":1200,"height":1800},{"@type":"BreadcrumbList","@id":"https:\/\/fittwear.nl\/product\/bloom-cross-bh-hazelnut\/#breadcrumb","itemListElement":[{"@type":"ListItem","position":1,"name":"Home","item":"https:\/\/fittwear.nl\/"},{"@type":"ListItem","position":2,"name":"Shop","item":"https:\/\/fittwear.nl\/shop\/"},{"@type":"ListItem","position":3,"name":"Bloom cross BH hazelnut"}]},{"@type":"WebSite","@id":"https:\/\/fittwear.nl\/#website","url":"https:\/\/fittwear.nl\/","name":"FITTwear.co.uk","description":"Zeit zu gl\u00e4nzen!","publisher":{"@id":"https:\/\/fittwear.nl\/#organization"},"potentialAction":[{"@type":"SearchAction","target":{"@type":"EntryPoint","urlTemplate":"https:\/\/fittwear.nl\/?s={search_term_string}"},"query-input":{"@type":"PropertyValueSpecification","valueRequired":true,"valueName":"search_term_string"}}],"inLanguage":"de"},{"@type":"Organization","@id":"https:\/\/fittwear.nl\/#organization","name":"FITTwear.co.uk","url":"https:\/\/fittwear.nl\/","logo":{"@type":"ImageObject","inLanguage":"de","@id":"https:\/\/fittwear.nl\/#\/schema\/logo\/image\/","url":"https:\/\/fittwear.nl\/wp-content\/uploads\/2024\/07\/FITT-Logo-BeYOUtiful-website-homepage_Tekengebied-1-scaled.jpg","contentUrl":"https:\/\/fittwear.nl\/wp-content\/uploads\/2024\/07\/FITT-Logo-BeYOUtiful-website-homepage_Tekengebied-1-scaled.jpg","width":2560,"height":599,"caption":"FITTwear.nl"},"image":{"@id":"https:\/\/fittwear.nl\/#\/schema\/logo\/image\/"}}]}},"_links":{"self":[{"href":"https:\/\/fittwear.nl\/de\/wp-json\/wp\/v2\/product\/117817","targetHints":{"allow":["GET"]}}],"collection":[{"href":"https:\/\/fittwear.nl\/de\/wp-json\/wp\/v2\/product"}],"about":[{"href":"https:\/\/fittwear.nl\/de\/wp-json\/wp\/v2\/types\/product"}],"wp:featuredmedia":[{"embeddable":true,"href":"https:\/\/fittwear.nl\/de\/wp-json\/wp\/v2\/media\/117965"}],"wp:attachment":[{"href":"https:\/\/fittwear.nl\/de\/wp-json\/wp\/v2\/media?parent=117817"}],"wp:term":[{"taxonomy":"product_brand","embeddable":true,"href":"https:\/\/fittwear.nl\/de\/wp-json\/wp\/v2\/product_brand?post=117817"},{"taxonomy":"product_cat","embeddable":true,"href":"https:\/\/fittwear.nl\/de\/wp-json\/wp\/v2\/product_cat?post=117817"},{"taxonomy":"product_tag","embeddable":true,"href":"https:\/\/fittwear.nl\/de\/wp-json\/wp\/v2\/product_tag?post=117817"}],"curies":[{"name":"wp","href":"https:\/\/api.w.org\/{rel}","templated":true}]}}