{"id":14144,"date":"2021-10-04T16:55:50","date_gmt":"2021-10-04T14:55:50","guid":{"rendered":"https:\/\/fittwear.nl\/?post_type=product&#038;p=14144"},"modified":"2026-04-27T15:43:12","modified_gmt":"2026-04-27T13:43:12","slug":"komfort-top-weis","status":"publish","type":"product","link":"https:\/\/fittwear.nl\/de\/product\/comfort-top-wit\/","title":{"rendered":"Komfort-Top Wei\u00df"},"content":{"rendered":"<p>- Komfort-Top mit kurzen \u00c4rmeln<\/p>\n<p>- Lose Passform<\/p>\n<p>-Lange L\u00e4nge, R\u00fccken extra lang<\/p>\n<p>- Dehnbarer und weicher Stoff<\/p>\n<p>- Mit dezentem Logo<\/p>\n<p>- 80% Nylon, 20% Elastan<\/p>\n<p>- 150 g\/m\u00b2<\/p>\n<p>- Waschbar bis zu 30\u00b0<\/p>\n<p>- Farbe: Wei\u00df<\/p>\n<p>- Model Donna ist 1,82 und tr\u00e4gt Gr\u00f6\u00dfe S<\/p>\n<p>- Model Chantal (Locken) ist 1,70 und tr\u00e4gt Gr\u00f6\u00dfe XS<\/p>","protected":false},"excerpt":{"rendered":"<p>Ein bequemes, kurz\u00e4rmeliges Oberteil mit langer L\u00e4nge. Die R\u00fcckwand ist extra lang. Die lockere Passform und der dehnbare, weiche Stoff sorgen f\u00fcr ultimativen Komfort.<\/p>","protected":false},"featured_media":47154,"template":"","meta":{"_acf_changed":false},"product_brand":[],"product_cat":[27,4794,61,78,79,65],"product_tag":[],"class_list":{"0":"post-14144","1":"product","2":"type-product","3":"status-publish","4":"has-post-thumbnail","6":"product_cat-dames","7":"product_cat-mindful-movement","8":"product_cat-shoppen-op-stijl","9":"product_cat-t-shirts-dames","10":"product_cat-tanktops-dames","11":"product_cat-yogakleding","13":"first","14":"outofstock","15":"taxable","16":"shipping-taxable","17":"product-type-variable","18":"has-default-attributes"},"acf":[],"yoast_head":"<!-- This site is optimized with the Yoast SEO plugin v27.1.1 - https:\/\/yoast.com\/product\/yoast-seo-wordpress\/ -->\n<title>Comfort Top White - Dames Sportkleding - FITTwear.nl<\/title>\n<meta name=\"description\" content=\"Een comfortabele top met korte mouw en een lange lengte. Het rugpand is extra lang. De loose fit pasvorm en de stretchy en zachte stof zorgen voor het ultieme comfort.\" \/>\n<meta name=\"robots\" content=\"index, follow, max-snippet:-1, max-image-preview:large, max-video-preview:-1\" \/>\n<link rel=\"canonical\" href=\"https:\/\/fittwear.nl\/de\/produkt-2\/komfort-top-weis\/\" \/>\n<meta property=\"og:locale\" content=\"de_DE\" \/>\n<meta property=\"og:type\" content=\"article\" \/>\n<meta property=\"og:title\" content=\"Comfort Top White - Dames Sportkleding - FITTwear.nl\" \/>\n<meta property=\"og:description\" content=\"Een comfortabele top met korte mouw en een lange lengte. Het rugpand is extra lang. De loose fit pasvorm en de stretchy en zachte stof zorgen voor het ultieme comfort.\" \/>\n<meta property=\"og:url\" content=\"https:\/\/fittwear.nl\/de\/produkt-2\/komfort-top-weis\/\" \/>\n<meta property=\"og:site_name\" content=\"FITTwear.nl\" \/>\n<meta property=\"article:modified_time\" content=\"2026-04-27T13:43:12+00:00\" \/>\n<meta property=\"og:image\" content=\"https:\/\/fittwear.nl\/wp-content\/uploads\/2022\/12\/comfort-wit_Voorkant-boven_jpg_7.jpg\" \/>\n\t<meta property=\"og:image:width\" content=\"1200\" \/>\n\t<meta property=\"og:image:height\" content=\"1800\" \/>\n\t<meta property=\"og:image:type\" content=\"image\/jpeg\" \/>\n<meta name=\"twitter:card\" content=\"summary_large_image\" \/>\n<meta name=\"twitter:label1\" content=\"Gesch\u00e4tzte Lesezeit\" \/>\n\t<meta name=\"twitter:data1\" content=\"1\u00a0Minute\" \/>\n<script type=\"application\/ld+json\" class=\"yoast-schema-graph\">{\"@context\":\"https:\/\/schema.org\",\"@graph\":[{\"@type\":\"WebPage\",\"@id\":\"https:\/\/fittwear.nl\/product\/comfort-top-wit\/\",\"url\":\"https:\/\/fittwear.nl\/product\/comfort-top-wit\/\",\"name\":\"Comfort Top White - Dames Sportkleding - FITTwear.nl\",\"isPartOf\":{\"@id\":\"https:\/\/fittwear.nl\/#website\"},\"primaryImageOfPage\":{\"@id\":\"https:\/\/fittwear.nl\/product\/comfort-top-wit\/#primaryimage\"},\"image\":{\"@id\":\"https:\/\/fittwear.nl\/product\/comfort-top-wit\/#primaryimage\"},\"thumbnailUrl\":\"https:\/\/fittwear.nl\/wp-content\/uploads\/2022\/12\/comfort-wit_Voorkant-boven_jpg_7.jpg\",\"datePublished\":\"2021-10-04T14:55:50+00:00\",\"dateModified\":\"2026-04-27T13:43:12+00:00\",\"description\":\"Een comfortabele top met korte mouw en een lange lengte. Het rugpand is extra lang. De loose fit pasvorm en de stretchy en zachte stof zorgen voor het ultieme comfort.\",\"breadcrumb\":{\"@id\":\"https:\/\/fittwear.nl\/product\/comfort-top-wit\/#breadcrumb\"},\"inLanguage\":\"de\",\"potentialAction\":[{\"@type\":\"ReadAction\",\"target\":[\"https:\/\/fittwear.nl\/product\/comfort-top-wit\/\"]}]},{\"@type\":\"ImageObject\",\"inLanguage\":\"de\",\"@id\":\"https:\/\/fittwear.nl\/product\/comfort-top-wit\/#primaryimage\",\"url\":\"https:\/\/fittwear.nl\/wp-content\/uploads\/2022\/12\/comfort-wit_Voorkant-boven_jpg_7.jpg\",\"contentUrl\":\"https:\/\/fittwear.nl\/wp-content\/uploads\/2022\/12\/comfort-wit_Voorkant-boven_jpg_7.jpg\",\"width\":1200,\"height\":1800},{\"@type\":\"BreadcrumbList\",\"@id\":\"https:\/\/fittwear.nl\/product\/comfort-top-wit\/#breadcrumb\",\"itemListElement\":[{\"@type\":\"ListItem\",\"position\":1,\"name\":\"Home\",\"item\":\"https:\/\/fittwear.nl\/\"},{\"@type\":\"ListItem\",\"position\":2,\"name\":\"Shop\",\"item\":\"https:\/\/fittwear.nl\/shop\/\"},{\"@type\":\"ListItem\",\"position\":3,\"name\":\"Comfort Top White\"}]},{\"@type\":\"WebSite\",\"@id\":\"https:\/\/fittwear.nl\/#website\",\"url\":\"https:\/\/fittwear.nl\/\",\"name\":\"FITTwear.nl\",\"description\":\"Time to shine!\",\"publisher\":{\"@id\":\"https:\/\/fittwear.nl\/#organization\"},\"potentialAction\":[{\"@type\":\"SearchAction\",\"target\":{\"@type\":\"EntryPoint\",\"urlTemplate\":\"https:\/\/fittwear.nl\/?s={search_term_string}\"},\"query-input\":{\"@type\":\"PropertyValueSpecification\",\"valueRequired\":true,\"valueName\":\"search_term_string\"}}],\"inLanguage\":\"de\"},{\"@type\":\"Organization\",\"@id\":\"https:\/\/fittwear.nl\/#organization\",\"name\":\"FITTwear.nl\",\"url\":\"https:\/\/fittwear.nl\/\",\"logo\":{\"@type\":\"ImageObject\",\"inLanguage\":\"de\",\"@id\":\"https:\/\/fittwear.nl\/#\/schema\/logo\/image\/\",\"url\":\"https:\/\/fittwear.nl\/wp-content\/uploads\/2024\/07\/FITT-Logo-BeYOUtiful-website-homepage_Tekengebied-1-scaled.jpg\",\"contentUrl\":\"https:\/\/fittwear.nl\/wp-content\/uploads\/2024\/07\/FITT-Logo-BeYOUtiful-website-homepage_Tekengebied-1-scaled.jpg\",\"width\":2560,\"height\":599,\"caption\":\"FITTwear.nl\"},\"image\":{\"@id\":\"https:\/\/fittwear.nl\/#\/schema\/logo\/image\/\"}}]}<\/script>\n<!-- \/ Yoast SEO plugin. -->","yoast_head_json":{"title":"Comfort Top Wei\u00df - Damen Sportbekleidung - FITTwear.nl","description":"Ein bequemes, kurz\u00e4rmeliges Oberteil mit langer L\u00e4nge. Die R\u00fcckwand ist extra lang. Die lockere Passform und der dehnbare, weiche Stoff sorgen f\u00fcr ultimativen Komfort.","robots":{"index":"index","follow":"follow","max-snippet":"max-snippet:-1","max-image-preview":"max-image-preview:large","max-video-preview":"max-video-preview:-1"},"canonical":"https:\/\/fittwear.nl\/de\/produkt-2\/komfort-top-weis\/","og_locale":"de_DE","og_type":"article","og_title":"Comfort Top White - Dames Sportkleding - FITTwear.nl","og_description":"Een comfortabele top met korte mouw en een lange lengte. Het rugpand is extra lang. De loose fit pasvorm en de stretchy en zachte stof zorgen voor het ultieme comfort.","og_url":"https:\/\/fittwear.nl\/de\/produkt-2\/komfort-top-weis\/","og_site_name":"FITTwear.nl","article_modified_time":"2026-04-27T13:43:12+00:00","og_image":[{"width":1200,"height":1800,"url":"https:\/\/fittwear.nl\/wp-content\/uploads\/2022\/12\/comfort-wit_Voorkant-boven_jpg_7.jpg","type":"image\/jpeg"}],"twitter_card":"summary_large_image","twitter_misc":{"Gesch\u00e4tzte Lesezeit":"1\u00a0Minute"},"schema":{"@context":"https:\/\/schema.org","@graph":[{"@type":"WebPage","@id":"https:\/\/fittwear.nl\/product\/comfort-top-wit\/","url":"https:\/\/fittwear.nl\/product\/comfort-top-wit\/","name":"Comfort Top Wei\u00df - Damen Sportbekleidung - FITTwear.nl","isPartOf":{"@id":"https:\/\/fittwear.nl\/#website"},"primaryImageOfPage":{"@id":"https:\/\/fittwear.nl\/product\/comfort-top-wit\/#primaryimage"},"image":{"@id":"https:\/\/fittwear.nl\/product\/comfort-top-wit\/#primaryimage"},"thumbnailUrl":"https:\/\/fittwear.nl\/wp-content\/uploads\/2022\/12\/comfort-wit_Voorkant-boven_jpg_7.jpg","datePublished":"2021-10-04T14:55:50+00:00","dateModified":"2026-04-27T13:43:12+00:00","description":"Ein bequemes, kurz\u00e4rmeliges Oberteil mit langer L\u00e4nge. Die R\u00fcckwand ist extra lang. Die lockere Passform und der dehnbare, weiche Stoff sorgen f\u00fcr ultimativen Komfort.","breadcrumb":{"@id":"https:\/\/fittwear.nl\/product\/comfort-top-wit\/#breadcrumb"},"inLanguage":"de","potentialAction":[{"@type":"ReadAction","target":["https:\/\/fittwear.nl\/product\/comfort-top-wit\/"]}]},{"@type":"ImageObject","inLanguage":"de","@id":"https:\/\/fittwear.nl\/product\/comfort-top-wit\/#primaryimage","url":"https:\/\/fittwear.nl\/wp-content\/uploads\/2022\/12\/comfort-wit_Voorkant-boven_jpg_7.jpg","contentUrl":"https:\/\/fittwear.nl\/wp-content\/uploads\/2022\/12\/comfort-wit_Voorkant-boven_jpg_7.jpg","width":1200,"height":1800},{"@type":"BreadcrumbList","@id":"https:\/\/fittwear.nl\/product\/comfort-top-wit\/#breadcrumb","itemListElement":[{"@type":"ListItem","position":1,"name":"Home","item":"https:\/\/fittwear.nl\/"},{"@type":"ListItem","position":2,"name":"Shop","item":"https:\/\/fittwear.nl\/shop\/"},{"@type":"ListItem","position":3,"name":"Comfort Top White"}]},{"@type":"WebSite","@id":"https:\/\/fittwear.nl\/#website","url":"https:\/\/fittwear.nl\/","name":"FITTwear.co.uk","description":"Zeit zu gl\u00e4nzen!","publisher":{"@id":"https:\/\/fittwear.nl\/#organization"},"potentialAction":[{"@type":"SearchAction","target":{"@type":"EntryPoint","urlTemplate":"https:\/\/fittwear.nl\/?s={search_term_string}"},"query-input":{"@type":"PropertyValueSpecification","valueRequired":true,"valueName":"search_term_string"}}],"inLanguage":"de"},{"@type":"Organization","@id":"https:\/\/fittwear.nl\/#organization","name":"FITTwear.co.uk","url":"https:\/\/fittwear.nl\/","logo":{"@type":"ImageObject","inLanguage":"de","@id":"https:\/\/fittwear.nl\/#\/schema\/logo\/image\/","url":"https:\/\/fittwear.nl\/wp-content\/uploads\/2024\/07\/FITT-Logo-BeYOUtiful-website-homepage_Tekengebied-1-scaled.jpg","contentUrl":"https:\/\/fittwear.nl\/wp-content\/uploads\/2024\/07\/FITT-Logo-BeYOUtiful-website-homepage_Tekengebied-1-scaled.jpg","width":2560,"height":599,"caption":"FITTwear.nl"},"image":{"@id":"https:\/\/fittwear.nl\/#\/schema\/logo\/image\/"}}]}},"_links":{"self":[{"href":"https:\/\/fittwear.nl\/de\/wp-json\/wp\/v2\/product\/14144","targetHints":{"allow":["GET"]}}],"collection":[{"href":"https:\/\/fittwear.nl\/de\/wp-json\/wp\/v2\/product"}],"about":[{"href":"https:\/\/fittwear.nl\/de\/wp-json\/wp\/v2\/types\/product"}],"wp:featuredmedia":[{"embeddable":true,"href":"https:\/\/fittwear.nl\/de\/wp-json\/wp\/v2\/media\/47154"}],"wp:attachment":[{"href":"https:\/\/fittwear.nl\/de\/wp-json\/wp\/v2\/media?parent=14144"}],"wp:term":[{"taxonomy":"product_brand","embeddable":true,"href":"https:\/\/fittwear.nl\/de\/wp-json\/wp\/v2\/product_brand?post=14144"},{"taxonomy":"product_cat","embeddable":true,"href":"https:\/\/fittwear.nl\/de\/wp-json\/wp\/v2\/product_cat?post=14144"},{"taxonomy":"product_tag","embeddable":true,"href":"https:\/\/fittwear.nl\/de\/wp-json\/wp\/v2\/product_tag?post=14144"}],"curies":[{"name":"wp","href":"https:\/\/api.w.org\/{rel}","templated":true}]}}