{"id":14365,"date":"2021-10-07T16:38:32","date_gmt":"2021-10-07T14:38:32","guid":{"rendered":"https:\/\/fittwear.nl\/?post_type=product&#038;p=14365"},"modified":"2026-04-27T15:43:09","modified_gmt":"2026-04-27T13:43:09","slug":"traumhafte-wolken-legende-lila","status":"publish","type":"product","link":"https:\/\/fittwear.nl\/de\/product\/dreamy-clouds-legging-paars\/","title":{"rendered":"Dreamy Clouds Legging Lila"},"content":{"rendered":"<p>- Leggings mit hoher Taille<\/p>\n<p>- Super weich<\/p>\n<p>- Bew\u00f6lkter Druck<\/p>\n<p>- Atmungsaktiv und schnell trocknend<\/p>\n<p>- \u00c4u\u00dferst dehnbar<\/p>\n<p>- Hocke Beweis<\/p>\n<p>- Mit dezentem Logo<\/p>\n<p>- 80% Nylon, 20% Elastan<\/p>\n<p>- 280 g\/m\u00b2<\/p>\n<p>- Waschbar bis zu 30\u00b0<\/p>\n<p>- Farbe: Violett\/Wei\u00df<\/p>\n<p>- Model Sophie ist 1,75 und tr\u00e4gt Gr\u00f6\u00dfe S<\/p>","protected":false},"excerpt":{"rendered":"<p><strong>Gr\u00f6\u00dfe: Wir empfehlen, eine Nummer kleiner zu bestellen.\u00a0<\/strong><\/p>\n<p>FITT f\u00fchrt Sie durch die Kollektion Dreamy Clouds. Tr\u00e4umen Sie gro\u00df, arbeiten Sie hart und geben Sie nicht auf. Du kannst es schaffen, FITTgirl! Superweiche Leggings mit hoher Taille, sch\u00f6n und ideal zum Trainieren. Der weiche und extrem dehnbare Stoff ist sehr atmungsaktiv und trocknet sehr schnell. Die Cloudy-Drucke erzeugen einen weichen Effekt.<\/p>\n<p>&nbsp;<\/p>","protected":false},"featured_media":14370,"template":"","meta":{"_acf_changed":false},"product_brand":[],"product_cat":[27],"product_tag":[],"class_list":{"0":"post-14365","1":"product","2":"type-product","3":"status-publish","4":"has-post-thumbnail","6":"product_cat-dames","8":"first","9":"instock","10":"sale","11":"taxable","12":"shipping-taxable","13":"purchasable","14":"product-type-variable","15":"has-default-attributes"},"acf":[],"yoast_head":"<!-- This site is optimized with the Yoast SEO plugin v27.1.1 - https:\/\/yoast.com\/product\/yoast-seo-wordpress\/ -->\n<title>Dreamy Clouds Legging Purple - Dames Sportleggings - FITTwear.nl<\/title>\n<meta name=\"description\" content=\"Maatvoering: We raden je aan een maat kleiner te bestellen.\u00a0  FITT neemt je mee in de Dreamy Clouds Collectie. Dream big, work hard and don\u2019t give up. You can do it FITTgirl! Super zachte high waist legging, heerlijk en ideaal om in te trainen. De zachte en extreem stretchy stof is zeer ademende en super snel droog. De Cloudy prints zorgen voor de een zacht effect.  &nbsp;\" \/>\n<meta name=\"robots\" content=\"index, follow, max-snippet:-1, max-image-preview:large, max-video-preview:-1\" \/>\n<link rel=\"canonical\" href=\"https:\/\/fittwear.nl\/de\/produkt-2\/traumhafte-wolken-legende-lila\/\" \/>\n<meta property=\"og:locale\" content=\"de_DE\" \/>\n<meta property=\"og:type\" content=\"article\" \/>\n<meta property=\"og:title\" content=\"Dreamy Clouds Legging Purple - Dames Sportleggings - FITTwear.nl\" \/>\n<meta property=\"og:description\" content=\"Maatvoering: We raden je aan een maat kleiner te bestellen.\u00a0  FITT neemt je mee in de Dreamy Clouds Collectie. Dream big, work hard and don\u2019t give up. You can do it FITTgirl! Super zachte high waist legging, heerlijk en ideaal om in te trainen. De zachte en extreem stretchy stof is zeer ademende en super snel droog. De Cloudy prints zorgen voor de een zacht effect.  &nbsp;\" \/>\n<meta property=\"og:url\" content=\"https:\/\/fittwear.nl\/de\/produkt-2\/traumhafte-wolken-legende-lila\/\" \/>\n<meta property=\"og:site_name\" content=\"FITTwear.nl\" \/>\n<meta property=\"article:modified_time\" content=\"2026-04-27T13:43:09+00:00\" \/>\n<meta property=\"og:image\" content=\"https:\/\/fittwear.nl\/wp-content\/uploads\/2021\/10\/top-paars-plus-legging-lila_Achterkant-onder_jpg_2-kopieren-1.jpg\" \/>\n\t<meta property=\"og:image:width\" content=\"1200\" \/>\n\t<meta property=\"og:image:height\" content=\"1800\" \/>\n\t<meta property=\"og:image:type\" content=\"image\/jpeg\" \/>\n<meta name=\"twitter:card\" content=\"summary_large_image\" \/>\n<meta name=\"twitter:label1\" content=\"Gesch\u00e4tzte Lesezeit\" \/>\n\t<meta name=\"twitter:data1\" content=\"1\u00a0Minute\" \/>\n<script type=\"application\/ld+json\" class=\"yoast-schema-graph\">{\"@context\":\"https:\/\/schema.org\",\"@graph\":[{\"@type\":\"WebPage\",\"@id\":\"https:\/\/fittwear.nl\/product\/dreamy-clouds-legging-paars\/\",\"url\":\"https:\/\/fittwear.nl\/product\/dreamy-clouds-legging-paars\/\",\"name\":\"Dreamy Clouds Legging Purple - Dames Sportleggings - FITTwear.nl\",\"isPartOf\":{\"@id\":\"https:\/\/fittwear.nl\/#website\"},\"primaryImageOfPage\":{\"@id\":\"https:\/\/fittwear.nl\/product\/dreamy-clouds-legging-paars\/#primaryimage\"},\"image\":{\"@id\":\"https:\/\/fittwear.nl\/product\/dreamy-clouds-legging-paars\/#primaryimage\"},\"thumbnailUrl\":\"https:\/\/fittwear.nl\/wp-content\/uploads\/2021\/10\/top-paars-plus-legging-lila_Achterkant-onder_jpg_2-kopieren-1.jpg\",\"datePublished\":\"2021-10-07T14:38:32+00:00\",\"dateModified\":\"2026-04-27T13:43:09+00:00\",\"description\":\"Maatvoering: We raden je aan een maat kleiner te bestellen.\u00a0 FITT neemt je mee in de Dreamy Clouds Collectie. Dream big, work hard and don\u2019t give up. You can do it FITTgirl! Super zachte high waist legging, heerlijk en ideaal om in te trainen. De zachte en extreem stretchy stof is zeer ademende en super snel droog. De Cloudy prints zorgen voor de een zacht effect. &nbsp;\",\"breadcrumb\":{\"@id\":\"https:\/\/fittwear.nl\/product\/dreamy-clouds-legging-paars\/#breadcrumb\"},\"inLanguage\":\"de\",\"potentialAction\":[{\"@type\":\"ReadAction\",\"target\":[\"https:\/\/fittwear.nl\/product\/dreamy-clouds-legging-paars\/\"]}]},{\"@type\":\"ImageObject\",\"inLanguage\":\"de\",\"@id\":\"https:\/\/fittwear.nl\/product\/dreamy-clouds-legging-paars\/#primaryimage\",\"url\":\"https:\/\/fittwear.nl\/wp-content\/uploads\/2021\/10\/top-paars-plus-legging-lila_Achterkant-onder_jpg_2-kopieren-1.jpg\",\"contentUrl\":\"https:\/\/fittwear.nl\/wp-content\/uploads\/2021\/10\/top-paars-plus-legging-lila_Achterkant-onder_jpg_2-kopieren-1.jpg\",\"width\":1200,\"height\":1800,\"caption\":\"Dreamy Clouds Legging paars\"},{\"@type\":\"BreadcrumbList\",\"@id\":\"https:\/\/fittwear.nl\/product\/dreamy-clouds-legging-paars\/#breadcrumb\",\"itemListElement\":[{\"@type\":\"ListItem\",\"position\":1,\"name\":\"Home\",\"item\":\"https:\/\/fittwear.nl\/\"},{\"@type\":\"ListItem\",\"position\":2,\"name\":\"Shop\",\"item\":\"https:\/\/fittwear.nl\/shop\/\"},{\"@type\":\"ListItem\",\"position\":3,\"name\":\"Dreamy Clouds Legging Purple\"}]},{\"@type\":\"WebSite\",\"@id\":\"https:\/\/fittwear.nl\/#website\",\"url\":\"https:\/\/fittwear.nl\/\",\"name\":\"FITTwear.nl\",\"description\":\"Time to shine!\",\"publisher\":{\"@id\":\"https:\/\/fittwear.nl\/#organization\"},\"potentialAction\":[{\"@type\":\"SearchAction\",\"target\":{\"@type\":\"EntryPoint\",\"urlTemplate\":\"https:\/\/fittwear.nl\/?s={search_term_string}\"},\"query-input\":{\"@type\":\"PropertyValueSpecification\",\"valueRequired\":true,\"valueName\":\"search_term_string\"}}],\"inLanguage\":\"de\"},{\"@type\":\"Organization\",\"@id\":\"https:\/\/fittwear.nl\/#organization\",\"name\":\"FITTwear.nl\",\"url\":\"https:\/\/fittwear.nl\/\",\"logo\":{\"@type\":\"ImageObject\",\"inLanguage\":\"de\",\"@id\":\"https:\/\/fittwear.nl\/#\/schema\/logo\/image\/\",\"url\":\"https:\/\/fittwear.nl\/wp-content\/uploads\/2024\/07\/FITT-Logo-BeYOUtiful-website-homepage_Tekengebied-1-scaled.jpg\",\"contentUrl\":\"https:\/\/fittwear.nl\/wp-content\/uploads\/2024\/07\/FITT-Logo-BeYOUtiful-website-homepage_Tekengebied-1-scaled.jpg\",\"width\":2560,\"height\":599,\"caption\":\"FITTwear.nl\"},\"image\":{\"@id\":\"https:\/\/fittwear.nl\/#\/schema\/logo\/image\/\"}}]}<\/script>\n<!-- \/ Yoast SEO plugin. -->","yoast_head_json":{"title":"Dreamy Clouds Legging Purple - Sport-Leggings f\u00fcr Damen - FITTwear.de","description":"Gr\u00f6\u00dfenhinweis: Wir empfehlen, eine Nummer kleiner zu bestellen.   FITT f\u00fchrt Sie durch die Dreamy Clouds Kollektion. Tr\u00e4ume gro\u00df, arbeite hart und gib nicht auf. Du kannst es schaffen, FITTgirl! Superweiche Leggings mit hoher Taille, sch\u00f6n und ideal zum Trainieren. Der weiche und extrem dehnbare Stoff ist sehr atmungsaktiv und trocknet superschnell. Die Cloudy-Drucke erzeugen einen weichen Effekt.  &nbsp;","robots":{"index":"index","follow":"follow","max-snippet":"max-snippet:-1","max-image-preview":"max-image-preview:large","max-video-preview":"max-video-preview:-1"},"canonical":"https:\/\/fittwear.nl\/de\/produkt-2\/traumhafte-wolken-legende-lila\/","og_locale":"de_DE","og_type":"article","og_title":"Dreamy Clouds Legging Purple - Dames Sportleggings - FITTwear.nl","og_description":"Maatvoering: We raden je aan een maat kleiner te bestellen.\u00a0  FITT neemt je mee in de Dreamy Clouds Collectie. Dream big, work hard and don\u2019t give up. You can do it FITTgirl! Super zachte high waist legging, heerlijk en ideaal om in te trainen. De zachte en extreem stretchy stof is zeer ademende en super snel droog. De Cloudy prints zorgen voor de een zacht effect.  &nbsp;","og_url":"https:\/\/fittwear.nl\/de\/produkt-2\/traumhafte-wolken-legende-lila\/","og_site_name":"FITTwear.nl","article_modified_time":"2026-04-27T13:43:09+00:00","og_image":[{"width":1200,"height":1800,"url":"https:\/\/fittwear.nl\/wp-content\/uploads\/2021\/10\/top-paars-plus-legging-lila_Achterkant-onder_jpg_2-kopieren-1.jpg","type":"image\/jpeg"}],"twitter_card":"summary_large_image","twitter_misc":{"Gesch\u00e4tzte Lesezeit":"1\u00a0Minute"},"schema":{"@context":"https:\/\/schema.org","@graph":[{"@type":"WebPage","@id":"https:\/\/fittwear.nl\/product\/dreamy-clouds-legging-paars\/","url":"https:\/\/fittwear.nl\/product\/dreamy-clouds-legging-paars\/","name":"Dreamy Clouds Legging Purple - Sport-Leggings f\u00fcr Damen - FITTwear.de","isPartOf":{"@id":"https:\/\/fittwear.nl\/#website"},"primaryImageOfPage":{"@id":"https:\/\/fittwear.nl\/product\/dreamy-clouds-legging-paars\/#primaryimage"},"image":{"@id":"https:\/\/fittwear.nl\/product\/dreamy-clouds-legging-paars\/#primaryimage"},"thumbnailUrl":"https:\/\/fittwear.nl\/wp-content\/uploads\/2021\/10\/top-paars-plus-legging-lila_Achterkant-onder_jpg_2-kopieren-1.jpg","datePublished":"2021-10-07T14:38:32+00:00","dateModified":"2026-04-27T13:43:09+00:00","description":"Gr\u00f6\u00dfenhinweis: Wir empfehlen, eine Nummer kleiner zu bestellen.  FITT f\u00fchrt Sie durch die Dreamy Clouds Kollektion. Tr\u00e4ume gro\u00df, arbeite hart und gib nicht auf. Du kannst es schaffen, FITTgirl! Superweiche Leggings mit hoher Taille, sch\u00f6n und ideal zum Trainieren. Der weiche und extrem dehnbare Stoff ist sehr atmungsaktiv und trocknet superschnell. Die Cloudy-Drucke erzeugen einen weichen Effekt. &nbsp;","breadcrumb":{"@id":"https:\/\/fittwear.nl\/product\/dreamy-clouds-legging-paars\/#breadcrumb"},"inLanguage":"de","potentialAction":[{"@type":"ReadAction","target":["https:\/\/fittwear.nl\/product\/dreamy-clouds-legging-paars\/"]}]},{"@type":"ImageObject","inLanguage":"de","@id":"https:\/\/fittwear.nl\/product\/dreamy-clouds-legging-paars\/#primaryimage","url":"https:\/\/fittwear.nl\/wp-content\/uploads\/2021\/10\/top-paars-plus-legging-lila_Achterkant-onder_jpg_2-kopieren-1.jpg","contentUrl":"https:\/\/fittwear.nl\/wp-content\/uploads\/2021\/10\/top-paars-plus-legging-lila_Achterkant-onder_jpg_2-kopieren-1.jpg","width":1200,"height":1800,"caption":"Dreamy Clouds Legging paars"},{"@type":"BreadcrumbList","@id":"https:\/\/fittwear.nl\/product\/dreamy-clouds-legging-paars\/#breadcrumb","itemListElement":[{"@type":"ListItem","position":1,"name":"Home","item":"https:\/\/fittwear.nl\/"},{"@type":"ListItem","position":2,"name":"Shop","item":"https:\/\/fittwear.nl\/shop\/"},{"@type":"ListItem","position":3,"name":"Dreamy Clouds Legging Purple"}]},{"@type":"WebSite","@id":"https:\/\/fittwear.nl\/#website","url":"https:\/\/fittwear.nl\/","name":"FITTwear.co.uk","description":"Zeit zu gl\u00e4nzen!","publisher":{"@id":"https:\/\/fittwear.nl\/#organization"},"potentialAction":[{"@type":"SearchAction","target":{"@type":"EntryPoint","urlTemplate":"https:\/\/fittwear.nl\/?s={search_term_string}"},"query-input":{"@type":"PropertyValueSpecification","valueRequired":true,"valueName":"search_term_string"}}],"inLanguage":"de"},{"@type":"Organization","@id":"https:\/\/fittwear.nl\/#organization","name":"FITTwear.co.uk","url":"https:\/\/fittwear.nl\/","logo":{"@type":"ImageObject","inLanguage":"de","@id":"https:\/\/fittwear.nl\/#\/schema\/logo\/image\/","url":"https:\/\/fittwear.nl\/wp-content\/uploads\/2024\/07\/FITT-Logo-BeYOUtiful-website-homepage_Tekengebied-1-scaled.jpg","contentUrl":"https:\/\/fittwear.nl\/wp-content\/uploads\/2024\/07\/FITT-Logo-BeYOUtiful-website-homepage_Tekengebied-1-scaled.jpg","width":2560,"height":599,"caption":"FITTwear.nl"},"image":{"@id":"https:\/\/fittwear.nl\/#\/schema\/logo\/image\/"}}]}},"_links":{"self":[{"href":"https:\/\/fittwear.nl\/de\/wp-json\/wp\/v2\/product\/14365","targetHints":{"allow":["GET"]}}],"collection":[{"href":"https:\/\/fittwear.nl\/de\/wp-json\/wp\/v2\/product"}],"about":[{"href":"https:\/\/fittwear.nl\/de\/wp-json\/wp\/v2\/types\/product"}],"wp:featuredmedia":[{"embeddable":true,"href":"https:\/\/fittwear.nl\/de\/wp-json\/wp\/v2\/media\/14370"}],"wp:attachment":[{"href":"https:\/\/fittwear.nl\/de\/wp-json\/wp\/v2\/media?parent=14365"}],"wp:term":[{"taxonomy":"product_brand","embeddable":true,"href":"https:\/\/fittwear.nl\/de\/wp-json\/wp\/v2\/product_brand?post=14365"},{"taxonomy":"product_cat","embeddable":true,"href":"https:\/\/fittwear.nl\/de\/wp-json\/wp\/v2\/product_cat?post=14365"},{"taxonomy":"product_tag","embeddable":true,"href":"https:\/\/fittwear.nl\/de\/wp-json\/wp\/v2\/product_tag?post=14365"}],"curies":[{"name":"wp","href":"https:\/\/api.w.org\/{rel}","templated":true}]}}