{"id":15533,"date":"2021-11-04T09:12:28","date_gmt":"2021-11-04T08:12:28","guid":{"rendered":"https:\/\/fittwear.nl\/?post_type=product&#038;p=15533"},"modified":"2026-04-26T14:19:37","modified_gmt":"2026-04-26T12:19:37","slug":"lauf-langarm-top-aubergine","status":"publish","type":"product","link":"https:\/\/fittwear.nl\/de\/product\/running-long-sleeve-top-aubergine\/","title":{"rendered":"Running Long Sleeve Top Deep Purple"},"content":{"rendered":"<p>-Lang\u00e4rmeliges Oberteil<\/p>\n<p>-sehr robustes Gewebe<\/p>\n<p>-Warm, geeignet f\u00fcr Sport im Freien<\/p>\n<p>-Gemischte Struktur<\/p>\n<p>-Offener Ausschnitt am R\u00fccken<\/p>\n<p>-Schaumstoffl\u00f6cher<\/p>\n<p>-90% Polyester 10% Elasthan<\/p>\n<p>-Farbe: Tiefes Violett<\/p>\n<p>-Model Donna ist 1,81 und tr\u00e4gt Gr\u00f6\u00dfe S<\/p>","protected":false},"excerpt":{"rendered":"<p>Mit diesem warmen und robusten Langarmshirt trotzen Sie der K\u00e4lte beim Sport im Freien. Das Oberteil ist mit Daumenl\u00f6chern versehen und hat ein einzigartiges R\u00fcckenteil mit einem offenen Detail am R\u00fccken. Das Mischgewebe zeigt sch\u00f6ne Farben. Sich gro\u00dfartig f\u00fchlen, mehr leisten!<\/p>","protected":false},"featured_media":15538,"template":"","meta":{"_acf_changed":false},"product_brand":[],"product_cat":[27,80,54,4793,61,79],"product_tag":[],"class_list":{"0":"post-15533","1":"product","2":"type-product","3":"status-publish","4":"has-post-thumbnail","6":"product_cat-dames","7":"product_cat-longsleeves","8":"product_cat-new","9":"product_cat-power-prints","10":"product_cat-shoppen-op-stijl","11":"product_cat-tanktops-dames","13":"first","14":"outofstock","15":"taxable","16":"shipping-taxable","17":"product-type-variable","18":"has-default-attributes"},"acf":[],"yoast_head":"<!-- This site is optimized with the Yoast SEO plugin v27.1.1 - https:\/\/yoast.com\/product\/yoast-seo-wordpress\/ -->\n<title>Running Long Sleeve Top Deep Purple - FITTwear.nl<\/title>\n<meta name=\"description\" content=\"Trotseer de kou tijdens buiten sporten met deze warme en stevige top met lange mouwen. De top is voorzien van duimgaten en heeft een unieke achterzijde met een open detail op de rug. De gem\u00ealeerde stof geeft mooie kleuren weer. Feel Great, Perform Better!\" \/>\n<meta name=\"robots\" content=\"index, follow, max-snippet:-1, max-image-preview:large, max-video-preview:-1\" \/>\n<link rel=\"canonical\" href=\"https:\/\/fittwear.nl\/de\/produkt-2\/lauf-langarm-top-aubergine\/\" \/>\n<meta property=\"og:locale\" content=\"de_DE\" \/>\n<meta property=\"og:type\" content=\"article\" \/>\n<meta property=\"og:title\" content=\"Running Long Sleeve Top Deep Purple - FITTwear.nl\" \/>\n<meta property=\"og:description\" content=\"Trotseer de kou tijdens buiten sporten met deze warme en stevige top met lange mouwen. De top is voorzien van duimgaten en heeft een unieke achterzijde met een open detail op de rug. De gem\u00ealeerde stof geeft mooie kleuren weer. Feel Great, Perform Better!\" \/>\n<meta property=\"og:url\" content=\"https:\/\/fittwear.nl\/de\/produkt-2\/lauf-langarm-top-aubergine\/\" \/>\n<meta property=\"og:site_name\" content=\"FITTwear.nl\" \/>\n<meta property=\"article:modified_time\" content=\"2026-04-26T12:19:37+00:00\" \/>\n<meta property=\"og:image\" content=\"https:\/\/fittwear.nl\/wp-content\/uploads\/2021\/11\/paars-top-ls_P211027124002_Voorkant-boven_jpg_2.jpg\" \/>\n\t<meta property=\"og:image:width\" content=\"1701\" \/>\n\t<meta property=\"og:image:height\" content=\"2551\" \/>\n\t<meta property=\"og:image:type\" content=\"image\/jpeg\" \/>\n<meta name=\"twitter:card\" content=\"summary_large_image\" \/>\n<meta name=\"twitter:label1\" content=\"Gesch\u00e4tzte Lesezeit\" \/>\n\t<meta name=\"twitter:data1\" content=\"1\u00a0Minute\" \/>\n<script type=\"application\/ld+json\" class=\"yoast-schema-graph\">{\"@context\":\"https:\/\/schema.org\",\"@graph\":[{\"@type\":\"WebPage\",\"@id\":\"https:\/\/fittwear.nl\/product\/running-long-sleeve-top-aubergine\/\",\"url\":\"https:\/\/fittwear.nl\/product\/running-long-sleeve-top-aubergine\/\",\"name\":\"Running Long Sleeve Top Deep Purple - FITTwear.nl\",\"isPartOf\":{\"@id\":\"https:\/\/fittwear.nl\/#website\"},\"primaryImageOfPage\":{\"@id\":\"https:\/\/fittwear.nl\/product\/running-long-sleeve-top-aubergine\/#primaryimage\"},\"image\":{\"@id\":\"https:\/\/fittwear.nl\/product\/running-long-sleeve-top-aubergine\/#primaryimage\"},\"thumbnailUrl\":\"https:\/\/fittwear.nl\/wp-content\/uploads\/2021\/11\/paars-top-ls_P211027124002_Voorkant-boven_jpg_2.jpg\",\"datePublished\":\"2021-11-04T08:12:28+00:00\",\"dateModified\":\"2026-04-26T12:19:37+00:00\",\"description\":\"Trotseer de kou tijdens buiten sporten met deze warme en stevige top met lange mouwen. De top is voorzien van duimgaten en heeft een unieke achterzijde met een open detail op de rug. De gem\u00ealeerde stof geeft mooie kleuren weer. Feel Great, Perform Better!\",\"breadcrumb\":{\"@id\":\"https:\/\/fittwear.nl\/product\/running-long-sleeve-top-aubergine\/#breadcrumb\"},\"inLanguage\":\"de\",\"potentialAction\":[{\"@type\":\"ReadAction\",\"target\":[\"https:\/\/fittwear.nl\/product\/running-long-sleeve-top-aubergine\/\"]}]},{\"@type\":\"ImageObject\",\"inLanguage\":\"de\",\"@id\":\"https:\/\/fittwear.nl\/product\/running-long-sleeve-top-aubergine\/#primaryimage\",\"url\":\"https:\/\/fittwear.nl\/wp-content\/uploads\/2021\/11\/paars-top-ls_P211027124002_Voorkant-boven_jpg_2.jpg\",\"contentUrl\":\"https:\/\/fittwear.nl\/wp-content\/uploads\/2021\/11\/paars-top-ls_P211027124002_Voorkant-boven_jpg_2.jpg\",\"width\":1701,\"height\":2551},{\"@type\":\"BreadcrumbList\",\"@id\":\"https:\/\/fittwear.nl\/product\/running-long-sleeve-top-aubergine\/#breadcrumb\",\"itemListElement\":[{\"@type\":\"ListItem\",\"position\":1,\"name\":\"Home\",\"item\":\"https:\/\/fittwear.nl\/\"},{\"@type\":\"ListItem\",\"position\":2,\"name\":\"Shop\",\"item\":\"https:\/\/fittwear.nl\/shop\/\"},{\"@type\":\"ListItem\",\"position\":3,\"name\":\"Running Long Sleeve Top Deep Purple\"}]},{\"@type\":\"WebSite\",\"@id\":\"https:\/\/fittwear.nl\/#website\",\"url\":\"https:\/\/fittwear.nl\/\",\"name\":\"FITTwear.nl\",\"description\":\"Time to shine!\",\"publisher\":{\"@id\":\"https:\/\/fittwear.nl\/#organization\"},\"potentialAction\":[{\"@type\":\"SearchAction\",\"target\":{\"@type\":\"EntryPoint\",\"urlTemplate\":\"https:\/\/fittwear.nl\/?s={search_term_string}\"},\"query-input\":{\"@type\":\"PropertyValueSpecification\",\"valueRequired\":true,\"valueName\":\"search_term_string\"}}],\"inLanguage\":\"de\"},{\"@type\":\"Organization\",\"@id\":\"https:\/\/fittwear.nl\/#organization\",\"name\":\"FITTwear.nl\",\"url\":\"https:\/\/fittwear.nl\/\",\"logo\":{\"@type\":\"ImageObject\",\"inLanguage\":\"de\",\"@id\":\"https:\/\/fittwear.nl\/#\/schema\/logo\/image\/\",\"url\":\"https:\/\/fittwear.nl\/wp-content\/uploads\/2024\/07\/FITT-Logo-BeYOUtiful-website-homepage_Tekengebied-1-scaled.jpg\",\"contentUrl\":\"https:\/\/fittwear.nl\/wp-content\/uploads\/2024\/07\/FITT-Logo-BeYOUtiful-website-homepage_Tekengebied-1-scaled.jpg\",\"width\":2560,\"height\":599,\"caption\":\"FITTwear.nl\"},\"image\":{\"@id\":\"https:\/\/fittwear.nl\/#\/schema\/logo\/image\/\"}}]}<\/script>\n<!-- \/ Yoast SEO plugin. -->","yoast_head_json":{"title":"Running Long Sleeve Top Deep Purple - FITTwear.de","description":"Mit diesem warmen und robusten Langarmshirt trotzen Sie der K\u00e4lte beim Sport im Freien. Das Oberteil ist mit Daumenl\u00f6chern versehen und hat ein einzigartiges R\u00fcckenteil mit einem offenen Detail am R\u00fccken. Das Mischgewebe zeigt sch\u00f6ne Farben. Sich gro\u00dfartig f\u00fchlen, mehr leisten!","robots":{"index":"index","follow":"follow","max-snippet":"max-snippet:-1","max-image-preview":"max-image-preview:large","max-video-preview":"max-video-preview:-1"},"canonical":"https:\/\/fittwear.nl\/de\/produkt-2\/lauf-langarm-top-aubergine\/","og_locale":"de_DE","og_type":"article","og_title":"Running Long Sleeve Top Deep Purple - FITTwear.nl","og_description":"Trotseer de kou tijdens buiten sporten met deze warme en stevige top met lange mouwen. De top is voorzien van duimgaten en heeft een unieke achterzijde met een open detail op de rug. De gem\u00ealeerde stof geeft mooie kleuren weer. Feel Great, Perform Better!","og_url":"https:\/\/fittwear.nl\/de\/produkt-2\/lauf-langarm-top-aubergine\/","og_site_name":"FITTwear.nl","article_modified_time":"2026-04-26T12:19:37+00:00","og_image":[{"width":1701,"height":2551,"url":"https:\/\/fittwear.nl\/wp-content\/uploads\/2021\/11\/paars-top-ls_P211027124002_Voorkant-boven_jpg_2.jpg","type":"image\/jpeg"}],"twitter_card":"summary_large_image","twitter_misc":{"Gesch\u00e4tzte Lesezeit":"1\u00a0Minute"},"schema":{"@context":"https:\/\/schema.org","@graph":[{"@type":"WebPage","@id":"https:\/\/fittwear.nl\/product\/running-long-sleeve-top-aubergine\/","url":"https:\/\/fittwear.nl\/product\/running-long-sleeve-top-aubergine\/","name":"Running Long Sleeve Top Deep Purple - FITTwear.de","isPartOf":{"@id":"https:\/\/fittwear.nl\/#website"},"primaryImageOfPage":{"@id":"https:\/\/fittwear.nl\/product\/running-long-sleeve-top-aubergine\/#primaryimage"},"image":{"@id":"https:\/\/fittwear.nl\/product\/running-long-sleeve-top-aubergine\/#primaryimage"},"thumbnailUrl":"https:\/\/fittwear.nl\/wp-content\/uploads\/2021\/11\/paars-top-ls_P211027124002_Voorkant-boven_jpg_2.jpg","datePublished":"2021-11-04T08:12:28+00:00","dateModified":"2026-04-26T12:19:37+00:00","description":"Mit diesem warmen und robusten Langarmshirt trotzen Sie der K\u00e4lte beim Sport im Freien. Das Oberteil ist mit Daumenl\u00f6chern versehen und hat ein einzigartiges R\u00fcckenteil mit einem offenen Detail am R\u00fccken. Das Mischgewebe zeigt sch\u00f6ne Farben. Sich gro\u00dfartig f\u00fchlen, mehr leisten!","breadcrumb":{"@id":"https:\/\/fittwear.nl\/product\/running-long-sleeve-top-aubergine\/#breadcrumb"},"inLanguage":"de","potentialAction":[{"@type":"ReadAction","target":["https:\/\/fittwear.nl\/product\/running-long-sleeve-top-aubergine\/"]}]},{"@type":"ImageObject","inLanguage":"de","@id":"https:\/\/fittwear.nl\/product\/running-long-sleeve-top-aubergine\/#primaryimage","url":"https:\/\/fittwear.nl\/wp-content\/uploads\/2021\/11\/paars-top-ls_P211027124002_Voorkant-boven_jpg_2.jpg","contentUrl":"https:\/\/fittwear.nl\/wp-content\/uploads\/2021\/11\/paars-top-ls_P211027124002_Voorkant-boven_jpg_2.jpg","width":1701,"height":2551},{"@type":"BreadcrumbList","@id":"https:\/\/fittwear.nl\/product\/running-long-sleeve-top-aubergine\/#breadcrumb","itemListElement":[{"@type":"ListItem","position":1,"name":"Home","item":"https:\/\/fittwear.nl\/"},{"@type":"ListItem","position":2,"name":"Shop","item":"https:\/\/fittwear.nl\/shop\/"},{"@type":"ListItem","position":3,"name":"Running Long Sleeve Top Deep Purple"}]},{"@type":"WebSite","@id":"https:\/\/fittwear.nl\/#website","url":"https:\/\/fittwear.nl\/","name":"FITTwear.co.uk","description":"Zeit zu gl\u00e4nzen!","publisher":{"@id":"https:\/\/fittwear.nl\/#organization"},"potentialAction":[{"@type":"SearchAction","target":{"@type":"EntryPoint","urlTemplate":"https:\/\/fittwear.nl\/?s={search_term_string}"},"query-input":{"@type":"PropertyValueSpecification","valueRequired":true,"valueName":"search_term_string"}}],"inLanguage":"de"},{"@type":"Organization","@id":"https:\/\/fittwear.nl\/#organization","name":"FITTwear.co.uk","url":"https:\/\/fittwear.nl\/","logo":{"@type":"ImageObject","inLanguage":"de","@id":"https:\/\/fittwear.nl\/#\/schema\/logo\/image\/","url":"https:\/\/fittwear.nl\/wp-content\/uploads\/2024\/07\/FITT-Logo-BeYOUtiful-website-homepage_Tekengebied-1-scaled.jpg","contentUrl":"https:\/\/fittwear.nl\/wp-content\/uploads\/2024\/07\/FITT-Logo-BeYOUtiful-website-homepage_Tekengebied-1-scaled.jpg","width":2560,"height":599,"caption":"FITTwear.nl"},"image":{"@id":"https:\/\/fittwear.nl\/#\/schema\/logo\/image\/"}}]}},"_links":{"self":[{"href":"https:\/\/fittwear.nl\/de\/wp-json\/wp\/v2\/product\/15533","targetHints":{"allow":["GET"]}}],"collection":[{"href":"https:\/\/fittwear.nl\/de\/wp-json\/wp\/v2\/product"}],"about":[{"href":"https:\/\/fittwear.nl\/de\/wp-json\/wp\/v2\/types\/product"}],"wp:featuredmedia":[{"embeddable":true,"href":"https:\/\/fittwear.nl\/de\/wp-json\/wp\/v2\/media\/15538"}],"wp:attachment":[{"href":"https:\/\/fittwear.nl\/de\/wp-json\/wp\/v2\/media?parent=15533"}],"wp:term":[{"taxonomy":"product_brand","embeddable":true,"href":"https:\/\/fittwear.nl\/de\/wp-json\/wp\/v2\/product_brand?post=15533"},{"taxonomy":"product_cat","embeddable":true,"href":"https:\/\/fittwear.nl\/de\/wp-json\/wp\/v2\/product_cat?post=15533"},{"taxonomy":"product_tag","embeddable":true,"href":"https:\/\/fittwear.nl\/de\/wp-json\/wp\/v2\/product_tag?post=15533"}],"curies":[{"name":"wp","href":"https:\/\/api.w.org\/{rel}","templated":true}]}}