{"id":15877,"date":"2021-11-17T14:15:10","date_gmt":"2021-11-17T13:15:10","guid":{"rendered":"https:\/\/fittwear.nl\/?post_type=product&#038;p=15877"},"modified":"2026-04-19T04:35:09","modified_gmt":"2026-04-19T02:35:09","slug":"unisex-bio-baumwoll-trainingsshorts-blau","status":"publish","type":"product","link":"https:\/\/fittwear.nl\/de\/product\/unisex-bio-cotton-trainer-shorts-blauw\/","title":{"rendered":"Unisex-Trainershorts Blau"},"content":{"rendered":"<p>Unisex-Jogg-Shorts<\/p>\n<p>-Extrem weiche Qualit\u00e4t<\/p>\n<p>-Runde, Ton-in-Ton-Schn\u00fcrb\u00e4nder<\/p>\n<p>-2 Vordertaschen<\/p>\n<p>-Aufgen\u00e4hte Tasche auf der R\u00fcckseite<\/p>\n<p>-85% gesponnene und gek\u00e4mmte Bio-Baumwolle\/15% recycelter Polyester<\/p>\n<p>-300g<\/p>\n<p>-Waschbar bis zu 30\u00b0<\/p>\n<p>-Model Donna ist 1,81 und tr\u00e4gt Gr\u00f6\u00dfe M<\/p>","protected":false},"excerpt":{"rendered":"<p>Zeitgem\u00e4\u00dfe Kleidung, die den Menschen und den Planeten respektiert, aus Bio-Baumwolle oder\/und recyceltem Polyester hergestellt. Bio-Baumwolle wird im Gegensatz zu herk\u00f6mmlicher Baumwolle ohne chemische Insektizide, D\u00fcngemittel oder Pestizide angebaut. Das bedeutet, dass keine gef\u00e4hrlichen oder giftigen Stoffe in den Boden, in Fl\u00fcsse und Seen gelangen, so dass die Landwirte und ihre Familien in einer sicheren Umgebung leben k\u00f6nnen.<\/p>\n<p>Unsere FITT Bio-Baumwoll-Trainershorts sind unisex und bestehen aus einem extrem weichen Stoff. So f\u00fchlen Sie sich gro\u00dfartig, leistungsf\u00e4higer und bequemer!<\/p>\n<p>Model Donna ist 1,81 und tr\u00e4gt Gr\u00f6\u00dfe M<\/p>\n<p><strong>BITTE BEACHTEN SIE, DASS DIE GR\u00d6SSE GROSS IST<\/strong><\/p>","protected":false},"featured_media":15886,"template":"","meta":{"_acf_changed":false},"product_brand":[],"product_cat":[27,113,4744,66,4760,61,93,4792,53],"product_tag":[],"class_list":{"0":"post-15877","1":"product","2":"type-product","3":"status-publish","4":"has-post-thumbnail","6":"product_cat-dames","7":"product_cat-duurzaam","8":"product_cat-geen-scrunch-shorts","9":"product_cat-loungewear","10":"product_cat-pocket-shorts","11":"product_cat-shoppen-op-stijl","12":"product_cat-shorts","13":"product_cat-sustainable-collection","14":"product_cat-sweatpants","16":"first","17":"instock","18":"sale","19":"taxable","20":"shipping-taxable","21":"purchasable","22":"product-type-variable","23":"has-default-attributes"},"acf":[],"yoast_head":"<!-- This site is optimized with the Yoast SEO plugin v27.1.1 - https:\/\/yoast.com\/product\/yoast-seo-wordpress\/ -->\n<title>Unisex Trainer Shorts Blue - FITTwear.nl<\/title>\n<meta name=\"description\" content=\"Eigentijdse kleding met respect voor mensen en de planeet, gemaakt van biologisch katoen of\/en gerecycled polyester. Biokatoen wordt, in tegenstelling tot gewoon katoen, geteeld zonder chemische insecticiden, meststoffen of pesticiden. Dit betekent dat er geen gevaarlijke of toxische stoffen in de bodem, rivieren en meren terechtkomen, zodat boeren en hun families in een veilige omgeving kunnen leven.  Onze FITT Bio-Cotton Trainer Shorts zijn unisex en gemaakt van een extreem zachte stof. Feel great, Perform better &amp; comfy dus!  Model Donna is 1.81 en draagt maat M  LET OP VALT RUIM\" \/>\n<meta name=\"robots\" content=\"index, follow, max-snippet:-1, max-image-preview:large, max-video-preview:-1\" \/>\n<link rel=\"canonical\" href=\"https:\/\/fittwear.nl\/de\/produkt-2\/unisex-bio-baumwoll-trainingsshorts-blau\/\" \/>\n<meta property=\"og:locale\" content=\"de_DE\" \/>\n<meta property=\"og:type\" content=\"article\" \/>\n<meta property=\"og:title\" content=\"Unisex Trainer Shorts Blue - FITTwear.nl\" \/>\n<meta property=\"og:description\" content=\"Eigentijdse kleding met respect voor mensen en de planeet, gemaakt van biologisch katoen of\/en gerecycled polyester. Biokatoen wordt, in tegenstelling tot gewoon katoen, geteeld zonder chemische insecticiden, meststoffen of pesticiden. Dit betekent dat er geen gevaarlijke of toxische stoffen in de bodem, rivieren en meren terechtkomen, zodat boeren en hun families in een veilige omgeving kunnen leven.  Onze FITT Bio-Cotton Trainer Shorts zijn unisex en gemaakt van een extreem zachte stof. Feel great, Perform better &amp; comfy dus!  Model Donna is 1.81 en draagt maat M  LET OP VALT RUIM\" \/>\n<meta property=\"og:url\" content=\"https:\/\/fittwear.nl\/de\/produkt-2\/unisex-bio-baumwoll-trainingsshorts-blau\/\" \/>\n<meta property=\"og:site_name\" content=\"FITTwear.nl\" \/>\n<meta property=\"article:modified_time\" content=\"2026-04-19T02:35:09+00:00\" \/>\n<meta property=\"og:image\" content=\"https:\/\/fittwear.nl\/wp-content\/uploads\/2021\/11\/short-blauw_Voorkant-onder_jpg_1.jpg\" \/>\n\t<meta property=\"og:image:width\" content=\"1701\" \/>\n\t<meta property=\"og:image:height\" content=\"2551\" \/>\n\t<meta property=\"og:image:type\" content=\"image\/jpeg\" \/>\n<meta name=\"twitter:card\" content=\"summary_large_image\" \/>\n<meta name=\"twitter:label1\" content=\"Gesch\u00e4tzte Lesezeit\" \/>\n\t<meta name=\"twitter:data1\" content=\"1\u00a0Minute\" \/>\n<script type=\"application\/ld+json\" class=\"yoast-schema-graph\">{\"@context\":\"https:\/\/schema.org\",\"@graph\":[{\"@type\":\"WebPage\",\"@id\":\"https:\/\/fittwear.nl\/product\/unisex-bio-cotton-trainer-shorts-blauw\/\",\"url\":\"https:\/\/fittwear.nl\/product\/unisex-bio-cotton-trainer-shorts-blauw\/\",\"name\":\"Unisex Trainer Shorts Blue - FITTwear.nl\",\"isPartOf\":{\"@id\":\"https:\/\/fittwear.nl\/#website\"},\"primaryImageOfPage\":{\"@id\":\"https:\/\/fittwear.nl\/product\/unisex-bio-cotton-trainer-shorts-blauw\/#primaryimage\"},\"image\":{\"@id\":\"https:\/\/fittwear.nl\/product\/unisex-bio-cotton-trainer-shorts-blauw\/#primaryimage\"},\"thumbnailUrl\":\"https:\/\/fittwear.nl\/wp-content\/uploads\/2021\/11\/short-blauw_Voorkant-onder_jpg_1.jpg\",\"datePublished\":\"2021-11-17T13:15:10+00:00\",\"dateModified\":\"2026-04-19T02:35:09+00:00\",\"description\":\"Eigentijdse kleding met respect voor mensen en de planeet, gemaakt van biologisch katoen of\/en gerecycled polyester. Biokatoen wordt, in tegenstelling tot gewoon katoen, geteeld zonder chemische insecticiden, meststoffen of pesticiden. Dit betekent dat er geen gevaarlijke of toxische stoffen in de bodem, rivieren en meren terechtkomen, zodat boeren en hun families in een veilige omgeving kunnen leven. Onze FITT Bio-Cotton Trainer Shorts zijn unisex en gemaakt van een extreem zachte stof. Feel great, Perform better &amp; comfy dus! Model Donna is 1.81 en draagt maat M LET OP VALT RUIM\",\"breadcrumb\":{\"@id\":\"https:\/\/fittwear.nl\/product\/unisex-bio-cotton-trainer-shorts-blauw\/#breadcrumb\"},\"inLanguage\":\"de\",\"potentialAction\":[{\"@type\":\"ReadAction\",\"target\":[\"https:\/\/fittwear.nl\/product\/unisex-bio-cotton-trainer-shorts-blauw\/\"]}]},{\"@type\":\"ImageObject\",\"inLanguage\":\"de\",\"@id\":\"https:\/\/fittwear.nl\/product\/unisex-bio-cotton-trainer-shorts-blauw\/#primaryimage\",\"url\":\"https:\/\/fittwear.nl\/wp-content\/uploads\/2021\/11\/short-blauw_Voorkant-onder_jpg_1.jpg\",\"contentUrl\":\"https:\/\/fittwear.nl\/wp-content\/uploads\/2021\/11\/short-blauw_Voorkant-onder_jpg_1.jpg\",\"width\":1701,\"height\":2551,\"caption\":\"Unisex Bio-Cotton Trainer Shorts\"},{\"@type\":\"BreadcrumbList\",\"@id\":\"https:\/\/fittwear.nl\/product\/unisex-bio-cotton-trainer-shorts-blauw\/#breadcrumb\",\"itemListElement\":[{\"@type\":\"ListItem\",\"position\":1,\"name\":\"Home\",\"item\":\"https:\/\/fittwear.nl\/\"},{\"@type\":\"ListItem\",\"position\":2,\"name\":\"Shop\",\"item\":\"https:\/\/fittwear.nl\/shop\/\"},{\"@type\":\"ListItem\",\"position\":3,\"name\":\"Unisex Trainer Shorts Blue\"}]},{\"@type\":\"WebSite\",\"@id\":\"https:\/\/fittwear.nl\/#website\",\"url\":\"https:\/\/fittwear.nl\/\",\"name\":\"FITTwear.nl\",\"description\":\"Time to shine!\",\"publisher\":{\"@id\":\"https:\/\/fittwear.nl\/#organization\"},\"potentialAction\":[{\"@type\":\"SearchAction\",\"target\":{\"@type\":\"EntryPoint\",\"urlTemplate\":\"https:\/\/fittwear.nl\/?s={search_term_string}\"},\"query-input\":{\"@type\":\"PropertyValueSpecification\",\"valueRequired\":true,\"valueName\":\"search_term_string\"}}],\"inLanguage\":\"de\"},{\"@type\":\"Organization\",\"@id\":\"https:\/\/fittwear.nl\/#organization\",\"name\":\"FITTwear.nl\",\"url\":\"https:\/\/fittwear.nl\/\",\"logo\":{\"@type\":\"ImageObject\",\"inLanguage\":\"de\",\"@id\":\"https:\/\/fittwear.nl\/#\/schema\/logo\/image\/\",\"url\":\"https:\/\/fittwear.nl\/wp-content\/uploads\/2024\/07\/FITT-Logo-BeYOUtiful-website-homepage_Tekengebied-1-scaled.jpg\",\"contentUrl\":\"https:\/\/fittwear.nl\/wp-content\/uploads\/2024\/07\/FITT-Logo-BeYOUtiful-website-homepage_Tekengebied-1-scaled.jpg\",\"width\":2560,\"height\":599,\"caption\":\"FITTwear.nl\"},\"image\":{\"@id\":\"https:\/\/fittwear.nl\/#\/schema\/logo\/image\/\"}}]}<\/script>\n<!-- \/ Yoast SEO plugin. -->","yoast_head_json":{"title":"Unisex Trainer Shorts Blau - FITTwear.de","description":"Eigentijdse kleding met respect voor mensen en de planeet, gemaakt van biologisch katoen of\/en gerecycled polyester. Biokatoen wordt, in tegenstelling tot gewoon katoen, geteeld zonder chemische insecticiden, meststoffen of pesticiden. Dit betekent dat er geen gevaarlijke of toxische stoffen in de bodem, rivieren en meren terechtkomen, zodat boeren en hun families in een veilige omgeving kunnen leven.  Onze FITT Bio-Cotton Trainer Shorts zijn unisex en gemaakt van een extreem zachte stof. Feel great, Perform better &amp; comfy dus!  Model Donna is 1.81 en draagt maat M  LET OP VALT RUIM","robots":{"index":"index","follow":"follow","max-snippet":"max-snippet:-1","max-image-preview":"max-image-preview:large","max-video-preview":"max-video-preview:-1"},"canonical":"https:\/\/fittwear.nl\/de\/produkt-2\/unisex-bio-baumwoll-trainingsshorts-blau\/","og_locale":"de_DE","og_type":"article","og_title":"Unisex Trainer Shorts Blue - FITTwear.nl","og_description":"Eigentijdse kleding met respect voor mensen en de planeet, gemaakt van biologisch katoen of\/en gerecycled polyester. Biokatoen wordt, in tegenstelling tot gewoon katoen, geteeld zonder chemische insecticiden, meststoffen of pesticiden. Dit betekent dat er geen gevaarlijke of toxische stoffen in de bodem, rivieren en meren terechtkomen, zodat boeren en hun families in een veilige omgeving kunnen leven.  Onze FITT Bio-Cotton Trainer Shorts zijn unisex en gemaakt van een extreem zachte stof. Feel great, Perform better &amp; comfy dus!  Model Donna is 1.81 en draagt maat M  LET OP VALT RUIM","og_url":"https:\/\/fittwear.nl\/de\/produkt-2\/unisex-bio-baumwoll-trainingsshorts-blau\/","og_site_name":"FITTwear.nl","article_modified_time":"2026-04-19T02:35:09+00:00","og_image":[{"width":1701,"height":2551,"url":"https:\/\/fittwear.nl\/wp-content\/uploads\/2021\/11\/short-blauw_Voorkant-onder_jpg_1.jpg","type":"image\/jpeg"}],"twitter_card":"summary_large_image","twitter_misc":{"Gesch\u00e4tzte Lesezeit":"1\u00a0Minute"},"schema":{"@context":"https:\/\/schema.org","@graph":[{"@type":"WebPage","@id":"https:\/\/fittwear.nl\/product\/unisex-bio-cotton-trainer-shorts-blauw\/","url":"https:\/\/fittwear.nl\/product\/unisex-bio-cotton-trainer-shorts-blauw\/","name":"Unisex Trainer Shorts Blau - FITTwear.de","isPartOf":{"@id":"https:\/\/fittwear.nl\/#website"},"primaryImageOfPage":{"@id":"https:\/\/fittwear.nl\/product\/unisex-bio-cotton-trainer-shorts-blauw\/#primaryimage"},"image":{"@id":"https:\/\/fittwear.nl\/product\/unisex-bio-cotton-trainer-shorts-blauw\/#primaryimage"},"thumbnailUrl":"https:\/\/fittwear.nl\/wp-content\/uploads\/2021\/11\/short-blauw_Voorkant-onder_jpg_1.jpg","datePublished":"2021-11-17T13:15:10+00:00","dateModified":"2026-04-19T02:35:09+00:00","description":"Zeitgem\u00e4\u00dfe Kleidung, die den Menschen und den Planeten respektiert, aus Bio-Baumwolle oder\/und recyceltem Polyester hergestellt. Bio-Baumwolle wird im Gegensatz zu herk\u00f6mmlicher Baumwolle ohne chemische Insektizide, D\u00fcngemittel oder Pestizide angebaut. Das bedeutet, dass keine gef\u00e4hrlichen oder giftigen Stoffe in den Boden, in Fl\u00fcsse und Seen gelangen, so dass die Landwirte und ihre Familien in einer sicheren Umgebung leben k\u00f6nnen. Unsere FITT Bio-Baumwoll-Trainershorts sind unisex und bestehen aus einem extrem weichen Stoff. So f\u00fchlen Sie sich gro\u00dfartig, leistungsf\u00e4higer und bequemer! Model Donna ist 1,81 gro\u00df und tr\u00e4gt Gr\u00f6\u00dfe M ACHTUNG PASST KLEIN","breadcrumb":{"@id":"https:\/\/fittwear.nl\/product\/unisex-bio-cotton-trainer-shorts-blauw\/#breadcrumb"},"inLanguage":"de","potentialAction":[{"@type":"ReadAction","target":["https:\/\/fittwear.nl\/product\/unisex-bio-cotton-trainer-shorts-blauw\/"]}]},{"@type":"ImageObject","inLanguage":"de","@id":"https:\/\/fittwear.nl\/product\/unisex-bio-cotton-trainer-shorts-blauw\/#primaryimage","url":"https:\/\/fittwear.nl\/wp-content\/uploads\/2021\/11\/short-blauw_Voorkant-onder_jpg_1.jpg","contentUrl":"https:\/\/fittwear.nl\/wp-content\/uploads\/2021\/11\/short-blauw_Voorkant-onder_jpg_1.jpg","width":1701,"height":2551,"caption":"Unisex Bio-Cotton Trainer Shorts"},{"@type":"BreadcrumbList","@id":"https:\/\/fittwear.nl\/product\/unisex-bio-cotton-trainer-shorts-blauw\/#breadcrumb","itemListElement":[{"@type":"ListItem","position":1,"name":"Home","item":"https:\/\/fittwear.nl\/"},{"@type":"ListItem","position":2,"name":"Shop","item":"https:\/\/fittwear.nl\/shop\/"},{"@type":"ListItem","position":3,"name":"Unisex Trainer Shorts Blue"}]},{"@type":"WebSite","@id":"https:\/\/fittwear.nl\/#website","url":"https:\/\/fittwear.nl\/","name":"FITTwear.co.uk","description":"Zeit zu gl\u00e4nzen!","publisher":{"@id":"https:\/\/fittwear.nl\/#organization"},"potentialAction":[{"@type":"SearchAction","target":{"@type":"EntryPoint","urlTemplate":"https:\/\/fittwear.nl\/?s={search_term_string}"},"query-input":{"@type":"PropertyValueSpecification","valueRequired":true,"valueName":"search_term_string"}}],"inLanguage":"de"},{"@type":"Organization","@id":"https:\/\/fittwear.nl\/#organization","name":"FITTwear.co.uk","url":"https:\/\/fittwear.nl\/","logo":{"@type":"ImageObject","inLanguage":"de","@id":"https:\/\/fittwear.nl\/#\/schema\/logo\/image\/","url":"https:\/\/fittwear.nl\/wp-content\/uploads\/2024\/07\/FITT-Logo-BeYOUtiful-website-homepage_Tekengebied-1-scaled.jpg","contentUrl":"https:\/\/fittwear.nl\/wp-content\/uploads\/2024\/07\/FITT-Logo-BeYOUtiful-website-homepage_Tekengebied-1-scaled.jpg","width":2560,"height":599,"caption":"FITTwear.nl"},"image":{"@id":"https:\/\/fittwear.nl\/#\/schema\/logo\/image\/"}}]}},"_links":{"self":[{"href":"https:\/\/fittwear.nl\/de\/wp-json\/wp\/v2\/product\/15877","targetHints":{"allow":["GET"]}}],"collection":[{"href":"https:\/\/fittwear.nl\/de\/wp-json\/wp\/v2\/product"}],"about":[{"href":"https:\/\/fittwear.nl\/de\/wp-json\/wp\/v2\/types\/product"}],"wp:featuredmedia":[{"embeddable":true,"href":"https:\/\/fittwear.nl\/de\/wp-json\/wp\/v2\/media\/15886"}],"wp:attachment":[{"href":"https:\/\/fittwear.nl\/de\/wp-json\/wp\/v2\/media?parent=15877"}],"wp:term":[{"taxonomy":"product_brand","embeddable":true,"href":"https:\/\/fittwear.nl\/de\/wp-json\/wp\/v2\/product_brand?post=15877"},{"taxonomy":"product_cat","embeddable":true,"href":"https:\/\/fittwear.nl\/de\/wp-json\/wp\/v2\/product_cat?post=15877"},{"taxonomy":"product_tag","embeddable":true,"href":"https:\/\/fittwear.nl\/de\/wp-json\/wp\/v2\/product_tag?post=15877"}],"curies":[{"name":"wp","href":"https:\/\/api.w.org\/{rel}","templated":true}]}}