{"id":16617,"date":"2021-12-02T13:53:48","date_gmt":"2021-12-02T12:53:48","guid":{"rendered":"https:\/\/fittwear.nl\/?post_type=product&#038;p=16617"},"modified":"2026-04-26T14:16:43","modified_gmt":"2026-04-26T12:16:43","slug":"fitt-crop-hoody-weis","status":"publish","type":"product","link":"https:\/\/fittwear.nl\/de\/product\/fitt-crop-hoody-wit\/","title":{"rendered":"FITT Crop Hoody Wei\u00df"},"content":{"rendered":"<p>- Kapuzenpulli in \u00dcbergr\u00f6\u00dfe<\/p>\n<p>- Athleisure-Kleidungsst\u00fcck<\/p>\n<p>- Leichter Stoff<\/p>\n<p>- Strings am unteren Rand zum Beschneiden<\/p>\n<p>- Tonsaiten<\/p>\n<p>- 60% Baumwolle, 40% Polyester<\/p>\n<p>- 250 g\/m\u00b2<\/p>\n<p>- Waschbar bis zu 40\u00b0<\/p>\n<p>- Farbe: wei\u00df<\/p>\n<p>- Model Doete ist 1,76m gro\u00df und tr\u00e4gt Gr\u00f6\u00dfe S\/M<\/p>","protected":false},"excerpt":{"rendered":"<p>Ein einfacher wei\u00dfer Kapuzenpulli ist immer gut im Kleiderschrank aufgehoben! Einfach \u00fcber der Sportkleidung zu tragen, aber auch sch\u00f6n zu kombinieren f\u00fcr einen Athleisure-Look! Der Kapuzenpulli verf\u00fcgt \u00fcber einen Kordelzug am unteren Ende und ist mit einem aufgedruckten FITT-Logo in der vorderen Mitte auf der Brust versehen. Sie suchen Komfort von Kopf bis Fu\u00df? Dann bestellen Sie doch gleich die passende Skinny Lounge Jogginghose f\u00fcr den kompletten Look! Auch in Gr\u00fcn, Schwarz, Grau und Rosa erh\u00e4ltlich.<\/p>\n<p><strong>Model Doete ist 1,76m gro\u00df und tr\u00e4gt Gr\u00f6\u00dfe XS<\/strong><\/p>","protected":false},"featured_media":35811,"template":"","meta":{"_acf_changed":false},"product_brand":[],"product_cat":[4802,4811,27,94,61,66],"product_tag":[],"class_list":{"0":"post-16617","1":"product","2":"type-product","3":"status-publish","4":"has-post-thumbnail","6":"product_cat-fitt-original","7":"product_cat-longsleeves-dames","8":"product_cat-dames","9":"product_cat-hoodies-sweaters","10":"product_cat-shoppen-op-stijl","11":"product_cat-loungewear","13":"first","14":"instock","15":"taxable","16":"shipping-taxable","17":"purchasable","18":"product-type-variable","19":"has-default-attributes"},"acf":[],"yoast_head":"<!-- This site is optimized with the Yoast SEO plugin v27.1.1 - https:\/\/yoast.com\/product\/yoast-seo-wordpress\/ -->\n<title>FITT Oversized Cropped hoody wit - Loungewear - FITTwear.nl<\/title>\n<meta name=\"description\" content=\"Voel je heerlijk comfi na je workout of in je vrije tijd in deze stoere hoody. Warm en gemaakt van een lichtgewicht stof.\" \/>\n<meta name=\"robots\" content=\"index, follow, max-snippet:-1, max-image-preview:large, max-video-preview:-1\" \/>\n<link rel=\"canonical\" href=\"https:\/\/fittwear.nl\/de\/produkt-2\/fitt-crop-hoody-weis\/\" \/>\n<meta property=\"og:locale\" content=\"de_DE\" \/>\n<meta property=\"og:type\" content=\"article\" \/>\n<meta property=\"og:title\" content=\"FITT Oversized Cropped hoody wit - Loungewear - FITTwear.nl\" \/>\n<meta property=\"og:description\" content=\"Voel je heerlijk comfi na je workout of in je vrije tijd in deze stoere hoody. Warm en gemaakt van een lichtgewicht stof.\" \/>\n<meta property=\"og:url\" content=\"https:\/\/fittwear.nl\/de\/produkt-2\/fitt-crop-hoody-weis\/\" \/>\n<meta property=\"og:site_name\" content=\"FITTwear.nl\" \/>\n<meta property=\"article:modified_time\" content=\"2026-04-26T12:16:43+00:00\" \/>\n<meta property=\"og:image\" content=\"https:\/\/fittwear.nl\/wp-content\/uploads\/2021\/12\/hoody-wit_Voorkant-boven_jpg_2.jpg\" \/>\n\t<meta property=\"og:image:width\" content=\"1559\" \/>\n\t<meta property=\"og:image:height\" content=\"2338\" \/>\n\t<meta property=\"og:image:type\" content=\"image\/jpeg\" \/>\n<meta name=\"twitter:card\" content=\"summary_large_image\" \/>\n<meta name=\"twitter:label1\" content=\"Gesch\u00e4tzte Lesezeit\" \/>\n\t<meta name=\"twitter:data1\" content=\"1\u00a0Minute\" \/>\n<script type=\"application\/ld+json\" class=\"yoast-schema-graph\">{\"@context\":\"https:\/\/schema.org\",\"@graph\":[{\"@type\":\"WebPage\",\"@id\":\"https:\/\/fittwear.nl\/product\/fitt-crop-hoody-wit\/\",\"url\":\"https:\/\/fittwear.nl\/product\/fitt-crop-hoody-wit\/\",\"name\":\"FITT Oversized Cropped hoody wit - Loungewear - FITTwear.nl\",\"isPartOf\":{\"@id\":\"https:\/\/fittwear.nl\/#website\"},\"primaryImageOfPage\":{\"@id\":\"https:\/\/fittwear.nl\/product\/fitt-crop-hoody-wit\/#primaryimage\"},\"image\":{\"@id\":\"https:\/\/fittwear.nl\/product\/fitt-crop-hoody-wit\/#primaryimage\"},\"thumbnailUrl\":\"https:\/\/fittwear.nl\/wp-content\/uploads\/2021\/12\/hoody-wit_Voorkant-boven_jpg_2.jpg\",\"datePublished\":\"2021-12-02T12:53:48+00:00\",\"dateModified\":\"2026-04-26T12:16:43+00:00\",\"description\":\"Voel je heerlijk comfi na je workout of in je vrije tijd in deze stoere hoody. Warm en gemaakt van een lichtgewicht stof.\",\"breadcrumb\":{\"@id\":\"https:\/\/fittwear.nl\/product\/fitt-crop-hoody-wit\/#breadcrumb\"},\"inLanguage\":\"de\",\"potentialAction\":[{\"@type\":\"ReadAction\",\"target\":[\"https:\/\/fittwear.nl\/product\/fitt-crop-hoody-wit\/\"]}]},{\"@type\":\"ImageObject\",\"inLanguage\":\"de\",\"@id\":\"https:\/\/fittwear.nl\/product\/fitt-crop-hoody-wit\/#primaryimage\",\"url\":\"https:\/\/fittwear.nl\/wp-content\/uploads\/2021\/12\/hoody-wit_Voorkant-boven_jpg_2.jpg\",\"contentUrl\":\"https:\/\/fittwear.nl\/wp-content\/uploads\/2021\/12\/hoody-wit_Voorkant-boven_jpg_2.jpg\",\"width\":1559,\"height\":2338},{\"@type\":\"BreadcrumbList\",\"@id\":\"https:\/\/fittwear.nl\/product\/fitt-crop-hoody-wit\/#breadcrumb\",\"itemListElement\":[{\"@type\":\"ListItem\",\"position\":1,\"name\":\"Home\",\"item\":\"https:\/\/fittwear.nl\/\"},{\"@type\":\"ListItem\",\"position\":2,\"name\":\"Shop\",\"item\":\"https:\/\/fittwear.nl\/shop\/\"},{\"@type\":\"ListItem\",\"position\":3,\"name\":\"FITT Crop Hoody White\"}]},{\"@type\":\"WebSite\",\"@id\":\"https:\/\/fittwear.nl\/#website\",\"url\":\"https:\/\/fittwear.nl\/\",\"name\":\"FITTwear.nl\",\"description\":\"Time to shine!\",\"publisher\":{\"@id\":\"https:\/\/fittwear.nl\/#organization\"},\"potentialAction\":[{\"@type\":\"SearchAction\",\"target\":{\"@type\":\"EntryPoint\",\"urlTemplate\":\"https:\/\/fittwear.nl\/?s={search_term_string}\"},\"query-input\":{\"@type\":\"PropertyValueSpecification\",\"valueRequired\":true,\"valueName\":\"search_term_string\"}}],\"inLanguage\":\"de\"},{\"@type\":\"Organization\",\"@id\":\"https:\/\/fittwear.nl\/#organization\",\"name\":\"FITTwear.nl\",\"url\":\"https:\/\/fittwear.nl\/\",\"logo\":{\"@type\":\"ImageObject\",\"inLanguage\":\"de\",\"@id\":\"https:\/\/fittwear.nl\/#\/schema\/logo\/image\/\",\"url\":\"https:\/\/fittwear.nl\/wp-content\/uploads\/2024\/07\/FITT-Logo-BeYOUtiful-website-homepage_Tekengebied-1-scaled.jpg\",\"contentUrl\":\"https:\/\/fittwear.nl\/wp-content\/uploads\/2024\/07\/FITT-Logo-BeYOUtiful-website-homepage_Tekengebied-1-scaled.jpg\",\"width\":2560,\"height\":599,\"caption\":\"FITTwear.nl\"},\"image\":{\"@id\":\"https:\/\/fittwear.nl\/#\/schema\/logo\/image\/\"}}]}<\/script>\n<!-- \/ Yoast SEO plugin. -->","yoast_head_json":{"title":"FITT Oversized Cropped Hoody wei\u00df - Loungewear - FITTwear.nl","description":"In diesem coolen Kapuzenpullover f\u00fchlst du dich nach dem Training oder in deiner Freizeit wohl. Warm und aus leichtem Stoff gefertigt.","robots":{"index":"index","follow":"follow","max-snippet":"max-snippet:-1","max-image-preview":"max-image-preview:large","max-video-preview":"max-video-preview:-1"},"canonical":"https:\/\/fittwear.nl\/de\/produkt-2\/fitt-crop-hoody-weis\/","og_locale":"de_DE","og_type":"article","og_title":"FITT Oversized Cropped hoody wit - Loungewear - FITTwear.nl","og_description":"Voel je heerlijk comfi na je workout of in je vrije tijd in deze stoere hoody. Warm en gemaakt van een lichtgewicht stof.","og_url":"https:\/\/fittwear.nl\/de\/produkt-2\/fitt-crop-hoody-weis\/","og_site_name":"FITTwear.nl","article_modified_time":"2026-04-26T12:16:43+00:00","og_image":[{"width":1559,"height":2338,"url":"https:\/\/fittwear.nl\/wp-content\/uploads\/2021\/12\/hoody-wit_Voorkant-boven_jpg_2.jpg","type":"image\/jpeg"}],"twitter_card":"summary_large_image","twitter_misc":{"Gesch\u00e4tzte Lesezeit":"1\u00a0Minute"},"schema":{"@context":"https:\/\/schema.org","@graph":[{"@type":"WebPage","@id":"https:\/\/fittwear.nl\/product\/fitt-crop-hoody-wit\/","url":"https:\/\/fittwear.nl\/product\/fitt-crop-hoody-wit\/","name":"FITT Oversized Cropped Hoody wei\u00df - Loungewear - FITTwear.nl","isPartOf":{"@id":"https:\/\/fittwear.nl\/#website"},"primaryImageOfPage":{"@id":"https:\/\/fittwear.nl\/product\/fitt-crop-hoody-wit\/#primaryimage"},"image":{"@id":"https:\/\/fittwear.nl\/product\/fitt-crop-hoody-wit\/#primaryimage"},"thumbnailUrl":"https:\/\/fittwear.nl\/wp-content\/uploads\/2021\/12\/hoody-wit_Voorkant-boven_jpg_2.jpg","datePublished":"2021-12-02T12:53:48+00:00","dateModified":"2026-04-26T12:16:43+00:00","description":"In diesem coolen Kapuzenpullover f\u00fchlst du dich nach dem Training oder in deiner Freizeit wohl. Warm und aus leichtem Stoff gefertigt.","breadcrumb":{"@id":"https:\/\/fittwear.nl\/product\/fitt-crop-hoody-wit\/#breadcrumb"},"inLanguage":"de","potentialAction":[{"@type":"ReadAction","target":["https:\/\/fittwear.nl\/product\/fitt-crop-hoody-wit\/"]}]},{"@type":"ImageObject","inLanguage":"de","@id":"https:\/\/fittwear.nl\/product\/fitt-crop-hoody-wit\/#primaryimage","url":"https:\/\/fittwear.nl\/wp-content\/uploads\/2021\/12\/hoody-wit_Voorkant-boven_jpg_2.jpg","contentUrl":"https:\/\/fittwear.nl\/wp-content\/uploads\/2021\/12\/hoody-wit_Voorkant-boven_jpg_2.jpg","width":1559,"height":2338},{"@type":"BreadcrumbList","@id":"https:\/\/fittwear.nl\/product\/fitt-crop-hoody-wit\/#breadcrumb","itemListElement":[{"@type":"ListItem","position":1,"name":"Home","item":"https:\/\/fittwear.nl\/"},{"@type":"ListItem","position":2,"name":"Shop","item":"https:\/\/fittwear.nl\/shop\/"},{"@type":"ListItem","position":3,"name":"FITT Crop Hoody White"}]},{"@type":"WebSite","@id":"https:\/\/fittwear.nl\/#website","url":"https:\/\/fittwear.nl\/","name":"FITTwear.co.uk","description":"Zeit zu gl\u00e4nzen!","publisher":{"@id":"https:\/\/fittwear.nl\/#organization"},"potentialAction":[{"@type":"SearchAction","target":{"@type":"EntryPoint","urlTemplate":"https:\/\/fittwear.nl\/?s={search_term_string}"},"query-input":{"@type":"PropertyValueSpecification","valueRequired":true,"valueName":"search_term_string"}}],"inLanguage":"de"},{"@type":"Organization","@id":"https:\/\/fittwear.nl\/#organization","name":"FITTwear.co.uk","url":"https:\/\/fittwear.nl\/","logo":{"@type":"ImageObject","inLanguage":"de","@id":"https:\/\/fittwear.nl\/#\/schema\/logo\/image\/","url":"https:\/\/fittwear.nl\/wp-content\/uploads\/2024\/07\/FITT-Logo-BeYOUtiful-website-homepage_Tekengebied-1-scaled.jpg","contentUrl":"https:\/\/fittwear.nl\/wp-content\/uploads\/2024\/07\/FITT-Logo-BeYOUtiful-website-homepage_Tekengebied-1-scaled.jpg","width":2560,"height":599,"caption":"FITTwear.nl"},"image":{"@id":"https:\/\/fittwear.nl\/#\/schema\/logo\/image\/"}}]}},"_links":{"self":[{"href":"https:\/\/fittwear.nl\/de\/wp-json\/wp\/v2\/product\/16617","targetHints":{"allow":["GET"]}}],"collection":[{"href":"https:\/\/fittwear.nl\/de\/wp-json\/wp\/v2\/product"}],"about":[{"href":"https:\/\/fittwear.nl\/de\/wp-json\/wp\/v2\/types\/product"}],"wp:featuredmedia":[{"embeddable":true,"href":"https:\/\/fittwear.nl\/de\/wp-json\/wp\/v2\/media\/35811"}],"wp:attachment":[{"href":"https:\/\/fittwear.nl\/de\/wp-json\/wp\/v2\/media?parent=16617"}],"wp:term":[{"taxonomy":"product_brand","embeddable":true,"href":"https:\/\/fittwear.nl\/de\/wp-json\/wp\/v2\/product_brand?post=16617"},{"taxonomy":"product_cat","embeddable":true,"href":"https:\/\/fittwear.nl\/de\/wp-json\/wp\/v2\/product_cat?post=16617"},{"taxonomy":"product_tag","embeddable":true,"href":"https:\/\/fittwear.nl\/de\/wp-json\/wp\/v2\/product_tag?post=16617"}],"curies":[{"name":"wp","href":"https:\/\/api.w.org\/{rel}","templated":true}]}}