{"id":16626,"date":"2021-12-03T12:26:45","date_gmt":"2021-12-03T11:26:45","guid":{"rendered":"https:\/\/fittwear.nl\/?post_type=product&#038;p=16626"},"modified":"2026-04-06T12:10:32","modified_gmt":"2026-04-06T10:10:32","slug":"fitt-crop-hoody-nude","status":"publish","type":"product","link":"https:\/\/fittwear.nl\/de\/product\/fitt-crop-hoody-nude\/","title":{"rendered":"FITT Crop Hoody Nackt"},"content":{"rendered":"<p>- Kapuzenpulli in \u00dcbergr\u00f6\u00dfe<\/p>\n<p>- Athleisure-Kleidungsst\u00fcck<\/p>\n<p>- Leichter Stoff<\/p>\n<p>- Strings am unteren Rand zum Beschneiden<\/p>\n<p>- Tonsaiten<\/p>\n<p>- 60% Baumwolle, 40% Polyester<\/p>\n<p>- 250 g\/m\u00b2<\/p>\n<p>- Waschbar bis zu 40\u00b0<\/p>\n<p>- Farbe: Nackt<\/p>\n<p>- Model Donna ist 1,82 und tr\u00e4gt Gr\u00f6\u00dfe S\/M<\/p>","protected":false},"excerpt":{"rendered":"<p>Nach dem Sport ist es wichtig, dass Sie sich sch\u00f6n warm halten. Der Crop Hoody l\u00e4sst sich leicht \u00fcber die Sportkleidung ziehen und ist super bequem! Der Pullover ist in mehreren coolen Farben erh\u00e4ltlich, darunter Gr\u00fcn, Grau und Schwarz. Sie suchen Komfort von Kopf bis Fu\u00df? Dann bestellen Sie doch gleich die passende Skinny Lounge Sweatpants f\u00fcr den kompletten Look!<\/p>\n<p><strong>Model Donna ist 1,81 und tr\u00e4gt Gr\u00f6\u00dfe S\/M<\/strong><\/p>","protected":false},"featured_media":60349,"template":"","meta":{"_acf_changed":false},"product_brand":[],"product_cat":[4796,4802,4811,27,94,61,66],"product_tag":[],"class_list":{"0":"post-16626","1":"product","2":"type-product","3":"status-publish","4":"has-post-thumbnail","6":"product_cat-cute-in-neutrals","7":"product_cat-fitt-original","8":"product_cat-longsleeves-dames","9":"product_cat-dames","10":"product_cat-hoodies-sweaters","11":"product_cat-shoppen-op-stijl","12":"product_cat-loungewear","14":"first","15":"instock","16":"taxable","17":"shipping-taxable","18":"purchasable","19":"product-type-variable","20":"has-default-attributes"},"acf":[],"yoast_head":"<!-- This site is optimized with the Yoast SEO plugin v27.1.1 - https:\/\/yoast.com\/product\/yoast-seo-wordpress\/ -->\n<title>FITT Crop Hoody Nude - Loungewear - FITTwear.nl<\/title>\n<meta name=\"description\" content=\"Na het sporten is het belangrijk om jezelf lekker warm te houden. De crop hoody is makkelijk over je sportkleding aan te trekken en zit super comfortabel! De trui is verkrijgbaar in meerdere toffe kleuren waaronder groen, grijs en zwart. Van top tot teen op zoek naar comfort? Bestel dan ook de bijpassende skinny lounge sweatpants voor de complete look!  Model Donna is 1.81 en draagt maat S\/M\" \/>\n<meta name=\"robots\" content=\"index, follow, max-snippet:-1, max-image-preview:large, max-video-preview:-1\" \/>\n<link rel=\"canonical\" href=\"https:\/\/fittwear.nl\/de\/produkt-2\/fitt-crop-hoody-nude\/\" \/>\n<meta property=\"og:locale\" content=\"de_DE\" \/>\n<meta property=\"og:type\" content=\"article\" \/>\n<meta property=\"og:title\" content=\"FITT Crop Hoody Nude - Loungewear - FITTwear.nl\" \/>\n<meta property=\"og:description\" content=\"Na het sporten is het belangrijk om jezelf lekker warm te houden. De crop hoody is makkelijk over je sportkleding aan te trekken en zit super comfortabel! De trui is verkrijgbaar in meerdere toffe kleuren waaronder groen, grijs en zwart. Van top tot teen op zoek naar comfort? Bestel dan ook de bijpassende skinny lounge sweatpants voor de complete look!  Model Donna is 1.81 en draagt maat S\/M\" \/>\n<meta property=\"og:url\" content=\"https:\/\/fittwear.nl\/de\/produkt-2\/fitt-crop-hoody-nude\/\" \/>\n<meta property=\"og:site_name\" content=\"FITTwear.nl\" \/>\n<meta property=\"article:modified_time\" content=\"2026-04-06T10:10:32+00:00\" \/>\n<meta property=\"og:image\" content=\"https:\/\/fittwear.nl\/wp-content\/uploads\/2021\/12\/nude-hoodie-fitt_Bovenkant-voor_jpg_2-1-kopieren.jpg\" \/>\n\t<meta property=\"og:image:width\" content=\"1094\" \/>\n\t<meta property=\"og:image:height\" content=\"1640\" \/>\n\t<meta property=\"og:image:type\" content=\"image\/jpeg\" \/>\n<meta name=\"twitter:card\" content=\"summary_large_image\" \/>\n<meta name=\"twitter:label1\" content=\"Gesch\u00e4tzte Lesezeit\" \/>\n\t<meta name=\"twitter:data1\" content=\"1\u00a0Minute\" \/>\n<script type=\"application\/ld+json\" class=\"yoast-schema-graph\">{\"@context\":\"https:\/\/schema.org\",\"@graph\":[{\"@type\":\"WebPage\",\"@id\":\"https:\/\/fittwear.nl\/product\/fitt-crop-hoody-nude\/\",\"url\":\"https:\/\/fittwear.nl\/product\/fitt-crop-hoody-nude\/\",\"name\":\"FITT Crop Hoody Nude - Loungewear - FITTwear.nl\",\"isPartOf\":{\"@id\":\"https:\/\/fittwear.nl\/#website\"},\"primaryImageOfPage\":{\"@id\":\"https:\/\/fittwear.nl\/product\/fitt-crop-hoody-nude\/#primaryimage\"},\"image\":{\"@id\":\"https:\/\/fittwear.nl\/product\/fitt-crop-hoody-nude\/#primaryimage\"},\"thumbnailUrl\":\"https:\/\/fittwear.nl\/wp-content\/uploads\/2021\/12\/nude-hoodie-fitt_Bovenkant-voor_jpg_2-1-kopieren.jpg\",\"datePublished\":\"2021-12-03T11:26:45+00:00\",\"dateModified\":\"2026-04-06T10:10:32+00:00\",\"description\":\"Na het sporten is het belangrijk om jezelf lekker warm te houden. De crop hoody is makkelijk over je sportkleding aan te trekken en zit super comfortabel! De trui is verkrijgbaar in meerdere toffe kleuren waaronder groen, grijs en zwart. Van top tot teen op zoek naar comfort? Bestel dan ook de bijpassende skinny lounge sweatpants voor de complete look! Model Donna is 1.81 en draagt maat S\/M\",\"breadcrumb\":{\"@id\":\"https:\/\/fittwear.nl\/product\/fitt-crop-hoody-nude\/#breadcrumb\"},\"inLanguage\":\"de\",\"potentialAction\":[{\"@type\":\"ReadAction\",\"target\":[\"https:\/\/fittwear.nl\/product\/fitt-crop-hoody-nude\/\"]}]},{\"@type\":\"ImageObject\",\"inLanguage\":\"de\",\"@id\":\"https:\/\/fittwear.nl\/product\/fitt-crop-hoody-nude\/#primaryimage\",\"url\":\"https:\/\/fittwear.nl\/wp-content\/uploads\/2021\/12\/nude-hoodie-fitt_Bovenkant-voor_jpg_2-1-kopieren.jpg\",\"contentUrl\":\"https:\/\/fittwear.nl\/wp-content\/uploads\/2021\/12\/nude-hoodie-fitt_Bovenkant-voor_jpg_2-1-kopieren.jpg\",\"width\":1094,\"height\":1640},{\"@type\":\"BreadcrumbList\",\"@id\":\"https:\/\/fittwear.nl\/product\/fitt-crop-hoody-nude\/#breadcrumb\",\"itemListElement\":[{\"@type\":\"ListItem\",\"position\":1,\"name\":\"Home\",\"item\":\"https:\/\/fittwear.nl\/\"},{\"@type\":\"ListItem\",\"position\":2,\"name\":\"Shop\",\"item\":\"https:\/\/fittwear.nl\/shop\/\"},{\"@type\":\"ListItem\",\"position\":3,\"name\":\"FITT Crop Hoody Nude\"}]},{\"@type\":\"WebSite\",\"@id\":\"https:\/\/fittwear.nl\/#website\",\"url\":\"https:\/\/fittwear.nl\/\",\"name\":\"FITTwear.nl\",\"description\":\"Time to shine!\",\"publisher\":{\"@id\":\"https:\/\/fittwear.nl\/#organization\"},\"potentialAction\":[{\"@type\":\"SearchAction\",\"target\":{\"@type\":\"EntryPoint\",\"urlTemplate\":\"https:\/\/fittwear.nl\/?s={search_term_string}\"},\"query-input\":{\"@type\":\"PropertyValueSpecification\",\"valueRequired\":true,\"valueName\":\"search_term_string\"}}],\"inLanguage\":\"de\"},{\"@type\":\"Organization\",\"@id\":\"https:\/\/fittwear.nl\/#organization\",\"name\":\"FITTwear.nl\",\"url\":\"https:\/\/fittwear.nl\/\",\"logo\":{\"@type\":\"ImageObject\",\"inLanguage\":\"de\",\"@id\":\"https:\/\/fittwear.nl\/#\/schema\/logo\/image\/\",\"url\":\"https:\/\/fittwear.nl\/wp-content\/uploads\/2024\/07\/FITT-Logo-BeYOUtiful-website-homepage_Tekengebied-1-scaled.jpg\",\"contentUrl\":\"https:\/\/fittwear.nl\/wp-content\/uploads\/2024\/07\/FITT-Logo-BeYOUtiful-website-homepage_Tekengebied-1-scaled.jpg\",\"width\":2560,\"height\":599,\"caption\":\"FITTwear.nl\"},\"image\":{\"@id\":\"https:\/\/fittwear.nl\/#\/schema\/logo\/image\/\"}}]}<\/script>\n<!-- \/ Yoast SEO plugin. -->","yoast_head_json":{"title":"FITT Crop Hoody Nude - Loungewear - FITTwear.nl","description":"Nach dem Sport ist es wichtig, dass Sie sich sch\u00f6n warm halten. Der Crop Hoody l\u00e4sst sich leicht \u00fcber die Sportkleidung ziehen und ist super bequem! Der Pullover ist in mehreren coolen Farben erh\u00e4ltlich, darunter Gr\u00fcn, Grau und Schwarz. Sie suchen Komfort von Kopf bis Fu\u00df? Dann bestellen Sie doch gleich die passende Skinny Lounge Sweatpants f\u00fcr den kompletten Look!  Model Donna ist 1,81 und tr\u00e4gt Gr\u00f6\u00dfe S\/M","robots":{"index":"index","follow":"follow","max-snippet":"max-snippet:-1","max-image-preview":"max-image-preview:large","max-video-preview":"max-video-preview:-1"},"canonical":"https:\/\/fittwear.nl\/de\/produkt-2\/fitt-crop-hoody-nude\/","og_locale":"de_DE","og_type":"article","og_title":"FITT Crop Hoody Nude - Loungewear - FITTwear.nl","og_description":"Na het sporten is het belangrijk om jezelf lekker warm te houden. De crop hoody is makkelijk over je sportkleding aan te trekken en zit super comfortabel! De trui is verkrijgbaar in meerdere toffe kleuren waaronder groen, grijs en zwart. Van top tot teen op zoek naar comfort? Bestel dan ook de bijpassende skinny lounge sweatpants voor de complete look!  Model Donna is 1.81 en draagt maat S\/M","og_url":"https:\/\/fittwear.nl\/de\/produkt-2\/fitt-crop-hoody-nude\/","og_site_name":"FITTwear.nl","article_modified_time":"2026-04-06T10:10:32+00:00","og_image":[{"width":1094,"height":1640,"url":"https:\/\/fittwear.nl\/wp-content\/uploads\/2021\/12\/nude-hoodie-fitt_Bovenkant-voor_jpg_2-1-kopieren.jpg","type":"image\/jpeg"}],"twitter_card":"summary_large_image","twitter_misc":{"Gesch\u00e4tzte Lesezeit":"1\u00a0Minute"},"schema":{"@context":"https:\/\/schema.org","@graph":[{"@type":"WebPage","@id":"https:\/\/fittwear.nl\/product\/fitt-crop-hoody-nude\/","url":"https:\/\/fittwear.nl\/product\/fitt-crop-hoody-nude\/","name":"FITT Crop Hoody Nude - Loungewear - FITTwear.nl","isPartOf":{"@id":"https:\/\/fittwear.nl\/#website"},"primaryImageOfPage":{"@id":"https:\/\/fittwear.nl\/product\/fitt-crop-hoody-nude\/#primaryimage"},"image":{"@id":"https:\/\/fittwear.nl\/product\/fitt-crop-hoody-nude\/#primaryimage"},"thumbnailUrl":"https:\/\/fittwear.nl\/wp-content\/uploads\/2021\/12\/nude-hoodie-fitt_Bovenkant-voor_jpg_2-1-kopieren.jpg","datePublished":"2021-12-03T11:26:45+00:00","dateModified":"2026-04-06T10:10:32+00:00","description":"Nach dem Sport ist es wichtig, dass Sie sich sch\u00f6n warm halten. Der Crop Hoody l\u00e4sst sich leicht \u00fcber die Sportkleidung ziehen und ist super bequem! Der Pullover ist in mehreren coolen Farben erh\u00e4ltlich, darunter Gr\u00fcn, Grau und Schwarz. Sie suchen Komfort von Kopf bis Fu\u00df? Dann bestellen Sie doch gleich die passende Skinny Lounge Sweatpants f\u00fcr den kompletten Look! Model Donna ist 1,81 und tr\u00e4gt Gr\u00f6\u00dfe S\/M","breadcrumb":{"@id":"https:\/\/fittwear.nl\/product\/fitt-crop-hoody-nude\/#breadcrumb"},"inLanguage":"de","potentialAction":[{"@type":"ReadAction","target":["https:\/\/fittwear.nl\/product\/fitt-crop-hoody-nude\/"]}]},{"@type":"ImageObject","inLanguage":"de","@id":"https:\/\/fittwear.nl\/product\/fitt-crop-hoody-nude\/#primaryimage","url":"https:\/\/fittwear.nl\/wp-content\/uploads\/2021\/12\/nude-hoodie-fitt_Bovenkant-voor_jpg_2-1-kopieren.jpg","contentUrl":"https:\/\/fittwear.nl\/wp-content\/uploads\/2021\/12\/nude-hoodie-fitt_Bovenkant-voor_jpg_2-1-kopieren.jpg","width":1094,"height":1640},{"@type":"BreadcrumbList","@id":"https:\/\/fittwear.nl\/product\/fitt-crop-hoody-nude\/#breadcrumb","itemListElement":[{"@type":"ListItem","position":1,"name":"Home","item":"https:\/\/fittwear.nl\/"},{"@type":"ListItem","position":2,"name":"Shop","item":"https:\/\/fittwear.nl\/shop\/"},{"@type":"ListItem","position":3,"name":"FITT Crop Hoody Nude"}]},{"@type":"WebSite","@id":"https:\/\/fittwear.nl\/#website","url":"https:\/\/fittwear.nl\/","name":"FITTwear.co.uk","description":"Zeit zu gl\u00e4nzen!","publisher":{"@id":"https:\/\/fittwear.nl\/#organization"},"potentialAction":[{"@type":"SearchAction","target":{"@type":"EntryPoint","urlTemplate":"https:\/\/fittwear.nl\/?s={search_term_string}"},"query-input":{"@type":"PropertyValueSpecification","valueRequired":true,"valueName":"search_term_string"}}],"inLanguage":"de"},{"@type":"Organization","@id":"https:\/\/fittwear.nl\/#organization","name":"FITTwear.co.uk","url":"https:\/\/fittwear.nl\/","logo":{"@type":"ImageObject","inLanguage":"de","@id":"https:\/\/fittwear.nl\/#\/schema\/logo\/image\/","url":"https:\/\/fittwear.nl\/wp-content\/uploads\/2024\/07\/FITT-Logo-BeYOUtiful-website-homepage_Tekengebied-1-scaled.jpg","contentUrl":"https:\/\/fittwear.nl\/wp-content\/uploads\/2024\/07\/FITT-Logo-BeYOUtiful-website-homepage_Tekengebied-1-scaled.jpg","width":2560,"height":599,"caption":"FITTwear.nl"},"image":{"@id":"https:\/\/fittwear.nl\/#\/schema\/logo\/image\/"}}]}},"_links":{"self":[{"href":"https:\/\/fittwear.nl\/de\/wp-json\/wp\/v2\/product\/16626","targetHints":{"allow":["GET"]}}],"collection":[{"href":"https:\/\/fittwear.nl\/de\/wp-json\/wp\/v2\/product"}],"about":[{"href":"https:\/\/fittwear.nl\/de\/wp-json\/wp\/v2\/types\/product"}],"wp:featuredmedia":[{"embeddable":true,"href":"https:\/\/fittwear.nl\/de\/wp-json\/wp\/v2\/media\/60349"}],"wp:attachment":[{"href":"https:\/\/fittwear.nl\/de\/wp-json\/wp\/v2\/media?parent=16626"}],"wp:term":[{"taxonomy":"product_brand","embeddable":true,"href":"https:\/\/fittwear.nl\/de\/wp-json\/wp\/v2\/product_brand?post=16626"},{"taxonomy":"product_cat","embeddable":true,"href":"https:\/\/fittwear.nl\/de\/wp-json\/wp\/v2\/product_cat?post=16626"},{"taxonomy":"product_tag","embeddable":true,"href":"https:\/\/fittwear.nl\/de\/wp-json\/wp\/v2\/product_tag?post=16626"}],"curies":[{"name":"wp","href":"https:\/\/api.w.org\/{rel}","templated":true}]}}