{"id":17069,"date":"2021-12-10T11:02:08","date_gmt":"2021-12-10T10:02:08","guid":{"rendered":"https:\/\/fittwear.nl\/?post_type=product&#038;p=17069"},"modified":"2026-04-17T01:53:05","modified_gmt":"2026-04-16T23:53:05","slug":"netz-aktiv-hohe-steige-legging-lilac","status":"publish","type":"product","link":"https:\/\/fittwear.nl\/de\/product\/mesh-active-high-rise-legging-lila\/","title":{"rendered":"Mesh Active High Rise Legging Flieder"},"content":{"rendered":"<p>- Leggings mit hoher Taille<\/p>\n<p>- Fester Bund<\/p>\n<p>-Bleibt an seinem Platz, h\u00e4ngt nicht durch<\/p>\n<p>- Details des Netzes<\/p>\n<p>- Atmungsaktiv und schnell trocknend<\/p>\n<p>- Hocke Beweis<\/p>\n<p>&#8211; Smartphone pockets<\/p>\n<p>- Mit dezentem Logo<\/p>\n<p>- 75% Nylon, 25% Elastan<\/p>\n<p>- 280 g\/m\u00b2<\/p>\n<p>- Waschbar bis zu 30\u00b0<\/p>\n<p>- Farbe: Flieder<\/p>\n<p>- Model Donna ist 1,82 und tr\u00e4gt Gr\u00f6\u00dfe M<\/p>","protected":false},"excerpt":{"rendered":"<p><strong>Gr\u00f6\u00dfe: F\u00e4llt gr\u00f6\u00dfengerecht aus.\u00a0<\/strong><\/p>\n<p>Ein trendiges Sport-Set, das bequem ist! Unsere Mesh Active-Kollektion besteht aus Leggings mit hoher Taille und einem festen Bund, der nicht verrutscht!  Die Mesh-Eins\u00e4tze sorgen f\u00fcr zus\u00e4tzliche Atmungsaktivit\u00e4t. Die Leggings hat auf beiden Seiten Smartphone-Taschen. Auch in schwarz und blau erh\u00e4ltlich!<\/p>\n<p><strong>Model Donna ist 1,82m gro\u00df und tr\u00e4gt Gr\u00f6\u00dfe M.<\/strong><\/p>","protected":false},"featured_media":17541,"template":"","meta":{"_acf_changed":false},"product_brand":[],"product_cat":[27,86,4743,28,4759,4800,61],"product_tag":[],"class_list":{"0":"post-17069","1":"product","2":"type-product","3":"status-publish","4":"has-post-thumbnail","6":"product_cat-dames","7":"product_cat-effen","8":"product_cat-geen-scrunch","9":"product_cat-leggings","10":"product_cat-pocket","11":"product_cat-running-collection","12":"product_cat-shoppen-op-stijl","14":"first","15":"instock","16":"sale","17":"taxable","18":"shipping-taxable","19":"purchasable","20":"product-type-variable","21":"has-default-attributes"},"acf":[],"yoast_head":"<!-- This site is optimized with the Yoast SEO plugin v27.1.1 - https:\/\/yoast.com\/product\/yoast-seo-wordpress\/ -->\n<title>Mesh Active High Rise Legging Lilac - Dames Sportkleding - FITTwear.nl<\/title>\n<meta name=\"description\" content=\"Een trendy sportset die comfortabel zit! Onze Mesh Active collectie is bestaat uit een high waist legging met een stevige tailleband die goed blijft zitten!\" \/>\n<meta name=\"robots\" content=\"index, follow, max-snippet:-1, max-image-preview:large, max-video-preview:-1\" \/>\n<link rel=\"canonical\" href=\"https:\/\/fittwear.nl\/de\/produkt-2\/netz-aktiv-hohe-steige-legging-lilac\/\" \/>\n<meta property=\"og:locale\" content=\"de_DE\" \/>\n<meta property=\"og:type\" content=\"article\" \/>\n<meta property=\"og:title\" content=\"Mesh Active High Rise Legging Lilac - Dames Sportkleding - FITTwear.nl\" \/>\n<meta property=\"og:description\" content=\"Een trendy sportset die comfortabel zit! Onze Mesh Active collectie is bestaat uit een high waist legging met een stevige tailleband die goed blijft zitten!\" \/>\n<meta property=\"og:url\" content=\"https:\/\/fittwear.nl\/de\/produkt-2\/netz-aktiv-hohe-steige-legging-lilac\/\" \/>\n<meta property=\"og:site_name\" content=\"FITTwear.nl\" \/>\n<meta property=\"article:modified_time\" content=\"2026-04-16T23:53:05+00:00\" \/>\n<meta property=\"og:image\" content=\"https:\/\/fittwear.nl\/wp-content\/uploads\/2021\/12\/mesh-active-roze_Voorkant-onder_jpg_1.jpg\" \/>\n\t<meta property=\"og:image:width\" content=\"1701\" \/>\n\t<meta property=\"og:image:height\" content=\"2552\" \/>\n\t<meta property=\"og:image:type\" content=\"image\/jpeg\" \/>\n<meta name=\"twitter:card\" content=\"summary_large_image\" \/>\n<meta name=\"twitter:label1\" content=\"Gesch\u00e4tzte Lesezeit\" \/>\n\t<meta name=\"twitter:data1\" content=\"1\u00a0Minute\" \/>\n<script type=\"application\/ld+json\" class=\"yoast-schema-graph\">{\"@context\":\"https:\/\/schema.org\",\"@graph\":[{\"@type\":\"WebPage\",\"@id\":\"https:\/\/fittwear.nl\/product\/mesh-active-high-rise-legging-lila\/\",\"url\":\"https:\/\/fittwear.nl\/product\/mesh-active-high-rise-legging-lila\/\",\"name\":\"Mesh Active High Rise Legging Lilac - Dames Sportkleding - FITTwear.nl\",\"isPartOf\":{\"@id\":\"https:\/\/fittwear.nl\/#website\"},\"primaryImageOfPage\":{\"@id\":\"https:\/\/fittwear.nl\/product\/mesh-active-high-rise-legging-lila\/#primaryimage\"},\"image\":{\"@id\":\"https:\/\/fittwear.nl\/product\/mesh-active-high-rise-legging-lila\/#primaryimage\"},\"thumbnailUrl\":\"https:\/\/fittwear.nl\/wp-content\/uploads\/2021\/12\/mesh-active-roze_Voorkant-onder_jpg_1.jpg\",\"datePublished\":\"2021-12-10T10:02:08+00:00\",\"dateModified\":\"2026-04-16T23:53:05+00:00\",\"description\":\"Een trendy sportset die comfortabel zit! Onze Mesh Active collectie is bestaat uit een high waist legging met een stevige tailleband die goed blijft zitten!\",\"breadcrumb\":{\"@id\":\"https:\/\/fittwear.nl\/product\/mesh-active-high-rise-legging-lila\/#breadcrumb\"},\"inLanguage\":\"de\",\"potentialAction\":[{\"@type\":\"ReadAction\",\"target\":[\"https:\/\/fittwear.nl\/product\/mesh-active-high-rise-legging-lila\/\"]}]},{\"@type\":\"ImageObject\",\"inLanguage\":\"de\",\"@id\":\"https:\/\/fittwear.nl\/product\/mesh-active-high-rise-legging-lila\/#primaryimage\",\"url\":\"https:\/\/fittwear.nl\/wp-content\/uploads\/2021\/12\/mesh-active-roze_Voorkant-onder_jpg_1.jpg\",\"contentUrl\":\"https:\/\/fittwear.nl\/wp-content\/uploads\/2021\/12\/mesh-active-roze_Voorkant-onder_jpg_1.jpg\",\"width\":1701,\"height\":2552,\"caption\":\"Mesh Active High Rise Legging lila\"},{\"@type\":\"BreadcrumbList\",\"@id\":\"https:\/\/fittwear.nl\/product\/mesh-active-high-rise-legging-lila\/#breadcrumb\",\"itemListElement\":[{\"@type\":\"ListItem\",\"position\":1,\"name\":\"Home\",\"item\":\"https:\/\/fittwear.nl\/\"},{\"@type\":\"ListItem\",\"position\":2,\"name\":\"Shop\",\"item\":\"https:\/\/fittwear.nl\/shop\/\"},{\"@type\":\"ListItem\",\"position\":3,\"name\":\"Mesh Active High Rise Legging Lilac\"}]},{\"@type\":\"WebSite\",\"@id\":\"https:\/\/fittwear.nl\/#website\",\"url\":\"https:\/\/fittwear.nl\/\",\"name\":\"FITTwear.nl\",\"description\":\"Time to shine!\",\"publisher\":{\"@id\":\"https:\/\/fittwear.nl\/#organization\"},\"potentialAction\":[{\"@type\":\"SearchAction\",\"target\":{\"@type\":\"EntryPoint\",\"urlTemplate\":\"https:\/\/fittwear.nl\/?s={search_term_string}\"},\"query-input\":{\"@type\":\"PropertyValueSpecification\",\"valueRequired\":true,\"valueName\":\"search_term_string\"}}],\"inLanguage\":\"de\"},{\"@type\":\"Organization\",\"@id\":\"https:\/\/fittwear.nl\/#organization\",\"name\":\"FITTwear.nl\",\"url\":\"https:\/\/fittwear.nl\/\",\"logo\":{\"@type\":\"ImageObject\",\"inLanguage\":\"de\",\"@id\":\"https:\/\/fittwear.nl\/#\/schema\/logo\/image\/\",\"url\":\"https:\/\/fittwear.nl\/wp-content\/uploads\/2024\/07\/FITT-Logo-BeYOUtiful-website-homepage_Tekengebied-1-scaled.jpg\",\"contentUrl\":\"https:\/\/fittwear.nl\/wp-content\/uploads\/2024\/07\/FITT-Logo-BeYOUtiful-website-homepage_Tekengebied-1-scaled.jpg\",\"width\":2560,\"height\":599,\"caption\":\"FITTwear.nl\"},\"image\":{\"@id\":\"https:\/\/fittwear.nl\/#\/schema\/logo\/image\/\"}}]}<\/script>\n<!-- \/ Yoast SEO plugin. -->","yoast_head_json":{"title":"Mesh Active High Rise Legging Flieder - Damen Sportbekleidung - FITTwear.nl","description":"Ein trendiges Sport-Set, das bequem ist! Unsere Mesh Active-Kollektion umfasst Leggings mit hoher Taille und einem festen Bund, der nicht verrutscht!","robots":{"index":"index","follow":"follow","max-snippet":"max-snippet:-1","max-image-preview":"max-image-preview:large","max-video-preview":"max-video-preview:-1"},"canonical":"https:\/\/fittwear.nl\/de\/produkt-2\/netz-aktiv-hohe-steige-legging-lilac\/","og_locale":"de_DE","og_type":"article","og_title":"Mesh Active High Rise Legging Lilac - Dames Sportkleding - FITTwear.nl","og_description":"Een trendy sportset die comfortabel zit! Onze Mesh Active collectie is bestaat uit een high waist legging met een stevige tailleband die goed blijft zitten!","og_url":"https:\/\/fittwear.nl\/de\/produkt-2\/netz-aktiv-hohe-steige-legging-lilac\/","og_site_name":"FITTwear.nl","article_modified_time":"2026-04-16T23:53:05+00:00","og_image":[{"width":1701,"height":2552,"url":"https:\/\/fittwear.nl\/wp-content\/uploads\/2021\/12\/mesh-active-roze_Voorkant-onder_jpg_1.jpg","type":"image\/jpeg"}],"twitter_card":"summary_large_image","twitter_misc":{"Gesch\u00e4tzte Lesezeit":"1\u00a0Minute"},"schema":{"@context":"https:\/\/schema.org","@graph":[{"@type":"WebPage","@id":"https:\/\/fittwear.nl\/product\/mesh-active-high-rise-legging-lila\/","url":"https:\/\/fittwear.nl\/product\/mesh-active-high-rise-legging-lila\/","name":"Mesh Active High Rise Legging Flieder - Damen Sportbekleidung - FITTwear.nl","isPartOf":{"@id":"https:\/\/fittwear.nl\/#website"},"primaryImageOfPage":{"@id":"https:\/\/fittwear.nl\/product\/mesh-active-high-rise-legging-lila\/#primaryimage"},"image":{"@id":"https:\/\/fittwear.nl\/product\/mesh-active-high-rise-legging-lila\/#primaryimage"},"thumbnailUrl":"https:\/\/fittwear.nl\/wp-content\/uploads\/2021\/12\/mesh-active-roze_Voorkant-onder_jpg_1.jpg","datePublished":"2021-12-10T10:02:08+00:00","dateModified":"2026-04-16T23:53:05+00:00","description":"Ein trendiges Sport-Set, das bequem ist! Unsere Mesh Active-Kollektion umfasst Leggings mit hoher Taille und einem festen Bund, der nicht verrutscht!","breadcrumb":{"@id":"https:\/\/fittwear.nl\/product\/mesh-active-high-rise-legging-lila\/#breadcrumb"},"inLanguage":"de","potentialAction":[{"@type":"ReadAction","target":["https:\/\/fittwear.nl\/product\/mesh-active-high-rise-legging-lila\/"]}]},{"@type":"ImageObject","inLanguage":"de","@id":"https:\/\/fittwear.nl\/product\/mesh-active-high-rise-legging-lila\/#primaryimage","url":"https:\/\/fittwear.nl\/wp-content\/uploads\/2021\/12\/mesh-active-roze_Voorkant-onder_jpg_1.jpg","contentUrl":"https:\/\/fittwear.nl\/wp-content\/uploads\/2021\/12\/mesh-active-roze_Voorkant-onder_jpg_1.jpg","width":1701,"height":2552,"caption":"Mesh Active High Rise Legging lila"},{"@type":"BreadcrumbList","@id":"https:\/\/fittwear.nl\/product\/mesh-active-high-rise-legging-lila\/#breadcrumb","itemListElement":[{"@type":"ListItem","position":1,"name":"Home","item":"https:\/\/fittwear.nl\/"},{"@type":"ListItem","position":2,"name":"Shop","item":"https:\/\/fittwear.nl\/shop\/"},{"@type":"ListItem","position":3,"name":"Mesh Active High Rise Legging Lilac"}]},{"@type":"WebSite","@id":"https:\/\/fittwear.nl\/#website","url":"https:\/\/fittwear.nl\/","name":"FITTwear.co.uk","description":"Zeit zu gl\u00e4nzen!","publisher":{"@id":"https:\/\/fittwear.nl\/#organization"},"potentialAction":[{"@type":"SearchAction","target":{"@type":"EntryPoint","urlTemplate":"https:\/\/fittwear.nl\/?s={search_term_string}"},"query-input":{"@type":"PropertyValueSpecification","valueRequired":true,"valueName":"search_term_string"}}],"inLanguage":"de"},{"@type":"Organization","@id":"https:\/\/fittwear.nl\/#organization","name":"FITTwear.co.uk","url":"https:\/\/fittwear.nl\/","logo":{"@type":"ImageObject","inLanguage":"de","@id":"https:\/\/fittwear.nl\/#\/schema\/logo\/image\/","url":"https:\/\/fittwear.nl\/wp-content\/uploads\/2024\/07\/FITT-Logo-BeYOUtiful-website-homepage_Tekengebied-1-scaled.jpg","contentUrl":"https:\/\/fittwear.nl\/wp-content\/uploads\/2024\/07\/FITT-Logo-BeYOUtiful-website-homepage_Tekengebied-1-scaled.jpg","width":2560,"height":599,"caption":"FITTwear.nl"},"image":{"@id":"https:\/\/fittwear.nl\/#\/schema\/logo\/image\/"}}]}},"_links":{"self":[{"href":"https:\/\/fittwear.nl\/de\/wp-json\/wp\/v2\/product\/17069","targetHints":{"allow":["GET"]}}],"collection":[{"href":"https:\/\/fittwear.nl\/de\/wp-json\/wp\/v2\/product"}],"about":[{"href":"https:\/\/fittwear.nl\/de\/wp-json\/wp\/v2\/types\/product"}],"wp:featuredmedia":[{"embeddable":true,"href":"https:\/\/fittwear.nl\/de\/wp-json\/wp\/v2\/media\/17541"}],"wp:attachment":[{"href":"https:\/\/fittwear.nl\/de\/wp-json\/wp\/v2\/media?parent=17069"}],"wp:term":[{"taxonomy":"product_brand","embeddable":true,"href":"https:\/\/fittwear.nl\/de\/wp-json\/wp\/v2\/product_brand?post=17069"},{"taxonomy":"product_cat","embeddable":true,"href":"https:\/\/fittwear.nl\/de\/wp-json\/wp\/v2\/product_cat?post=17069"},{"taxonomy":"product_tag","embeddable":true,"href":"https:\/\/fittwear.nl\/de\/wp-json\/wp\/v2\/product_tag?post=17069"}],"curies":[{"name":"wp","href":"https:\/\/api.w.org\/{rel}","templated":true}]}}