{"id":18186,"date":"2021-12-20T15:47:56","date_gmt":"2021-12-20T14:47:56","guid":{"rendered":"https:\/\/fittwear.nl\/?post_type=product&#038;p=18186"},"modified":"2026-05-07T05:03:21","modified_gmt":"2026-05-07T03:03:21","slug":"crop-long-sleeve-flex-black","status":"publish","type":"product","link":"https:\/\/fittwear.nl\/de\/product\/crop-long-sleeve-flex-zwart\/","title":{"rendered":"Crop Long Sleeve Flex Schwarz"},"content":{"rendered":"<p>Lang\u00e4rmeliges Crop-Top<\/p>\n<p>-Langer \u00c4rmel<\/p>\n<p>-Super dehnbar<\/p>\n<p>-Weiches Gewebe<\/p>\n<p>-Atmungsaktivit\u00e4t<\/p>\n<p>-bequem zu tragen<\/p>\n<p>-Extra Bewegungsfreiheit<\/p>\n<p>-80% Nylon\/20% Elastan<\/p>\n<p>-150 g\/m\u00b2<\/p>\n<p>-Waschbar bis zu 30\u00b0<\/p>\n<p>-Farbe: Schwarz<\/p>\n<p>-Model Manouk ist 1,77 und tr\u00e4gt Gr\u00f6\u00dfe S<\/p>","protected":false},"excerpt":{"rendered":"<p><strong>Gr\u00f6\u00dfe: Das Oberteil f\u00e4llt gr\u00f6\u00dfengerecht aus.\u00a0<\/strong><\/p>\n<p>Ein einfaches Sporttop ist ein echtes Must-have, um Ihr Sportoutfit zu vervollst\u00e4ndigen.  Flex steht f\u00fcr zus\u00e4tzlichen Trage- und Bewegungskomfort. Das weiche und super dehnbare Material sorgt daf\u00fcr, dass Sie das Beste aus Ihrem Workout herausholen k\u00f6nnen. F\u00fchlen Sie sich gro\u00dfartig, leisten Sie mehr in unserer Sportbekleidung! Das lang\u00e4rmelige Top ist auch in der Farbe Puderrosa und in den Gr\u00f6\u00dfen xs bis xl erh\u00e4ltlich.<\/p>\n<p><strong>Model Manouk ist 1,76 und tr\u00e4gt Gr\u00f6\u00dfe S<\/strong><\/p>","protected":false},"featured_media":25939,"template":"","meta":{"_acf_changed":false},"product_brand":[],"product_cat":[114,4810,81,27,80,4811,4800,61,79],"product_tag":[],"class_list":{"0":"post-18186","1":"product","2":"type-product","3":"status-publish","4":"has-post-thumbnail","6":"product_cat-best-sellers","7":"product_cat-crop-tops-dames","8":"product_cat-crop-tops","9":"product_cat-dames","10":"product_cat-longsleeves","11":"product_cat-longsleeves-dames","12":"product_cat-running-collection","13":"product_cat-shoppen-op-stijl","14":"product_cat-tanktops-dames","16":"first","17":"instock","18":"taxable","19":"shipping-taxable","20":"purchasable","21":"product-type-variable","22":"has-default-attributes"},"acf":[],"yoast_head":"<!-- This site is optimized with the Yoast SEO plugin v27.1.1 - https:\/\/yoast.com\/product\/yoast-seo-wordpress\/ -->\n<title>Crop Long Sleeve Flex Black - Comfortabel en zacht! - FITTwear.nl -<\/title>\n<meta name=\"description\" content=\"De zachte en super stretchy stof zorgen er voor dat jij alles uit je workout kunt halen. Feel Great, Perform Better in deze Longsleeve\u00a0 top!\" \/>\n<meta name=\"robots\" content=\"index, follow, max-snippet:-1, max-image-preview:large, max-video-preview:-1\" \/>\n<link rel=\"canonical\" href=\"https:\/\/fittwear.nl\/de\/produkt-2\/crop-long-sleeve-flex-black\/\" \/>\n<meta property=\"og:locale\" content=\"de_DE\" \/>\n<meta property=\"og:type\" content=\"article\" \/>\n<meta property=\"og:title\" content=\"Crop Long Sleeve Flex Black - Comfortabel en zacht! - FITTwear.nl -\" \/>\n<meta property=\"og:description\" content=\"De zachte en super stretchy stof zorgen er voor dat jij alles uit je workout kunt halen. Feel Great, Perform Better in deze Longsleeve\u00a0 top!\" \/>\n<meta property=\"og:url\" content=\"https:\/\/fittwear.nl\/de\/produkt-2\/crop-long-sleeve-flex-black\/\" \/>\n<meta property=\"og:site_name\" content=\"FITTwear.nl\" \/>\n<meta property=\"article:modified_time\" content=\"2026-05-07T03:03:21+00:00\" \/>\n<meta property=\"og:image\" content=\"https:\/\/fittwear.nl\/wp-content\/uploads\/2021\/12\/P220223105125_Fullbody_jpg_3.jpg\" \/>\n\t<meta property=\"og:image:width\" content=\"1417\" \/>\n\t<meta property=\"og:image:height\" content=\"2125\" \/>\n\t<meta property=\"og:image:type\" content=\"image\/jpeg\" \/>\n<meta name=\"twitter:card\" content=\"summary_large_image\" \/>\n<meta name=\"twitter:label1\" content=\"Gesch\u00e4tzte Lesezeit\" \/>\n\t<meta name=\"twitter:data1\" content=\"1\u00a0Minute\" \/>\n<script type=\"application\/ld+json\" class=\"yoast-schema-graph\">{\"@context\":\"https:\/\/schema.org\",\"@graph\":[{\"@type\":\"WebPage\",\"@id\":\"https:\/\/fittwear.nl\/product\/crop-long-sleeve-flex-zwart\/\",\"url\":\"https:\/\/fittwear.nl\/product\/crop-long-sleeve-flex-zwart\/\",\"name\":\"Crop Long Sleeve Flex Black - Comfortabel en zacht! - FITTwear.nl -\",\"isPartOf\":{\"@id\":\"https:\/\/fittwear.nl\/#website\"},\"primaryImageOfPage\":{\"@id\":\"https:\/\/fittwear.nl\/product\/crop-long-sleeve-flex-zwart\/#primaryimage\"},\"image\":{\"@id\":\"https:\/\/fittwear.nl\/product\/crop-long-sleeve-flex-zwart\/#primaryimage\"},\"thumbnailUrl\":\"https:\/\/fittwear.nl\/wp-content\/uploads\/2021\/12\/P220223105125_Fullbody_jpg_3.jpg\",\"datePublished\":\"2021-12-20T14:47:56+00:00\",\"dateModified\":\"2026-05-07T03:03:21+00:00\",\"description\":\"De zachte en super stretchy stof zorgen er voor dat jij alles uit je workout kunt halen. Feel Great, Perform Better in deze Longsleeve\u00a0 top!\",\"breadcrumb\":{\"@id\":\"https:\/\/fittwear.nl\/product\/crop-long-sleeve-flex-zwart\/#breadcrumb\"},\"inLanguage\":\"de\",\"potentialAction\":[{\"@type\":\"ReadAction\",\"target\":[\"https:\/\/fittwear.nl\/product\/crop-long-sleeve-flex-zwart\/\"]}]},{\"@type\":\"ImageObject\",\"inLanguage\":\"de\",\"@id\":\"https:\/\/fittwear.nl\/product\/crop-long-sleeve-flex-zwart\/#primaryimage\",\"url\":\"https:\/\/fittwear.nl\/wp-content\/uploads\/2021\/12\/P220223105125_Fullbody_jpg_3.jpg\",\"contentUrl\":\"https:\/\/fittwear.nl\/wp-content\/uploads\/2021\/12\/P220223105125_Fullbody_jpg_3.jpg\",\"width\":1417,\"height\":2125},{\"@type\":\"BreadcrumbList\",\"@id\":\"https:\/\/fittwear.nl\/product\/crop-long-sleeve-flex-zwart\/#breadcrumb\",\"itemListElement\":[{\"@type\":\"ListItem\",\"position\":1,\"name\":\"Home\",\"item\":\"https:\/\/fittwear.nl\/\"},{\"@type\":\"ListItem\",\"position\":2,\"name\":\"Shop\",\"item\":\"https:\/\/fittwear.nl\/shop\/\"},{\"@type\":\"ListItem\",\"position\":3,\"name\":\"Crop Long Sleeve Flex Black\"}]},{\"@type\":\"WebSite\",\"@id\":\"https:\/\/fittwear.nl\/#website\",\"url\":\"https:\/\/fittwear.nl\/\",\"name\":\"FITTwear.nl\",\"description\":\"Time to shine!\",\"publisher\":{\"@id\":\"https:\/\/fittwear.nl\/#organization\"},\"potentialAction\":[{\"@type\":\"SearchAction\",\"target\":{\"@type\":\"EntryPoint\",\"urlTemplate\":\"https:\/\/fittwear.nl\/?s={search_term_string}\"},\"query-input\":{\"@type\":\"PropertyValueSpecification\",\"valueRequired\":true,\"valueName\":\"search_term_string\"}}],\"inLanguage\":\"de\"},{\"@type\":\"Organization\",\"@id\":\"https:\/\/fittwear.nl\/#organization\",\"name\":\"FITTwear.nl\",\"url\":\"https:\/\/fittwear.nl\/\",\"logo\":{\"@type\":\"ImageObject\",\"inLanguage\":\"de\",\"@id\":\"https:\/\/fittwear.nl\/#\/schema\/logo\/image\/\",\"url\":\"https:\/\/fittwear.nl\/wp-content\/uploads\/2024\/07\/FITT-Logo-BeYOUtiful-website-homepage_Tekengebied-1-scaled.jpg\",\"contentUrl\":\"https:\/\/fittwear.nl\/wp-content\/uploads\/2024\/07\/FITT-Logo-BeYOUtiful-website-homepage_Tekengebied-1-scaled.jpg\",\"width\":2560,\"height\":599,\"caption\":\"FITTwear.nl\"},\"image\":{\"@id\":\"https:\/\/fittwear.nl\/#\/schema\/logo\/image\/\"}}]}<\/script>\n<!-- \/ Yoast SEO plugin. -->","yoast_head_json":{"title":"Crop Long Sleeve Flex Schwarz - Bequem und weich! - FITTwear.co.uk -","description":"Das weiche und super dehnbare Material sorgt daf\u00fcr, dass Sie alles aus Ihrem Workout herausholen k\u00f6nnen. F\u00fchlen Sie sich gro\u00dfartig, leisten Sie mehr in diesem Langarm-Top!","robots":{"index":"index","follow":"follow","max-snippet":"max-snippet:-1","max-image-preview":"max-image-preview:large","max-video-preview":"max-video-preview:-1"},"canonical":"https:\/\/fittwear.nl\/de\/produkt-2\/crop-long-sleeve-flex-black\/","og_locale":"de_DE","og_type":"article","og_title":"Crop Long Sleeve Flex Black - Comfortabel en zacht! - FITTwear.nl -","og_description":"De zachte en super stretchy stof zorgen er voor dat jij alles uit je workout kunt halen. Feel Great, Perform Better in deze Longsleeve\u00a0 top!","og_url":"https:\/\/fittwear.nl\/de\/produkt-2\/crop-long-sleeve-flex-black\/","og_site_name":"FITTwear.nl","article_modified_time":"2026-05-07T03:03:21+00:00","og_image":[{"width":1417,"height":2125,"url":"https:\/\/fittwear.nl\/wp-content\/uploads\/2021\/12\/P220223105125_Fullbody_jpg_3.jpg","type":"image\/jpeg"}],"twitter_card":"summary_large_image","twitter_misc":{"Gesch\u00e4tzte Lesezeit":"1\u00a0Minute"},"schema":{"@context":"https:\/\/schema.org","@graph":[{"@type":"WebPage","@id":"https:\/\/fittwear.nl\/product\/crop-long-sleeve-flex-zwart\/","url":"https:\/\/fittwear.nl\/product\/crop-long-sleeve-flex-zwart\/","name":"Crop Long Sleeve Flex Schwarz - Bequem und weich! - FITTwear.co.uk -","isPartOf":{"@id":"https:\/\/fittwear.nl\/#website"},"primaryImageOfPage":{"@id":"https:\/\/fittwear.nl\/product\/crop-long-sleeve-flex-zwart\/#primaryimage"},"image":{"@id":"https:\/\/fittwear.nl\/product\/crop-long-sleeve-flex-zwart\/#primaryimage"},"thumbnailUrl":"https:\/\/fittwear.nl\/wp-content\/uploads\/2021\/12\/P220223105125_Fullbody_jpg_3.jpg","datePublished":"2021-12-20T14:47:56+00:00","dateModified":"2026-05-07T03:03:21+00:00","description":"Das weiche und super dehnbare Material sorgt daf\u00fcr, dass Sie alles aus Ihrem Workout herausholen k\u00f6nnen. F\u00fchlen Sie sich gro\u00dfartig, leisten Sie mehr in diesem Langarm-Top!","breadcrumb":{"@id":"https:\/\/fittwear.nl\/product\/crop-long-sleeve-flex-zwart\/#breadcrumb"},"inLanguage":"de","potentialAction":[{"@type":"ReadAction","target":["https:\/\/fittwear.nl\/product\/crop-long-sleeve-flex-zwart\/"]}]},{"@type":"ImageObject","inLanguage":"de","@id":"https:\/\/fittwear.nl\/product\/crop-long-sleeve-flex-zwart\/#primaryimage","url":"https:\/\/fittwear.nl\/wp-content\/uploads\/2021\/12\/P220223105125_Fullbody_jpg_3.jpg","contentUrl":"https:\/\/fittwear.nl\/wp-content\/uploads\/2021\/12\/P220223105125_Fullbody_jpg_3.jpg","width":1417,"height":2125},{"@type":"BreadcrumbList","@id":"https:\/\/fittwear.nl\/product\/crop-long-sleeve-flex-zwart\/#breadcrumb","itemListElement":[{"@type":"ListItem","position":1,"name":"Home","item":"https:\/\/fittwear.nl\/"},{"@type":"ListItem","position":2,"name":"Shop","item":"https:\/\/fittwear.nl\/shop\/"},{"@type":"ListItem","position":3,"name":"Crop Long Sleeve Flex Black"}]},{"@type":"WebSite","@id":"https:\/\/fittwear.nl\/#website","url":"https:\/\/fittwear.nl\/","name":"FITTwear.co.uk","description":"Zeit zu gl\u00e4nzen!","publisher":{"@id":"https:\/\/fittwear.nl\/#organization"},"potentialAction":[{"@type":"SearchAction","target":{"@type":"EntryPoint","urlTemplate":"https:\/\/fittwear.nl\/?s={search_term_string}"},"query-input":{"@type":"PropertyValueSpecification","valueRequired":true,"valueName":"search_term_string"}}],"inLanguage":"de"},{"@type":"Organization","@id":"https:\/\/fittwear.nl\/#organization","name":"FITTwear.co.uk","url":"https:\/\/fittwear.nl\/","logo":{"@type":"ImageObject","inLanguage":"de","@id":"https:\/\/fittwear.nl\/#\/schema\/logo\/image\/","url":"https:\/\/fittwear.nl\/wp-content\/uploads\/2024\/07\/FITT-Logo-BeYOUtiful-website-homepage_Tekengebied-1-scaled.jpg","contentUrl":"https:\/\/fittwear.nl\/wp-content\/uploads\/2024\/07\/FITT-Logo-BeYOUtiful-website-homepage_Tekengebied-1-scaled.jpg","width":2560,"height":599,"caption":"FITTwear.nl"},"image":{"@id":"https:\/\/fittwear.nl\/#\/schema\/logo\/image\/"}}]}},"_links":{"self":[{"href":"https:\/\/fittwear.nl\/de\/wp-json\/wp\/v2\/product\/18186","targetHints":{"allow":["GET"]}}],"collection":[{"href":"https:\/\/fittwear.nl\/de\/wp-json\/wp\/v2\/product"}],"about":[{"href":"https:\/\/fittwear.nl\/de\/wp-json\/wp\/v2\/types\/product"}],"wp:featuredmedia":[{"embeddable":true,"href":"https:\/\/fittwear.nl\/de\/wp-json\/wp\/v2\/media\/25939"}],"wp:attachment":[{"href":"https:\/\/fittwear.nl\/de\/wp-json\/wp\/v2\/media?parent=18186"}],"wp:term":[{"taxonomy":"product_brand","embeddable":true,"href":"https:\/\/fittwear.nl\/de\/wp-json\/wp\/v2\/product_brand?post=18186"},{"taxonomy":"product_cat","embeddable":true,"href":"https:\/\/fittwear.nl\/de\/wp-json\/wp\/v2\/product_cat?post=18186"},{"taxonomy":"product_tag","embeddable":true,"href":"https:\/\/fittwear.nl\/de\/wp-json\/wp\/v2\/product_tag?post=18186"}],"curies":[{"name":"wp","href":"https:\/\/api.w.org\/{rel}","templated":true}]}}