{"id":18341,"date":"2022-03-30T13:42:55","date_gmt":"2022-03-30T11:42:55","guid":{"rendered":"https:\/\/fittwear.nl\/?post_type=product&#038;p=18341"},"modified":"2026-04-07T13:27:19","modified_gmt":"2026-04-07T11:27:19","slug":"komfort-top-langarm-weis","status":"publish","type":"product","link":"https:\/\/fittwear.nl\/de\/product\/comfort-top-long-sleeve-wit\/","title":{"rendered":"Komfort-Top mit langen \u00c4rmeln Wei\u00df"},"content":{"rendered":"<p>- Lang\u00e4rmeliges Komfort-Top<\/p>\n<p>- Kein enger Sitz am Bauch<\/p>\n<p>-L\u00e4nge<\/p>\n<p>- Dehnbarer und weicher Stoff<\/p>\n<p>- Mit dezentem Logo<\/p>\n<p>- 80% Nylon, 20% Elastan<\/p>\n<p>- 150 g\/m\u00b2<\/p>\n<p>- Waschbar bis zu 30\u00b0<\/p>\n<p>- Farbe: wei\u00df<\/p>\n<p>- Model Donna ist 1,81 und tr\u00e4gt Gr\u00f6\u00dfe M<\/p>","protected":false},"excerpt":{"rendered":"<p>Ein bequemes lang\u00e4rmeliges Oberteil. Die Passform um den Bauch herum ist nicht sehr eng. Die Passform und der dehnbare und weiche Stoff sorgen f\u00fcr ultimativen Komfort. Auf geht's zum Training!<br \/>\n<strong>Beachten Sie, dass die neue Produktion unser Logo anstelle des Logos auf den Fotos zeigt. <\/strong><\/p>","protected":false},"featured_media":28602,"template":"","meta":{"_acf_changed":false},"product_brand":[],"product_cat":[4811,4794,27,79,80,61],"product_tag":[],"class_list":{"0":"post-18341","1":"product","2":"type-product","3":"status-publish","4":"has-post-thumbnail","6":"product_cat-longsleeves-dames","7":"product_cat-mindful-movement","8":"product_cat-dames","9":"product_cat-tanktops-dames","10":"product_cat-longsleeves","11":"product_cat-shoppen-op-stijl","13":"first","14":"instock","15":"taxable","16":"shipping-taxable","17":"purchasable","18":"product-type-variable","19":"has-default-attributes"},"acf":[],"yoast_head":"<!-- This site is optimized with the Yoast SEO plugin v27.1.1 - https:\/\/yoast.com\/product\/yoast-seo-wordpress\/ -->\n<title>Comfort Top Long Sleeve White - FITTwear.nl<\/title>\n<meta name=\"description\" content=\"Een comfortabele top met lange mouw. De pasvorm rondom de buik is niet heel strak. De pasvorm en de stretchy en zachte stof zorgen voor het ultieme comfort. Let&#039;s go workout! Let op nieuwe productie is voorzien van ons beeldmerkje ipv van logo op foto\u2019s.\" \/>\n<meta name=\"robots\" content=\"index, follow, max-snippet:-1, max-image-preview:large, max-video-preview:-1\" \/>\n<link rel=\"canonical\" href=\"https:\/\/fittwear.nl\/de\/produkt-2\/komfort-top-langarm-weis\/\" \/>\n<meta property=\"og:locale\" content=\"de_DE\" \/>\n<meta property=\"og:type\" content=\"article\" \/>\n<meta property=\"og:title\" content=\"Comfort Top Long Sleeve White - FITTwear.nl\" \/>\n<meta property=\"og:description\" content=\"Een comfortabele top met lange mouw. De pasvorm rondom de buik is niet heel strak. De pasvorm en de stretchy en zachte stof zorgen voor het ultieme comfort. Let&#039;s go workout! Let op nieuwe productie is voorzien van ons beeldmerkje ipv van logo op foto\u2019s.\" \/>\n<meta property=\"og:url\" content=\"https:\/\/fittwear.nl\/de\/produkt-2\/komfort-top-langarm-weis\/\" \/>\n<meta property=\"og:site_name\" content=\"FITTwear.nl\" \/>\n<meta property=\"article:modified_time\" content=\"2026-04-07T11:27:19+00:00\" \/>\n<meta property=\"og:image\" content=\"https:\/\/fittwear.nl\/wp-content\/uploads\/2021\/12\/witte-langd-top_top_jpg_3.jpg\" \/>\n\t<meta property=\"og:image:width\" content=\"1559\" \/>\n\t<meta property=\"og:image:height\" content=\"2339\" \/>\n\t<meta property=\"og:image:type\" content=\"image\/jpeg\" \/>\n<meta name=\"twitter:card\" content=\"summary_large_image\" \/>\n<meta name=\"twitter:label1\" content=\"Gesch\u00e4tzte Lesezeit\" \/>\n\t<meta name=\"twitter:data1\" content=\"1\u00a0Minute\" \/>\n<script type=\"application\/ld+json\" class=\"yoast-schema-graph\">{\"@context\":\"https:\/\/schema.org\",\"@graph\":[{\"@type\":\"WebPage\",\"@id\":\"https:\/\/fittwear.nl\/product\/comfort-top-long-sleeve-wit\/\",\"url\":\"https:\/\/fittwear.nl\/product\/comfort-top-long-sleeve-wit\/\",\"name\":\"Comfort Top Long Sleeve White - FITTwear.nl\",\"isPartOf\":{\"@id\":\"https:\/\/fittwear.nl\/#website\"},\"primaryImageOfPage\":{\"@id\":\"https:\/\/fittwear.nl\/product\/comfort-top-long-sleeve-wit\/#primaryimage\"},\"image\":{\"@id\":\"https:\/\/fittwear.nl\/product\/comfort-top-long-sleeve-wit\/#primaryimage\"},\"thumbnailUrl\":\"https:\/\/fittwear.nl\/wp-content\/uploads\/2021\/12\/witte-langd-top_top_jpg_3.jpg\",\"datePublished\":\"2022-03-30T11:42:55+00:00\",\"dateModified\":\"2026-04-07T11:27:19+00:00\",\"description\":\"Een comfortabele top met lange mouw. De pasvorm rondom de buik is niet heel strak. De pasvorm en de stretchy en zachte stof zorgen voor het ultieme comfort. Let's go workout! Let op nieuwe productie is voorzien van ons beeldmerkje ipv van logo op foto\u2019s.\",\"breadcrumb\":{\"@id\":\"https:\/\/fittwear.nl\/product\/comfort-top-long-sleeve-wit\/#breadcrumb\"},\"inLanguage\":\"de\",\"potentialAction\":[{\"@type\":\"ReadAction\",\"target\":[\"https:\/\/fittwear.nl\/product\/comfort-top-long-sleeve-wit\/\"]}]},{\"@type\":\"ImageObject\",\"inLanguage\":\"de\",\"@id\":\"https:\/\/fittwear.nl\/product\/comfort-top-long-sleeve-wit\/#primaryimage\",\"url\":\"https:\/\/fittwear.nl\/wp-content\/uploads\/2021\/12\/witte-langd-top_top_jpg_3.jpg\",\"contentUrl\":\"https:\/\/fittwear.nl\/wp-content\/uploads\/2021\/12\/witte-langd-top_top_jpg_3.jpg\",\"width\":1559,\"height\":2339},{\"@type\":\"BreadcrumbList\",\"@id\":\"https:\/\/fittwear.nl\/product\/comfort-top-long-sleeve-wit\/#breadcrumb\",\"itemListElement\":[{\"@type\":\"ListItem\",\"position\":1,\"name\":\"Home\",\"item\":\"https:\/\/fittwear.nl\/\"},{\"@type\":\"ListItem\",\"position\":2,\"name\":\"Shop\",\"item\":\"https:\/\/fittwear.nl\/shop\/\"},{\"@type\":\"ListItem\",\"position\":3,\"name\":\"Comfort Top Long Sleeve White\"}]},{\"@type\":\"WebSite\",\"@id\":\"https:\/\/fittwear.nl\/#website\",\"url\":\"https:\/\/fittwear.nl\/\",\"name\":\"FITTwear.nl\",\"description\":\"Time to shine!\",\"publisher\":{\"@id\":\"https:\/\/fittwear.nl\/#organization\"},\"potentialAction\":[{\"@type\":\"SearchAction\",\"target\":{\"@type\":\"EntryPoint\",\"urlTemplate\":\"https:\/\/fittwear.nl\/?s={search_term_string}\"},\"query-input\":{\"@type\":\"PropertyValueSpecification\",\"valueRequired\":true,\"valueName\":\"search_term_string\"}}],\"inLanguage\":\"de\"},{\"@type\":\"Organization\",\"@id\":\"https:\/\/fittwear.nl\/#organization\",\"name\":\"FITTwear.nl\",\"url\":\"https:\/\/fittwear.nl\/\",\"logo\":{\"@type\":\"ImageObject\",\"inLanguage\":\"de\",\"@id\":\"https:\/\/fittwear.nl\/#\/schema\/logo\/image\/\",\"url\":\"https:\/\/fittwear.nl\/wp-content\/uploads\/2024\/07\/FITT-Logo-BeYOUtiful-website-homepage_Tekengebied-1-scaled.jpg\",\"contentUrl\":\"https:\/\/fittwear.nl\/wp-content\/uploads\/2024\/07\/FITT-Logo-BeYOUtiful-website-homepage_Tekengebied-1-scaled.jpg\",\"width\":2560,\"height\":599,\"caption\":\"FITTwear.nl\"},\"image\":{\"@id\":\"https:\/\/fittwear.nl\/#\/schema\/logo\/image\/\"}}]}<\/script>\n<!-- \/ Yoast SEO plugin. -->","yoast_head_json":{"title":"Comfort Top mit langen \u00c4rmeln Wei\u00df - FITTwear.de","description":"Ein bequemes lang\u00e4rmeliges Oberteil. Die Passform um den Bauch herum ist nicht sehr eng. Die Passform und der dehnbare und weiche Stoff sorgen f\u00fcr ultimativen Komfort. Los geht's mit dem Training! Bitte beachten Sie, dass die neue Produktion unser Markenlogo anstelle des Logos auf den Fotos zeigt.","robots":{"index":"index","follow":"follow","max-snippet":"max-snippet:-1","max-image-preview":"max-image-preview:large","max-video-preview":"max-video-preview:-1"},"canonical":"https:\/\/fittwear.nl\/de\/produkt-2\/komfort-top-langarm-weis\/","og_locale":"de_DE","og_type":"article","og_title":"Comfort Top Long Sleeve White - FITTwear.nl","og_description":"Een comfortabele top met lange mouw. De pasvorm rondom de buik is niet heel strak. De pasvorm en de stretchy en zachte stof zorgen voor het ultieme comfort. Let's go workout! Let op nieuwe productie is voorzien van ons beeldmerkje ipv van logo op foto\u2019s.","og_url":"https:\/\/fittwear.nl\/de\/produkt-2\/komfort-top-langarm-weis\/","og_site_name":"FITTwear.nl","article_modified_time":"2026-04-07T11:27:19+00:00","og_image":[{"width":1559,"height":2339,"url":"https:\/\/fittwear.nl\/wp-content\/uploads\/2021\/12\/witte-langd-top_top_jpg_3.jpg","type":"image\/jpeg"}],"twitter_card":"summary_large_image","twitter_misc":{"Gesch\u00e4tzte Lesezeit":"1\u00a0Minute"},"schema":{"@context":"https:\/\/schema.org","@graph":[{"@type":"WebPage","@id":"https:\/\/fittwear.nl\/product\/comfort-top-long-sleeve-wit\/","url":"https:\/\/fittwear.nl\/product\/comfort-top-long-sleeve-wit\/","name":"Comfort Top mit langen \u00c4rmeln Wei\u00df - FITTwear.de","isPartOf":{"@id":"https:\/\/fittwear.nl\/#website"},"primaryImageOfPage":{"@id":"https:\/\/fittwear.nl\/product\/comfort-top-long-sleeve-wit\/#primaryimage"},"image":{"@id":"https:\/\/fittwear.nl\/product\/comfort-top-long-sleeve-wit\/#primaryimage"},"thumbnailUrl":"https:\/\/fittwear.nl\/wp-content\/uploads\/2021\/12\/witte-langd-top_top_jpg_3.jpg","datePublished":"2022-03-30T11:42:55+00:00","dateModified":"2026-04-07T11:27:19+00:00","description":"Ein bequemes lang\u00e4rmeliges Oberteil. Die Passform um den Bauch herum ist nicht sehr eng. Die Passform und der dehnbare und weiche Stoff sorgen f\u00fcr ultimativen Komfort. Los geht's mit dem Training! Bitte beachten Sie, dass die neue Produktion unser Markenlogo anstelle des Logos auf den Fotos zeigt.","breadcrumb":{"@id":"https:\/\/fittwear.nl\/product\/comfort-top-long-sleeve-wit\/#breadcrumb"},"inLanguage":"de","potentialAction":[{"@type":"ReadAction","target":["https:\/\/fittwear.nl\/product\/comfort-top-long-sleeve-wit\/"]}]},{"@type":"ImageObject","inLanguage":"de","@id":"https:\/\/fittwear.nl\/product\/comfort-top-long-sleeve-wit\/#primaryimage","url":"https:\/\/fittwear.nl\/wp-content\/uploads\/2021\/12\/witte-langd-top_top_jpg_3.jpg","contentUrl":"https:\/\/fittwear.nl\/wp-content\/uploads\/2021\/12\/witte-langd-top_top_jpg_3.jpg","width":1559,"height":2339},{"@type":"BreadcrumbList","@id":"https:\/\/fittwear.nl\/product\/comfort-top-long-sleeve-wit\/#breadcrumb","itemListElement":[{"@type":"ListItem","position":1,"name":"Home","item":"https:\/\/fittwear.nl\/"},{"@type":"ListItem","position":2,"name":"Shop","item":"https:\/\/fittwear.nl\/shop\/"},{"@type":"ListItem","position":3,"name":"Comfort Top Long Sleeve White"}]},{"@type":"WebSite","@id":"https:\/\/fittwear.nl\/#website","url":"https:\/\/fittwear.nl\/","name":"FITTwear.co.uk","description":"Zeit zu gl\u00e4nzen!","publisher":{"@id":"https:\/\/fittwear.nl\/#organization"},"potentialAction":[{"@type":"SearchAction","target":{"@type":"EntryPoint","urlTemplate":"https:\/\/fittwear.nl\/?s={search_term_string}"},"query-input":{"@type":"PropertyValueSpecification","valueRequired":true,"valueName":"search_term_string"}}],"inLanguage":"de"},{"@type":"Organization","@id":"https:\/\/fittwear.nl\/#organization","name":"FITTwear.co.uk","url":"https:\/\/fittwear.nl\/","logo":{"@type":"ImageObject","inLanguage":"de","@id":"https:\/\/fittwear.nl\/#\/schema\/logo\/image\/","url":"https:\/\/fittwear.nl\/wp-content\/uploads\/2024\/07\/FITT-Logo-BeYOUtiful-website-homepage_Tekengebied-1-scaled.jpg","contentUrl":"https:\/\/fittwear.nl\/wp-content\/uploads\/2024\/07\/FITT-Logo-BeYOUtiful-website-homepage_Tekengebied-1-scaled.jpg","width":2560,"height":599,"caption":"FITTwear.nl"},"image":{"@id":"https:\/\/fittwear.nl\/#\/schema\/logo\/image\/"}}]}},"_links":{"self":[{"href":"https:\/\/fittwear.nl\/de\/wp-json\/wp\/v2\/product\/18341","targetHints":{"allow":["GET"]}}],"collection":[{"href":"https:\/\/fittwear.nl\/de\/wp-json\/wp\/v2\/product"}],"about":[{"href":"https:\/\/fittwear.nl\/de\/wp-json\/wp\/v2\/types\/product"}],"wp:featuredmedia":[{"embeddable":true,"href":"https:\/\/fittwear.nl\/de\/wp-json\/wp\/v2\/media\/28602"}],"wp:attachment":[{"href":"https:\/\/fittwear.nl\/de\/wp-json\/wp\/v2\/media?parent=18341"}],"wp:term":[{"taxonomy":"product_brand","embeddable":true,"href":"https:\/\/fittwear.nl\/de\/wp-json\/wp\/v2\/product_brand?post=18341"},{"taxonomy":"product_cat","embeddable":true,"href":"https:\/\/fittwear.nl\/de\/wp-json\/wp\/v2\/product_cat?post=18341"},{"taxonomy":"product_tag","embeddable":true,"href":"https:\/\/fittwear.nl\/de\/wp-json\/wp\/v2\/product_tag?post=18341"}],"curies":[{"name":"wp","href":"https:\/\/api.w.org\/{rel}","templated":true}]}}