{"id":18365,"date":"2022-02-24T14:00:20","date_gmt":"2022-02-24T13:00:20","guid":{"rendered":"https:\/\/fittwear.nl\/?post_type=product&#038;p=18365"},"modified":"2026-05-07T05:03:01","modified_gmt":"2026-05-07T03:03:01","slug":"crop-long-sleeve-flex-mauve-2","status":"publish","type":"product","link":"https:\/\/fittwear.nl\/de\/product\/crop-long-sleeve-flex-mauve\/","title":{"rendered":"Crop Langarm Flex Mauve"},"content":{"rendered":"<p>Lang\u00e4rmeliges Crop-Top<\/p>\n<p>-Langer \u00c4rmel<\/p>\n<p>-Super dehnbar<\/p>\n<p>-Weiches Gewebe<\/p>\n<p>-Atmungsaktivit\u00e4t<\/p>\n<p>-bequem zu tragen<\/p>\n<p>-Extra Bewegungsfreiheit<\/p>\n<p>-80% Nylon\/20% Elastan<\/p>\n<p>-150 g\/m\u00b2<\/p>\n<p>-Waschbar bis zu 30\u00b0<\/p>\n<p>-Farbe: Mauve<\/p>\n<p>-Model Manouk ist 1,77 und tr\u00e4gt Gr\u00f6\u00dfe S<\/p>","protected":false},"excerpt":{"rendered":"<p><strong>Gr\u00f6\u00dfe: Das Oberteil f\u00e4llt gr\u00f6\u00dfengerecht aus<\/strong><\/p>\n<p>Flex steht f\u00fcr zus\u00e4tzlichen Trage- und Bewegungskomfort. Das weiche und super dehnbare Material sorgt daf\u00fcr, dass Sie alles aus Ihrem Workout herausholen k\u00f6nnen. F\u00fchlen Sie sich gro\u00dfartig, leisten Sie mehr in diesem sch\u00f6nen und feinen Crop Longsleeve Top!<\/p>\n<p><strong>Model Manouk ist 1,76 und tr\u00e4gt Gr\u00f6\u00dfe S<\/strong><\/p>","protected":false},"featured_media":25989,"template":"","meta":{"_acf_changed":false},"product_brand":[],"product_cat":[4810,81,63,27,64,80,4794,61,79,65],"product_tag":[],"class_list":{"0":"post-18365","1":"product","2":"type-product","3":"status-publish","4":"has-post-thumbnail","6":"product_cat-crop-tops-dames","7":"product_cat-crop-tops","8":"product_cat-curves","9":"product_cat-dames","10":"product_cat-hardloopkleding","11":"product_cat-longsleeves","12":"product_cat-mindful-movement","13":"product_cat-shoppen-op-stijl","14":"product_cat-tanktops-dames","15":"product_cat-yogakleding","17":"first","18":"instock","19":"taxable","20":"shipping-taxable","21":"purchasable","22":"product-type-variable","23":"has-default-attributes"},"acf":[],"yoast_head":"<!-- This site is optimized with the Yoast SEO plugin v27.1.1 - https:\/\/yoast.com\/product\/yoast-seo-wordpress\/ -->\n<title>Crop Long Sleeve Flex Mauve - FITTwear.nl<\/title>\n<meta name=\"description\" content=\"Maatvoering: De top valt op maat  Flex staat voor extra draag- en bewegingscomfort. De zachte en super stretchy stof zorgen er voor dat jij alles uit je workout kunt halen. Feel Great, Perform Better in deze mooi en fijne crop Longsleeve\u00a0 top!  Model Manouk is 1.76 en draagt maat S\" \/>\n<meta name=\"robots\" content=\"index, follow, max-snippet:-1, max-image-preview:large, max-video-preview:-1\" \/>\n<link rel=\"canonical\" href=\"https:\/\/fittwear.nl\/de\/produkt-2\/crop-long-sleeve-flex-mauve-2\/\" \/>\n<meta property=\"og:locale\" content=\"de_DE\" \/>\n<meta property=\"og:type\" content=\"article\" \/>\n<meta property=\"og:title\" content=\"Crop Long Sleeve Flex Mauve - FITTwear.nl\" \/>\n<meta property=\"og:description\" content=\"Maatvoering: De top valt op maat  Flex staat voor extra draag- en bewegingscomfort. De zachte en super stretchy stof zorgen er voor dat jij alles uit je workout kunt halen. Feel Great, Perform Better in deze mooi en fijne crop Longsleeve\u00a0 top!  Model Manouk is 1.76 en draagt maat S\" \/>\n<meta property=\"og:url\" content=\"https:\/\/fittwear.nl\/de\/produkt-2\/crop-long-sleeve-flex-mauve-2\/\" \/>\n<meta property=\"og:site_name\" content=\"FITTwear.nl\" \/>\n<meta property=\"article:modified_time\" content=\"2026-05-07T03:03:01+00:00\" \/>\n<meta property=\"og:image\" content=\"https:\/\/fittwear.nl\/wp-content\/uploads\/2022\/02\/mesh-roze-flex-rose_Fullbody_jpg_22.jpg\" \/>\n\t<meta property=\"og:image:width\" content=\"1417\" \/>\n\t<meta property=\"og:image:height\" content=\"2126\" \/>\n\t<meta property=\"og:image:type\" content=\"image\/jpeg\" \/>\n<meta name=\"twitter:card\" content=\"summary_large_image\" \/>\n<meta name=\"twitter:label1\" content=\"Gesch\u00e4tzte Lesezeit\" \/>\n\t<meta name=\"twitter:data1\" content=\"1\u00a0Minute\" \/>\n<script type=\"application\/ld+json\" class=\"yoast-schema-graph\">{\"@context\":\"https:\/\/schema.org\",\"@graph\":[{\"@type\":\"WebPage\",\"@id\":\"https:\/\/fittwear.nl\/product\/crop-long-sleeve-flex-mauve\/\",\"url\":\"https:\/\/fittwear.nl\/product\/crop-long-sleeve-flex-mauve\/\",\"name\":\"Crop Long Sleeve Flex Mauve - FITTwear.nl\",\"isPartOf\":{\"@id\":\"https:\/\/fittwear.nl\/#website\"},\"primaryImageOfPage\":{\"@id\":\"https:\/\/fittwear.nl\/product\/crop-long-sleeve-flex-mauve\/#primaryimage\"},\"image\":{\"@id\":\"https:\/\/fittwear.nl\/product\/crop-long-sleeve-flex-mauve\/#primaryimage\"},\"thumbnailUrl\":\"https:\/\/fittwear.nl\/wp-content\/uploads\/2022\/02\/mesh-roze-flex-rose_Fullbody_jpg_22.jpg\",\"datePublished\":\"2022-02-24T13:00:20+00:00\",\"dateModified\":\"2026-05-07T03:03:01+00:00\",\"description\":\"Maatvoering: De top valt op maat Flex staat voor extra draag- en bewegingscomfort. De zachte en super stretchy stof zorgen er voor dat jij alles uit je workout kunt halen. Feel Great, Perform Better in deze mooi en fijne crop Longsleeve\u00a0 top! Model Manouk is 1.76 en draagt maat S\",\"breadcrumb\":{\"@id\":\"https:\/\/fittwear.nl\/product\/crop-long-sleeve-flex-mauve\/#breadcrumb\"},\"inLanguage\":\"de\",\"potentialAction\":[{\"@type\":\"ReadAction\",\"target\":[\"https:\/\/fittwear.nl\/product\/crop-long-sleeve-flex-mauve\/\"]}]},{\"@type\":\"ImageObject\",\"inLanguage\":\"de\",\"@id\":\"https:\/\/fittwear.nl\/product\/crop-long-sleeve-flex-mauve\/#primaryimage\",\"url\":\"https:\/\/fittwear.nl\/wp-content\/uploads\/2022\/02\/mesh-roze-flex-rose_Fullbody_jpg_22.jpg\",\"contentUrl\":\"https:\/\/fittwear.nl\/wp-content\/uploads\/2022\/02\/mesh-roze-flex-rose_Fullbody_jpg_22.jpg\",\"width\":1417,\"height\":2126},{\"@type\":\"BreadcrumbList\",\"@id\":\"https:\/\/fittwear.nl\/product\/crop-long-sleeve-flex-mauve\/#breadcrumb\",\"itemListElement\":[{\"@type\":\"ListItem\",\"position\":1,\"name\":\"Home\",\"item\":\"https:\/\/fittwear.nl\/\"},{\"@type\":\"ListItem\",\"position\":2,\"name\":\"Shop\",\"item\":\"https:\/\/fittwear.nl\/shop\/\"},{\"@type\":\"ListItem\",\"position\":3,\"name\":\"Crop Long Sleeve Flex Mauve\"}]},{\"@type\":\"WebSite\",\"@id\":\"https:\/\/fittwear.nl\/#website\",\"url\":\"https:\/\/fittwear.nl\/\",\"name\":\"FITTwear.nl\",\"description\":\"Time to shine!\",\"publisher\":{\"@id\":\"https:\/\/fittwear.nl\/#organization\"},\"potentialAction\":[{\"@type\":\"SearchAction\",\"target\":{\"@type\":\"EntryPoint\",\"urlTemplate\":\"https:\/\/fittwear.nl\/?s={search_term_string}\"},\"query-input\":{\"@type\":\"PropertyValueSpecification\",\"valueRequired\":true,\"valueName\":\"search_term_string\"}}],\"inLanguage\":\"de\"},{\"@type\":\"Organization\",\"@id\":\"https:\/\/fittwear.nl\/#organization\",\"name\":\"FITTwear.nl\",\"url\":\"https:\/\/fittwear.nl\/\",\"logo\":{\"@type\":\"ImageObject\",\"inLanguage\":\"de\",\"@id\":\"https:\/\/fittwear.nl\/#\/schema\/logo\/image\/\",\"url\":\"https:\/\/fittwear.nl\/wp-content\/uploads\/2024\/07\/FITT-Logo-BeYOUtiful-website-homepage_Tekengebied-1-scaled.jpg\",\"contentUrl\":\"https:\/\/fittwear.nl\/wp-content\/uploads\/2024\/07\/FITT-Logo-BeYOUtiful-website-homepage_Tekengebied-1-scaled.jpg\",\"width\":2560,\"height\":599,\"caption\":\"FITTwear.nl\"},\"image\":{\"@id\":\"https:\/\/fittwear.nl\/#\/schema\/logo\/image\/\"}}]}<\/script>\n<!-- \/ Yoast SEO plugin. -->","yoast_head_json":{"title":"Crop Long Sleeve Flex Mauve - FITTwear.de","description":"Gr\u00f6\u00dfe: Das Top f\u00e4llt auf Gr\u00f6\u00dfe Flex steht f\u00fcr extra Trage- und Bewegungskomfort. Der weiche und super dehnbare Stoff sorgt daf\u00fcr, dass du alles aus deinem Workout herausholen kannst. F\u00fchlen Sie sich gro\u00dfartig, leisten Sie mehr in diesem sch\u00f6nen und feinen Crop Longsleeve Top!  Model Manouk ist 1,76 und tr\u00e4gt Gr\u00f6\u00dfe S","robots":{"index":"index","follow":"follow","max-snippet":"max-snippet:-1","max-image-preview":"max-image-preview:large","max-video-preview":"max-video-preview:-1"},"canonical":"https:\/\/fittwear.nl\/de\/produkt-2\/crop-long-sleeve-flex-mauve-2\/","og_locale":"de_DE","og_type":"article","og_title":"Crop Long Sleeve Flex Mauve - FITTwear.nl","og_description":"Maatvoering: De top valt op maat  Flex staat voor extra draag- en bewegingscomfort. De zachte en super stretchy stof zorgen er voor dat jij alles uit je workout kunt halen. Feel Great, Perform Better in deze mooi en fijne crop Longsleeve\u00a0 top!  Model Manouk is 1.76 en draagt maat S","og_url":"https:\/\/fittwear.nl\/de\/produkt-2\/crop-long-sleeve-flex-mauve-2\/","og_site_name":"FITTwear.nl","article_modified_time":"2026-05-07T03:03:01+00:00","og_image":[{"width":1417,"height":2126,"url":"https:\/\/fittwear.nl\/wp-content\/uploads\/2022\/02\/mesh-roze-flex-rose_Fullbody_jpg_22.jpg","type":"image\/jpeg"}],"twitter_card":"summary_large_image","twitter_misc":{"Gesch\u00e4tzte Lesezeit":"1\u00a0Minute"},"schema":{"@context":"https:\/\/schema.org","@graph":[{"@type":"WebPage","@id":"https:\/\/fittwear.nl\/product\/crop-long-sleeve-flex-mauve\/","url":"https:\/\/fittwear.nl\/product\/crop-long-sleeve-flex-mauve\/","name":"Crop Long Sleeve Flex Mauve - FITTwear.de","isPartOf":{"@id":"https:\/\/fittwear.nl\/#website"},"primaryImageOfPage":{"@id":"https:\/\/fittwear.nl\/product\/crop-long-sleeve-flex-mauve\/#primaryimage"},"image":{"@id":"https:\/\/fittwear.nl\/product\/crop-long-sleeve-flex-mauve\/#primaryimage"},"thumbnailUrl":"https:\/\/fittwear.nl\/wp-content\/uploads\/2022\/02\/mesh-roze-flex-rose_Fullbody_jpg_22.jpg","datePublished":"2022-02-24T13:00:20+00:00","dateModified":"2026-05-07T03:03:01+00:00","description":"Gr\u00f6\u00dfe: Das Top f\u00e4llt auf Gr\u00f6\u00dfe Flex steht f\u00fcr extra Trage- und Bewegungskomfort. Der weiche und super dehnbare Stoff sorgt daf\u00fcr, dass du alles aus deinem Workout herausholen kannst. F\u00fchlen Sie sich gro\u00dfartig, leisten Sie mehr in diesem sch\u00f6nen und feinen Crop Longsleeve Top! Model Manouk ist 1,76 und tr\u00e4gt Gr\u00f6\u00dfe S","breadcrumb":{"@id":"https:\/\/fittwear.nl\/product\/crop-long-sleeve-flex-mauve\/#breadcrumb"},"inLanguage":"de","potentialAction":[{"@type":"ReadAction","target":["https:\/\/fittwear.nl\/product\/crop-long-sleeve-flex-mauve\/"]}]},{"@type":"ImageObject","inLanguage":"de","@id":"https:\/\/fittwear.nl\/product\/crop-long-sleeve-flex-mauve\/#primaryimage","url":"https:\/\/fittwear.nl\/wp-content\/uploads\/2022\/02\/mesh-roze-flex-rose_Fullbody_jpg_22.jpg","contentUrl":"https:\/\/fittwear.nl\/wp-content\/uploads\/2022\/02\/mesh-roze-flex-rose_Fullbody_jpg_22.jpg","width":1417,"height":2126},{"@type":"BreadcrumbList","@id":"https:\/\/fittwear.nl\/product\/crop-long-sleeve-flex-mauve\/#breadcrumb","itemListElement":[{"@type":"ListItem","position":1,"name":"Home","item":"https:\/\/fittwear.nl\/"},{"@type":"ListItem","position":2,"name":"Shop","item":"https:\/\/fittwear.nl\/shop\/"},{"@type":"ListItem","position":3,"name":"Crop Long Sleeve Flex Mauve"}]},{"@type":"WebSite","@id":"https:\/\/fittwear.nl\/#website","url":"https:\/\/fittwear.nl\/","name":"FITTwear.co.uk","description":"Zeit zu gl\u00e4nzen!","publisher":{"@id":"https:\/\/fittwear.nl\/#organization"},"potentialAction":[{"@type":"SearchAction","target":{"@type":"EntryPoint","urlTemplate":"https:\/\/fittwear.nl\/?s={search_term_string}"},"query-input":{"@type":"PropertyValueSpecification","valueRequired":true,"valueName":"search_term_string"}}],"inLanguage":"de"},{"@type":"Organization","@id":"https:\/\/fittwear.nl\/#organization","name":"FITTwear.co.uk","url":"https:\/\/fittwear.nl\/","logo":{"@type":"ImageObject","inLanguage":"de","@id":"https:\/\/fittwear.nl\/#\/schema\/logo\/image\/","url":"https:\/\/fittwear.nl\/wp-content\/uploads\/2024\/07\/FITT-Logo-BeYOUtiful-website-homepage_Tekengebied-1-scaled.jpg","contentUrl":"https:\/\/fittwear.nl\/wp-content\/uploads\/2024\/07\/FITT-Logo-BeYOUtiful-website-homepage_Tekengebied-1-scaled.jpg","width":2560,"height":599,"caption":"FITTwear.nl"},"image":{"@id":"https:\/\/fittwear.nl\/#\/schema\/logo\/image\/"}}]}},"_links":{"self":[{"href":"https:\/\/fittwear.nl\/de\/wp-json\/wp\/v2\/product\/18365","targetHints":{"allow":["GET"]}}],"collection":[{"href":"https:\/\/fittwear.nl\/de\/wp-json\/wp\/v2\/product"}],"about":[{"href":"https:\/\/fittwear.nl\/de\/wp-json\/wp\/v2\/types\/product"}],"wp:featuredmedia":[{"embeddable":true,"href":"https:\/\/fittwear.nl\/de\/wp-json\/wp\/v2\/media\/25989"}],"wp:attachment":[{"href":"https:\/\/fittwear.nl\/de\/wp-json\/wp\/v2\/media?parent=18365"}],"wp:term":[{"taxonomy":"product_brand","embeddable":true,"href":"https:\/\/fittwear.nl\/de\/wp-json\/wp\/v2\/product_brand?post=18365"},{"taxonomy":"product_cat","embeddable":true,"href":"https:\/\/fittwear.nl\/de\/wp-json\/wp\/v2\/product_cat?post=18365"},{"taxonomy":"product_tag","embeddable":true,"href":"https:\/\/fittwear.nl\/de\/wp-json\/wp\/v2\/product_tag?post=18365"}],"curies":[{"name":"wp","href":"https:\/\/api.w.org\/{rel}","templated":true}]}}