{"id":26497,"date":"2022-03-04T10:35:34","date_gmt":"2022-03-04T09:35:34","guid":{"rendered":"https:\/\/fittwear.nl\/?post_type=product&#038;p=26497"},"modified":"2026-04-27T15:37:34","modified_gmt":"2026-04-27T13:37:34","slug":"tech-hooded-vest-grey","status":"publish","type":"product","link":"https:\/\/fittwear.nl\/de\/product\/tech-hooded-vest-grey\/","title":{"rendered":"Technische Kapuzenjacke Grau"},"content":{"rendered":"<p>- Passt gut<\/p>\n<p>-Zwei Rei\u00dfverschl\u00fcsse vorne<\/p>\n<p>-mit Kapuze<\/p>\n<p>-Vorne Kordelz\u00fcge<\/p>\n<p>-94% Polyester 6% Elastan<\/p>\n<p>-Waschbar bis zu 30\u00b0<\/p>\n<p>-Farbe: Grau<\/p>","protected":false},"excerpt":{"rendered":"<p>Eine himmlische Kombination! Das ist unser technisches R\u00fcstzeug auf jeden Fall. Die dazu passende graue Jacke liegt gut am K\u00f6rper an und ist innen sch\u00f6n weich. Die Jacke hat zwei Vordertaschen, die mit einem Rei\u00dfverschluss geschlossen werden k\u00f6nnen. Die Weste h\u00e4lt dich nach dem Workout warm, l\u00e4sst sich aber auch gut zu einem Athleisure-Look kombinieren! Auch in schwarz erh\u00e4ltlich.<\/p>\n<p><strong>Model Maruschka ist 1,72 und tr\u00e4gt Gr\u00f6\u00dfe S<\/strong><\/p>","protected":false},"featured_media":26505,"template":"","meta":{"_acf_changed":false},"product_brand":[],"product_cat":[27,4283,66,54],"product_tag":[],"class_list":{"0":"post-26497","1":"product","2":"type-product","3":"status-publish","4":"has-post-thumbnail","6":"product_cat-dames","7":"product_cat-jackets","8":"product_cat-loungewear","9":"product_cat-new","11":"first","12":"outofstock","13":"taxable","14":"shipping-taxable","15":"product-type-variable","16":"has-default-attributes"},"acf":[],"yoast_head":"<!-- This site is optimized with the Yoast SEO plugin v27.1.1 - https:\/\/yoast.com\/product\/yoast-seo-wordpress\/ -->\n<title>Technical Hooded Jacket Grey - Loungewear - FITTwear.nl<\/title>\n<meta name=\"description\" content=\"Match made in heaven! Dat is onze techincal set zeker. Het bijpassende grijze vest sluit mooi aan op je lichaam en is lekker zacht vanbinnen.\" \/>\n<meta name=\"robots\" content=\"index, follow, max-snippet:-1, max-image-preview:large, max-video-preview:-1\" \/>\n<link rel=\"canonical\" href=\"https:\/\/fittwear.nl\/de\/produkt-2\/tech-hooded-vest-grey\/\" \/>\n<meta property=\"og:locale\" content=\"de_DE\" \/>\n<meta property=\"og:type\" content=\"article\" \/>\n<meta property=\"og:title\" content=\"Technical Hooded Jacket Grey - Loungewear - FITTwear.nl\" \/>\n<meta property=\"og:description\" content=\"Match made in heaven! Dat is onze techincal set zeker. Het bijpassende grijze vest sluit mooi aan op je lichaam en is lekker zacht vanbinnen.\" \/>\n<meta property=\"og:url\" content=\"https:\/\/fittwear.nl\/de\/produkt-2\/tech-hooded-vest-grey\/\" \/>\n<meta property=\"og:site_name\" content=\"FITTwear.nl\" \/>\n<meta property=\"article:modified_time\" content=\"2026-04-27T13:37:34+00:00\" \/>\n<meta property=\"og:image\" content=\"https:\/\/fittwear.nl\/wp-content\/uploads\/2022\/03\/tech-pak-grijs_Voorkant-boven_jpg_4.jpg\" \/>\n\t<meta property=\"og:image:width\" content=\"1417\" \/>\n\t<meta property=\"og:image:height\" content=\"2126\" \/>\n\t<meta property=\"og:image:type\" content=\"image\/jpeg\" \/>\n<meta name=\"twitter:card\" content=\"summary_large_image\" \/>\n<meta name=\"twitter:label1\" content=\"Gesch\u00e4tzte Lesezeit\" \/>\n\t<meta name=\"twitter:data1\" content=\"1\u00a0Minute\" \/>\n<script type=\"application\/ld+json\" class=\"yoast-schema-graph\">{\"@context\":\"https:\/\/schema.org\",\"@graph\":[{\"@type\":\"WebPage\",\"@id\":\"https:\/\/fittwear.nl\/product\/tech-hooded-vest-grey\/\",\"url\":\"https:\/\/fittwear.nl\/product\/tech-hooded-vest-grey\/\",\"name\":\"Technical Hooded Jacket Grey - Loungewear - FITTwear.nl\",\"isPartOf\":{\"@id\":\"https:\/\/fittwear.nl\/#website\"},\"primaryImageOfPage\":{\"@id\":\"https:\/\/fittwear.nl\/product\/tech-hooded-vest-grey\/#primaryimage\"},\"image\":{\"@id\":\"https:\/\/fittwear.nl\/product\/tech-hooded-vest-grey\/#primaryimage\"},\"thumbnailUrl\":\"https:\/\/fittwear.nl\/wp-content\/uploads\/2022\/03\/tech-pak-grijs_Voorkant-boven_jpg_4.jpg\",\"datePublished\":\"2022-03-04T09:35:34+00:00\",\"dateModified\":\"2026-04-27T13:37:34+00:00\",\"description\":\"Match made in heaven! Dat is onze techincal set zeker. Het bijpassende grijze vest sluit mooi aan op je lichaam en is lekker zacht vanbinnen.\",\"breadcrumb\":{\"@id\":\"https:\/\/fittwear.nl\/product\/tech-hooded-vest-grey\/#breadcrumb\"},\"inLanguage\":\"de\",\"potentialAction\":[{\"@type\":\"ReadAction\",\"target\":[\"https:\/\/fittwear.nl\/product\/tech-hooded-vest-grey\/\"]}]},{\"@type\":\"ImageObject\",\"inLanguage\":\"de\",\"@id\":\"https:\/\/fittwear.nl\/product\/tech-hooded-vest-grey\/#primaryimage\",\"url\":\"https:\/\/fittwear.nl\/wp-content\/uploads\/2022\/03\/tech-pak-grijs_Voorkant-boven_jpg_4.jpg\",\"contentUrl\":\"https:\/\/fittwear.nl\/wp-content\/uploads\/2022\/03\/tech-pak-grijs_Voorkant-boven_jpg_4.jpg\",\"width\":1417,\"height\":2126,\"caption\":\"Tech hooded vest grey\"},{\"@type\":\"BreadcrumbList\",\"@id\":\"https:\/\/fittwear.nl\/product\/tech-hooded-vest-grey\/#breadcrumb\",\"itemListElement\":[{\"@type\":\"ListItem\",\"position\":1,\"name\":\"Home\",\"item\":\"https:\/\/fittwear.nl\/\"},{\"@type\":\"ListItem\",\"position\":2,\"name\":\"Shop\",\"item\":\"https:\/\/fittwear.nl\/shop\/\"},{\"@type\":\"ListItem\",\"position\":3,\"name\":\"Technical Hooded Jacket Grey\"}]},{\"@type\":\"WebSite\",\"@id\":\"https:\/\/fittwear.nl\/#website\",\"url\":\"https:\/\/fittwear.nl\/\",\"name\":\"FITTwear.nl\",\"description\":\"Time to shine!\",\"publisher\":{\"@id\":\"https:\/\/fittwear.nl\/#organization\"},\"potentialAction\":[{\"@type\":\"SearchAction\",\"target\":{\"@type\":\"EntryPoint\",\"urlTemplate\":\"https:\/\/fittwear.nl\/?s={search_term_string}\"},\"query-input\":{\"@type\":\"PropertyValueSpecification\",\"valueRequired\":true,\"valueName\":\"search_term_string\"}}],\"inLanguage\":\"de\"},{\"@type\":\"Organization\",\"@id\":\"https:\/\/fittwear.nl\/#organization\",\"name\":\"FITTwear.nl\",\"url\":\"https:\/\/fittwear.nl\/\",\"logo\":{\"@type\":\"ImageObject\",\"inLanguage\":\"de\",\"@id\":\"https:\/\/fittwear.nl\/#\/schema\/logo\/image\/\",\"url\":\"https:\/\/fittwear.nl\/wp-content\/uploads\/2024\/07\/FITT-Logo-BeYOUtiful-website-homepage_Tekengebied-1-scaled.jpg\",\"contentUrl\":\"https:\/\/fittwear.nl\/wp-content\/uploads\/2024\/07\/FITT-Logo-BeYOUtiful-website-homepage_Tekengebied-1-scaled.jpg\",\"width\":2560,\"height\":599,\"caption\":\"FITTwear.nl\"},\"image\":{\"@id\":\"https:\/\/fittwear.nl\/#\/schema\/logo\/image\/\"}}]}<\/script>\n<!-- \/ Yoast SEO plugin. -->","yoast_head_json":{"title":"Technische Jacke mit Kapuze Grau - Loungewear - FITTwear.nl","description":"Eine himmlische Kombination! Das ist unser technisches R\u00fcstzeug auf jeden Fall. Die dazu passende graue Strickjacke liegt gut am K\u00f6rper an und ist innen sch\u00f6n weich.","robots":{"index":"index","follow":"follow","max-snippet":"max-snippet:-1","max-image-preview":"max-image-preview:large","max-video-preview":"max-video-preview:-1"},"canonical":"https:\/\/fittwear.nl\/de\/produkt-2\/tech-hooded-vest-grey\/","og_locale":"de_DE","og_type":"article","og_title":"Technical Hooded Jacket Grey - Loungewear - FITTwear.nl","og_description":"Match made in heaven! Dat is onze techincal set zeker. Het bijpassende grijze vest sluit mooi aan op je lichaam en is lekker zacht vanbinnen.","og_url":"https:\/\/fittwear.nl\/de\/produkt-2\/tech-hooded-vest-grey\/","og_site_name":"FITTwear.nl","article_modified_time":"2026-04-27T13:37:34+00:00","og_image":[{"width":1417,"height":2126,"url":"https:\/\/fittwear.nl\/wp-content\/uploads\/2022\/03\/tech-pak-grijs_Voorkant-boven_jpg_4.jpg","type":"image\/jpeg"}],"twitter_card":"summary_large_image","twitter_misc":{"Gesch\u00e4tzte Lesezeit":"1\u00a0Minute"},"schema":{"@context":"https:\/\/schema.org","@graph":[{"@type":"WebPage","@id":"https:\/\/fittwear.nl\/product\/tech-hooded-vest-grey\/","url":"https:\/\/fittwear.nl\/product\/tech-hooded-vest-grey\/","name":"Technische Jacke mit Kapuze Grau - Loungewear - FITTwear.nl","isPartOf":{"@id":"https:\/\/fittwear.nl\/#website"},"primaryImageOfPage":{"@id":"https:\/\/fittwear.nl\/product\/tech-hooded-vest-grey\/#primaryimage"},"image":{"@id":"https:\/\/fittwear.nl\/product\/tech-hooded-vest-grey\/#primaryimage"},"thumbnailUrl":"https:\/\/fittwear.nl\/wp-content\/uploads\/2022\/03\/tech-pak-grijs_Voorkant-boven_jpg_4.jpg","datePublished":"2022-03-04T09:35:34+00:00","dateModified":"2026-04-27T13:37:34+00:00","description":"Eine himmlische Kombination! Das ist unser technisches R\u00fcstzeug auf jeden Fall. Die dazu passende graue Strickjacke liegt gut am K\u00f6rper an und ist innen sch\u00f6n weich.","breadcrumb":{"@id":"https:\/\/fittwear.nl\/product\/tech-hooded-vest-grey\/#breadcrumb"},"inLanguage":"de","potentialAction":[{"@type":"ReadAction","target":["https:\/\/fittwear.nl\/product\/tech-hooded-vest-grey\/"]}]},{"@type":"ImageObject","inLanguage":"de","@id":"https:\/\/fittwear.nl\/product\/tech-hooded-vest-grey\/#primaryimage","url":"https:\/\/fittwear.nl\/wp-content\/uploads\/2022\/03\/tech-pak-grijs_Voorkant-boven_jpg_4.jpg","contentUrl":"https:\/\/fittwear.nl\/wp-content\/uploads\/2022\/03\/tech-pak-grijs_Voorkant-boven_jpg_4.jpg","width":1417,"height":2126,"caption":"Tech hooded vest grey"},{"@type":"BreadcrumbList","@id":"https:\/\/fittwear.nl\/product\/tech-hooded-vest-grey\/#breadcrumb","itemListElement":[{"@type":"ListItem","position":1,"name":"Home","item":"https:\/\/fittwear.nl\/"},{"@type":"ListItem","position":2,"name":"Shop","item":"https:\/\/fittwear.nl\/shop\/"},{"@type":"ListItem","position":3,"name":"Technical Hooded Jacket Grey"}]},{"@type":"WebSite","@id":"https:\/\/fittwear.nl\/#website","url":"https:\/\/fittwear.nl\/","name":"FITTwear.co.uk","description":"Zeit zu gl\u00e4nzen!","publisher":{"@id":"https:\/\/fittwear.nl\/#organization"},"potentialAction":[{"@type":"SearchAction","target":{"@type":"EntryPoint","urlTemplate":"https:\/\/fittwear.nl\/?s={search_term_string}"},"query-input":{"@type":"PropertyValueSpecification","valueRequired":true,"valueName":"search_term_string"}}],"inLanguage":"de"},{"@type":"Organization","@id":"https:\/\/fittwear.nl\/#organization","name":"FITTwear.co.uk","url":"https:\/\/fittwear.nl\/","logo":{"@type":"ImageObject","inLanguage":"de","@id":"https:\/\/fittwear.nl\/#\/schema\/logo\/image\/","url":"https:\/\/fittwear.nl\/wp-content\/uploads\/2024\/07\/FITT-Logo-BeYOUtiful-website-homepage_Tekengebied-1-scaled.jpg","contentUrl":"https:\/\/fittwear.nl\/wp-content\/uploads\/2024\/07\/FITT-Logo-BeYOUtiful-website-homepage_Tekengebied-1-scaled.jpg","width":2560,"height":599,"caption":"FITTwear.nl"},"image":{"@id":"https:\/\/fittwear.nl\/#\/schema\/logo\/image\/"}}]}},"_links":{"self":[{"href":"https:\/\/fittwear.nl\/de\/wp-json\/wp\/v2\/product\/26497","targetHints":{"allow":["GET"]}}],"collection":[{"href":"https:\/\/fittwear.nl\/de\/wp-json\/wp\/v2\/product"}],"about":[{"href":"https:\/\/fittwear.nl\/de\/wp-json\/wp\/v2\/types\/product"}],"wp:featuredmedia":[{"embeddable":true,"href":"https:\/\/fittwear.nl\/de\/wp-json\/wp\/v2\/media\/26505"}],"wp:attachment":[{"href":"https:\/\/fittwear.nl\/de\/wp-json\/wp\/v2\/media?parent=26497"}],"wp:term":[{"taxonomy":"product_brand","embeddable":true,"href":"https:\/\/fittwear.nl\/de\/wp-json\/wp\/v2\/product_brand?post=26497"},{"taxonomy":"product_cat","embeddable":true,"href":"https:\/\/fittwear.nl\/de\/wp-json\/wp\/v2\/product_cat?post=26497"},{"taxonomy":"product_tag","embeddable":true,"href":"https:\/\/fittwear.nl\/de\/wp-json\/wp\/v2\/product_tag?post=26497"}],"curies":[{"name":"wp","href":"https:\/\/api.w.org\/{rel}","templated":true}]}}