{"id":26686,"date":"2022-03-09T13:17:09","date_gmt":"2022-03-09T12:17:09","guid":{"rendered":"https:\/\/fittwear.nl\/?post_type=product&#038;p=26686"},"modified":"2026-04-27T15:37:52","modified_gmt":"2026-04-27T13:37:52","slug":"technische-kapuzenjacke-schwarz","status":"publish","type":"product","link":"https:\/\/fittwear.nl\/de\/product\/technical-hooded-jacket-black\/","title":{"rendered":"Technische Kapuzenjacke Schwarz"},"content":{"rendered":"<p>- Passt gut<\/p>\n<p>-Zwei Rei\u00dfverschl\u00fcsse vorne<\/p>\n<p>-mit Kapuze<\/p>\n<p>-Vorne Kordelz\u00fcge<\/p>\n<p>-94% Polyester 6% Elastan<\/p>\n<p>-Waschbar bis zu 30\u00b0<\/p>\n<p>-Farbe: Schwarz<\/p>","protected":false},"excerpt":{"rendered":"<p>Eine himmlische Kombination! Das ist unser technisches R\u00fcstzeug auf jeden Fall. Wie die Jogginghose liegt auch die schwarze Weste gut am K\u00f6rper an und f\u00fchlt sich innen weich an. Die Weste hat zwei Taschen auf der Vorderseite, die mit einem Rei\u00dfverschluss geschlossen werden k\u00f6nnen. Die Weste h\u00e4lt Sie nach dem Training warm, l\u00e4sst sich aber auch gut zu einem Athleisure-Look kombinieren! Auch in der Farbe Grau erh\u00e4ltlich.<\/p>\n<p><strong>Model Manouk ist 1,77 und tr\u00e4gt Gr\u00f6\u00dfe S<\/strong><\/p>","protected":false},"featured_media":26682,"template":"","meta":{"_acf_changed":false},"product_brand":[],"product_cat":[27,4283,66,54],"product_tag":[],"class_list":{"0":"post-26686","1":"product","2":"type-product","3":"status-publish","4":"has-post-thumbnail","6":"product_cat-dames","7":"product_cat-jackets","8":"product_cat-loungewear","9":"product_cat-new","11":"first","12":"outofstock","13":"taxable","14":"shipping-taxable","15":"product-type-variable","16":"has-default-attributes"},"acf":[],"yoast_head":"<!-- This site is optimized with the Yoast SEO plugin v27.1.1 - https:\/\/yoast.com\/product\/yoast-seo-wordpress\/ -->\n<title>Technical Hooded Jacket Black - Loungewear - FITTwear.nl<\/title>\n<meta name=\"description\" content=\"Match made in heaven! Dat is onze techincal set zeker. Het zwart vest sluit net als de joggers mooi aan op het lichaam.\" \/>\n<meta name=\"robots\" content=\"index, follow, max-snippet:-1, max-image-preview:large, max-video-preview:-1\" \/>\n<link rel=\"canonical\" href=\"https:\/\/fittwear.nl\/de\/produkt-2\/technische-kapuzenjacke-schwarz\/\" \/>\n<meta property=\"og:locale\" content=\"de_DE\" \/>\n<meta property=\"og:type\" content=\"article\" \/>\n<meta property=\"og:title\" content=\"Technical Hooded Jacket Black - Loungewear - FITTwear.nl\" \/>\n<meta property=\"og:description\" content=\"Match made in heaven! Dat is onze techincal set zeker. Het zwart vest sluit net als de joggers mooi aan op het lichaam.\" \/>\n<meta property=\"og:url\" content=\"https:\/\/fittwear.nl\/de\/produkt-2\/technische-kapuzenjacke-schwarz\/\" \/>\n<meta property=\"og:site_name\" content=\"FITTwear.nl\" \/>\n<meta property=\"article:modified_time\" content=\"2026-04-27T13:37:52+00:00\" \/>\n<meta property=\"og:image\" content=\"https:\/\/fittwear.nl\/wp-content\/uploads\/2022\/03\/tech-pak-zwart_Fullbody_jpg_8.jpg\" \/>\n\t<meta property=\"og:image:width\" content=\"1701\" \/>\n\t<meta property=\"og:image:height\" content=\"2551\" \/>\n\t<meta property=\"og:image:type\" content=\"image\/jpeg\" \/>\n<meta name=\"twitter:card\" content=\"summary_large_image\" \/>\n<meta name=\"twitter:label1\" content=\"Gesch\u00e4tzte Lesezeit\" \/>\n\t<meta name=\"twitter:data1\" content=\"1\u00a0Minute\" \/>\n<script type=\"application\/ld+json\" class=\"yoast-schema-graph\">{\"@context\":\"https:\/\/schema.org\",\"@graph\":[{\"@type\":\"WebPage\",\"@id\":\"https:\/\/fittwear.nl\/product\/technical-hooded-jacket-black\/\",\"url\":\"https:\/\/fittwear.nl\/product\/technical-hooded-jacket-black\/\",\"name\":\"Technical Hooded Jacket Black - Loungewear - FITTwear.nl\",\"isPartOf\":{\"@id\":\"https:\/\/fittwear.nl\/#website\"},\"primaryImageOfPage\":{\"@id\":\"https:\/\/fittwear.nl\/product\/technical-hooded-jacket-black\/#primaryimage\"},\"image\":{\"@id\":\"https:\/\/fittwear.nl\/product\/technical-hooded-jacket-black\/#primaryimage\"},\"thumbnailUrl\":\"https:\/\/fittwear.nl\/wp-content\/uploads\/2022\/03\/tech-pak-zwart_Fullbody_jpg_8.jpg\",\"datePublished\":\"2022-03-09T12:17:09+00:00\",\"dateModified\":\"2026-04-27T13:37:52+00:00\",\"description\":\"Match made in heaven! Dat is onze techincal set zeker. Het zwart vest sluit net als de joggers mooi aan op het lichaam.\",\"breadcrumb\":{\"@id\":\"https:\/\/fittwear.nl\/product\/technical-hooded-jacket-black\/#breadcrumb\"},\"inLanguage\":\"de\",\"potentialAction\":[{\"@type\":\"ReadAction\",\"target\":[\"https:\/\/fittwear.nl\/product\/technical-hooded-jacket-black\/\"]}]},{\"@type\":\"ImageObject\",\"inLanguage\":\"de\",\"@id\":\"https:\/\/fittwear.nl\/product\/technical-hooded-jacket-black\/#primaryimage\",\"url\":\"https:\/\/fittwear.nl\/wp-content\/uploads\/2022\/03\/tech-pak-zwart_Fullbody_jpg_8.jpg\",\"contentUrl\":\"https:\/\/fittwear.nl\/wp-content\/uploads\/2022\/03\/tech-pak-zwart_Fullbody_jpg_8.jpg\",\"width\":1701,\"height\":2551},{\"@type\":\"BreadcrumbList\",\"@id\":\"https:\/\/fittwear.nl\/product\/technical-hooded-jacket-black\/#breadcrumb\",\"itemListElement\":[{\"@type\":\"ListItem\",\"position\":1,\"name\":\"Home\",\"item\":\"https:\/\/fittwear.nl\/\"},{\"@type\":\"ListItem\",\"position\":2,\"name\":\"Shop\",\"item\":\"https:\/\/fittwear.nl\/shop\/\"},{\"@type\":\"ListItem\",\"position\":3,\"name\":\"Technical Hooded Jacket Black\"}]},{\"@type\":\"WebSite\",\"@id\":\"https:\/\/fittwear.nl\/#website\",\"url\":\"https:\/\/fittwear.nl\/\",\"name\":\"FITTwear.nl\",\"description\":\"Time to shine!\",\"publisher\":{\"@id\":\"https:\/\/fittwear.nl\/#organization\"},\"potentialAction\":[{\"@type\":\"SearchAction\",\"target\":{\"@type\":\"EntryPoint\",\"urlTemplate\":\"https:\/\/fittwear.nl\/?s={search_term_string}\"},\"query-input\":{\"@type\":\"PropertyValueSpecification\",\"valueRequired\":true,\"valueName\":\"search_term_string\"}}],\"inLanguage\":\"de\"},{\"@type\":\"Organization\",\"@id\":\"https:\/\/fittwear.nl\/#organization\",\"name\":\"FITTwear.nl\",\"url\":\"https:\/\/fittwear.nl\/\",\"logo\":{\"@type\":\"ImageObject\",\"inLanguage\":\"de\",\"@id\":\"https:\/\/fittwear.nl\/#\/schema\/logo\/image\/\",\"url\":\"https:\/\/fittwear.nl\/wp-content\/uploads\/2024\/07\/FITT-Logo-BeYOUtiful-website-homepage_Tekengebied-1-scaled.jpg\",\"contentUrl\":\"https:\/\/fittwear.nl\/wp-content\/uploads\/2024\/07\/FITT-Logo-BeYOUtiful-website-homepage_Tekengebied-1-scaled.jpg\",\"width\":2560,\"height\":599,\"caption\":\"FITTwear.nl\"},\"image\":{\"@id\":\"https:\/\/fittwear.nl\/#\/schema\/logo\/image\/\"}}]}<\/script>\n<!-- \/ Yoast SEO plugin. -->","yoast_head_json":{"title":"Technische Jacke mit Kapuze Schwarz - Loungewear - FITTwear.nl","description":"Eine himmlische Kombination! Das ist unser technisches R\u00fcstzeug auf jeden Fall. Wie die Jogginghose liegt auch die schwarze Strickjacke gut am K\u00f6rper an.","robots":{"index":"index","follow":"follow","max-snippet":"max-snippet:-1","max-image-preview":"max-image-preview:large","max-video-preview":"max-video-preview:-1"},"canonical":"https:\/\/fittwear.nl\/de\/produkt-2\/technische-kapuzenjacke-schwarz\/","og_locale":"de_DE","og_type":"article","og_title":"Technical Hooded Jacket Black - Loungewear - FITTwear.nl","og_description":"Match made in heaven! Dat is onze techincal set zeker. Het zwart vest sluit net als de joggers mooi aan op het lichaam.","og_url":"https:\/\/fittwear.nl\/de\/produkt-2\/technische-kapuzenjacke-schwarz\/","og_site_name":"FITTwear.nl","article_modified_time":"2026-04-27T13:37:52+00:00","og_image":[{"width":1701,"height":2551,"url":"https:\/\/fittwear.nl\/wp-content\/uploads\/2022\/03\/tech-pak-zwart_Fullbody_jpg_8.jpg","type":"image\/jpeg"}],"twitter_card":"summary_large_image","twitter_misc":{"Gesch\u00e4tzte Lesezeit":"1\u00a0Minute"},"schema":{"@context":"https:\/\/schema.org","@graph":[{"@type":"WebPage","@id":"https:\/\/fittwear.nl\/product\/technical-hooded-jacket-black\/","url":"https:\/\/fittwear.nl\/product\/technical-hooded-jacket-black\/","name":"Technische Jacke mit Kapuze Schwarz - Loungewear - FITTwear.nl","isPartOf":{"@id":"https:\/\/fittwear.nl\/#website"},"primaryImageOfPage":{"@id":"https:\/\/fittwear.nl\/product\/technical-hooded-jacket-black\/#primaryimage"},"image":{"@id":"https:\/\/fittwear.nl\/product\/technical-hooded-jacket-black\/#primaryimage"},"thumbnailUrl":"https:\/\/fittwear.nl\/wp-content\/uploads\/2022\/03\/tech-pak-zwart_Fullbody_jpg_8.jpg","datePublished":"2022-03-09T12:17:09+00:00","dateModified":"2026-04-27T13:37:52+00:00","description":"Eine himmlische Kombination! Das ist unser technisches R\u00fcstzeug auf jeden Fall. Wie die Jogginghose liegt auch die schwarze Strickjacke gut am K\u00f6rper an.","breadcrumb":{"@id":"https:\/\/fittwear.nl\/product\/technical-hooded-jacket-black\/#breadcrumb"},"inLanguage":"de","potentialAction":[{"@type":"ReadAction","target":["https:\/\/fittwear.nl\/product\/technical-hooded-jacket-black\/"]}]},{"@type":"ImageObject","inLanguage":"de","@id":"https:\/\/fittwear.nl\/product\/technical-hooded-jacket-black\/#primaryimage","url":"https:\/\/fittwear.nl\/wp-content\/uploads\/2022\/03\/tech-pak-zwart_Fullbody_jpg_8.jpg","contentUrl":"https:\/\/fittwear.nl\/wp-content\/uploads\/2022\/03\/tech-pak-zwart_Fullbody_jpg_8.jpg","width":1701,"height":2551},{"@type":"BreadcrumbList","@id":"https:\/\/fittwear.nl\/product\/technical-hooded-jacket-black\/#breadcrumb","itemListElement":[{"@type":"ListItem","position":1,"name":"Home","item":"https:\/\/fittwear.nl\/"},{"@type":"ListItem","position":2,"name":"Shop","item":"https:\/\/fittwear.nl\/shop\/"},{"@type":"ListItem","position":3,"name":"Technical Hooded Jacket Black"}]},{"@type":"WebSite","@id":"https:\/\/fittwear.nl\/#website","url":"https:\/\/fittwear.nl\/","name":"FITTwear.co.uk","description":"Zeit zu gl\u00e4nzen!","publisher":{"@id":"https:\/\/fittwear.nl\/#organization"},"potentialAction":[{"@type":"SearchAction","target":{"@type":"EntryPoint","urlTemplate":"https:\/\/fittwear.nl\/?s={search_term_string}"},"query-input":{"@type":"PropertyValueSpecification","valueRequired":true,"valueName":"search_term_string"}}],"inLanguage":"de"},{"@type":"Organization","@id":"https:\/\/fittwear.nl\/#organization","name":"FITTwear.co.uk","url":"https:\/\/fittwear.nl\/","logo":{"@type":"ImageObject","inLanguage":"de","@id":"https:\/\/fittwear.nl\/#\/schema\/logo\/image\/","url":"https:\/\/fittwear.nl\/wp-content\/uploads\/2024\/07\/FITT-Logo-BeYOUtiful-website-homepage_Tekengebied-1-scaled.jpg","contentUrl":"https:\/\/fittwear.nl\/wp-content\/uploads\/2024\/07\/FITT-Logo-BeYOUtiful-website-homepage_Tekengebied-1-scaled.jpg","width":2560,"height":599,"caption":"FITTwear.nl"},"image":{"@id":"https:\/\/fittwear.nl\/#\/schema\/logo\/image\/"}}]}},"_links":{"self":[{"href":"https:\/\/fittwear.nl\/de\/wp-json\/wp\/v2\/product\/26686","targetHints":{"allow":["GET"]}}],"collection":[{"href":"https:\/\/fittwear.nl\/de\/wp-json\/wp\/v2\/product"}],"about":[{"href":"https:\/\/fittwear.nl\/de\/wp-json\/wp\/v2\/types\/product"}],"wp:featuredmedia":[{"embeddable":true,"href":"https:\/\/fittwear.nl\/de\/wp-json\/wp\/v2\/media\/26682"}],"wp:attachment":[{"href":"https:\/\/fittwear.nl\/de\/wp-json\/wp\/v2\/media?parent=26686"}],"wp:term":[{"taxonomy":"product_brand","embeddable":true,"href":"https:\/\/fittwear.nl\/de\/wp-json\/wp\/v2\/product_brand?post=26686"},{"taxonomy":"product_cat","embeddable":true,"href":"https:\/\/fittwear.nl\/de\/wp-json\/wp\/v2\/product_cat?post=26686"},{"taxonomy":"product_tag","embeddable":true,"href":"https:\/\/fittwear.nl\/de\/wp-json\/wp\/v2\/product_tag?post=26686"}],"curies":[{"name":"wp","href":"https:\/\/api.w.org\/{rel}","templated":true}]}}