{"id":26805,"date":"2022-03-08T13:27:37","date_gmt":"2022-03-08T12:27:37","guid":{"rendered":"https:\/\/fittwear.nl\/?post_type=product&#038;p=26805"},"modified":"2026-04-26T14:15:09","modified_gmt":"2026-04-26T12:15:09","slug":"nahtlos-atmungsaktiver-thong-schwarz-2-pack","status":"publish","type":"product","link":"https:\/\/fittwear.nl\/de\/product\/seamless-breathable-thong-black-2-pack\/","title":{"rendered":"Nahtloser Tanga Schwarz 2er-Pack"},"content":{"rendered":"<p>&#8211; Seamless string<\/p>\n<p>&#8211; Set van 2<\/p>\n<p>&#8211; Zwart<\/p>\n<p>- Dehnbar<\/p>\n<p>&#8211; Lichtgewichte stof<\/p>\n<p>&#8211; Sneldrogend<\/p>\n<p>&#8211; Extra ademend<\/p>\n<p>- Waschbar bis zu 30\u00b0<\/p>","protected":false},"excerpt":{"rendered":"<p>Sind Sie fertig mit den sichtbaren N\u00e4hten Ihrer Unterw\u00e4sche in Ihrer Lieblingsleggings? Mit dem nahtlosen, atmungsaktiven Tanga geh\u00f6rt das der Vergangenheit an! Das nahtlose Design erm\u00f6glicht es Ihnen, Leggings zu tragen, ohne dass Ihre Unterw\u00e4sche sichtbar ist. Der Tanga ist aus einem leichten, atmungsaktiven und schnell trocknenden Material gefertigt. Auch in nude erh\u00e4ltlich!<\/p>\n<p><strong>Model Manouk ist 1,77 und tr\u00e4gt Gr\u00f6\u00dfe S<\/strong><\/p>","protected":false},"featured_media":26801,"template":"","meta":{"_acf_changed":false},"product_brand":[],"product_cat":[115,27],"product_tag":[4803],"class_list":{"0":"post-26805","1":"product","2":"type-product","3":"status-publish","4":"has-post-thumbnail","6":"product_cat-accessoires","7":"product_cat-dames","8":"product_tag-out-of-stock","10":"first","11":"outofstock","12":"taxable","13":"shipping-taxable","14":"product-type-variable"},"acf":[],"yoast_head":"<!-- This site is optimized with the Yoast SEO plugin v27.1.1 - https:\/\/yoast.com\/product\/yoast-seo-wordpress\/ -->\n<title>Seamless Thong Black 2-pack - FITTwear.nl<\/title>\n<meta name=\"description\" content=\"Geen zichtbare naden van je ondergoed meer in je favoriete legging? Met de seamless breathable thong heb je hier geen last meer van!\" \/>\n<meta name=\"robots\" content=\"index, follow, max-snippet:-1, max-image-preview:large, max-video-preview:-1\" \/>\n<link rel=\"canonical\" href=\"https:\/\/fittwear.nl\/de\/produkt-2\/nahtlos-atmungsaktiver-thong-schwarz-2-pack\/\" \/>\n<meta property=\"og:locale\" content=\"de_DE\" \/>\n<meta property=\"og:type\" content=\"article\" \/>\n<meta property=\"og:title\" content=\"Seamless Thong Black 2-pack - FITTwear.nl\" \/>\n<meta property=\"og:description\" content=\"Geen zichtbare naden van je ondergoed meer in je favoriete legging? Met de seamless breathable thong heb je hier geen last meer van!\" \/>\n<meta property=\"og:url\" content=\"https:\/\/fittwear.nl\/de\/produkt-2\/nahtlos-atmungsaktiver-thong-schwarz-2-pack\/\" \/>\n<meta property=\"og:site_name\" content=\"FITTwear.nl\" \/>\n<meta property=\"article:modified_time\" content=\"2026-04-26T12:15:09+00:00\" \/>\n<meta property=\"og:image\" content=\"https:\/\/fittwear.nl\/wp-content\/uploads\/2022\/03\/ondergoed_Voorkant-onder_jpg_3-scaled.jpg\" \/>\n\t<meta property=\"og:image:width\" content=\"1707\" \/>\n\t<meta property=\"og:image:height\" content=\"2560\" \/>\n\t<meta property=\"og:image:type\" content=\"image\/jpeg\" \/>\n<meta name=\"twitter:card\" content=\"summary_large_image\" \/>\n<meta name=\"twitter:label1\" content=\"Gesch\u00e4tzte Lesezeit\" \/>\n\t<meta name=\"twitter:data1\" content=\"1\u00a0Minute\" \/>\n<script type=\"application\/ld+json\" class=\"yoast-schema-graph\">{\"@context\":\"https:\/\/schema.org\",\"@graph\":[{\"@type\":\"WebPage\",\"@id\":\"https:\/\/fittwear.nl\/product\/seamless-breathable-thong-black-2-pack\/\",\"url\":\"https:\/\/fittwear.nl\/product\/seamless-breathable-thong-black-2-pack\/\",\"name\":\"Seamless Thong Black 2-pack - FITTwear.nl\",\"isPartOf\":{\"@id\":\"https:\/\/fittwear.nl\/#website\"},\"primaryImageOfPage\":{\"@id\":\"https:\/\/fittwear.nl\/product\/seamless-breathable-thong-black-2-pack\/#primaryimage\"},\"image\":{\"@id\":\"https:\/\/fittwear.nl\/product\/seamless-breathable-thong-black-2-pack\/#primaryimage\"},\"thumbnailUrl\":\"https:\/\/fittwear.nl\/wp-content\/uploads\/2022\/03\/ondergoed_Voorkant-onder_jpg_3-scaled.jpg\",\"datePublished\":\"2022-03-08T12:27:37+00:00\",\"dateModified\":\"2026-04-26T12:15:09+00:00\",\"description\":\"Geen zichtbare naden van je ondergoed meer in je favoriete legging? Met de seamless breathable thong heb je hier geen last meer van!\",\"breadcrumb\":{\"@id\":\"https:\/\/fittwear.nl\/product\/seamless-breathable-thong-black-2-pack\/#breadcrumb\"},\"inLanguage\":\"de\",\"potentialAction\":[{\"@type\":\"ReadAction\",\"target\":[\"https:\/\/fittwear.nl\/product\/seamless-breathable-thong-black-2-pack\/\"]}]},{\"@type\":\"ImageObject\",\"inLanguage\":\"de\",\"@id\":\"https:\/\/fittwear.nl\/product\/seamless-breathable-thong-black-2-pack\/#primaryimage\",\"url\":\"https:\/\/fittwear.nl\/wp-content\/uploads\/2022\/03\/ondergoed_Voorkant-onder_jpg_3-scaled.jpg\",\"contentUrl\":\"https:\/\/fittwear.nl\/wp-content\/uploads\/2022\/03\/ondergoed_Voorkant-onder_jpg_3-scaled.jpg\",\"width\":1707,\"height\":2560,\"caption\":\"Seamless breathable thong black\"},{\"@type\":\"BreadcrumbList\",\"@id\":\"https:\/\/fittwear.nl\/product\/seamless-breathable-thong-black-2-pack\/#breadcrumb\",\"itemListElement\":[{\"@type\":\"ListItem\",\"position\":1,\"name\":\"Home\",\"item\":\"https:\/\/fittwear.nl\/\"},{\"@type\":\"ListItem\",\"position\":2,\"name\":\"Shop\",\"item\":\"https:\/\/fittwear.nl\/shop\/\"},{\"@type\":\"ListItem\",\"position\":3,\"name\":\"Seamless Thong Black 2-pack\"}]},{\"@type\":\"WebSite\",\"@id\":\"https:\/\/fittwear.nl\/#website\",\"url\":\"https:\/\/fittwear.nl\/\",\"name\":\"FITTwear.nl\",\"description\":\"Time to shine!\",\"publisher\":{\"@id\":\"https:\/\/fittwear.nl\/#organization\"},\"potentialAction\":[{\"@type\":\"SearchAction\",\"target\":{\"@type\":\"EntryPoint\",\"urlTemplate\":\"https:\/\/fittwear.nl\/?s={search_term_string}\"},\"query-input\":{\"@type\":\"PropertyValueSpecification\",\"valueRequired\":true,\"valueName\":\"search_term_string\"}}],\"inLanguage\":\"de\"},{\"@type\":\"Organization\",\"@id\":\"https:\/\/fittwear.nl\/#organization\",\"name\":\"FITTwear.nl\",\"url\":\"https:\/\/fittwear.nl\/\",\"logo\":{\"@type\":\"ImageObject\",\"inLanguage\":\"de\",\"@id\":\"https:\/\/fittwear.nl\/#\/schema\/logo\/image\/\",\"url\":\"https:\/\/fittwear.nl\/wp-content\/uploads\/2024\/07\/FITT-Logo-BeYOUtiful-website-homepage_Tekengebied-1-scaled.jpg\",\"contentUrl\":\"https:\/\/fittwear.nl\/wp-content\/uploads\/2024\/07\/FITT-Logo-BeYOUtiful-website-homepage_Tekengebied-1-scaled.jpg\",\"width\":2560,\"height\":599,\"caption\":\"FITTwear.nl\"},\"image\":{\"@id\":\"https:\/\/fittwear.nl\/#\/schema\/logo\/image\/\"}}]}<\/script>\n<!-- \/ Yoast SEO plugin. -->","yoast_head_json":{"title":"Nahtloser Tanga Schwarz 2er-Pack - FITTwear.de","description":"Keine sichtbaren N\u00e4hte mehr in der Unterw\u00e4sche Ihrer Lieblingsleggings? Mit dem nahtlosen, atmungsaktiven Tanga ist das kein Problem mehr!","robots":{"index":"index","follow":"follow","max-snippet":"max-snippet:-1","max-image-preview":"max-image-preview:large","max-video-preview":"max-video-preview:-1"},"canonical":"https:\/\/fittwear.nl\/de\/produkt-2\/nahtlos-atmungsaktiver-thong-schwarz-2-pack\/","og_locale":"de_DE","og_type":"article","og_title":"Seamless Thong Black 2-pack - FITTwear.nl","og_description":"Geen zichtbare naden van je ondergoed meer in je favoriete legging? Met de seamless breathable thong heb je hier geen last meer van!","og_url":"https:\/\/fittwear.nl\/de\/produkt-2\/nahtlos-atmungsaktiver-thong-schwarz-2-pack\/","og_site_name":"FITTwear.nl","article_modified_time":"2026-04-26T12:15:09+00:00","og_image":[{"width":1707,"height":2560,"url":"https:\/\/fittwear.nl\/wp-content\/uploads\/2022\/03\/ondergoed_Voorkant-onder_jpg_3-scaled.jpg","type":"image\/jpeg"}],"twitter_card":"summary_large_image","twitter_misc":{"Gesch\u00e4tzte Lesezeit":"1\u00a0Minute"},"schema":{"@context":"https:\/\/schema.org","@graph":[{"@type":"WebPage","@id":"https:\/\/fittwear.nl\/product\/seamless-breathable-thong-black-2-pack\/","url":"https:\/\/fittwear.nl\/product\/seamless-breathable-thong-black-2-pack\/","name":"Nahtloser Tanga Schwarz 2er-Pack - FITTwear.de","isPartOf":{"@id":"https:\/\/fittwear.nl\/#website"},"primaryImageOfPage":{"@id":"https:\/\/fittwear.nl\/product\/seamless-breathable-thong-black-2-pack\/#primaryimage"},"image":{"@id":"https:\/\/fittwear.nl\/product\/seamless-breathable-thong-black-2-pack\/#primaryimage"},"thumbnailUrl":"https:\/\/fittwear.nl\/wp-content\/uploads\/2022\/03\/ondergoed_Voorkant-onder_jpg_3-scaled.jpg","datePublished":"2022-03-08T12:27:37+00:00","dateModified":"2026-04-26T12:15:09+00:00","description":"Keine sichtbaren N\u00e4hte mehr in der Unterw\u00e4sche Ihrer Lieblingsleggings? Mit dem nahtlosen, atmungsaktiven Tanga ist das kein Problem mehr!","breadcrumb":{"@id":"https:\/\/fittwear.nl\/product\/seamless-breathable-thong-black-2-pack\/#breadcrumb"},"inLanguage":"de","potentialAction":[{"@type":"ReadAction","target":["https:\/\/fittwear.nl\/product\/seamless-breathable-thong-black-2-pack\/"]}]},{"@type":"ImageObject","inLanguage":"de","@id":"https:\/\/fittwear.nl\/product\/seamless-breathable-thong-black-2-pack\/#primaryimage","url":"https:\/\/fittwear.nl\/wp-content\/uploads\/2022\/03\/ondergoed_Voorkant-onder_jpg_3-scaled.jpg","contentUrl":"https:\/\/fittwear.nl\/wp-content\/uploads\/2022\/03\/ondergoed_Voorkant-onder_jpg_3-scaled.jpg","width":1707,"height":2560,"caption":"Seamless breathable thong black"},{"@type":"BreadcrumbList","@id":"https:\/\/fittwear.nl\/product\/seamless-breathable-thong-black-2-pack\/#breadcrumb","itemListElement":[{"@type":"ListItem","position":1,"name":"Home","item":"https:\/\/fittwear.nl\/"},{"@type":"ListItem","position":2,"name":"Shop","item":"https:\/\/fittwear.nl\/shop\/"},{"@type":"ListItem","position":3,"name":"Seamless Thong Black 2-pack"}]},{"@type":"WebSite","@id":"https:\/\/fittwear.nl\/#website","url":"https:\/\/fittwear.nl\/","name":"FITTwear.co.uk","description":"Zeit zu gl\u00e4nzen!","publisher":{"@id":"https:\/\/fittwear.nl\/#organization"},"potentialAction":[{"@type":"SearchAction","target":{"@type":"EntryPoint","urlTemplate":"https:\/\/fittwear.nl\/?s={search_term_string}"},"query-input":{"@type":"PropertyValueSpecification","valueRequired":true,"valueName":"search_term_string"}}],"inLanguage":"de"},{"@type":"Organization","@id":"https:\/\/fittwear.nl\/#organization","name":"FITTwear.co.uk","url":"https:\/\/fittwear.nl\/","logo":{"@type":"ImageObject","inLanguage":"de","@id":"https:\/\/fittwear.nl\/#\/schema\/logo\/image\/","url":"https:\/\/fittwear.nl\/wp-content\/uploads\/2024\/07\/FITT-Logo-BeYOUtiful-website-homepage_Tekengebied-1-scaled.jpg","contentUrl":"https:\/\/fittwear.nl\/wp-content\/uploads\/2024\/07\/FITT-Logo-BeYOUtiful-website-homepage_Tekengebied-1-scaled.jpg","width":2560,"height":599,"caption":"FITTwear.nl"},"image":{"@id":"https:\/\/fittwear.nl\/#\/schema\/logo\/image\/"}}]}},"_links":{"self":[{"href":"https:\/\/fittwear.nl\/de\/wp-json\/wp\/v2\/product\/26805","targetHints":{"allow":["GET"]}}],"collection":[{"href":"https:\/\/fittwear.nl\/de\/wp-json\/wp\/v2\/product"}],"about":[{"href":"https:\/\/fittwear.nl\/de\/wp-json\/wp\/v2\/types\/product"}],"wp:featuredmedia":[{"embeddable":true,"href":"https:\/\/fittwear.nl\/de\/wp-json\/wp\/v2\/media\/26801"}],"wp:attachment":[{"href":"https:\/\/fittwear.nl\/de\/wp-json\/wp\/v2\/media?parent=26805"}],"wp:term":[{"taxonomy":"product_brand","embeddable":true,"href":"https:\/\/fittwear.nl\/de\/wp-json\/wp\/v2\/product_brand?post=26805"},{"taxonomy":"product_cat","embeddable":true,"href":"https:\/\/fittwear.nl\/de\/wp-json\/wp\/v2\/product_cat?post=26805"},{"taxonomy":"product_tag","embeddable":true,"href":"https:\/\/fittwear.nl\/de\/wp-json\/wp\/v2\/product_tag?post=26805"}],"curies":[{"name":"wp","href":"https:\/\/api.w.org\/{rel}","templated":true}]}}