{"id":27299,"date":"2022-03-14T14:25:43","date_gmt":"2022-03-14T13:25:43","guid":{"rendered":"https:\/\/fittwear.nl\/?post_type=product&#038;p=27299"},"modified":"2026-04-11T19:07:44","modified_gmt":"2026-04-11T17:07:44","slug":"klassische-rippenleggings-schwarz","status":"publish","type":"product","link":"https:\/\/fittwear.nl\/de\/product\/classic-rib-legging-black\/","title":{"rendered":"Klassische Rippenleggings Schwarz"},"content":{"rendered":"<p>- Stabile Rippung<\/p>\n<p>- Hohe Taille<\/p>\n<p>- Hocksitzsicher<\/p>\n<p>- 80% Nylon, 20% Elastan<\/p>\n<p>- Waschbar bis zu 30\u00b0<\/p>\n<p>- Farbe: Schwarz<\/p>","protected":false},"excerpt":{"rendered":"<p><strong>Gr\u00f6\u00dfe: Die Leggings f\u00e4llt gr\u00f6\u00dfengerecht aus.\u00a0<\/strong><\/p>\n<p>Suchen Sie eine Sportleggings, die ein besonders straffes Gef\u00fchl vermittelt? Dann ist die klassische Rippenleggings in Schwarz genau das Richtige f\u00fcr Sie! Die Leggings hat einen stabilen Rippenbund am oberen Ende, der ein Verrutschen verhindert. Kombiniere sie mit dem passenden Ripp-Top f\u00fcr ein cooles Sport-Set! Auch in Blau erh\u00e4ltlich. Die Leggings ist komplett schwei\u00df- und hocktauglich.<\/p>\n<p><strong>Modell Manouk ist 1,76 gro\u00df und tr\u00e4gt die Gr\u00f6\u00dfe S.<\/strong><\/p>","protected":false},"featured_media":27305,"template":"","meta":{"_acf_changed":false},"product_brand":[],"product_cat":[27,4799],"product_tag":[],"class_list":{"0":"post-27299","1":"product","2":"type-product","3":"status-publish","4":"has-post-thumbnail","6":"product_cat-dames","7":"product_cat-structures","9":"first","10":"outofstock","11":"taxable","12":"shipping-taxable","13":"product-type-variable","14":"has-default-attributes"},"acf":[],"yoast_head":"<!-- This site is optimized with the Yoast SEO plugin v27.1.1 - https:\/\/yoast.com\/product\/yoast-seo-wordpress\/ -->\n<title>Classic Rib Legging Black - Sportleggings - FITTwear.nl<\/title>\n<meta name=\"description\" content=\"Opzoek naar een squatproof legging die een extra verstevigend gevoel geeft? Dan is de nieuwe classic rib legging echt iets voor jou!\" \/>\n<meta name=\"robots\" content=\"index, follow, max-snippet:-1, max-image-preview:large, max-video-preview:-1\" \/>\n<link rel=\"canonical\" href=\"https:\/\/fittwear.nl\/de\/produkt-2\/klassische-rippenleggings-schwarz\/\" \/>\n<meta property=\"og:locale\" content=\"de_DE\" \/>\n<meta property=\"og:type\" content=\"article\" \/>\n<meta property=\"og:title\" content=\"Classic Rib Legging Black - Sportleggings - FITTwear.nl\" \/>\n<meta property=\"og:description\" content=\"Opzoek naar een squatproof legging die een extra verstevigend gevoel geeft? Dan is de nieuwe classic rib legging echt iets voor jou!\" \/>\n<meta property=\"og:url\" content=\"https:\/\/fittwear.nl\/de\/produkt-2\/klassische-rippenleggings-schwarz\/\" \/>\n<meta property=\"og:site_name\" content=\"FITTwear.nl\" \/>\n<meta property=\"article:modified_time\" content=\"2026-04-11T17:07:44+00:00\" \/>\n<meta property=\"og:image\" content=\"https:\/\/fittwear.nl\/wp-content\/uploads\/2022\/03\/Rib-set-zwart_Voorkant-onder_jpg_1.jpg\" \/>\n\t<meta property=\"og:image:width\" content=\"1559\" \/>\n\t<meta property=\"og:image:height\" content=\"2339\" \/>\n\t<meta property=\"og:image:type\" content=\"image\/jpeg\" \/>\n<meta name=\"twitter:card\" content=\"summary_large_image\" \/>\n<meta name=\"twitter:label1\" content=\"Gesch\u00e4tzte Lesezeit\" \/>\n\t<meta name=\"twitter:data1\" content=\"1\u00a0Minute\" \/>\n<script type=\"application\/ld+json\" class=\"yoast-schema-graph\">{\"@context\":\"https:\/\/schema.org\",\"@graph\":[{\"@type\":\"WebPage\",\"@id\":\"https:\/\/fittwear.nl\/product\/classic-rib-legging-black\/\",\"url\":\"https:\/\/fittwear.nl\/product\/classic-rib-legging-black\/\",\"name\":\"Classic Rib Legging Black - Sportleggings - FITTwear.nl\",\"isPartOf\":{\"@id\":\"https:\/\/fittwear.nl\/#website\"},\"primaryImageOfPage\":{\"@id\":\"https:\/\/fittwear.nl\/product\/classic-rib-legging-black\/#primaryimage\"},\"image\":{\"@id\":\"https:\/\/fittwear.nl\/product\/classic-rib-legging-black\/#primaryimage\"},\"thumbnailUrl\":\"https:\/\/fittwear.nl\/wp-content\/uploads\/2022\/03\/Rib-set-zwart_Voorkant-onder_jpg_1.jpg\",\"datePublished\":\"2022-03-14T13:25:43+00:00\",\"dateModified\":\"2026-04-11T17:07:44+00:00\",\"description\":\"Opzoek naar een squatproof legging die een extra verstevigend gevoel geeft? Dan is de nieuwe classic rib legging echt iets voor jou!\",\"breadcrumb\":{\"@id\":\"https:\/\/fittwear.nl\/product\/classic-rib-legging-black\/#breadcrumb\"},\"inLanguage\":\"de\",\"potentialAction\":[{\"@type\":\"ReadAction\",\"target\":[\"https:\/\/fittwear.nl\/product\/classic-rib-legging-black\/\"]}]},{\"@type\":\"ImageObject\",\"inLanguage\":\"de\",\"@id\":\"https:\/\/fittwear.nl\/product\/classic-rib-legging-black\/#primaryimage\",\"url\":\"https:\/\/fittwear.nl\/wp-content\/uploads\/2022\/03\/Rib-set-zwart_Voorkant-onder_jpg_1.jpg\",\"contentUrl\":\"https:\/\/fittwear.nl\/wp-content\/uploads\/2022\/03\/Rib-set-zwart_Voorkant-onder_jpg_1.jpg\",\"width\":1559,\"height\":2339,\"caption\":\"Classic rib legging black\"},{\"@type\":\"BreadcrumbList\",\"@id\":\"https:\/\/fittwear.nl\/product\/classic-rib-legging-black\/#breadcrumb\",\"itemListElement\":[{\"@type\":\"ListItem\",\"position\":1,\"name\":\"Home\",\"item\":\"https:\/\/fittwear.nl\/\"},{\"@type\":\"ListItem\",\"position\":2,\"name\":\"Shop\",\"item\":\"https:\/\/fittwear.nl\/shop\/\"},{\"@type\":\"ListItem\",\"position\":3,\"name\":\"Classic Rib Legging Black\"}]},{\"@type\":\"WebSite\",\"@id\":\"https:\/\/fittwear.nl\/#website\",\"url\":\"https:\/\/fittwear.nl\/\",\"name\":\"FITTwear.nl\",\"description\":\"Time to shine!\",\"publisher\":{\"@id\":\"https:\/\/fittwear.nl\/#organization\"},\"potentialAction\":[{\"@type\":\"SearchAction\",\"target\":{\"@type\":\"EntryPoint\",\"urlTemplate\":\"https:\/\/fittwear.nl\/?s={search_term_string}\"},\"query-input\":{\"@type\":\"PropertyValueSpecification\",\"valueRequired\":true,\"valueName\":\"search_term_string\"}}],\"inLanguage\":\"de\"},{\"@type\":\"Organization\",\"@id\":\"https:\/\/fittwear.nl\/#organization\",\"name\":\"FITTwear.nl\",\"url\":\"https:\/\/fittwear.nl\/\",\"logo\":{\"@type\":\"ImageObject\",\"inLanguage\":\"de\",\"@id\":\"https:\/\/fittwear.nl\/#\/schema\/logo\/image\/\",\"url\":\"https:\/\/fittwear.nl\/wp-content\/uploads\/2024\/07\/FITT-Logo-BeYOUtiful-website-homepage_Tekengebied-1-scaled.jpg\",\"contentUrl\":\"https:\/\/fittwear.nl\/wp-content\/uploads\/2024\/07\/FITT-Logo-BeYOUtiful-website-homepage_Tekengebied-1-scaled.jpg\",\"width\":2560,\"height\":599,\"caption\":\"FITTwear.nl\"},\"image\":{\"@id\":\"https:\/\/fittwear.nl\/#\/schema\/logo\/image\/\"}}]}<\/script>\n<!-- \/ Yoast SEO plugin. -->","yoast_head_json":{"title":"Classic Rib Legging Schwarz - Sport-Leggings - FITTwear.nl","description":"Sie suchen eine hocktaugliche Leggings, die ein besonders straffes Gef\u00fchl vermittelt? Dann sind die neuen klassischen Rippenleggings genau das Richtige f\u00fcr Sie!","robots":{"index":"index","follow":"follow","max-snippet":"max-snippet:-1","max-image-preview":"max-image-preview:large","max-video-preview":"max-video-preview:-1"},"canonical":"https:\/\/fittwear.nl\/de\/produkt-2\/klassische-rippenleggings-schwarz\/","og_locale":"de_DE","og_type":"article","og_title":"Classic Rib Legging Black - Sportleggings - FITTwear.nl","og_description":"Opzoek naar een squatproof legging die een extra verstevigend gevoel geeft? Dan is de nieuwe classic rib legging echt iets voor jou!","og_url":"https:\/\/fittwear.nl\/de\/produkt-2\/klassische-rippenleggings-schwarz\/","og_site_name":"FITTwear.nl","article_modified_time":"2026-04-11T17:07:44+00:00","og_image":[{"width":1559,"height":2339,"url":"https:\/\/fittwear.nl\/wp-content\/uploads\/2022\/03\/Rib-set-zwart_Voorkant-onder_jpg_1.jpg","type":"image\/jpeg"}],"twitter_card":"summary_large_image","twitter_misc":{"Gesch\u00e4tzte Lesezeit":"1\u00a0Minute"},"schema":{"@context":"https:\/\/schema.org","@graph":[{"@type":"WebPage","@id":"https:\/\/fittwear.nl\/product\/classic-rib-legging-black\/","url":"https:\/\/fittwear.nl\/product\/classic-rib-legging-black\/","name":"Classic Rib Legging Schwarz - Sport-Leggings - FITTwear.nl","isPartOf":{"@id":"https:\/\/fittwear.nl\/#website"},"primaryImageOfPage":{"@id":"https:\/\/fittwear.nl\/product\/classic-rib-legging-black\/#primaryimage"},"image":{"@id":"https:\/\/fittwear.nl\/product\/classic-rib-legging-black\/#primaryimage"},"thumbnailUrl":"https:\/\/fittwear.nl\/wp-content\/uploads\/2022\/03\/Rib-set-zwart_Voorkant-onder_jpg_1.jpg","datePublished":"2022-03-14T13:25:43+00:00","dateModified":"2026-04-11T17:07:44+00:00","description":"Sie suchen eine hocktaugliche Leggings, die ein besonders straffes Gef\u00fchl vermittelt? Dann sind die neuen klassischen Rippenleggings genau das Richtige f\u00fcr Sie!","breadcrumb":{"@id":"https:\/\/fittwear.nl\/product\/classic-rib-legging-black\/#breadcrumb"},"inLanguage":"de","potentialAction":[{"@type":"ReadAction","target":["https:\/\/fittwear.nl\/product\/classic-rib-legging-black\/"]}]},{"@type":"ImageObject","inLanguage":"de","@id":"https:\/\/fittwear.nl\/product\/classic-rib-legging-black\/#primaryimage","url":"https:\/\/fittwear.nl\/wp-content\/uploads\/2022\/03\/Rib-set-zwart_Voorkant-onder_jpg_1.jpg","contentUrl":"https:\/\/fittwear.nl\/wp-content\/uploads\/2022\/03\/Rib-set-zwart_Voorkant-onder_jpg_1.jpg","width":1559,"height":2339,"caption":"Classic rib legging black"},{"@type":"BreadcrumbList","@id":"https:\/\/fittwear.nl\/product\/classic-rib-legging-black\/#breadcrumb","itemListElement":[{"@type":"ListItem","position":1,"name":"Home","item":"https:\/\/fittwear.nl\/"},{"@type":"ListItem","position":2,"name":"Shop","item":"https:\/\/fittwear.nl\/shop\/"},{"@type":"ListItem","position":3,"name":"Classic Rib Legging Black"}]},{"@type":"WebSite","@id":"https:\/\/fittwear.nl\/#website","url":"https:\/\/fittwear.nl\/","name":"FITTwear.co.uk","description":"Zeit zu gl\u00e4nzen!","publisher":{"@id":"https:\/\/fittwear.nl\/#organization"},"potentialAction":[{"@type":"SearchAction","target":{"@type":"EntryPoint","urlTemplate":"https:\/\/fittwear.nl\/?s={search_term_string}"},"query-input":{"@type":"PropertyValueSpecification","valueRequired":true,"valueName":"search_term_string"}}],"inLanguage":"de"},{"@type":"Organization","@id":"https:\/\/fittwear.nl\/#organization","name":"FITTwear.co.uk","url":"https:\/\/fittwear.nl\/","logo":{"@type":"ImageObject","inLanguage":"de","@id":"https:\/\/fittwear.nl\/#\/schema\/logo\/image\/","url":"https:\/\/fittwear.nl\/wp-content\/uploads\/2024\/07\/FITT-Logo-BeYOUtiful-website-homepage_Tekengebied-1-scaled.jpg","contentUrl":"https:\/\/fittwear.nl\/wp-content\/uploads\/2024\/07\/FITT-Logo-BeYOUtiful-website-homepage_Tekengebied-1-scaled.jpg","width":2560,"height":599,"caption":"FITTwear.nl"},"image":{"@id":"https:\/\/fittwear.nl\/#\/schema\/logo\/image\/"}}]}},"_links":{"self":[{"href":"https:\/\/fittwear.nl\/de\/wp-json\/wp\/v2\/product\/27299","targetHints":{"allow":["GET"]}}],"collection":[{"href":"https:\/\/fittwear.nl\/de\/wp-json\/wp\/v2\/product"}],"about":[{"href":"https:\/\/fittwear.nl\/de\/wp-json\/wp\/v2\/types\/product"}],"wp:featuredmedia":[{"embeddable":true,"href":"https:\/\/fittwear.nl\/de\/wp-json\/wp\/v2\/media\/27305"}],"wp:attachment":[{"href":"https:\/\/fittwear.nl\/de\/wp-json\/wp\/v2\/media?parent=27299"}],"wp:term":[{"taxonomy":"product_brand","embeddable":true,"href":"https:\/\/fittwear.nl\/de\/wp-json\/wp\/v2\/product_brand?post=27299"},{"taxonomy":"product_cat","embeddable":true,"href":"https:\/\/fittwear.nl\/de\/wp-json\/wp\/v2\/product_cat?post=27299"},{"taxonomy":"product_tag","embeddable":true,"href":"https:\/\/fittwear.nl\/de\/wp-json\/wp\/v2\/product_tag?post=27299"}],"curies":[{"name":"wp","href":"https:\/\/api.w.org\/{rel}","templated":true}]}}