{"id":2846,"date":"2020-08-31T13:04:08","date_gmt":"2020-08-31T11:04:08","guid":{"rendered":"http:\/\/fitt-shop.nl\/?post_type=product&#038;p=2846"},"modified":"2026-04-26T14:27:15","modified_gmt":"2026-04-26T12:27:15","slug":"sculpt-melange-legging-blue","status":"publish","type":"product","link":"https:\/\/fittwear.nl\/de\/product\/sculpt-melange-legging-blauw\/","title":{"rendered":"Sculpt Melange Legging blau"},"content":{"rendered":"<p>&#8211; Sport legging<\/p>\n<p>&#8211; Seamless<\/p>\n<p>- Hohe Taille<\/p>\n<p>&#8211; Contrasterende tailleband<\/p>\n<p>&#8211; Body sculpting desingdetails<\/p>\n<p>&#8211; Vochtafvoerende stof<\/p>\n<p>&#8211; Squat proof<\/p>\n<p>&#8211; 56% nylon, 41% polyester, 3% elastaan<\/p>\n<p>&#8211; 340 grams<\/p>\n<p>- Waschbar bis zu 40\u00b0<\/p>\n<p>&#8211; Kleur: blauw<\/p>\n<p>&#8211; Model Donna is 1.82m en draagt maat M<\/p>","protected":false},"excerpt":{"rendered":"<p>Diese Leggings aus nahtlosem, feuchtigkeitsableitendem, technischem Material hat einen kontrastierenden hohen Bund und garantiert Komfort und Bewegungsfreiheit bei jeder Sportart. Die k\u00f6rperformenden Designdetails tragen zur Verfeinerung der Silhouette bei.<\/p>\n<p><strong>Model Donna ist 1,82m gro\u00df und tr\u00e4gt Gr\u00f6\u00dfe M.<\/strong><\/p>","protected":false},"featured_media":6062,"template":"","meta":{"_acf_changed":false},"product_brand":[],"product_cat":[27,28,85,63],"product_tag":[4803],"class_list":{"0":"post-2846","1":"product","2":"type-product","3":"status-publish","4":"has-post-thumbnail","6":"product_cat-dames","7":"product_cat-leggings","8":"product_cat-seamless","9":"product_cat-curves","10":"product_tag-out-of-stock","12":"first","13":"outofstock","14":"taxable","15":"shipping-taxable","16":"product-type-variable"},"acf":[],"yoast_head":"<!-- This site is optimized with the Yoast SEO plugin v27.1.1 - https:\/\/yoast.com\/product\/yoast-seo-wordpress\/ -->\n<title>Sculpt Melange Legging blauw - FITTwear.nl<\/title>\n<meta name=\"description\" content=\"Deze legging heeft een contrasterende hoge tailleband en is gemaakt in een naadloze vochtafdrijvende technische stof en garandeert bij elke sport comfort en bewegingsvrijheid. De body sculpting desingdetails dragen bij aan het verfijnen van het silhouet.  Model Donna is 1.82m en draagt maat M.\" \/>\n<meta name=\"robots\" content=\"index, follow, max-snippet:-1, max-image-preview:large, max-video-preview:-1\" \/>\n<link rel=\"canonical\" href=\"https:\/\/fittwear.nl\/de\/produkt-2\/sculpt-melange-legging-blue\/\" \/>\n<meta property=\"og:locale\" content=\"de_DE\" \/>\n<meta property=\"og:type\" content=\"article\" \/>\n<meta property=\"og:title\" content=\"Sculpt Melange Legging blauw - FITTwear.nl\" \/>\n<meta property=\"og:description\" content=\"Deze legging heeft een contrasterende hoge tailleband en is gemaakt in een naadloze vochtafdrijvende technische stof en garandeert bij elke sport comfort en bewegingsvrijheid. De body sculpting desingdetails dragen bij aan het verfijnen van het silhouet.  Model Donna is 1.82m en draagt maat M.\" \/>\n<meta property=\"og:url\" content=\"https:\/\/fittwear.nl\/de\/produkt-2\/sculpt-melange-legging-blue\/\" \/>\n<meta property=\"og:site_name\" content=\"FITTwear.nl\" \/>\n<meta property=\"article:modified_time\" content=\"2026-04-26T12:27:15+00:00\" \/>\n<meta property=\"og:image\" content=\"https:\/\/fittwear.nl\/wp-content\/uploads\/2020\/08\/sculpt-blauw_Onderkant-achter_jpg_2-1.jpg\" \/>\n\t<meta property=\"og:image:width\" content=\"1200\" \/>\n\t<meta property=\"og:image:height\" content=\"1800\" \/>\n\t<meta property=\"og:image:type\" content=\"image\/jpeg\" \/>\n<meta name=\"twitter:card\" content=\"summary_large_image\" \/>\n<script type=\"application\/ld+json\" class=\"yoast-schema-graph\">{\"@context\":\"https:\/\/schema.org\",\"@graph\":[{\"@type\":\"WebPage\",\"@id\":\"https:\/\/fittwear.nl\/product\/sculpt-melange-legging-blauw\/\",\"url\":\"https:\/\/fittwear.nl\/product\/sculpt-melange-legging-blauw\/\",\"name\":\"Sculpt Melange Legging blauw - FITTwear.nl\",\"isPartOf\":{\"@id\":\"https:\/\/fittwear.nl\/#website\"},\"primaryImageOfPage\":{\"@id\":\"https:\/\/fittwear.nl\/product\/sculpt-melange-legging-blauw\/#primaryimage\"},\"image\":{\"@id\":\"https:\/\/fittwear.nl\/product\/sculpt-melange-legging-blauw\/#primaryimage\"},\"thumbnailUrl\":\"https:\/\/fittwear.nl\/wp-content\/uploads\/2020\/08\/sculpt-blauw_Onderkant-achter_jpg_2-1.jpg\",\"datePublished\":\"2020-08-31T11:04:08+00:00\",\"dateModified\":\"2026-04-26T12:27:15+00:00\",\"description\":\"Deze legging heeft een contrasterende hoge tailleband en is gemaakt in een naadloze vochtafdrijvende technische stof en garandeert bij elke sport comfort en bewegingsvrijheid. De body sculpting desingdetails dragen bij aan het verfijnen van het silhouet. Model Donna is 1.82m en draagt maat M.\",\"breadcrumb\":{\"@id\":\"https:\/\/fittwear.nl\/product\/sculpt-melange-legging-blauw\/#breadcrumb\"},\"inLanguage\":\"de\",\"potentialAction\":[{\"@type\":\"ReadAction\",\"target\":[\"https:\/\/fittwear.nl\/product\/sculpt-melange-legging-blauw\/\"]}]},{\"@type\":\"ImageObject\",\"inLanguage\":\"de\",\"@id\":\"https:\/\/fittwear.nl\/product\/sculpt-melange-legging-blauw\/#primaryimage\",\"url\":\"https:\/\/fittwear.nl\/wp-content\/uploads\/2020\/08\/sculpt-blauw_Onderkant-achter_jpg_2-1.jpg\",\"contentUrl\":\"https:\/\/fittwear.nl\/wp-content\/uploads\/2020\/08\/sculpt-blauw_Onderkant-achter_jpg_2-1.jpg\",\"width\":1200,\"height\":1800},{\"@type\":\"BreadcrumbList\",\"@id\":\"https:\/\/fittwear.nl\/product\/sculpt-melange-legging-blauw\/#breadcrumb\",\"itemListElement\":[{\"@type\":\"ListItem\",\"position\":1,\"name\":\"Home\",\"item\":\"https:\/\/fittwear.nl\/\"},{\"@type\":\"ListItem\",\"position\":2,\"name\":\"Shop\",\"item\":\"https:\/\/fittwear.nl\/shop\/\"},{\"@type\":\"ListItem\",\"position\":3,\"name\":\"Sculpt Melange Legging blauw\"}]},{\"@type\":\"WebSite\",\"@id\":\"https:\/\/fittwear.nl\/#website\",\"url\":\"https:\/\/fittwear.nl\/\",\"name\":\"FITTwear.nl\",\"description\":\"Time to shine!\",\"publisher\":{\"@id\":\"https:\/\/fittwear.nl\/#organization\"},\"potentialAction\":[{\"@type\":\"SearchAction\",\"target\":{\"@type\":\"EntryPoint\",\"urlTemplate\":\"https:\/\/fittwear.nl\/?s={search_term_string}\"},\"query-input\":{\"@type\":\"PropertyValueSpecification\",\"valueRequired\":true,\"valueName\":\"search_term_string\"}}],\"inLanguage\":\"de\"},{\"@type\":\"Organization\",\"@id\":\"https:\/\/fittwear.nl\/#organization\",\"name\":\"FITTwear.nl\",\"url\":\"https:\/\/fittwear.nl\/\",\"logo\":{\"@type\":\"ImageObject\",\"inLanguage\":\"de\",\"@id\":\"https:\/\/fittwear.nl\/#\/schema\/logo\/image\/\",\"url\":\"https:\/\/fittwear.nl\/wp-content\/uploads\/2024\/07\/FITT-Logo-BeYOUtiful-website-homepage_Tekengebied-1-scaled.jpg\",\"contentUrl\":\"https:\/\/fittwear.nl\/wp-content\/uploads\/2024\/07\/FITT-Logo-BeYOUtiful-website-homepage_Tekengebied-1-scaled.jpg\",\"width\":2560,\"height\":599,\"caption\":\"FITTwear.nl\"},\"image\":{\"@id\":\"https:\/\/fittwear.nl\/#\/schema\/logo\/image\/\"}}]}<\/script>\n<!-- \/ Yoast SEO plugin. -->","yoast_head_json":{"title":"Sculpt Melange Legging blau - FITTwear.de","description":"Die Leggings aus nahtlosem, feuchtigkeitsableitendem, technischem Material haben einen kontrastierenden, hohen Bund und garantieren Komfort und Bewegungsfreiheit bei jeder Sportart. Die k\u00f6rperformenden Designdetails helfen, die Silhouette zu verfeinern.  Model Donna ist 1,82m gro\u00df und tr\u00e4gt Gr\u00f6\u00dfe M.","robots":{"index":"index","follow":"follow","max-snippet":"max-snippet:-1","max-image-preview":"max-image-preview:large","max-video-preview":"max-video-preview:-1"},"canonical":"https:\/\/fittwear.nl\/de\/produkt-2\/sculpt-melange-legging-blue\/","og_locale":"de_DE","og_type":"article","og_title":"Sculpt Melange Legging blauw - FITTwear.nl","og_description":"Deze legging heeft een contrasterende hoge tailleband en is gemaakt in een naadloze vochtafdrijvende technische stof en garandeert bij elke sport comfort en bewegingsvrijheid. De body sculpting desingdetails dragen bij aan het verfijnen van het silhouet.  Model Donna is 1.82m en draagt maat M.","og_url":"https:\/\/fittwear.nl\/de\/produkt-2\/sculpt-melange-legging-blue\/","og_site_name":"FITTwear.nl","article_modified_time":"2026-04-26T12:27:15+00:00","og_image":[{"width":1200,"height":1800,"url":"https:\/\/fittwear.nl\/wp-content\/uploads\/2020\/08\/sculpt-blauw_Onderkant-achter_jpg_2-1.jpg","type":"image\/jpeg"}],"twitter_card":"summary_large_image","schema":{"@context":"https:\/\/schema.org","@graph":[{"@type":"WebPage","@id":"https:\/\/fittwear.nl\/product\/sculpt-melange-legging-blauw\/","url":"https:\/\/fittwear.nl\/product\/sculpt-melange-legging-blauw\/","name":"Sculpt Melange Legging blau - FITTwear.de","isPartOf":{"@id":"https:\/\/fittwear.nl\/#website"},"primaryImageOfPage":{"@id":"https:\/\/fittwear.nl\/product\/sculpt-melange-legging-blauw\/#primaryimage"},"image":{"@id":"https:\/\/fittwear.nl\/product\/sculpt-melange-legging-blauw\/#primaryimage"},"thumbnailUrl":"https:\/\/fittwear.nl\/wp-content\/uploads\/2020\/08\/sculpt-blauw_Onderkant-achter_jpg_2-1.jpg","datePublished":"2020-08-31T11:04:08+00:00","dateModified":"2026-04-26T12:27:15+00:00","description":"Diese Leggings aus nahtlosem, feuchtigkeitsableitendem, technischem Material hat einen kontrastierenden hohen Bund und garantiert Komfort und Bewegungsfreiheit bei jeder Sportart. Die k\u00f6rperformenden Designdetails helfen, die Silhouette zu verfeinern. Model Donna ist 1,82m gro\u00df und tr\u00e4gt Gr\u00f6\u00dfe M.","breadcrumb":{"@id":"https:\/\/fittwear.nl\/product\/sculpt-melange-legging-blauw\/#breadcrumb"},"inLanguage":"de","potentialAction":[{"@type":"ReadAction","target":["https:\/\/fittwear.nl\/product\/sculpt-melange-legging-blauw\/"]}]},{"@type":"ImageObject","inLanguage":"de","@id":"https:\/\/fittwear.nl\/product\/sculpt-melange-legging-blauw\/#primaryimage","url":"https:\/\/fittwear.nl\/wp-content\/uploads\/2020\/08\/sculpt-blauw_Onderkant-achter_jpg_2-1.jpg","contentUrl":"https:\/\/fittwear.nl\/wp-content\/uploads\/2020\/08\/sculpt-blauw_Onderkant-achter_jpg_2-1.jpg","width":1200,"height":1800},{"@type":"BreadcrumbList","@id":"https:\/\/fittwear.nl\/product\/sculpt-melange-legging-blauw\/#breadcrumb","itemListElement":[{"@type":"ListItem","position":1,"name":"Home","item":"https:\/\/fittwear.nl\/"},{"@type":"ListItem","position":2,"name":"Shop","item":"https:\/\/fittwear.nl\/shop\/"},{"@type":"ListItem","position":3,"name":"Sculpt Melange Legging blauw"}]},{"@type":"WebSite","@id":"https:\/\/fittwear.nl\/#website","url":"https:\/\/fittwear.nl\/","name":"FITTwear.co.uk","description":"Zeit zu gl\u00e4nzen!","publisher":{"@id":"https:\/\/fittwear.nl\/#organization"},"potentialAction":[{"@type":"SearchAction","target":{"@type":"EntryPoint","urlTemplate":"https:\/\/fittwear.nl\/?s={search_term_string}"},"query-input":{"@type":"PropertyValueSpecification","valueRequired":true,"valueName":"search_term_string"}}],"inLanguage":"de"},{"@type":"Organization","@id":"https:\/\/fittwear.nl\/#organization","name":"FITTwear.co.uk","url":"https:\/\/fittwear.nl\/","logo":{"@type":"ImageObject","inLanguage":"de","@id":"https:\/\/fittwear.nl\/#\/schema\/logo\/image\/","url":"https:\/\/fittwear.nl\/wp-content\/uploads\/2024\/07\/FITT-Logo-BeYOUtiful-website-homepage_Tekengebied-1-scaled.jpg","contentUrl":"https:\/\/fittwear.nl\/wp-content\/uploads\/2024\/07\/FITT-Logo-BeYOUtiful-website-homepage_Tekengebied-1-scaled.jpg","width":2560,"height":599,"caption":"FITTwear.nl"},"image":{"@id":"https:\/\/fittwear.nl\/#\/schema\/logo\/image\/"}}]}},"_links":{"self":[{"href":"https:\/\/fittwear.nl\/de\/wp-json\/wp\/v2\/product\/2846","targetHints":{"allow":["GET"]}}],"collection":[{"href":"https:\/\/fittwear.nl\/de\/wp-json\/wp\/v2\/product"}],"about":[{"href":"https:\/\/fittwear.nl\/de\/wp-json\/wp\/v2\/types\/product"}],"wp:featuredmedia":[{"embeddable":true,"href":"https:\/\/fittwear.nl\/de\/wp-json\/wp\/v2\/media\/6062"}],"wp:attachment":[{"href":"https:\/\/fittwear.nl\/de\/wp-json\/wp\/v2\/media?parent=2846"}],"wp:term":[{"taxonomy":"product_brand","embeddable":true,"href":"https:\/\/fittwear.nl\/de\/wp-json\/wp\/v2\/product_brand?post=2846"},{"taxonomy":"product_cat","embeddable":true,"href":"https:\/\/fittwear.nl\/de\/wp-json\/wp\/v2\/product_cat?post=2846"},{"taxonomy":"product_tag","embeddable":true,"href":"https:\/\/fittwear.nl\/de\/wp-json\/wp\/v2\/product_tag?post=2846"}],"curies":[{"name":"wp","href":"https:\/\/api.w.org\/{rel}","templated":true}]}}