{"id":28587,"date":"2022-03-30T13:06:01","date_gmt":"2022-03-30T11:06:01","guid":{"rendered":"https:\/\/fittwear.nl\/?post_type=product&#038;p=28587"},"modified":"2026-05-02T23:28:47","modified_gmt":"2026-05-02T21:28:47","slug":"knautschen-legging-blau","status":"publish","type":"product","link":"https:\/\/fittwear.nl\/de\/product\/scrunch-legging-blue\/","title":{"rendered":"Scrunch Legging Blau"},"content":{"rendered":"<p>&#8211; Seamless High Waist legging<\/p>\n<p>&#8211; Met scrunch achter<\/p>\n<p>&#8211; Accentueert je rondingen<\/p>\n<p>&#8211; Bedrukt logo op de achterkant van de legging<\/p>\n<p>&#8211; Zachte aanvoelend seamless stof<\/p>\n<p>&#8211; Strakke tailleband waardoor de legging niet afzakt<\/p>\n<p>- Gute Kompression<\/p>\n<p>&#8211; Stretchy materiaal zodat hij mooi aansluit op jouw lichaam.<\/p>\n<p>- 90% Nylon, 10% Elasthan<\/p>\n<p>- Waschbar bis zu 30\u00b0<\/p>\n<p>- Farbe: Blau<\/p>\n<p>- Model Doete ist 1,76m gro\u00df und tr\u00e4gt Gr\u00f6\u00dfe S<\/p>","protected":false},"excerpt":{"rendered":"<p><strong>Gr\u00f6\u00dfe: Die Leggings f\u00e4llt gr\u00f6\u00dfengerecht aus.\u00a0<\/strong><\/p>\n<p>Bitte beachten Sie, dass diese Leggings nicht mehr hergestellt werden und durch die FITT Scrunch Legging Blue ersetzt werden, das gleiche Modell, aber mit einem anderen Druck.<\/p>\n<p>Die blaue nahtlose Scrunch-Leggings von FITT wird Ihr neues Lieblingsst\u00fcck! Mit dem Knittereffekt an der R\u00fcckseite des Ges\u00e4\u00dfes wird die Leggings Ihre Kurven sch\u00f6n betonen. Die Leggings f\u00fchlt sich weich an, ist super dehnbar und bietet eine gute Kompression. Dank des festen Bundes bleibt die Leggings beim Sport an Ort und Stelle. Kurzum, ein echtes Must-Have f\u00fcr jedes FITTgirl! Die Leggings sind in verschiedenen Farben erh\u00e4ltlich. F\u00fchlen Sie sich gro\u00dfartig und bringen Sie mehr Leistung in FITT-Sportbekleidung.<\/p>\n<p><strong>Model Doete ist 1,76m gro\u00df und tr\u00e4gt Gr\u00f6\u00dfe S. \u00a0<\/strong><\/p>\n<p>F\u00fcr ein perfektes Hocke-Erlebnis empfehlen wir einen unsichtbaren Tanga.<\/p>","protected":false},"featured_media":28591,"template":"","meta":{"_acf_changed":false},"product_brand":[],"product_cat":[63,27,86,28,3611,85],"product_tag":[],"class_list":{"0":"post-28587","1":"product","2":"type-product","3":"status-publish","4":"has-post-thumbnail","6":"product_cat-curves","7":"product_cat-dames","8":"product_cat-effen","9":"product_cat-leggings","10":"product_cat-scrunch","11":"product_cat-seamless","13":"first","14":"instock","15":"sale","16":"taxable","17":"shipping-taxable","18":"purchasable","19":"product-type-variable","20":"has-default-attributes"},"acf":[],"yoast_head":"<!-- This site is optimized with the Yoast SEO plugin v27.1.1 - https:\/\/yoast.com\/product\/yoast-seo-wordpress\/ -->\n<title>Scrunch Legging Blue - Dames Sportkleding - FITTwear.nl<\/title>\n<meta name=\"description\" content=\"De seamless scrunch legging van FITT zal jouw nieuwe favoriet worden! De legging is zacht, super stretchy en biedt goede compressie.\" \/>\n<meta name=\"robots\" content=\"index, follow, max-snippet:-1, max-image-preview:large, max-video-preview:-1\" \/>\n<link rel=\"canonical\" href=\"https:\/\/fittwear.nl\/de\/produkt-2\/knautschen-legging-blau\/\" \/>\n<meta property=\"og:locale\" content=\"de_DE\" \/>\n<meta property=\"og:type\" content=\"article\" \/>\n<meta property=\"og:title\" content=\"Scrunch Legging Blue - Dames Sportkleding - FITTwear.nl\" \/>\n<meta property=\"og:description\" content=\"De seamless scrunch legging van FITT zal jouw nieuwe favoriet worden! De legging is zacht, super stretchy en biedt goede compressie.\" \/>\n<meta property=\"og:url\" content=\"https:\/\/fittwear.nl\/de\/produkt-2\/knautschen-legging-blau\/\" \/>\n<meta property=\"og:site_name\" content=\"FITTwear.nl\" \/>\n<meta property=\"article:modified_time\" content=\"2026-05-02T21:28:47+00:00\" \/>\n<meta property=\"og:image\" content=\"https:\/\/fittwear.nl\/wp-content\/uploads\/2022\/03\/contour-blauw_legging-voor_jpg_4.jpg\" \/>\n\t<meta property=\"og:image:width\" content=\"1559\" \/>\n\t<meta property=\"og:image:height\" content=\"2339\" \/>\n\t<meta property=\"og:image:type\" content=\"image\/jpeg\" \/>\n<meta name=\"twitter:card\" content=\"summary_large_image\" \/>\n<meta name=\"twitter:label1\" content=\"Gesch\u00e4tzte Lesezeit\" \/>\n\t<meta name=\"twitter:data1\" content=\"1\u00a0Minute\" \/>\n<script type=\"application\/ld+json\" class=\"yoast-schema-graph\">{\"@context\":\"https:\/\/schema.org\",\"@graph\":[{\"@type\":\"WebPage\",\"@id\":\"https:\/\/fittwear.nl\/product\/scrunch-legging-blue\/\",\"url\":\"https:\/\/fittwear.nl\/product\/scrunch-legging-blue\/\",\"name\":\"Scrunch Legging Blue - Dames Sportkleding - FITTwear.nl\",\"isPartOf\":{\"@id\":\"https:\/\/fittwear.nl\/#website\"},\"primaryImageOfPage\":{\"@id\":\"https:\/\/fittwear.nl\/product\/scrunch-legging-blue\/#primaryimage\"},\"image\":{\"@id\":\"https:\/\/fittwear.nl\/product\/scrunch-legging-blue\/#primaryimage\"},\"thumbnailUrl\":\"https:\/\/fittwear.nl\/wp-content\/uploads\/2022\/03\/contour-blauw_legging-voor_jpg_4.jpg\",\"datePublished\":\"2022-03-30T11:06:01+00:00\",\"dateModified\":\"2026-05-02T21:28:47+00:00\",\"description\":\"De seamless scrunch legging van FITT zal jouw nieuwe favoriet worden! De legging is zacht, super stretchy en biedt goede compressie.\",\"breadcrumb\":{\"@id\":\"https:\/\/fittwear.nl\/product\/scrunch-legging-blue\/#breadcrumb\"},\"inLanguage\":\"de\",\"potentialAction\":[{\"@type\":\"ReadAction\",\"target\":[\"https:\/\/fittwear.nl\/product\/scrunch-legging-blue\/\"]}]},{\"@type\":\"ImageObject\",\"inLanguage\":\"de\",\"@id\":\"https:\/\/fittwear.nl\/product\/scrunch-legging-blue\/#primaryimage\",\"url\":\"https:\/\/fittwear.nl\/wp-content\/uploads\/2022\/03\/contour-blauw_legging-voor_jpg_4.jpg\",\"contentUrl\":\"https:\/\/fittwear.nl\/wp-content\/uploads\/2022\/03\/contour-blauw_legging-voor_jpg_4.jpg\",\"width\":1559,\"height\":2339,\"caption\":\"Scrunch legging Blauw\"},{\"@type\":\"BreadcrumbList\",\"@id\":\"https:\/\/fittwear.nl\/product\/scrunch-legging-blue\/#breadcrumb\",\"itemListElement\":[{\"@type\":\"ListItem\",\"position\":1,\"name\":\"Home\",\"item\":\"https:\/\/fittwear.nl\/\"},{\"@type\":\"ListItem\",\"position\":2,\"name\":\"Shop\",\"item\":\"https:\/\/fittwear.nl\/shop\/\"},{\"@type\":\"ListItem\",\"position\":3,\"name\":\"Scrunch Legging Blue\"}]},{\"@type\":\"WebSite\",\"@id\":\"https:\/\/fittwear.nl\/#website\",\"url\":\"https:\/\/fittwear.nl\/\",\"name\":\"FITTwear.nl\",\"description\":\"Time to shine!\",\"publisher\":{\"@id\":\"https:\/\/fittwear.nl\/#organization\"},\"potentialAction\":[{\"@type\":\"SearchAction\",\"target\":{\"@type\":\"EntryPoint\",\"urlTemplate\":\"https:\/\/fittwear.nl\/?s={search_term_string}\"},\"query-input\":{\"@type\":\"PropertyValueSpecification\",\"valueRequired\":true,\"valueName\":\"search_term_string\"}}],\"inLanguage\":\"de\"},{\"@type\":\"Organization\",\"@id\":\"https:\/\/fittwear.nl\/#organization\",\"name\":\"FITTwear.nl\",\"url\":\"https:\/\/fittwear.nl\/\",\"logo\":{\"@type\":\"ImageObject\",\"inLanguage\":\"de\",\"@id\":\"https:\/\/fittwear.nl\/#\/schema\/logo\/image\/\",\"url\":\"https:\/\/fittwear.nl\/wp-content\/uploads\/2024\/07\/FITT-Logo-BeYOUtiful-website-homepage_Tekengebied-1-scaled.jpg\",\"contentUrl\":\"https:\/\/fittwear.nl\/wp-content\/uploads\/2024\/07\/FITT-Logo-BeYOUtiful-website-homepage_Tekengebied-1-scaled.jpg\",\"width\":2560,\"height\":599,\"caption\":\"FITTwear.nl\"},\"image\":{\"@id\":\"https:\/\/fittwear.nl\/#\/schema\/logo\/image\/\"}}]}<\/script>\n<!-- \/ Yoast SEO plugin. -->","yoast_head_json":{"title":"Scrunch Legging Blau - Sportbekleidung f\u00fcr Frauen - FITTwear.nl","description":"Die nahtlosen Scrunch-Leggings von FITT werden Ihr neues Lieblingsst\u00fcck! Die Leggings sind weich, super dehnbar und bieten eine gute Kompression.","robots":{"index":"index","follow":"follow","max-snippet":"max-snippet:-1","max-image-preview":"max-image-preview:large","max-video-preview":"max-video-preview:-1"},"canonical":"https:\/\/fittwear.nl\/de\/produkt-2\/knautschen-legging-blau\/","og_locale":"de_DE","og_type":"article","og_title":"Scrunch Legging Blue - Dames Sportkleding - FITTwear.nl","og_description":"De seamless scrunch legging van FITT zal jouw nieuwe favoriet worden! De legging is zacht, super stretchy en biedt goede compressie.","og_url":"https:\/\/fittwear.nl\/de\/produkt-2\/knautschen-legging-blau\/","og_site_name":"FITTwear.nl","article_modified_time":"2026-05-02T21:28:47+00:00","og_image":[{"width":1559,"height":2339,"url":"https:\/\/fittwear.nl\/wp-content\/uploads\/2022\/03\/contour-blauw_legging-voor_jpg_4.jpg","type":"image\/jpeg"}],"twitter_card":"summary_large_image","twitter_misc":{"Gesch\u00e4tzte Lesezeit":"1\u00a0Minute"},"schema":{"@context":"https:\/\/schema.org","@graph":[{"@type":"WebPage","@id":"https:\/\/fittwear.nl\/product\/scrunch-legging-blue\/","url":"https:\/\/fittwear.nl\/product\/scrunch-legging-blue\/","name":"Scrunch Legging Blau - Sportbekleidung f\u00fcr Frauen - FITTwear.nl","isPartOf":{"@id":"https:\/\/fittwear.nl\/#website"},"primaryImageOfPage":{"@id":"https:\/\/fittwear.nl\/product\/scrunch-legging-blue\/#primaryimage"},"image":{"@id":"https:\/\/fittwear.nl\/product\/scrunch-legging-blue\/#primaryimage"},"thumbnailUrl":"https:\/\/fittwear.nl\/wp-content\/uploads\/2022\/03\/contour-blauw_legging-voor_jpg_4.jpg","datePublished":"2022-03-30T11:06:01+00:00","dateModified":"2026-05-02T21:28:47+00:00","description":"Die nahtlosen Scrunch-Leggings von FITT werden Ihr neues Lieblingsst\u00fcck! Die Leggings sind weich, super dehnbar und bieten eine gute Kompression.","breadcrumb":{"@id":"https:\/\/fittwear.nl\/product\/scrunch-legging-blue\/#breadcrumb"},"inLanguage":"de","potentialAction":[{"@type":"ReadAction","target":["https:\/\/fittwear.nl\/product\/scrunch-legging-blue\/"]}]},{"@type":"ImageObject","inLanguage":"de","@id":"https:\/\/fittwear.nl\/product\/scrunch-legging-blue\/#primaryimage","url":"https:\/\/fittwear.nl\/wp-content\/uploads\/2022\/03\/contour-blauw_legging-voor_jpg_4.jpg","contentUrl":"https:\/\/fittwear.nl\/wp-content\/uploads\/2022\/03\/contour-blauw_legging-voor_jpg_4.jpg","width":1559,"height":2339,"caption":"Scrunch legging Blauw"},{"@type":"BreadcrumbList","@id":"https:\/\/fittwear.nl\/product\/scrunch-legging-blue\/#breadcrumb","itemListElement":[{"@type":"ListItem","position":1,"name":"Home","item":"https:\/\/fittwear.nl\/"},{"@type":"ListItem","position":2,"name":"Shop","item":"https:\/\/fittwear.nl\/shop\/"},{"@type":"ListItem","position":3,"name":"Scrunch Legging Blue"}]},{"@type":"WebSite","@id":"https:\/\/fittwear.nl\/#website","url":"https:\/\/fittwear.nl\/","name":"FITTwear.co.uk","description":"Zeit zu gl\u00e4nzen!","publisher":{"@id":"https:\/\/fittwear.nl\/#organization"},"potentialAction":[{"@type":"SearchAction","target":{"@type":"EntryPoint","urlTemplate":"https:\/\/fittwear.nl\/?s={search_term_string}"},"query-input":{"@type":"PropertyValueSpecification","valueRequired":true,"valueName":"search_term_string"}}],"inLanguage":"de"},{"@type":"Organization","@id":"https:\/\/fittwear.nl\/#organization","name":"FITTwear.co.uk","url":"https:\/\/fittwear.nl\/","logo":{"@type":"ImageObject","inLanguage":"de","@id":"https:\/\/fittwear.nl\/#\/schema\/logo\/image\/","url":"https:\/\/fittwear.nl\/wp-content\/uploads\/2024\/07\/FITT-Logo-BeYOUtiful-website-homepage_Tekengebied-1-scaled.jpg","contentUrl":"https:\/\/fittwear.nl\/wp-content\/uploads\/2024\/07\/FITT-Logo-BeYOUtiful-website-homepage_Tekengebied-1-scaled.jpg","width":2560,"height":599,"caption":"FITTwear.nl"},"image":{"@id":"https:\/\/fittwear.nl\/#\/schema\/logo\/image\/"}}]}},"_links":{"self":[{"href":"https:\/\/fittwear.nl\/de\/wp-json\/wp\/v2\/product\/28587","targetHints":{"allow":["GET"]}}],"collection":[{"href":"https:\/\/fittwear.nl\/de\/wp-json\/wp\/v2\/product"}],"about":[{"href":"https:\/\/fittwear.nl\/de\/wp-json\/wp\/v2\/types\/product"}],"wp:featuredmedia":[{"embeddable":true,"href":"https:\/\/fittwear.nl\/de\/wp-json\/wp\/v2\/media\/28591"}],"wp:attachment":[{"href":"https:\/\/fittwear.nl\/de\/wp-json\/wp\/v2\/media?parent=28587"}],"wp:term":[{"taxonomy":"product_brand","embeddable":true,"href":"https:\/\/fittwear.nl\/de\/wp-json\/wp\/v2\/product_brand?post=28587"},{"taxonomy":"product_cat","embeddable":true,"href":"https:\/\/fittwear.nl\/de\/wp-json\/wp\/v2\/product_cat?post=28587"},{"taxonomy":"product_tag","embeddable":true,"href":"https:\/\/fittwear.nl\/de\/wp-json\/wp\/v2\/product_tag?post=28587"}],"curies":[{"name":"wp","href":"https:\/\/api.w.org\/{rel}","templated":true}]}}