{"id":2864,"date":"2020-08-31T13:25:07","date_gmt":"2020-08-31T11:25:07","guid":{"rendered":"http:\/\/fitt-shop.nl\/?post_type=product&#038;p=2864"},"modified":"2026-04-26T14:27:31","modified_gmt":"2026-04-26T12:27:31","slug":"effekt-nahtlos-bh-kupfer","status":"publish","type":"product","link":"https:\/\/fittwear.nl\/de\/product\/effect-seamless-bh-koper\/","title":{"rendered":"Effekt Nahtloser BH Kupfer"},"content":{"rendered":"<p>&#8211; Sport bh seamless<\/p>\n<p>&#8211; Uitneembare padding<\/p>\n<p>&#8211; Vormverbeterende effecten<\/p>\n<p>&#8211; 94% nylon, 6% elastaan<\/p>\n<p>&#8211; 350 grams<\/p>\n<p>- Waschbar bis zu 40\u00b0<\/p>\n<p>&#8211; Medium impact<\/p>\n<p>&#8211; Kleur: Copper<\/p>\n<p>&#8211; Model Manouk is 1.77m en draagt maat S<\/p>","protected":false},"excerpt":{"rendered":"<p>Dieser nahtlose Sport-BH verf\u00fcgt \u00fcber herausnehmbare, vorgeformte Polster und ist mit formgebenden Effekten ausgestattet, die es Ihnen erm\u00f6glichen, bequem und stilvoll zu performen.<\/p>\n<p><strong>Model Manouk ist 1,77m gro\u00df und tr\u00e4gt Gr\u00f6\u00dfe S.<\/strong><\/p>","protected":false},"featured_media":26048,"template":"","meta":{"_acf_changed":false},"product_brand":[],"product_cat":[63,27,88,89,52],"product_tag":[104],"class_list":{"0":"post-2864","1":"product","2":"type-product","3":"status-publish","4":"has-post-thumbnail","6":"product_cat-curves","7":"product_cat-dames","8":"product_cat-effen-sport-bhs","9":"product_cat-seamless-sport-bhs","10":"product_cat-sport-bhs","11":"product_tag-sport-bh-seamless","13":"first","14":"instock","15":"taxable","16":"shipping-taxable","17":"purchasable","18":"product-type-variable","19":"has-default-attributes"},"acf":[],"yoast_head":"<!-- This site is optimized with the Yoast SEO plugin v27.1.1 - https:\/\/yoast.com\/product\/yoast-seo-wordpress\/ -->\n<title>Effect Seamless BH Copper - Dames Sport Bh&#039;s - FITTwear.nl<\/title>\n<meta name=\"description\" content=\"Deze naadloze sportbeha is voorzien van uitneembare voorgevormde padding en is afgewerkt met vorm verbeterende effecten die het mogelijk maken om in comfort en stijl te presteren.  Model Manouk is 1.77m en draagt maat S.\" \/>\n<meta name=\"robots\" content=\"index, follow, max-snippet:-1, max-image-preview:large, max-video-preview:-1\" \/>\n<link rel=\"canonical\" href=\"https:\/\/fittwear.nl\/de\/produkt-2\/effekt-nahtlos-bh-kupfer\/\" \/>\n<meta property=\"og:locale\" content=\"de_DE\" \/>\n<meta property=\"og:type\" content=\"article\" \/>\n<meta property=\"og:title\" content=\"Effect Seamless BH Copper - Dames Sport Bh&#039;s - FITTwear.nl\" \/>\n<meta property=\"og:description\" content=\"Deze naadloze sportbeha is voorzien van uitneembare voorgevormde padding en is afgewerkt met vorm verbeterende effecten die het mogelijk maken om in comfort en stijl te presteren.  Model Manouk is 1.77m en draagt maat S.\" \/>\n<meta property=\"og:url\" content=\"https:\/\/fittwear.nl\/de\/produkt-2\/effekt-nahtlos-bh-kupfer\/\" \/>\n<meta property=\"og:site_name\" content=\"FITTwear.nl\" \/>\n<meta property=\"article:modified_time\" content=\"2026-04-26T12:27:31+00:00\" \/>\n<meta property=\"og:image\" content=\"https:\/\/fittwear.nl\/wp-content\/uploads\/2020\/08\/koper-set_Voorkant-boven_jpg_4.jpg\" \/>\n\t<meta property=\"og:image:width\" content=\"1417\" \/>\n\t<meta property=\"og:image:height\" content=\"2126\" \/>\n\t<meta property=\"og:image:type\" content=\"image\/jpeg\" \/>\n<meta name=\"twitter:card\" content=\"summary_large_image\" \/>\n<meta name=\"twitter:label1\" content=\"Gesch\u00e4tzte Lesezeit\" \/>\n\t<meta name=\"twitter:data1\" content=\"1\u00a0Minute\" \/>\n<script type=\"application\/ld+json\" class=\"yoast-schema-graph\">{\"@context\":\"https:\/\/schema.org\",\"@graph\":[{\"@type\":\"WebPage\",\"@id\":\"https:\/\/fittwear.nl\/product\/effect-seamless-bh-koper\/\",\"url\":\"https:\/\/fittwear.nl\/product\/effect-seamless-bh-koper\/\",\"name\":\"Effect Seamless BH Copper - Dames Sport Bh's - FITTwear.nl\",\"isPartOf\":{\"@id\":\"https:\/\/fittwear.nl\/#website\"},\"primaryImageOfPage\":{\"@id\":\"https:\/\/fittwear.nl\/product\/effect-seamless-bh-koper\/#primaryimage\"},\"image\":{\"@id\":\"https:\/\/fittwear.nl\/product\/effect-seamless-bh-koper\/#primaryimage\"},\"thumbnailUrl\":\"https:\/\/fittwear.nl\/wp-content\/uploads\/2020\/08\/koper-set_Voorkant-boven_jpg_4.jpg\",\"datePublished\":\"2020-08-31T11:25:07+00:00\",\"dateModified\":\"2026-04-26T12:27:31+00:00\",\"description\":\"Deze naadloze sportbeha is voorzien van uitneembare voorgevormde padding en is afgewerkt met vorm verbeterende effecten die het mogelijk maken om in comfort en stijl te presteren. Model Manouk is 1.77m en draagt maat S.\",\"breadcrumb\":{\"@id\":\"https:\/\/fittwear.nl\/product\/effect-seamless-bh-koper\/#breadcrumb\"},\"inLanguage\":\"de\",\"potentialAction\":[{\"@type\":\"ReadAction\",\"target\":[\"https:\/\/fittwear.nl\/product\/effect-seamless-bh-koper\/\"]}]},{\"@type\":\"ImageObject\",\"inLanguage\":\"de\",\"@id\":\"https:\/\/fittwear.nl\/product\/effect-seamless-bh-koper\/#primaryimage\",\"url\":\"https:\/\/fittwear.nl\/wp-content\/uploads\/2020\/08\/koper-set_Voorkant-boven_jpg_4.jpg\",\"contentUrl\":\"https:\/\/fittwear.nl\/wp-content\/uploads\/2020\/08\/koper-set_Voorkant-boven_jpg_4.jpg\",\"width\":1417,\"height\":2126},{\"@type\":\"BreadcrumbList\",\"@id\":\"https:\/\/fittwear.nl\/product\/effect-seamless-bh-koper\/#breadcrumb\",\"itemListElement\":[{\"@type\":\"ListItem\",\"position\":1,\"name\":\"Home\",\"item\":\"https:\/\/fittwear.nl\/\"},{\"@type\":\"ListItem\",\"position\":2,\"name\":\"Shop\",\"item\":\"https:\/\/fittwear.nl\/shop\/\"},{\"@type\":\"ListItem\",\"position\":3,\"name\":\"Effect Seamless BH Copper\"}]},{\"@type\":\"WebSite\",\"@id\":\"https:\/\/fittwear.nl\/#website\",\"url\":\"https:\/\/fittwear.nl\/\",\"name\":\"FITTwear.nl\",\"description\":\"Time to shine!\",\"publisher\":{\"@id\":\"https:\/\/fittwear.nl\/#organization\"},\"potentialAction\":[{\"@type\":\"SearchAction\",\"target\":{\"@type\":\"EntryPoint\",\"urlTemplate\":\"https:\/\/fittwear.nl\/?s={search_term_string}\"},\"query-input\":{\"@type\":\"PropertyValueSpecification\",\"valueRequired\":true,\"valueName\":\"search_term_string\"}}],\"inLanguage\":\"de\"},{\"@type\":\"Organization\",\"@id\":\"https:\/\/fittwear.nl\/#organization\",\"name\":\"FITTwear.nl\",\"url\":\"https:\/\/fittwear.nl\/\",\"logo\":{\"@type\":\"ImageObject\",\"inLanguage\":\"de\",\"@id\":\"https:\/\/fittwear.nl\/#\/schema\/logo\/image\/\",\"url\":\"https:\/\/fittwear.nl\/wp-content\/uploads\/2024\/07\/FITT-Logo-BeYOUtiful-website-homepage_Tekengebied-1-scaled.jpg\",\"contentUrl\":\"https:\/\/fittwear.nl\/wp-content\/uploads\/2024\/07\/FITT-Logo-BeYOUtiful-website-homepage_Tekengebied-1-scaled.jpg\",\"width\":2560,\"height\":599,\"caption\":\"FITTwear.nl\"},\"image\":{\"@id\":\"https:\/\/fittwear.nl\/#\/schema\/logo\/image\/\"}}]}<\/script>\n<!-- \/ Yoast SEO plugin. -->","yoast_head_json":{"title":"Effect Seamless Bra Copper - Sport-BHs f\u00fcr Frauen - FITTwear.nl","description":"Dieser nahtlose Sport-BH verf\u00fcgt \u00fcber herausnehmbare, vorgeformte Polster und ist mit formgebenden Effekten ausgestattet, die es Ihnen erm\u00f6glichen, bequem und stilvoll zu performen.  Model Manouk ist 1,77m gro\u00df und tr\u00e4gt Gr\u00f6\u00dfe S.","robots":{"index":"index","follow":"follow","max-snippet":"max-snippet:-1","max-image-preview":"max-image-preview:large","max-video-preview":"max-video-preview:-1"},"canonical":"https:\/\/fittwear.nl\/de\/produkt-2\/effekt-nahtlos-bh-kupfer\/","og_locale":"de_DE","og_type":"article","og_title":"Effect Seamless BH Copper - Dames Sport Bh's - FITTwear.nl","og_description":"Deze naadloze sportbeha is voorzien van uitneembare voorgevormde padding en is afgewerkt met vorm verbeterende effecten die het mogelijk maken om in comfort en stijl te presteren.  Model Manouk is 1.77m en draagt maat S.","og_url":"https:\/\/fittwear.nl\/de\/produkt-2\/effekt-nahtlos-bh-kupfer\/","og_site_name":"FITTwear.nl","article_modified_time":"2026-04-26T12:27:31+00:00","og_image":[{"width":1417,"height":2126,"url":"https:\/\/fittwear.nl\/wp-content\/uploads\/2020\/08\/koper-set_Voorkant-boven_jpg_4.jpg","type":"image\/jpeg"}],"twitter_card":"summary_large_image","twitter_misc":{"Gesch\u00e4tzte Lesezeit":"1\u00a0Minute"},"schema":{"@context":"https:\/\/schema.org","@graph":[{"@type":"WebPage","@id":"https:\/\/fittwear.nl\/product\/effect-seamless-bh-koper\/","url":"https:\/\/fittwear.nl\/product\/effect-seamless-bh-koper\/","name":"Effect Seamless Bra Copper - Sport-BHs f\u00fcr Frauen - FITTwear.nl","isPartOf":{"@id":"https:\/\/fittwear.nl\/#website"},"primaryImageOfPage":{"@id":"https:\/\/fittwear.nl\/product\/effect-seamless-bh-koper\/#primaryimage"},"image":{"@id":"https:\/\/fittwear.nl\/product\/effect-seamless-bh-koper\/#primaryimage"},"thumbnailUrl":"https:\/\/fittwear.nl\/wp-content\/uploads\/2020\/08\/koper-set_Voorkant-boven_jpg_4.jpg","datePublished":"2020-08-31T11:25:07+00:00","dateModified":"2026-04-26T12:27:31+00:00","description":"Dieser nahtlose Sport-BH verf\u00fcgt \u00fcber herausnehmbare, vorgeformte Polster und ist mit formgebenden Effekten ausgestattet, die es Ihnen erm\u00f6glichen, bequem und stilvoll zu performen. Model Manouk ist 1,77m gro\u00df und tr\u00e4gt Gr\u00f6\u00dfe S.","breadcrumb":{"@id":"https:\/\/fittwear.nl\/product\/effect-seamless-bh-koper\/#breadcrumb"},"inLanguage":"de","potentialAction":[{"@type":"ReadAction","target":["https:\/\/fittwear.nl\/product\/effect-seamless-bh-koper\/"]}]},{"@type":"ImageObject","inLanguage":"de","@id":"https:\/\/fittwear.nl\/product\/effect-seamless-bh-koper\/#primaryimage","url":"https:\/\/fittwear.nl\/wp-content\/uploads\/2020\/08\/koper-set_Voorkant-boven_jpg_4.jpg","contentUrl":"https:\/\/fittwear.nl\/wp-content\/uploads\/2020\/08\/koper-set_Voorkant-boven_jpg_4.jpg","width":1417,"height":2126},{"@type":"BreadcrumbList","@id":"https:\/\/fittwear.nl\/product\/effect-seamless-bh-koper\/#breadcrumb","itemListElement":[{"@type":"ListItem","position":1,"name":"Home","item":"https:\/\/fittwear.nl\/"},{"@type":"ListItem","position":2,"name":"Shop","item":"https:\/\/fittwear.nl\/shop\/"},{"@type":"ListItem","position":3,"name":"Effect Seamless BH Copper"}]},{"@type":"WebSite","@id":"https:\/\/fittwear.nl\/#website","url":"https:\/\/fittwear.nl\/","name":"FITTwear.co.uk","description":"Zeit zu gl\u00e4nzen!","publisher":{"@id":"https:\/\/fittwear.nl\/#organization"},"potentialAction":[{"@type":"SearchAction","target":{"@type":"EntryPoint","urlTemplate":"https:\/\/fittwear.nl\/?s={search_term_string}"},"query-input":{"@type":"PropertyValueSpecification","valueRequired":true,"valueName":"search_term_string"}}],"inLanguage":"de"},{"@type":"Organization","@id":"https:\/\/fittwear.nl\/#organization","name":"FITTwear.co.uk","url":"https:\/\/fittwear.nl\/","logo":{"@type":"ImageObject","inLanguage":"de","@id":"https:\/\/fittwear.nl\/#\/schema\/logo\/image\/","url":"https:\/\/fittwear.nl\/wp-content\/uploads\/2024\/07\/FITT-Logo-BeYOUtiful-website-homepage_Tekengebied-1-scaled.jpg","contentUrl":"https:\/\/fittwear.nl\/wp-content\/uploads\/2024\/07\/FITT-Logo-BeYOUtiful-website-homepage_Tekengebied-1-scaled.jpg","width":2560,"height":599,"caption":"FITTwear.nl"},"image":{"@id":"https:\/\/fittwear.nl\/#\/schema\/logo\/image\/"}}]}},"_links":{"self":[{"href":"https:\/\/fittwear.nl\/de\/wp-json\/wp\/v2\/product\/2864","targetHints":{"allow":["GET"]}}],"collection":[{"href":"https:\/\/fittwear.nl\/de\/wp-json\/wp\/v2\/product"}],"about":[{"href":"https:\/\/fittwear.nl\/de\/wp-json\/wp\/v2\/types\/product"}],"wp:featuredmedia":[{"embeddable":true,"href":"https:\/\/fittwear.nl\/de\/wp-json\/wp\/v2\/media\/26048"}],"wp:attachment":[{"href":"https:\/\/fittwear.nl\/de\/wp-json\/wp\/v2\/media?parent=2864"}],"wp:term":[{"taxonomy":"product_brand","embeddable":true,"href":"https:\/\/fittwear.nl\/de\/wp-json\/wp\/v2\/product_brand?post=2864"},{"taxonomy":"product_cat","embeddable":true,"href":"https:\/\/fittwear.nl\/de\/wp-json\/wp\/v2\/product_cat?post=2864"},{"taxonomy":"product_tag","embeddable":true,"href":"https:\/\/fittwear.nl\/de\/wp-json\/wp\/v2\/product_tag?post=2864"}],"curies":[{"name":"wp","href":"https:\/\/api.w.org\/{rel}","templated":true}]}}