{"id":33658,"date":"2022-05-23T13:19:56","date_gmt":"2022-05-23T11:19:56","guid":{"rendered":"https:\/\/fittwear.nl\/?post_type=product&#038;p=33658"},"modified":"2026-04-03T08:09:00","modified_gmt":"2026-04-03T06:09:00","slug":"kontrast-top-taupe-schwarz","status":"publish","type":"product","link":"https:\/\/fittwear.nl\/de\/product\/contrast-top-taupe-black\/","title":{"rendered":"Kontrasttop Taupe\/Schwarz"},"content":{"rendered":"<p>&#8211; Unieke metallic kleur<\/p>\n<p>&#8211; Met geborduurd logo op de voorkant<\/p>\n<p>&#8211; Langer model<\/p>\n<p>&#8211; Met uitneembare pads<\/p>\n<p>- Hergestellt in Europa<\/p>\n<p>- Hergestellt aus 80% Polyamid, 20% Elastan<\/p>\n<p>- Waschbar bis zu 40\u00b0<\/p>\n<p>- Farbe: Taupe<\/p>","protected":false},"excerpt":{"rendered":"<p>Gr\u00f6\u00dfe: Wir empfehlen, eine Nummer kleiner zu bestellen!<\/p>\n<p>Gl\u00e4nzen Sie mit unserer einzigartigen und trendigen Kontrastlinie! Die Linie wurde speziell von FITT in Europa entworfen und besteht aus Leggings mit hoher Taille und passendem Oberteil, das in 4 Farben erh\u00e4ltlich ist. Die sch\u00f6ne Metallicfarbe Taupe hat kontrastierende schwarze N\u00e4hte. Das Oberteil hat herausnehmbare Pads und kann daher auch ohne BH getragen werden. F\u00fcr welches Kontrastmittel werden Sie sich entscheiden?<\/p>\n<p><strong>Model Doete ist 1,76 und tr\u00e4gt Gr\u00f6\u00dfe XS<\/strong><\/p>","protected":false},"featured_media":33937,"template":"","meta":{"_acf_changed":false},"product_brand":[],"product_cat":[81,4810,63,27,113,79],"product_tag":[],"class_list":{"0":"post-33658","1":"product","2":"type-product","3":"status-publish","4":"has-post-thumbnail","6":"product_cat-crop-tops","7":"product_cat-crop-tops-dames","8":"product_cat-curves","9":"product_cat-dames","10":"product_cat-duurzaam","11":"product_cat-tanktops-dames","13":"first","14":"outofstock","15":"taxable","16":"shipping-taxable","17":"product-type-variable","18":"has-default-attributes"},"acf":[],"yoast_head":"<!-- This site is optimized with the Yoast SEO plugin v27.1.1 - https:\/\/yoast.com\/product\/yoast-seo-wordpress\/ -->\n<title>Contrast Top Taupe\/Black - FITTwear.nl<\/title>\n<meta name=\"description\" content=\"Maatvoering: We raden je aan een maat kleiner te bestellen!  Pak je shine met onze unieke en trendy contrast lijn! De lijn is speciaal ontworpen door FITT in Europa en bestaat uit een high waist legging met bijpassende top die in 4 kleuren verkrijgbaar is. De prachtige metallic taupe kleur heeft contrasterende zwarte naden. De top is voorzien van uitneembare pads en daardoor dus zonder bh te dragen. Voor welke contrast set ga jij?  Model Doete is 1.76 en draagt maat XS\" \/>\n<meta name=\"robots\" content=\"index, follow, max-snippet:-1, max-image-preview:large, max-video-preview:-1\" \/>\n<link rel=\"canonical\" href=\"https:\/\/fittwear.nl\/de\/produkt-2\/kontrast-top-taupe-schwarz\/\" \/>\n<meta property=\"og:locale\" content=\"de_DE\" \/>\n<meta property=\"og:type\" content=\"article\" \/>\n<meta property=\"og:title\" content=\"Contrast Top Taupe\/Black - FITTwear.nl\" \/>\n<meta property=\"og:description\" content=\"Maatvoering: We raden je aan een maat kleiner te bestellen!  Pak je shine met onze unieke en trendy contrast lijn! De lijn is speciaal ontworpen door FITT in Europa en bestaat uit een high waist legging met bijpassende top die in 4 kleuren verkrijgbaar is. De prachtige metallic taupe kleur heeft contrasterende zwarte naden. De top is voorzien van uitneembare pads en daardoor dus zonder bh te dragen. Voor welke contrast set ga jij?  Model Doete is 1.76 en draagt maat XS\" \/>\n<meta property=\"og:url\" content=\"https:\/\/fittwear.nl\/de\/produkt-2\/kontrast-top-taupe-schwarz\/\" \/>\n<meta property=\"og:site_name\" content=\"FITTwear.nl\" \/>\n<meta property=\"article:modified_time\" content=\"2026-04-03T06:09:00+00:00\" \/>\n<meta property=\"og:image\" content=\"https:\/\/fittwear.nl\/wp-content\/uploads\/2022\/05\/contrast-chrome-top_contrast-chrome-legging_top_jpg_3-1.jpg\" \/>\n\t<meta property=\"og:image:width\" content=\"1417\" \/>\n\t<meta property=\"og:image:height\" content=\"2126\" \/>\n\t<meta property=\"og:image:type\" content=\"image\/jpeg\" \/>\n<meta name=\"twitter:card\" content=\"summary_large_image\" \/>\n<meta name=\"twitter:label1\" content=\"Gesch\u00e4tzte Lesezeit\" \/>\n\t<meta name=\"twitter:data1\" content=\"1\u00a0Minute\" \/>\n<script type=\"application\/ld+json\" class=\"yoast-schema-graph\">{\"@context\":\"https:\/\/schema.org\",\"@graph\":[{\"@type\":\"WebPage\",\"@id\":\"https:\/\/fittwear.nl\/product\/contrast-top-taupe-black\/\",\"url\":\"https:\/\/fittwear.nl\/product\/contrast-top-taupe-black\/\",\"name\":\"Contrast Top Taupe\/Black - FITTwear.nl\",\"isPartOf\":{\"@id\":\"https:\/\/fittwear.nl\/#website\"},\"primaryImageOfPage\":{\"@id\":\"https:\/\/fittwear.nl\/product\/contrast-top-taupe-black\/#primaryimage\"},\"image\":{\"@id\":\"https:\/\/fittwear.nl\/product\/contrast-top-taupe-black\/#primaryimage\"},\"thumbnailUrl\":\"https:\/\/fittwear.nl\/wp-content\/uploads\/2022\/05\/contrast-chrome-top_contrast-chrome-legging_top_jpg_3-1.jpg\",\"datePublished\":\"2022-05-23T11:19:56+00:00\",\"dateModified\":\"2026-04-03T06:09:00+00:00\",\"description\":\"Maatvoering: We raden je aan een maat kleiner te bestellen! Pak je shine met onze unieke en trendy contrast lijn! De lijn is speciaal ontworpen door FITT in Europa en bestaat uit een high waist legging met bijpassende top die in 4 kleuren verkrijgbaar is. De prachtige metallic taupe kleur heeft contrasterende zwarte naden. De top is voorzien van uitneembare pads en daardoor dus zonder bh te dragen. Voor welke contrast set ga jij? Model Doete is 1.76 en draagt maat XS\",\"breadcrumb\":{\"@id\":\"https:\/\/fittwear.nl\/product\/contrast-top-taupe-black\/#breadcrumb\"},\"inLanguage\":\"de\",\"potentialAction\":[{\"@type\":\"ReadAction\",\"target\":[\"https:\/\/fittwear.nl\/product\/contrast-top-taupe-black\/\"]}]},{\"@type\":\"ImageObject\",\"inLanguage\":\"de\",\"@id\":\"https:\/\/fittwear.nl\/product\/contrast-top-taupe-black\/#primaryimage\",\"url\":\"https:\/\/fittwear.nl\/wp-content\/uploads\/2022\/05\/contrast-chrome-top_contrast-chrome-legging_top_jpg_3-1.jpg\",\"contentUrl\":\"https:\/\/fittwear.nl\/wp-content\/uploads\/2022\/05\/contrast-chrome-top_contrast-chrome-legging_top_jpg_3-1.jpg\",\"width\":1417,\"height\":2126},{\"@type\":\"BreadcrumbList\",\"@id\":\"https:\/\/fittwear.nl\/product\/contrast-top-taupe-black\/#breadcrumb\",\"itemListElement\":[{\"@type\":\"ListItem\",\"position\":1,\"name\":\"Home\",\"item\":\"https:\/\/fittwear.nl\/\"},{\"@type\":\"ListItem\",\"position\":2,\"name\":\"Shop\",\"item\":\"https:\/\/fittwear.nl\/shop\/\"},{\"@type\":\"ListItem\",\"position\":3,\"name\":\"Contrast Top Taupe\/Black\"}]},{\"@type\":\"WebSite\",\"@id\":\"https:\/\/fittwear.nl\/#website\",\"url\":\"https:\/\/fittwear.nl\/\",\"name\":\"FITTwear.nl\",\"description\":\"Time to shine!\",\"publisher\":{\"@id\":\"https:\/\/fittwear.nl\/#organization\"},\"potentialAction\":[{\"@type\":\"SearchAction\",\"target\":{\"@type\":\"EntryPoint\",\"urlTemplate\":\"https:\/\/fittwear.nl\/?s={search_term_string}\"},\"query-input\":{\"@type\":\"PropertyValueSpecification\",\"valueRequired\":true,\"valueName\":\"search_term_string\"}}],\"inLanguage\":\"de\"},{\"@type\":\"Organization\",\"@id\":\"https:\/\/fittwear.nl\/#organization\",\"name\":\"FITTwear.nl\",\"url\":\"https:\/\/fittwear.nl\/\",\"logo\":{\"@type\":\"ImageObject\",\"inLanguage\":\"de\",\"@id\":\"https:\/\/fittwear.nl\/#\/schema\/logo\/image\/\",\"url\":\"https:\/\/fittwear.nl\/wp-content\/uploads\/2024\/07\/FITT-Logo-BeYOUtiful-website-homepage_Tekengebied-1-scaled.jpg\",\"contentUrl\":\"https:\/\/fittwear.nl\/wp-content\/uploads\/2024\/07\/FITT-Logo-BeYOUtiful-website-homepage_Tekengebied-1-scaled.jpg\",\"width\":2560,\"height\":599,\"caption\":\"FITTwear.nl\"},\"image\":{\"@id\":\"https:\/\/fittwear.nl\/#\/schema\/logo\/image\/\"}}]}<\/script>\n<!-- \/ Yoast SEO plugin. -->","yoast_head_json":{"title":"Contrast Top Taupe\/Schwarz - FITTwear.de","description":"Gr\u00f6\u00dfe: Wir empfehlen, eine Nummer kleiner zu bestellen!  Gl\u00e4nzen Sie mit unserer einzigartigen und trendigen Kontrastlinie! Die Linie wurde speziell von FITT in Europa entworfen und besteht aus einer Leggings mit hoher Taille und einem passenden Oberteil, das in 4 Farben erh\u00e4ltlich ist. Die sch\u00f6ne Metallicfarbe Taupe hat kontrastierende schwarze N\u00e4hte. Das Oberteil hat herausnehmbare Pads und kann daher auch ohne BH getragen werden. F\u00fcr welches Kontrastmittel werden Sie sich entscheiden?  Model Doete ist 1,76 cm gro\u00df und tr\u00e4gt Gr\u00f6\u00dfe XS","robots":{"index":"index","follow":"follow","max-snippet":"max-snippet:-1","max-image-preview":"max-image-preview:large","max-video-preview":"max-video-preview:-1"},"canonical":"https:\/\/fittwear.nl\/de\/produkt-2\/kontrast-top-taupe-schwarz\/","og_locale":"de_DE","og_type":"article","og_title":"Contrast Top Taupe\/Black - FITTwear.nl","og_description":"Maatvoering: We raden je aan een maat kleiner te bestellen!  Pak je shine met onze unieke en trendy contrast lijn! De lijn is speciaal ontworpen door FITT in Europa en bestaat uit een high waist legging met bijpassende top die in 4 kleuren verkrijgbaar is. De prachtige metallic taupe kleur heeft contrasterende zwarte naden. De top is voorzien van uitneembare pads en daardoor dus zonder bh te dragen. Voor welke contrast set ga jij?  Model Doete is 1.76 en draagt maat XS","og_url":"https:\/\/fittwear.nl\/de\/produkt-2\/kontrast-top-taupe-schwarz\/","og_site_name":"FITTwear.nl","article_modified_time":"2026-04-03T06:09:00+00:00","og_image":[{"width":1417,"height":2126,"url":"https:\/\/fittwear.nl\/wp-content\/uploads\/2022\/05\/contrast-chrome-top_contrast-chrome-legging_top_jpg_3-1.jpg","type":"image\/jpeg"}],"twitter_card":"summary_large_image","twitter_misc":{"Gesch\u00e4tzte Lesezeit":"1\u00a0Minute"},"schema":{"@context":"https:\/\/schema.org","@graph":[{"@type":"WebPage","@id":"https:\/\/fittwear.nl\/product\/contrast-top-taupe-black\/","url":"https:\/\/fittwear.nl\/product\/contrast-top-taupe-black\/","name":"Contrast Top Taupe\/Schwarz - FITTwear.de","isPartOf":{"@id":"https:\/\/fittwear.nl\/#website"},"primaryImageOfPage":{"@id":"https:\/\/fittwear.nl\/product\/contrast-top-taupe-black\/#primaryimage"},"image":{"@id":"https:\/\/fittwear.nl\/product\/contrast-top-taupe-black\/#primaryimage"},"thumbnailUrl":"https:\/\/fittwear.nl\/wp-content\/uploads\/2022\/05\/contrast-chrome-top_contrast-chrome-legging_top_jpg_3-1.jpg","datePublished":"2022-05-23T11:19:56+00:00","dateModified":"2026-04-03T06:09:00+00:00","description":"Gr\u00f6\u00dfe: Wir empfehlen, eine Nummer kleiner zu bestellen! Gl\u00e4nzen Sie mit unserer einzigartigen und trendigen Kontrastlinie! Die Linie wurde speziell von FITT in Europa entworfen und besteht aus einer Leggings mit hoher Taille und einem passenden Oberteil, das in 4 Farben erh\u00e4ltlich ist. Die sch\u00f6ne Metallicfarbe Taupe hat kontrastierende schwarze N\u00e4hte. Das Oberteil hat herausnehmbare Pads und kann daher auch ohne BH getragen werden. F\u00fcr welches Kontrastmittel werden Sie sich entscheiden? Model Doete ist 1,76 cm gro\u00df und tr\u00e4gt Gr\u00f6\u00dfe XS","breadcrumb":{"@id":"https:\/\/fittwear.nl\/product\/contrast-top-taupe-black\/#breadcrumb"},"inLanguage":"de","potentialAction":[{"@type":"ReadAction","target":["https:\/\/fittwear.nl\/product\/contrast-top-taupe-black\/"]}]},{"@type":"ImageObject","inLanguage":"de","@id":"https:\/\/fittwear.nl\/product\/contrast-top-taupe-black\/#primaryimage","url":"https:\/\/fittwear.nl\/wp-content\/uploads\/2022\/05\/contrast-chrome-top_contrast-chrome-legging_top_jpg_3-1.jpg","contentUrl":"https:\/\/fittwear.nl\/wp-content\/uploads\/2022\/05\/contrast-chrome-top_contrast-chrome-legging_top_jpg_3-1.jpg","width":1417,"height":2126},{"@type":"BreadcrumbList","@id":"https:\/\/fittwear.nl\/product\/contrast-top-taupe-black\/#breadcrumb","itemListElement":[{"@type":"ListItem","position":1,"name":"Home","item":"https:\/\/fittwear.nl\/"},{"@type":"ListItem","position":2,"name":"Shop","item":"https:\/\/fittwear.nl\/shop\/"},{"@type":"ListItem","position":3,"name":"Contrast Top Taupe\/Black"}]},{"@type":"WebSite","@id":"https:\/\/fittwear.nl\/#website","url":"https:\/\/fittwear.nl\/","name":"FITTwear.co.uk","description":"Zeit zu gl\u00e4nzen!","publisher":{"@id":"https:\/\/fittwear.nl\/#organization"},"potentialAction":[{"@type":"SearchAction","target":{"@type":"EntryPoint","urlTemplate":"https:\/\/fittwear.nl\/?s={search_term_string}"},"query-input":{"@type":"PropertyValueSpecification","valueRequired":true,"valueName":"search_term_string"}}],"inLanguage":"de"},{"@type":"Organization","@id":"https:\/\/fittwear.nl\/#organization","name":"FITTwear.co.uk","url":"https:\/\/fittwear.nl\/","logo":{"@type":"ImageObject","inLanguage":"de","@id":"https:\/\/fittwear.nl\/#\/schema\/logo\/image\/","url":"https:\/\/fittwear.nl\/wp-content\/uploads\/2024\/07\/FITT-Logo-BeYOUtiful-website-homepage_Tekengebied-1-scaled.jpg","contentUrl":"https:\/\/fittwear.nl\/wp-content\/uploads\/2024\/07\/FITT-Logo-BeYOUtiful-website-homepage_Tekengebied-1-scaled.jpg","width":2560,"height":599,"caption":"FITTwear.nl"},"image":{"@id":"https:\/\/fittwear.nl\/#\/schema\/logo\/image\/"}}]}},"_links":{"self":[{"href":"https:\/\/fittwear.nl\/de\/wp-json\/wp\/v2\/product\/33658","targetHints":{"allow":["GET"]}}],"collection":[{"href":"https:\/\/fittwear.nl\/de\/wp-json\/wp\/v2\/product"}],"about":[{"href":"https:\/\/fittwear.nl\/de\/wp-json\/wp\/v2\/types\/product"}],"wp:featuredmedia":[{"embeddable":true,"href":"https:\/\/fittwear.nl\/de\/wp-json\/wp\/v2\/media\/33937"}],"wp:attachment":[{"href":"https:\/\/fittwear.nl\/de\/wp-json\/wp\/v2\/media?parent=33658"}],"wp:term":[{"taxonomy":"product_brand","embeddable":true,"href":"https:\/\/fittwear.nl\/de\/wp-json\/wp\/v2\/product_brand?post=33658"},{"taxonomy":"product_cat","embeddable":true,"href":"https:\/\/fittwear.nl\/de\/wp-json\/wp\/v2\/product_cat?post=33658"},{"taxonomy":"product_tag","embeddable":true,"href":"https:\/\/fittwear.nl\/de\/wp-json\/wp\/v2\/product_tag?post=33658"}],"curies":[{"name":"wp","href":"https:\/\/api.w.org\/{rel}","templated":true}]}}