{"id":34252,"date":"2022-06-01T14:32:47","date_gmt":"2022-06-01T12:32:47","guid":{"rendered":"https:\/\/fittwear.nl\/?post_type=product&#038;p=34252"},"modified":"2026-04-06T12:03:06","modified_gmt":"2026-04-06T10:03:06","slug":"tarn-leggings-blau","status":"publish","type":"product","link":"https:\/\/fittwear.nl\/de\/product\/camo-legging-blue\/","title":{"rendered":"Camo Comfort Legging Blau"},"content":{"rendered":"<p>Spezifikationen:<\/p>\n<p>-Leggings mit hoher Taille und geripptem Hochbund<\/p>\n<p>-Nahtlos<\/p>\n<p>-Gesticktes Logo auf der R\u00fcckseite der Leggings<\/p>\n<p>-Sitzsicher<\/p>\n<p>-Bleibt an Ort und Stelle und h\u00e4ngt nicht durch<\/p>\n<p>-Hergestellt aus 72% Nylon, 20% Polyester<\/p>\n<p>-Waschbar bis zu 30\u00b0<\/p>\n<p>-Farbe: Blau<\/p>","protected":false},"excerpt":{"rendered":"<p><strong>Gr\u00f6\u00dfe: Die Leggings f\u00e4llt gr\u00f6\u00dfengerecht aus.<\/strong><\/p>\n<p>Sie suchen eine farbenfrohe und coole Sportleggings? Dann sind die nahtlosen Camo-Leggings genau das Richtige f\u00fcr Sie! Die Leggings ist aus einem weichen und dehnbaren Material gefertigt, das sich wie eine zweite Haut anf\u00fchlt. Mit ihrem gerippten, hochgeschlossenen Bund h\u00e4lt sie jedem harten Workout stand. Die Leggings sind voll hocktauglich und haben ein gesticktes FITT-Logo. Erh\u00e4ltlich in verschiedenen Trendfarben!<\/p>\n<p><strong>Model Donna ist 1,82 und tr\u00e4gt Gr\u00f6\u00dfe M<\/strong><\/p>\n<p><strong>Model Sigrid ist 1,82 und tr\u00e4gt Gr\u00f6\u00dfe L<\/strong><\/p>","protected":false},"featured_media":34258,"template":"","meta":{"_acf_changed":false},"product_brand":[],"product_cat":[4797,4793,27,28,4743,85,84],"product_tag":[],"class_list":{"0":"post-34252","1":"product","2":"type-product","3":"status-publish","4":"has-post-thumbnail","6":"product_cat-blue-waves","7":"product_cat-power-prints","8":"product_cat-dames","9":"product_cat-leggings","10":"product_cat-geen-scrunch","11":"product_cat-seamless","12":"product_cat-prints","14":"first","15":"instock","16":"sale","17":"taxable","18":"shipping-taxable","19":"purchasable","20":"product-type-variable","21":"has-default-attributes"},"acf":[],"yoast_head":"<!-- This site is optimized with the Yoast SEO plugin v27.1.1 - https:\/\/yoast.com\/product\/yoast-seo-wordpress\/ -->\n<title>Camo Comfort Legging Blue - FITTwear.nl<\/title>\n<meta name=\"description\" content=\"De camo legging is gemaakt van een zacht en stretchy materiaal waardoor hij zal aanvoelen als een second skin!\" \/>\n<meta name=\"robots\" content=\"index, follow, max-snippet:-1, max-image-preview:large, max-video-preview:-1\" \/>\n<link rel=\"canonical\" href=\"https:\/\/fittwear.nl\/de\/produkt-2\/tarn-leggings-blau\/\" \/>\n<meta property=\"og:locale\" content=\"de_DE\" \/>\n<meta property=\"og:type\" content=\"article\" \/>\n<meta property=\"og:title\" content=\"Camo Comfort Legging Blue - FITTwear.nl\" \/>\n<meta property=\"og:description\" content=\"De camo legging is gemaakt van een zacht en stretchy materiaal waardoor hij zal aanvoelen als een second skin!\" \/>\n<meta property=\"og:url\" content=\"https:\/\/fittwear.nl\/de\/produkt-2\/tarn-leggings-blau\/\" \/>\n<meta property=\"og:site_name\" content=\"FITTwear.nl\" \/>\n<meta property=\"article:modified_time\" content=\"2026-04-06T10:03:06+00:00\" \/>\n<meta property=\"og:image\" content=\"https:\/\/fittwear.nl\/wp-content\/uploads\/2022\/06\/camo-legging-blauw_Voorkant-onder_jpg_6.jpg\" \/>\n\t<meta property=\"og:image:width\" content=\"1559\" \/>\n\t<meta property=\"og:image:height\" content=\"2338\" \/>\n\t<meta property=\"og:image:type\" content=\"image\/jpeg\" \/>\n<meta name=\"twitter:card\" content=\"summary_large_image\" \/>\n<meta name=\"twitter:label1\" content=\"Gesch\u00e4tzte Lesezeit\" \/>\n\t<meta name=\"twitter:data1\" content=\"1\u00a0Minute\" \/>\n<script type=\"application\/ld+json\" class=\"yoast-schema-graph\">{\"@context\":\"https:\/\/schema.org\",\"@graph\":[{\"@type\":\"WebPage\",\"@id\":\"https:\/\/fittwear.nl\/product\/camo-legging-blue\/\",\"url\":\"https:\/\/fittwear.nl\/product\/camo-legging-blue\/\",\"name\":\"Camo Comfort Legging Blue - FITTwear.nl\",\"isPartOf\":{\"@id\":\"https:\/\/fittwear.nl\/#website\"},\"primaryImageOfPage\":{\"@id\":\"https:\/\/fittwear.nl\/product\/camo-legging-blue\/#primaryimage\"},\"image\":{\"@id\":\"https:\/\/fittwear.nl\/product\/camo-legging-blue\/#primaryimage\"},\"thumbnailUrl\":\"https:\/\/fittwear.nl\/wp-content\/uploads\/2022\/06\/camo-legging-blauw_Voorkant-onder_jpg_6.jpg\",\"datePublished\":\"2022-06-01T12:32:47+00:00\",\"dateModified\":\"2026-04-06T10:03:06+00:00\",\"description\":\"De camo legging is gemaakt van een zacht en stretchy materiaal waardoor hij zal aanvoelen als een second skin!\",\"breadcrumb\":{\"@id\":\"https:\/\/fittwear.nl\/product\/camo-legging-blue\/#breadcrumb\"},\"inLanguage\":\"de\",\"potentialAction\":[{\"@type\":\"ReadAction\",\"target\":[\"https:\/\/fittwear.nl\/product\/camo-legging-blue\/\"]}]},{\"@type\":\"ImageObject\",\"inLanguage\":\"de\",\"@id\":\"https:\/\/fittwear.nl\/product\/camo-legging-blue\/#primaryimage\",\"url\":\"https:\/\/fittwear.nl\/wp-content\/uploads\/2022\/06\/camo-legging-blauw_Voorkant-onder_jpg_6.jpg\",\"contentUrl\":\"https:\/\/fittwear.nl\/wp-content\/uploads\/2022\/06\/camo-legging-blauw_Voorkant-onder_jpg_6.jpg\",\"width\":1559,\"height\":2338,\"caption\":\"camo blue\"},{\"@type\":\"BreadcrumbList\",\"@id\":\"https:\/\/fittwear.nl\/product\/camo-legging-blue\/#breadcrumb\",\"itemListElement\":[{\"@type\":\"ListItem\",\"position\":1,\"name\":\"Home\",\"item\":\"https:\/\/fittwear.nl\/\"},{\"@type\":\"ListItem\",\"position\":2,\"name\":\"Shop\",\"item\":\"https:\/\/fittwear.nl\/shop\/\"},{\"@type\":\"ListItem\",\"position\":3,\"name\":\"Camo Comfort Legging Blue\"}]},{\"@type\":\"WebSite\",\"@id\":\"https:\/\/fittwear.nl\/#website\",\"url\":\"https:\/\/fittwear.nl\/\",\"name\":\"FITTwear.nl\",\"description\":\"Time to shine!\",\"publisher\":{\"@id\":\"https:\/\/fittwear.nl\/#organization\"},\"potentialAction\":[{\"@type\":\"SearchAction\",\"target\":{\"@type\":\"EntryPoint\",\"urlTemplate\":\"https:\/\/fittwear.nl\/?s={search_term_string}\"},\"query-input\":{\"@type\":\"PropertyValueSpecification\",\"valueRequired\":true,\"valueName\":\"search_term_string\"}}],\"inLanguage\":\"de\"},{\"@type\":\"Organization\",\"@id\":\"https:\/\/fittwear.nl\/#organization\",\"name\":\"FITTwear.nl\",\"url\":\"https:\/\/fittwear.nl\/\",\"logo\":{\"@type\":\"ImageObject\",\"inLanguage\":\"de\",\"@id\":\"https:\/\/fittwear.nl\/#\/schema\/logo\/image\/\",\"url\":\"https:\/\/fittwear.nl\/wp-content\/uploads\/2024\/07\/FITT-Logo-BeYOUtiful-website-homepage_Tekengebied-1-scaled.jpg\",\"contentUrl\":\"https:\/\/fittwear.nl\/wp-content\/uploads\/2024\/07\/FITT-Logo-BeYOUtiful-website-homepage_Tekengebied-1-scaled.jpg\",\"width\":2560,\"height\":599,\"caption\":\"FITTwear.nl\"},\"image\":{\"@id\":\"https:\/\/fittwear.nl\/#\/schema\/logo\/image\/\"}}]}<\/script>\n<!-- \/ Yoast SEO plugin. -->","yoast_head_json":{"title":"Camo Comfort Legging Blau - FITTwear.de","description":"Die Camo-Leggings ist aus weichem und dehnbarem Material gefertigt, so dass sie sich wie eine zweite Haut anf\u00fchlen wird!","robots":{"index":"index","follow":"follow","max-snippet":"max-snippet:-1","max-image-preview":"max-image-preview:large","max-video-preview":"max-video-preview:-1"},"canonical":"https:\/\/fittwear.nl\/de\/produkt-2\/tarn-leggings-blau\/","og_locale":"de_DE","og_type":"article","og_title":"Camo Comfort Legging Blue - FITTwear.nl","og_description":"De camo legging is gemaakt van een zacht en stretchy materiaal waardoor hij zal aanvoelen als een second skin!","og_url":"https:\/\/fittwear.nl\/de\/produkt-2\/tarn-leggings-blau\/","og_site_name":"FITTwear.nl","article_modified_time":"2026-04-06T10:03:06+00:00","og_image":[{"width":1559,"height":2338,"url":"https:\/\/fittwear.nl\/wp-content\/uploads\/2022\/06\/camo-legging-blauw_Voorkant-onder_jpg_6.jpg","type":"image\/jpeg"}],"twitter_card":"summary_large_image","twitter_misc":{"Gesch\u00e4tzte Lesezeit":"1\u00a0Minute"},"schema":{"@context":"https:\/\/schema.org","@graph":[{"@type":"WebPage","@id":"https:\/\/fittwear.nl\/product\/camo-legging-blue\/","url":"https:\/\/fittwear.nl\/product\/camo-legging-blue\/","name":"Camo Comfort Legging Blau - FITTwear.de","isPartOf":{"@id":"https:\/\/fittwear.nl\/#website"},"primaryImageOfPage":{"@id":"https:\/\/fittwear.nl\/product\/camo-legging-blue\/#primaryimage"},"image":{"@id":"https:\/\/fittwear.nl\/product\/camo-legging-blue\/#primaryimage"},"thumbnailUrl":"https:\/\/fittwear.nl\/wp-content\/uploads\/2022\/06\/camo-legging-blauw_Voorkant-onder_jpg_6.jpg","datePublished":"2022-06-01T12:32:47+00:00","dateModified":"2026-04-06T10:03:06+00:00","description":"Die Camo-Leggings ist aus weichem und dehnbarem Material gefertigt, so dass sie sich wie eine zweite Haut anf\u00fchlen wird!","breadcrumb":{"@id":"https:\/\/fittwear.nl\/product\/camo-legging-blue\/#breadcrumb"},"inLanguage":"de","potentialAction":[{"@type":"ReadAction","target":["https:\/\/fittwear.nl\/product\/camo-legging-blue\/"]}]},{"@type":"ImageObject","inLanguage":"de","@id":"https:\/\/fittwear.nl\/product\/camo-legging-blue\/#primaryimage","url":"https:\/\/fittwear.nl\/wp-content\/uploads\/2022\/06\/camo-legging-blauw_Voorkant-onder_jpg_6.jpg","contentUrl":"https:\/\/fittwear.nl\/wp-content\/uploads\/2022\/06\/camo-legging-blauw_Voorkant-onder_jpg_6.jpg","width":1559,"height":2338,"caption":"camo blue"},{"@type":"BreadcrumbList","@id":"https:\/\/fittwear.nl\/product\/camo-legging-blue\/#breadcrumb","itemListElement":[{"@type":"ListItem","position":1,"name":"Home","item":"https:\/\/fittwear.nl\/"},{"@type":"ListItem","position":2,"name":"Shop","item":"https:\/\/fittwear.nl\/shop\/"},{"@type":"ListItem","position":3,"name":"Camo Comfort Legging Blue"}]},{"@type":"WebSite","@id":"https:\/\/fittwear.nl\/#website","url":"https:\/\/fittwear.nl\/","name":"FITTwear.co.uk","description":"Zeit zu gl\u00e4nzen!","publisher":{"@id":"https:\/\/fittwear.nl\/#organization"},"potentialAction":[{"@type":"SearchAction","target":{"@type":"EntryPoint","urlTemplate":"https:\/\/fittwear.nl\/?s={search_term_string}"},"query-input":{"@type":"PropertyValueSpecification","valueRequired":true,"valueName":"search_term_string"}}],"inLanguage":"de"},{"@type":"Organization","@id":"https:\/\/fittwear.nl\/#organization","name":"FITTwear.co.uk","url":"https:\/\/fittwear.nl\/","logo":{"@type":"ImageObject","inLanguage":"de","@id":"https:\/\/fittwear.nl\/#\/schema\/logo\/image\/","url":"https:\/\/fittwear.nl\/wp-content\/uploads\/2024\/07\/FITT-Logo-BeYOUtiful-website-homepage_Tekengebied-1-scaled.jpg","contentUrl":"https:\/\/fittwear.nl\/wp-content\/uploads\/2024\/07\/FITT-Logo-BeYOUtiful-website-homepage_Tekengebied-1-scaled.jpg","width":2560,"height":599,"caption":"FITTwear.nl"},"image":{"@id":"https:\/\/fittwear.nl\/#\/schema\/logo\/image\/"}}]}},"_links":{"self":[{"href":"https:\/\/fittwear.nl\/de\/wp-json\/wp\/v2\/product\/34252","targetHints":{"allow":["GET"]}}],"collection":[{"href":"https:\/\/fittwear.nl\/de\/wp-json\/wp\/v2\/product"}],"about":[{"href":"https:\/\/fittwear.nl\/de\/wp-json\/wp\/v2\/types\/product"}],"wp:featuredmedia":[{"embeddable":true,"href":"https:\/\/fittwear.nl\/de\/wp-json\/wp\/v2\/media\/34258"}],"wp:attachment":[{"href":"https:\/\/fittwear.nl\/de\/wp-json\/wp\/v2\/media?parent=34252"}],"wp:term":[{"taxonomy":"product_brand","embeddable":true,"href":"https:\/\/fittwear.nl\/de\/wp-json\/wp\/v2\/product_brand?post=34252"},{"taxonomy":"product_cat","embeddable":true,"href":"https:\/\/fittwear.nl\/de\/wp-json\/wp\/v2\/product_cat?post=34252"},{"taxonomy":"product_tag","embeddable":true,"href":"https:\/\/fittwear.nl\/de\/wp-json\/wp\/v2\/product_tag?post=34252"}],"curies":[{"name":"wp","href":"https:\/\/api.w.org\/{rel}","templated":true}]}}