{"id":35435,"date":"2022-06-22T11:21:48","date_gmt":"2022-06-22T09:21:48","guid":{"rendered":"https:\/\/fittwear.nl\/?post_type=product&#038;p=35435"},"modified":"2026-04-06T12:03:03","modified_gmt":"2026-04-06T10:03:03","slug":"komfort-kammshorts-orange","status":"publish","type":"product","link":"https:\/\/fittwear.nl\/de\/product\/comfort-camo-shorts-orange\/","title":{"rendered":"Camo Comfort Shorts Orange"},"content":{"rendered":"<p>-Shorts mit hoher Taille und geripptem Bund<\/p>\n<p>-Nahtlos<\/p>\n<p>-Aufgedrucktes Logo auf der R\u00fcckseite der Shorts<\/p>\n<p>-Sitzsicher<\/p>\n<p>-Bleibt an Ort und Stelle und h\u00e4ngt nicht durch<\/p>\n<p>-Hergestellt aus 72% Nylon, 20% Polyester und 8% Elasthan<\/p>\n<p>-Waschbar bis zu 30\u00b0<\/p>\n<p>-Farbe: Orange<\/p>","protected":false},"excerpt":{"rendered":"<p>Der Sommer ist da! Das bedeutet: Zeit f\u00fcr bunte Shorts! Die Camo Comfort Shorts sind aus weichem und dehnbarem Material gefertigt und mit einem Camo-Design versehen. Der gerippte Bund mit hoher Taille sorgt daf\u00fcr, dass die Hose jedem noch so temperamentvollen Workout standh\u00e4lt. Die orangefarbenen Shorts sind komplett hocktauglich und haben ein gesticktes FITT-Logo auf dem R\u00fccken. Erh\u00e4ltlich in verschiedenen Trendfarben!<\/p>","protected":false},"featured_media":35441,"template":"","meta":{"_acf_changed":false},"product_brand":[],"product_cat":[27,4744,4793,93],"product_tag":[],"class_list":{"0":"post-35435","1":"product","2":"type-product","3":"status-publish","4":"has-post-thumbnail","6":"product_cat-dames","7":"product_cat-geen-scrunch-shorts","8":"product_cat-power-prints","9":"product_cat-shorts","11":"first","12":"instock","13":"sale","14":"taxable","15":"shipping-taxable","16":"purchasable","17":"product-type-variable","18":"has-default-attributes"},"acf":[],"yoast_head":"<!-- This site is optimized with the Yoast SEO plugin v27.1.1 - https:\/\/yoast.com\/product\/yoast-seo-wordpress\/ -->\n<title>Camo Comfort Shorts Orange - Shorts - FITTwear.nl<\/title>\n<meta name=\"description\" content=\"Summer is here! Dat betekent tijd voor kleurrijke shorts! De camo comfort broekjes zijn gemaakt van een zacht en stretchy materiaal en hebben een camo design. Door de geribbelde highwaist band zal hij elke pittige workout doorstaan. De oranje short is volledig squatproof en heeft een geborduurd FITT logo op de achterkant. Beschikbaar in meerdere trendy kleuren!\" \/>\n<meta name=\"robots\" content=\"index, follow, max-snippet:-1, max-image-preview:large, max-video-preview:-1\" \/>\n<link rel=\"canonical\" href=\"https:\/\/fittwear.nl\/de\/produkt-2\/komfort-kammshorts-orange\/\" \/>\n<meta property=\"og:locale\" content=\"de_DE\" \/>\n<meta property=\"og:type\" content=\"article\" \/>\n<meta property=\"og:title\" content=\"Camo Comfort Shorts Orange - Shorts - FITTwear.nl\" \/>\n<meta property=\"og:description\" content=\"Summer is here! Dat betekent tijd voor kleurrijke shorts! De camo comfort broekjes zijn gemaakt van een zacht en stretchy materiaal en hebben een camo design. Door de geribbelde highwaist band zal hij elke pittige workout doorstaan. De oranje short is volledig squatproof en heeft een geborduurd FITT logo op de achterkant. Beschikbaar in meerdere trendy kleuren!\" \/>\n<meta property=\"og:url\" content=\"https:\/\/fittwear.nl\/de\/produkt-2\/komfort-kammshorts-orange\/\" \/>\n<meta property=\"og:site_name\" content=\"FITTwear.nl\" \/>\n<meta property=\"article:modified_time\" content=\"2026-04-06T10:03:03+00:00\" \/>\n<meta property=\"og:image\" content=\"https:\/\/fittwear.nl\/wp-content\/uploads\/2022\/06\/camo-short-oranje_Voorkant-onder_jpg_1.jpg\" \/>\n\t<meta property=\"og:image:width\" content=\"1559\" \/>\n\t<meta property=\"og:image:height\" content=\"2339\" \/>\n\t<meta property=\"og:image:type\" content=\"image\/jpeg\" \/>\n<meta name=\"twitter:card\" content=\"summary_large_image\" \/>\n<meta name=\"twitter:label1\" content=\"Gesch\u00e4tzte Lesezeit\" \/>\n\t<meta name=\"twitter:data1\" content=\"1\u00a0Minute\" \/>\n<script type=\"application\/ld+json\" class=\"yoast-schema-graph\">{\"@context\":\"https:\/\/schema.org\",\"@graph\":[{\"@type\":\"WebPage\",\"@id\":\"https:\/\/fittwear.nl\/product\/comfort-camo-shorts-orange\/\",\"url\":\"https:\/\/fittwear.nl\/product\/comfort-camo-shorts-orange\/\",\"name\":\"Camo Comfort Shorts Orange - Shorts - FITTwear.nl\",\"isPartOf\":{\"@id\":\"https:\/\/fittwear.nl\/#website\"},\"primaryImageOfPage\":{\"@id\":\"https:\/\/fittwear.nl\/product\/comfort-camo-shorts-orange\/#primaryimage\"},\"image\":{\"@id\":\"https:\/\/fittwear.nl\/product\/comfort-camo-shorts-orange\/#primaryimage\"},\"thumbnailUrl\":\"https:\/\/fittwear.nl\/wp-content\/uploads\/2022\/06\/camo-short-oranje_Voorkant-onder_jpg_1.jpg\",\"datePublished\":\"2022-06-22T09:21:48+00:00\",\"dateModified\":\"2026-04-06T10:03:03+00:00\",\"description\":\"Summer is here! Dat betekent tijd voor kleurrijke shorts! De camo comfort broekjes zijn gemaakt van een zacht en stretchy materiaal en hebben een camo design. Door de geribbelde highwaist band zal hij elke pittige workout doorstaan. De oranje short is volledig squatproof en heeft een geborduurd FITT logo op de achterkant. Beschikbaar in meerdere trendy kleuren!\",\"breadcrumb\":{\"@id\":\"https:\/\/fittwear.nl\/product\/comfort-camo-shorts-orange\/#breadcrumb\"},\"inLanguage\":\"de\",\"potentialAction\":[{\"@type\":\"ReadAction\",\"target\":[\"https:\/\/fittwear.nl\/product\/comfort-camo-shorts-orange\/\"]}]},{\"@type\":\"ImageObject\",\"inLanguage\":\"de\",\"@id\":\"https:\/\/fittwear.nl\/product\/comfort-camo-shorts-orange\/#primaryimage\",\"url\":\"https:\/\/fittwear.nl\/wp-content\/uploads\/2022\/06\/camo-short-oranje_Voorkant-onder_jpg_1.jpg\",\"contentUrl\":\"https:\/\/fittwear.nl\/wp-content\/uploads\/2022\/06\/camo-short-oranje_Voorkant-onder_jpg_1.jpg\",\"width\":1559,\"height\":2339},{\"@type\":\"BreadcrumbList\",\"@id\":\"https:\/\/fittwear.nl\/product\/comfort-camo-shorts-orange\/#breadcrumb\",\"itemListElement\":[{\"@type\":\"ListItem\",\"position\":1,\"name\":\"Home\",\"item\":\"https:\/\/fittwear.nl\/\"},{\"@type\":\"ListItem\",\"position\":2,\"name\":\"Shop\",\"item\":\"https:\/\/fittwear.nl\/shop\/\"},{\"@type\":\"ListItem\",\"position\":3,\"name\":\"Camo Comfort Shorts Orange\"}]},{\"@type\":\"WebSite\",\"@id\":\"https:\/\/fittwear.nl\/#website\",\"url\":\"https:\/\/fittwear.nl\/\",\"name\":\"FITTwear.nl\",\"description\":\"Time to shine!\",\"publisher\":{\"@id\":\"https:\/\/fittwear.nl\/#organization\"},\"potentialAction\":[{\"@type\":\"SearchAction\",\"target\":{\"@type\":\"EntryPoint\",\"urlTemplate\":\"https:\/\/fittwear.nl\/?s={search_term_string}\"},\"query-input\":{\"@type\":\"PropertyValueSpecification\",\"valueRequired\":true,\"valueName\":\"search_term_string\"}}],\"inLanguage\":\"de\"},{\"@type\":\"Organization\",\"@id\":\"https:\/\/fittwear.nl\/#organization\",\"name\":\"FITTwear.nl\",\"url\":\"https:\/\/fittwear.nl\/\",\"logo\":{\"@type\":\"ImageObject\",\"inLanguage\":\"de\",\"@id\":\"https:\/\/fittwear.nl\/#\/schema\/logo\/image\/\",\"url\":\"https:\/\/fittwear.nl\/wp-content\/uploads\/2024\/07\/FITT-Logo-BeYOUtiful-website-homepage_Tekengebied-1-scaled.jpg\",\"contentUrl\":\"https:\/\/fittwear.nl\/wp-content\/uploads\/2024\/07\/FITT-Logo-BeYOUtiful-website-homepage_Tekengebied-1-scaled.jpg\",\"width\":2560,\"height\":599,\"caption\":\"FITTwear.nl\"},\"image\":{\"@id\":\"https:\/\/fittwear.nl\/#\/schema\/logo\/image\/\"}}]}<\/script>\n<!-- \/ Yoast SEO plugin. -->","yoast_head_json":{"title":"Camo Comfort Shorts Orange - Kurze Hosen - FITTwear.nl","description":"Der Sommer ist da! Das bedeutet: Zeit f\u00fcr bunte Shorts! Die Camo Comfort Shorts sind aus weichem und dehnbarem Material gefertigt und mit einem Camo-Design versehen. Der gerippte Bund mit hoher Taille sorgt daf\u00fcr, dass die Hose jedem noch so temperamentvollen Workout standh\u00e4lt. Die orangefarbenen Shorts sind komplett hocktauglich und haben ein gesticktes FITT-Logo auf dem R\u00fccken. Erh\u00e4ltlich in verschiedenen Trendfarben!","robots":{"index":"index","follow":"follow","max-snippet":"max-snippet:-1","max-image-preview":"max-image-preview:large","max-video-preview":"max-video-preview:-1"},"canonical":"https:\/\/fittwear.nl\/de\/produkt-2\/komfort-kammshorts-orange\/","og_locale":"de_DE","og_type":"article","og_title":"Camo Comfort Shorts Orange - Shorts - FITTwear.nl","og_description":"Summer is here! Dat betekent tijd voor kleurrijke shorts! De camo comfort broekjes zijn gemaakt van een zacht en stretchy materiaal en hebben een camo design. Door de geribbelde highwaist band zal hij elke pittige workout doorstaan. De oranje short is volledig squatproof en heeft een geborduurd FITT logo op de achterkant. Beschikbaar in meerdere trendy kleuren!","og_url":"https:\/\/fittwear.nl\/de\/produkt-2\/komfort-kammshorts-orange\/","og_site_name":"FITTwear.nl","article_modified_time":"2026-04-06T10:03:03+00:00","og_image":[{"width":1559,"height":2339,"url":"https:\/\/fittwear.nl\/wp-content\/uploads\/2022\/06\/camo-short-oranje_Voorkant-onder_jpg_1.jpg","type":"image\/jpeg"}],"twitter_card":"summary_large_image","twitter_misc":{"Gesch\u00e4tzte Lesezeit":"1\u00a0Minute"},"schema":{"@context":"https:\/\/schema.org","@graph":[{"@type":"WebPage","@id":"https:\/\/fittwear.nl\/product\/comfort-camo-shorts-orange\/","url":"https:\/\/fittwear.nl\/product\/comfort-camo-shorts-orange\/","name":"Camo Comfort Shorts Orange - Kurze Hosen - FITTwear.nl","isPartOf":{"@id":"https:\/\/fittwear.nl\/#website"},"primaryImageOfPage":{"@id":"https:\/\/fittwear.nl\/product\/comfort-camo-shorts-orange\/#primaryimage"},"image":{"@id":"https:\/\/fittwear.nl\/product\/comfort-camo-shorts-orange\/#primaryimage"},"thumbnailUrl":"https:\/\/fittwear.nl\/wp-content\/uploads\/2022\/06\/camo-short-oranje_Voorkant-onder_jpg_1.jpg","datePublished":"2022-06-22T09:21:48+00:00","dateModified":"2026-04-06T10:03:03+00:00","description":"Der Sommer ist da! Das bedeutet: Zeit f\u00fcr bunte Shorts! Die Camo Comfort Shorts sind aus weichem und dehnbarem Material gefertigt und mit einem Camo-Design versehen. Der gerippte Bund mit hoher Taille sorgt daf\u00fcr, dass die Hose jedem noch so temperamentvollen Workout standh\u00e4lt. Die orangefarbenen Shorts sind komplett hocktauglich und haben ein gesticktes FITT-Logo auf dem R\u00fccken. Erh\u00e4ltlich in verschiedenen Trendfarben!","breadcrumb":{"@id":"https:\/\/fittwear.nl\/product\/comfort-camo-shorts-orange\/#breadcrumb"},"inLanguage":"de","potentialAction":[{"@type":"ReadAction","target":["https:\/\/fittwear.nl\/product\/comfort-camo-shorts-orange\/"]}]},{"@type":"ImageObject","inLanguage":"de","@id":"https:\/\/fittwear.nl\/product\/comfort-camo-shorts-orange\/#primaryimage","url":"https:\/\/fittwear.nl\/wp-content\/uploads\/2022\/06\/camo-short-oranje_Voorkant-onder_jpg_1.jpg","contentUrl":"https:\/\/fittwear.nl\/wp-content\/uploads\/2022\/06\/camo-short-oranje_Voorkant-onder_jpg_1.jpg","width":1559,"height":2339},{"@type":"BreadcrumbList","@id":"https:\/\/fittwear.nl\/product\/comfort-camo-shorts-orange\/#breadcrumb","itemListElement":[{"@type":"ListItem","position":1,"name":"Home","item":"https:\/\/fittwear.nl\/"},{"@type":"ListItem","position":2,"name":"Shop","item":"https:\/\/fittwear.nl\/shop\/"},{"@type":"ListItem","position":3,"name":"Camo Comfort Shorts Orange"}]},{"@type":"WebSite","@id":"https:\/\/fittwear.nl\/#website","url":"https:\/\/fittwear.nl\/","name":"FITTwear.co.uk","description":"Zeit zu gl\u00e4nzen!","publisher":{"@id":"https:\/\/fittwear.nl\/#organization"},"potentialAction":[{"@type":"SearchAction","target":{"@type":"EntryPoint","urlTemplate":"https:\/\/fittwear.nl\/?s={search_term_string}"},"query-input":{"@type":"PropertyValueSpecification","valueRequired":true,"valueName":"search_term_string"}}],"inLanguage":"de"},{"@type":"Organization","@id":"https:\/\/fittwear.nl\/#organization","name":"FITTwear.co.uk","url":"https:\/\/fittwear.nl\/","logo":{"@type":"ImageObject","inLanguage":"de","@id":"https:\/\/fittwear.nl\/#\/schema\/logo\/image\/","url":"https:\/\/fittwear.nl\/wp-content\/uploads\/2024\/07\/FITT-Logo-BeYOUtiful-website-homepage_Tekengebied-1-scaled.jpg","contentUrl":"https:\/\/fittwear.nl\/wp-content\/uploads\/2024\/07\/FITT-Logo-BeYOUtiful-website-homepage_Tekengebied-1-scaled.jpg","width":2560,"height":599,"caption":"FITTwear.nl"},"image":{"@id":"https:\/\/fittwear.nl\/#\/schema\/logo\/image\/"}}]}},"_links":{"self":[{"href":"https:\/\/fittwear.nl\/de\/wp-json\/wp\/v2\/product\/35435","targetHints":{"allow":["GET"]}}],"collection":[{"href":"https:\/\/fittwear.nl\/de\/wp-json\/wp\/v2\/product"}],"about":[{"href":"https:\/\/fittwear.nl\/de\/wp-json\/wp\/v2\/types\/product"}],"wp:featuredmedia":[{"embeddable":true,"href":"https:\/\/fittwear.nl\/de\/wp-json\/wp\/v2\/media\/35441"}],"wp:attachment":[{"href":"https:\/\/fittwear.nl\/de\/wp-json\/wp\/v2\/media?parent=35435"}],"wp:term":[{"taxonomy":"product_brand","embeddable":true,"href":"https:\/\/fittwear.nl\/de\/wp-json\/wp\/v2\/product_brand?post=35435"},{"taxonomy":"product_cat","embeddable":true,"href":"https:\/\/fittwear.nl\/de\/wp-json\/wp\/v2\/product_cat?post=35435"},{"taxonomy":"product_tag","embeddable":true,"href":"https:\/\/fittwear.nl\/de\/wp-json\/wp\/v2\/product_tag?post=35435"}],"curies":[{"name":"wp","href":"https:\/\/api.w.org\/{rel}","templated":true}]}}