{"id":35506,"date":"2022-06-22T13:35:32","date_gmt":"2022-06-22T11:35:32","guid":{"rendered":"https:\/\/fittwear.nl\/?post_type=product&#038;p=35506"},"modified":"2026-05-07T04:56:10","modified_gmt":"2026-05-07T02:56:10","slug":"knirsch-kurz-bordeaux","status":"publish","type":"product","link":"https:\/\/fittwear.nl\/de\/product\/scrunch-short-bordeaux\/","title":{"rendered":"Classic Scrunch Short Burgundy"},"content":{"rendered":"<p>- Nahtlose Shorts mit hoher Taille<\/p>\n<p>- Mit Knirschen hinter<\/p>\n<p>- Akzentuiert Ihre Kurven<\/p>\n<p>- Gedrucktes Logo auf der R\u00fcckseite der Leggings<\/p>\n<p>- Nahtloses Gewebe mit weichem Griff<\/p>\n<p>- Enger Bund, damit die Shorts nicht durchh\u00e4ngen<\/p>\n<p>- Gute Kompression<\/p>\n<p>- Das Material ist dehnbar und passt sich dem K\u00f6rper an.<\/p>\n<p>- 90% Nylon, 10% Elasthan<\/p>\n<p>- Waschbar bis zu 30\u00b0<\/p>\n<p>- Farbe: Burgunderrot<\/p>","protected":false},"excerpt":{"rendered":"<p><strong>Gr\u00f6\u00dfe: Die Shorts fallen gr\u00f6\u00dfengerecht aus.<\/strong><\/p>\n<p>Scrunch ist gerade total im Trend, und wir lieben es!  Die Shorts sind aus dehnbarem und weichem Material gefertigt und bieten eine gute Kompression. Dank des stabilen, hohen Taillenbands bleiben die Shorts beim Training an Ort und Stelle. Kurzum, ein echtes Must-Have f\u00fcr jedes FITTgirl! Erh\u00e4ltlich in verschiedenen Farben. F\u00fchlen Sie sich gro\u00dfartig und bringen Sie mehr Leistung in FITT-Sportbekleidung.<\/p>\n<p><strong>Model Donna ist 1.81m gro\u00df und tr\u00e4gt Gr\u00f6\u00dfe M<\/strong><\/p>","protected":false},"featured_media":35512,"template":"","meta":{"_acf_changed":false},"product_brand":[],"product_cat":[27,93,4285,63],"product_tag":[],"class_list":{"0":"post-35506","1":"product","2":"type-product","3":"status-publish","4":"has-post-thumbnail","6":"product_cat-dames","7":"product_cat-shorts","8":"product_cat-scrunch-shorts","9":"product_cat-curves","11":"first","12":"instock","13":"taxable","14":"shipping-taxable","15":"purchasable","16":"product-type-variable","17":"has-default-attributes"},"acf":[],"yoast_head":"<!-- This site is optimized with the Yoast SEO plugin v27.1.1 - https:\/\/yoast.com\/product\/yoast-seo-wordpress\/ -->\n<title>Classic Scrunch Short Burgundy - Shorts - FITTwear.nl<\/title>\n<meta name=\"description\" content=\"De short is gemaakt van een stretchy en zachte stof en biedt goede compressie. De scrunch accentueert jouw natuurlijke vormen!\" \/>\n<meta name=\"robots\" content=\"index, follow, max-snippet:-1, max-image-preview:large, max-video-preview:-1\" \/>\n<link rel=\"canonical\" href=\"https:\/\/fittwear.nl\/de\/produkt-2\/knirsch-kurz-bordeaux\/\" \/>\n<meta property=\"og:locale\" content=\"de_DE\" \/>\n<meta property=\"og:type\" content=\"article\" \/>\n<meta property=\"og:title\" content=\"Classic Scrunch Short Burgundy - Shorts - FITTwear.nl\" \/>\n<meta property=\"og:description\" content=\"De short is gemaakt van een stretchy en zachte stof en biedt goede compressie. De scrunch accentueert jouw natuurlijke vormen!\" \/>\n<meta property=\"og:url\" content=\"https:\/\/fittwear.nl\/de\/produkt-2\/knirsch-kurz-bordeaux\/\" \/>\n<meta property=\"og:site_name\" content=\"FITTwear.nl\" \/>\n<meta property=\"article:modified_time\" content=\"2026-05-07T02:56:10+00:00\" \/>\n<meta property=\"og:image\" content=\"https:\/\/fittwear.nl\/wp-content\/uploads\/2022\/06\/short-bordeaux_Achterkant-onder_jpg_2.jpg\" \/>\n\t<meta property=\"og:image:width\" content=\"1559\" \/>\n\t<meta property=\"og:image:height\" content=\"2338\" \/>\n\t<meta property=\"og:image:type\" content=\"image\/jpeg\" \/>\n<meta name=\"twitter:card\" content=\"summary_large_image\" \/>\n<meta name=\"twitter:label1\" content=\"Gesch\u00e4tzte Lesezeit\" \/>\n\t<meta name=\"twitter:data1\" content=\"1\u00a0Minute\" \/>\n<script type=\"application\/ld+json\" class=\"yoast-schema-graph\">{\"@context\":\"https:\/\/schema.org\",\"@graph\":[{\"@type\":\"WebPage\",\"@id\":\"https:\/\/fittwear.nl\/product\/scrunch-short-bordeaux\/\",\"url\":\"https:\/\/fittwear.nl\/product\/scrunch-short-bordeaux\/\",\"name\":\"Classic Scrunch Short Burgundy - Shorts - FITTwear.nl\",\"isPartOf\":{\"@id\":\"https:\/\/fittwear.nl\/#website\"},\"primaryImageOfPage\":{\"@id\":\"https:\/\/fittwear.nl\/product\/scrunch-short-bordeaux\/#primaryimage\"},\"image\":{\"@id\":\"https:\/\/fittwear.nl\/product\/scrunch-short-bordeaux\/#primaryimage\"},\"thumbnailUrl\":\"https:\/\/fittwear.nl\/wp-content\/uploads\/2022\/06\/short-bordeaux_Achterkant-onder_jpg_2.jpg\",\"datePublished\":\"2022-06-22T11:35:32+00:00\",\"dateModified\":\"2026-05-07T02:56:10+00:00\",\"description\":\"De short is gemaakt van een stretchy en zachte stof en biedt goede compressie. De scrunch accentueert jouw natuurlijke vormen!\",\"breadcrumb\":{\"@id\":\"https:\/\/fittwear.nl\/product\/scrunch-short-bordeaux\/#breadcrumb\"},\"inLanguage\":\"de\",\"potentialAction\":[{\"@type\":\"ReadAction\",\"target\":[\"https:\/\/fittwear.nl\/product\/scrunch-short-bordeaux\/\"]}]},{\"@type\":\"ImageObject\",\"inLanguage\":\"de\",\"@id\":\"https:\/\/fittwear.nl\/product\/scrunch-short-bordeaux\/#primaryimage\",\"url\":\"https:\/\/fittwear.nl\/wp-content\/uploads\/2022\/06\/short-bordeaux_Achterkant-onder_jpg_2.jpg\",\"contentUrl\":\"https:\/\/fittwear.nl\/wp-content\/uploads\/2022\/06\/short-bordeaux_Achterkant-onder_jpg_2.jpg\",\"width\":1559,\"height\":2338},{\"@type\":\"BreadcrumbList\",\"@id\":\"https:\/\/fittwear.nl\/product\/scrunch-short-bordeaux\/#breadcrumb\",\"itemListElement\":[{\"@type\":\"ListItem\",\"position\":1,\"name\":\"Home\",\"item\":\"https:\/\/fittwear.nl\/\"},{\"@type\":\"ListItem\",\"position\":2,\"name\":\"Shop\",\"item\":\"https:\/\/fittwear.nl\/shop\/\"},{\"@type\":\"ListItem\",\"position\":3,\"name\":\"Classic Scrunch Short Burgundy\"}]},{\"@type\":\"WebSite\",\"@id\":\"https:\/\/fittwear.nl\/#website\",\"url\":\"https:\/\/fittwear.nl\/\",\"name\":\"FITTwear.nl\",\"description\":\"Time to shine!\",\"publisher\":{\"@id\":\"https:\/\/fittwear.nl\/#organization\"},\"potentialAction\":[{\"@type\":\"SearchAction\",\"target\":{\"@type\":\"EntryPoint\",\"urlTemplate\":\"https:\/\/fittwear.nl\/?s={search_term_string}\"},\"query-input\":{\"@type\":\"PropertyValueSpecification\",\"valueRequired\":true,\"valueName\":\"search_term_string\"}}],\"inLanguage\":\"de\"},{\"@type\":\"Organization\",\"@id\":\"https:\/\/fittwear.nl\/#organization\",\"name\":\"FITTwear.nl\",\"url\":\"https:\/\/fittwear.nl\/\",\"logo\":{\"@type\":\"ImageObject\",\"inLanguage\":\"de\",\"@id\":\"https:\/\/fittwear.nl\/#\/schema\/logo\/image\/\",\"url\":\"https:\/\/fittwear.nl\/wp-content\/uploads\/2024\/07\/FITT-Logo-BeYOUtiful-website-homepage_Tekengebied-1-scaled.jpg\",\"contentUrl\":\"https:\/\/fittwear.nl\/wp-content\/uploads\/2024\/07\/FITT-Logo-BeYOUtiful-website-homepage_Tekengebied-1-scaled.jpg\",\"width\":2560,\"height\":599,\"caption\":\"FITTwear.nl\"},\"image\":{\"@id\":\"https:\/\/fittwear.nl\/#\/schema\/logo\/image\/\"}}]}<\/script>\n<!-- \/ Yoast SEO plugin. -->","yoast_head_json":{"title":"Classic Scrunch Short Burgundy - Kurze Hosen - FITTwear.nl","description":"Die Shorts sind aus dehnbarem und weichem Material gefertigt und bieten eine gute Kompression. Der Scrunch betont Ihre nat\u00fcrlichen Kurven!","robots":{"index":"index","follow":"follow","max-snippet":"max-snippet:-1","max-image-preview":"max-image-preview:large","max-video-preview":"max-video-preview:-1"},"canonical":"https:\/\/fittwear.nl\/de\/produkt-2\/knirsch-kurz-bordeaux\/","og_locale":"de_DE","og_type":"article","og_title":"Classic Scrunch Short Burgundy - Shorts - FITTwear.nl","og_description":"De short is gemaakt van een stretchy en zachte stof en biedt goede compressie. De scrunch accentueert jouw natuurlijke vormen!","og_url":"https:\/\/fittwear.nl\/de\/produkt-2\/knirsch-kurz-bordeaux\/","og_site_name":"FITTwear.nl","article_modified_time":"2026-05-07T02:56:10+00:00","og_image":[{"width":1559,"height":2338,"url":"https:\/\/fittwear.nl\/wp-content\/uploads\/2022\/06\/short-bordeaux_Achterkant-onder_jpg_2.jpg","type":"image\/jpeg"}],"twitter_card":"summary_large_image","twitter_misc":{"Gesch\u00e4tzte Lesezeit":"1\u00a0Minute"},"schema":{"@context":"https:\/\/schema.org","@graph":[{"@type":"WebPage","@id":"https:\/\/fittwear.nl\/product\/scrunch-short-bordeaux\/","url":"https:\/\/fittwear.nl\/product\/scrunch-short-bordeaux\/","name":"Classic Scrunch Short Burgundy - Kurze Hosen - FITTwear.nl","isPartOf":{"@id":"https:\/\/fittwear.nl\/#website"},"primaryImageOfPage":{"@id":"https:\/\/fittwear.nl\/product\/scrunch-short-bordeaux\/#primaryimage"},"image":{"@id":"https:\/\/fittwear.nl\/product\/scrunch-short-bordeaux\/#primaryimage"},"thumbnailUrl":"https:\/\/fittwear.nl\/wp-content\/uploads\/2022\/06\/short-bordeaux_Achterkant-onder_jpg_2.jpg","datePublished":"2022-06-22T11:35:32+00:00","dateModified":"2026-05-07T02:56:10+00:00","description":"Die Shorts sind aus dehnbarem und weichem Material gefertigt und bieten eine gute Kompression. Der Scrunch betont Ihre nat\u00fcrlichen Kurven!","breadcrumb":{"@id":"https:\/\/fittwear.nl\/product\/scrunch-short-bordeaux\/#breadcrumb"},"inLanguage":"de","potentialAction":[{"@type":"ReadAction","target":["https:\/\/fittwear.nl\/product\/scrunch-short-bordeaux\/"]}]},{"@type":"ImageObject","inLanguage":"de","@id":"https:\/\/fittwear.nl\/product\/scrunch-short-bordeaux\/#primaryimage","url":"https:\/\/fittwear.nl\/wp-content\/uploads\/2022\/06\/short-bordeaux_Achterkant-onder_jpg_2.jpg","contentUrl":"https:\/\/fittwear.nl\/wp-content\/uploads\/2022\/06\/short-bordeaux_Achterkant-onder_jpg_2.jpg","width":1559,"height":2338},{"@type":"BreadcrumbList","@id":"https:\/\/fittwear.nl\/product\/scrunch-short-bordeaux\/#breadcrumb","itemListElement":[{"@type":"ListItem","position":1,"name":"Home","item":"https:\/\/fittwear.nl\/"},{"@type":"ListItem","position":2,"name":"Shop","item":"https:\/\/fittwear.nl\/shop\/"},{"@type":"ListItem","position":3,"name":"Classic Scrunch Short Burgundy"}]},{"@type":"WebSite","@id":"https:\/\/fittwear.nl\/#website","url":"https:\/\/fittwear.nl\/","name":"FITTwear.co.uk","description":"Zeit zu gl\u00e4nzen!","publisher":{"@id":"https:\/\/fittwear.nl\/#organization"},"potentialAction":[{"@type":"SearchAction","target":{"@type":"EntryPoint","urlTemplate":"https:\/\/fittwear.nl\/?s={search_term_string}"},"query-input":{"@type":"PropertyValueSpecification","valueRequired":true,"valueName":"search_term_string"}}],"inLanguage":"de"},{"@type":"Organization","@id":"https:\/\/fittwear.nl\/#organization","name":"FITTwear.co.uk","url":"https:\/\/fittwear.nl\/","logo":{"@type":"ImageObject","inLanguage":"de","@id":"https:\/\/fittwear.nl\/#\/schema\/logo\/image\/","url":"https:\/\/fittwear.nl\/wp-content\/uploads\/2024\/07\/FITT-Logo-BeYOUtiful-website-homepage_Tekengebied-1-scaled.jpg","contentUrl":"https:\/\/fittwear.nl\/wp-content\/uploads\/2024\/07\/FITT-Logo-BeYOUtiful-website-homepage_Tekengebied-1-scaled.jpg","width":2560,"height":599,"caption":"FITTwear.nl"},"image":{"@id":"https:\/\/fittwear.nl\/#\/schema\/logo\/image\/"}}]}},"_links":{"self":[{"href":"https:\/\/fittwear.nl\/de\/wp-json\/wp\/v2\/product\/35506","targetHints":{"allow":["GET"]}}],"collection":[{"href":"https:\/\/fittwear.nl\/de\/wp-json\/wp\/v2\/product"}],"about":[{"href":"https:\/\/fittwear.nl\/de\/wp-json\/wp\/v2\/types\/product"}],"wp:featuredmedia":[{"embeddable":true,"href":"https:\/\/fittwear.nl\/de\/wp-json\/wp\/v2\/media\/35512"}],"wp:attachment":[{"href":"https:\/\/fittwear.nl\/de\/wp-json\/wp\/v2\/media?parent=35506"}],"wp:term":[{"taxonomy":"product_brand","embeddable":true,"href":"https:\/\/fittwear.nl\/de\/wp-json\/wp\/v2\/product_brand?post=35506"},{"taxonomy":"product_cat","embeddable":true,"href":"https:\/\/fittwear.nl\/de\/wp-json\/wp\/v2\/product_cat?post=35506"},{"taxonomy":"product_tag","embeddable":true,"href":"https:\/\/fittwear.nl\/de\/wp-json\/wp\/v2\/product_tag?post=35506"}],"curies":[{"name":"wp","href":"https:\/\/api.w.org\/{rel}","templated":true}]}}