{"id":35556,"date":"2022-06-22T14:12:59","date_gmt":"2022-06-22T12:12:59","guid":{"rendered":"https:\/\/fittwear.nl\/?post_type=product&#038;p=35556"},"modified":"2026-04-16T00:25:38","modified_gmt":"2026-04-15T22:25:38","slug":"kontur-knirsch-kurz-bordeaux","status":"publish","type":"product","link":"https:\/\/fittwear.nl\/de\/product\/contour-scrunch-short-bordeaux\/","title":{"rendered":"Contour Scrunch Short Burgundy"},"content":{"rendered":"<p>- Nahtlose Shorts<\/p>\n<p>- Nahtlos gerippter fester Bund<\/p>\n<p>- Hohe Taille<\/p>\n<p>- Konturverbessernd<\/p>\n<p>- Hocke Beweis<\/p>\n<p>- Gedrucktes Logo auf der R\u00fcckseite der Leggings<\/p>\n<p>- 90%-Nylon, 10%-Elasthan<\/p>\n<p>- Waschbar bis zu 30\u00b0<\/p>\n<p>-Farbe: Burgunderrot<\/p>","protected":false},"excerpt":{"rendered":"<p><strong>Gr\u00f6\u00dfe: Die Shorts fallen gr\u00f6\u00dfengerecht aus.<\/strong><\/p>\n<p>Die nahtlose Konturenshorts mit hohem Bund hat durch die Naht im Ges\u00e4\u00dfbereich und das seitliche Futter konturgebende Eigenschaften. Der robuste, gerippte Bund bietet Halt und Bewegungsfreiheit beim Training. Die Shorts sind aus einem robusten und dicken Stoff gefertigt, der sie absolut hocktauglich macht!  Zeigen Sie, wof\u00fcr Sie arbeiten!<\/p>\n<p><strong>Model Doete ist 1,76m gro\u00df und tr\u00e4gt Gr\u00f6\u00dfe S<\/strong><\/p>","protected":false},"featured_media":35562,"template":"","meta":{"_acf_changed":false},"product_brand":[],"product_cat":[27,93,4285,63],"product_tag":[],"class_list":{"0":"post-35556","1":"product","2":"type-product","3":"status-publish","4":"has-post-thumbnail","6":"product_cat-dames","7":"product_cat-shorts","8":"product_cat-scrunch-shorts","9":"product_cat-curves","11":"first","12":"instock","13":"taxable","14":"shipping-taxable","15":"purchasable","16":"product-type-variable","17":"has-default-attributes"},"acf":[],"yoast_head":"<!-- This site is optimized with the Yoast SEO plugin v27.1.1 - https:\/\/yoast.com\/product\/yoast-seo-wordpress\/ -->\n<title>Contour Scrunch Short Burgundy - Shorts - FITTwear.nl<\/title>\n<meta name=\"description\" content=\"De seamless contour shorts zijn high waist en hebben een contour verbeterend vermogen door de naad achter bij de billen!\" \/>\n<meta name=\"robots\" content=\"index, follow, max-snippet:-1, max-image-preview:large, max-video-preview:-1\" \/>\n<link rel=\"canonical\" href=\"https:\/\/fittwear.nl\/de\/produkt-2\/kontur-knirsch-kurz-bordeaux\/\" \/>\n<meta property=\"og:locale\" content=\"de_DE\" \/>\n<meta property=\"og:type\" content=\"article\" \/>\n<meta property=\"og:title\" content=\"Contour Scrunch Short Burgundy - Shorts - FITTwear.nl\" \/>\n<meta property=\"og:description\" content=\"De seamless contour shorts zijn high waist en hebben een contour verbeterend vermogen door de naad achter bij de billen!\" \/>\n<meta property=\"og:url\" content=\"https:\/\/fittwear.nl\/de\/produkt-2\/kontur-knirsch-kurz-bordeaux\/\" \/>\n<meta property=\"og:site_name\" content=\"FITTwear.nl\" \/>\n<meta property=\"article:modified_time\" content=\"2026-04-15T22:25:38+00:00\" \/>\n<meta property=\"og:image\" content=\"https:\/\/fittwear.nl\/wp-content\/uploads\/2022\/06\/short-bordeaux-2_Voorkant-onder_jpg_1.jpg\" \/>\n\t<meta property=\"og:image:width\" content=\"1559\" \/>\n\t<meta property=\"og:image:height\" content=\"2339\" \/>\n\t<meta property=\"og:image:type\" content=\"image\/jpeg\" \/>\n<meta name=\"twitter:card\" content=\"summary_large_image\" \/>\n<meta name=\"twitter:label1\" content=\"Gesch\u00e4tzte Lesezeit\" \/>\n\t<meta name=\"twitter:data1\" content=\"1\u00a0Minute\" \/>\n<script type=\"application\/ld+json\" class=\"yoast-schema-graph\">{\"@context\":\"https:\/\/schema.org\",\"@graph\":[{\"@type\":\"WebPage\",\"@id\":\"https:\/\/fittwear.nl\/product\/contour-scrunch-short-bordeaux\/\",\"url\":\"https:\/\/fittwear.nl\/product\/contour-scrunch-short-bordeaux\/\",\"name\":\"Contour Scrunch Short Burgundy - Shorts - FITTwear.nl\",\"isPartOf\":{\"@id\":\"https:\/\/fittwear.nl\/#website\"},\"primaryImageOfPage\":{\"@id\":\"https:\/\/fittwear.nl\/product\/contour-scrunch-short-bordeaux\/#primaryimage\"},\"image\":{\"@id\":\"https:\/\/fittwear.nl\/product\/contour-scrunch-short-bordeaux\/#primaryimage\"},\"thumbnailUrl\":\"https:\/\/fittwear.nl\/wp-content\/uploads\/2022\/06\/short-bordeaux-2_Voorkant-onder_jpg_1.jpg\",\"datePublished\":\"2022-06-22T12:12:59+00:00\",\"dateModified\":\"2026-04-15T22:25:38+00:00\",\"description\":\"De seamless contour shorts zijn high waist en hebben een contour verbeterend vermogen door de naad achter bij de billen!\",\"breadcrumb\":{\"@id\":\"https:\/\/fittwear.nl\/product\/contour-scrunch-short-bordeaux\/#breadcrumb\"},\"inLanguage\":\"de\",\"potentialAction\":[{\"@type\":\"ReadAction\",\"target\":[\"https:\/\/fittwear.nl\/product\/contour-scrunch-short-bordeaux\/\"]}]},{\"@type\":\"ImageObject\",\"inLanguage\":\"de\",\"@id\":\"https:\/\/fittwear.nl\/product\/contour-scrunch-short-bordeaux\/#primaryimage\",\"url\":\"https:\/\/fittwear.nl\/wp-content\/uploads\/2022\/06\/short-bordeaux-2_Voorkant-onder_jpg_1.jpg\",\"contentUrl\":\"https:\/\/fittwear.nl\/wp-content\/uploads\/2022\/06\/short-bordeaux-2_Voorkant-onder_jpg_1.jpg\",\"width\":1559,\"height\":2339},{\"@type\":\"BreadcrumbList\",\"@id\":\"https:\/\/fittwear.nl\/product\/contour-scrunch-short-bordeaux\/#breadcrumb\",\"itemListElement\":[{\"@type\":\"ListItem\",\"position\":1,\"name\":\"Home\",\"item\":\"https:\/\/fittwear.nl\/\"},{\"@type\":\"ListItem\",\"position\":2,\"name\":\"Shop\",\"item\":\"https:\/\/fittwear.nl\/shop\/\"},{\"@type\":\"ListItem\",\"position\":3,\"name\":\"Contour Scrunch Short Burgundy\"}]},{\"@type\":\"WebSite\",\"@id\":\"https:\/\/fittwear.nl\/#website\",\"url\":\"https:\/\/fittwear.nl\/\",\"name\":\"FITTwear.nl\",\"description\":\"Time to shine!\",\"publisher\":{\"@id\":\"https:\/\/fittwear.nl\/#organization\"},\"potentialAction\":[{\"@type\":\"SearchAction\",\"target\":{\"@type\":\"EntryPoint\",\"urlTemplate\":\"https:\/\/fittwear.nl\/?s={search_term_string}\"},\"query-input\":{\"@type\":\"PropertyValueSpecification\",\"valueRequired\":true,\"valueName\":\"search_term_string\"}}],\"inLanguage\":\"de\"},{\"@type\":\"Organization\",\"@id\":\"https:\/\/fittwear.nl\/#organization\",\"name\":\"FITTwear.nl\",\"url\":\"https:\/\/fittwear.nl\/\",\"logo\":{\"@type\":\"ImageObject\",\"inLanguage\":\"de\",\"@id\":\"https:\/\/fittwear.nl\/#\/schema\/logo\/image\/\",\"url\":\"https:\/\/fittwear.nl\/wp-content\/uploads\/2024\/07\/FITT-Logo-BeYOUtiful-website-homepage_Tekengebied-1-scaled.jpg\",\"contentUrl\":\"https:\/\/fittwear.nl\/wp-content\/uploads\/2024\/07\/FITT-Logo-BeYOUtiful-website-homepage_Tekengebied-1-scaled.jpg\",\"width\":2560,\"height\":599,\"caption\":\"FITTwear.nl\"},\"image\":{\"@id\":\"https:\/\/fittwear.nl\/#\/schema\/logo\/image\/\"}}]}<\/script>\n<!-- \/ Yoast SEO plugin. -->","yoast_head_json":{"title":"Contour Scrunch Short Burgundy - Kurze Hosen - FITTwear.nl","description":"Die nahtlosen Contour-Shorts sind hoch tailliert und durch die Naht auf der R\u00fcckseite des Ges\u00e4\u00dfes konturgebend!","robots":{"index":"index","follow":"follow","max-snippet":"max-snippet:-1","max-image-preview":"max-image-preview:large","max-video-preview":"max-video-preview:-1"},"canonical":"https:\/\/fittwear.nl\/de\/produkt-2\/kontur-knirsch-kurz-bordeaux\/","og_locale":"de_DE","og_type":"article","og_title":"Contour Scrunch Short Burgundy - Shorts - FITTwear.nl","og_description":"De seamless contour shorts zijn high waist en hebben een contour verbeterend vermogen door de naad achter bij de billen!","og_url":"https:\/\/fittwear.nl\/de\/produkt-2\/kontur-knirsch-kurz-bordeaux\/","og_site_name":"FITTwear.nl","article_modified_time":"2026-04-15T22:25:38+00:00","og_image":[{"width":1559,"height":2339,"url":"https:\/\/fittwear.nl\/wp-content\/uploads\/2022\/06\/short-bordeaux-2_Voorkant-onder_jpg_1.jpg","type":"image\/jpeg"}],"twitter_card":"summary_large_image","twitter_misc":{"Gesch\u00e4tzte Lesezeit":"1\u00a0Minute"},"schema":{"@context":"https:\/\/schema.org","@graph":[{"@type":"WebPage","@id":"https:\/\/fittwear.nl\/product\/contour-scrunch-short-bordeaux\/","url":"https:\/\/fittwear.nl\/product\/contour-scrunch-short-bordeaux\/","name":"Contour Scrunch Short Burgundy - Kurze Hosen - FITTwear.nl","isPartOf":{"@id":"https:\/\/fittwear.nl\/#website"},"primaryImageOfPage":{"@id":"https:\/\/fittwear.nl\/product\/contour-scrunch-short-bordeaux\/#primaryimage"},"image":{"@id":"https:\/\/fittwear.nl\/product\/contour-scrunch-short-bordeaux\/#primaryimage"},"thumbnailUrl":"https:\/\/fittwear.nl\/wp-content\/uploads\/2022\/06\/short-bordeaux-2_Voorkant-onder_jpg_1.jpg","datePublished":"2022-06-22T12:12:59+00:00","dateModified":"2026-04-15T22:25:38+00:00","description":"Die nahtlosen Contour-Shorts sind hoch tailliert und durch die Naht auf der R\u00fcckseite des Ges\u00e4\u00dfes konturgebend!","breadcrumb":{"@id":"https:\/\/fittwear.nl\/product\/contour-scrunch-short-bordeaux\/#breadcrumb"},"inLanguage":"de","potentialAction":[{"@type":"ReadAction","target":["https:\/\/fittwear.nl\/product\/contour-scrunch-short-bordeaux\/"]}]},{"@type":"ImageObject","inLanguage":"de","@id":"https:\/\/fittwear.nl\/product\/contour-scrunch-short-bordeaux\/#primaryimage","url":"https:\/\/fittwear.nl\/wp-content\/uploads\/2022\/06\/short-bordeaux-2_Voorkant-onder_jpg_1.jpg","contentUrl":"https:\/\/fittwear.nl\/wp-content\/uploads\/2022\/06\/short-bordeaux-2_Voorkant-onder_jpg_1.jpg","width":1559,"height":2339},{"@type":"BreadcrumbList","@id":"https:\/\/fittwear.nl\/product\/contour-scrunch-short-bordeaux\/#breadcrumb","itemListElement":[{"@type":"ListItem","position":1,"name":"Home","item":"https:\/\/fittwear.nl\/"},{"@type":"ListItem","position":2,"name":"Shop","item":"https:\/\/fittwear.nl\/shop\/"},{"@type":"ListItem","position":3,"name":"Contour Scrunch Short Burgundy"}]},{"@type":"WebSite","@id":"https:\/\/fittwear.nl\/#website","url":"https:\/\/fittwear.nl\/","name":"FITTwear.co.uk","description":"Zeit zu gl\u00e4nzen!","publisher":{"@id":"https:\/\/fittwear.nl\/#organization"},"potentialAction":[{"@type":"SearchAction","target":{"@type":"EntryPoint","urlTemplate":"https:\/\/fittwear.nl\/?s={search_term_string}"},"query-input":{"@type":"PropertyValueSpecification","valueRequired":true,"valueName":"search_term_string"}}],"inLanguage":"de"},{"@type":"Organization","@id":"https:\/\/fittwear.nl\/#organization","name":"FITTwear.co.uk","url":"https:\/\/fittwear.nl\/","logo":{"@type":"ImageObject","inLanguage":"de","@id":"https:\/\/fittwear.nl\/#\/schema\/logo\/image\/","url":"https:\/\/fittwear.nl\/wp-content\/uploads\/2024\/07\/FITT-Logo-BeYOUtiful-website-homepage_Tekengebied-1-scaled.jpg","contentUrl":"https:\/\/fittwear.nl\/wp-content\/uploads\/2024\/07\/FITT-Logo-BeYOUtiful-website-homepage_Tekengebied-1-scaled.jpg","width":2560,"height":599,"caption":"FITTwear.nl"},"image":{"@id":"https:\/\/fittwear.nl\/#\/schema\/logo\/image\/"}}]}},"_links":{"self":[{"href":"https:\/\/fittwear.nl\/de\/wp-json\/wp\/v2\/product\/35556","targetHints":{"allow":["GET"]}}],"collection":[{"href":"https:\/\/fittwear.nl\/de\/wp-json\/wp\/v2\/product"}],"about":[{"href":"https:\/\/fittwear.nl\/de\/wp-json\/wp\/v2\/types\/product"}],"wp:featuredmedia":[{"embeddable":true,"href":"https:\/\/fittwear.nl\/de\/wp-json\/wp\/v2\/media\/35562"}],"wp:attachment":[{"href":"https:\/\/fittwear.nl\/de\/wp-json\/wp\/v2\/media?parent=35556"}],"wp:term":[{"taxonomy":"product_brand","embeddable":true,"href":"https:\/\/fittwear.nl\/de\/wp-json\/wp\/v2\/product_brand?post=35556"},{"taxonomy":"product_cat","embeddable":true,"href":"https:\/\/fittwear.nl\/de\/wp-json\/wp\/v2\/product_cat?post=35556"},{"taxonomy":"product_tag","embeddable":true,"href":"https:\/\/fittwear.nl\/de\/wp-json\/wp\/v2\/product_tag?post=35556"}],"curies":[{"name":"wp","href":"https:\/\/api.w.org\/{rel}","templated":true}]}}