{"id":35585,"date":"2022-06-22T15:57:18","date_gmt":"2022-06-22T13:57:18","guid":{"rendered":"https:\/\/fittwear.nl\/?post_type=product&#038;p=35585"},"modified":"2026-05-08T06:13:01","modified_gmt":"2026-05-08T04:13:01","slug":"nahtlos-tanga-terra-2-pack","status":"publish","type":"product","link":"https:\/\/fittwear.nl\/de\/product\/seamless-thong-terra-2-pack\/","title":{"rendered":"Unsichtbarer Tanga Terra 2er-Pack"},"content":{"rendered":"<p>- Nahtloser Tanga<\/p>\n<p>- Satz von 2<\/p>\n<p>- Dehnbar<\/p>\n<p>- Leichter Stoff<\/p>\n<p>- Schnell trocknend<\/p>\n<p>- Waschbar bis zu 30\u00b0<\/p>\n<p>-Farbe: Terra<\/p>","protected":false},"excerpt":{"rendered":"<p>Sie m\u00fcssen sich keine Sorgen mehr \u00fcber durchsichtige Leggings oder sichtbare N\u00e4hte Ihrer Unterw\u00e4sche machen. Denn mit dem nahtlosen Tanga ist das kein Problem mehr! Das nahtlose Design erm\u00f6glicht es Ihnen, Leggings zu tragen, ohne dass Ihre Unterw\u00e4sche sichtbar ist. Der String ist aus leichtem, schnell trocknendem Material gefertigt.<\/p>\n<p>Aus hygienischen Gr\u00fcnden ist es nicht m\u00f6glich, Tangas nach dem Kauf zur\u00fcckzugeben.<\/p>","protected":false},"featured_media":35591,"template":"","meta":{"_acf_changed":false},"product_brand":[],"product_cat":[4812,27,115],"product_tag":[],"class_list":{"0":"post-35585","1":"product","2":"type-product","3":"status-publish","4":"has-post-thumbnail","6":"product_cat-forever-favorites-categorie","7":"product_cat-dames","8":"product_cat-accessoires","10":"first","11":"instock","12":"taxable","13":"shipping-taxable","14":"purchasable","15":"product-type-variable","16":"has-default-attributes"},"acf":[],"yoast_head":"<!-- This site is optimized with the Yoast SEO plugin v27.1.1 - https:\/\/yoast.com\/product\/yoast-seo-wordpress\/ -->\n<title>Invisible Thong Terra 2-pack - Accessoires - FITTwear.nl<\/title>\n<meta name=\"description\" content=\"Geen zorgen meer over doorschijnende leggings of zichtbare naden van je ondergoed. Want met de \u00a0seamless thong heb je hier geen last meer van!\" \/>\n<meta name=\"robots\" content=\"index, follow, max-snippet:-1, max-image-preview:large, max-video-preview:-1\" \/>\n<link rel=\"canonical\" href=\"https:\/\/fittwear.nl\/de\/produkt-2\/nahtlos-tanga-terra-2-pack\/\" \/>\n<meta property=\"og:locale\" content=\"de_DE\" \/>\n<meta property=\"og:type\" content=\"article\" \/>\n<meta property=\"og:title\" content=\"Invisible Thong Terra 2-pack - Accessoires - FITTwear.nl\" \/>\n<meta property=\"og:description\" content=\"Geen zorgen meer over doorschijnende leggings of zichtbare naden van je ondergoed. Want met de \u00a0seamless thong heb je hier geen last meer van!\" \/>\n<meta property=\"og:url\" content=\"https:\/\/fittwear.nl\/de\/produkt-2\/nahtlos-tanga-terra-2-pack\/\" \/>\n<meta property=\"og:site_name\" content=\"FITTwear.nl\" \/>\n<meta property=\"article:modified_time\" content=\"2026-05-08T04:13:01+00:00\" \/>\n<meta property=\"og:image\" content=\"https:\/\/fittwear.nl\/wp-content\/uploads\/2022\/06\/string-terra_Voorkant-onder_jpg_3.jpg\" \/>\n\t<meta property=\"og:image:width\" content=\"1559\" \/>\n\t<meta property=\"og:image:height\" content=\"2338\" \/>\n\t<meta property=\"og:image:type\" content=\"image\/jpeg\" \/>\n<meta name=\"twitter:card\" content=\"summary_large_image\" \/>\n<meta name=\"twitter:label1\" content=\"Gesch\u00e4tzte Lesezeit\" \/>\n\t<meta name=\"twitter:data1\" content=\"1\u00a0Minute\" \/>\n<script type=\"application\/ld+json\" class=\"yoast-schema-graph\">{\"@context\":\"https:\/\/schema.org\",\"@graph\":[{\"@type\":\"WebPage\",\"@id\":\"https:\/\/fittwear.nl\/product\/seamless-thong-terra-2-pack\/\",\"url\":\"https:\/\/fittwear.nl\/product\/seamless-thong-terra-2-pack\/\",\"name\":\"Invisible Thong Terra 2-pack - Accessoires - FITTwear.nl\",\"isPartOf\":{\"@id\":\"https:\/\/fittwear.nl\/#website\"},\"primaryImageOfPage\":{\"@id\":\"https:\/\/fittwear.nl\/product\/seamless-thong-terra-2-pack\/#primaryimage\"},\"image\":{\"@id\":\"https:\/\/fittwear.nl\/product\/seamless-thong-terra-2-pack\/#primaryimage\"},\"thumbnailUrl\":\"https:\/\/fittwear.nl\/wp-content\/uploads\/2022\/06\/string-terra_Voorkant-onder_jpg_3.jpg\",\"datePublished\":\"2022-06-22T13:57:18+00:00\",\"dateModified\":\"2026-05-08T04:13:01+00:00\",\"description\":\"Geen zorgen meer over doorschijnende leggings of zichtbare naden van je ondergoed. Want met de \u00a0seamless thong heb je hier geen last meer van!\",\"breadcrumb\":{\"@id\":\"https:\/\/fittwear.nl\/product\/seamless-thong-terra-2-pack\/#breadcrumb\"},\"inLanguage\":\"de\",\"potentialAction\":[{\"@type\":\"ReadAction\",\"target\":[\"https:\/\/fittwear.nl\/product\/seamless-thong-terra-2-pack\/\"]}]},{\"@type\":\"ImageObject\",\"inLanguage\":\"de\",\"@id\":\"https:\/\/fittwear.nl\/product\/seamless-thong-terra-2-pack\/#primaryimage\",\"url\":\"https:\/\/fittwear.nl\/wp-content\/uploads\/2022\/06\/string-terra_Voorkant-onder_jpg_3.jpg\",\"contentUrl\":\"https:\/\/fittwear.nl\/wp-content\/uploads\/2022\/06\/string-terra_Voorkant-onder_jpg_3.jpg\",\"width\":1559,\"height\":2338},{\"@type\":\"BreadcrumbList\",\"@id\":\"https:\/\/fittwear.nl\/product\/seamless-thong-terra-2-pack\/#breadcrumb\",\"itemListElement\":[{\"@type\":\"ListItem\",\"position\":1,\"name\":\"Home\",\"item\":\"https:\/\/fittwear.nl\/\"},{\"@type\":\"ListItem\",\"position\":2,\"name\":\"Shop\",\"item\":\"https:\/\/fittwear.nl\/shop\/\"},{\"@type\":\"ListItem\",\"position\":3,\"name\":\"Invisible Thong Terra 2-pack\"}]},{\"@type\":\"WebSite\",\"@id\":\"https:\/\/fittwear.nl\/#website\",\"url\":\"https:\/\/fittwear.nl\/\",\"name\":\"FITTwear.nl\",\"description\":\"Time to shine!\",\"publisher\":{\"@id\":\"https:\/\/fittwear.nl\/#organization\"},\"potentialAction\":[{\"@type\":\"SearchAction\",\"target\":{\"@type\":\"EntryPoint\",\"urlTemplate\":\"https:\/\/fittwear.nl\/?s={search_term_string}\"},\"query-input\":{\"@type\":\"PropertyValueSpecification\",\"valueRequired\":true,\"valueName\":\"search_term_string\"}}],\"inLanguage\":\"de\"},{\"@type\":\"Organization\",\"@id\":\"https:\/\/fittwear.nl\/#organization\",\"name\":\"FITTwear.nl\",\"url\":\"https:\/\/fittwear.nl\/\",\"logo\":{\"@type\":\"ImageObject\",\"inLanguage\":\"de\",\"@id\":\"https:\/\/fittwear.nl\/#\/schema\/logo\/image\/\",\"url\":\"https:\/\/fittwear.nl\/wp-content\/uploads\/2024\/07\/FITT-Logo-BeYOUtiful-website-homepage_Tekengebied-1-scaled.jpg\",\"contentUrl\":\"https:\/\/fittwear.nl\/wp-content\/uploads\/2024\/07\/FITT-Logo-BeYOUtiful-website-homepage_Tekengebied-1-scaled.jpg\",\"width\":2560,\"height\":599,\"caption\":\"FITTwear.nl\"},\"image\":{\"@id\":\"https:\/\/fittwear.nl\/#\/schema\/logo\/image\/\"}}]}<\/script>\n<!-- \/ Yoast SEO plugin. -->","yoast_head_json":{"title":"Unsichtbarer Tanga Terra 2er-Pack - Accessoires - FITTwear.nl","description":"Sie m\u00fcssen sich keine Sorgen mehr \u00fcber durchsichtige Leggings oder sichtbare N\u00e4hte an Ihrer Unterw\u00e4sche machen. Denn mit dem nahtlosen Tanga ist das kein Problem mehr!","robots":{"index":"index","follow":"follow","max-snippet":"max-snippet:-1","max-image-preview":"max-image-preview:large","max-video-preview":"max-video-preview:-1"},"canonical":"https:\/\/fittwear.nl\/de\/produkt-2\/nahtlos-tanga-terra-2-pack\/","og_locale":"de_DE","og_type":"article","og_title":"Invisible Thong Terra 2-pack - Accessoires - FITTwear.nl","og_description":"Geen zorgen meer over doorschijnende leggings of zichtbare naden van je ondergoed. Want met de \u00a0seamless thong heb je hier geen last meer van!","og_url":"https:\/\/fittwear.nl\/de\/produkt-2\/nahtlos-tanga-terra-2-pack\/","og_site_name":"FITTwear.nl","article_modified_time":"2026-05-08T04:13:01+00:00","og_image":[{"width":1559,"height":2338,"url":"https:\/\/fittwear.nl\/wp-content\/uploads\/2022\/06\/string-terra_Voorkant-onder_jpg_3.jpg","type":"image\/jpeg"}],"twitter_card":"summary_large_image","twitter_misc":{"Gesch\u00e4tzte Lesezeit":"1\u00a0Minute"},"schema":{"@context":"https:\/\/schema.org","@graph":[{"@type":"WebPage","@id":"https:\/\/fittwear.nl\/product\/seamless-thong-terra-2-pack\/","url":"https:\/\/fittwear.nl\/product\/seamless-thong-terra-2-pack\/","name":"Unsichtbarer Tanga Terra 2er-Pack - Accessoires - FITTwear.nl","isPartOf":{"@id":"https:\/\/fittwear.nl\/#website"},"primaryImageOfPage":{"@id":"https:\/\/fittwear.nl\/product\/seamless-thong-terra-2-pack\/#primaryimage"},"image":{"@id":"https:\/\/fittwear.nl\/product\/seamless-thong-terra-2-pack\/#primaryimage"},"thumbnailUrl":"https:\/\/fittwear.nl\/wp-content\/uploads\/2022\/06\/string-terra_Voorkant-onder_jpg_3.jpg","datePublished":"2022-06-22T13:57:18+00:00","dateModified":"2026-05-08T04:13:01+00:00","description":"Sie m\u00fcssen sich keine Sorgen mehr \u00fcber durchsichtige Leggings oder sichtbare N\u00e4hte an Ihrer Unterw\u00e4sche machen. Denn mit dem nahtlosen Tanga ist das kein Problem mehr!","breadcrumb":{"@id":"https:\/\/fittwear.nl\/product\/seamless-thong-terra-2-pack\/#breadcrumb"},"inLanguage":"de","potentialAction":[{"@type":"ReadAction","target":["https:\/\/fittwear.nl\/product\/seamless-thong-terra-2-pack\/"]}]},{"@type":"ImageObject","inLanguage":"de","@id":"https:\/\/fittwear.nl\/product\/seamless-thong-terra-2-pack\/#primaryimage","url":"https:\/\/fittwear.nl\/wp-content\/uploads\/2022\/06\/string-terra_Voorkant-onder_jpg_3.jpg","contentUrl":"https:\/\/fittwear.nl\/wp-content\/uploads\/2022\/06\/string-terra_Voorkant-onder_jpg_3.jpg","width":1559,"height":2338},{"@type":"BreadcrumbList","@id":"https:\/\/fittwear.nl\/product\/seamless-thong-terra-2-pack\/#breadcrumb","itemListElement":[{"@type":"ListItem","position":1,"name":"Home","item":"https:\/\/fittwear.nl\/"},{"@type":"ListItem","position":2,"name":"Shop","item":"https:\/\/fittwear.nl\/shop\/"},{"@type":"ListItem","position":3,"name":"Invisible Thong Terra 2-pack"}]},{"@type":"WebSite","@id":"https:\/\/fittwear.nl\/#website","url":"https:\/\/fittwear.nl\/","name":"FITTwear.co.uk","description":"Zeit zu gl\u00e4nzen!","publisher":{"@id":"https:\/\/fittwear.nl\/#organization"},"potentialAction":[{"@type":"SearchAction","target":{"@type":"EntryPoint","urlTemplate":"https:\/\/fittwear.nl\/?s={search_term_string}"},"query-input":{"@type":"PropertyValueSpecification","valueRequired":true,"valueName":"search_term_string"}}],"inLanguage":"de"},{"@type":"Organization","@id":"https:\/\/fittwear.nl\/#organization","name":"FITTwear.co.uk","url":"https:\/\/fittwear.nl\/","logo":{"@type":"ImageObject","inLanguage":"de","@id":"https:\/\/fittwear.nl\/#\/schema\/logo\/image\/","url":"https:\/\/fittwear.nl\/wp-content\/uploads\/2024\/07\/FITT-Logo-BeYOUtiful-website-homepage_Tekengebied-1-scaled.jpg","contentUrl":"https:\/\/fittwear.nl\/wp-content\/uploads\/2024\/07\/FITT-Logo-BeYOUtiful-website-homepage_Tekengebied-1-scaled.jpg","width":2560,"height":599,"caption":"FITTwear.nl"},"image":{"@id":"https:\/\/fittwear.nl\/#\/schema\/logo\/image\/"}}]}},"_links":{"self":[{"href":"https:\/\/fittwear.nl\/de\/wp-json\/wp\/v2\/product\/35585","targetHints":{"allow":["GET"]}}],"collection":[{"href":"https:\/\/fittwear.nl\/de\/wp-json\/wp\/v2\/product"}],"about":[{"href":"https:\/\/fittwear.nl\/de\/wp-json\/wp\/v2\/types\/product"}],"wp:featuredmedia":[{"embeddable":true,"href":"https:\/\/fittwear.nl\/de\/wp-json\/wp\/v2\/media\/35591"}],"wp:attachment":[{"href":"https:\/\/fittwear.nl\/de\/wp-json\/wp\/v2\/media?parent=35585"}],"wp:term":[{"taxonomy":"product_brand","embeddable":true,"href":"https:\/\/fittwear.nl\/de\/wp-json\/wp\/v2\/product_brand?post=35585"},{"taxonomy":"product_cat","embeddable":true,"href":"https:\/\/fittwear.nl\/de\/wp-json\/wp\/v2\/product_cat?post=35585"},{"taxonomy":"product_tag","embeddable":true,"href":"https:\/\/fittwear.nl\/de\/wp-json\/wp\/v2\/product_tag?post=35585"}],"curies":[{"name":"wp","href":"https:\/\/api.w.org\/{rel}","templated":true}]}}