{"id":37265,"date":"2022-07-08T11:13:16","date_gmt":"2022-07-08T09:13:16","guid":{"rendered":"https:\/\/fittwear.nl\/?post_type=product&#038;p=37265"},"modified":"2026-04-17T01:42:46","modified_gmt":"2026-04-16T23:42:46","slug":"kurven-legging-hellgrau","status":"publish","type":"product","link":"https:\/\/fittwear.nl\/de\/product\/curve-legging-light-grey\/","title":{"rendered":"Kurvenleggings Hellgrau"},"content":{"rendered":"<p>-Leggings mit hoher Taille und geripptem Hochbund<\/p>\n<p>-Nahtlos<\/p>\n<p>-Gesticktes Logo auf der R\u00fcckseite der Leggings<\/p>\n<p>-Bleibt an seinem Platz und verrutscht nicht<\/p>\n<p>-Hergestellt aus 90% Nylon, 10% Spandex<\/p>\n<p>-Waschbar bis zu 30\u00b0<\/p>\n<p>-Farbe: Grau<\/p>","protected":false},"excerpt":{"rendered":"<p><strong>Gr\u00f6\u00dfe: F\u00e4llt ger\u00e4umig aus, wir empfehlen eine Nummer kleiner zu bestellen!\u00a0<\/strong><\/p>\n<p>Die Curve Seamless Leggings sind die perfekten Leggings f\u00fcr jedes Workout! Es ist komplett aus nahtlosem und dehnbarem Material gefertigt und daher sehr bequem. Die Konturlinien an den Oberschenkeln und unten am Ges\u00e4\u00df sorgen daf\u00fcr, dass Ihre nat\u00fcrlichen Formen betont werden. Die Leggings hat einen gerippten Bund, der f\u00fcr einen sicheren Sitz sorgt, und geht hinten in eine V-Form \u00fcber, um Ihren Po noch mehr zu betonen.<\/p>\n<p><strong>Model Faye ist 1,74 und tr\u00e4gt Gr\u00f6\u00dfe S<\/strong><br \/>\nWir empfehlen das Tragen von 1 unserer unsichtbaren oder nahtlosen Strings mit diesem<\/p>","protected":false},"featured_media":42846,"template":"","meta":{"_acf_changed":false},"product_brand":[],"product_cat":[27,54,28,4743,85,86,63],"product_tag":[],"class_list":{"0":"post-37265","1":"product","2":"type-product","3":"status-publish","4":"has-post-thumbnail","6":"product_cat-dames","7":"product_cat-new","8":"product_cat-leggings","9":"product_cat-geen-scrunch","10":"product_cat-seamless","11":"product_cat-effen","12":"product_cat-curves","14":"first","15":"outofstock","16":"taxable","17":"shipping-taxable","18":"product-type-variable","19":"has-default-attributes"},"acf":[],"yoast_head":"<!-- This site is optimized with the Yoast SEO plugin v27.1.1 - https:\/\/yoast.com\/product\/yoast-seo-wordpress\/ -->\n<title>Curve Legging Light Grey - FITTwear.nl<\/title>\n<meta name=\"description\" content=\"De contour lijnen op de bovenbenen en onder bij de billen zorgen ervoor dat jouw natuurlijke vormen worden geaccentueerd.\" \/>\n<meta name=\"robots\" content=\"index, follow, max-snippet:-1, max-image-preview:large, max-video-preview:-1\" \/>\n<link rel=\"canonical\" href=\"https:\/\/fittwear.nl\/de\/produkt-2\/kurven-legging-hellgrau\/\" \/>\n<meta property=\"og:locale\" content=\"de_DE\" \/>\n<meta property=\"og:type\" content=\"article\" \/>\n<meta property=\"og:title\" content=\"Curve Legging Light Grey - FITTwear.nl\" \/>\n<meta property=\"og:description\" content=\"De contour lijnen op de bovenbenen en onder bij de billen zorgen ervoor dat jouw natuurlijke vormen worden geaccentueerd.\" \/>\n<meta property=\"og:url\" content=\"https:\/\/fittwear.nl\/de\/produkt-2\/kurven-legging-hellgrau\/\" \/>\n<meta property=\"og:site_name\" content=\"FITTwear.nl\" \/>\n<meta property=\"article:modified_time\" content=\"2026-04-16T23:42:46+00:00\" \/>\n<meta property=\"og:image\" content=\"https:\/\/fittwear.nl\/wp-content\/uploads\/2022\/07\/curve-grijs_Voorkant-onder_jpg_4.jpg\" \/>\n\t<meta property=\"og:image:width\" content=\"1200\" \/>\n\t<meta property=\"og:image:height\" content=\"1800\" \/>\n\t<meta property=\"og:image:type\" content=\"image\/jpeg\" \/>\n<meta name=\"twitter:card\" content=\"summary_large_image\" \/>\n<meta name=\"twitter:label1\" content=\"Gesch\u00e4tzte Lesezeit\" \/>\n\t<meta name=\"twitter:data1\" content=\"1\u00a0Minute\" \/>\n<script type=\"application\/ld+json\" class=\"yoast-schema-graph\">{\"@context\":\"https:\/\/schema.org\",\"@graph\":[{\"@type\":\"WebPage\",\"@id\":\"https:\/\/fittwear.nl\/product\/curve-legging-light-grey\/\",\"url\":\"https:\/\/fittwear.nl\/product\/curve-legging-light-grey\/\",\"name\":\"Curve Legging Light Grey - FITTwear.nl\",\"isPartOf\":{\"@id\":\"https:\/\/fittwear.nl\/#website\"},\"primaryImageOfPage\":{\"@id\":\"https:\/\/fittwear.nl\/product\/curve-legging-light-grey\/#primaryimage\"},\"image\":{\"@id\":\"https:\/\/fittwear.nl\/product\/curve-legging-light-grey\/#primaryimage\"},\"thumbnailUrl\":\"https:\/\/fittwear.nl\/wp-content\/uploads\/2022\/07\/curve-grijs_Voorkant-onder_jpg_4.jpg\",\"datePublished\":\"2022-07-08T09:13:16+00:00\",\"dateModified\":\"2026-04-16T23:42:46+00:00\",\"description\":\"De contour lijnen op de bovenbenen en onder bij de billen zorgen ervoor dat jouw natuurlijke vormen worden geaccentueerd.\",\"breadcrumb\":{\"@id\":\"https:\/\/fittwear.nl\/product\/curve-legging-light-grey\/#breadcrumb\"},\"inLanguage\":\"de\",\"potentialAction\":[{\"@type\":\"ReadAction\",\"target\":[\"https:\/\/fittwear.nl\/product\/curve-legging-light-grey\/\"]}]},{\"@type\":\"ImageObject\",\"inLanguage\":\"de\",\"@id\":\"https:\/\/fittwear.nl\/product\/curve-legging-light-grey\/#primaryimage\",\"url\":\"https:\/\/fittwear.nl\/wp-content\/uploads\/2022\/07\/curve-grijs_Voorkant-onder_jpg_4.jpg\",\"contentUrl\":\"https:\/\/fittwear.nl\/wp-content\/uploads\/2022\/07\/curve-grijs_Voorkant-onder_jpg_4.jpg\",\"width\":1200,\"height\":1800},{\"@type\":\"BreadcrumbList\",\"@id\":\"https:\/\/fittwear.nl\/product\/curve-legging-light-grey\/#breadcrumb\",\"itemListElement\":[{\"@type\":\"ListItem\",\"position\":1,\"name\":\"Home\",\"item\":\"https:\/\/fittwear.nl\/\"},{\"@type\":\"ListItem\",\"position\":2,\"name\":\"Shop\",\"item\":\"https:\/\/fittwear.nl\/shop\/\"},{\"@type\":\"ListItem\",\"position\":3,\"name\":\"Curve Legging Light Grey\"}]},{\"@type\":\"WebSite\",\"@id\":\"https:\/\/fittwear.nl\/#website\",\"url\":\"https:\/\/fittwear.nl\/\",\"name\":\"FITTwear.nl\",\"description\":\"Time to shine!\",\"publisher\":{\"@id\":\"https:\/\/fittwear.nl\/#organization\"},\"potentialAction\":[{\"@type\":\"SearchAction\",\"target\":{\"@type\":\"EntryPoint\",\"urlTemplate\":\"https:\/\/fittwear.nl\/?s={search_term_string}\"},\"query-input\":{\"@type\":\"PropertyValueSpecification\",\"valueRequired\":true,\"valueName\":\"search_term_string\"}}],\"inLanguage\":\"de\"},{\"@type\":\"Organization\",\"@id\":\"https:\/\/fittwear.nl\/#organization\",\"name\":\"FITTwear.nl\",\"url\":\"https:\/\/fittwear.nl\/\",\"logo\":{\"@type\":\"ImageObject\",\"inLanguage\":\"de\",\"@id\":\"https:\/\/fittwear.nl\/#\/schema\/logo\/image\/\",\"url\":\"https:\/\/fittwear.nl\/wp-content\/uploads\/2024\/07\/FITT-Logo-BeYOUtiful-website-homepage_Tekengebied-1-scaled.jpg\",\"contentUrl\":\"https:\/\/fittwear.nl\/wp-content\/uploads\/2024\/07\/FITT-Logo-BeYOUtiful-website-homepage_Tekengebied-1-scaled.jpg\",\"width\":2560,\"height\":599,\"caption\":\"FITTwear.nl\"},\"image\":{\"@id\":\"https:\/\/fittwear.nl\/#\/schema\/logo\/image\/\"}}]}<\/script>\n<!-- \/ Yoast SEO plugin. -->","yoast_head_json":{"title":"Curve Legging Hellgrau - FITTwear.de","description":"Die Konturlinien an den Oberschenkeln und unten am Ges\u00e4\u00df sorgen daf\u00fcr, dass Ihre nat\u00fcrlichen Formen betont werden.","robots":{"index":"index","follow":"follow","max-snippet":"max-snippet:-1","max-image-preview":"max-image-preview:large","max-video-preview":"max-video-preview:-1"},"canonical":"https:\/\/fittwear.nl\/de\/produkt-2\/kurven-legging-hellgrau\/","og_locale":"de_DE","og_type":"article","og_title":"Curve Legging Light Grey - FITTwear.nl","og_description":"De contour lijnen op de bovenbenen en onder bij de billen zorgen ervoor dat jouw natuurlijke vormen worden geaccentueerd.","og_url":"https:\/\/fittwear.nl\/de\/produkt-2\/kurven-legging-hellgrau\/","og_site_name":"FITTwear.nl","article_modified_time":"2026-04-16T23:42:46+00:00","og_image":[{"width":1200,"height":1800,"url":"https:\/\/fittwear.nl\/wp-content\/uploads\/2022\/07\/curve-grijs_Voorkant-onder_jpg_4.jpg","type":"image\/jpeg"}],"twitter_card":"summary_large_image","twitter_misc":{"Gesch\u00e4tzte Lesezeit":"1\u00a0Minute"},"schema":{"@context":"https:\/\/schema.org","@graph":[{"@type":"WebPage","@id":"https:\/\/fittwear.nl\/product\/curve-legging-light-grey\/","url":"https:\/\/fittwear.nl\/product\/curve-legging-light-grey\/","name":"Curve Legging Hellgrau - FITTwear.de","isPartOf":{"@id":"https:\/\/fittwear.nl\/#website"},"primaryImageOfPage":{"@id":"https:\/\/fittwear.nl\/product\/curve-legging-light-grey\/#primaryimage"},"image":{"@id":"https:\/\/fittwear.nl\/product\/curve-legging-light-grey\/#primaryimage"},"thumbnailUrl":"https:\/\/fittwear.nl\/wp-content\/uploads\/2022\/07\/curve-grijs_Voorkant-onder_jpg_4.jpg","datePublished":"2022-07-08T09:13:16+00:00","dateModified":"2026-04-16T23:42:46+00:00","description":"Die Konturlinien an den Oberschenkeln und unten am Ges\u00e4\u00df sorgen daf\u00fcr, dass Ihre nat\u00fcrlichen Formen betont werden.","breadcrumb":{"@id":"https:\/\/fittwear.nl\/product\/curve-legging-light-grey\/#breadcrumb"},"inLanguage":"de","potentialAction":[{"@type":"ReadAction","target":["https:\/\/fittwear.nl\/product\/curve-legging-light-grey\/"]}]},{"@type":"ImageObject","inLanguage":"de","@id":"https:\/\/fittwear.nl\/product\/curve-legging-light-grey\/#primaryimage","url":"https:\/\/fittwear.nl\/wp-content\/uploads\/2022\/07\/curve-grijs_Voorkant-onder_jpg_4.jpg","contentUrl":"https:\/\/fittwear.nl\/wp-content\/uploads\/2022\/07\/curve-grijs_Voorkant-onder_jpg_4.jpg","width":1200,"height":1800},{"@type":"BreadcrumbList","@id":"https:\/\/fittwear.nl\/product\/curve-legging-light-grey\/#breadcrumb","itemListElement":[{"@type":"ListItem","position":1,"name":"Home","item":"https:\/\/fittwear.nl\/"},{"@type":"ListItem","position":2,"name":"Shop","item":"https:\/\/fittwear.nl\/shop\/"},{"@type":"ListItem","position":3,"name":"Curve Legging Light Grey"}]},{"@type":"WebSite","@id":"https:\/\/fittwear.nl\/#website","url":"https:\/\/fittwear.nl\/","name":"FITTwear.co.uk","description":"Zeit zu gl\u00e4nzen!","publisher":{"@id":"https:\/\/fittwear.nl\/#organization"},"potentialAction":[{"@type":"SearchAction","target":{"@type":"EntryPoint","urlTemplate":"https:\/\/fittwear.nl\/?s={search_term_string}"},"query-input":{"@type":"PropertyValueSpecification","valueRequired":true,"valueName":"search_term_string"}}],"inLanguage":"de"},{"@type":"Organization","@id":"https:\/\/fittwear.nl\/#organization","name":"FITTwear.co.uk","url":"https:\/\/fittwear.nl\/","logo":{"@type":"ImageObject","inLanguage":"de","@id":"https:\/\/fittwear.nl\/#\/schema\/logo\/image\/","url":"https:\/\/fittwear.nl\/wp-content\/uploads\/2024\/07\/FITT-Logo-BeYOUtiful-website-homepage_Tekengebied-1-scaled.jpg","contentUrl":"https:\/\/fittwear.nl\/wp-content\/uploads\/2024\/07\/FITT-Logo-BeYOUtiful-website-homepage_Tekengebied-1-scaled.jpg","width":2560,"height":599,"caption":"FITTwear.nl"},"image":{"@id":"https:\/\/fittwear.nl\/#\/schema\/logo\/image\/"}}]}},"_links":{"self":[{"href":"https:\/\/fittwear.nl\/de\/wp-json\/wp\/v2\/product\/37265","targetHints":{"allow":["GET"]}}],"collection":[{"href":"https:\/\/fittwear.nl\/de\/wp-json\/wp\/v2\/product"}],"about":[{"href":"https:\/\/fittwear.nl\/de\/wp-json\/wp\/v2\/types\/product"}],"wp:featuredmedia":[{"embeddable":true,"href":"https:\/\/fittwear.nl\/de\/wp-json\/wp\/v2\/media\/42846"}],"wp:attachment":[{"href":"https:\/\/fittwear.nl\/de\/wp-json\/wp\/v2\/media?parent=37265"}],"wp:term":[{"taxonomy":"product_brand","embeddable":true,"href":"https:\/\/fittwear.nl\/de\/wp-json\/wp\/v2\/product_brand?post=37265"},{"taxonomy":"product_cat","embeddable":true,"href":"https:\/\/fittwear.nl\/de\/wp-json\/wp\/v2\/product_cat?post=37265"},{"taxonomy":"product_tag","embeddable":true,"href":"https:\/\/fittwear.nl\/de\/wp-json\/wp\/v2\/product_tag?post=37265"}],"curies":[{"name":"wp","href":"https:\/\/api.w.org\/{rel}","templated":true}]}}