{"id":37339,"date":"2022-07-08T14:02:33","date_gmt":"2022-07-08T12:02:33","guid":{"rendered":"https:\/\/fittwear.nl\/?post_type=product&#038;p=37339"},"modified":"2026-04-16T00:23:39","modified_gmt":"2026-04-15T22:23:39","slug":"kurvenlegende-mokka","status":"publish","type":"product","link":"https:\/\/fittwear.nl\/de\/product\/curve-legging-mocha\/","title":{"rendered":"Kurven-Leggings Mokka"},"content":{"rendered":"<p>-Leggings mit hoher Taille und geripptem Hochbund<\/p>\n<p>-Nahtlos<\/p>\n<p>-Gesticktes Logo auf der R\u00fcckseite der Leggings<\/p>\n<p>-Bleibt an seinem Platz und verrutscht nicht<\/p>\n<p>-Hergestellt aus 90% Nylon, 10% Spandex<\/p>\n<p>-Waschbar bis zu 30\u00b0<\/p>\n<p>-Farbe: Mokka<\/p>","protected":false},"excerpt":{"rendered":"<p><strong>Gr\u00f6\u00dfe: F\u00e4llt ger\u00e4umig aus, wir empfehlen eine Nummer kleiner zu bestellen!\u00a0<\/strong><\/p>\n<p>Die Curve Seamless Leggings sind die perfekten Leggings f\u00fcr jedes Workout! Es ist komplett aus nahtlosem und dehnbarem Material gefertigt und daher sehr bequem. Die Konturlinien an den Oberschenkeln und unten am Ges\u00e4\u00df sorgen daf\u00fcr, dass Ihre nat\u00fcrlichen Formen betont werden. Die Leggings hat einen gerippten Bund, der f\u00fcr einen sicheren Sitz sorgt, und geht hinten in eine V-Form \u00fcber, um Ihren Po noch mehr zu betonen.<\/p>\n<p><strong>Model Sigrid ist 1,82 und tr\u00e4gt Gr\u00f6\u00dfe L<\/strong><\/p>\n<p>F\u00fcr eine perfekte Squat-Proof-Erfahrung empfehlen wir einen unsichtbaren Tanga!<\/p>","protected":false},"featured_media":42703,"template":"","meta":{"_acf_changed":false},"product_brand":[],"product_cat":[63,4796,27,86,4743,28,54,85],"product_tag":[],"class_list":{"0":"post-37339","1":"product","2":"type-product","3":"status-publish","4":"has-post-thumbnail","6":"product_cat-curves","7":"product_cat-cute-in-neutrals","8":"product_cat-dames","9":"product_cat-effen","10":"product_cat-geen-scrunch","11":"product_cat-leggings","12":"product_cat-new","13":"product_cat-seamless","15":"first","16":"outofstock","17":"taxable","18":"shipping-taxable","19":"product-type-variable","20":"has-default-attributes"},"acf":[],"yoast_head":"<!-- This site is optimized with the Yoast SEO plugin v27.1.1 - https:\/\/yoast.com\/product\/yoast-seo-wordpress\/ -->\n<title>Curve Legging Mocha - FITTwear.nl<\/title>\n<meta name=\"description\" content=\"De contour lijnen op de bovenbenen en onder bij de billen zorgen ervoor dat jouw natuurlijke vormen worden geaccentueerd.\" \/>\n<meta name=\"robots\" content=\"index, follow, max-snippet:-1, max-image-preview:large, max-video-preview:-1\" \/>\n<link rel=\"canonical\" href=\"https:\/\/fittwear.nl\/de\/produkt-2\/kurvenlegende-mokka\/\" \/>\n<meta property=\"og:locale\" content=\"de_DE\" \/>\n<meta property=\"og:type\" content=\"article\" \/>\n<meta property=\"og:title\" content=\"Curve Legging Mocha - FITTwear.nl\" \/>\n<meta property=\"og:description\" content=\"De contour lijnen op de bovenbenen en onder bij de billen zorgen ervoor dat jouw natuurlijke vormen worden geaccentueerd.\" \/>\n<meta property=\"og:url\" content=\"https:\/\/fittwear.nl\/de\/produkt-2\/kurvenlegende-mokka\/\" \/>\n<meta property=\"og:site_name\" content=\"FITTwear.nl\" \/>\n<meta property=\"article:modified_time\" content=\"2026-04-15T22:23:39+00:00\" \/>\n<meta property=\"og:image\" content=\"https:\/\/fittwear.nl\/wp-content\/uploads\/2022\/07\/curve-bruin_Voorkant-onder_jpg_3.jpg\" \/>\n\t<meta property=\"og:image:width\" content=\"1200\" \/>\n\t<meta property=\"og:image:height\" content=\"1800\" \/>\n\t<meta property=\"og:image:type\" content=\"image\/jpeg\" \/>\n<meta name=\"twitter:card\" content=\"summary_large_image\" \/>\n<meta name=\"twitter:label1\" content=\"Gesch\u00e4tzte Lesezeit\" \/>\n\t<meta name=\"twitter:data1\" content=\"1\u00a0Minute\" \/>\n<script type=\"application\/ld+json\" class=\"yoast-schema-graph\">{\"@context\":\"https:\/\/schema.org\",\"@graph\":[{\"@type\":\"WebPage\",\"@id\":\"https:\/\/fittwear.nl\/product\/curve-legging-mocha\/\",\"url\":\"https:\/\/fittwear.nl\/product\/curve-legging-mocha\/\",\"name\":\"Curve Legging Mocha - FITTwear.nl\",\"isPartOf\":{\"@id\":\"https:\/\/fittwear.nl\/#website\"},\"primaryImageOfPage\":{\"@id\":\"https:\/\/fittwear.nl\/product\/curve-legging-mocha\/#primaryimage\"},\"image\":{\"@id\":\"https:\/\/fittwear.nl\/product\/curve-legging-mocha\/#primaryimage\"},\"thumbnailUrl\":\"https:\/\/fittwear.nl\/wp-content\/uploads\/2022\/07\/curve-bruin_Voorkant-onder_jpg_3.jpg\",\"datePublished\":\"2022-07-08T12:02:33+00:00\",\"dateModified\":\"2026-04-15T22:23:39+00:00\",\"description\":\"De contour lijnen op de bovenbenen en onder bij de billen zorgen ervoor dat jouw natuurlijke vormen worden geaccentueerd.\",\"breadcrumb\":{\"@id\":\"https:\/\/fittwear.nl\/product\/curve-legging-mocha\/#breadcrumb\"},\"inLanguage\":\"de\",\"potentialAction\":[{\"@type\":\"ReadAction\",\"target\":[\"https:\/\/fittwear.nl\/product\/curve-legging-mocha\/\"]}]},{\"@type\":\"ImageObject\",\"inLanguage\":\"de\",\"@id\":\"https:\/\/fittwear.nl\/product\/curve-legging-mocha\/#primaryimage\",\"url\":\"https:\/\/fittwear.nl\/wp-content\/uploads\/2022\/07\/curve-bruin_Voorkant-onder_jpg_3.jpg\",\"contentUrl\":\"https:\/\/fittwear.nl\/wp-content\/uploads\/2022\/07\/curve-bruin_Voorkant-onder_jpg_3.jpg\",\"width\":1200,\"height\":1800},{\"@type\":\"BreadcrumbList\",\"@id\":\"https:\/\/fittwear.nl\/product\/curve-legging-mocha\/#breadcrumb\",\"itemListElement\":[{\"@type\":\"ListItem\",\"position\":1,\"name\":\"Home\",\"item\":\"https:\/\/fittwear.nl\/\"},{\"@type\":\"ListItem\",\"position\":2,\"name\":\"Shop\",\"item\":\"https:\/\/fittwear.nl\/shop\/\"},{\"@type\":\"ListItem\",\"position\":3,\"name\":\"Curve Legging Mocha\"}]},{\"@type\":\"WebSite\",\"@id\":\"https:\/\/fittwear.nl\/#website\",\"url\":\"https:\/\/fittwear.nl\/\",\"name\":\"FITTwear.nl\",\"description\":\"Time to shine!\",\"publisher\":{\"@id\":\"https:\/\/fittwear.nl\/#organization\"},\"potentialAction\":[{\"@type\":\"SearchAction\",\"target\":{\"@type\":\"EntryPoint\",\"urlTemplate\":\"https:\/\/fittwear.nl\/?s={search_term_string}\"},\"query-input\":{\"@type\":\"PropertyValueSpecification\",\"valueRequired\":true,\"valueName\":\"search_term_string\"}}],\"inLanguage\":\"de\"},{\"@type\":\"Organization\",\"@id\":\"https:\/\/fittwear.nl\/#organization\",\"name\":\"FITTwear.nl\",\"url\":\"https:\/\/fittwear.nl\/\",\"logo\":{\"@type\":\"ImageObject\",\"inLanguage\":\"de\",\"@id\":\"https:\/\/fittwear.nl\/#\/schema\/logo\/image\/\",\"url\":\"https:\/\/fittwear.nl\/wp-content\/uploads\/2024\/07\/FITT-Logo-BeYOUtiful-website-homepage_Tekengebied-1-scaled.jpg\",\"contentUrl\":\"https:\/\/fittwear.nl\/wp-content\/uploads\/2024\/07\/FITT-Logo-BeYOUtiful-website-homepage_Tekengebied-1-scaled.jpg\",\"width\":2560,\"height\":599,\"caption\":\"FITTwear.nl\"},\"image\":{\"@id\":\"https:\/\/fittwear.nl\/#\/schema\/logo\/image\/\"}}]}<\/script>\n<!-- \/ Yoast SEO plugin. -->","yoast_head_json":{"title":"Curve Legging Mocha - FITTwear.de","description":"Die Konturlinien an den Oberschenkeln und unten am Ges\u00e4\u00df sorgen daf\u00fcr, dass Ihre nat\u00fcrlichen Formen betont werden.","robots":{"index":"index","follow":"follow","max-snippet":"max-snippet:-1","max-image-preview":"max-image-preview:large","max-video-preview":"max-video-preview:-1"},"canonical":"https:\/\/fittwear.nl\/de\/produkt-2\/kurvenlegende-mokka\/","og_locale":"de_DE","og_type":"article","og_title":"Curve Legging Mocha - FITTwear.nl","og_description":"De contour lijnen op de bovenbenen en onder bij de billen zorgen ervoor dat jouw natuurlijke vormen worden geaccentueerd.","og_url":"https:\/\/fittwear.nl\/de\/produkt-2\/kurvenlegende-mokka\/","og_site_name":"FITTwear.nl","article_modified_time":"2026-04-15T22:23:39+00:00","og_image":[{"width":1200,"height":1800,"url":"https:\/\/fittwear.nl\/wp-content\/uploads\/2022\/07\/curve-bruin_Voorkant-onder_jpg_3.jpg","type":"image\/jpeg"}],"twitter_card":"summary_large_image","twitter_misc":{"Gesch\u00e4tzte Lesezeit":"1\u00a0Minute"},"schema":{"@context":"https:\/\/schema.org","@graph":[{"@type":"WebPage","@id":"https:\/\/fittwear.nl\/product\/curve-legging-mocha\/","url":"https:\/\/fittwear.nl\/product\/curve-legging-mocha\/","name":"Curve Legging Mocha - FITTwear.de","isPartOf":{"@id":"https:\/\/fittwear.nl\/#website"},"primaryImageOfPage":{"@id":"https:\/\/fittwear.nl\/product\/curve-legging-mocha\/#primaryimage"},"image":{"@id":"https:\/\/fittwear.nl\/product\/curve-legging-mocha\/#primaryimage"},"thumbnailUrl":"https:\/\/fittwear.nl\/wp-content\/uploads\/2022\/07\/curve-bruin_Voorkant-onder_jpg_3.jpg","datePublished":"2022-07-08T12:02:33+00:00","dateModified":"2026-04-15T22:23:39+00:00","description":"Die Konturlinien an den Oberschenkeln und unten am Ges\u00e4\u00df sorgen daf\u00fcr, dass Ihre nat\u00fcrlichen Formen betont werden.","breadcrumb":{"@id":"https:\/\/fittwear.nl\/product\/curve-legging-mocha\/#breadcrumb"},"inLanguage":"de","potentialAction":[{"@type":"ReadAction","target":["https:\/\/fittwear.nl\/product\/curve-legging-mocha\/"]}]},{"@type":"ImageObject","inLanguage":"de","@id":"https:\/\/fittwear.nl\/product\/curve-legging-mocha\/#primaryimage","url":"https:\/\/fittwear.nl\/wp-content\/uploads\/2022\/07\/curve-bruin_Voorkant-onder_jpg_3.jpg","contentUrl":"https:\/\/fittwear.nl\/wp-content\/uploads\/2022\/07\/curve-bruin_Voorkant-onder_jpg_3.jpg","width":1200,"height":1800},{"@type":"BreadcrumbList","@id":"https:\/\/fittwear.nl\/product\/curve-legging-mocha\/#breadcrumb","itemListElement":[{"@type":"ListItem","position":1,"name":"Home","item":"https:\/\/fittwear.nl\/"},{"@type":"ListItem","position":2,"name":"Shop","item":"https:\/\/fittwear.nl\/shop\/"},{"@type":"ListItem","position":3,"name":"Curve Legging Mocha"}]},{"@type":"WebSite","@id":"https:\/\/fittwear.nl\/#website","url":"https:\/\/fittwear.nl\/","name":"FITTwear.co.uk","description":"Zeit zu gl\u00e4nzen!","publisher":{"@id":"https:\/\/fittwear.nl\/#organization"},"potentialAction":[{"@type":"SearchAction","target":{"@type":"EntryPoint","urlTemplate":"https:\/\/fittwear.nl\/?s={search_term_string}"},"query-input":{"@type":"PropertyValueSpecification","valueRequired":true,"valueName":"search_term_string"}}],"inLanguage":"de"},{"@type":"Organization","@id":"https:\/\/fittwear.nl\/#organization","name":"FITTwear.co.uk","url":"https:\/\/fittwear.nl\/","logo":{"@type":"ImageObject","inLanguage":"de","@id":"https:\/\/fittwear.nl\/#\/schema\/logo\/image\/","url":"https:\/\/fittwear.nl\/wp-content\/uploads\/2024\/07\/FITT-Logo-BeYOUtiful-website-homepage_Tekengebied-1-scaled.jpg","contentUrl":"https:\/\/fittwear.nl\/wp-content\/uploads\/2024\/07\/FITT-Logo-BeYOUtiful-website-homepage_Tekengebied-1-scaled.jpg","width":2560,"height":599,"caption":"FITTwear.nl"},"image":{"@id":"https:\/\/fittwear.nl\/#\/schema\/logo\/image\/"}}]}},"_links":{"self":[{"href":"https:\/\/fittwear.nl\/de\/wp-json\/wp\/v2\/product\/37339","targetHints":{"allow":["GET"]}}],"collection":[{"href":"https:\/\/fittwear.nl\/de\/wp-json\/wp\/v2\/product"}],"about":[{"href":"https:\/\/fittwear.nl\/de\/wp-json\/wp\/v2\/types\/product"}],"wp:featuredmedia":[{"embeddable":true,"href":"https:\/\/fittwear.nl\/de\/wp-json\/wp\/v2\/media\/42703"}],"wp:attachment":[{"href":"https:\/\/fittwear.nl\/de\/wp-json\/wp\/v2\/media?parent=37339"}],"wp:term":[{"taxonomy":"product_brand","embeddable":true,"href":"https:\/\/fittwear.nl\/de\/wp-json\/wp\/v2\/product_brand?post=37339"},{"taxonomy":"product_cat","embeddable":true,"href":"https:\/\/fittwear.nl\/de\/wp-json\/wp\/v2\/product_cat?post=37339"},{"taxonomy":"product_tag","embeddable":true,"href":"https:\/\/fittwear.nl\/de\/wp-json\/wp\/v2\/product_tag?post=37339"}],"curies":[{"name":"wp","href":"https:\/\/api.w.org\/{rel}","templated":true}]}}