{"id":37523,"date":"2022-07-12T13:26:19","date_gmt":"2022-07-12T11:26:19","guid":{"rendered":"https:\/\/fittwear.nl\/?post_type=product&#038;p=37523"},"modified":"2026-04-03T08:04:57","modified_gmt":"2026-04-03T06:04:57","slug":"scrunch-sports-bra-green","status":"publish","type":"product","link":"https:\/\/fittwear.nl\/de\/product\/scrunch-sports-bra-green\/","title":{"rendered":"Scrunch Sport-BH Gr\u00fcn"},"content":{"rendered":"<p>- Nahtloser Sport-BH mit B\u00fcgel<\/p>\n<p>- Herausnehmbare Polsterung<\/p>\n<p>- Verstellbare Riemen<\/p>\n<p>- Elastische B\u00fcstenst\u00fctze<\/p>\n<p>- Mit dezentem Logo<\/p>\n<p>-78% Nylon, 22% Spandex<\/p>\n<p>- Waschbar bis zu 30\u00b0<\/p>\n<p>- Farbe: Gr\u00fcn<\/p>\n<p>- Model Donna ist 1.82m und tr\u00e4gt Gr\u00f6\u00dfe M<\/p>","protected":false},"excerpt":{"rendered":"<p><strong>Der Sport-BH f\u00e4llt gr\u00f6\u00dfengerecht aus.<\/strong><\/p>\n<p>Die nahtlosen Scrunch-Sport-BHs passen perfekt zu den beliebten Scrunch-Leggings! Die Oberteile lassen sich auch gut kombinieren. Gr\u00fcn mit Grau, Rot mit Rosa, welche Kombination werden Sie w\u00e4hlen? Der Sport-BH hat verstellbare Tr\u00e4ger und herausnehmbare Polster. Das elastische Band, das nahtlose Design und der dehnbare Stoff bieten Ihnen ultimativen Komfort bei jedem Training!<\/p>\n<p><strong>Model Donna ist 1,82m gro\u00df und tr\u00e4gt Gr\u00f6\u00dfe M.<\/strong><\/p>","protected":false},"featured_media":37530,"template":"","meta":{"_acf_changed":false},"product_brand":[],"product_cat":[27,54,52,88,63,65],"product_tag":[],"class_list":{"0":"post-37523","1":"product","2":"type-product","3":"status-publish","4":"has-post-thumbnail","6":"product_cat-dames","7":"product_cat-new","8":"product_cat-sport-bhs","9":"product_cat-effen-sport-bhs","10":"product_cat-curves","11":"product_cat-yogakleding","13":"first","14":"outofstock","15":"taxable","16":"shipping-taxable","17":"product-type-variable","18":"has-default-attributes"},"acf":[],"yoast_head":"<!-- This site is optimized with the Yoast SEO plugin v27.1.1 - https:\/\/yoast.com\/product\/yoast-seo-wordpress\/ -->\n<title>Scrunch Sports Bra Green - FITTwear.nl<\/title>\n<meta name=\"description\" content=\"De sport bh heeft verstelbare bandjes en uitneembare pads. Het seamless ontwerp zorgt voor een comfortabel gevoel tijdens elke workout!\" \/>\n<meta name=\"robots\" content=\"index, follow, max-snippet:-1, max-image-preview:large, max-video-preview:-1\" \/>\n<link rel=\"canonical\" href=\"https:\/\/fittwear.nl\/de\/produkt-2\/scrunch-sports-bra-green\/\" \/>\n<meta property=\"og:locale\" content=\"de_DE\" \/>\n<meta property=\"og:type\" content=\"article\" \/>\n<meta property=\"og:title\" content=\"Scrunch Sports Bra Green - FITTwear.nl\" \/>\n<meta property=\"og:description\" content=\"De sport bh heeft verstelbare bandjes en uitneembare pads. Het seamless ontwerp zorgt voor een comfortabel gevoel tijdens elke workout!\" \/>\n<meta property=\"og:url\" content=\"https:\/\/fittwear.nl\/de\/produkt-2\/scrunch-sports-bra-green\/\" \/>\n<meta property=\"og:site_name\" content=\"FITTwear.nl\" \/>\n<meta property=\"article:modified_time\" content=\"2026-04-03T06:04:57+00:00\" \/>\n<meta property=\"og:image\" content=\"https:\/\/fittwear.nl\/wp-content\/uploads\/2022\/07\/scrunch-bh_Voorkant-boven_jpg_3.jpg\" \/>\n\t<meta property=\"og:image:width\" content=\"1559\" \/>\n\t<meta property=\"og:image:height\" content=\"2339\" \/>\n\t<meta property=\"og:image:type\" content=\"image\/jpeg\" \/>\n<meta name=\"twitter:card\" content=\"summary_large_image\" \/>\n<meta name=\"twitter:label1\" content=\"Gesch\u00e4tzte Lesezeit\" \/>\n\t<meta name=\"twitter:data1\" content=\"1\u00a0Minute\" \/>\n<script type=\"application\/ld+json\" class=\"yoast-schema-graph\">{\"@context\":\"https:\/\/schema.org\",\"@graph\":[{\"@type\":\"WebPage\",\"@id\":\"https:\/\/fittwear.nl\/product\/scrunch-sports-bra-green\/\",\"url\":\"https:\/\/fittwear.nl\/product\/scrunch-sports-bra-green\/\",\"name\":\"Scrunch Sports Bra Green - FITTwear.nl\",\"isPartOf\":{\"@id\":\"https:\/\/fittwear.nl\/#website\"},\"primaryImageOfPage\":{\"@id\":\"https:\/\/fittwear.nl\/product\/scrunch-sports-bra-green\/#primaryimage\"},\"image\":{\"@id\":\"https:\/\/fittwear.nl\/product\/scrunch-sports-bra-green\/#primaryimage\"},\"thumbnailUrl\":\"https:\/\/fittwear.nl\/wp-content\/uploads\/2022\/07\/scrunch-bh_Voorkant-boven_jpg_3.jpg\",\"datePublished\":\"2022-07-12T11:26:19+00:00\",\"dateModified\":\"2026-04-03T06:04:57+00:00\",\"description\":\"De sport bh heeft verstelbare bandjes en uitneembare pads. Het seamless ontwerp zorgt voor een comfortabel gevoel tijdens elke workout!\",\"breadcrumb\":{\"@id\":\"https:\/\/fittwear.nl\/product\/scrunch-sports-bra-green\/#breadcrumb\"},\"inLanguage\":\"de\",\"potentialAction\":[{\"@type\":\"ReadAction\",\"target\":[\"https:\/\/fittwear.nl\/product\/scrunch-sports-bra-green\/\"]}]},{\"@type\":\"ImageObject\",\"inLanguage\":\"de\",\"@id\":\"https:\/\/fittwear.nl\/product\/scrunch-sports-bra-green\/#primaryimage\",\"url\":\"https:\/\/fittwear.nl\/wp-content\/uploads\/2022\/07\/scrunch-bh_Voorkant-boven_jpg_3.jpg\",\"contentUrl\":\"https:\/\/fittwear.nl\/wp-content\/uploads\/2022\/07\/scrunch-bh_Voorkant-boven_jpg_3.jpg\",\"width\":1559,\"height\":2339},{\"@type\":\"BreadcrumbList\",\"@id\":\"https:\/\/fittwear.nl\/product\/scrunch-sports-bra-green\/#breadcrumb\",\"itemListElement\":[{\"@type\":\"ListItem\",\"position\":1,\"name\":\"Home\",\"item\":\"https:\/\/fittwear.nl\/\"},{\"@type\":\"ListItem\",\"position\":2,\"name\":\"Shop\",\"item\":\"https:\/\/fittwear.nl\/shop\/\"},{\"@type\":\"ListItem\",\"position\":3,\"name\":\"Scrunch Sports Bra Green\"}]},{\"@type\":\"WebSite\",\"@id\":\"https:\/\/fittwear.nl\/#website\",\"url\":\"https:\/\/fittwear.nl\/\",\"name\":\"FITTwear.nl\",\"description\":\"Time to shine!\",\"publisher\":{\"@id\":\"https:\/\/fittwear.nl\/#organization\"},\"potentialAction\":[{\"@type\":\"SearchAction\",\"target\":{\"@type\":\"EntryPoint\",\"urlTemplate\":\"https:\/\/fittwear.nl\/?s={search_term_string}\"},\"query-input\":{\"@type\":\"PropertyValueSpecification\",\"valueRequired\":true,\"valueName\":\"search_term_string\"}}],\"inLanguage\":\"de\"},{\"@type\":\"Organization\",\"@id\":\"https:\/\/fittwear.nl\/#organization\",\"name\":\"FITTwear.nl\",\"url\":\"https:\/\/fittwear.nl\/\",\"logo\":{\"@type\":\"ImageObject\",\"inLanguage\":\"de\",\"@id\":\"https:\/\/fittwear.nl\/#\/schema\/logo\/image\/\",\"url\":\"https:\/\/fittwear.nl\/wp-content\/uploads\/2024\/07\/FITT-Logo-BeYOUtiful-website-homepage_Tekengebied-1-scaled.jpg\",\"contentUrl\":\"https:\/\/fittwear.nl\/wp-content\/uploads\/2024\/07\/FITT-Logo-BeYOUtiful-website-homepage_Tekengebied-1-scaled.jpg\",\"width\":2560,\"height\":599,\"caption\":\"FITTwear.nl\"},\"image\":{\"@id\":\"https:\/\/fittwear.nl\/#\/schema\/logo\/image\/\"}}]}<\/script>\n<!-- \/ Yoast SEO plugin. -->","yoast_head_json":{"title":"Scrunch Sport-BH Gr\u00fcn - FITTwear.de","description":"Der Sport-BH hat verstellbare Tr\u00e4ger und herausnehmbare Polster. Das nahtlose Design sorgt f\u00fcr ein angenehmes Gef\u00fchl bei jedem Workout!","robots":{"index":"index","follow":"follow","max-snippet":"max-snippet:-1","max-image-preview":"max-image-preview:large","max-video-preview":"max-video-preview:-1"},"canonical":"https:\/\/fittwear.nl\/de\/produkt-2\/scrunch-sports-bra-green\/","og_locale":"de_DE","og_type":"article","og_title":"Scrunch Sports Bra Green - FITTwear.nl","og_description":"De sport bh heeft verstelbare bandjes en uitneembare pads. Het seamless ontwerp zorgt voor een comfortabel gevoel tijdens elke workout!","og_url":"https:\/\/fittwear.nl\/de\/produkt-2\/scrunch-sports-bra-green\/","og_site_name":"FITTwear.nl","article_modified_time":"2026-04-03T06:04:57+00:00","og_image":[{"width":1559,"height":2339,"url":"https:\/\/fittwear.nl\/wp-content\/uploads\/2022\/07\/scrunch-bh_Voorkant-boven_jpg_3.jpg","type":"image\/jpeg"}],"twitter_card":"summary_large_image","twitter_misc":{"Gesch\u00e4tzte Lesezeit":"1\u00a0Minute"},"schema":{"@context":"https:\/\/schema.org","@graph":[{"@type":"WebPage","@id":"https:\/\/fittwear.nl\/product\/scrunch-sports-bra-green\/","url":"https:\/\/fittwear.nl\/product\/scrunch-sports-bra-green\/","name":"Scrunch Sport-BH Gr\u00fcn - FITTwear.de","isPartOf":{"@id":"https:\/\/fittwear.nl\/#website"},"primaryImageOfPage":{"@id":"https:\/\/fittwear.nl\/product\/scrunch-sports-bra-green\/#primaryimage"},"image":{"@id":"https:\/\/fittwear.nl\/product\/scrunch-sports-bra-green\/#primaryimage"},"thumbnailUrl":"https:\/\/fittwear.nl\/wp-content\/uploads\/2022\/07\/scrunch-bh_Voorkant-boven_jpg_3.jpg","datePublished":"2022-07-12T11:26:19+00:00","dateModified":"2026-04-03T06:04:57+00:00","description":"Der Sport-BH hat verstellbare Tr\u00e4ger und herausnehmbare Polster. Das nahtlose Design sorgt f\u00fcr ein angenehmes Gef\u00fchl bei jedem Workout!","breadcrumb":{"@id":"https:\/\/fittwear.nl\/product\/scrunch-sports-bra-green\/#breadcrumb"},"inLanguage":"de","potentialAction":[{"@type":"ReadAction","target":["https:\/\/fittwear.nl\/product\/scrunch-sports-bra-green\/"]}]},{"@type":"ImageObject","inLanguage":"de","@id":"https:\/\/fittwear.nl\/product\/scrunch-sports-bra-green\/#primaryimage","url":"https:\/\/fittwear.nl\/wp-content\/uploads\/2022\/07\/scrunch-bh_Voorkant-boven_jpg_3.jpg","contentUrl":"https:\/\/fittwear.nl\/wp-content\/uploads\/2022\/07\/scrunch-bh_Voorkant-boven_jpg_3.jpg","width":1559,"height":2339},{"@type":"BreadcrumbList","@id":"https:\/\/fittwear.nl\/product\/scrunch-sports-bra-green\/#breadcrumb","itemListElement":[{"@type":"ListItem","position":1,"name":"Home","item":"https:\/\/fittwear.nl\/"},{"@type":"ListItem","position":2,"name":"Shop","item":"https:\/\/fittwear.nl\/shop\/"},{"@type":"ListItem","position":3,"name":"Scrunch Sports Bra Green"}]},{"@type":"WebSite","@id":"https:\/\/fittwear.nl\/#website","url":"https:\/\/fittwear.nl\/","name":"FITTwear.co.uk","description":"Zeit zu gl\u00e4nzen!","publisher":{"@id":"https:\/\/fittwear.nl\/#organization"},"potentialAction":[{"@type":"SearchAction","target":{"@type":"EntryPoint","urlTemplate":"https:\/\/fittwear.nl\/?s={search_term_string}"},"query-input":{"@type":"PropertyValueSpecification","valueRequired":true,"valueName":"search_term_string"}}],"inLanguage":"de"},{"@type":"Organization","@id":"https:\/\/fittwear.nl\/#organization","name":"FITTwear.co.uk","url":"https:\/\/fittwear.nl\/","logo":{"@type":"ImageObject","inLanguage":"de","@id":"https:\/\/fittwear.nl\/#\/schema\/logo\/image\/","url":"https:\/\/fittwear.nl\/wp-content\/uploads\/2024\/07\/FITT-Logo-BeYOUtiful-website-homepage_Tekengebied-1-scaled.jpg","contentUrl":"https:\/\/fittwear.nl\/wp-content\/uploads\/2024\/07\/FITT-Logo-BeYOUtiful-website-homepage_Tekengebied-1-scaled.jpg","width":2560,"height":599,"caption":"FITTwear.nl"},"image":{"@id":"https:\/\/fittwear.nl\/#\/schema\/logo\/image\/"}}]}},"_links":{"self":[{"href":"https:\/\/fittwear.nl\/de\/wp-json\/wp\/v2\/product\/37523","targetHints":{"allow":["GET"]}}],"collection":[{"href":"https:\/\/fittwear.nl\/de\/wp-json\/wp\/v2\/product"}],"about":[{"href":"https:\/\/fittwear.nl\/de\/wp-json\/wp\/v2\/types\/product"}],"wp:featuredmedia":[{"embeddable":true,"href":"https:\/\/fittwear.nl\/de\/wp-json\/wp\/v2\/media\/37530"}],"wp:attachment":[{"href":"https:\/\/fittwear.nl\/de\/wp-json\/wp\/v2\/media?parent=37523"}],"wp:term":[{"taxonomy":"product_brand","embeddable":true,"href":"https:\/\/fittwear.nl\/de\/wp-json\/wp\/v2\/product_brand?post=37523"},{"taxonomy":"product_cat","embeddable":true,"href":"https:\/\/fittwear.nl\/de\/wp-json\/wp\/v2\/product_cat?post=37523"},{"taxonomy":"product_tag","embeddable":true,"href":"https:\/\/fittwear.nl\/de\/wp-json\/wp\/v2\/product_tag?post=37523"}],"curies":[{"name":"wp","href":"https:\/\/api.w.org\/{rel}","templated":true}]}}