{"id":41911,"date":"2022-09-28T14:23:09","date_gmt":"2022-09-28T12:23:09","guid":{"rendered":"https:\/\/fittwear.nl\/?post_type=product&#038;p=41911"},"modified":"2026-04-26T14:03:13","modified_gmt":"2026-04-26T12:03:13","slug":"camo-komfort-leggings-blau-ink","status":"publish","type":"product","link":"https:\/\/fittwear.nl\/de\/product\/camo-comfort-legging-blue-ink\/","title":{"rendered":"Camo Comfort Legging Tinte Blau"},"content":{"rendered":"<p>Spezifikationen:<\/p>\n<p>-Leggings mit hoher Taille und geripptem Hochbund<\/p>\n<p>-Nahtlos<\/p>\n<p>-Gesticktes Logo auf der R\u00fcckseite der Leggings<\/p>\n<p>-Sitzsicher<\/p>\n<p>-Bleibt an Ort und Stelle und h\u00e4ngt nicht durch<\/p>\n<p>-Hergestellt aus 72% Nylon, 20% Polyester<\/p>\n<p>-Waschbar bis zu 30\u00b0<\/p>\n<p>-Farbe: Tintenblau<\/p>","protected":false},"excerpt":{"rendered":"<p><strong>Gr\u00f6\u00dfe: Die Leggings f\u00e4llt gr\u00f6\u00dfengerecht aus.<\/strong><\/p>\n<p>Sie suchen eine farbenfrohe und coole Sportleggings? Dann sind die nahtlosen Camo-Leggings genau das Richtige f\u00fcr Sie! Die Leggings ist aus weichem und dehnbarem Material gefertigt, so dass sie sich wie eine zweite Haut anf\u00fchlen wird. Mit ihrem gerippten, hochgeschlossenen Bund h\u00e4lt sie jedem harten Workout stand. Die Leggings sind voll hocktauglich und haben ein gesticktes FITT-Logo. Erh\u00e4ltlich in verschiedenen Trendfarben!<\/p>\n<p>Die Gr\u00f6\u00dfe f\u00e4llt etwas gr\u00f6\u00dfer aus, daher empfehlen wir, eine Nummer kleiner zu bestellen.<\/p>\n<p>MODEL TR\u00c4GT GR\u00d6SSE S<\/p>","protected":false},"featured_media":42825,"template":"","meta":{"_acf_changed":false},"product_brand":[],"product_cat":[4797,4793,27,28,4743,85,84,61],"product_tag":[],"class_list":{"0":"post-41911","1":"product","2":"type-product","3":"status-publish","4":"has-post-thumbnail","6":"product_cat-blue-waves","7":"product_cat-power-prints","8":"product_cat-dames","9":"product_cat-leggings","10":"product_cat-geen-scrunch","11":"product_cat-seamless","12":"product_cat-prints","13":"product_cat-shoppen-op-stijl","15":"first","16":"outofstock","17":"sale","18":"taxable","19":"shipping-taxable","20":"product-type-variable","21":"has-default-attributes"},"acf":[],"yoast_head":"<!-- This site is optimized with the Yoast SEO plugin v27.1.1 - https:\/\/yoast.com\/product\/yoast-seo-wordpress\/ -->\n<title>Camo Comfort Legging Ink Blue - FITTwear.nl<\/title>\n<meta name=\"description\" content=\"Maatvoering: De legging valt op maat.  Opzoek naar een kleurrijke en stoere sportlegging? Dan is de camo seamless legging echt iets voor jou! De legging is gemaakt van een zacht en stretchy materiaal waardoor hij zal aanvoelen als een second skin. Door de geribbelde highwaist band zal hij elke pittige work-out doorstaan. De legging is volledig squatproof en heeft een geborduurd FITT logo. Beschikbaar in meerdere trendy kleuren!  De maat valt wat groter, dus we raden aan een maat kleiner te bestellen.  MODEL DRAAGT MAAT S\" \/>\n<meta name=\"robots\" content=\"index, follow, max-snippet:-1, max-image-preview:large, max-video-preview:-1\" \/>\n<link rel=\"canonical\" href=\"https:\/\/fittwear.nl\/de\/produkt-2\/camo-komfort-leggings-blau-ink\/\" \/>\n<meta property=\"og:locale\" content=\"de_DE\" \/>\n<meta property=\"og:type\" content=\"article\" \/>\n<meta property=\"og:title\" content=\"Camo Comfort Legging Ink Blue - FITTwear.nl\" \/>\n<meta property=\"og:description\" content=\"Maatvoering: De legging valt op maat.  Opzoek naar een kleurrijke en stoere sportlegging? Dan is de camo seamless legging echt iets voor jou! De legging is gemaakt van een zacht en stretchy materiaal waardoor hij zal aanvoelen als een second skin. Door de geribbelde highwaist band zal hij elke pittige work-out doorstaan. De legging is volledig squatproof en heeft een geborduurd FITT logo. Beschikbaar in meerdere trendy kleuren!  De maat valt wat groter, dus we raden aan een maat kleiner te bestellen.  MODEL DRAAGT MAAT S\" \/>\n<meta property=\"og:url\" content=\"https:\/\/fittwear.nl\/de\/produkt-2\/camo-komfort-leggings-blau-ink\/\" \/>\n<meta property=\"og:site_name\" content=\"FITTwear.nl\" \/>\n<meta property=\"article:modified_time\" content=\"2026-04-26T12:03:13+00:00\" \/>\n<meta property=\"og:image\" content=\"https:\/\/fittwear.nl\/wp-content\/uploads\/2022\/09\/P221013123034_Voorkant-onder_jpg_7.jpg\" \/>\n\t<meta property=\"og:image:width\" content=\"1200\" \/>\n\t<meta property=\"og:image:height\" content=\"1800\" \/>\n\t<meta property=\"og:image:type\" content=\"image\/jpeg\" \/>\n<meta name=\"twitter:card\" content=\"summary_large_image\" \/>\n<meta name=\"twitter:label1\" content=\"Gesch\u00e4tzte Lesezeit\" \/>\n\t<meta name=\"twitter:data1\" content=\"1\u00a0Minute\" \/>\n<script type=\"application\/ld+json\" class=\"yoast-schema-graph\">{\"@context\":\"https:\/\/schema.org\",\"@graph\":[{\"@type\":\"WebPage\",\"@id\":\"https:\/\/fittwear.nl\/product\/camo-comfort-legging-blue-ink\/\",\"url\":\"https:\/\/fittwear.nl\/product\/camo-comfort-legging-blue-ink\/\",\"name\":\"Camo Comfort Legging Ink Blue - FITTwear.nl\",\"isPartOf\":{\"@id\":\"https:\/\/fittwear.nl\/#website\"},\"primaryImageOfPage\":{\"@id\":\"https:\/\/fittwear.nl\/product\/camo-comfort-legging-blue-ink\/#primaryimage\"},\"image\":{\"@id\":\"https:\/\/fittwear.nl\/product\/camo-comfort-legging-blue-ink\/#primaryimage\"},\"thumbnailUrl\":\"https:\/\/fittwear.nl\/wp-content\/uploads\/2022\/09\/P221013123034_Voorkant-onder_jpg_7.jpg\",\"datePublished\":\"2022-09-28T12:23:09+00:00\",\"dateModified\":\"2026-04-26T12:03:13+00:00\",\"description\":\"Maatvoering: De legging valt op maat. Opzoek naar een kleurrijke en stoere sportlegging? Dan is de camo seamless legging echt iets voor jou! De legging is gemaakt van een zacht en stretchy materiaal waardoor hij zal aanvoelen als een second skin. Door de geribbelde highwaist band zal hij elke pittige work-out doorstaan. De legging is volledig squatproof en heeft een geborduurd FITT logo. Beschikbaar in meerdere trendy kleuren! De maat valt wat groter, dus we raden aan een maat kleiner te bestellen. MODEL DRAAGT MAAT S\",\"breadcrumb\":{\"@id\":\"https:\/\/fittwear.nl\/product\/camo-comfort-legging-blue-ink\/#breadcrumb\"},\"inLanguage\":\"de\",\"potentialAction\":[{\"@type\":\"ReadAction\",\"target\":[\"https:\/\/fittwear.nl\/product\/camo-comfort-legging-blue-ink\/\"]}]},{\"@type\":\"ImageObject\",\"inLanguage\":\"de\",\"@id\":\"https:\/\/fittwear.nl\/product\/camo-comfort-legging-blue-ink\/#primaryimage\",\"url\":\"https:\/\/fittwear.nl\/wp-content\/uploads\/2022\/09\/P221013123034_Voorkant-onder_jpg_7.jpg\",\"contentUrl\":\"https:\/\/fittwear.nl\/wp-content\/uploads\/2022\/09\/P221013123034_Voorkant-onder_jpg_7.jpg\",\"width\":1200,\"height\":1800},{\"@type\":\"BreadcrumbList\",\"@id\":\"https:\/\/fittwear.nl\/product\/camo-comfort-legging-blue-ink\/#breadcrumb\",\"itemListElement\":[{\"@type\":\"ListItem\",\"position\":1,\"name\":\"Home\",\"item\":\"https:\/\/fittwear.nl\/\"},{\"@type\":\"ListItem\",\"position\":2,\"name\":\"Shop\",\"item\":\"https:\/\/fittwear.nl\/shop\/\"},{\"@type\":\"ListItem\",\"position\":3,\"name\":\"Camo Comfort Legging Ink Blue\"}]},{\"@type\":\"WebSite\",\"@id\":\"https:\/\/fittwear.nl\/#website\",\"url\":\"https:\/\/fittwear.nl\/\",\"name\":\"FITTwear.nl\",\"description\":\"Time to shine!\",\"publisher\":{\"@id\":\"https:\/\/fittwear.nl\/#organization\"},\"potentialAction\":[{\"@type\":\"SearchAction\",\"target\":{\"@type\":\"EntryPoint\",\"urlTemplate\":\"https:\/\/fittwear.nl\/?s={search_term_string}\"},\"query-input\":{\"@type\":\"PropertyValueSpecification\",\"valueRequired\":true,\"valueName\":\"search_term_string\"}}],\"inLanguage\":\"de\"},{\"@type\":\"Organization\",\"@id\":\"https:\/\/fittwear.nl\/#organization\",\"name\":\"FITTwear.nl\",\"url\":\"https:\/\/fittwear.nl\/\",\"logo\":{\"@type\":\"ImageObject\",\"inLanguage\":\"de\",\"@id\":\"https:\/\/fittwear.nl\/#\/schema\/logo\/image\/\",\"url\":\"https:\/\/fittwear.nl\/wp-content\/uploads\/2024\/07\/FITT-Logo-BeYOUtiful-website-homepage_Tekengebied-1-scaled.jpg\",\"contentUrl\":\"https:\/\/fittwear.nl\/wp-content\/uploads\/2024\/07\/FITT-Logo-BeYOUtiful-website-homepage_Tekengebied-1-scaled.jpg\",\"width\":2560,\"height\":599,\"caption\":\"FITTwear.nl\"},\"image\":{\"@id\":\"https:\/\/fittwear.nl\/#\/schema\/logo\/image\/\"}}]}<\/script>\n<!-- \/ Yoast SEO plugin. -->","yoast_head_json":{"title":"Camo Comfort Legging Ink Blue - FITTwear.de","description":"Gr\u00f6\u00dfe: Die Leggings f\u00e4llt gr\u00f6\u00dfengerecht aus.  Sie suchen eine farbenfrohe und coole Sportleggings? Dann sind die nahtlosen Camo-Leggings genau das Richtige f\u00fcr Sie! Die Leggings ist aus weichem und dehnbarem Material gefertigt, so dass sie sich wie eine zweite Haut anf\u00fchlen wird. Mit ihrem gerippten, hochgeschlossenen Bund h\u00e4lt sie jedem harten Workout stand. Die Leggings sind voll hocktauglich und haben ein gesticktes FITT-Logo. Erh\u00e4ltlich in verschiedenen Trendfarben!  Die Gr\u00f6\u00dfe f\u00e4llt etwas gr\u00f6\u00dfer aus, daher empfehlen wir, eine Nummer kleiner zu bestellen.  MODEL TR\u00c4GT GR\u00d6SSE S","robots":{"index":"index","follow":"follow","max-snippet":"max-snippet:-1","max-image-preview":"max-image-preview:large","max-video-preview":"max-video-preview:-1"},"canonical":"https:\/\/fittwear.nl\/de\/produkt-2\/camo-komfort-leggings-blau-ink\/","og_locale":"de_DE","og_type":"article","og_title":"Camo Comfort Legging Ink Blue - FITTwear.nl","og_description":"Maatvoering: De legging valt op maat.  Opzoek naar een kleurrijke en stoere sportlegging? Dan is de camo seamless legging echt iets voor jou! De legging is gemaakt van een zacht en stretchy materiaal waardoor hij zal aanvoelen als een second skin. Door de geribbelde highwaist band zal hij elke pittige work-out doorstaan. De legging is volledig squatproof en heeft een geborduurd FITT logo. Beschikbaar in meerdere trendy kleuren!  De maat valt wat groter, dus we raden aan een maat kleiner te bestellen.  MODEL DRAAGT MAAT S","og_url":"https:\/\/fittwear.nl\/de\/produkt-2\/camo-komfort-leggings-blau-ink\/","og_site_name":"FITTwear.nl","article_modified_time":"2026-04-26T12:03:13+00:00","og_image":[{"width":1200,"height":1800,"url":"https:\/\/fittwear.nl\/wp-content\/uploads\/2022\/09\/P221013123034_Voorkant-onder_jpg_7.jpg","type":"image\/jpeg"}],"twitter_card":"summary_large_image","twitter_misc":{"Gesch\u00e4tzte Lesezeit":"1\u00a0Minute"},"schema":{"@context":"https:\/\/schema.org","@graph":[{"@type":"WebPage","@id":"https:\/\/fittwear.nl\/product\/camo-comfort-legging-blue-ink\/","url":"https:\/\/fittwear.nl\/product\/camo-comfort-legging-blue-ink\/","name":"Camo Comfort Legging Ink Blue - FITTwear.de","isPartOf":{"@id":"https:\/\/fittwear.nl\/#website"},"primaryImageOfPage":{"@id":"https:\/\/fittwear.nl\/product\/camo-comfort-legging-blue-ink\/#primaryimage"},"image":{"@id":"https:\/\/fittwear.nl\/product\/camo-comfort-legging-blue-ink\/#primaryimage"},"thumbnailUrl":"https:\/\/fittwear.nl\/wp-content\/uploads\/2022\/09\/P221013123034_Voorkant-onder_jpg_7.jpg","datePublished":"2022-09-28T12:23:09+00:00","dateModified":"2026-04-26T12:03:13+00:00","description":"Gr\u00f6\u00dfe: Die Leggings f\u00e4llt gr\u00f6\u00dfengerecht aus. Sie suchen eine farbenfrohe und coole Sportleggings? Dann sind die nahtlosen Camo-Leggings genau das Richtige f\u00fcr Sie! Die Leggings ist aus weichem und dehnbarem Material gefertigt, so dass sie sich wie eine zweite Haut anf\u00fchlen wird. Mit ihrem gerippten, hochgeschlossenen Bund h\u00e4lt sie jedem harten Workout stand. Die Leggings sind voll hocktauglich und haben ein gesticktes FITT-Logo. Erh\u00e4ltlich in verschiedenen Trendfarben! Die Gr\u00f6\u00dfe f\u00e4llt etwas gr\u00f6\u00dfer aus, daher empfehlen wir, eine Nummer kleiner zu bestellen. MODEL TR\u00c4GT GR\u00d6SSE S","breadcrumb":{"@id":"https:\/\/fittwear.nl\/product\/camo-comfort-legging-blue-ink\/#breadcrumb"},"inLanguage":"de","potentialAction":[{"@type":"ReadAction","target":["https:\/\/fittwear.nl\/product\/camo-comfort-legging-blue-ink\/"]}]},{"@type":"ImageObject","inLanguage":"de","@id":"https:\/\/fittwear.nl\/product\/camo-comfort-legging-blue-ink\/#primaryimage","url":"https:\/\/fittwear.nl\/wp-content\/uploads\/2022\/09\/P221013123034_Voorkant-onder_jpg_7.jpg","contentUrl":"https:\/\/fittwear.nl\/wp-content\/uploads\/2022\/09\/P221013123034_Voorkant-onder_jpg_7.jpg","width":1200,"height":1800},{"@type":"BreadcrumbList","@id":"https:\/\/fittwear.nl\/product\/camo-comfort-legging-blue-ink\/#breadcrumb","itemListElement":[{"@type":"ListItem","position":1,"name":"Home","item":"https:\/\/fittwear.nl\/"},{"@type":"ListItem","position":2,"name":"Shop","item":"https:\/\/fittwear.nl\/shop\/"},{"@type":"ListItem","position":3,"name":"Camo Comfort Legging Ink Blue"}]},{"@type":"WebSite","@id":"https:\/\/fittwear.nl\/#website","url":"https:\/\/fittwear.nl\/","name":"FITTwear.co.uk","description":"Zeit zu gl\u00e4nzen!","publisher":{"@id":"https:\/\/fittwear.nl\/#organization"},"potentialAction":[{"@type":"SearchAction","target":{"@type":"EntryPoint","urlTemplate":"https:\/\/fittwear.nl\/?s={search_term_string}"},"query-input":{"@type":"PropertyValueSpecification","valueRequired":true,"valueName":"search_term_string"}}],"inLanguage":"de"},{"@type":"Organization","@id":"https:\/\/fittwear.nl\/#organization","name":"FITTwear.co.uk","url":"https:\/\/fittwear.nl\/","logo":{"@type":"ImageObject","inLanguage":"de","@id":"https:\/\/fittwear.nl\/#\/schema\/logo\/image\/","url":"https:\/\/fittwear.nl\/wp-content\/uploads\/2024\/07\/FITT-Logo-BeYOUtiful-website-homepage_Tekengebied-1-scaled.jpg","contentUrl":"https:\/\/fittwear.nl\/wp-content\/uploads\/2024\/07\/FITT-Logo-BeYOUtiful-website-homepage_Tekengebied-1-scaled.jpg","width":2560,"height":599,"caption":"FITTwear.nl"},"image":{"@id":"https:\/\/fittwear.nl\/#\/schema\/logo\/image\/"}}]}},"_links":{"self":[{"href":"https:\/\/fittwear.nl\/de\/wp-json\/wp\/v2\/product\/41911","targetHints":{"allow":["GET"]}}],"collection":[{"href":"https:\/\/fittwear.nl\/de\/wp-json\/wp\/v2\/product"}],"about":[{"href":"https:\/\/fittwear.nl\/de\/wp-json\/wp\/v2\/types\/product"}],"wp:featuredmedia":[{"embeddable":true,"href":"https:\/\/fittwear.nl\/de\/wp-json\/wp\/v2\/media\/42825"}],"wp:attachment":[{"href":"https:\/\/fittwear.nl\/de\/wp-json\/wp\/v2\/media?parent=41911"}],"wp:term":[{"taxonomy":"product_brand","embeddable":true,"href":"https:\/\/fittwear.nl\/de\/wp-json\/wp\/v2\/product_brand?post=41911"},{"taxonomy":"product_cat","embeddable":true,"href":"https:\/\/fittwear.nl\/de\/wp-json\/wp\/v2\/product_cat?post=41911"},{"taxonomy":"product_tag","embeddable":true,"href":"https:\/\/fittwear.nl\/de\/wp-json\/wp\/v2\/product_tag?post=41911"}],"curies":[{"name":"wp","href":"https:\/\/api.w.org\/{rel}","templated":true}]}}