{"id":41923,"date":"2022-09-28T15:40:13","date_gmt":"2022-09-28T13:40:13","guid":{"rendered":"https:\/\/fittwear.nl\/?post_type=product&#038;p=41923"},"modified":"2026-04-06T11:57:44","modified_gmt":"2026-04-06T09:57:44","slug":"camo-komfort-shorts-rosa","status":"publish","type":"product","link":"https:\/\/fittwear.nl\/de\/product\/camo-comfort-shorts-pink\/","title":{"rendered":"Camo Comfort Shorts Rosa"},"content":{"rendered":"<p>-Shorts mit hoher Taille und geripptem Bund<\/p>\n<p>-Nahtlos<\/p>\n<p>-Aufgedrucktes Logo auf der R\u00fcckseite der Shorts<\/p>\n<p>-Sitzsicher<\/p>\n<p>-Bleibt an Ort und Stelle und h\u00e4ngt nicht durch<\/p>\n<p>-Hergestellt aus 72% Nylon, 20% Polyester und 8% Elasthan<\/p>","protected":false},"excerpt":{"rendered":"<p>Der Sommer ist da! Das bedeutet: Zeit f\u00fcr bunte Shorts! Die Camo Comfort Shorts sind aus weichem und dehnbarem Material gefertigt und mit einem Camo-Design versehen. Der gerippte Bund mit hoher Taille sorgt daf\u00fcr, dass die Hose jedem noch so anstrengenden Workout standh\u00e4lt. Die orangefarbenen Shorts sind komplett hocktauglich und haben ein gesticktes FITT-Logo auf dem R\u00fccken. Erh\u00e4ltlich in verschiedenen Trendfarben!<\/p>\n<p>Die Gr\u00f6\u00dfe f\u00e4llt gr\u00f6\u00dfer aus, daher empfehlen wir, eine Nummer kleiner zu bestellen.<\/p>\n<p>Model Doete ist 1,76 und tr\u00e4gt Gr\u00f6\u00dfe XS<\/p>","protected":false},"featured_media":42901,"template":"","meta":{"_acf_changed":false},"product_brand":[],"product_cat":[4793,27,54,93,4744,61],"product_tag":[],"class_list":{"0":"post-41923","1":"product","2":"type-product","3":"status-publish","4":"has-post-thumbnail","6":"product_cat-power-prints","7":"product_cat-dames","8":"product_cat-new","9":"product_cat-shorts","10":"product_cat-geen-scrunch-shorts","11":"product_cat-shoppen-op-stijl","13":"first","14":"outofstock","15":"taxable","16":"shipping-taxable","17":"product-type-variable","18":"has-default-attributes"},"acf":[],"yoast_head":"<!-- This site is optimized with the Yoast SEO plugin v27.1.1 - https:\/\/yoast.com\/product\/yoast-seo-wordpress\/ -->\n<title>Camo Comfort Shorts Pink - FITTwear.nl<\/title>\n<meta name=\"description\" content=\"Summer is here! Dat betekent tijd voor kleurrijke shorts! De camo comfort broekjes zijn gemaakt van een zacht en stretchy materiaal en hebben een camo design. Door de geribbelde highwaist band zal hij elke pittige work-out doorstaan. De oranje short is volledig squatproof en heeft een geborduurd FITT logo op de achterkant. Beschikbaar in meerdere trendy kleuren!  De maat valt groter, dus we raden aan een maat kleiner te bestellen.  Model Doete is 1.76 en draagt maat XS\" \/>\n<meta name=\"robots\" content=\"index, follow, max-snippet:-1, max-image-preview:large, max-video-preview:-1\" \/>\n<link rel=\"canonical\" href=\"https:\/\/fittwear.nl\/de\/produkt-2\/camo-komfort-shorts-rosa\/\" \/>\n<meta property=\"og:locale\" content=\"de_DE\" \/>\n<meta property=\"og:type\" content=\"article\" \/>\n<meta property=\"og:title\" content=\"Camo Comfort Shorts Pink - FITTwear.nl\" \/>\n<meta property=\"og:description\" content=\"Summer is here! Dat betekent tijd voor kleurrijke shorts! De camo comfort broekjes zijn gemaakt van een zacht en stretchy materiaal en hebben een camo design. Door de geribbelde highwaist band zal hij elke pittige work-out doorstaan. De oranje short is volledig squatproof en heeft een geborduurd FITT logo op de achterkant. Beschikbaar in meerdere trendy kleuren!  De maat valt groter, dus we raden aan een maat kleiner te bestellen.  Model Doete is 1.76 en draagt maat XS\" \/>\n<meta property=\"og:url\" content=\"https:\/\/fittwear.nl\/de\/produkt-2\/camo-komfort-shorts-rosa\/\" \/>\n<meta property=\"og:site_name\" content=\"FITTwear.nl\" \/>\n<meta property=\"article:modified_time\" content=\"2026-04-06T09:57:44+00:00\" \/>\n<meta property=\"og:image\" content=\"https:\/\/fittwear.nl\/wp-content\/uploads\/2022\/09\/camo-short-pink_Voorkant-onder_jpg_1.jpg\" \/>\n\t<meta property=\"og:image:width\" content=\"1200\" \/>\n\t<meta property=\"og:image:height\" content=\"1800\" \/>\n\t<meta property=\"og:image:type\" content=\"image\/jpeg\" \/>\n<meta name=\"twitter:card\" content=\"summary_large_image\" \/>\n<meta name=\"twitter:label1\" content=\"Gesch\u00e4tzte Lesezeit\" \/>\n\t<meta name=\"twitter:data1\" content=\"1\u00a0Minute\" \/>\n<script type=\"application\/ld+json\" class=\"yoast-schema-graph\">{\"@context\":\"https:\/\/schema.org\",\"@graph\":[{\"@type\":\"WebPage\",\"@id\":\"https:\/\/fittwear.nl\/product\/camo-comfort-shorts-pink\/\",\"url\":\"https:\/\/fittwear.nl\/product\/camo-comfort-shorts-pink\/\",\"name\":\"Camo Comfort Shorts Pink - FITTwear.nl\",\"isPartOf\":{\"@id\":\"https:\/\/fittwear.nl\/#website\"},\"primaryImageOfPage\":{\"@id\":\"https:\/\/fittwear.nl\/product\/camo-comfort-shorts-pink\/#primaryimage\"},\"image\":{\"@id\":\"https:\/\/fittwear.nl\/product\/camo-comfort-shorts-pink\/#primaryimage\"},\"thumbnailUrl\":\"https:\/\/fittwear.nl\/wp-content\/uploads\/2022\/09\/camo-short-pink_Voorkant-onder_jpg_1.jpg\",\"datePublished\":\"2022-09-28T13:40:13+00:00\",\"dateModified\":\"2026-04-06T09:57:44+00:00\",\"description\":\"Summer is here! Dat betekent tijd voor kleurrijke shorts! De camo comfort broekjes zijn gemaakt van een zacht en stretchy materiaal en hebben een camo design. Door de geribbelde highwaist band zal hij elke pittige work-out doorstaan. De oranje short is volledig squatproof en heeft een geborduurd FITT logo op de achterkant. Beschikbaar in meerdere trendy kleuren! De maat valt groter, dus we raden aan een maat kleiner te bestellen. Model Doete is 1.76 en draagt maat XS\",\"breadcrumb\":{\"@id\":\"https:\/\/fittwear.nl\/product\/camo-comfort-shorts-pink\/#breadcrumb\"},\"inLanguage\":\"de\",\"potentialAction\":[{\"@type\":\"ReadAction\",\"target\":[\"https:\/\/fittwear.nl\/product\/camo-comfort-shorts-pink\/\"]}]},{\"@type\":\"ImageObject\",\"inLanguage\":\"de\",\"@id\":\"https:\/\/fittwear.nl\/product\/camo-comfort-shorts-pink\/#primaryimage\",\"url\":\"https:\/\/fittwear.nl\/wp-content\/uploads\/2022\/09\/camo-short-pink_Voorkant-onder_jpg_1.jpg\",\"contentUrl\":\"https:\/\/fittwear.nl\/wp-content\/uploads\/2022\/09\/camo-short-pink_Voorkant-onder_jpg_1.jpg\",\"width\":1200,\"height\":1800},{\"@type\":\"BreadcrumbList\",\"@id\":\"https:\/\/fittwear.nl\/product\/camo-comfort-shorts-pink\/#breadcrumb\",\"itemListElement\":[{\"@type\":\"ListItem\",\"position\":1,\"name\":\"Home\",\"item\":\"https:\/\/fittwear.nl\/\"},{\"@type\":\"ListItem\",\"position\":2,\"name\":\"Shop\",\"item\":\"https:\/\/fittwear.nl\/shop\/\"},{\"@type\":\"ListItem\",\"position\":3,\"name\":\"Camo Comfort Shorts Pink\"}]},{\"@type\":\"WebSite\",\"@id\":\"https:\/\/fittwear.nl\/#website\",\"url\":\"https:\/\/fittwear.nl\/\",\"name\":\"FITTwear.nl\",\"description\":\"Time to shine!\",\"publisher\":{\"@id\":\"https:\/\/fittwear.nl\/#organization\"},\"potentialAction\":[{\"@type\":\"SearchAction\",\"target\":{\"@type\":\"EntryPoint\",\"urlTemplate\":\"https:\/\/fittwear.nl\/?s={search_term_string}\"},\"query-input\":{\"@type\":\"PropertyValueSpecification\",\"valueRequired\":true,\"valueName\":\"search_term_string\"}}],\"inLanguage\":\"de\"},{\"@type\":\"Organization\",\"@id\":\"https:\/\/fittwear.nl\/#organization\",\"name\":\"FITTwear.nl\",\"url\":\"https:\/\/fittwear.nl\/\",\"logo\":{\"@type\":\"ImageObject\",\"inLanguage\":\"de\",\"@id\":\"https:\/\/fittwear.nl\/#\/schema\/logo\/image\/\",\"url\":\"https:\/\/fittwear.nl\/wp-content\/uploads\/2024\/07\/FITT-Logo-BeYOUtiful-website-homepage_Tekengebied-1-scaled.jpg\",\"contentUrl\":\"https:\/\/fittwear.nl\/wp-content\/uploads\/2024\/07\/FITT-Logo-BeYOUtiful-website-homepage_Tekengebied-1-scaled.jpg\",\"width\":2560,\"height\":599,\"caption\":\"FITTwear.nl\"},\"image\":{\"@id\":\"https:\/\/fittwear.nl\/#\/schema\/logo\/image\/\"}}]}<\/script>\n<!-- \/ Yoast SEO plugin. -->","yoast_head_json":{"title":"Camo Comfort Shorts Pink - FITTwear.de","description":"Der Sommer ist da! Das bedeutet: Zeit f\u00fcr bunte Shorts! Die Camo Comfort Shorts sind aus weichem und dehnbarem Material gefertigt und mit einem Camo-Design versehen. Der gerippte Bund mit hoher Taille sorgt daf\u00fcr, dass die Hose jedem noch so anstrengenden Workout standh\u00e4lt. Die orangefarbenen Shorts sind komplett hocktauglich und haben ein gesticktes FITT-Logo auf dem R\u00fccken. Erh\u00e4ltlich in verschiedenen Trendfarben!  Die Gr\u00f6\u00dfe f\u00e4llt gr\u00f6\u00dfer aus, daher empfehlen wir, eine Nummer kleiner zu bestellen.  Model Doete ist 1,76 und tr\u00e4gt Gr\u00f6\u00dfe XS","robots":{"index":"index","follow":"follow","max-snippet":"max-snippet:-1","max-image-preview":"max-image-preview:large","max-video-preview":"max-video-preview:-1"},"canonical":"https:\/\/fittwear.nl\/de\/produkt-2\/camo-komfort-shorts-rosa\/","og_locale":"de_DE","og_type":"article","og_title":"Camo Comfort Shorts Pink - FITTwear.nl","og_description":"Summer is here! Dat betekent tijd voor kleurrijke shorts! De camo comfort broekjes zijn gemaakt van een zacht en stretchy materiaal en hebben een camo design. Door de geribbelde highwaist band zal hij elke pittige work-out doorstaan. De oranje short is volledig squatproof en heeft een geborduurd FITT logo op de achterkant. Beschikbaar in meerdere trendy kleuren!  De maat valt groter, dus we raden aan een maat kleiner te bestellen.  Model Doete is 1.76 en draagt maat XS","og_url":"https:\/\/fittwear.nl\/de\/produkt-2\/camo-komfort-shorts-rosa\/","og_site_name":"FITTwear.nl","article_modified_time":"2026-04-06T09:57:44+00:00","og_image":[{"width":1200,"height":1800,"url":"https:\/\/fittwear.nl\/wp-content\/uploads\/2022\/09\/camo-short-pink_Voorkant-onder_jpg_1.jpg","type":"image\/jpeg"}],"twitter_card":"summary_large_image","twitter_misc":{"Gesch\u00e4tzte Lesezeit":"1\u00a0Minute"},"schema":{"@context":"https:\/\/schema.org","@graph":[{"@type":"WebPage","@id":"https:\/\/fittwear.nl\/product\/camo-comfort-shorts-pink\/","url":"https:\/\/fittwear.nl\/product\/camo-comfort-shorts-pink\/","name":"Camo Comfort Shorts Pink - FITTwear.de","isPartOf":{"@id":"https:\/\/fittwear.nl\/#website"},"primaryImageOfPage":{"@id":"https:\/\/fittwear.nl\/product\/camo-comfort-shorts-pink\/#primaryimage"},"image":{"@id":"https:\/\/fittwear.nl\/product\/camo-comfort-shorts-pink\/#primaryimage"},"thumbnailUrl":"https:\/\/fittwear.nl\/wp-content\/uploads\/2022\/09\/camo-short-pink_Voorkant-onder_jpg_1.jpg","datePublished":"2022-09-28T13:40:13+00:00","dateModified":"2026-04-06T09:57:44+00:00","description":"Der Sommer ist da! Das bedeutet: Zeit f\u00fcr bunte Shorts! Die Camo Comfort Shorts sind aus weichem und dehnbarem Material gefertigt und mit einem Camo-Design versehen. Der gerippte Bund mit hoher Taille sorgt daf\u00fcr, dass die Hose jedem noch so temperamentvollen Workout standh\u00e4lt. Die orangefarbenen Shorts sind komplett hocktauglich und haben ein gesticktes FITT-Logo auf dem R\u00fccken. Erh\u00e4ltlich in verschiedenen Trendfarben! Die Gr\u00f6\u00dfe f\u00e4llt gr\u00f6\u00dfer aus, daher empfehlen wir, eine Nummer kleiner zu bestellen. Model Doete ist 1,76 und tr\u00e4gt Gr\u00f6\u00dfe XS","breadcrumb":{"@id":"https:\/\/fittwear.nl\/product\/camo-comfort-shorts-pink\/#breadcrumb"},"inLanguage":"de","potentialAction":[{"@type":"ReadAction","target":["https:\/\/fittwear.nl\/product\/camo-comfort-shorts-pink\/"]}]},{"@type":"ImageObject","inLanguage":"de","@id":"https:\/\/fittwear.nl\/product\/camo-comfort-shorts-pink\/#primaryimage","url":"https:\/\/fittwear.nl\/wp-content\/uploads\/2022\/09\/camo-short-pink_Voorkant-onder_jpg_1.jpg","contentUrl":"https:\/\/fittwear.nl\/wp-content\/uploads\/2022\/09\/camo-short-pink_Voorkant-onder_jpg_1.jpg","width":1200,"height":1800},{"@type":"BreadcrumbList","@id":"https:\/\/fittwear.nl\/product\/camo-comfort-shorts-pink\/#breadcrumb","itemListElement":[{"@type":"ListItem","position":1,"name":"Home","item":"https:\/\/fittwear.nl\/"},{"@type":"ListItem","position":2,"name":"Shop","item":"https:\/\/fittwear.nl\/shop\/"},{"@type":"ListItem","position":3,"name":"Camo Comfort Shorts Pink"}]},{"@type":"WebSite","@id":"https:\/\/fittwear.nl\/#website","url":"https:\/\/fittwear.nl\/","name":"FITTwear.co.uk","description":"Zeit zu gl\u00e4nzen!","publisher":{"@id":"https:\/\/fittwear.nl\/#organization"},"potentialAction":[{"@type":"SearchAction","target":{"@type":"EntryPoint","urlTemplate":"https:\/\/fittwear.nl\/?s={search_term_string}"},"query-input":{"@type":"PropertyValueSpecification","valueRequired":true,"valueName":"search_term_string"}}],"inLanguage":"de"},{"@type":"Organization","@id":"https:\/\/fittwear.nl\/#organization","name":"FITTwear.co.uk","url":"https:\/\/fittwear.nl\/","logo":{"@type":"ImageObject","inLanguage":"de","@id":"https:\/\/fittwear.nl\/#\/schema\/logo\/image\/","url":"https:\/\/fittwear.nl\/wp-content\/uploads\/2024\/07\/FITT-Logo-BeYOUtiful-website-homepage_Tekengebied-1-scaled.jpg","contentUrl":"https:\/\/fittwear.nl\/wp-content\/uploads\/2024\/07\/FITT-Logo-BeYOUtiful-website-homepage_Tekengebied-1-scaled.jpg","width":2560,"height":599,"caption":"FITTwear.nl"},"image":{"@id":"https:\/\/fittwear.nl\/#\/schema\/logo\/image\/"}}]}},"_links":{"self":[{"href":"https:\/\/fittwear.nl\/de\/wp-json\/wp\/v2\/product\/41923","targetHints":{"allow":["GET"]}}],"collection":[{"href":"https:\/\/fittwear.nl\/de\/wp-json\/wp\/v2\/product"}],"about":[{"href":"https:\/\/fittwear.nl\/de\/wp-json\/wp\/v2\/types\/product"}],"wp:featuredmedia":[{"embeddable":true,"href":"https:\/\/fittwear.nl\/de\/wp-json\/wp\/v2\/media\/42901"}],"wp:attachment":[{"href":"https:\/\/fittwear.nl\/de\/wp-json\/wp\/v2\/media?parent=41923"}],"wp:term":[{"taxonomy":"product_brand","embeddable":true,"href":"https:\/\/fittwear.nl\/de\/wp-json\/wp\/v2\/product_brand?post=41923"},{"taxonomy":"product_cat","embeddable":true,"href":"https:\/\/fittwear.nl\/de\/wp-json\/wp\/v2\/product_cat?post=41923"},{"taxonomy":"product_tag","embeddable":true,"href":"https:\/\/fittwear.nl\/de\/wp-json\/wp\/v2\/product_tag?post=41923"}],"curies":[{"name":"wp","href":"https:\/\/api.w.org\/{rel}","templated":true}]}}