{"id":42287,"date":"2022-10-12T17:51:44","date_gmt":"2022-10-12T15:51:44","guid":{"rendered":"https:\/\/fittwear.nl\/?post_type=product&#038;p=42287"},"modified":"2026-04-03T08:02:35","modified_gmt":"2026-04-03T06:02:35","slug":"v-form-legging-blau","status":"publish","type":"product","link":"https:\/\/fittwear.nl\/de\/product\/v-shape-legging-blue\/","title":{"rendered":"V-f\u00f6rmige Leggings Blau"},"content":{"rendered":"<p>- Leggings mit hoher Taille<\/p>\n<p>- V-f\u00f6rmiger Bund<\/p>\n<p>- Dehnbar<\/p>\n<p>- Hocke Beweis<\/p>\n<p>- 2 Taschen<\/p>\n<p>- Feuchtigkeitsableitendes Gewebe<\/p>\n<p>- 80% Nylon, 20% Elasthan<\/p>\n<p>- Waschbar bis zu 30\u00b0<\/p>\n<p>- Farbe: Blau<\/p>\n<p>- Model Doete ist 1,76 und tr\u00e4gt Gr\u00f6\u00dfe S<\/p>","protected":false},"excerpt":{"rendered":"<p>Die Lieblingsleggings, um Ihre Figur zu betonen. Das V-f\u00f6rmige Futter im Bund unterstreicht Ihre weiblichen Kurven. Das dehnbare und feuchtigkeitsableitende Material f\u00fchlt sich bei jedem Workout gro\u00dfartig an!<\/p>","protected":false},"featured_media":42726,"template":"","meta":{"_acf_changed":false},"product_brand":[],"product_cat":[4797,4794,27,28,4743,86,4759,63],"product_tag":[],"class_list":{"0":"post-42287","1":"product","2":"type-product","3":"status-publish","4":"has-post-thumbnail","6":"product_cat-blue-waves","7":"product_cat-mindful-movement","8":"product_cat-dames","9":"product_cat-leggings","10":"product_cat-geen-scrunch","11":"product_cat-effen","12":"product_cat-pocket","13":"product_cat-curves","15":"first","16":"instock","17":"taxable","18":"shipping-taxable","19":"purchasable","20":"product-type-variable","21":"has-default-attributes"},"acf":[],"yoast_head":"<!-- This site is optimized with the Yoast SEO plugin v27.1.1 - https:\/\/yoast.com\/product\/yoast-seo-wordpress\/ -->\n<title>V-Shape Legging Blue - FITTwear.nl<\/title>\n<meta name=\"description\" content=\"D\u00e9 favoriete legging om jouw figuur te laten zien. De V-shape belijning in de tailleband benadrukt jouw vrouwelijke vormen. De stretchy en vochtafvoerende stof voelt geweldig aan tijdens elke workout!\" \/>\n<meta name=\"robots\" content=\"index, follow, max-snippet:-1, max-image-preview:large, max-video-preview:-1\" \/>\n<link rel=\"canonical\" href=\"https:\/\/fittwear.nl\/de\/produkt-2\/v-form-legging-blau\/\" \/>\n<meta property=\"og:locale\" content=\"de_DE\" \/>\n<meta property=\"og:type\" content=\"article\" \/>\n<meta property=\"og:title\" content=\"V-Shape Legging Blue - FITTwear.nl\" \/>\n<meta property=\"og:description\" content=\"D\u00e9 favoriete legging om jouw figuur te laten zien. De V-shape belijning in de tailleband benadrukt jouw vrouwelijke vormen. De stretchy en vochtafvoerende stof voelt geweldig aan tijdens elke workout!\" \/>\n<meta property=\"og:url\" content=\"https:\/\/fittwear.nl\/de\/produkt-2\/v-form-legging-blau\/\" \/>\n<meta property=\"og:site_name\" content=\"FITTwear.nl\" \/>\n<meta property=\"article:modified_time\" content=\"2026-04-03T06:02:35+00:00\" \/>\n<meta property=\"og:image\" content=\"https:\/\/fittwear.nl\/wp-content\/uploads\/2022\/10\/v-shape-blauw_Voorkant-onder_jpg_2.jpg\" \/>\n\t<meta property=\"og:image:width\" content=\"1200\" \/>\n\t<meta property=\"og:image:height\" content=\"1800\" \/>\n\t<meta property=\"og:image:type\" content=\"image\/jpeg\" \/>\n<meta name=\"twitter:card\" content=\"summary_large_image\" \/>\n<meta name=\"twitter:label1\" content=\"Gesch\u00e4tzte Lesezeit\" \/>\n\t<meta name=\"twitter:data1\" content=\"1\u00a0Minute\" \/>\n<script type=\"application\/ld+json\" class=\"yoast-schema-graph\">{\"@context\":\"https:\/\/schema.org\",\"@graph\":[{\"@type\":\"WebPage\",\"@id\":\"https:\/\/fittwear.nl\/product\/v-shape-legging-blue\/\",\"url\":\"https:\/\/fittwear.nl\/product\/v-shape-legging-blue\/\",\"name\":\"V-Shape Legging Blue - FITTwear.nl\",\"isPartOf\":{\"@id\":\"https:\/\/fittwear.nl\/#website\"},\"primaryImageOfPage\":{\"@id\":\"https:\/\/fittwear.nl\/product\/v-shape-legging-blue\/#primaryimage\"},\"image\":{\"@id\":\"https:\/\/fittwear.nl\/product\/v-shape-legging-blue\/#primaryimage\"},\"thumbnailUrl\":\"https:\/\/fittwear.nl\/wp-content\/uploads\/2022\/10\/v-shape-blauw_Voorkant-onder_jpg_2.jpg\",\"datePublished\":\"2022-10-12T15:51:44+00:00\",\"dateModified\":\"2026-04-03T06:02:35+00:00\",\"description\":\"D\u00e9 favoriete legging om jouw figuur te laten zien. De V-shape belijning in de tailleband benadrukt jouw vrouwelijke vormen. De stretchy en vochtafvoerende stof voelt geweldig aan tijdens elke workout!\",\"breadcrumb\":{\"@id\":\"https:\/\/fittwear.nl\/product\/v-shape-legging-blue\/#breadcrumb\"},\"inLanguage\":\"de\",\"potentialAction\":[{\"@type\":\"ReadAction\",\"target\":[\"https:\/\/fittwear.nl\/product\/v-shape-legging-blue\/\"]}]},{\"@type\":\"ImageObject\",\"inLanguage\":\"de\",\"@id\":\"https:\/\/fittwear.nl\/product\/v-shape-legging-blue\/#primaryimage\",\"url\":\"https:\/\/fittwear.nl\/wp-content\/uploads\/2022\/10\/v-shape-blauw_Voorkant-onder_jpg_2.jpg\",\"contentUrl\":\"https:\/\/fittwear.nl\/wp-content\/uploads\/2022\/10\/v-shape-blauw_Voorkant-onder_jpg_2.jpg\",\"width\":1200,\"height\":1800},{\"@type\":\"BreadcrumbList\",\"@id\":\"https:\/\/fittwear.nl\/product\/v-shape-legging-blue\/#breadcrumb\",\"itemListElement\":[{\"@type\":\"ListItem\",\"position\":1,\"name\":\"Home\",\"item\":\"https:\/\/fittwear.nl\/\"},{\"@type\":\"ListItem\",\"position\":2,\"name\":\"Shop\",\"item\":\"https:\/\/fittwear.nl\/shop\/\"},{\"@type\":\"ListItem\",\"position\":3,\"name\":\"V-Shape Legging Blue\"}]},{\"@type\":\"WebSite\",\"@id\":\"https:\/\/fittwear.nl\/#website\",\"url\":\"https:\/\/fittwear.nl\/\",\"name\":\"FITTwear.nl\",\"description\":\"Time to shine!\",\"publisher\":{\"@id\":\"https:\/\/fittwear.nl\/#organization\"},\"potentialAction\":[{\"@type\":\"SearchAction\",\"target\":{\"@type\":\"EntryPoint\",\"urlTemplate\":\"https:\/\/fittwear.nl\/?s={search_term_string}\"},\"query-input\":{\"@type\":\"PropertyValueSpecification\",\"valueRequired\":true,\"valueName\":\"search_term_string\"}}],\"inLanguage\":\"de\"},{\"@type\":\"Organization\",\"@id\":\"https:\/\/fittwear.nl\/#organization\",\"name\":\"FITTwear.nl\",\"url\":\"https:\/\/fittwear.nl\/\",\"logo\":{\"@type\":\"ImageObject\",\"inLanguage\":\"de\",\"@id\":\"https:\/\/fittwear.nl\/#\/schema\/logo\/image\/\",\"url\":\"https:\/\/fittwear.nl\/wp-content\/uploads\/2024\/07\/FITT-Logo-BeYOUtiful-website-homepage_Tekengebied-1-scaled.jpg\",\"contentUrl\":\"https:\/\/fittwear.nl\/wp-content\/uploads\/2024\/07\/FITT-Logo-BeYOUtiful-website-homepage_Tekengebied-1-scaled.jpg\",\"width\":2560,\"height\":599,\"caption\":\"FITTwear.nl\"},\"image\":{\"@id\":\"https:\/\/fittwear.nl\/#\/schema\/logo\/image\/\"}}]}<\/script>\n<!-- \/ Yoast SEO plugin. -->","yoast_head_json":{"title":"V-Shape Legging Blau - FITTwear.de","description":"Die Lieblingsleggings, um Ihre Figur zu betonen. Das V-f\u00f6rmige Futter im Bund unterstreicht Ihre weiblichen Kurven. Das dehnbare und feuchtigkeitsableitende Material f\u00fchlt sich bei jedem Workout gro\u00dfartig an!","robots":{"index":"index","follow":"follow","max-snippet":"max-snippet:-1","max-image-preview":"max-image-preview:large","max-video-preview":"max-video-preview:-1"},"canonical":"https:\/\/fittwear.nl\/de\/produkt-2\/v-form-legging-blau\/","og_locale":"de_DE","og_type":"article","og_title":"V-Shape Legging Blue - FITTwear.nl","og_description":"D\u00e9 favoriete legging om jouw figuur te laten zien. De V-shape belijning in de tailleband benadrukt jouw vrouwelijke vormen. De stretchy en vochtafvoerende stof voelt geweldig aan tijdens elke workout!","og_url":"https:\/\/fittwear.nl\/de\/produkt-2\/v-form-legging-blau\/","og_site_name":"FITTwear.nl","article_modified_time":"2026-04-03T06:02:35+00:00","og_image":[{"width":1200,"height":1800,"url":"https:\/\/fittwear.nl\/wp-content\/uploads\/2022\/10\/v-shape-blauw_Voorkant-onder_jpg_2.jpg","type":"image\/jpeg"}],"twitter_card":"summary_large_image","twitter_misc":{"Gesch\u00e4tzte Lesezeit":"1\u00a0Minute"},"schema":{"@context":"https:\/\/schema.org","@graph":[{"@type":"WebPage","@id":"https:\/\/fittwear.nl\/product\/v-shape-legging-blue\/","url":"https:\/\/fittwear.nl\/product\/v-shape-legging-blue\/","name":"V-Shape Legging Blau - FITTwear.de","isPartOf":{"@id":"https:\/\/fittwear.nl\/#website"},"primaryImageOfPage":{"@id":"https:\/\/fittwear.nl\/product\/v-shape-legging-blue\/#primaryimage"},"image":{"@id":"https:\/\/fittwear.nl\/product\/v-shape-legging-blue\/#primaryimage"},"thumbnailUrl":"https:\/\/fittwear.nl\/wp-content\/uploads\/2022\/10\/v-shape-blauw_Voorkant-onder_jpg_2.jpg","datePublished":"2022-10-12T15:51:44+00:00","dateModified":"2026-04-03T06:02:35+00:00","description":"Die Lieblingsleggings, um Ihre Figur zu betonen. Das V-f\u00f6rmige Futter im Bund unterstreicht Ihre weiblichen Kurven. Das dehnbare und feuchtigkeitsableitende Material f\u00fchlt sich bei jedem Workout gro\u00dfartig an!","breadcrumb":{"@id":"https:\/\/fittwear.nl\/product\/v-shape-legging-blue\/#breadcrumb"},"inLanguage":"de","potentialAction":[{"@type":"ReadAction","target":["https:\/\/fittwear.nl\/product\/v-shape-legging-blue\/"]}]},{"@type":"ImageObject","inLanguage":"de","@id":"https:\/\/fittwear.nl\/product\/v-shape-legging-blue\/#primaryimage","url":"https:\/\/fittwear.nl\/wp-content\/uploads\/2022\/10\/v-shape-blauw_Voorkant-onder_jpg_2.jpg","contentUrl":"https:\/\/fittwear.nl\/wp-content\/uploads\/2022\/10\/v-shape-blauw_Voorkant-onder_jpg_2.jpg","width":1200,"height":1800},{"@type":"BreadcrumbList","@id":"https:\/\/fittwear.nl\/product\/v-shape-legging-blue\/#breadcrumb","itemListElement":[{"@type":"ListItem","position":1,"name":"Home","item":"https:\/\/fittwear.nl\/"},{"@type":"ListItem","position":2,"name":"Shop","item":"https:\/\/fittwear.nl\/shop\/"},{"@type":"ListItem","position":3,"name":"V-Shape Legging Blue"}]},{"@type":"WebSite","@id":"https:\/\/fittwear.nl\/#website","url":"https:\/\/fittwear.nl\/","name":"FITTwear.co.uk","description":"Zeit zu gl\u00e4nzen!","publisher":{"@id":"https:\/\/fittwear.nl\/#organization"},"potentialAction":[{"@type":"SearchAction","target":{"@type":"EntryPoint","urlTemplate":"https:\/\/fittwear.nl\/?s={search_term_string}"},"query-input":{"@type":"PropertyValueSpecification","valueRequired":true,"valueName":"search_term_string"}}],"inLanguage":"de"},{"@type":"Organization","@id":"https:\/\/fittwear.nl\/#organization","name":"FITTwear.co.uk","url":"https:\/\/fittwear.nl\/","logo":{"@type":"ImageObject","inLanguage":"de","@id":"https:\/\/fittwear.nl\/#\/schema\/logo\/image\/","url":"https:\/\/fittwear.nl\/wp-content\/uploads\/2024\/07\/FITT-Logo-BeYOUtiful-website-homepage_Tekengebied-1-scaled.jpg","contentUrl":"https:\/\/fittwear.nl\/wp-content\/uploads\/2024\/07\/FITT-Logo-BeYOUtiful-website-homepage_Tekengebied-1-scaled.jpg","width":2560,"height":599,"caption":"FITTwear.nl"},"image":{"@id":"https:\/\/fittwear.nl\/#\/schema\/logo\/image\/"}}]}},"_links":{"self":[{"href":"https:\/\/fittwear.nl\/de\/wp-json\/wp\/v2\/product\/42287","targetHints":{"allow":["GET"]}}],"collection":[{"href":"https:\/\/fittwear.nl\/de\/wp-json\/wp\/v2\/product"}],"about":[{"href":"https:\/\/fittwear.nl\/de\/wp-json\/wp\/v2\/types\/product"}],"wp:featuredmedia":[{"embeddable":true,"href":"https:\/\/fittwear.nl\/de\/wp-json\/wp\/v2\/media\/42726"}],"wp:attachment":[{"href":"https:\/\/fittwear.nl\/de\/wp-json\/wp\/v2\/media?parent=42287"}],"wp:term":[{"taxonomy":"product_brand","embeddable":true,"href":"https:\/\/fittwear.nl\/de\/wp-json\/wp\/v2\/product_brand?post=42287"},{"taxonomy":"product_cat","embeddable":true,"href":"https:\/\/fittwear.nl\/de\/wp-json\/wp\/v2\/product_cat?post=42287"},{"taxonomy":"product_tag","embeddable":true,"href":"https:\/\/fittwear.nl\/de\/wp-json\/wp\/v2\/product_tag?post=42287"}],"curies":[{"name":"wp","href":"https:\/\/api.w.org\/{rel}","templated":true}]}}