{"id":42305,"date":"2022-10-12T17:56:39","date_gmt":"2022-10-12T15:56:39","guid":{"rendered":"https:\/\/fittwear.nl\/?post_type=product&#038;p=42305"},"modified":"2026-05-06T03:27:51","modified_gmt":"2026-05-06T01:27:51","slug":"stosfest-bh-schwarz","status":"publish","type":"product","link":"https:\/\/fittwear.nl\/de\/product\/shock-proof-bh-black\/","title":{"rendered":"Shock Proof BH Schwarz"},"content":{"rendered":"<p>-Superfester BH<\/p>\n<p>-Sto\u00dffest<\/p>\n<p>-geeignet f\u00fcr intensiven Sport<\/p>\n<p>-Verstellbarer 3-Haken-Verschluss<\/p>\n<p>-R\u00fcckseitige Crossover-Tr\u00e4ger<\/p>\n<p>-Einzelheiten hinter<\/p>\n<p>-Festes und dehnbares Band unter der B\u00fcste<\/p>\n<p>-80% Nylon, 20% Elasthan<\/p>\n<p>-Farbe: Schwarz<\/p>\n<p>-Model Doete ist 1,76 und tr\u00e4gt Gr\u00f6\u00dfe S<\/p>","protected":false},"excerpt":{"rendered":"<p>Sie suchen einen superstarken Sport-BH? Eine, die f\u00fcr alle intensiven Sportarten geeignet ist und unglaublich sto\u00dffest ist. Dann ist dieser BH der richtige Artikel. Auf geht's zum Training!<\/p>","protected":false},"featured_media":42734,"template":"","meta":{"_acf_changed":false},"product_brand":[],"product_cat":[4800,27,52,88],"product_tag":[],"class_list":{"0":"post-42305","1":"product","2":"type-product","3":"status-publish","4":"has-post-thumbnail","6":"product_cat-running-collection","7":"product_cat-dames","8":"product_cat-sport-bhs","9":"product_cat-effen-sport-bhs","11":"first","12":"instock","13":"taxable","14":"shipping-taxable","15":"purchasable","16":"product-type-variable","17":"has-default-attributes"},"acf":[],"yoast_head":"<!-- This site is optimized with the Yoast SEO plugin v27.1.1 - https:\/\/yoast.com\/product\/yoast-seo-wordpress\/ -->\n<title>Shock Proof BH Black - FITTwear.nl<\/title>\n<meta name=\"description\" content=\"Op zoek naar een super stevige sport BH? Eentje die geschikt is voor alle intensieve sporten en ontzettend shockproof is. Dan is deze BH het geschikte item. Let\u2019s go workout!\" \/>\n<meta name=\"robots\" content=\"index, follow, max-snippet:-1, max-image-preview:large, max-video-preview:-1\" \/>\n<link rel=\"canonical\" href=\"https:\/\/fittwear.nl\/de\/produkt-2\/stosfest-bh-schwarz\/\" \/>\n<meta property=\"og:locale\" content=\"de_DE\" \/>\n<meta property=\"og:type\" content=\"article\" \/>\n<meta property=\"og:title\" content=\"Shock Proof BH Black - FITTwear.nl\" \/>\n<meta property=\"og:description\" content=\"Op zoek naar een super stevige sport BH? Eentje die geschikt is voor alle intensieve sporten en ontzettend shockproof is. Dan is deze BH het geschikte item. Let\u2019s go workout!\" \/>\n<meta property=\"og:url\" content=\"https:\/\/fittwear.nl\/de\/produkt-2\/stosfest-bh-schwarz\/\" \/>\n<meta property=\"og:site_name\" content=\"FITTwear.nl\" \/>\n<meta property=\"article:modified_time\" content=\"2026-05-06T01:27:51+00:00\" \/>\n<meta property=\"og:image\" content=\"https:\/\/fittwear.nl\/wp-content\/uploads\/2022\/10\/v-shape-zwart-shock-bh_Voorkant-boven_jpg_1.jpg\" \/>\n\t<meta property=\"og:image:width\" content=\"1200\" \/>\n\t<meta property=\"og:image:height\" content=\"1800\" \/>\n\t<meta property=\"og:image:type\" content=\"image\/jpeg\" \/>\n<meta name=\"twitter:card\" content=\"summary_large_image\" \/>\n<meta name=\"twitter:label1\" content=\"Gesch\u00e4tzte Lesezeit\" \/>\n\t<meta name=\"twitter:data1\" content=\"1\u00a0Minute\" \/>\n<script type=\"application\/ld+json\" class=\"yoast-schema-graph\">{\"@context\":\"https:\/\/schema.org\",\"@graph\":[{\"@type\":\"WebPage\",\"@id\":\"https:\/\/fittwear.nl\/product\/shock-proof-bh-black\/\",\"url\":\"https:\/\/fittwear.nl\/product\/shock-proof-bh-black\/\",\"name\":\"Shock Proof BH Black - FITTwear.nl\",\"isPartOf\":{\"@id\":\"https:\/\/fittwear.nl\/#website\"},\"primaryImageOfPage\":{\"@id\":\"https:\/\/fittwear.nl\/product\/shock-proof-bh-black\/#primaryimage\"},\"image\":{\"@id\":\"https:\/\/fittwear.nl\/product\/shock-proof-bh-black\/#primaryimage\"},\"thumbnailUrl\":\"https:\/\/fittwear.nl\/wp-content\/uploads\/2022\/10\/v-shape-zwart-shock-bh_Voorkant-boven_jpg_1.jpg\",\"datePublished\":\"2022-10-12T15:56:39+00:00\",\"dateModified\":\"2026-05-06T01:27:51+00:00\",\"description\":\"Op zoek naar een super stevige sport BH? Eentje die geschikt is voor alle intensieve sporten en ontzettend shockproof is. Dan is deze BH het geschikte item. Let\u2019s go workout!\",\"breadcrumb\":{\"@id\":\"https:\/\/fittwear.nl\/product\/shock-proof-bh-black\/#breadcrumb\"},\"inLanguage\":\"de\",\"potentialAction\":[{\"@type\":\"ReadAction\",\"target\":[\"https:\/\/fittwear.nl\/product\/shock-proof-bh-black\/\"]}]},{\"@type\":\"ImageObject\",\"inLanguage\":\"de\",\"@id\":\"https:\/\/fittwear.nl\/product\/shock-proof-bh-black\/#primaryimage\",\"url\":\"https:\/\/fittwear.nl\/wp-content\/uploads\/2022\/10\/v-shape-zwart-shock-bh_Voorkant-boven_jpg_1.jpg\",\"contentUrl\":\"https:\/\/fittwear.nl\/wp-content\/uploads\/2022\/10\/v-shape-zwart-shock-bh_Voorkant-boven_jpg_1.jpg\",\"width\":1200,\"height\":1800},{\"@type\":\"BreadcrumbList\",\"@id\":\"https:\/\/fittwear.nl\/product\/shock-proof-bh-black\/#breadcrumb\",\"itemListElement\":[{\"@type\":\"ListItem\",\"position\":1,\"name\":\"Home\",\"item\":\"https:\/\/fittwear.nl\/\"},{\"@type\":\"ListItem\",\"position\":2,\"name\":\"Shop\",\"item\":\"https:\/\/fittwear.nl\/shop\/\"},{\"@type\":\"ListItem\",\"position\":3,\"name\":\"Shock Proof BH Black\"}]},{\"@type\":\"WebSite\",\"@id\":\"https:\/\/fittwear.nl\/#website\",\"url\":\"https:\/\/fittwear.nl\/\",\"name\":\"FITTwear.nl\",\"description\":\"Time to shine!\",\"publisher\":{\"@id\":\"https:\/\/fittwear.nl\/#organization\"},\"potentialAction\":[{\"@type\":\"SearchAction\",\"target\":{\"@type\":\"EntryPoint\",\"urlTemplate\":\"https:\/\/fittwear.nl\/?s={search_term_string}\"},\"query-input\":{\"@type\":\"PropertyValueSpecification\",\"valueRequired\":true,\"valueName\":\"search_term_string\"}}],\"inLanguage\":\"de\"},{\"@type\":\"Organization\",\"@id\":\"https:\/\/fittwear.nl\/#organization\",\"name\":\"FITTwear.nl\",\"url\":\"https:\/\/fittwear.nl\/\",\"logo\":{\"@type\":\"ImageObject\",\"inLanguage\":\"de\",\"@id\":\"https:\/\/fittwear.nl\/#\/schema\/logo\/image\/\",\"url\":\"https:\/\/fittwear.nl\/wp-content\/uploads\/2024\/07\/FITT-Logo-BeYOUtiful-website-homepage_Tekengebied-1-scaled.jpg\",\"contentUrl\":\"https:\/\/fittwear.nl\/wp-content\/uploads\/2024\/07\/FITT-Logo-BeYOUtiful-website-homepage_Tekengebied-1-scaled.jpg\",\"width\":2560,\"height\":599,\"caption\":\"FITTwear.nl\"},\"image\":{\"@id\":\"https:\/\/fittwear.nl\/#\/schema\/logo\/image\/\"}}]}<\/script>\n<!-- \/ Yoast SEO plugin. -->","yoast_head_json":{"title":"Shock Proof BH Schwarz - FITTwear.nl","description":"Sie suchen einen superstarken Sport-BH? Eine, die f\u00fcr alle intensiven Sportarten geeignet ist und unglaublich sto\u00dffest ist. Dann ist dieser BH der richtige Artikel. Auf geht's zum Training!","robots":{"index":"index","follow":"follow","max-snippet":"max-snippet:-1","max-image-preview":"max-image-preview:large","max-video-preview":"max-video-preview:-1"},"canonical":"https:\/\/fittwear.nl\/de\/produkt-2\/stosfest-bh-schwarz\/","og_locale":"de_DE","og_type":"article","og_title":"Shock Proof BH Black - FITTwear.nl","og_description":"Op zoek naar een super stevige sport BH? Eentje die geschikt is voor alle intensieve sporten en ontzettend shockproof is. Dan is deze BH het geschikte item. Let\u2019s go workout!","og_url":"https:\/\/fittwear.nl\/de\/produkt-2\/stosfest-bh-schwarz\/","og_site_name":"FITTwear.nl","article_modified_time":"2026-05-06T01:27:51+00:00","og_image":[{"width":1200,"height":1800,"url":"https:\/\/fittwear.nl\/wp-content\/uploads\/2022\/10\/v-shape-zwart-shock-bh_Voorkant-boven_jpg_1.jpg","type":"image\/jpeg"}],"twitter_card":"summary_large_image","twitter_misc":{"Gesch\u00e4tzte Lesezeit":"1\u00a0Minute"},"schema":{"@context":"https:\/\/schema.org","@graph":[{"@type":"WebPage","@id":"https:\/\/fittwear.nl\/product\/shock-proof-bh-black\/","url":"https:\/\/fittwear.nl\/product\/shock-proof-bh-black\/","name":"Shock Proof BH Schwarz - FITTwear.nl","isPartOf":{"@id":"https:\/\/fittwear.nl\/#website"},"primaryImageOfPage":{"@id":"https:\/\/fittwear.nl\/product\/shock-proof-bh-black\/#primaryimage"},"image":{"@id":"https:\/\/fittwear.nl\/product\/shock-proof-bh-black\/#primaryimage"},"thumbnailUrl":"https:\/\/fittwear.nl\/wp-content\/uploads\/2022\/10\/v-shape-zwart-shock-bh_Voorkant-boven_jpg_1.jpg","datePublished":"2022-10-12T15:56:39+00:00","dateModified":"2026-05-06T01:27:51+00:00","description":"Sie suchen einen superstarken Sport-BH? Eine, die f\u00fcr alle intensiven Sportarten geeignet ist und unglaublich sto\u00dffest ist. Dann ist dieser BH der richtige Artikel. Auf geht's zum Training!","breadcrumb":{"@id":"https:\/\/fittwear.nl\/product\/shock-proof-bh-black\/#breadcrumb"},"inLanguage":"de","potentialAction":[{"@type":"ReadAction","target":["https:\/\/fittwear.nl\/product\/shock-proof-bh-black\/"]}]},{"@type":"ImageObject","inLanguage":"de","@id":"https:\/\/fittwear.nl\/product\/shock-proof-bh-black\/#primaryimage","url":"https:\/\/fittwear.nl\/wp-content\/uploads\/2022\/10\/v-shape-zwart-shock-bh_Voorkant-boven_jpg_1.jpg","contentUrl":"https:\/\/fittwear.nl\/wp-content\/uploads\/2022\/10\/v-shape-zwart-shock-bh_Voorkant-boven_jpg_1.jpg","width":1200,"height":1800},{"@type":"BreadcrumbList","@id":"https:\/\/fittwear.nl\/product\/shock-proof-bh-black\/#breadcrumb","itemListElement":[{"@type":"ListItem","position":1,"name":"Home","item":"https:\/\/fittwear.nl\/"},{"@type":"ListItem","position":2,"name":"Shop","item":"https:\/\/fittwear.nl\/shop\/"},{"@type":"ListItem","position":3,"name":"Shock Proof BH Black"}]},{"@type":"WebSite","@id":"https:\/\/fittwear.nl\/#website","url":"https:\/\/fittwear.nl\/","name":"FITTwear.co.uk","description":"Zeit zu gl\u00e4nzen!","publisher":{"@id":"https:\/\/fittwear.nl\/#organization"},"potentialAction":[{"@type":"SearchAction","target":{"@type":"EntryPoint","urlTemplate":"https:\/\/fittwear.nl\/?s={search_term_string}"},"query-input":{"@type":"PropertyValueSpecification","valueRequired":true,"valueName":"search_term_string"}}],"inLanguage":"de"},{"@type":"Organization","@id":"https:\/\/fittwear.nl\/#organization","name":"FITTwear.co.uk","url":"https:\/\/fittwear.nl\/","logo":{"@type":"ImageObject","inLanguage":"de","@id":"https:\/\/fittwear.nl\/#\/schema\/logo\/image\/","url":"https:\/\/fittwear.nl\/wp-content\/uploads\/2024\/07\/FITT-Logo-BeYOUtiful-website-homepage_Tekengebied-1-scaled.jpg","contentUrl":"https:\/\/fittwear.nl\/wp-content\/uploads\/2024\/07\/FITT-Logo-BeYOUtiful-website-homepage_Tekengebied-1-scaled.jpg","width":2560,"height":599,"caption":"FITTwear.nl"},"image":{"@id":"https:\/\/fittwear.nl\/#\/schema\/logo\/image\/"}}]}},"_links":{"self":[{"href":"https:\/\/fittwear.nl\/de\/wp-json\/wp\/v2\/product\/42305","targetHints":{"allow":["GET"]}}],"collection":[{"href":"https:\/\/fittwear.nl\/de\/wp-json\/wp\/v2\/product"}],"about":[{"href":"https:\/\/fittwear.nl\/de\/wp-json\/wp\/v2\/types\/product"}],"wp:featuredmedia":[{"embeddable":true,"href":"https:\/\/fittwear.nl\/de\/wp-json\/wp\/v2\/media\/42734"}],"wp:attachment":[{"href":"https:\/\/fittwear.nl\/de\/wp-json\/wp\/v2\/media?parent=42305"}],"wp:term":[{"taxonomy":"product_brand","embeddable":true,"href":"https:\/\/fittwear.nl\/de\/wp-json\/wp\/v2\/product_brand?post=42305"},{"taxonomy":"product_cat","embeddable":true,"href":"https:\/\/fittwear.nl\/de\/wp-json\/wp\/v2\/product_cat?post=42305"},{"taxonomy":"product_tag","embeddable":true,"href":"https:\/\/fittwear.nl\/de\/wp-json\/wp\/v2\/product_tag?post=42305"}],"curies":[{"name":"wp","href":"https:\/\/api.w.org\/{rel}","templated":true}]}}