{"id":42375,"date":"2022-10-12T17:59:49","date_gmt":"2022-10-12T15:59:49","guid":{"rendered":"https:\/\/fittwear.nl\/?post_type=product&#038;p=42375"},"modified":"2026-04-30T20:25:47","modified_gmt":"2026-04-30T18:25:47","slug":"super-taillierte-leggings-lila","status":"publish","type":"product","link":"https:\/\/fittwear.nl\/de\/product\/super-high-waist-legging-purple\/","title":{"rendered":"Super High Waist Legging Lila"},"content":{"rendered":"<p>-Super-Leggings mit hoher Taille<br \/>\n-Extra weicher, leichter Stoff<br \/>\n-Atmungsaktives Gewebe<br \/>\n-schnell trocknend<br \/>\n-Stretchy<br \/>\n-Quetschprobe<br \/>\n-Kleine Tasche (Schl\u00fcssel) auf der Innenseite des Bandes<br \/>\n-80% Polyester, 20% Elasthan<br \/>\n-Waschbar bis zu 30\u00b0<br \/>\n-Farbe: Lila<br \/>\n-Model Doete ist 1,76 und tr\u00e4gt Gr\u00f6\u00dfe S<\/p>","protected":false},"excerpt":{"rendered":"<p>Diese allseits beliebten Leggings mit einem robusten, superhohen Bund geben Ihnen ein wunderbares und straffes Gef\u00fchl w\u00e4hrend Ihres Trainings. Das extraweiche, dehnbare und leichte Material ist atmungsaktiv und schnell trocknend und bietet ultimativen Komfort und Flexibilit\u00e4t bei jedem Training.<\/p>","protected":false},"featured_media":42772,"template":"","meta":{"_acf_changed":false},"product_brand":[],"product_cat":[4812,27,54,28,4743,86],"product_tag":[],"class_list":{"0":"post-42375","1":"product","2":"type-product","3":"status-publish","4":"has-post-thumbnail","6":"product_cat-forever-favorites-categorie","7":"product_cat-dames","8":"product_cat-new","9":"product_cat-leggings","10":"product_cat-geen-scrunch","11":"product_cat-effen","13":"first","14":"outofstock","15":"taxable","16":"shipping-taxable","17":"product-type-variable","18":"has-default-attributes"},"acf":[],"yoast_head":"<!-- This site is optimized with the Yoast SEO plugin v27.1.1 - https:\/\/yoast.com\/product\/yoast-seo-wordpress\/ -->\n<title>Super High Waist Legging Purple - FITTwear.nl<\/title>\n<meta name=\"description\" content=\"Deze all-time favourite legging met een stevige super-hoge high waist tailleband geeft jou een heerlijk en verstevigd gevoel tijdens je training. De extra zachte stretchy lichtgewicht stof heeft een ademend en snel drogend vermogen, wat het ultieme aan comfort en flexibiliteit biedt tijdens elke workout.\" \/>\n<meta name=\"robots\" content=\"index, follow, max-snippet:-1, max-image-preview:large, max-video-preview:-1\" \/>\n<link rel=\"canonical\" href=\"https:\/\/fittwear.nl\/de\/produkt-2\/super-taillierte-leggings-lila\/\" \/>\n<meta property=\"og:locale\" content=\"de_DE\" \/>\n<meta property=\"og:type\" content=\"article\" \/>\n<meta property=\"og:title\" content=\"Super High Waist Legging Purple - FITTwear.nl\" \/>\n<meta property=\"og:description\" content=\"Deze all-time favourite legging met een stevige super-hoge high waist tailleband geeft jou een heerlijk en verstevigd gevoel tijdens je training. De extra zachte stretchy lichtgewicht stof heeft een ademend en snel drogend vermogen, wat het ultieme aan comfort en flexibiliteit biedt tijdens elke workout.\" \/>\n<meta property=\"og:url\" content=\"https:\/\/fittwear.nl\/de\/produkt-2\/super-taillierte-leggings-lila\/\" \/>\n<meta property=\"og:site_name\" content=\"FITTwear.nl\" \/>\n<meta property=\"article:modified_time\" content=\"2026-04-30T18:25:47+00:00\" \/>\n<meta property=\"og:image\" content=\"https:\/\/fittwear.nl\/wp-content\/uploads\/2022\/10\/super-high-waist-paars-plus-halter_Voorkant-onder_jpg_1.jpg\" \/>\n\t<meta property=\"og:image:width\" content=\"1200\" \/>\n\t<meta property=\"og:image:height\" content=\"1800\" \/>\n\t<meta property=\"og:image:type\" content=\"image\/jpeg\" \/>\n<meta name=\"twitter:card\" content=\"summary_large_image\" \/>\n<meta name=\"twitter:label1\" content=\"Gesch\u00e4tzte Lesezeit\" \/>\n\t<meta name=\"twitter:data1\" content=\"1\u00a0Minute\" \/>\n<script type=\"application\/ld+json\" class=\"yoast-schema-graph\">{\"@context\":\"https:\/\/schema.org\",\"@graph\":[{\"@type\":\"WebPage\",\"@id\":\"https:\/\/fittwear.nl\/product\/super-high-waist-legging-purple\/\",\"url\":\"https:\/\/fittwear.nl\/product\/super-high-waist-legging-purple\/\",\"name\":\"Super High Waist Legging Purple - FITTwear.nl\",\"isPartOf\":{\"@id\":\"https:\/\/fittwear.nl\/#website\"},\"primaryImageOfPage\":{\"@id\":\"https:\/\/fittwear.nl\/product\/super-high-waist-legging-purple\/#primaryimage\"},\"image\":{\"@id\":\"https:\/\/fittwear.nl\/product\/super-high-waist-legging-purple\/#primaryimage\"},\"thumbnailUrl\":\"https:\/\/fittwear.nl\/wp-content\/uploads\/2022\/10\/super-high-waist-paars-plus-halter_Voorkant-onder_jpg_1.jpg\",\"datePublished\":\"2022-10-12T15:59:49+00:00\",\"dateModified\":\"2026-04-30T18:25:47+00:00\",\"description\":\"Deze all-time favourite legging met een stevige super-hoge high waist tailleband geeft jou een heerlijk en verstevigd gevoel tijdens je training. De extra zachte stretchy lichtgewicht stof heeft een ademend en snel drogend vermogen, wat het ultieme aan comfort en flexibiliteit biedt tijdens elke workout.\",\"breadcrumb\":{\"@id\":\"https:\/\/fittwear.nl\/product\/super-high-waist-legging-purple\/#breadcrumb\"},\"inLanguage\":\"de\",\"potentialAction\":[{\"@type\":\"ReadAction\",\"target\":[\"https:\/\/fittwear.nl\/product\/super-high-waist-legging-purple\/\"]}]},{\"@type\":\"ImageObject\",\"inLanguage\":\"de\",\"@id\":\"https:\/\/fittwear.nl\/product\/super-high-waist-legging-purple\/#primaryimage\",\"url\":\"https:\/\/fittwear.nl\/wp-content\/uploads\/2022\/10\/super-high-waist-paars-plus-halter_Voorkant-onder_jpg_1.jpg\",\"contentUrl\":\"https:\/\/fittwear.nl\/wp-content\/uploads\/2022\/10\/super-high-waist-paars-plus-halter_Voorkant-onder_jpg_1.jpg\",\"width\":1200,\"height\":1800},{\"@type\":\"BreadcrumbList\",\"@id\":\"https:\/\/fittwear.nl\/product\/super-high-waist-legging-purple\/#breadcrumb\",\"itemListElement\":[{\"@type\":\"ListItem\",\"position\":1,\"name\":\"Home\",\"item\":\"https:\/\/fittwear.nl\/\"},{\"@type\":\"ListItem\",\"position\":2,\"name\":\"Shop\",\"item\":\"https:\/\/fittwear.nl\/shop\/\"},{\"@type\":\"ListItem\",\"position\":3,\"name\":\"Super High Waist Legging Purple\"}]},{\"@type\":\"WebSite\",\"@id\":\"https:\/\/fittwear.nl\/#website\",\"url\":\"https:\/\/fittwear.nl\/\",\"name\":\"FITTwear.nl\",\"description\":\"Time to shine!\",\"publisher\":{\"@id\":\"https:\/\/fittwear.nl\/#organization\"},\"potentialAction\":[{\"@type\":\"SearchAction\",\"target\":{\"@type\":\"EntryPoint\",\"urlTemplate\":\"https:\/\/fittwear.nl\/?s={search_term_string}\"},\"query-input\":{\"@type\":\"PropertyValueSpecification\",\"valueRequired\":true,\"valueName\":\"search_term_string\"}}],\"inLanguage\":\"de\"},{\"@type\":\"Organization\",\"@id\":\"https:\/\/fittwear.nl\/#organization\",\"name\":\"FITTwear.nl\",\"url\":\"https:\/\/fittwear.nl\/\",\"logo\":{\"@type\":\"ImageObject\",\"inLanguage\":\"de\",\"@id\":\"https:\/\/fittwear.nl\/#\/schema\/logo\/image\/\",\"url\":\"https:\/\/fittwear.nl\/wp-content\/uploads\/2024\/07\/FITT-Logo-BeYOUtiful-website-homepage_Tekengebied-1-scaled.jpg\",\"contentUrl\":\"https:\/\/fittwear.nl\/wp-content\/uploads\/2024\/07\/FITT-Logo-BeYOUtiful-website-homepage_Tekengebied-1-scaled.jpg\",\"width\":2560,\"height\":599,\"caption\":\"FITTwear.nl\"},\"image\":{\"@id\":\"https:\/\/fittwear.nl\/#\/schema\/logo\/image\/\"}}]}<\/script>\n<!-- \/ Yoast SEO plugin. -->","yoast_head_json":{"title":"Super High Waist Legging Lila - FITTwear.de","description":"Diese allseits beliebten Leggings mit einem robusten, superhohen Bund geben Ihnen ein wunderbares und straffes Gef\u00fchl w\u00e4hrend Ihres Trainings. Das extraweiche, dehnbare und leichte Material ist atmungsaktiv und schnell trocknend und bietet ultimativen Komfort und Flexibilit\u00e4t bei jedem Training.","robots":{"index":"index","follow":"follow","max-snippet":"max-snippet:-1","max-image-preview":"max-image-preview:large","max-video-preview":"max-video-preview:-1"},"canonical":"https:\/\/fittwear.nl\/de\/produkt-2\/super-taillierte-leggings-lila\/","og_locale":"de_DE","og_type":"article","og_title":"Super High Waist Legging Purple - FITTwear.nl","og_description":"Deze all-time favourite legging met een stevige super-hoge high waist tailleband geeft jou een heerlijk en verstevigd gevoel tijdens je training. De extra zachte stretchy lichtgewicht stof heeft een ademend en snel drogend vermogen, wat het ultieme aan comfort en flexibiliteit biedt tijdens elke workout.","og_url":"https:\/\/fittwear.nl\/de\/produkt-2\/super-taillierte-leggings-lila\/","og_site_name":"FITTwear.nl","article_modified_time":"2026-04-30T18:25:47+00:00","og_image":[{"width":1200,"height":1800,"url":"https:\/\/fittwear.nl\/wp-content\/uploads\/2022\/10\/super-high-waist-paars-plus-halter_Voorkant-onder_jpg_1.jpg","type":"image\/jpeg"}],"twitter_card":"summary_large_image","twitter_misc":{"Gesch\u00e4tzte Lesezeit":"1\u00a0Minute"},"schema":{"@context":"https:\/\/schema.org","@graph":[{"@type":"WebPage","@id":"https:\/\/fittwear.nl\/product\/super-high-waist-legging-purple\/","url":"https:\/\/fittwear.nl\/product\/super-high-waist-legging-purple\/","name":"Super High Waist Legging Lila - FITTwear.de","isPartOf":{"@id":"https:\/\/fittwear.nl\/#website"},"primaryImageOfPage":{"@id":"https:\/\/fittwear.nl\/product\/super-high-waist-legging-purple\/#primaryimage"},"image":{"@id":"https:\/\/fittwear.nl\/product\/super-high-waist-legging-purple\/#primaryimage"},"thumbnailUrl":"https:\/\/fittwear.nl\/wp-content\/uploads\/2022\/10\/super-high-waist-paars-plus-halter_Voorkant-onder_jpg_1.jpg","datePublished":"2022-10-12T15:59:49+00:00","dateModified":"2026-04-30T18:25:47+00:00","description":"Diese allseits beliebten Leggings mit einem robusten, superhohen Bund geben Ihnen ein wunderbares und straffes Gef\u00fchl w\u00e4hrend Ihres Trainings. Das extraweiche, dehnbare und leichte Material ist atmungsaktiv und schnell trocknend und bietet ultimativen Komfort und Flexibilit\u00e4t bei jedem Training.","breadcrumb":{"@id":"https:\/\/fittwear.nl\/product\/super-high-waist-legging-purple\/#breadcrumb"},"inLanguage":"de","potentialAction":[{"@type":"ReadAction","target":["https:\/\/fittwear.nl\/product\/super-high-waist-legging-purple\/"]}]},{"@type":"ImageObject","inLanguage":"de","@id":"https:\/\/fittwear.nl\/product\/super-high-waist-legging-purple\/#primaryimage","url":"https:\/\/fittwear.nl\/wp-content\/uploads\/2022\/10\/super-high-waist-paars-plus-halter_Voorkant-onder_jpg_1.jpg","contentUrl":"https:\/\/fittwear.nl\/wp-content\/uploads\/2022\/10\/super-high-waist-paars-plus-halter_Voorkant-onder_jpg_1.jpg","width":1200,"height":1800},{"@type":"BreadcrumbList","@id":"https:\/\/fittwear.nl\/product\/super-high-waist-legging-purple\/#breadcrumb","itemListElement":[{"@type":"ListItem","position":1,"name":"Home","item":"https:\/\/fittwear.nl\/"},{"@type":"ListItem","position":2,"name":"Shop","item":"https:\/\/fittwear.nl\/shop\/"},{"@type":"ListItem","position":3,"name":"Super High Waist Legging Purple"}]},{"@type":"WebSite","@id":"https:\/\/fittwear.nl\/#website","url":"https:\/\/fittwear.nl\/","name":"FITTwear.co.uk","description":"Zeit zu gl\u00e4nzen!","publisher":{"@id":"https:\/\/fittwear.nl\/#organization"},"potentialAction":[{"@type":"SearchAction","target":{"@type":"EntryPoint","urlTemplate":"https:\/\/fittwear.nl\/?s={search_term_string}"},"query-input":{"@type":"PropertyValueSpecification","valueRequired":true,"valueName":"search_term_string"}}],"inLanguage":"de"},{"@type":"Organization","@id":"https:\/\/fittwear.nl\/#organization","name":"FITTwear.co.uk","url":"https:\/\/fittwear.nl\/","logo":{"@type":"ImageObject","inLanguage":"de","@id":"https:\/\/fittwear.nl\/#\/schema\/logo\/image\/","url":"https:\/\/fittwear.nl\/wp-content\/uploads\/2024\/07\/FITT-Logo-BeYOUtiful-website-homepage_Tekengebied-1-scaled.jpg","contentUrl":"https:\/\/fittwear.nl\/wp-content\/uploads\/2024\/07\/FITT-Logo-BeYOUtiful-website-homepage_Tekengebied-1-scaled.jpg","width":2560,"height":599,"caption":"FITTwear.nl"},"image":{"@id":"https:\/\/fittwear.nl\/#\/schema\/logo\/image\/"}}]}},"_links":{"self":[{"href":"https:\/\/fittwear.nl\/de\/wp-json\/wp\/v2\/product\/42375","targetHints":{"allow":["GET"]}}],"collection":[{"href":"https:\/\/fittwear.nl\/de\/wp-json\/wp\/v2\/product"}],"about":[{"href":"https:\/\/fittwear.nl\/de\/wp-json\/wp\/v2\/types\/product"}],"wp:featuredmedia":[{"embeddable":true,"href":"https:\/\/fittwear.nl\/de\/wp-json\/wp\/v2\/media\/42772"}],"wp:attachment":[{"href":"https:\/\/fittwear.nl\/de\/wp-json\/wp\/v2\/media?parent=42375"}],"wp:term":[{"taxonomy":"product_brand","embeddable":true,"href":"https:\/\/fittwear.nl\/de\/wp-json\/wp\/v2\/product_brand?post=42375"},{"taxonomy":"product_cat","embeddable":true,"href":"https:\/\/fittwear.nl\/de\/wp-json\/wp\/v2\/product_cat?post=42375"},{"taxonomy":"product_tag","embeddable":true,"href":"https:\/\/fittwear.nl\/de\/wp-json\/wp\/v2\/product_tag?post=42375"}],"curies":[{"name":"wp","href":"https:\/\/api.w.org\/{rel}","templated":true}]}}