{"id":45842,"date":"2022-11-29T20:31:41","date_gmt":"2022-11-29T19:31:41","guid":{"rendered":"https:\/\/fittwear.nl\/?post_type=product&#038;p=45842"},"modified":"2026-04-27T15:24:01","modified_gmt":"2026-04-27T13:24:01","slug":"kurvig-konturiert-bh-salbei-grun","status":"publish","type":"product","link":"https:\/\/fittwear.nl\/de\/product\/curvy-contour-bh-sage-green\/","title":{"rendered":"Curvy Contour BH Salbei Gr\u00fcn"},"content":{"rendered":"<p>&#8211; Seamless sport bh<\/p>\n\n\n\n<p>&#8211; Uitneembare padding<\/p>\n\n\n\n<p>&#8211; Verstelbare bandjes<\/p>\n\n\n\n<p>&#8211; Uniek rugdetail<\/p>\n\n\n\n<p>&#8211; Elastische busteondersteuning<\/p>\n\n\n\n<p>&#8211; Voorzien van subtiel logo<\/p>\n\n\n\n<p>&#8211; 92% nylon, 8% elastaan<\/p>\n\n\n\n<p> &#8211; 280 grams<\/p>\n\n\n\n<p>- Waschbar bis zu 30\u00b0<\/p>\n\n\n\n<p>&#8211; Kleur: Dark Green, Sage Green, Black, Dark Grey<\/p>\n\n\n\n<p>&#8211; Model Doete is 1.76 en draagt maat S<\/p>","protected":false},"excerpt":{"rendered":"<p>Sport-BH mit verstellbaren Tr\u00e4gern und herausnehmbaren Polstern aus unserer Linie Curvy Contour Seamless. Eine elastische Brustst\u00fctze und das nahtlose Design bieten zusammen mit dem dehnbaren Stoff Komfort w\u00e4hrend des Trainings. Und haben Sie das einzigartige und lustige R\u00fcckendetail dieses Sport-BHs gesehen? Wir lieben es!<\/p>","protected":false},"featured_media":46944,"template":"","meta":{"_acf_changed":false},"product_brand":[],"product_cat":[63,88,54,52],"product_tag":[],"class_list":{"0":"post-45842","1":"product","2":"type-product","3":"status-publish","4":"has-post-thumbnail","6":"product_cat-curves","7":"product_cat-effen-sport-bhs","8":"product_cat-new","9":"product_cat-sport-bhs","11":"first","12":"outofstock","13":"taxable","14":"shipping-taxable","15":"product-type-variable","16":"has-default-attributes"},"acf":[],"yoast_head":"<!-- This site is optimized with the Yoast SEO plugin v27.1.1 - https:\/\/yoast.com\/product\/yoast-seo-wordpress\/ -->\n<title>Curvy Contour BH Sage Green - FITTwear.nl<\/title>\n<meta name=\"description\" content=\"Sport bh met verstelbare bandjes en uitneembare padding uit onze Curvy Contour Seamless lijn. Een elastische busteondersteuning en de het naadloze ontwerp bieden samen met de stretchy stof comfort tijdens jouw training. En heb je de unieke en leuke rugdetails gezien van deze sport BH? We love it!\" \/>\n<meta name=\"robots\" content=\"index, follow, max-snippet:-1, max-image-preview:large, max-video-preview:-1\" \/>\n<link rel=\"canonical\" href=\"https:\/\/fittwear.nl\/de\/produkt-2\/kurvig-konturiert-bh-salbei-grun\/\" \/>\n<meta property=\"og:locale\" content=\"de_DE\" \/>\n<meta property=\"og:type\" content=\"article\" \/>\n<meta property=\"og:title\" content=\"Curvy Contour BH Sage Green - FITTwear.nl\" \/>\n<meta property=\"og:description\" content=\"Sport bh met verstelbare bandjes en uitneembare padding uit onze Curvy Contour Seamless lijn. Een elastische busteondersteuning en de het naadloze ontwerp bieden samen met de stretchy stof comfort tijdens jouw training. En heb je de unieke en leuke rugdetails gezien van deze sport BH? We love it!\" \/>\n<meta property=\"og:url\" content=\"https:\/\/fittwear.nl\/de\/produkt-2\/kurvig-konturiert-bh-salbei-grun\/\" \/>\n<meta property=\"og:site_name\" content=\"FITTwear.nl\" \/>\n<meta property=\"article:modified_time\" content=\"2026-04-27T13:24:01+00:00\" \/>\n<meta property=\"og:image\" content=\"https:\/\/fittwear.nl\/wp-content\/uploads\/2022\/11\/contour-scrunch-green_Voorkant-boven_jpg_2.jpg\" \/>\n\t<meta property=\"og:image:width\" content=\"1200\" \/>\n\t<meta property=\"og:image:height\" content=\"1800\" \/>\n\t<meta property=\"og:image:type\" content=\"image\/jpeg\" \/>\n<meta name=\"twitter:card\" content=\"summary_large_image\" \/>\n<meta name=\"twitter:label1\" content=\"Gesch\u00e4tzte Lesezeit\" \/>\n\t<meta name=\"twitter:data1\" content=\"1\u00a0Minute\" \/>\n<script type=\"application\/ld+json\" class=\"yoast-schema-graph\">{\"@context\":\"https:\/\/schema.org\",\"@graph\":[{\"@type\":\"WebPage\",\"@id\":\"https:\/\/fittwear.nl\/product\/curvy-contour-bh-sage-green\/\",\"url\":\"https:\/\/fittwear.nl\/product\/curvy-contour-bh-sage-green\/\",\"name\":\"Curvy Contour BH Sage Green - FITTwear.nl\",\"isPartOf\":{\"@id\":\"https:\/\/fittwear.nl\/#website\"},\"primaryImageOfPage\":{\"@id\":\"https:\/\/fittwear.nl\/product\/curvy-contour-bh-sage-green\/#primaryimage\"},\"image\":{\"@id\":\"https:\/\/fittwear.nl\/product\/curvy-contour-bh-sage-green\/#primaryimage\"},\"thumbnailUrl\":\"https:\/\/fittwear.nl\/wp-content\/uploads\/2022\/11\/contour-scrunch-green_Voorkant-boven_jpg_2.jpg\",\"datePublished\":\"2022-11-29T19:31:41+00:00\",\"dateModified\":\"2026-04-27T13:24:01+00:00\",\"description\":\"Sport bh met verstelbare bandjes en uitneembare padding uit onze Curvy Contour Seamless lijn. Een elastische busteondersteuning en de het naadloze ontwerp bieden samen met de stretchy stof comfort tijdens jouw training. En heb je de unieke en leuke rugdetails gezien van deze sport BH? We love it!\",\"breadcrumb\":{\"@id\":\"https:\/\/fittwear.nl\/product\/curvy-contour-bh-sage-green\/#breadcrumb\"},\"inLanguage\":\"de\",\"potentialAction\":[{\"@type\":\"ReadAction\",\"target\":[\"https:\/\/fittwear.nl\/product\/curvy-contour-bh-sage-green\/\"]}]},{\"@type\":\"ImageObject\",\"inLanguage\":\"de\",\"@id\":\"https:\/\/fittwear.nl\/product\/curvy-contour-bh-sage-green\/#primaryimage\",\"url\":\"https:\/\/fittwear.nl\/wp-content\/uploads\/2022\/11\/contour-scrunch-green_Voorkant-boven_jpg_2.jpg\",\"contentUrl\":\"https:\/\/fittwear.nl\/wp-content\/uploads\/2022\/11\/contour-scrunch-green_Voorkant-boven_jpg_2.jpg\",\"width\":1200,\"height\":1800},{\"@type\":\"BreadcrumbList\",\"@id\":\"https:\/\/fittwear.nl\/product\/curvy-contour-bh-sage-green\/#breadcrumb\",\"itemListElement\":[{\"@type\":\"ListItem\",\"position\":1,\"name\":\"Home\",\"item\":\"https:\/\/fittwear.nl\/\"},{\"@type\":\"ListItem\",\"position\":2,\"name\":\"Shop\",\"item\":\"https:\/\/fittwear.nl\/shop\/\"},{\"@type\":\"ListItem\",\"position\":3,\"name\":\"Curvy Contour BH Sage Green\"}]},{\"@type\":\"WebSite\",\"@id\":\"https:\/\/fittwear.nl\/#website\",\"url\":\"https:\/\/fittwear.nl\/\",\"name\":\"FITTwear.nl\",\"description\":\"Time to shine!\",\"publisher\":{\"@id\":\"https:\/\/fittwear.nl\/#organization\"},\"potentialAction\":[{\"@type\":\"SearchAction\",\"target\":{\"@type\":\"EntryPoint\",\"urlTemplate\":\"https:\/\/fittwear.nl\/?s={search_term_string}\"},\"query-input\":{\"@type\":\"PropertyValueSpecification\",\"valueRequired\":true,\"valueName\":\"search_term_string\"}}],\"inLanguage\":\"de\"},{\"@type\":\"Organization\",\"@id\":\"https:\/\/fittwear.nl\/#organization\",\"name\":\"FITTwear.nl\",\"url\":\"https:\/\/fittwear.nl\/\",\"logo\":{\"@type\":\"ImageObject\",\"inLanguage\":\"de\",\"@id\":\"https:\/\/fittwear.nl\/#\/schema\/logo\/image\/\",\"url\":\"https:\/\/fittwear.nl\/wp-content\/uploads\/2024\/07\/FITT-Logo-BeYOUtiful-website-homepage_Tekengebied-1-scaled.jpg\",\"contentUrl\":\"https:\/\/fittwear.nl\/wp-content\/uploads\/2024\/07\/FITT-Logo-BeYOUtiful-website-homepage_Tekengebied-1-scaled.jpg\",\"width\":2560,\"height\":599,\"caption\":\"FITTwear.nl\"},\"image\":{\"@id\":\"https:\/\/fittwear.nl\/#\/schema\/logo\/image\/\"}}]}<\/script>\n<!-- \/ Yoast SEO plugin. -->","yoast_head_json":{"title":"Curvy Contour BH Sage Green - FITTwear.de","description":"Sport-BH mit verstellbaren Tr\u00e4gern und herausnehmbaren Polstern aus unserer Linie Curvy Contour Seamless. Eine elastische Brustst\u00fctze und das nahtlose Design bieten zusammen mit dem dehnbaren Stoff Komfort w\u00e4hrend des Trainings. Und haben Sie das einzigartige und lustige R\u00fcckendetail dieses Sport-BHs gesehen? Wir lieben es!","robots":{"index":"index","follow":"follow","max-snippet":"max-snippet:-1","max-image-preview":"max-image-preview:large","max-video-preview":"max-video-preview:-1"},"canonical":"https:\/\/fittwear.nl\/de\/produkt-2\/kurvig-konturiert-bh-salbei-grun\/","og_locale":"de_DE","og_type":"article","og_title":"Curvy Contour BH Sage Green - FITTwear.nl","og_description":"Sport bh met verstelbare bandjes en uitneembare padding uit onze Curvy Contour Seamless lijn. Een elastische busteondersteuning en de het naadloze ontwerp bieden samen met de stretchy stof comfort tijdens jouw training. En heb je de unieke en leuke rugdetails gezien van deze sport BH? We love it!","og_url":"https:\/\/fittwear.nl\/de\/produkt-2\/kurvig-konturiert-bh-salbei-grun\/","og_site_name":"FITTwear.nl","article_modified_time":"2026-04-27T13:24:01+00:00","og_image":[{"width":1200,"height":1800,"url":"https:\/\/fittwear.nl\/wp-content\/uploads\/2022\/11\/contour-scrunch-green_Voorkant-boven_jpg_2.jpg","type":"image\/jpeg"}],"twitter_card":"summary_large_image","twitter_misc":{"Gesch\u00e4tzte Lesezeit":"1\u00a0Minute"},"schema":{"@context":"https:\/\/schema.org","@graph":[{"@type":"WebPage","@id":"https:\/\/fittwear.nl\/product\/curvy-contour-bh-sage-green\/","url":"https:\/\/fittwear.nl\/product\/curvy-contour-bh-sage-green\/","name":"Curvy Contour BH Sage Green - FITTwear.de","isPartOf":{"@id":"https:\/\/fittwear.nl\/#website"},"primaryImageOfPage":{"@id":"https:\/\/fittwear.nl\/product\/curvy-contour-bh-sage-green\/#primaryimage"},"image":{"@id":"https:\/\/fittwear.nl\/product\/curvy-contour-bh-sage-green\/#primaryimage"},"thumbnailUrl":"https:\/\/fittwear.nl\/wp-content\/uploads\/2022\/11\/contour-scrunch-green_Voorkant-boven_jpg_2.jpg","datePublished":"2022-11-29T19:31:41+00:00","dateModified":"2026-04-27T13:24:01+00:00","description":"Sport-BH mit verstellbaren Tr\u00e4gern und herausnehmbaren Polstern aus unserer Linie Curvy Contour Seamless. Eine elastische Brustst\u00fctze und das nahtlose Design bieten zusammen mit dem dehnbaren Stoff Komfort w\u00e4hrend des Trainings. Und haben Sie das einzigartige und lustige R\u00fcckendetail dieses Sport-BHs gesehen? Wir lieben es!","breadcrumb":{"@id":"https:\/\/fittwear.nl\/product\/curvy-contour-bh-sage-green\/#breadcrumb"},"inLanguage":"de","potentialAction":[{"@type":"ReadAction","target":["https:\/\/fittwear.nl\/product\/curvy-contour-bh-sage-green\/"]}]},{"@type":"ImageObject","inLanguage":"de","@id":"https:\/\/fittwear.nl\/product\/curvy-contour-bh-sage-green\/#primaryimage","url":"https:\/\/fittwear.nl\/wp-content\/uploads\/2022\/11\/contour-scrunch-green_Voorkant-boven_jpg_2.jpg","contentUrl":"https:\/\/fittwear.nl\/wp-content\/uploads\/2022\/11\/contour-scrunch-green_Voorkant-boven_jpg_2.jpg","width":1200,"height":1800},{"@type":"BreadcrumbList","@id":"https:\/\/fittwear.nl\/product\/curvy-contour-bh-sage-green\/#breadcrumb","itemListElement":[{"@type":"ListItem","position":1,"name":"Home","item":"https:\/\/fittwear.nl\/"},{"@type":"ListItem","position":2,"name":"Shop","item":"https:\/\/fittwear.nl\/shop\/"},{"@type":"ListItem","position":3,"name":"Curvy Contour BH Sage Green"}]},{"@type":"WebSite","@id":"https:\/\/fittwear.nl\/#website","url":"https:\/\/fittwear.nl\/","name":"FITTwear.co.uk","description":"Zeit zu gl\u00e4nzen!","publisher":{"@id":"https:\/\/fittwear.nl\/#organization"},"potentialAction":[{"@type":"SearchAction","target":{"@type":"EntryPoint","urlTemplate":"https:\/\/fittwear.nl\/?s={search_term_string}"},"query-input":{"@type":"PropertyValueSpecification","valueRequired":true,"valueName":"search_term_string"}}],"inLanguage":"de"},{"@type":"Organization","@id":"https:\/\/fittwear.nl\/#organization","name":"FITTwear.co.uk","url":"https:\/\/fittwear.nl\/","logo":{"@type":"ImageObject","inLanguage":"de","@id":"https:\/\/fittwear.nl\/#\/schema\/logo\/image\/","url":"https:\/\/fittwear.nl\/wp-content\/uploads\/2024\/07\/FITT-Logo-BeYOUtiful-website-homepage_Tekengebied-1-scaled.jpg","contentUrl":"https:\/\/fittwear.nl\/wp-content\/uploads\/2024\/07\/FITT-Logo-BeYOUtiful-website-homepage_Tekengebied-1-scaled.jpg","width":2560,"height":599,"caption":"FITTwear.nl"},"image":{"@id":"https:\/\/fittwear.nl\/#\/schema\/logo\/image\/"}}]}},"_links":{"self":[{"href":"https:\/\/fittwear.nl\/de\/wp-json\/wp\/v2\/product\/45842","targetHints":{"allow":["GET"]}}],"collection":[{"href":"https:\/\/fittwear.nl\/de\/wp-json\/wp\/v2\/product"}],"about":[{"href":"https:\/\/fittwear.nl\/de\/wp-json\/wp\/v2\/types\/product"}],"wp:featuredmedia":[{"embeddable":true,"href":"https:\/\/fittwear.nl\/de\/wp-json\/wp\/v2\/media\/46944"}],"wp:attachment":[{"href":"https:\/\/fittwear.nl\/de\/wp-json\/wp\/v2\/media?parent=45842"}],"wp:term":[{"taxonomy":"product_brand","embeddable":true,"href":"https:\/\/fittwear.nl\/de\/wp-json\/wp\/v2\/product_brand?post=45842"},{"taxonomy":"product_cat","embeddable":true,"href":"https:\/\/fittwear.nl\/de\/wp-json\/wp\/v2\/product_cat?post=45842"},{"taxonomy":"product_tag","embeddable":true,"href":"https:\/\/fittwear.nl\/de\/wp-json\/wp\/v2\/product_tag?post=45842"}],"curies":[{"name":"wp","href":"https:\/\/api.w.org\/{rel}","templated":true}]}}