{"id":45986,"date":"2022-11-29T14:30:13","date_gmt":"2022-11-29T13:30:13","guid":{"rendered":"https:\/\/fittwear.nl\/?post_type=product&#038;p=45986"},"modified":"2026-04-26T14:00:22","modified_gmt":"2026-04-26T12:00:22","slug":"camo-hoch-einfluss-bh-grun","status":"publish","type":"product","link":"https:\/\/fittwear.nl\/de\/product\/camo-high-impact-bh-green\/","title":{"rendered":"Camo High Impact BH Gr\u00fcn"},"content":{"rendered":"<p>&#8211; Sport BH<\/p>\n\n\n\n<p>&#8211; High impact<\/p>\n\n\n\n<p>&#8211; Gekruisde banden op rug<\/p>\n\n\n\n<p>&#8211; Overslag detail aan voorkant<\/p>\n\n\n\n<p>&#8211; All-over jacquard camouflageprint<\/p>\n\n\n\n<p>&#8211; Seamless afwerking<\/p>\n\n\n\n<p>&#8211; Zweetafvoerende stof<\/p>\n\n\n\n<p>- Hocksitzsicher<\/p>\n\n\n\n<p>- 78% Nylon, 22% Elasthan<\/p>\n\n\n\n<p>- Waschbar bis zu 30\u00b0<\/p>\n\n\n\n<p>- Farbe: Gr\u00fcn<\/p>\n\n\n\n<p>&#8211; Model Manoek is 1.77 en draagt maat S<\/p>","protected":false},"excerpt":{"rendered":"<p>Leistungsstarker Sport-BH mit Jacquard-Camouflage-Print in mehreren coolen Farben! \u00dcberkreuzte Tr\u00e4ger und eine \u00dcberlappung auf der Vorderseite sorgen f\u00fcr coole Details bei diesem BH. Der Stoff ist schwei\u00dfableitend und damit ideal f\u00fcr jedes Training.<\/p>","protected":false},"featured_media":46819,"template":"","meta":{"_acf_changed":false},"product_brand":[],"product_cat":[4793,52,87,89,114,63],"product_tag":[],"class_list":{"0":"post-45986","1":"product","2":"type-product","3":"status-publish","4":"has-post-thumbnail","6":"product_cat-power-prints","7":"product_cat-sport-bhs","8":"product_cat-prints-sport-bhs","9":"product_cat-seamless-sport-bhs","10":"product_cat-best-sellers","11":"product_cat-curves","13":"first","14":"instock","15":"sale","16":"taxable","17":"shipping-taxable","18":"purchasable","19":"product-type-variable","20":"has-default-attributes"},"acf":[],"yoast_head":"<!-- This site is optimized with the Yoast SEO plugin v27.1.1 - https:\/\/yoast.com\/product\/yoast-seo-wordpress\/ -->\n<title>Camo High Impact BH Green - FITTwear.nl<\/title>\n<meta name=\"description\" content=\"High impact sport BH met een all-over jacquard camouflageprint in verschillende toffe kleuren! Gekruisde banden en het overslag detail aan de voorzijde zorgen voor toffe details in deze BH. De stof is zweetafvoerend en dus ideaal voor elke workout.\" \/>\n<meta name=\"robots\" content=\"index, follow, max-snippet:-1, max-image-preview:large, max-video-preview:-1\" \/>\n<link rel=\"canonical\" href=\"https:\/\/fittwear.nl\/de\/produkt-2\/camo-hoch-einfluss-bh-grun\/\" \/>\n<meta property=\"og:locale\" content=\"de_DE\" \/>\n<meta property=\"og:type\" content=\"article\" \/>\n<meta property=\"og:title\" content=\"Camo High Impact BH Green - FITTwear.nl\" \/>\n<meta property=\"og:description\" content=\"High impact sport BH met een all-over jacquard camouflageprint in verschillende toffe kleuren! Gekruisde banden en het overslag detail aan de voorzijde zorgen voor toffe details in deze BH. De stof is zweetafvoerend en dus ideaal voor elke workout.\" \/>\n<meta property=\"og:url\" content=\"https:\/\/fittwear.nl\/de\/produkt-2\/camo-hoch-einfluss-bh-grun\/\" \/>\n<meta property=\"og:site_name\" content=\"FITTwear.nl\" \/>\n<meta property=\"article:modified_time\" content=\"2026-04-26T12:00:22+00:00\" \/>\n<meta property=\"og:image\" content=\"https:\/\/fittwear.nl\/wp-content\/uploads\/2022\/11\/camo-groen_Voorkant-boven_jpg_2.jpg\" \/>\n\t<meta property=\"og:image:width\" content=\"1200\" \/>\n\t<meta property=\"og:image:height\" content=\"1800\" \/>\n\t<meta property=\"og:image:type\" content=\"image\/jpeg\" \/>\n<meta name=\"twitter:card\" content=\"summary_large_image\" \/>\n<meta name=\"twitter:label1\" content=\"Gesch\u00e4tzte Lesezeit\" \/>\n\t<meta name=\"twitter:data1\" content=\"1\u00a0Minute\" \/>\n<script type=\"application\/ld+json\" class=\"yoast-schema-graph\">{\"@context\":\"https:\/\/schema.org\",\"@graph\":[{\"@type\":\"WebPage\",\"@id\":\"https:\/\/fittwear.nl\/product\/camo-high-impact-bh-green\/\",\"url\":\"https:\/\/fittwear.nl\/product\/camo-high-impact-bh-green\/\",\"name\":\"Camo High Impact BH Green - FITTwear.nl\",\"isPartOf\":{\"@id\":\"https:\/\/fittwear.nl\/#website\"},\"primaryImageOfPage\":{\"@id\":\"https:\/\/fittwear.nl\/product\/camo-high-impact-bh-green\/#primaryimage\"},\"image\":{\"@id\":\"https:\/\/fittwear.nl\/product\/camo-high-impact-bh-green\/#primaryimage\"},\"thumbnailUrl\":\"https:\/\/fittwear.nl\/wp-content\/uploads\/2022\/11\/camo-groen_Voorkant-boven_jpg_2.jpg\",\"datePublished\":\"2022-11-29T13:30:13+00:00\",\"dateModified\":\"2026-04-26T12:00:22+00:00\",\"description\":\"High impact sport BH met een all-over jacquard camouflageprint in verschillende toffe kleuren! Gekruisde banden en het overslag detail aan de voorzijde zorgen voor toffe details in deze BH. De stof is zweetafvoerend en dus ideaal voor elke workout.\",\"breadcrumb\":{\"@id\":\"https:\/\/fittwear.nl\/product\/camo-high-impact-bh-green\/#breadcrumb\"},\"inLanguage\":\"de\",\"potentialAction\":[{\"@type\":\"ReadAction\",\"target\":[\"https:\/\/fittwear.nl\/product\/camo-high-impact-bh-green\/\"]}]},{\"@type\":\"ImageObject\",\"inLanguage\":\"de\",\"@id\":\"https:\/\/fittwear.nl\/product\/camo-high-impact-bh-green\/#primaryimage\",\"url\":\"https:\/\/fittwear.nl\/wp-content\/uploads\/2022\/11\/camo-groen_Voorkant-boven_jpg_2.jpg\",\"contentUrl\":\"https:\/\/fittwear.nl\/wp-content\/uploads\/2022\/11\/camo-groen_Voorkant-boven_jpg_2.jpg\",\"width\":1200,\"height\":1800},{\"@type\":\"BreadcrumbList\",\"@id\":\"https:\/\/fittwear.nl\/product\/camo-high-impact-bh-green\/#breadcrumb\",\"itemListElement\":[{\"@type\":\"ListItem\",\"position\":1,\"name\":\"Home\",\"item\":\"https:\/\/fittwear.nl\/\"},{\"@type\":\"ListItem\",\"position\":2,\"name\":\"Shop\",\"item\":\"https:\/\/fittwear.nl\/shop\/\"},{\"@type\":\"ListItem\",\"position\":3,\"name\":\"Camo High Impact BH Green\"}]},{\"@type\":\"WebSite\",\"@id\":\"https:\/\/fittwear.nl\/#website\",\"url\":\"https:\/\/fittwear.nl\/\",\"name\":\"FITTwear.nl\",\"description\":\"Time to shine!\",\"publisher\":{\"@id\":\"https:\/\/fittwear.nl\/#organization\"},\"potentialAction\":[{\"@type\":\"SearchAction\",\"target\":{\"@type\":\"EntryPoint\",\"urlTemplate\":\"https:\/\/fittwear.nl\/?s={search_term_string}\"},\"query-input\":{\"@type\":\"PropertyValueSpecification\",\"valueRequired\":true,\"valueName\":\"search_term_string\"}}],\"inLanguage\":\"de\"},{\"@type\":\"Organization\",\"@id\":\"https:\/\/fittwear.nl\/#organization\",\"name\":\"FITTwear.nl\",\"url\":\"https:\/\/fittwear.nl\/\",\"logo\":{\"@type\":\"ImageObject\",\"inLanguage\":\"de\",\"@id\":\"https:\/\/fittwear.nl\/#\/schema\/logo\/image\/\",\"url\":\"https:\/\/fittwear.nl\/wp-content\/uploads\/2024\/07\/FITT-Logo-BeYOUtiful-website-homepage_Tekengebied-1-scaled.jpg\",\"contentUrl\":\"https:\/\/fittwear.nl\/wp-content\/uploads\/2024\/07\/FITT-Logo-BeYOUtiful-website-homepage_Tekengebied-1-scaled.jpg\",\"width\":2560,\"height\":599,\"caption\":\"FITTwear.nl\"},\"image\":{\"@id\":\"https:\/\/fittwear.nl\/#\/schema\/logo\/image\/\"}}]}<\/script>\n<!-- \/ Yoast SEO plugin. -->","yoast_head_json":{"title":"Camo High Impact BH Gr\u00fcn - FITTwear.de","description":"Leistungsstarker Sport-BH mit Jacquard-Camouflage-Print in mehreren coolen Farben! \u00dcberkreuzte Tr\u00e4ger und eine \u00dcberlappung auf der Vorderseite sorgen f\u00fcr coole Details bei diesem BH. Der Stoff ist schwei\u00dfableitend und damit ideal f\u00fcr jedes Training.","robots":{"index":"index","follow":"follow","max-snippet":"max-snippet:-1","max-image-preview":"max-image-preview:large","max-video-preview":"max-video-preview:-1"},"canonical":"https:\/\/fittwear.nl\/de\/produkt-2\/camo-hoch-einfluss-bh-grun\/","og_locale":"de_DE","og_type":"article","og_title":"Camo High Impact BH Green - FITTwear.nl","og_description":"High impact sport BH met een all-over jacquard camouflageprint in verschillende toffe kleuren! Gekruisde banden en het overslag detail aan de voorzijde zorgen voor toffe details in deze BH. De stof is zweetafvoerend en dus ideaal voor elke workout.","og_url":"https:\/\/fittwear.nl\/de\/produkt-2\/camo-hoch-einfluss-bh-grun\/","og_site_name":"FITTwear.nl","article_modified_time":"2026-04-26T12:00:22+00:00","og_image":[{"width":1200,"height":1800,"url":"https:\/\/fittwear.nl\/wp-content\/uploads\/2022\/11\/camo-groen_Voorkant-boven_jpg_2.jpg","type":"image\/jpeg"}],"twitter_card":"summary_large_image","twitter_misc":{"Gesch\u00e4tzte Lesezeit":"1\u00a0Minute"},"schema":{"@context":"https:\/\/schema.org","@graph":[{"@type":"WebPage","@id":"https:\/\/fittwear.nl\/product\/camo-high-impact-bh-green\/","url":"https:\/\/fittwear.nl\/product\/camo-high-impact-bh-green\/","name":"Camo High Impact BH Gr\u00fcn - FITTwear.de","isPartOf":{"@id":"https:\/\/fittwear.nl\/#website"},"primaryImageOfPage":{"@id":"https:\/\/fittwear.nl\/product\/camo-high-impact-bh-green\/#primaryimage"},"image":{"@id":"https:\/\/fittwear.nl\/product\/camo-high-impact-bh-green\/#primaryimage"},"thumbnailUrl":"https:\/\/fittwear.nl\/wp-content\/uploads\/2022\/11\/camo-groen_Voorkant-boven_jpg_2.jpg","datePublished":"2022-11-29T13:30:13+00:00","dateModified":"2026-04-26T12:00:22+00:00","description":"Leistungsstarker Sport-BH mit Jacquard-Camouflage-Print in mehreren coolen Farben! \u00dcberkreuzte Tr\u00e4ger und eine \u00dcberlappung auf der Vorderseite sorgen f\u00fcr coole Details bei diesem BH. Der Stoff ist schwei\u00dfableitend und damit ideal f\u00fcr jedes Training.","breadcrumb":{"@id":"https:\/\/fittwear.nl\/product\/camo-high-impact-bh-green\/#breadcrumb"},"inLanguage":"de","potentialAction":[{"@type":"ReadAction","target":["https:\/\/fittwear.nl\/product\/camo-high-impact-bh-green\/"]}]},{"@type":"ImageObject","inLanguage":"de","@id":"https:\/\/fittwear.nl\/product\/camo-high-impact-bh-green\/#primaryimage","url":"https:\/\/fittwear.nl\/wp-content\/uploads\/2022\/11\/camo-groen_Voorkant-boven_jpg_2.jpg","contentUrl":"https:\/\/fittwear.nl\/wp-content\/uploads\/2022\/11\/camo-groen_Voorkant-boven_jpg_2.jpg","width":1200,"height":1800},{"@type":"BreadcrumbList","@id":"https:\/\/fittwear.nl\/product\/camo-high-impact-bh-green\/#breadcrumb","itemListElement":[{"@type":"ListItem","position":1,"name":"Home","item":"https:\/\/fittwear.nl\/"},{"@type":"ListItem","position":2,"name":"Shop","item":"https:\/\/fittwear.nl\/shop\/"},{"@type":"ListItem","position":3,"name":"Camo High Impact BH Green"}]},{"@type":"WebSite","@id":"https:\/\/fittwear.nl\/#website","url":"https:\/\/fittwear.nl\/","name":"FITTwear.co.uk","description":"Zeit zu gl\u00e4nzen!","publisher":{"@id":"https:\/\/fittwear.nl\/#organization"},"potentialAction":[{"@type":"SearchAction","target":{"@type":"EntryPoint","urlTemplate":"https:\/\/fittwear.nl\/?s={search_term_string}"},"query-input":{"@type":"PropertyValueSpecification","valueRequired":true,"valueName":"search_term_string"}}],"inLanguage":"de"},{"@type":"Organization","@id":"https:\/\/fittwear.nl\/#organization","name":"FITTwear.co.uk","url":"https:\/\/fittwear.nl\/","logo":{"@type":"ImageObject","inLanguage":"de","@id":"https:\/\/fittwear.nl\/#\/schema\/logo\/image\/","url":"https:\/\/fittwear.nl\/wp-content\/uploads\/2024\/07\/FITT-Logo-BeYOUtiful-website-homepage_Tekengebied-1-scaled.jpg","contentUrl":"https:\/\/fittwear.nl\/wp-content\/uploads\/2024\/07\/FITT-Logo-BeYOUtiful-website-homepage_Tekengebied-1-scaled.jpg","width":2560,"height":599,"caption":"FITTwear.nl"},"image":{"@id":"https:\/\/fittwear.nl\/#\/schema\/logo\/image\/"}}]}},"_links":{"self":[{"href":"https:\/\/fittwear.nl\/de\/wp-json\/wp\/v2\/product\/45986","targetHints":{"allow":["GET"]}}],"collection":[{"href":"https:\/\/fittwear.nl\/de\/wp-json\/wp\/v2\/product"}],"about":[{"href":"https:\/\/fittwear.nl\/de\/wp-json\/wp\/v2\/types\/product"}],"wp:featuredmedia":[{"embeddable":true,"href":"https:\/\/fittwear.nl\/de\/wp-json\/wp\/v2\/media\/46819"}],"wp:attachment":[{"href":"https:\/\/fittwear.nl\/de\/wp-json\/wp\/v2\/media?parent=45986"}],"wp:term":[{"taxonomy":"product_brand","embeddable":true,"href":"https:\/\/fittwear.nl\/de\/wp-json\/wp\/v2\/product_brand?post=45986"},{"taxonomy":"product_cat","embeddable":true,"href":"https:\/\/fittwear.nl\/de\/wp-json\/wp\/v2\/product_cat?post=45986"},{"taxonomy":"product_tag","embeddable":true,"href":"https:\/\/fittwear.nl\/de\/wp-json\/wp\/v2\/product_tag?post=45986"}],"curies":[{"name":"wp","href":"https:\/\/api.w.org\/{rel}","templated":true}]}}