{"id":46428,"date":"2022-12-01T10:42:08","date_gmt":"2022-12-01T09:42:08","guid":{"rendered":"https:\/\/fittwear.nl\/?post_type=product&#038;p=46428"},"modified":"2026-04-17T01:36:18","modified_gmt":"2026-04-16T23:36:18","slug":"kurven-legierungs-benzin","status":"publish","type":"product","link":"https:\/\/fittwear.nl\/de\/product\/curve-legging-petrol\/","title":{"rendered":"Kurven-Leggings Petrol"},"content":{"rendered":"<p>-Leggings mit hoher Taille und geripptem Hochbund<\/p>\n\n\n\n<p>-Nahtlos<\/p>\n\n\n\n<p>-Gesticktes Logo auf der R\u00fcckseite der Leggings<\/p>\n\n\n\n<p>-Bleibt an seinem Platz und verrutscht nicht<\/p>\n\n\n\n<p>-Hergestellt aus 90% Nylon, 10% Spandex<\/p>\n\n\n\n<p>-Waschbar bis zu 30\u00b0<\/p>\n\n\n\n<p>-Farbe: Petrol<\/p>","protected":false},"excerpt":{"rendered":"<p>Gr\u00f6\u00dfe: F\u00e4llt ger\u00e4umig aus, wir empfehlen eine Nummer kleiner zu bestellen! Die Curve Seamless Leggings sind die perfekten Leggings f\u00fcr jedes Workout! Komplett aus nahtlosem und dehnbarem Material gefertigt und daher super bequem. Die Konturlinien an den Oberschenkeln und unten am Ges\u00e4\u00df sorgen daf\u00fcr, dass Ihre nat\u00fcrlichen Formen betont werden. Die Leggings hat einen gerippten Bund, der f\u00fcr einen sicheren Sitz sorgt, und geht hinten in eine V-Form \u00fcber, um Ihren Po noch mehr zu betonen.<\/p>\n<p>F\u00fcr eine perfekte Squat-Proof-Erfahrung empfehlen wir einen unsichtbaren Tanga!<\/p>","protected":false},"featured_media":47160,"template":"","meta":{"_acf_changed":false},"product_brand":[],"product_cat":[63,4743,28,54,85,65],"product_tag":[],"class_list":{"0":"post-46428","1":"product","2":"type-product","3":"status-publish","4":"has-post-thumbnail","6":"product_cat-curves","7":"product_cat-geen-scrunch","8":"product_cat-leggings","9":"product_cat-new","10":"product_cat-seamless","11":"product_cat-yogakleding","13":"first","14":"outofstock","15":"taxable","16":"shipping-taxable","17":"product-type-variable","18":"has-default-attributes"},"acf":[],"yoast_head":"<!-- This site is optimized with the Yoast SEO plugin v27.1.1 - https:\/\/yoast.com\/product\/yoast-seo-wordpress\/ -->\n<title>Curve Legging Petrol - FITTwear.nl<\/title>\n<meta name=\"description\" content=\"Maatvoering: Valt ruim, we raden je aan een maat kleiner te bestellen! De curve seamless legging is de perfecte legging voor elke workout! Volledig gemaakt van een seamless en stretchy materiaal en dus super comfortabel. De contour lijnen op de bovenbenen en onder bij de billen zorgen ervoor dat jouw natuurlijke vormen worden geaccentueerd. De legging is voorzien van een geribbelde tailleband waardoor hij stevig zal blijven zitten en loopt achter door in een v shape waardoor jouw billen nog beter uitkomen.  Voor een perfecte squat proof ervaring raden wij een invisible string aan!\" \/>\n<meta name=\"robots\" content=\"index, follow, max-snippet:-1, max-image-preview:large, max-video-preview:-1\" \/>\n<link rel=\"canonical\" href=\"https:\/\/fittwear.nl\/de\/produkt-2\/kurven-legierungs-benzin\/\" \/>\n<meta property=\"og:locale\" content=\"de_DE\" \/>\n<meta property=\"og:type\" content=\"article\" \/>\n<meta property=\"og:title\" content=\"Curve Legging Petrol - FITTwear.nl\" \/>\n<meta property=\"og:description\" content=\"Maatvoering: Valt ruim, we raden je aan een maat kleiner te bestellen! De curve seamless legging is de perfecte legging voor elke workout! Volledig gemaakt van een seamless en stretchy materiaal en dus super comfortabel. De contour lijnen op de bovenbenen en onder bij de billen zorgen ervoor dat jouw natuurlijke vormen worden geaccentueerd. De legging is voorzien van een geribbelde tailleband waardoor hij stevig zal blijven zitten en loopt achter door in een v shape waardoor jouw billen nog beter uitkomen.  Voor een perfecte squat proof ervaring raden wij een invisible string aan!\" \/>\n<meta property=\"og:url\" content=\"https:\/\/fittwear.nl\/de\/produkt-2\/kurven-legierungs-benzin\/\" \/>\n<meta property=\"og:site_name\" content=\"FITTwear.nl\" \/>\n<meta property=\"article:modified_time\" content=\"2026-04-16T23:36:18+00:00\" \/>\n<meta property=\"og:image\" content=\"https:\/\/fittwear.nl\/wp-content\/uploads\/2022\/12\/curvy-petrol_P221129084957_Voorkant-onder_jpg_3.jpg\" \/>\n\t<meta property=\"og:image:width\" content=\"1200\" \/>\n\t<meta property=\"og:image:height\" content=\"1800\" \/>\n\t<meta property=\"og:image:type\" content=\"image\/jpeg\" \/>\n<meta name=\"twitter:card\" content=\"summary_large_image\" \/>\n<meta name=\"twitter:label1\" content=\"Gesch\u00e4tzte Lesezeit\" \/>\n\t<meta name=\"twitter:data1\" content=\"1\u00a0Minute\" \/>\n<script type=\"application\/ld+json\" class=\"yoast-schema-graph\">{\"@context\":\"https:\/\/schema.org\",\"@graph\":[{\"@type\":\"WebPage\",\"@id\":\"https:\/\/fittwear.nl\/product\/curve-legging-petrol\/\",\"url\":\"https:\/\/fittwear.nl\/product\/curve-legging-petrol\/\",\"name\":\"Curve Legging Petrol - FITTwear.nl\",\"isPartOf\":{\"@id\":\"https:\/\/fittwear.nl\/#website\"},\"primaryImageOfPage\":{\"@id\":\"https:\/\/fittwear.nl\/product\/curve-legging-petrol\/#primaryimage\"},\"image\":{\"@id\":\"https:\/\/fittwear.nl\/product\/curve-legging-petrol\/#primaryimage\"},\"thumbnailUrl\":\"https:\/\/fittwear.nl\/wp-content\/uploads\/2022\/12\/curvy-petrol_P221129084957_Voorkant-onder_jpg_3.jpg\",\"datePublished\":\"2022-12-01T09:42:08+00:00\",\"dateModified\":\"2026-04-16T23:36:18+00:00\",\"description\":\"Maatvoering: Valt ruim, we raden je aan een maat kleiner te bestellen! De curve seamless legging is de perfecte legging voor elke workout! Volledig gemaakt van een seamless en stretchy materiaal en dus super comfortabel. De contour lijnen op de bovenbenen en onder bij de billen zorgen ervoor dat jouw natuurlijke vormen worden geaccentueerd. De legging is voorzien van een geribbelde tailleband waardoor hij stevig zal blijven zitten en loopt achter door in een v shape waardoor jouw billen nog beter uitkomen. Voor een perfecte squat proof ervaring raden wij een invisible string aan!\",\"breadcrumb\":{\"@id\":\"https:\/\/fittwear.nl\/product\/curve-legging-petrol\/#breadcrumb\"},\"inLanguage\":\"de\",\"potentialAction\":[{\"@type\":\"ReadAction\",\"target\":[\"https:\/\/fittwear.nl\/product\/curve-legging-petrol\/\"]}]},{\"@type\":\"ImageObject\",\"inLanguage\":\"de\",\"@id\":\"https:\/\/fittwear.nl\/product\/curve-legging-petrol\/#primaryimage\",\"url\":\"https:\/\/fittwear.nl\/wp-content\/uploads\/2022\/12\/curvy-petrol_P221129084957_Voorkant-onder_jpg_3.jpg\",\"contentUrl\":\"https:\/\/fittwear.nl\/wp-content\/uploads\/2022\/12\/curvy-petrol_P221129084957_Voorkant-onder_jpg_3.jpg\",\"width\":1200,\"height\":1800},{\"@type\":\"BreadcrumbList\",\"@id\":\"https:\/\/fittwear.nl\/product\/curve-legging-petrol\/#breadcrumb\",\"itemListElement\":[{\"@type\":\"ListItem\",\"position\":1,\"name\":\"Home\",\"item\":\"https:\/\/fittwear.nl\/\"},{\"@type\":\"ListItem\",\"position\":2,\"name\":\"Shop\",\"item\":\"https:\/\/fittwear.nl\/shop\/\"},{\"@type\":\"ListItem\",\"position\":3,\"name\":\"Curve Legging Petrol\"}]},{\"@type\":\"WebSite\",\"@id\":\"https:\/\/fittwear.nl\/#website\",\"url\":\"https:\/\/fittwear.nl\/\",\"name\":\"FITTwear.nl\",\"description\":\"Time to shine!\",\"publisher\":{\"@id\":\"https:\/\/fittwear.nl\/#organization\"},\"potentialAction\":[{\"@type\":\"SearchAction\",\"target\":{\"@type\":\"EntryPoint\",\"urlTemplate\":\"https:\/\/fittwear.nl\/?s={search_term_string}\"},\"query-input\":{\"@type\":\"PropertyValueSpecification\",\"valueRequired\":true,\"valueName\":\"search_term_string\"}}],\"inLanguage\":\"de\"},{\"@type\":\"Organization\",\"@id\":\"https:\/\/fittwear.nl\/#organization\",\"name\":\"FITTwear.nl\",\"url\":\"https:\/\/fittwear.nl\/\",\"logo\":{\"@type\":\"ImageObject\",\"inLanguage\":\"de\",\"@id\":\"https:\/\/fittwear.nl\/#\/schema\/logo\/image\/\",\"url\":\"https:\/\/fittwear.nl\/wp-content\/uploads\/2024\/07\/FITT-Logo-BeYOUtiful-website-homepage_Tekengebied-1-scaled.jpg\",\"contentUrl\":\"https:\/\/fittwear.nl\/wp-content\/uploads\/2024\/07\/FITT-Logo-BeYOUtiful-website-homepage_Tekengebied-1-scaled.jpg\",\"width\":2560,\"height\":599,\"caption\":\"FITTwear.nl\"},\"image\":{\"@id\":\"https:\/\/fittwear.nl\/#\/schema\/logo\/image\/\"}}]}<\/script>\n<!-- \/ Yoast SEO plugin. -->","yoast_head_json":{"title":"Curve Legging Petrol - FITTwear.de","description":"Gr\u00f6\u00dfe: Passt ger\u00e4umig, wir empfehlen eine Gr\u00f6\u00dfe kleiner zu bestellen! Die Curve Seamless Leggings sind die perfekten Leggings f\u00fcr jedes Workout! Komplett aus nahtlosem und dehnbarem Material gefertigt und daher super bequem. Die Konturlinien an den Oberschenkeln und unten am Ges\u00e4\u00df sorgen daf\u00fcr, dass Ihre nat\u00fcrlichen Formen betont werden. Die Leggings hat einen gerippten Bund, der f\u00fcr einen sicheren Sitz sorgt und hinten in einer V-Form weiterl\u00e4uft, um Ihren Po noch mehr zu betonen.  F\u00fcr eine perfekte Hocke empfehlen wir einen unsichtbaren Tanga!","robots":{"index":"index","follow":"follow","max-snippet":"max-snippet:-1","max-image-preview":"max-image-preview:large","max-video-preview":"max-video-preview:-1"},"canonical":"https:\/\/fittwear.nl\/de\/produkt-2\/kurven-legierungs-benzin\/","og_locale":"de_DE","og_type":"article","og_title":"Curve Legging Petrol - FITTwear.nl","og_description":"Maatvoering: Valt ruim, we raden je aan een maat kleiner te bestellen! De curve seamless legging is de perfecte legging voor elke workout! Volledig gemaakt van een seamless en stretchy materiaal en dus super comfortabel. De contour lijnen op de bovenbenen en onder bij de billen zorgen ervoor dat jouw natuurlijke vormen worden geaccentueerd. De legging is voorzien van een geribbelde tailleband waardoor hij stevig zal blijven zitten en loopt achter door in een v shape waardoor jouw billen nog beter uitkomen.  Voor een perfecte squat proof ervaring raden wij een invisible string aan!","og_url":"https:\/\/fittwear.nl\/de\/produkt-2\/kurven-legierungs-benzin\/","og_site_name":"FITTwear.nl","article_modified_time":"2026-04-16T23:36:18+00:00","og_image":[{"width":1200,"height":1800,"url":"https:\/\/fittwear.nl\/wp-content\/uploads\/2022\/12\/curvy-petrol_P221129084957_Voorkant-onder_jpg_3.jpg","type":"image\/jpeg"}],"twitter_card":"summary_large_image","twitter_misc":{"Gesch\u00e4tzte Lesezeit":"1\u00a0Minute"},"schema":{"@context":"https:\/\/schema.org","@graph":[{"@type":"WebPage","@id":"https:\/\/fittwear.nl\/product\/curve-legging-petrol\/","url":"https:\/\/fittwear.nl\/product\/curve-legging-petrol\/","name":"Curve Legging Petrol - FITTwear.de","isPartOf":{"@id":"https:\/\/fittwear.nl\/#website"},"primaryImageOfPage":{"@id":"https:\/\/fittwear.nl\/product\/curve-legging-petrol\/#primaryimage"},"image":{"@id":"https:\/\/fittwear.nl\/product\/curve-legging-petrol\/#primaryimage"},"thumbnailUrl":"https:\/\/fittwear.nl\/wp-content\/uploads\/2022\/12\/curvy-petrol_P221129084957_Voorkant-onder_jpg_3.jpg","datePublished":"2022-12-01T09:42:08+00:00","dateModified":"2026-04-16T23:36:18+00:00","description":"Gr\u00f6\u00dfe: Passt ger\u00e4umig, wir empfehlen eine Gr\u00f6\u00dfe kleiner zu bestellen! Die Curve Seamless Leggings ist die perfekte Leggings f\u00fcr jedes Workout! Komplett aus nahtlosem und dehnbarem Material gefertigt und daher super bequem. Die Konturlinien an den Oberschenkeln und unten am Ges\u00e4\u00df sorgen daf\u00fcr, dass Ihre nat\u00fcrlichen Formen betont werden. Die Leggings hat einen gerippten Bund, der f\u00fcr einen sicheren Sitz sorgt und hinten in einer V-Form weiterl\u00e4uft, um Ihren Po noch mehr zu betonen. F\u00fcr eine perfekte Hocke empfehlen wir einen unsichtbaren Tanga!","breadcrumb":{"@id":"https:\/\/fittwear.nl\/product\/curve-legging-petrol\/#breadcrumb"},"inLanguage":"de","potentialAction":[{"@type":"ReadAction","target":["https:\/\/fittwear.nl\/product\/curve-legging-petrol\/"]}]},{"@type":"ImageObject","inLanguage":"de","@id":"https:\/\/fittwear.nl\/product\/curve-legging-petrol\/#primaryimage","url":"https:\/\/fittwear.nl\/wp-content\/uploads\/2022\/12\/curvy-petrol_P221129084957_Voorkant-onder_jpg_3.jpg","contentUrl":"https:\/\/fittwear.nl\/wp-content\/uploads\/2022\/12\/curvy-petrol_P221129084957_Voorkant-onder_jpg_3.jpg","width":1200,"height":1800},{"@type":"BreadcrumbList","@id":"https:\/\/fittwear.nl\/product\/curve-legging-petrol\/#breadcrumb","itemListElement":[{"@type":"ListItem","position":1,"name":"Home","item":"https:\/\/fittwear.nl\/"},{"@type":"ListItem","position":2,"name":"Shop","item":"https:\/\/fittwear.nl\/shop\/"},{"@type":"ListItem","position":3,"name":"Curve Legging Petrol"}]},{"@type":"WebSite","@id":"https:\/\/fittwear.nl\/#website","url":"https:\/\/fittwear.nl\/","name":"FITTwear.co.uk","description":"Zeit zu gl\u00e4nzen!","publisher":{"@id":"https:\/\/fittwear.nl\/#organization"},"potentialAction":[{"@type":"SearchAction","target":{"@type":"EntryPoint","urlTemplate":"https:\/\/fittwear.nl\/?s={search_term_string}"},"query-input":{"@type":"PropertyValueSpecification","valueRequired":true,"valueName":"search_term_string"}}],"inLanguage":"de"},{"@type":"Organization","@id":"https:\/\/fittwear.nl\/#organization","name":"FITTwear.co.uk","url":"https:\/\/fittwear.nl\/","logo":{"@type":"ImageObject","inLanguage":"de","@id":"https:\/\/fittwear.nl\/#\/schema\/logo\/image\/","url":"https:\/\/fittwear.nl\/wp-content\/uploads\/2024\/07\/FITT-Logo-BeYOUtiful-website-homepage_Tekengebied-1-scaled.jpg","contentUrl":"https:\/\/fittwear.nl\/wp-content\/uploads\/2024\/07\/FITT-Logo-BeYOUtiful-website-homepage_Tekengebied-1-scaled.jpg","width":2560,"height":599,"caption":"FITTwear.nl"},"image":{"@id":"https:\/\/fittwear.nl\/#\/schema\/logo\/image\/"}}]}},"_links":{"self":[{"href":"https:\/\/fittwear.nl\/de\/wp-json\/wp\/v2\/product\/46428","targetHints":{"allow":["GET"]}}],"collection":[{"href":"https:\/\/fittwear.nl\/de\/wp-json\/wp\/v2\/product"}],"about":[{"href":"https:\/\/fittwear.nl\/de\/wp-json\/wp\/v2\/types\/product"}],"wp:featuredmedia":[{"embeddable":true,"href":"https:\/\/fittwear.nl\/de\/wp-json\/wp\/v2\/media\/47160"}],"wp:attachment":[{"href":"https:\/\/fittwear.nl\/de\/wp-json\/wp\/v2\/media?parent=46428"}],"wp:term":[{"taxonomy":"product_brand","embeddable":true,"href":"https:\/\/fittwear.nl\/de\/wp-json\/wp\/v2\/product_brand?post=46428"},{"taxonomy":"product_cat","embeddable":true,"href":"https:\/\/fittwear.nl\/de\/wp-json\/wp\/v2\/product_cat?post=46428"},{"taxonomy":"product_tag","embeddable":true,"href":"https:\/\/fittwear.nl\/de\/wp-json\/wp\/v2\/product_tag?post=46428"}],"curies":[{"name":"wp","href":"https:\/\/api.w.org\/{rel}","templated":true}]}}