{"id":46978,"date":"2022-11-30T19:59:41","date_gmt":"2022-11-30T18:59:41","guid":{"rendered":"https:\/\/fittwear.nl\/?post_type=product&#038;p=46978"},"modified":"2026-05-07T04:46:39","modified_gmt":"2026-05-07T02:46:39","slug":"classic-top-petrol","status":"publish","type":"product","link":"https:\/\/fittwear.nl\/de\/product\/classic-top-petrol\/","title":{"rendered":"Classic Top Benzin"},"content":{"rendered":"<p>-Nahtloser Schnitt mit kurzen \u00c4rmeln<\/p>\n\n\n\n<p>-nahe Passform<\/p>\n\n\n\n<p>-Extrem dehnbar<\/p>\n\n\n\n<p>-feuchtigkeitsregulierendes Gewebe<\/p>\n\n\n\n<p>-Mit dezentem Logo<\/p>\n\n\n\n<p>-90% Nylon, 10% Elastan<\/p>\n\n\n\n<p>-280 g\/m\u00b2<\/p>\n\n\n\n<p>-Waschbar bis zu 30\u00b0<\/p>\n\n\n\n<p>-Farbe: Petrol<\/p>\n\n\n\n<p>-Model Manoek ist 1,76 und tr\u00e4gt Gr\u00f6\u00dfe S<\/p>","protected":false},"excerpt":{"rendered":"<p>Eine wundersch\u00f6ne, neue Linie innerhalb der FITT-Kollektion! Die Classic Scrunch Leggings und Shorts werden mit diesem kurz\u00e4rmeligen Crop Top kombiniert. Ein lang\u00e4rmeliges Oberteil ist ebenfalls erh\u00e4ltlich. Ein sehr robustes und dehnbares Gewebe, das sehr atmungsaktiv und feuchtigkeitsableitend ist. Mischen und anpassen!<\/p>","protected":false},"featured_media":89313,"template":"","meta":{"_acf_changed":false},"product_brand":[],"product_cat":[4797,4810,79,81,63],"product_tag":[],"class_list":{"0":"post-46978","1":"product","2":"type-product","3":"status-publish","4":"has-post-thumbnail","6":"product_cat-blue-waves","7":"product_cat-crop-tops-dames","8":"product_cat-tanktops-dames","9":"product_cat-crop-tops","10":"product_cat-curves","12":"first","13":"instock","14":"sale","15":"taxable","16":"shipping-taxable","17":"purchasable","18":"product-type-variable","19":"has-default-attributes"},"acf":[],"yoast_head":"<!-- This site is optimized with the Yoast SEO plugin v27.1.1 - https:\/\/yoast.com\/product\/yoast-seo-wordpress\/ -->\n<title>Classic Top Petrol - FITTwear.nl<\/title>\n<meta name=\"description\" content=\"Een mooie complete nieuwe lijn binnen de FITT collectie! De Classic Scrunch legging en shorts komt samen met deze korte mouw crop top. Ook is er een top met lange mouw beschikbaar. Een zeer stevige en stretchy stof die enorm ademend en vocht afvoerend is. Mix and Match!\" \/>\n<meta name=\"robots\" content=\"index, follow, max-snippet:-1, max-image-preview:large, max-video-preview:-1\" \/>\n<link rel=\"canonical\" href=\"https:\/\/fittwear.nl\/de\/produkt-2\/classic-top-petrol\/\" \/>\n<meta property=\"og:locale\" content=\"de_DE\" \/>\n<meta property=\"og:type\" content=\"article\" \/>\n<meta property=\"og:title\" content=\"Classic Top Petrol - FITTwear.nl\" \/>\n<meta property=\"og:description\" content=\"Een mooie complete nieuwe lijn binnen de FITT collectie! De Classic Scrunch legging en shorts komt samen met deze korte mouw crop top. Ook is er een top met lange mouw beschikbaar. Een zeer stevige en stretchy stof die enorm ademend en vocht afvoerend is. Mix and Match!\" \/>\n<meta property=\"og:url\" content=\"https:\/\/fittwear.nl\/de\/produkt-2\/classic-top-petrol\/\" \/>\n<meta property=\"og:site_name\" content=\"FITTwear.nl\" \/>\n<meta property=\"article:modified_time\" content=\"2026-05-07T02:46:39+00:00\" \/>\n<meta property=\"og:image\" content=\"https:\/\/fittwear.nl\/wp-content\/uploads\/2022\/11\/scrunch-classic-petrol_Voorkant-boven_jpg_3.jpg\" \/>\n\t<meta property=\"og:image:width\" content=\"1200\" \/>\n\t<meta property=\"og:image:height\" content=\"1800\" \/>\n\t<meta property=\"og:image:type\" content=\"image\/jpeg\" \/>\n<meta name=\"twitter:card\" content=\"summary_large_image\" \/>\n<meta name=\"twitter:label1\" content=\"Gesch\u00e4tzte Lesezeit\" \/>\n\t<meta name=\"twitter:data1\" content=\"1\u00a0Minute\" \/>\n<script type=\"application\/ld+json\" class=\"yoast-schema-graph\">{\"@context\":\"https:\/\/schema.org\",\"@graph\":[{\"@type\":\"WebPage\",\"@id\":\"https:\/\/fittwear.nl\/product\/classic-top-petrol\/\",\"url\":\"https:\/\/fittwear.nl\/product\/classic-top-petrol\/\",\"name\":\"Classic Top Petrol - FITTwear.nl\",\"isPartOf\":{\"@id\":\"https:\/\/fittwear.nl\/#website\"},\"primaryImageOfPage\":{\"@id\":\"https:\/\/fittwear.nl\/product\/classic-top-petrol\/#primaryimage\"},\"image\":{\"@id\":\"https:\/\/fittwear.nl\/product\/classic-top-petrol\/#primaryimage\"},\"thumbnailUrl\":\"https:\/\/fittwear.nl\/wp-content\/uploads\/2022\/11\/scrunch-classic-petrol_Voorkant-boven_jpg_3.jpg\",\"datePublished\":\"2022-11-30T18:59:41+00:00\",\"dateModified\":\"2026-05-07T02:46:39+00:00\",\"description\":\"Een mooie complete nieuwe lijn binnen de FITT collectie! De Classic Scrunch legging en shorts komt samen met deze korte mouw crop top. Ook is er een top met lange mouw beschikbaar. Een zeer stevige en stretchy stof die enorm ademend en vocht afvoerend is. Mix and Match!\",\"breadcrumb\":{\"@id\":\"https:\/\/fittwear.nl\/product\/classic-top-petrol\/#breadcrumb\"},\"inLanguage\":\"de\",\"potentialAction\":[{\"@type\":\"ReadAction\",\"target\":[\"https:\/\/fittwear.nl\/product\/classic-top-petrol\/\"]}]},{\"@type\":\"ImageObject\",\"inLanguage\":\"de\",\"@id\":\"https:\/\/fittwear.nl\/product\/classic-top-petrol\/#primaryimage\",\"url\":\"https:\/\/fittwear.nl\/wp-content\/uploads\/2022\/11\/scrunch-classic-petrol_Voorkant-boven_jpg_3.jpg\",\"contentUrl\":\"https:\/\/fittwear.nl\/wp-content\/uploads\/2022\/11\/scrunch-classic-petrol_Voorkant-boven_jpg_3.jpg\",\"width\":1200,\"height\":1800},{\"@type\":\"BreadcrumbList\",\"@id\":\"https:\/\/fittwear.nl\/product\/classic-top-petrol\/#breadcrumb\",\"itemListElement\":[{\"@type\":\"ListItem\",\"position\":1,\"name\":\"Home\",\"item\":\"https:\/\/fittwear.nl\/\"},{\"@type\":\"ListItem\",\"position\":2,\"name\":\"Shop\",\"item\":\"https:\/\/fittwear.nl\/shop\/\"},{\"@type\":\"ListItem\",\"position\":3,\"name\":\"Classic Top Petrol\"}]},{\"@type\":\"WebSite\",\"@id\":\"https:\/\/fittwear.nl\/#website\",\"url\":\"https:\/\/fittwear.nl\/\",\"name\":\"FITTwear.nl\",\"description\":\"Time to shine!\",\"publisher\":{\"@id\":\"https:\/\/fittwear.nl\/#organization\"},\"potentialAction\":[{\"@type\":\"SearchAction\",\"target\":{\"@type\":\"EntryPoint\",\"urlTemplate\":\"https:\/\/fittwear.nl\/?s={search_term_string}\"},\"query-input\":{\"@type\":\"PropertyValueSpecification\",\"valueRequired\":true,\"valueName\":\"search_term_string\"}}],\"inLanguage\":\"de\"},{\"@type\":\"Organization\",\"@id\":\"https:\/\/fittwear.nl\/#organization\",\"name\":\"FITTwear.nl\",\"url\":\"https:\/\/fittwear.nl\/\",\"logo\":{\"@type\":\"ImageObject\",\"inLanguage\":\"de\",\"@id\":\"https:\/\/fittwear.nl\/#\/schema\/logo\/image\/\",\"url\":\"https:\/\/fittwear.nl\/wp-content\/uploads\/2024\/07\/FITT-Logo-BeYOUtiful-website-homepage_Tekengebied-1-scaled.jpg\",\"contentUrl\":\"https:\/\/fittwear.nl\/wp-content\/uploads\/2024\/07\/FITT-Logo-BeYOUtiful-website-homepage_Tekengebied-1-scaled.jpg\",\"width\":2560,\"height\":599,\"caption\":\"FITTwear.nl\"},\"image\":{\"@id\":\"https:\/\/fittwear.nl\/#\/schema\/logo\/image\/\"}}]}<\/script>\n<!-- \/ Yoast SEO plugin. -->","yoast_head_json":{"title":"Klassisches Top Petrol - FITTwear.de","description":"Eine wundersch\u00f6ne, neue Linie innerhalb der FITT-Kollektion! Die Classic Scrunch Leggings und Shorts werden mit diesem kurz\u00e4rmeligen Crop Top kombiniert. Ein lang\u00e4rmeliges Oberteil ist ebenfalls erh\u00e4ltlich. Ein sehr robustes und dehnbares Gewebe, das sehr atmungsaktiv und feuchtigkeitsableitend ist. Mischen und anpassen!","robots":{"index":"index","follow":"follow","max-snippet":"max-snippet:-1","max-image-preview":"max-image-preview:large","max-video-preview":"max-video-preview:-1"},"canonical":"https:\/\/fittwear.nl\/de\/produkt-2\/classic-top-petrol\/","og_locale":"de_DE","og_type":"article","og_title":"Classic Top Petrol - FITTwear.nl","og_description":"Een mooie complete nieuwe lijn binnen de FITT collectie! De Classic Scrunch legging en shorts komt samen met deze korte mouw crop top. Ook is er een top met lange mouw beschikbaar. Een zeer stevige en stretchy stof die enorm ademend en vocht afvoerend is. Mix and Match!","og_url":"https:\/\/fittwear.nl\/de\/produkt-2\/classic-top-petrol\/","og_site_name":"FITTwear.nl","article_modified_time":"2026-05-07T02:46:39+00:00","og_image":[{"width":1200,"height":1800,"url":"https:\/\/fittwear.nl\/wp-content\/uploads\/2022\/11\/scrunch-classic-petrol_Voorkant-boven_jpg_3.jpg","type":"image\/jpeg"}],"twitter_card":"summary_large_image","twitter_misc":{"Gesch\u00e4tzte Lesezeit":"1\u00a0Minute"},"schema":{"@context":"https:\/\/schema.org","@graph":[{"@type":"WebPage","@id":"https:\/\/fittwear.nl\/product\/classic-top-petrol\/","url":"https:\/\/fittwear.nl\/product\/classic-top-petrol\/","name":"Klassisches Top Petrol - FITTwear.de","isPartOf":{"@id":"https:\/\/fittwear.nl\/#website"},"primaryImageOfPage":{"@id":"https:\/\/fittwear.nl\/product\/classic-top-petrol\/#primaryimage"},"image":{"@id":"https:\/\/fittwear.nl\/product\/classic-top-petrol\/#primaryimage"},"thumbnailUrl":"https:\/\/fittwear.nl\/wp-content\/uploads\/2022\/11\/scrunch-classic-petrol_Voorkant-boven_jpg_3.jpg","datePublished":"2022-11-30T18:59:41+00:00","dateModified":"2026-05-07T02:46:39+00:00","description":"Eine wundersch\u00f6ne, neue Linie innerhalb der FITT-Kollektion! Die Classic Scrunch Leggings und Shorts werden mit diesem kurz\u00e4rmeligen Crop Top kombiniert. Ein lang\u00e4rmeliges Oberteil ist ebenfalls erh\u00e4ltlich. Ein sehr robustes und dehnbares Gewebe, das sehr atmungsaktiv und feuchtigkeitsableitend ist. Mischen und anpassen!","breadcrumb":{"@id":"https:\/\/fittwear.nl\/product\/classic-top-petrol\/#breadcrumb"},"inLanguage":"de","potentialAction":[{"@type":"ReadAction","target":["https:\/\/fittwear.nl\/product\/classic-top-petrol\/"]}]},{"@type":"ImageObject","inLanguage":"de","@id":"https:\/\/fittwear.nl\/product\/classic-top-petrol\/#primaryimage","url":"https:\/\/fittwear.nl\/wp-content\/uploads\/2022\/11\/scrunch-classic-petrol_Voorkant-boven_jpg_3.jpg","contentUrl":"https:\/\/fittwear.nl\/wp-content\/uploads\/2022\/11\/scrunch-classic-petrol_Voorkant-boven_jpg_3.jpg","width":1200,"height":1800},{"@type":"BreadcrumbList","@id":"https:\/\/fittwear.nl\/product\/classic-top-petrol\/#breadcrumb","itemListElement":[{"@type":"ListItem","position":1,"name":"Home","item":"https:\/\/fittwear.nl\/"},{"@type":"ListItem","position":2,"name":"Shop","item":"https:\/\/fittwear.nl\/shop\/"},{"@type":"ListItem","position":3,"name":"Classic Top Petrol"}]},{"@type":"WebSite","@id":"https:\/\/fittwear.nl\/#website","url":"https:\/\/fittwear.nl\/","name":"FITTwear.co.uk","description":"Zeit zu gl\u00e4nzen!","publisher":{"@id":"https:\/\/fittwear.nl\/#organization"},"potentialAction":[{"@type":"SearchAction","target":{"@type":"EntryPoint","urlTemplate":"https:\/\/fittwear.nl\/?s={search_term_string}"},"query-input":{"@type":"PropertyValueSpecification","valueRequired":true,"valueName":"search_term_string"}}],"inLanguage":"de"},{"@type":"Organization","@id":"https:\/\/fittwear.nl\/#organization","name":"FITTwear.co.uk","url":"https:\/\/fittwear.nl\/","logo":{"@type":"ImageObject","inLanguage":"de","@id":"https:\/\/fittwear.nl\/#\/schema\/logo\/image\/","url":"https:\/\/fittwear.nl\/wp-content\/uploads\/2024\/07\/FITT-Logo-BeYOUtiful-website-homepage_Tekengebied-1-scaled.jpg","contentUrl":"https:\/\/fittwear.nl\/wp-content\/uploads\/2024\/07\/FITT-Logo-BeYOUtiful-website-homepage_Tekengebied-1-scaled.jpg","width":2560,"height":599,"caption":"FITTwear.nl"},"image":{"@id":"https:\/\/fittwear.nl\/#\/schema\/logo\/image\/"}}]}},"_links":{"self":[{"href":"https:\/\/fittwear.nl\/de\/wp-json\/wp\/v2\/product\/46978","targetHints":{"allow":["GET"]}}],"collection":[{"href":"https:\/\/fittwear.nl\/de\/wp-json\/wp\/v2\/product"}],"about":[{"href":"https:\/\/fittwear.nl\/de\/wp-json\/wp\/v2\/types\/product"}],"wp:featuredmedia":[{"embeddable":true,"href":"https:\/\/fittwear.nl\/de\/wp-json\/wp\/v2\/media\/89313"}],"wp:attachment":[{"href":"https:\/\/fittwear.nl\/de\/wp-json\/wp\/v2\/media?parent=46978"}],"wp:term":[{"taxonomy":"product_brand","embeddable":true,"href":"https:\/\/fittwear.nl\/de\/wp-json\/wp\/v2\/product_brand?post=46978"},{"taxonomy":"product_cat","embeddable":true,"href":"https:\/\/fittwear.nl\/de\/wp-json\/wp\/v2\/product_cat?post=46978"},{"taxonomy":"product_tag","embeddable":true,"href":"https:\/\/fittwear.nl\/de\/wp-json\/wp\/v2\/product_tag?post=46978"}],"curies":[{"name":"wp","href":"https:\/\/api.w.org\/{rel}","templated":true}]}}