{"id":47202,"date":"2022-12-01T14:27:36","date_gmt":"2022-12-01T13:27:36","guid":{"rendered":"https:\/\/fittwear.nl\/?post_type=product&#038;p=47202"},"modified":"2026-04-26T13:57:48","modified_gmt":"2026-04-26T11:57:48","slug":"v-formiges-langarm-pullover","status":"publish","type":"product","link":"https:\/\/fittwear.nl\/de\/product\/v-shaped-long-sleeve-powder\/","title":{"rendered":"V-f\u00f6rmiges Langarm-Pulver"},"content":{"rendered":"<p>- Lang\u00e4rmeliges Komfort-Top<\/p>\n\n\n\n<p>- Kein enger Sitz am Bauch<\/p>\n\n\n\n<p>-L\u00e4nge<\/p>\n\n\n\n<p>- Dehnbarer und weicher Stoff<\/p>\n\n\n\n<p>- Mit dezentem Logo<\/p>\n\n\n\n<p>- 80% Nylon, 20% Elastan<\/p>\n\n\n\n<p>- 150 g\/m\u00b2<\/p>\n\n\n\n<p>- Waschbar bis zu 30\u00b0<\/p>\n\n\n\n<p>- Farbe: Puder<\/p>\n\n\n\n<p>- Model Doete ist 1,76 und tr\u00e4gt Gr\u00f6\u00dfe S<\/p>","protected":false},"excerpt":{"rendered":"<p>Ein bequemes lang\u00e4rmeliges Oberteil. Die Passform um den Bauch herum ist nicht sehr eng. Die Passform und der dehnbare und weiche Stoff sorgen f\u00fcr ultimativen Komfort. Auf geht's zum Training!<\/p>","protected":false},"featured_media":47249,"template":"","meta":{"_acf_changed":false},"product_brand":[],"product_cat":[4796,4811,4794,4800,4792,79,80,65],"product_tag":[],"class_list":{"0":"post-47202","1":"product","2":"type-product","3":"status-publish","4":"has-post-thumbnail","6":"product_cat-cute-in-neutrals","7":"product_cat-longsleeves-dames","8":"product_cat-mindful-movement","9":"product_cat-running-collection","10":"product_cat-sustainable-collection","11":"product_cat-tanktops-dames","12":"product_cat-longsleeves","13":"product_cat-yogakleding","15":"first","16":"instock","17":"taxable","18":"shipping-taxable","19":"purchasable","20":"product-type-variable","21":"has-default-attributes"},"acf":[],"yoast_head":"<!-- This site is optimized with the Yoast SEO plugin v27.1.1 - https:\/\/yoast.com\/product\/yoast-seo-wordpress\/ -->\n<title>V-Shaped Long Sleeve Powder - FITTwear.nl<\/title>\n<meta name=\"description\" content=\"Een comfortabele top met lange mouw. De pasvorm rondom de buik is niet heel strak. De pasvorm en de stretchy en zachte stof zorgen voor het ultieme comfort. Let&#039;s go workout!\" \/>\n<meta name=\"robots\" content=\"index, follow, max-snippet:-1, max-image-preview:large, max-video-preview:-1\" \/>\n<link rel=\"canonical\" href=\"https:\/\/fittwear.nl\/de\/produkt-2\/v-formiges-langarm-pullover\/\" \/>\n<meta property=\"og:locale\" content=\"de_DE\" \/>\n<meta property=\"og:type\" content=\"article\" \/>\n<meta property=\"og:title\" content=\"V-Shaped Long Sleeve Powder - FITTwear.nl\" \/>\n<meta property=\"og:description\" content=\"Een comfortabele top met lange mouw. De pasvorm rondom de buik is niet heel strak. De pasvorm en de stretchy en zachte stof zorgen voor het ultieme comfort. Let&#039;s go workout!\" \/>\n<meta property=\"og:url\" content=\"https:\/\/fittwear.nl\/de\/produkt-2\/v-formiges-langarm-pullover\/\" \/>\n<meta property=\"og:site_name\" content=\"FITTwear.nl\" \/>\n<meta property=\"article:modified_time\" content=\"2026-04-26T11:57:48+00:00\" \/>\n<meta property=\"og:image\" content=\"https:\/\/fittwear.nl\/wp-content\/uploads\/2022\/12\/v-shape-top-terra_Voorkant-boven_jpg_2.jpg\" \/>\n\t<meta property=\"og:image:width\" content=\"1200\" \/>\n\t<meta property=\"og:image:height\" content=\"1800\" \/>\n\t<meta property=\"og:image:type\" content=\"image\/jpeg\" \/>\n<meta name=\"twitter:card\" content=\"summary_large_image\" \/>\n<meta name=\"twitter:label1\" content=\"Gesch\u00e4tzte Lesezeit\" \/>\n\t<meta name=\"twitter:data1\" content=\"1\u00a0Minute\" \/>\n<script type=\"application\/ld+json\" class=\"yoast-schema-graph\">{\"@context\":\"https:\/\/schema.org\",\"@graph\":[{\"@type\":\"WebPage\",\"@id\":\"https:\/\/fittwear.nl\/product\/v-shaped-long-sleeve-powder\/\",\"url\":\"https:\/\/fittwear.nl\/product\/v-shaped-long-sleeve-powder\/\",\"name\":\"V-Shaped Long Sleeve Powder - FITTwear.nl\",\"isPartOf\":{\"@id\":\"https:\/\/fittwear.nl\/#website\"},\"primaryImageOfPage\":{\"@id\":\"https:\/\/fittwear.nl\/product\/v-shaped-long-sleeve-powder\/#primaryimage\"},\"image\":{\"@id\":\"https:\/\/fittwear.nl\/product\/v-shaped-long-sleeve-powder\/#primaryimage\"},\"thumbnailUrl\":\"https:\/\/fittwear.nl\/wp-content\/uploads\/2022\/12\/v-shape-top-terra_Voorkant-boven_jpg_2.jpg\",\"datePublished\":\"2022-12-01T13:27:36+00:00\",\"dateModified\":\"2026-04-26T11:57:48+00:00\",\"description\":\"Een comfortabele top met lange mouw. De pasvorm rondom de buik is niet heel strak. De pasvorm en de stretchy en zachte stof zorgen voor het ultieme comfort. Let's go workout!\",\"breadcrumb\":{\"@id\":\"https:\/\/fittwear.nl\/product\/v-shaped-long-sleeve-powder\/#breadcrumb\"},\"inLanguage\":\"de\",\"potentialAction\":[{\"@type\":\"ReadAction\",\"target\":[\"https:\/\/fittwear.nl\/product\/v-shaped-long-sleeve-powder\/\"]}]},{\"@type\":\"ImageObject\",\"inLanguage\":\"de\",\"@id\":\"https:\/\/fittwear.nl\/product\/v-shaped-long-sleeve-powder\/#primaryimage\",\"url\":\"https:\/\/fittwear.nl\/wp-content\/uploads\/2022\/12\/v-shape-top-terra_Voorkant-boven_jpg_2.jpg\",\"contentUrl\":\"https:\/\/fittwear.nl\/wp-content\/uploads\/2022\/12\/v-shape-top-terra_Voorkant-boven_jpg_2.jpg\",\"width\":1200,\"height\":1800},{\"@type\":\"BreadcrumbList\",\"@id\":\"https:\/\/fittwear.nl\/product\/v-shaped-long-sleeve-powder\/#breadcrumb\",\"itemListElement\":[{\"@type\":\"ListItem\",\"position\":1,\"name\":\"Home\",\"item\":\"https:\/\/fittwear.nl\/\"},{\"@type\":\"ListItem\",\"position\":2,\"name\":\"Shop\",\"item\":\"https:\/\/fittwear.nl\/shop\/\"},{\"@type\":\"ListItem\",\"position\":3,\"name\":\"V-Shaped Long Sleeve Powder\"}]},{\"@type\":\"WebSite\",\"@id\":\"https:\/\/fittwear.nl\/#website\",\"url\":\"https:\/\/fittwear.nl\/\",\"name\":\"FITTwear.nl\",\"description\":\"Time to shine!\",\"publisher\":{\"@id\":\"https:\/\/fittwear.nl\/#organization\"},\"potentialAction\":[{\"@type\":\"SearchAction\",\"target\":{\"@type\":\"EntryPoint\",\"urlTemplate\":\"https:\/\/fittwear.nl\/?s={search_term_string}\"},\"query-input\":{\"@type\":\"PropertyValueSpecification\",\"valueRequired\":true,\"valueName\":\"search_term_string\"}}],\"inLanguage\":\"de\"},{\"@type\":\"Organization\",\"@id\":\"https:\/\/fittwear.nl\/#organization\",\"name\":\"FITTwear.nl\",\"url\":\"https:\/\/fittwear.nl\/\",\"logo\":{\"@type\":\"ImageObject\",\"inLanguage\":\"de\",\"@id\":\"https:\/\/fittwear.nl\/#\/schema\/logo\/image\/\",\"url\":\"https:\/\/fittwear.nl\/wp-content\/uploads\/2024\/07\/FITT-Logo-BeYOUtiful-website-homepage_Tekengebied-1-scaled.jpg\",\"contentUrl\":\"https:\/\/fittwear.nl\/wp-content\/uploads\/2024\/07\/FITT-Logo-BeYOUtiful-website-homepage_Tekengebied-1-scaled.jpg\",\"width\":2560,\"height\":599,\"caption\":\"FITTwear.nl\"},\"image\":{\"@id\":\"https:\/\/fittwear.nl\/#\/schema\/logo\/image\/\"}}]}<\/script>\n<!-- \/ Yoast SEO plugin. -->","yoast_head_json":{"title":"Langarm-Pulver in V-Form - FITTwear.de","description":"Ein bequemes lang\u00e4rmeliges Oberteil. Die Passform um den Bauch herum ist nicht sehr eng. Die Passform und der dehnbare und weiche Stoff sorgen f\u00fcr ultimativen Komfort. Auf geht's zum Training!","robots":{"index":"index","follow":"follow","max-snippet":"max-snippet:-1","max-image-preview":"max-image-preview:large","max-video-preview":"max-video-preview:-1"},"canonical":"https:\/\/fittwear.nl\/de\/produkt-2\/v-formiges-langarm-pullover\/","og_locale":"de_DE","og_type":"article","og_title":"V-Shaped Long Sleeve Powder - FITTwear.nl","og_description":"Een comfortabele top met lange mouw. De pasvorm rondom de buik is niet heel strak. De pasvorm en de stretchy en zachte stof zorgen voor het ultieme comfort. Let's go workout!","og_url":"https:\/\/fittwear.nl\/de\/produkt-2\/v-formiges-langarm-pullover\/","og_site_name":"FITTwear.nl","article_modified_time":"2026-04-26T11:57:48+00:00","og_image":[{"width":1200,"height":1800,"url":"https:\/\/fittwear.nl\/wp-content\/uploads\/2022\/12\/v-shape-top-terra_Voorkant-boven_jpg_2.jpg","type":"image\/jpeg"}],"twitter_card":"summary_large_image","twitter_misc":{"Gesch\u00e4tzte Lesezeit":"1\u00a0Minute"},"schema":{"@context":"https:\/\/schema.org","@graph":[{"@type":"WebPage","@id":"https:\/\/fittwear.nl\/product\/v-shaped-long-sleeve-powder\/","url":"https:\/\/fittwear.nl\/product\/v-shaped-long-sleeve-powder\/","name":"Langarm-Pulver in V-Form - FITTwear.de","isPartOf":{"@id":"https:\/\/fittwear.nl\/#website"},"primaryImageOfPage":{"@id":"https:\/\/fittwear.nl\/product\/v-shaped-long-sleeve-powder\/#primaryimage"},"image":{"@id":"https:\/\/fittwear.nl\/product\/v-shaped-long-sleeve-powder\/#primaryimage"},"thumbnailUrl":"https:\/\/fittwear.nl\/wp-content\/uploads\/2022\/12\/v-shape-top-terra_Voorkant-boven_jpg_2.jpg","datePublished":"2022-12-01T13:27:36+00:00","dateModified":"2026-04-26T11:57:48+00:00","description":"Ein bequemes lang\u00e4rmeliges Oberteil. Die Passform um den Bauch herum ist nicht sehr eng. Die Passform und der dehnbare und weiche Stoff sorgen f\u00fcr ultimativen Komfort. Auf geht's zum Training!","breadcrumb":{"@id":"https:\/\/fittwear.nl\/product\/v-shaped-long-sleeve-powder\/#breadcrumb"},"inLanguage":"de","potentialAction":[{"@type":"ReadAction","target":["https:\/\/fittwear.nl\/product\/v-shaped-long-sleeve-powder\/"]}]},{"@type":"ImageObject","inLanguage":"de","@id":"https:\/\/fittwear.nl\/product\/v-shaped-long-sleeve-powder\/#primaryimage","url":"https:\/\/fittwear.nl\/wp-content\/uploads\/2022\/12\/v-shape-top-terra_Voorkant-boven_jpg_2.jpg","contentUrl":"https:\/\/fittwear.nl\/wp-content\/uploads\/2022\/12\/v-shape-top-terra_Voorkant-boven_jpg_2.jpg","width":1200,"height":1800},{"@type":"BreadcrumbList","@id":"https:\/\/fittwear.nl\/product\/v-shaped-long-sleeve-powder\/#breadcrumb","itemListElement":[{"@type":"ListItem","position":1,"name":"Home","item":"https:\/\/fittwear.nl\/"},{"@type":"ListItem","position":2,"name":"Shop","item":"https:\/\/fittwear.nl\/shop\/"},{"@type":"ListItem","position":3,"name":"V-Shaped Long Sleeve Powder"}]},{"@type":"WebSite","@id":"https:\/\/fittwear.nl\/#website","url":"https:\/\/fittwear.nl\/","name":"FITTwear.co.uk","description":"Zeit zu gl\u00e4nzen!","publisher":{"@id":"https:\/\/fittwear.nl\/#organization"},"potentialAction":[{"@type":"SearchAction","target":{"@type":"EntryPoint","urlTemplate":"https:\/\/fittwear.nl\/?s={search_term_string}"},"query-input":{"@type":"PropertyValueSpecification","valueRequired":true,"valueName":"search_term_string"}}],"inLanguage":"de"},{"@type":"Organization","@id":"https:\/\/fittwear.nl\/#organization","name":"FITTwear.co.uk","url":"https:\/\/fittwear.nl\/","logo":{"@type":"ImageObject","inLanguage":"de","@id":"https:\/\/fittwear.nl\/#\/schema\/logo\/image\/","url":"https:\/\/fittwear.nl\/wp-content\/uploads\/2024\/07\/FITT-Logo-BeYOUtiful-website-homepage_Tekengebied-1-scaled.jpg","contentUrl":"https:\/\/fittwear.nl\/wp-content\/uploads\/2024\/07\/FITT-Logo-BeYOUtiful-website-homepage_Tekengebied-1-scaled.jpg","width":2560,"height":599,"caption":"FITTwear.nl"},"image":{"@id":"https:\/\/fittwear.nl\/#\/schema\/logo\/image\/"}}]}},"_links":{"self":[{"href":"https:\/\/fittwear.nl\/de\/wp-json\/wp\/v2\/product\/47202","targetHints":{"allow":["GET"]}}],"collection":[{"href":"https:\/\/fittwear.nl\/de\/wp-json\/wp\/v2\/product"}],"about":[{"href":"https:\/\/fittwear.nl\/de\/wp-json\/wp\/v2\/types\/product"}],"wp:featuredmedia":[{"embeddable":true,"href":"https:\/\/fittwear.nl\/de\/wp-json\/wp\/v2\/media\/47249"}],"wp:attachment":[{"href":"https:\/\/fittwear.nl\/de\/wp-json\/wp\/v2\/media?parent=47202"}],"wp:term":[{"taxonomy":"product_brand","embeddable":true,"href":"https:\/\/fittwear.nl\/de\/wp-json\/wp\/v2\/product_brand?post=47202"},{"taxonomy":"product_cat","embeddable":true,"href":"https:\/\/fittwear.nl\/de\/wp-json\/wp\/v2\/product_cat?post=47202"},{"taxonomy":"product_tag","embeddable":true,"href":"https:\/\/fittwear.nl\/de\/wp-json\/wp\/v2\/product_tag?post=47202"}],"curies":[{"name":"wp","href":"https:\/\/api.w.org\/{rel}","templated":true}]}}