{"id":4843,"date":"2020-10-30T13:37:48","date_gmt":"2020-10-30T12:37:48","guid":{"rendered":"https:\/\/fittwear.nl\/?post_type=product&#038;p=4843"},"modified":"2026-04-18T03:29:42","modified_gmt":"2026-04-18T01:29:42","slug":"freizeit-crop-shirt-schwarz","status":"publish","type":"product","link":"https:\/\/fittwear.nl\/de\/product\/athleisure-crop-t-shirt-zwart\/","title":{"rendered":"Athleisure Crop-T-Shirt Schwarz"},"content":{"rendered":"<p>- Crop-T-Shirt kurzarm<\/p>\n<p>- Athleisure-Kleidungsst\u00fcck<\/p>\n<p>- Garantierte Freiz\u00fcgigkeit<\/p>\n<p>- 150 g\/m\u00b2<\/p>\n<p>- 90% Baumwolle, 10% Viskose<\/p>\n<p>- Waschbar bis zu 40\u00b0<\/p>\n<p>- Farbe: Schwarz<\/p>\n<p>&#8211; Model Donna is 1.82m en draagt maat M<\/p>","protected":false},"excerpt":{"rendered":"<p>Wie werden Sie dieses Crop-Top als Sport- oder Freizeit-T-Shirt tragen? Bei einem harten Training k\u00f6nnen Sie sich frei bewegen und f\u00fchlen sich gleichzeitig angenehm k\u00fchl. Kombinieren Sie es mit unseren Leggings mit ultrahoher Taille oder unseren Jogginghosen aus Biobaumwolle.<\/p>\n<p><strong>Model Donna ist 1,82m gro\u00df und tr\u00e4gt Gr\u00f6\u00dfe M.<\/strong><\/p>","protected":false},"featured_media":14017,"template":"","meta":{"_acf_changed":false},"product_brand":[],"product_cat":[4810,4812,27,79,81,78],"product_tag":[99],"class_list":{"0":"post-4843","1":"product","2":"type-product","3":"status-publish","4":"has-post-thumbnail","6":"product_cat-crop-tops-dames","7":"product_cat-forever-favorites-categorie","8":"product_cat-dames","9":"product_cat-tanktops-dames","10":"product_cat-crop-tops","11":"product_cat-t-shirts-dames","12":"product_tag-crop-top-t-shirt","14":"first","15":"instock","16":"taxable","17":"shipping-taxable","18":"purchasable","19":"product-type-variable","20":"has-default-attributes"},"acf":[],"yoast_head":"<!-- This site is optimized with the Yoast SEO plugin v27.1.1 - https:\/\/yoast.com\/product\/yoast-seo-wordpress\/ -->\n<title>Athleisure Crop T-shirt Black - Dames Sport Tops - FITTwear.nl<\/title>\n<meta name=\"description\" content=\"Als sport top of athleisure t-shirt, hoe ga jij deze crop top dragen? Tijdens een pittige workout zal jij je vrijuit kunnen bewegen en tegelijkertijd lekker koel voelen. Combineer hem met onze ultra high waist legging of onze bio-cotton joggers.  Model Donna is 1.82m en draagt maat M.\" \/>\n<meta name=\"robots\" content=\"index, follow, max-snippet:-1, max-image-preview:large, max-video-preview:-1\" \/>\n<link rel=\"canonical\" href=\"https:\/\/fittwear.nl\/de\/produkt-2\/freizeit-crop-shirt-schwarz\/\" \/>\n<meta property=\"og:locale\" content=\"de_DE\" \/>\n<meta property=\"og:type\" content=\"article\" \/>\n<meta property=\"og:title\" content=\"Athleisure Crop T-shirt Black - Dames Sport Tops - FITTwear.nl\" \/>\n<meta property=\"og:description\" content=\"Als sport top of athleisure t-shirt, hoe ga jij deze crop top dragen? Tijdens een pittige workout zal jij je vrijuit kunnen bewegen en tegelijkertijd lekker koel voelen. Combineer hem met onze ultra high waist legging of onze bio-cotton joggers.  Model Donna is 1.82m en draagt maat M.\" \/>\n<meta property=\"og:url\" content=\"https:\/\/fittwear.nl\/de\/produkt-2\/freizeit-crop-shirt-schwarz\/\" \/>\n<meta property=\"og:site_name\" content=\"FITTwear.nl\" \/>\n<meta property=\"article:modified_time\" content=\"2026-04-18T01:29:42+00:00\" \/>\n<meta property=\"og:image\" content=\"https:\/\/fittwear.nl\/wp-content\/uploads\/2020\/10\/crop-top-zwart_Bovenkant-voor_jpg_3-1-kopieren.jpg\" \/>\n\t<meta property=\"og:image:width\" content=\"1136\" \/>\n\t<meta property=\"og:image:height\" content=\"1704\" \/>\n\t<meta property=\"og:image:type\" content=\"image\/jpeg\" \/>\n<meta name=\"twitter:card\" content=\"summary_large_image\" \/>\n<meta name=\"twitter:label1\" content=\"Gesch\u00e4tzte Lesezeit\" \/>\n\t<meta name=\"twitter:data1\" content=\"1\u00a0Minute\" \/>\n<script type=\"application\/ld+json\" class=\"yoast-schema-graph\">{\"@context\":\"https:\/\/schema.org\",\"@graph\":[{\"@type\":\"WebPage\",\"@id\":\"https:\/\/fittwear.nl\/product\/athleisure-crop-t-shirt-zwart\/\",\"url\":\"https:\/\/fittwear.nl\/product\/athleisure-crop-t-shirt-zwart\/\",\"name\":\"Athleisure Crop T-shirt Black - Dames Sport Tops - FITTwear.nl\",\"isPartOf\":{\"@id\":\"https:\/\/fittwear.nl\/#website\"},\"primaryImageOfPage\":{\"@id\":\"https:\/\/fittwear.nl\/product\/athleisure-crop-t-shirt-zwart\/#primaryimage\"},\"image\":{\"@id\":\"https:\/\/fittwear.nl\/product\/athleisure-crop-t-shirt-zwart\/#primaryimage\"},\"thumbnailUrl\":\"https:\/\/fittwear.nl\/wp-content\/uploads\/2020\/10\/crop-top-zwart_Bovenkant-voor_jpg_3-1-kopieren.jpg\",\"datePublished\":\"2020-10-30T12:37:48+00:00\",\"dateModified\":\"2026-04-18T01:29:42+00:00\",\"description\":\"Als sport top of athleisure t-shirt, hoe ga jij deze crop top dragen? Tijdens een pittige workout zal jij je vrijuit kunnen bewegen en tegelijkertijd lekker koel voelen. Combineer hem met onze ultra high waist legging of onze bio-cotton joggers. Model Donna is 1.82m en draagt maat M.\",\"breadcrumb\":{\"@id\":\"https:\/\/fittwear.nl\/product\/athleisure-crop-t-shirt-zwart\/#breadcrumb\"},\"inLanguage\":\"de\",\"potentialAction\":[{\"@type\":\"ReadAction\",\"target\":[\"https:\/\/fittwear.nl\/product\/athleisure-crop-t-shirt-zwart\/\"]}]},{\"@type\":\"ImageObject\",\"inLanguage\":\"de\",\"@id\":\"https:\/\/fittwear.nl\/product\/athleisure-crop-t-shirt-zwart\/#primaryimage\",\"url\":\"https:\/\/fittwear.nl\/wp-content\/uploads\/2020\/10\/crop-top-zwart_Bovenkant-voor_jpg_3-1-kopieren.jpg\",\"contentUrl\":\"https:\/\/fittwear.nl\/wp-content\/uploads\/2020\/10\/crop-top-zwart_Bovenkant-voor_jpg_3-1-kopieren.jpg\",\"width\":1136,\"height\":1704,\"caption\":\"Athleisure Crop T-shirt zwart\"},{\"@type\":\"BreadcrumbList\",\"@id\":\"https:\/\/fittwear.nl\/product\/athleisure-crop-t-shirt-zwart\/#breadcrumb\",\"itemListElement\":[{\"@type\":\"ListItem\",\"position\":1,\"name\":\"Home\",\"item\":\"https:\/\/fittwear.nl\/\"},{\"@type\":\"ListItem\",\"position\":2,\"name\":\"Shop\",\"item\":\"https:\/\/fittwear.nl\/shop\/\"},{\"@type\":\"ListItem\",\"position\":3,\"name\":\"Athleisure Crop T-shirt Black\"}]},{\"@type\":\"WebSite\",\"@id\":\"https:\/\/fittwear.nl\/#website\",\"url\":\"https:\/\/fittwear.nl\/\",\"name\":\"FITTwear.nl\",\"description\":\"Time to shine!\",\"publisher\":{\"@id\":\"https:\/\/fittwear.nl\/#organization\"},\"potentialAction\":[{\"@type\":\"SearchAction\",\"target\":{\"@type\":\"EntryPoint\",\"urlTemplate\":\"https:\/\/fittwear.nl\/?s={search_term_string}\"},\"query-input\":{\"@type\":\"PropertyValueSpecification\",\"valueRequired\":true,\"valueName\":\"search_term_string\"}}],\"inLanguage\":\"de\"},{\"@type\":\"Organization\",\"@id\":\"https:\/\/fittwear.nl\/#organization\",\"name\":\"FITTwear.nl\",\"url\":\"https:\/\/fittwear.nl\/\",\"logo\":{\"@type\":\"ImageObject\",\"inLanguage\":\"de\",\"@id\":\"https:\/\/fittwear.nl\/#\/schema\/logo\/image\/\",\"url\":\"https:\/\/fittwear.nl\/wp-content\/uploads\/2024\/07\/FITT-Logo-BeYOUtiful-website-homepage_Tekengebied-1-scaled.jpg\",\"contentUrl\":\"https:\/\/fittwear.nl\/wp-content\/uploads\/2024\/07\/FITT-Logo-BeYOUtiful-website-homepage_Tekengebied-1-scaled.jpg\",\"width\":2560,\"height\":599,\"caption\":\"FITTwear.nl\"},\"image\":{\"@id\":\"https:\/\/fittwear.nl\/#\/schema\/logo\/image\/\"}}]}<\/script>\n<!-- \/ Yoast SEO plugin. -->","yoast_head_json":{"title":"Athleisure Crop T-shirt Black - Women's Sports Tops - FITTwear.de","description":"Wie werden Sie dieses Crop-Top als Sport- oder Freizeit-T-Shirt tragen? Bei einem harten Training k\u00f6nnen Sie sich frei bewegen und f\u00fchlen sich gleichzeitig angenehm k\u00fchl. Kombinieren Sie es mit unseren Leggings mit ultrahoher Taille oder unseren Jogginghosen aus Biobaumwolle.  Model Donna ist 1,82m gro\u00df und tr\u00e4gt Gr\u00f6\u00dfe M.","robots":{"index":"index","follow":"follow","max-snippet":"max-snippet:-1","max-image-preview":"max-image-preview:large","max-video-preview":"max-video-preview:-1"},"canonical":"https:\/\/fittwear.nl\/de\/produkt-2\/freizeit-crop-shirt-schwarz\/","og_locale":"de_DE","og_type":"article","og_title":"Athleisure Crop T-shirt Black - Dames Sport Tops - FITTwear.nl","og_description":"Als sport top of athleisure t-shirt, hoe ga jij deze crop top dragen? Tijdens een pittige workout zal jij je vrijuit kunnen bewegen en tegelijkertijd lekker koel voelen. Combineer hem met onze ultra high waist legging of onze bio-cotton joggers.  Model Donna is 1.82m en draagt maat M.","og_url":"https:\/\/fittwear.nl\/de\/produkt-2\/freizeit-crop-shirt-schwarz\/","og_site_name":"FITTwear.nl","article_modified_time":"2026-04-18T01:29:42+00:00","og_image":[{"width":1136,"height":1704,"url":"https:\/\/fittwear.nl\/wp-content\/uploads\/2020\/10\/crop-top-zwart_Bovenkant-voor_jpg_3-1-kopieren.jpg","type":"image\/jpeg"}],"twitter_card":"summary_large_image","twitter_misc":{"Gesch\u00e4tzte Lesezeit":"1\u00a0Minute"},"schema":{"@context":"https:\/\/schema.org","@graph":[{"@type":"WebPage","@id":"https:\/\/fittwear.nl\/product\/athleisure-crop-t-shirt-zwart\/","url":"https:\/\/fittwear.nl\/product\/athleisure-crop-t-shirt-zwart\/","name":"Athleisure Crop T-shirt Black - Women's Sports Tops - FITTwear.de","isPartOf":{"@id":"https:\/\/fittwear.nl\/#website"},"primaryImageOfPage":{"@id":"https:\/\/fittwear.nl\/product\/athleisure-crop-t-shirt-zwart\/#primaryimage"},"image":{"@id":"https:\/\/fittwear.nl\/product\/athleisure-crop-t-shirt-zwart\/#primaryimage"},"thumbnailUrl":"https:\/\/fittwear.nl\/wp-content\/uploads\/2020\/10\/crop-top-zwart_Bovenkant-voor_jpg_3-1-kopieren.jpg","datePublished":"2020-10-30T12:37:48+00:00","dateModified":"2026-04-18T01:29:42+00:00","description":"Wie werden Sie dieses Crop-Top als Sport- oder Freizeit-T-Shirt tragen? Bei einem harten Training k\u00f6nnen Sie sich frei bewegen und f\u00fchlen sich gleichzeitig angenehm k\u00fchl. Kombinieren Sie es mit unseren Leggings mit ultrahoher Taille oder unseren Jogginghosen aus Biobaumwolle. Model Donna ist 1,82m gro\u00df und tr\u00e4gt Gr\u00f6\u00dfe M.","breadcrumb":{"@id":"https:\/\/fittwear.nl\/product\/athleisure-crop-t-shirt-zwart\/#breadcrumb"},"inLanguage":"de","potentialAction":[{"@type":"ReadAction","target":["https:\/\/fittwear.nl\/product\/athleisure-crop-t-shirt-zwart\/"]}]},{"@type":"ImageObject","inLanguage":"de","@id":"https:\/\/fittwear.nl\/product\/athleisure-crop-t-shirt-zwart\/#primaryimage","url":"https:\/\/fittwear.nl\/wp-content\/uploads\/2020\/10\/crop-top-zwart_Bovenkant-voor_jpg_3-1-kopieren.jpg","contentUrl":"https:\/\/fittwear.nl\/wp-content\/uploads\/2020\/10\/crop-top-zwart_Bovenkant-voor_jpg_3-1-kopieren.jpg","width":1136,"height":1704,"caption":"Athleisure Crop T-shirt zwart"},{"@type":"BreadcrumbList","@id":"https:\/\/fittwear.nl\/product\/athleisure-crop-t-shirt-zwart\/#breadcrumb","itemListElement":[{"@type":"ListItem","position":1,"name":"Home","item":"https:\/\/fittwear.nl\/"},{"@type":"ListItem","position":2,"name":"Shop","item":"https:\/\/fittwear.nl\/shop\/"},{"@type":"ListItem","position":3,"name":"Athleisure Crop T-shirt Black"}]},{"@type":"WebSite","@id":"https:\/\/fittwear.nl\/#website","url":"https:\/\/fittwear.nl\/","name":"FITTwear.co.uk","description":"Zeit zu gl\u00e4nzen!","publisher":{"@id":"https:\/\/fittwear.nl\/#organization"},"potentialAction":[{"@type":"SearchAction","target":{"@type":"EntryPoint","urlTemplate":"https:\/\/fittwear.nl\/?s={search_term_string}"},"query-input":{"@type":"PropertyValueSpecification","valueRequired":true,"valueName":"search_term_string"}}],"inLanguage":"de"},{"@type":"Organization","@id":"https:\/\/fittwear.nl\/#organization","name":"FITTwear.co.uk","url":"https:\/\/fittwear.nl\/","logo":{"@type":"ImageObject","inLanguage":"de","@id":"https:\/\/fittwear.nl\/#\/schema\/logo\/image\/","url":"https:\/\/fittwear.nl\/wp-content\/uploads\/2024\/07\/FITT-Logo-BeYOUtiful-website-homepage_Tekengebied-1-scaled.jpg","contentUrl":"https:\/\/fittwear.nl\/wp-content\/uploads\/2024\/07\/FITT-Logo-BeYOUtiful-website-homepage_Tekengebied-1-scaled.jpg","width":2560,"height":599,"caption":"FITTwear.nl"},"image":{"@id":"https:\/\/fittwear.nl\/#\/schema\/logo\/image\/"}}]}},"_links":{"self":[{"href":"https:\/\/fittwear.nl\/de\/wp-json\/wp\/v2\/product\/4843","targetHints":{"allow":["GET"]}}],"collection":[{"href":"https:\/\/fittwear.nl\/de\/wp-json\/wp\/v2\/product"}],"about":[{"href":"https:\/\/fittwear.nl\/de\/wp-json\/wp\/v2\/types\/product"}],"wp:featuredmedia":[{"embeddable":true,"href":"https:\/\/fittwear.nl\/de\/wp-json\/wp\/v2\/media\/14017"}],"wp:attachment":[{"href":"https:\/\/fittwear.nl\/de\/wp-json\/wp\/v2\/media?parent=4843"}],"wp:term":[{"taxonomy":"product_brand","embeddable":true,"href":"https:\/\/fittwear.nl\/de\/wp-json\/wp\/v2\/product_brand?post=4843"},{"taxonomy":"product_cat","embeddable":true,"href":"https:\/\/fittwear.nl\/de\/wp-json\/wp\/v2\/product_cat?post=4843"},{"taxonomy":"product_tag","embeddable":true,"href":"https:\/\/fittwear.nl\/de\/wp-json\/wp\/v2\/product_tag?post=4843"}],"curies":[{"name":"wp","href":"https:\/\/api.w.org\/{rel}","templated":true}]}}