{"id":51506,"date":"2023-02-01T15:36:57","date_gmt":"2023-02-01T14:36:57","guid":{"rendered":"https:\/\/fittwear.nl\/?post_type=product&#038;p=51506"},"modified":"2026-04-16T00:14:54","modified_gmt":"2026-04-15T22:14:54","slug":"tapfer-abgehoben-weis","status":"publish","type":"product","link":"https:\/\/fittwear.nl\/de\/product\/brave-top-off-white\/","title":{"rendered":"Brave Top Off White"},"content":{"rendered":"<p>- Trendiges Sporttop<\/p>\n\n\n\n<p>- Favorit aller Zeiten<\/p>\n\n\n\n<p>- Abnehmbare Pads<\/p>\n\n\n\n<p>- Kann ohne BH getragen werden<\/p>\n\n\n\n<p>- Atmungsaktivit\u00e4t<\/p>\n\n\n\n<p>- Schnell trocknendes Gewebe<\/p>\n\n\n\n<p>- 100% Polyester<\/p>\n\n\n\n<p>- Farbe: Off White<\/p>\n\n\n\n<p>- Model Doete ist 1,76 und tr\u00e4gt Gr\u00f6\u00dfe S<\/p>","protected":false},"excerpt":{"rendered":"<p>Beim Sport ist es wichtig, dass Sie sich in Ihrer Sportkleidung wohlf\u00fchlen. Unser Brave-Top ist mit Pads ausgestattet und kann daher auch ohne BH getragen werden! Aus weichem Stoff und leicht mit jeder Sportleggings zu kombinieren. Diese k\u00fchle gr\u00fcne Farbe ist sehr beliebt, aber das Oberteil ist in mehreren Farben erh\u00e4ltlich!<\/p>","protected":false},"featured_media":52916,"template":"","meta":{"_acf_changed":false},"product_brand":[],"product_cat":[4796,4812,79,81],"product_tag":[],"class_list":{"0":"post-51506","1":"product","2":"type-product","3":"status-publish","4":"has-post-thumbnail","6":"product_cat-cute-in-neutrals","7":"product_cat-forever-favorites-categorie","8":"product_cat-tanktops-dames","9":"product_cat-crop-tops","11":"first","12":"outofstock","13":"taxable","14":"shipping-taxable","15":"product-type-variable","16":"has-default-attributes"},"acf":[],"yoast_head":"<!-- This site is optimized with the Yoast SEO plugin v27.1.1 - https:\/\/yoast.com\/product\/yoast-seo-wordpress\/ -->\n<title>Brave Top Off White - FITTwear.nl<\/title>\n<meta name=\"description\" content=\"Tijdens het sporten is het belangrijk dat jij je comfortabel voelt in je sportkleding. Onze Brave top is voorzien van pads en daardoor prima zonder bh te dragen! Gemaakt van een zachte stof en makkelijk te combineren met elke sportlegging. Deze toffe groene kleur is helemaal populair maar de top is verkrijgbaar in meerdere kleuren!\" \/>\n<meta name=\"robots\" content=\"index, follow, max-snippet:-1, max-image-preview:large, max-video-preview:-1\" \/>\n<link rel=\"canonical\" href=\"https:\/\/fittwear.nl\/de\/produkt-2\/tapfer-abgehoben-weis\/\" \/>\n<meta property=\"og:locale\" content=\"de_DE\" \/>\n<meta property=\"og:type\" content=\"article\" \/>\n<meta property=\"og:title\" content=\"Brave Top Off White - FITTwear.nl\" \/>\n<meta property=\"og:description\" content=\"Tijdens het sporten is het belangrijk dat jij je comfortabel voelt in je sportkleding. Onze Brave top is voorzien van pads en daardoor prima zonder bh te dragen! Gemaakt van een zachte stof en makkelijk te combineren met elke sportlegging. Deze toffe groene kleur is helemaal populair maar de top is verkrijgbaar in meerdere kleuren!\" \/>\n<meta property=\"og:url\" content=\"https:\/\/fittwear.nl\/de\/produkt-2\/tapfer-abgehoben-weis\/\" \/>\n<meta property=\"og:site_name\" content=\"FITTwear.nl\" \/>\n<meta property=\"article:modified_time\" content=\"2026-04-15T22:14:54+00:00\" \/>\n<meta property=\"og:image\" content=\"https:\/\/fittwear.nl\/wp-content\/uploads\/2022\/12\/slimming-blauw_Voorkant-boven_jpg_2.jpg\" \/>\n\t<meta property=\"og:image:width\" content=\"1200\" \/>\n\t<meta property=\"og:image:height\" content=\"1800\" \/>\n\t<meta property=\"og:image:type\" content=\"image\/jpeg\" \/>\n<meta name=\"twitter:card\" content=\"summary_large_image\" \/>\n<meta name=\"twitter:label1\" content=\"Gesch\u00e4tzte Lesezeit\" \/>\n\t<meta name=\"twitter:data1\" content=\"1\u00a0Minute\" \/>\n<script type=\"application\/ld+json\" class=\"yoast-schema-graph\">{\"@context\":\"https:\/\/schema.org\",\"@graph\":[{\"@type\":\"WebPage\",\"@id\":\"https:\/\/fittwear.nl\/product\/brave-top-off-white\/\",\"url\":\"https:\/\/fittwear.nl\/product\/brave-top-off-white\/\",\"name\":\"Brave Top Off White - FITTwear.nl\",\"isPartOf\":{\"@id\":\"https:\/\/fittwear.nl\/#website\"},\"primaryImageOfPage\":{\"@id\":\"https:\/\/fittwear.nl\/product\/brave-top-off-white\/#primaryimage\"},\"image\":{\"@id\":\"https:\/\/fittwear.nl\/product\/brave-top-off-white\/#primaryimage\"},\"thumbnailUrl\":\"https:\/\/fittwear.nl\/wp-content\/uploads\/2022\/12\/slimming-blauw_Voorkant-boven_jpg_2.jpg\",\"datePublished\":\"2023-02-01T14:36:57+00:00\",\"dateModified\":\"2026-04-15T22:14:54+00:00\",\"description\":\"Tijdens het sporten is het belangrijk dat jij je comfortabel voelt in je sportkleding. Onze Brave top is voorzien van pads en daardoor prima zonder bh te dragen! Gemaakt van een zachte stof en makkelijk te combineren met elke sportlegging. Deze toffe groene kleur is helemaal populair maar de top is verkrijgbaar in meerdere kleuren!\",\"breadcrumb\":{\"@id\":\"https:\/\/fittwear.nl\/product\/brave-top-off-white\/#breadcrumb\"},\"inLanguage\":\"de\",\"potentialAction\":[{\"@type\":\"ReadAction\",\"target\":[\"https:\/\/fittwear.nl\/product\/brave-top-off-white\/\"]}]},{\"@type\":\"ImageObject\",\"inLanguage\":\"de\",\"@id\":\"https:\/\/fittwear.nl\/product\/brave-top-off-white\/#primaryimage\",\"url\":\"https:\/\/fittwear.nl\/wp-content\/uploads\/2022\/12\/slimming-blauw_Voorkant-boven_jpg_2.jpg\",\"contentUrl\":\"https:\/\/fittwear.nl\/wp-content\/uploads\/2022\/12\/slimming-blauw_Voorkant-boven_jpg_2.jpg\",\"width\":1200,\"height\":1800},{\"@type\":\"BreadcrumbList\",\"@id\":\"https:\/\/fittwear.nl\/product\/brave-top-off-white\/#breadcrumb\",\"itemListElement\":[{\"@type\":\"ListItem\",\"position\":1,\"name\":\"Home\",\"item\":\"https:\/\/fittwear.nl\/\"},{\"@type\":\"ListItem\",\"position\":2,\"name\":\"Shop\",\"item\":\"https:\/\/fittwear.nl\/shop\/\"},{\"@type\":\"ListItem\",\"position\":3,\"name\":\"Brave Top Off White\"}]},{\"@type\":\"WebSite\",\"@id\":\"https:\/\/fittwear.nl\/#website\",\"url\":\"https:\/\/fittwear.nl\/\",\"name\":\"FITTwear.nl\",\"description\":\"Time to shine!\",\"publisher\":{\"@id\":\"https:\/\/fittwear.nl\/#organization\"},\"potentialAction\":[{\"@type\":\"SearchAction\",\"target\":{\"@type\":\"EntryPoint\",\"urlTemplate\":\"https:\/\/fittwear.nl\/?s={search_term_string}\"},\"query-input\":{\"@type\":\"PropertyValueSpecification\",\"valueRequired\":true,\"valueName\":\"search_term_string\"}}],\"inLanguage\":\"de\"},{\"@type\":\"Organization\",\"@id\":\"https:\/\/fittwear.nl\/#organization\",\"name\":\"FITTwear.nl\",\"url\":\"https:\/\/fittwear.nl\/\",\"logo\":{\"@type\":\"ImageObject\",\"inLanguage\":\"de\",\"@id\":\"https:\/\/fittwear.nl\/#\/schema\/logo\/image\/\",\"url\":\"https:\/\/fittwear.nl\/wp-content\/uploads\/2024\/07\/FITT-Logo-BeYOUtiful-website-homepage_Tekengebied-1-scaled.jpg\",\"contentUrl\":\"https:\/\/fittwear.nl\/wp-content\/uploads\/2024\/07\/FITT-Logo-BeYOUtiful-website-homepage_Tekengebied-1-scaled.jpg\",\"width\":2560,\"height\":599,\"caption\":\"FITTwear.nl\"},\"image\":{\"@id\":\"https:\/\/fittwear.nl\/#\/schema\/logo\/image\/\"}}]}<\/script>\n<!-- \/ Yoast SEO plugin. -->","yoast_head_json":{"title":"Brave Top Off White - FITTwear.de","description":"Beim Sport ist es wichtig, dass Sie sich in Ihrer Sportkleidung wohlf\u00fchlen. Unser Brave-Top ist mit Pads ausgestattet und kann daher auch ohne BH getragen werden! Aus weichem Stoff und leicht mit jeder Sportleggings zu kombinieren. Diese k\u00fchle gr\u00fcne Farbe ist sehr beliebt, aber das Oberteil ist in mehreren Farben erh\u00e4ltlich!","robots":{"index":"index","follow":"follow","max-snippet":"max-snippet:-1","max-image-preview":"max-image-preview:large","max-video-preview":"max-video-preview:-1"},"canonical":"https:\/\/fittwear.nl\/de\/produkt-2\/tapfer-abgehoben-weis\/","og_locale":"de_DE","og_type":"article","og_title":"Brave Top Off White - FITTwear.nl","og_description":"Tijdens het sporten is het belangrijk dat jij je comfortabel voelt in je sportkleding. Onze Brave top is voorzien van pads en daardoor prima zonder bh te dragen! Gemaakt van een zachte stof en makkelijk te combineren met elke sportlegging. Deze toffe groene kleur is helemaal populair maar de top is verkrijgbaar in meerdere kleuren!","og_url":"https:\/\/fittwear.nl\/de\/produkt-2\/tapfer-abgehoben-weis\/","og_site_name":"FITTwear.nl","article_modified_time":"2026-04-15T22:14:54+00:00","og_image":[{"width":1200,"height":1800,"url":"https:\/\/fittwear.nl\/wp-content\/uploads\/2022\/12\/slimming-blauw_Voorkant-boven_jpg_2.jpg","type":"image\/jpeg"}],"twitter_card":"summary_large_image","twitter_misc":{"Gesch\u00e4tzte Lesezeit":"1\u00a0Minute"},"schema":{"@context":"https:\/\/schema.org","@graph":[{"@type":"WebPage","@id":"https:\/\/fittwear.nl\/product\/brave-top-off-white\/","url":"https:\/\/fittwear.nl\/product\/brave-top-off-white\/","name":"Brave Top Off White - FITTwear.de","isPartOf":{"@id":"https:\/\/fittwear.nl\/#website"},"primaryImageOfPage":{"@id":"https:\/\/fittwear.nl\/product\/brave-top-off-white\/#primaryimage"},"image":{"@id":"https:\/\/fittwear.nl\/product\/brave-top-off-white\/#primaryimage"},"thumbnailUrl":"https:\/\/fittwear.nl\/wp-content\/uploads\/2022\/12\/slimming-blauw_Voorkant-boven_jpg_2.jpg","datePublished":"2023-02-01T14:36:57+00:00","dateModified":"2026-04-15T22:14:54+00:00","description":"Beim Sport ist es wichtig, dass Sie sich in Ihrer Sportkleidung wohlf\u00fchlen. Unser Brave-Top ist mit Pads ausgestattet und kann daher auch ohne BH getragen werden! Aus weichem Stoff und leicht mit jeder Sportleggings zu kombinieren. Diese k\u00fchle gr\u00fcne Farbe ist sehr beliebt, aber das Oberteil ist in mehreren Farben erh\u00e4ltlich!","breadcrumb":{"@id":"https:\/\/fittwear.nl\/product\/brave-top-off-white\/#breadcrumb"},"inLanguage":"de","potentialAction":[{"@type":"ReadAction","target":["https:\/\/fittwear.nl\/product\/brave-top-off-white\/"]}]},{"@type":"ImageObject","inLanguage":"de","@id":"https:\/\/fittwear.nl\/product\/brave-top-off-white\/#primaryimage","url":"https:\/\/fittwear.nl\/wp-content\/uploads\/2022\/12\/slimming-blauw_Voorkant-boven_jpg_2.jpg","contentUrl":"https:\/\/fittwear.nl\/wp-content\/uploads\/2022\/12\/slimming-blauw_Voorkant-boven_jpg_2.jpg","width":1200,"height":1800},{"@type":"BreadcrumbList","@id":"https:\/\/fittwear.nl\/product\/brave-top-off-white\/#breadcrumb","itemListElement":[{"@type":"ListItem","position":1,"name":"Home","item":"https:\/\/fittwear.nl\/"},{"@type":"ListItem","position":2,"name":"Shop","item":"https:\/\/fittwear.nl\/shop\/"},{"@type":"ListItem","position":3,"name":"Brave Top Off White"}]},{"@type":"WebSite","@id":"https:\/\/fittwear.nl\/#website","url":"https:\/\/fittwear.nl\/","name":"FITTwear.co.uk","description":"Zeit zu gl\u00e4nzen!","publisher":{"@id":"https:\/\/fittwear.nl\/#organization"},"potentialAction":[{"@type":"SearchAction","target":{"@type":"EntryPoint","urlTemplate":"https:\/\/fittwear.nl\/?s={search_term_string}"},"query-input":{"@type":"PropertyValueSpecification","valueRequired":true,"valueName":"search_term_string"}}],"inLanguage":"de"},{"@type":"Organization","@id":"https:\/\/fittwear.nl\/#organization","name":"FITTwear.co.uk","url":"https:\/\/fittwear.nl\/","logo":{"@type":"ImageObject","inLanguage":"de","@id":"https:\/\/fittwear.nl\/#\/schema\/logo\/image\/","url":"https:\/\/fittwear.nl\/wp-content\/uploads\/2024\/07\/FITT-Logo-BeYOUtiful-website-homepage_Tekengebied-1-scaled.jpg","contentUrl":"https:\/\/fittwear.nl\/wp-content\/uploads\/2024\/07\/FITT-Logo-BeYOUtiful-website-homepage_Tekengebied-1-scaled.jpg","width":2560,"height":599,"caption":"FITTwear.nl"},"image":{"@id":"https:\/\/fittwear.nl\/#\/schema\/logo\/image\/"}}]}},"_links":{"self":[{"href":"https:\/\/fittwear.nl\/de\/wp-json\/wp\/v2\/product\/51506","targetHints":{"allow":["GET"]}}],"collection":[{"href":"https:\/\/fittwear.nl\/de\/wp-json\/wp\/v2\/product"}],"about":[{"href":"https:\/\/fittwear.nl\/de\/wp-json\/wp\/v2\/types\/product"}],"wp:featuredmedia":[{"embeddable":true,"href":"https:\/\/fittwear.nl\/de\/wp-json\/wp\/v2\/media\/52916"}],"wp:attachment":[{"href":"https:\/\/fittwear.nl\/de\/wp-json\/wp\/v2\/media?parent=51506"}],"wp:term":[{"taxonomy":"product_brand","embeddable":true,"href":"https:\/\/fittwear.nl\/de\/wp-json\/wp\/v2\/product_brand?post=51506"},{"taxonomy":"product_cat","embeddable":true,"href":"https:\/\/fittwear.nl\/de\/wp-json\/wp\/v2\/product_cat?post=51506"},{"taxonomy":"product_tag","embeddable":true,"href":"https:\/\/fittwear.nl\/de\/wp-json\/wp\/v2\/product_tag?post=51506"}],"curies":[{"name":"wp","href":"https:\/\/api.w.org\/{rel}","templated":true}]}}