{"id":54184,"date":"2023-03-03T08:33:04","date_gmt":"2023-03-03T07:33:04","guid":{"rendered":"https:\/\/fittwear.nl\/?post_type=product&#038;p=54184"},"modified":"2026-04-06T11:49:55","modified_gmt":"2026-04-06T09:49:55","slug":"struktur-bh-pulver-rosa","status":"publish","type":"product","link":"https:\/\/fittwear.nl\/de\/product\/structure-bh-powder-pink\/","title":{"rendered":"Struktur-BH Puderrosa"},"content":{"rendered":"<p>-Schlankheitswirkung<\/p>\n\n\n\n<p>-Strukturentwurf<\/p>\n\n\n\n<p>-Sweetproof<\/p>\n\n\n\n<p>-Sitzsicher<\/p>\n\n\n\n<p>-Elastischer Stoff<\/p>\n\n\n\n<p>-Model Doete ist 1,76 und tr\u00e4gt Gr\u00f6\u00dfe S<\/p>","protected":false},"excerpt":{"rendered":"<p>Ein trendiges und dezentes Strukturmuster im Stoff verleiht dieser Linie zus\u00e4tzliche F\u00fclle. Der BH verf\u00fcgt \u00fcber herausnehmbare Pads und ein feines elastisches Band. Folgen Sie dem Struktur-Trend, Zeit zu gl\u00e4nzen!\u2728<\/p>","protected":false},"featured_media":55731,"template":"","meta":{"_acf_changed":false},"product_brand":[],"product_cat":[4796,4794,4799,52,88],"product_tag":[],"class_list":{"0":"post-54184","1":"product","2":"type-product","3":"status-publish","4":"has-post-thumbnail","6":"product_cat-cute-in-neutrals","7":"product_cat-mindful-movement","8":"product_cat-structures","9":"product_cat-sport-bhs","10":"product_cat-effen-sport-bhs","12":"first","13":"instock","14":"taxable","15":"shipping-taxable","16":"purchasable","17":"product-type-variable","18":"has-default-attributes"},"acf":[],"yoast_head":"<!-- This site is optimized with the Yoast SEO plugin v27.1.1 - https:\/\/yoast.com\/product\/yoast-seo-wordpress\/ -->\n<title>Structure BH Powder Pink - FITTwear.nl<\/title>\n<meta name=\"description\" content=\"Een trendy en subtiel structuur design in de stof geeft deze lijn extra body. De BH is voorzien van uitneembare pads en een fijne elastische band. Volg de structure trend, time to shine!\u2728\" \/>\n<meta name=\"robots\" content=\"index, follow, max-snippet:-1, max-image-preview:large, max-video-preview:-1\" \/>\n<link rel=\"canonical\" href=\"https:\/\/fittwear.nl\/de\/produkt-2\/struktur-bh-pulver-rosa\/\" \/>\n<meta property=\"og:locale\" content=\"de_DE\" \/>\n<meta property=\"og:type\" content=\"article\" \/>\n<meta property=\"og:title\" content=\"Structure BH Powder Pink - FITTwear.nl\" \/>\n<meta property=\"og:description\" content=\"Een trendy en subtiel structuur design in de stof geeft deze lijn extra body. De BH is voorzien van uitneembare pads en een fijne elastische band. Volg de structure trend, time to shine!\u2728\" \/>\n<meta property=\"og:url\" content=\"https:\/\/fittwear.nl\/de\/produkt-2\/struktur-bh-pulver-rosa\/\" \/>\n<meta property=\"og:site_name\" content=\"FITTwear.nl\" \/>\n<meta property=\"article:modified_time\" content=\"2026-04-06T09:49:55+00:00\" \/>\n<meta property=\"og:image\" content=\"https:\/\/fittwear.nl\/wp-content\/uploads\/2023\/02\/structure-powder-pink_Voorkant-boven_jpg_1.jpg\" \/>\n\t<meta property=\"og:image:width\" content=\"1200\" \/>\n\t<meta property=\"og:image:height\" content=\"1800\" \/>\n\t<meta property=\"og:image:type\" content=\"image\/jpeg\" \/>\n<meta name=\"twitter:card\" content=\"summary_large_image\" \/>\n<meta name=\"twitter:label1\" content=\"Gesch\u00e4tzte Lesezeit\" \/>\n\t<meta name=\"twitter:data1\" content=\"1\u00a0Minute\" \/>\n<script type=\"application\/ld+json\" class=\"yoast-schema-graph\">{\"@context\":\"https:\/\/schema.org\",\"@graph\":[{\"@type\":\"WebPage\",\"@id\":\"https:\/\/fittwear.nl\/product\/structure-bh-powder-pink\/\",\"url\":\"https:\/\/fittwear.nl\/product\/structure-bh-powder-pink\/\",\"name\":\"Structure BH Powder Pink - FITTwear.nl\",\"isPartOf\":{\"@id\":\"https:\/\/fittwear.nl\/#website\"},\"primaryImageOfPage\":{\"@id\":\"https:\/\/fittwear.nl\/product\/structure-bh-powder-pink\/#primaryimage\"},\"image\":{\"@id\":\"https:\/\/fittwear.nl\/product\/structure-bh-powder-pink\/#primaryimage\"},\"thumbnailUrl\":\"https:\/\/fittwear.nl\/wp-content\/uploads\/2023\/02\/structure-powder-pink_Voorkant-boven_jpg_1.jpg\",\"datePublished\":\"2023-03-03T07:33:04+00:00\",\"dateModified\":\"2026-04-06T09:49:55+00:00\",\"description\":\"Een trendy en subtiel structuur design in de stof geeft deze lijn extra body. De BH is voorzien van uitneembare pads en een fijne elastische band. Volg de structure trend, time to shine!\u2728\",\"breadcrumb\":{\"@id\":\"https:\/\/fittwear.nl\/product\/structure-bh-powder-pink\/#breadcrumb\"},\"inLanguage\":\"de\",\"potentialAction\":[{\"@type\":\"ReadAction\",\"target\":[\"https:\/\/fittwear.nl\/product\/structure-bh-powder-pink\/\"]}]},{\"@type\":\"ImageObject\",\"inLanguage\":\"de\",\"@id\":\"https:\/\/fittwear.nl\/product\/structure-bh-powder-pink\/#primaryimage\",\"url\":\"https:\/\/fittwear.nl\/wp-content\/uploads\/2023\/02\/structure-powder-pink_Voorkant-boven_jpg_1.jpg\",\"contentUrl\":\"https:\/\/fittwear.nl\/wp-content\/uploads\/2023\/02\/structure-powder-pink_Voorkant-boven_jpg_1.jpg\",\"width\":1200,\"height\":1800},{\"@type\":\"BreadcrumbList\",\"@id\":\"https:\/\/fittwear.nl\/product\/structure-bh-powder-pink\/#breadcrumb\",\"itemListElement\":[{\"@type\":\"ListItem\",\"position\":1,\"name\":\"Home\",\"item\":\"https:\/\/fittwear.nl\/\"},{\"@type\":\"ListItem\",\"position\":2,\"name\":\"Shop\",\"item\":\"https:\/\/fittwear.nl\/shop\/\"},{\"@type\":\"ListItem\",\"position\":3,\"name\":\"Structure BH Powder Pink\"}]},{\"@type\":\"WebSite\",\"@id\":\"https:\/\/fittwear.nl\/#website\",\"url\":\"https:\/\/fittwear.nl\/\",\"name\":\"FITTwear.nl\",\"description\":\"Time to shine!\",\"publisher\":{\"@id\":\"https:\/\/fittwear.nl\/#organization\"},\"potentialAction\":[{\"@type\":\"SearchAction\",\"target\":{\"@type\":\"EntryPoint\",\"urlTemplate\":\"https:\/\/fittwear.nl\/?s={search_term_string}\"},\"query-input\":{\"@type\":\"PropertyValueSpecification\",\"valueRequired\":true,\"valueName\":\"search_term_string\"}}],\"inLanguage\":\"de\"},{\"@type\":\"Organization\",\"@id\":\"https:\/\/fittwear.nl\/#organization\",\"name\":\"FITTwear.nl\",\"url\":\"https:\/\/fittwear.nl\/\",\"logo\":{\"@type\":\"ImageObject\",\"inLanguage\":\"de\",\"@id\":\"https:\/\/fittwear.nl\/#\/schema\/logo\/image\/\",\"url\":\"https:\/\/fittwear.nl\/wp-content\/uploads\/2024\/07\/FITT-Logo-BeYOUtiful-website-homepage_Tekengebied-1-scaled.jpg\",\"contentUrl\":\"https:\/\/fittwear.nl\/wp-content\/uploads\/2024\/07\/FITT-Logo-BeYOUtiful-website-homepage_Tekengebied-1-scaled.jpg\",\"width\":2560,\"height\":599,\"caption\":\"FITTwear.nl\"},\"image\":{\"@id\":\"https:\/\/fittwear.nl\/#\/schema\/logo\/image\/\"}}]}<\/script>\n<!-- \/ Yoast SEO plugin. -->","yoast_head_json":{"title":"Struktur-BH Powder Pink - FITTwear.de","description":"Ein trendiges und dezentes Strukturmuster im Stoff verleiht dieser Linie zus\u00e4tzliche F\u00fclle. Der BH verf\u00fcgt \u00fcber herausnehmbare Pads und ein feines elastisches Band. Folgen Sie dem Struktur-Trend, Zeit zu gl\u00e4nzen!\u2728","robots":{"index":"index","follow":"follow","max-snippet":"max-snippet:-1","max-image-preview":"max-image-preview:large","max-video-preview":"max-video-preview:-1"},"canonical":"https:\/\/fittwear.nl\/de\/produkt-2\/struktur-bh-pulver-rosa\/","og_locale":"de_DE","og_type":"article","og_title":"Structure BH Powder Pink - FITTwear.nl","og_description":"Een trendy en subtiel structuur design in de stof geeft deze lijn extra body. De BH is voorzien van uitneembare pads en een fijne elastische band. Volg de structure trend, time to shine!\u2728","og_url":"https:\/\/fittwear.nl\/de\/produkt-2\/struktur-bh-pulver-rosa\/","og_site_name":"FITTwear.nl","article_modified_time":"2026-04-06T09:49:55+00:00","og_image":[{"width":1200,"height":1800,"url":"https:\/\/fittwear.nl\/wp-content\/uploads\/2023\/02\/structure-powder-pink_Voorkant-boven_jpg_1.jpg","type":"image\/jpeg"}],"twitter_card":"summary_large_image","twitter_misc":{"Gesch\u00e4tzte Lesezeit":"1\u00a0Minute"},"schema":{"@context":"https:\/\/schema.org","@graph":[{"@type":"WebPage","@id":"https:\/\/fittwear.nl\/product\/structure-bh-powder-pink\/","url":"https:\/\/fittwear.nl\/product\/structure-bh-powder-pink\/","name":"Struktur-BH Powder Pink - FITTwear.de","isPartOf":{"@id":"https:\/\/fittwear.nl\/#website"},"primaryImageOfPage":{"@id":"https:\/\/fittwear.nl\/product\/structure-bh-powder-pink\/#primaryimage"},"image":{"@id":"https:\/\/fittwear.nl\/product\/structure-bh-powder-pink\/#primaryimage"},"thumbnailUrl":"https:\/\/fittwear.nl\/wp-content\/uploads\/2023\/02\/structure-powder-pink_Voorkant-boven_jpg_1.jpg","datePublished":"2023-03-03T07:33:04+00:00","dateModified":"2026-04-06T09:49:55+00:00","description":"Ein trendiges und dezentes Strukturmuster im Stoff verleiht dieser Linie zus\u00e4tzliche F\u00fclle. Der BH verf\u00fcgt \u00fcber herausnehmbare Pads und ein feines elastisches Band. Folgen Sie dem Struktur-Trend, Zeit zu gl\u00e4nzen!\u2728","breadcrumb":{"@id":"https:\/\/fittwear.nl\/product\/structure-bh-powder-pink\/#breadcrumb"},"inLanguage":"de","potentialAction":[{"@type":"ReadAction","target":["https:\/\/fittwear.nl\/product\/structure-bh-powder-pink\/"]}]},{"@type":"ImageObject","inLanguage":"de","@id":"https:\/\/fittwear.nl\/product\/structure-bh-powder-pink\/#primaryimage","url":"https:\/\/fittwear.nl\/wp-content\/uploads\/2023\/02\/structure-powder-pink_Voorkant-boven_jpg_1.jpg","contentUrl":"https:\/\/fittwear.nl\/wp-content\/uploads\/2023\/02\/structure-powder-pink_Voorkant-boven_jpg_1.jpg","width":1200,"height":1800},{"@type":"BreadcrumbList","@id":"https:\/\/fittwear.nl\/product\/structure-bh-powder-pink\/#breadcrumb","itemListElement":[{"@type":"ListItem","position":1,"name":"Home","item":"https:\/\/fittwear.nl\/"},{"@type":"ListItem","position":2,"name":"Shop","item":"https:\/\/fittwear.nl\/shop\/"},{"@type":"ListItem","position":3,"name":"Structure BH Powder Pink"}]},{"@type":"WebSite","@id":"https:\/\/fittwear.nl\/#website","url":"https:\/\/fittwear.nl\/","name":"FITTwear.co.uk","description":"Zeit zu gl\u00e4nzen!","publisher":{"@id":"https:\/\/fittwear.nl\/#organization"},"potentialAction":[{"@type":"SearchAction","target":{"@type":"EntryPoint","urlTemplate":"https:\/\/fittwear.nl\/?s={search_term_string}"},"query-input":{"@type":"PropertyValueSpecification","valueRequired":true,"valueName":"search_term_string"}}],"inLanguage":"de"},{"@type":"Organization","@id":"https:\/\/fittwear.nl\/#organization","name":"FITTwear.co.uk","url":"https:\/\/fittwear.nl\/","logo":{"@type":"ImageObject","inLanguage":"de","@id":"https:\/\/fittwear.nl\/#\/schema\/logo\/image\/","url":"https:\/\/fittwear.nl\/wp-content\/uploads\/2024\/07\/FITT-Logo-BeYOUtiful-website-homepage_Tekengebied-1-scaled.jpg","contentUrl":"https:\/\/fittwear.nl\/wp-content\/uploads\/2024\/07\/FITT-Logo-BeYOUtiful-website-homepage_Tekengebied-1-scaled.jpg","width":2560,"height":599,"caption":"FITTwear.nl"},"image":{"@id":"https:\/\/fittwear.nl\/#\/schema\/logo\/image\/"}}]}},"_links":{"self":[{"href":"https:\/\/fittwear.nl\/de\/wp-json\/wp\/v2\/product\/54184","targetHints":{"allow":["GET"]}}],"collection":[{"href":"https:\/\/fittwear.nl\/de\/wp-json\/wp\/v2\/product"}],"about":[{"href":"https:\/\/fittwear.nl\/de\/wp-json\/wp\/v2\/types\/product"}],"wp:featuredmedia":[{"embeddable":true,"href":"https:\/\/fittwear.nl\/de\/wp-json\/wp\/v2\/media\/55731"}],"wp:attachment":[{"href":"https:\/\/fittwear.nl\/de\/wp-json\/wp\/v2\/media?parent=54184"}],"wp:term":[{"taxonomy":"product_brand","embeddable":true,"href":"https:\/\/fittwear.nl\/de\/wp-json\/wp\/v2\/product_brand?post=54184"},{"taxonomy":"product_cat","embeddable":true,"href":"https:\/\/fittwear.nl\/de\/wp-json\/wp\/v2\/product_cat?post=54184"},{"taxonomy":"product_tag","embeddable":true,"href":"https:\/\/fittwear.nl\/de\/wp-json\/wp\/v2\/product_tag?post=54184"}],"curies":[{"name":"wp","href":"https:\/\/api.w.org\/{rel}","templated":true}]}}