{"id":54960,"date":"2023-02-22T08:47:50","date_gmt":"2023-02-22T07:47:50","guid":{"rendered":"https:\/\/fittwear.nl\/?post_type=product&#038;p=54960"},"modified":"2026-05-08T06:00:25","modified_gmt":"2026-05-08T04:00:25","slug":"rippchen-knusper-beinchen-grun","status":"publish","type":"product","link":"https:\/\/fittwear.nl\/de\/product\/rib-scrunch-legging-groen\/","title":{"rendered":"Rippenstrick-Leggings Gr\u00fcn"},"content":{"rendered":"<p>Knitter-Leggings mit hoher Taille<\/p>\n\n\n\n<p>-Rippenstoff<\/p>\n\n\n\n<p>-Sweetproof<\/p>\n\n\n\n<p>-Sitzsicher<\/p>\n\n\n\n<p>-Elastischer Stoff<\/p>\n\n\n\n<p>-Farbe: Gr\u00fcn<\/p>\n\n\n\n<p>-90% Nylon 10% Elasthan<\/p>\n\n\n\n<p>-Model Doete ist 1,76 und tr\u00e4gt Gr\u00f6\u00dfe S<\/p>","protected":false},"excerpt":{"rendered":"<p>Der Rippenstoff hat eine sehr gute und starke Qualit\u00e4t. Das macht den Stoff extrem geeignet f\u00fcr jedes Training. Der Stoff hat einen feinen, warmen Look und f\u00fchlt sich zudem wunderbar weich an. Der hohe Bund und das Knitterdetail am Ges\u00e4\u00df sorgen f\u00fcr einen sch\u00f6nen Look. Umarmen Sie Ihre curves\u2764\ufe0f<\/p>","protected":false},"featured_media":55437,"template":"","meta":{"_acf_changed":false},"product_brand":[],"product_cat":[63,28,54,3611,4799],"product_tag":[],"class_list":{"0":"post-54960","1":"product","2":"type-product","3":"status-publish","4":"has-post-thumbnail","6":"product_cat-curves","7":"product_cat-leggings","8":"product_cat-new","9":"product_cat-scrunch","10":"product_cat-structures","12":"first","13":"outofstock","14":"taxable","15":"shipping-taxable","16":"product-type-variable","17":"has-default-attributes"},"acf":[],"yoast_head":"<!-- This site is optimized with the Yoast SEO plugin v27.1.1 - https:\/\/yoast.com\/product\/yoast-seo-wordpress\/ -->\n<title>Rib Scrunch Legging Green - FITTwear.nl<\/title>\n<meta name=\"description\" content=\"Ribstof heeft een zeer goede en sterke kwaliteit. Dat maakt de stof uitermate geschikt voor elke training. De stof heeft een fijne, warme uitstraling en voelt daarnaast ook heerlijk zacht aan. De hoge tailleband en het scrunch detail bij de billen geven een mooie uitstraling. Omarm jouw curves\u2764\ufe0f\" \/>\n<meta name=\"robots\" content=\"index, follow, max-snippet:-1, max-image-preview:large, max-video-preview:-1\" \/>\n<link rel=\"canonical\" href=\"https:\/\/fittwear.nl\/de\/produkt-2\/rippchen-knusper-beinchen-grun\/\" \/>\n<meta property=\"og:locale\" content=\"de_DE\" \/>\n<meta property=\"og:type\" content=\"article\" \/>\n<meta property=\"og:title\" content=\"Rib Scrunch Legging Green - FITTwear.nl\" \/>\n<meta property=\"og:description\" content=\"Ribstof heeft een zeer goede en sterke kwaliteit. Dat maakt de stof uitermate geschikt voor elke training. De stof heeft een fijne, warme uitstraling en voelt daarnaast ook heerlijk zacht aan. De hoge tailleband en het scrunch detail bij de billen geven een mooie uitstraling. Omarm jouw curves\u2764\ufe0f\" \/>\n<meta property=\"og:url\" content=\"https:\/\/fittwear.nl\/de\/produkt-2\/rippchen-knusper-beinchen-grun\/\" \/>\n<meta property=\"og:site_name\" content=\"FITTwear.nl\" \/>\n<meta property=\"article:modified_time\" content=\"2026-05-08T04:00:25+00:00\" \/>\n<meta property=\"og:image\" content=\"https:\/\/fittwear.nl\/wp-content\/uploads\/2023\/02\/rib-scrunch-groen_Voorkant-onder_jpg_3.jpg\" \/>\n\t<meta property=\"og:image:width\" content=\"1200\" \/>\n\t<meta property=\"og:image:height\" content=\"1800\" \/>\n\t<meta property=\"og:image:type\" content=\"image\/jpeg\" \/>\n<meta name=\"twitter:card\" content=\"summary_large_image\" \/>\n<meta name=\"twitter:label1\" content=\"Gesch\u00e4tzte Lesezeit\" \/>\n\t<meta name=\"twitter:data1\" content=\"1\u00a0Minute\" \/>\n<script type=\"application\/ld+json\" class=\"yoast-schema-graph\">{\"@context\":\"https:\/\/schema.org\",\"@graph\":[{\"@type\":\"WebPage\",\"@id\":\"https:\/\/fittwear.nl\/product\/rib-scrunch-legging-groen\/\",\"url\":\"https:\/\/fittwear.nl\/product\/rib-scrunch-legging-groen\/\",\"name\":\"Rib Scrunch Legging Green - FITTwear.nl\",\"isPartOf\":{\"@id\":\"https:\/\/fittwear.nl\/#website\"},\"primaryImageOfPage\":{\"@id\":\"https:\/\/fittwear.nl\/product\/rib-scrunch-legging-groen\/#primaryimage\"},\"image\":{\"@id\":\"https:\/\/fittwear.nl\/product\/rib-scrunch-legging-groen\/#primaryimage\"},\"thumbnailUrl\":\"https:\/\/fittwear.nl\/wp-content\/uploads\/2023\/02\/rib-scrunch-groen_Voorkant-onder_jpg_3.jpg\",\"datePublished\":\"2023-02-22T07:47:50+00:00\",\"dateModified\":\"2026-05-08T04:00:25+00:00\",\"description\":\"Ribstof heeft een zeer goede en sterke kwaliteit. Dat maakt de stof uitermate geschikt voor elke training. De stof heeft een fijne, warme uitstraling en voelt daarnaast ook heerlijk zacht aan. De hoge tailleband en het scrunch detail bij de billen geven een mooie uitstraling. Omarm jouw curves\u2764\ufe0f\",\"breadcrumb\":{\"@id\":\"https:\/\/fittwear.nl\/product\/rib-scrunch-legging-groen\/#breadcrumb\"},\"inLanguage\":\"de\",\"potentialAction\":[{\"@type\":\"ReadAction\",\"target\":[\"https:\/\/fittwear.nl\/product\/rib-scrunch-legging-groen\/\"]}]},{\"@type\":\"ImageObject\",\"inLanguage\":\"de\",\"@id\":\"https:\/\/fittwear.nl\/product\/rib-scrunch-legging-groen\/#primaryimage\",\"url\":\"https:\/\/fittwear.nl\/wp-content\/uploads\/2023\/02\/rib-scrunch-groen_Voorkant-onder_jpg_3.jpg\",\"contentUrl\":\"https:\/\/fittwear.nl\/wp-content\/uploads\/2023\/02\/rib-scrunch-groen_Voorkant-onder_jpg_3.jpg\",\"width\":1200,\"height\":1800},{\"@type\":\"BreadcrumbList\",\"@id\":\"https:\/\/fittwear.nl\/product\/rib-scrunch-legging-groen\/#breadcrumb\",\"itemListElement\":[{\"@type\":\"ListItem\",\"position\":1,\"name\":\"Home\",\"item\":\"https:\/\/fittwear.nl\/\"},{\"@type\":\"ListItem\",\"position\":2,\"name\":\"Shop\",\"item\":\"https:\/\/fittwear.nl\/shop\/\"},{\"@type\":\"ListItem\",\"position\":3,\"name\":\"Rib Scrunch Legging Green\"}]},{\"@type\":\"WebSite\",\"@id\":\"https:\/\/fittwear.nl\/#website\",\"url\":\"https:\/\/fittwear.nl\/\",\"name\":\"FITTwear.nl\",\"description\":\"Time to shine!\",\"publisher\":{\"@id\":\"https:\/\/fittwear.nl\/#organization\"},\"potentialAction\":[{\"@type\":\"SearchAction\",\"target\":{\"@type\":\"EntryPoint\",\"urlTemplate\":\"https:\/\/fittwear.nl\/?s={search_term_string}\"},\"query-input\":{\"@type\":\"PropertyValueSpecification\",\"valueRequired\":true,\"valueName\":\"search_term_string\"}}],\"inLanguage\":\"de\"},{\"@type\":\"Organization\",\"@id\":\"https:\/\/fittwear.nl\/#organization\",\"name\":\"FITTwear.nl\",\"url\":\"https:\/\/fittwear.nl\/\",\"logo\":{\"@type\":\"ImageObject\",\"inLanguage\":\"de\",\"@id\":\"https:\/\/fittwear.nl\/#\/schema\/logo\/image\/\",\"url\":\"https:\/\/fittwear.nl\/wp-content\/uploads\/2024\/07\/FITT-Logo-BeYOUtiful-website-homepage_Tekengebied-1-scaled.jpg\",\"contentUrl\":\"https:\/\/fittwear.nl\/wp-content\/uploads\/2024\/07\/FITT-Logo-BeYOUtiful-website-homepage_Tekengebied-1-scaled.jpg\",\"width\":2560,\"height\":599,\"caption\":\"FITTwear.nl\"},\"image\":{\"@id\":\"https:\/\/fittwear.nl\/#\/schema\/logo\/image\/\"}}]}<\/script>\n<!-- \/ Yoast SEO plugin. -->","yoast_head_json":{"title":"Rib Scrunch Legging Gr\u00fcn - FITTwear.de","description":"Der Rippenstoff hat eine sehr gute und starke Qualit\u00e4t. Das macht den Stoff extrem geeignet f\u00fcr jedes Training. Der Stoff hat einen feinen, warmen Look und f\u00fchlt sich zudem wunderbar weich an. Der hohe Bund und das Knitterdetail am Ges\u00e4\u00df sorgen f\u00fcr einen sch\u00f6nen Look. Umarmen Sie Ihre curves\u2764\ufe0f","robots":{"index":"index","follow":"follow","max-snippet":"max-snippet:-1","max-image-preview":"max-image-preview:large","max-video-preview":"max-video-preview:-1"},"canonical":"https:\/\/fittwear.nl\/de\/produkt-2\/rippchen-knusper-beinchen-grun\/","og_locale":"de_DE","og_type":"article","og_title":"Rib Scrunch Legging Green - FITTwear.nl","og_description":"Ribstof heeft een zeer goede en sterke kwaliteit. Dat maakt de stof uitermate geschikt voor elke training. De stof heeft een fijne, warme uitstraling en voelt daarnaast ook heerlijk zacht aan. De hoge tailleband en het scrunch detail bij de billen geven een mooie uitstraling. Omarm jouw curves\u2764\ufe0f","og_url":"https:\/\/fittwear.nl\/de\/produkt-2\/rippchen-knusper-beinchen-grun\/","og_site_name":"FITTwear.nl","article_modified_time":"2026-05-08T04:00:25+00:00","og_image":[{"width":1200,"height":1800,"url":"https:\/\/fittwear.nl\/wp-content\/uploads\/2023\/02\/rib-scrunch-groen_Voorkant-onder_jpg_3.jpg","type":"image\/jpeg"}],"twitter_card":"summary_large_image","twitter_misc":{"Gesch\u00e4tzte Lesezeit":"1\u00a0Minute"},"schema":{"@context":"https:\/\/schema.org","@graph":[{"@type":"WebPage","@id":"https:\/\/fittwear.nl\/product\/rib-scrunch-legging-groen\/","url":"https:\/\/fittwear.nl\/product\/rib-scrunch-legging-groen\/","name":"Rib Scrunch Legging Gr\u00fcn - FITTwear.de","isPartOf":{"@id":"https:\/\/fittwear.nl\/#website"},"primaryImageOfPage":{"@id":"https:\/\/fittwear.nl\/product\/rib-scrunch-legging-groen\/#primaryimage"},"image":{"@id":"https:\/\/fittwear.nl\/product\/rib-scrunch-legging-groen\/#primaryimage"},"thumbnailUrl":"https:\/\/fittwear.nl\/wp-content\/uploads\/2023\/02\/rib-scrunch-groen_Voorkant-onder_jpg_3.jpg","datePublished":"2023-02-22T07:47:50+00:00","dateModified":"2026-05-08T04:00:25+00:00","description":"Der Rippenstoff hat eine sehr gute und starke Qualit\u00e4t. Das macht den Stoff extrem geeignet f\u00fcr jedes Training. Der Stoff hat einen feinen, warmen Look und f\u00fchlt sich zudem wunderbar weich an. Der hohe Bund und das Knitterdetail am Ges\u00e4\u00df sorgen f\u00fcr einen sch\u00f6nen Look. Umarmen Sie Ihre curves\u2764\ufe0f","breadcrumb":{"@id":"https:\/\/fittwear.nl\/product\/rib-scrunch-legging-groen\/#breadcrumb"},"inLanguage":"de","potentialAction":[{"@type":"ReadAction","target":["https:\/\/fittwear.nl\/product\/rib-scrunch-legging-groen\/"]}]},{"@type":"ImageObject","inLanguage":"de","@id":"https:\/\/fittwear.nl\/product\/rib-scrunch-legging-groen\/#primaryimage","url":"https:\/\/fittwear.nl\/wp-content\/uploads\/2023\/02\/rib-scrunch-groen_Voorkant-onder_jpg_3.jpg","contentUrl":"https:\/\/fittwear.nl\/wp-content\/uploads\/2023\/02\/rib-scrunch-groen_Voorkant-onder_jpg_3.jpg","width":1200,"height":1800},{"@type":"BreadcrumbList","@id":"https:\/\/fittwear.nl\/product\/rib-scrunch-legging-groen\/#breadcrumb","itemListElement":[{"@type":"ListItem","position":1,"name":"Home","item":"https:\/\/fittwear.nl\/"},{"@type":"ListItem","position":2,"name":"Shop","item":"https:\/\/fittwear.nl\/shop\/"},{"@type":"ListItem","position":3,"name":"Rib Scrunch Legging Green"}]},{"@type":"WebSite","@id":"https:\/\/fittwear.nl\/#website","url":"https:\/\/fittwear.nl\/","name":"FITTwear.co.uk","description":"Zeit zu gl\u00e4nzen!","publisher":{"@id":"https:\/\/fittwear.nl\/#organization"},"potentialAction":[{"@type":"SearchAction","target":{"@type":"EntryPoint","urlTemplate":"https:\/\/fittwear.nl\/?s={search_term_string}"},"query-input":{"@type":"PropertyValueSpecification","valueRequired":true,"valueName":"search_term_string"}}],"inLanguage":"de"},{"@type":"Organization","@id":"https:\/\/fittwear.nl\/#organization","name":"FITTwear.co.uk","url":"https:\/\/fittwear.nl\/","logo":{"@type":"ImageObject","inLanguage":"de","@id":"https:\/\/fittwear.nl\/#\/schema\/logo\/image\/","url":"https:\/\/fittwear.nl\/wp-content\/uploads\/2024\/07\/FITT-Logo-BeYOUtiful-website-homepage_Tekengebied-1-scaled.jpg","contentUrl":"https:\/\/fittwear.nl\/wp-content\/uploads\/2024\/07\/FITT-Logo-BeYOUtiful-website-homepage_Tekengebied-1-scaled.jpg","width":2560,"height":599,"caption":"FITTwear.nl"},"image":{"@id":"https:\/\/fittwear.nl\/#\/schema\/logo\/image\/"}}]}},"_links":{"self":[{"href":"https:\/\/fittwear.nl\/de\/wp-json\/wp\/v2\/product\/54960","targetHints":{"allow":["GET"]}}],"collection":[{"href":"https:\/\/fittwear.nl\/de\/wp-json\/wp\/v2\/product"}],"about":[{"href":"https:\/\/fittwear.nl\/de\/wp-json\/wp\/v2\/types\/product"}],"wp:featuredmedia":[{"embeddable":true,"href":"https:\/\/fittwear.nl\/de\/wp-json\/wp\/v2\/media\/55437"}],"wp:attachment":[{"href":"https:\/\/fittwear.nl\/de\/wp-json\/wp\/v2\/media?parent=54960"}],"wp:term":[{"taxonomy":"product_brand","embeddable":true,"href":"https:\/\/fittwear.nl\/de\/wp-json\/wp\/v2\/product_brand?post=54960"},{"taxonomy":"product_cat","embeddable":true,"href":"https:\/\/fittwear.nl\/de\/wp-json\/wp\/v2\/product_cat?post=54960"},{"taxonomy":"product_tag","embeddable":true,"href":"https:\/\/fittwear.nl\/de\/wp-json\/wp\/v2\/product_tag?post=54960"}],"curies":[{"name":"wp","href":"https:\/\/api.w.org\/{rel}","templated":true}]}}