{"id":55675,"date":"2023-02-27T12:51:01","date_gmt":"2023-02-27T11:51:01","guid":{"rendered":"https:\/\/fittwear.nl\/?post_type=product&#038;p=55675"},"modified":"2026-04-26T13:53:50","modified_gmt":"2026-04-26T11:53:50","slug":"konturnahtlos-legging-2-0-schwarz","status":"publish","type":"product","link":"https:\/\/fittwear.nl\/de\/product\/contour-seamless-legging-2-0-zwart\/","title":{"rendered":"Contour Seamless Legging 2.0 Schwarz"},"content":{"rendered":"<p>- Nahtlose Leggings<\/p>\n\n\n\n<p>- Nahtlos gerippter fester Bund<\/p>\n\n\n\n<p>- Hohe Taille<\/p>\n\n\n\n<p>- Konturverbessernd<\/p>\n\n\n\n<p>- Konturierung des unteren Ges\u00e4\u00dfes<\/p>\n\n\n\n<p>- Mit dezentem Logo<\/p>\n\n\n\n<p>- 90% Nylon, 10% Elasthan<\/p>\n\n\n\n<p>- 280 g\/m\u00b2<\/p>\n\n\n\n<p>- Waschbar bis zu 30\u00b0<\/p>\n\n\n\n<p>- Farbe: schwarz<\/p>\n\n\n\n<p>- Model Doete ist 1,76 und tr\u00e4gt Gr\u00f6\u00dfe S<\/p>","protected":false},"excerpt":{"rendered":"<p>Gr\u00f6\u00dfe: Wir empfehlen, eine Nummer gr\u00f6\u00dfer zu bestellen. Diese nahtlose Leggings mit festem, hohem Bund hat konturverbessernde Eigenschaften. Der dehnbare Stoff und der robuste gerippte hohe Bund bieten Unterst\u00fctzung und Bewegungsfreiheit w\u00e4hrend des Trainings. Zeigen Sie, wof\u00fcr Sie arbeiten! F\u00fcr ein perfektes Squat-Proof-Erlebnis empfehlen wir einen unsichtbaren Tanga.<\/p>","protected":false},"featured_media":55687,"template":"","meta":{"_acf_changed":false},"product_brand":[],"product_cat":[63,86,28,3611,85],"product_tag":[],"class_list":{"0":"post-55675","1":"product","2":"type-product","3":"status-publish","4":"has-post-thumbnail","6":"product_cat-curves","7":"product_cat-effen","8":"product_cat-leggings","9":"product_cat-scrunch","10":"product_cat-seamless","12":"first","13":"instock","14":"taxable","15":"shipping-taxable","16":"purchasable","17":"product-type-variable","18":"has-default-attributes"},"acf":[],"yoast_head":"<!-- This site is optimized with the Yoast SEO plugin v27.1.1 - https:\/\/yoast.com\/product\/yoast-seo-wordpress\/ -->\n<title>Contour Seamless Legging 2.0 Zwart - FITTwear.nl<\/title>\n<meta name=\"description\" content=\"Maatvoering: Wij raden aan om een maat groter te bestellen. Deze seamless high waist legging met stevige hoge tailleband heeft een contour verbeterend vermogen. De stretchy stof en de stevige geribde high waist band bieden ondersteuning en bewegingsvrijheid tijdens jouw training. Show what you work for! Voor een perfecte squat proof ervaring raden wij een invisible string aan.\" \/>\n<meta name=\"robots\" content=\"index, follow, max-snippet:-1, max-image-preview:large, max-video-preview:-1\" \/>\n<link rel=\"canonical\" href=\"https:\/\/fittwear.nl\/de\/produkt-2\/konturnahtlos-legging-2-0-schwarz\/\" \/>\n<meta property=\"og:locale\" content=\"de_DE\" \/>\n<meta property=\"og:type\" content=\"article\" \/>\n<meta property=\"og:title\" content=\"Contour Seamless Legging 2.0 Zwart - FITTwear.nl\" \/>\n<meta property=\"og:description\" content=\"Maatvoering: Wij raden aan om een maat groter te bestellen. Deze seamless high waist legging met stevige hoge tailleband heeft een contour verbeterend vermogen. De stretchy stof en de stevige geribde high waist band bieden ondersteuning en bewegingsvrijheid tijdens jouw training. Show what you work for! Voor een perfecte squat proof ervaring raden wij een invisible string aan.\" \/>\n<meta property=\"og:url\" content=\"https:\/\/fittwear.nl\/de\/produkt-2\/konturnahtlos-legging-2-0-schwarz\/\" \/>\n<meta property=\"og:site_name\" content=\"FITTwear.nl\" \/>\n<meta property=\"article:modified_time\" content=\"2026-04-26T11:53:50+00:00\" \/>\n<meta property=\"og:image\" content=\"https:\/\/fittwear.nl\/wp-content\/uploads\/2023\/02\/contour-zwart_Voorkant-onder_jpg_1.jpg\" \/>\n\t<meta property=\"og:image:width\" content=\"1200\" \/>\n\t<meta property=\"og:image:height\" content=\"1800\" \/>\n\t<meta property=\"og:image:type\" content=\"image\/jpeg\" \/>\n<meta name=\"twitter:card\" content=\"summary_large_image\" \/>\n<meta name=\"twitter:label1\" content=\"Gesch\u00e4tzte Lesezeit\" \/>\n\t<meta name=\"twitter:data1\" content=\"1\u00a0Minute\" \/>\n<script type=\"application\/ld+json\" class=\"yoast-schema-graph\">{\"@context\":\"https:\/\/schema.org\",\"@graph\":[{\"@type\":\"WebPage\",\"@id\":\"https:\/\/fittwear.nl\/product\/contour-seamless-legging-2-0-zwart\/\",\"url\":\"https:\/\/fittwear.nl\/product\/contour-seamless-legging-2-0-zwart\/\",\"name\":\"Contour Seamless Legging 2.0 Zwart - FITTwear.nl\",\"isPartOf\":{\"@id\":\"https:\/\/fittwear.nl\/#website\"},\"primaryImageOfPage\":{\"@id\":\"https:\/\/fittwear.nl\/product\/contour-seamless-legging-2-0-zwart\/#primaryimage\"},\"image\":{\"@id\":\"https:\/\/fittwear.nl\/product\/contour-seamless-legging-2-0-zwart\/#primaryimage\"},\"thumbnailUrl\":\"https:\/\/fittwear.nl\/wp-content\/uploads\/2023\/02\/contour-zwart_Voorkant-onder_jpg_1.jpg\",\"datePublished\":\"2023-02-27T11:51:01+00:00\",\"dateModified\":\"2026-04-26T11:53:50+00:00\",\"description\":\"Maatvoering: Wij raden aan om een maat groter te bestellen. Deze seamless high waist legging met stevige hoge tailleband heeft een contour verbeterend vermogen. De stretchy stof en de stevige geribde high waist band bieden ondersteuning en bewegingsvrijheid tijdens jouw training. Show what you work for! Voor een perfecte squat proof ervaring raden wij een invisible string aan.\",\"breadcrumb\":{\"@id\":\"https:\/\/fittwear.nl\/product\/contour-seamless-legging-2-0-zwart\/#breadcrumb\"},\"inLanguage\":\"de\",\"potentialAction\":[{\"@type\":\"ReadAction\",\"target\":[\"https:\/\/fittwear.nl\/product\/contour-seamless-legging-2-0-zwart\/\"]}]},{\"@type\":\"ImageObject\",\"inLanguage\":\"de\",\"@id\":\"https:\/\/fittwear.nl\/product\/contour-seamless-legging-2-0-zwart\/#primaryimage\",\"url\":\"https:\/\/fittwear.nl\/wp-content\/uploads\/2023\/02\/contour-zwart_Voorkant-onder_jpg_1.jpg\",\"contentUrl\":\"https:\/\/fittwear.nl\/wp-content\/uploads\/2023\/02\/contour-zwart_Voorkant-onder_jpg_1.jpg\",\"width\":1200,\"height\":1800},{\"@type\":\"BreadcrumbList\",\"@id\":\"https:\/\/fittwear.nl\/product\/contour-seamless-legging-2-0-zwart\/#breadcrumb\",\"itemListElement\":[{\"@type\":\"ListItem\",\"position\":1,\"name\":\"Home\",\"item\":\"https:\/\/fittwear.nl\/\"},{\"@type\":\"ListItem\",\"position\":2,\"name\":\"Shop\",\"item\":\"https:\/\/fittwear.nl\/shop\/\"},{\"@type\":\"ListItem\",\"position\":3,\"name\":\"Contour Seamless Legging 2.0 Zwart\"}]},{\"@type\":\"WebSite\",\"@id\":\"https:\/\/fittwear.nl\/#website\",\"url\":\"https:\/\/fittwear.nl\/\",\"name\":\"FITTwear.nl\",\"description\":\"Time to shine!\",\"publisher\":{\"@id\":\"https:\/\/fittwear.nl\/#organization\"},\"potentialAction\":[{\"@type\":\"SearchAction\",\"target\":{\"@type\":\"EntryPoint\",\"urlTemplate\":\"https:\/\/fittwear.nl\/?s={search_term_string}\"},\"query-input\":{\"@type\":\"PropertyValueSpecification\",\"valueRequired\":true,\"valueName\":\"search_term_string\"}}],\"inLanguage\":\"de\"},{\"@type\":\"Organization\",\"@id\":\"https:\/\/fittwear.nl\/#organization\",\"name\":\"FITTwear.nl\",\"url\":\"https:\/\/fittwear.nl\/\",\"logo\":{\"@type\":\"ImageObject\",\"inLanguage\":\"de\",\"@id\":\"https:\/\/fittwear.nl\/#\/schema\/logo\/image\/\",\"url\":\"https:\/\/fittwear.nl\/wp-content\/uploads\/2024\/07\/FITT-Logo-BeYOUtiful-website-homepage_Tekengebied-1-scaled.jpg\",\"contentUrl\":\"https:\/\/fittwear.nl\/wp-content\/uploads\/2024\/07\/FITT-Logo-BeYOUtiful-website-homepage_Tekengebied-1-scaled.jpg\",\"width\":2560,\"height\":599,\"caption\":\"FITTwear.nl\"},\"image\":{\"@id\":\"https:\/\/fittwear.nl\/#\/schema\/logo\/image\/\"}}]}<\/script>\n<!-- \/ Yoast SEO plugin. -->","yoast_head_json":{"title":"Contour Seamless Legging 2.0 Schwarz - FITTwear.de","description":"Gr\u00f6\u00dfe: Wir empfehlen, eine Nummer gr\u00f6\u00dfer zu bestellen. Diese nahtlose Leggings mit festem, hohem Bund hat konturverbessernde Eigenschaften. Der dehnbare Stoff und der robuste gerippte hohe Bund bieten Unterst\u00fctzung und Bewegungsfreiheit w\u00e4hrend des Trainings. Zeigen Sie, wof\u00fcr Sie arbeiten! F\u00fcr ein perfektes Squat-Proof-Erlebnis empfehlen wir einen unsichtbaren Tanga.","robots":{"index":"index","follow":"follow","max-snippet":"max-snippet:-1","max-image-preview":"max-image-preview:large","max-video-preview":"max-video-preview:-1"},"canonical":"https:\/\/fittwear.nl\/de\/produkt-2\/konturnahtlos-legging-2-0-schwarz\/","og_locale":"de_DE","og_type":"article","og_title":"Contour Seamless Legging 2.0 Zwart - FITTwear.nl","og_description":"Maatvoering: Wij raden aan om een maat groter te bestellen. Deze seamless high waist legging met stevige hoge tailleband heeft een contour verbeterend vermogen. De stretchy stof en de stevige geribde high waist band bieden ondersteuning en bewegingsvrijheid tijdens jouw training. Show what you work for! Voor een perfecte squat proof ervaring raden wij een invisible string aan.","og_url":"https:\/\/fittwear.nl\/de\/produkt-2\/konturnahtlos-legging-2-0-schwarz\/","og_site_name":"FITTwear.nl","article_modified_time":"2026-04-26T11:53:50+00:00","og_image":[{"width":1200,"height":1800,"url":"https:\/\/fittwear.nl\/wp-content\/uploads\/2023\/02\/contour-zwart_Voorkant-onder_jpg_1.jpg","type":"image\/jpeg"}],"twitter_card":"summary_large_image","twitter_misc":{"Gesch\u00e4tzte Lesezeit":"1\u00a0Minute"},"schema":{"@context":"https:\/\/schema.org","@graph":[{"@type":"WebPage","@id":"https:\/\/fittwear.nl\/product\/contour-seamless-legging-2-0-zwart\/","url":"https:\/\/fittwear.nl\/product\/contour-seamless-legging-2-0-zwart\/","name":"Contour Seamless Legging 2.0 Schwarz - FITTwear.de","isPartOf":{"@id":"https:\/\/fittwear.nl\/#website"},"primaryImageOfPage":{"@id":"https:\/\/fittwear.nl\/product\/contour-seamless-legging-2-0-zwart\/#primaryimage"},"image":{"@id":"https:\/\/fittwear.nl\/product\/contour-seamless-legging-2-0-zwart\/#primaryimage"},"thumbnailUrl":"https:\/\/fittwear.nl\/wp-content\/uploads\/2023\/02\/contour-zwart_Voorkant-onder_jpg_1.jpg","datePublished":"2023-02-27T11:51:01+00:00","dateModified":"2026-04-26T11:53:50+00:00","description":"Gr\u00f6\u00dfe: Wir empfehlen, eine Nummer gr\u00f6\u00dfer zu bestellen. Diese nahtlose Leggings mit festem, hohem Bund hat konturverbessernde Eigenschaften. Der dehnbare Stoff und der robuste gerippte hohe Bund bieten Unterst\u00fctzung und Bewegungsfreiheit w\u00e4hrend des Trainings. Zeigen Sie, wof\u00fcr Sie arbeiten! F\u00fcr ein perfektes Squat-Proof-Erlebnis empfehlen wir einen unsichtbaren Tanga.","breadcrumb":{"@id":"https:\/\/fittwear.nl\/product\/contour-seamless-legging-2-0-zwart\/#breadcrumb"},"inLanguage":"de","potentialAction":[{"@type":"ReadAction","target":["https:\/\/fittwear.nl\/product\/contour-seamless-legging-2-0-zwart\/"]}]},{"@type":"ImageObject","inLanguage":"de","@id":"https:\/\/fittwear.nl\/product\/contour-seamless-legging-2-0-zwart\/#primaryimage","url":"https:\/\/fittwear.nl\/wp-content\/uploads\/2023\/02\/contour-zwart_Voorkant-onder_jpg_1.jpg","contentUrl":"https:\/\/fittwear.nl\/wp-content\/uploads\/2023\/02\/contour-zwart_Voorkant-onder_jpg_1.jpg","width":1200,"height":1800},{"@type":"BreadcrumbList","@id":"https:\/\/fittwear.nl\/product\/contour-seamless-legging-2-0-zwart\/#breadcrumb","itemListElement":[{"@type":"ListItem","position":1,"name":"Home","item":"https:\/\/fittwear.nl\/"},{"@type":"ListItem","position":2,"name":"Shop","item":"https:\/\/fittwear.nl\/shop\/"},{"@type":"ListItem","position":3,"name":"Contour Seamless Legging 2.0 Zwart"}]},{"@type":"WebSite","@id":"https:\/\/fittwear.nl\/#website","url":"https:\/\/fittwear.nl\/","name":"FITTwear.co.uk","description":"Zeit zu gl\u00e4nzen!","publisher":{"@id":"https:\/\/fittwear.nl\/#organization"},"potentialAction":[{"@type":"SearchAction","target":{"@type":"EntryPoint","urlTemplate":"https:\/\/fittwear.nl\/?s={search_term_string}"},"query-input":{"@type":"PropertyValueSpecification","valueRequired":true,"valueName":"search_term_string"}}],"inLanguage":"de"},{"@type":"Organization","@id":"https:\/\/fittwear.nl\/#organization","name":"FITTwear.co.uk","url":"https:\/\/fittwear.nl\/","logo":{"@type":"ImageObject","inLanguage":"de","@id":"https:\/\/fittwear.nl\/#\/schema\/logo\/image\/","url":"https:\/\/fittwear.nl\/wp-content\/uploads\/2024\/07\/FITT-Logo-BeYOUtiful-website-homepage_Tekengebied-1-scaled.jpg","contentUrl":"https:\/\/fittwear.nl\/wp-content\/uploads\/2024\/07\/FITT-Logo-BeYOUtiful-website-homepage_Tekengebied-1-scaled.jpg","width":2560,"height":599,"caption":"FITTwear.nl"},"image":{"@id":"https:\/\/fittwear.nl\/#\/schema\/logo\/image\/"}}]}},"_links":{"self":[{"href":"https:\/\/fittwear.nl\/de\/wp-json\/wp\/v2\/product\/55675","targetHints":{"allow":["GET"]}}],"collection":[{"href":"https:\/\/fittwear.nl\/de\/wp-json\/wp\/v2\/product"}],"about":[{"href":"https:\/\/fittwear.nl\/de\/wp-json\/wp\/v2\/types\/product"}],"wp:featuredmedia":[{"embeddable":true,"href":"https:\/\/fittwear.nl\/de\/wp-json\/wp\/v2\/media\/55687"}],"wp:attachment":[{"href":"https:\/\/fittwear.nl\/de\/wp-json\/wp\/v2\/media?parent=55675"}],"wp:term":[{"taxonomy":"product_brand","embeddable":true,"href":"https:\/\/fittwear.nl\/de\/wp-json\/wp\/v2\/product_brand?post=55675"},{"taxonomy":"product_cat","embeddable":true,"href":"https:\/\/fittwear.nl\/de\/wp-json\/wp\/v2\/product_cat?post=55675"},{"taxonomy":"product_tag","embeddable":true,"href":"https:\/\/fittwear.nl\/de\/wp-json\/wp\/v2\/product_tag?post=55675"}],"curies":[{"name":"wp","href":"https:\/\/api.w.org\/{rel}","templated":true}]}}